{"id":264638,"date":"2023-10-12T14:16:02","date_gmt":"2023-10-12T19:16:02","guid":{"rendered":"https:\/\/www.medellin.gov.co\/es\/?page_id=264638"},"modified":"2023-11-08T12:27:23","modified_gmt":"2023-11-08T17:27:23","slug":"biblioteca-rural-de-medellin","status":"publish","type":"page","link":"https:\/\/www.medellin.gov.co\/es\/corregimientos\/comer-conexion-medellin-rural\/biblioteca-rural-de-medellin\/","title":{"rendered":"Biblioteca rural de Medell\u00edn"},"content":{"rendered":"\t\t<div data-elementor-type=\"wp-page\" data-elementor-id=\"264638\" class=\"elementor elementor-264638\">\n\t\t\t\t\t\t<div class=\"elementor-inner\">\n\t\t\t\t<div class=\"elementor-section-wrap\">\n\t\t\t\t\t\t\t<div class=\"elementor-element elementor-element-5236c66 e-container--column e-container\" data-id=\"5236c66\" data-element_type=\"container\">\t\t<div class=\"elementor-element elementor-element-1cb612e e-container--column e-container\" data-id=\"1cb612e\" data-element_type=\"container\">\t\t\t\t<div class=\"elementor-element elementor-element-10a5660 elementor-widget elementor-widget-heading\" data-id=\"10a5660\" data-element_type=\"widget\" data-widget_type=\"heading.default\">\n\t\t\t\t<div class=\"elementor-widget-container\">\n\t\t\t<h1 class=\"elementor-heading-title elementor-size-default\">Biblioteca Rural<\/h1>\t\t<\/div>\n\t\t\t\t<\/div>\n\t\t<div class=\"elementor-element elementor-element-d5514e5 e-container--row e-container\" data-id=\"d5514e5\" data-element_type=\"container\">\t\t<div class=\"elementor-element elementor-element-bb882a9 e-container--column e-container\" data-id=\"bb882a9\" data-element_type=\"container\" data-settings=\"{&quot;background_background&quot;:&quot;classic&quot;}\">\t\t\t\t<div class=\"elementor-element elementor-element-826cbbd elementor-widget elementor-widget-text-editor\" data-id=\"826cbbd\" data-element_type=\"widget\" data-widget_type=\"text-editor.default\">\n\t\t\t\t<div class=\"elementor-widget-container\">\n\t\t\t\t\t\t\t\t<div class=\"elementor-text-editor elementor-clearfix\">\n\t\t\t\t<p><b><span data-contrast=\"none\">\u00a1Bienvenido! <\/span><\/b><span data-contrast=\"none\">Conoce el apasionante mundo de la ruralidad de Medell\u00edn desde la comodidad de tu hogar. Nuestra Biblioteca Virtual te invita a explorar y conectar con las tradiciones, la cultura y los conocimientos propios de nuestras comunidades campesinas.<\/span><span data-ccp-props=\"{\">\u00a0<\/span><\/p><p><span data-contrast=\"none\">Navega por nuestra biblioteca virtual y descubre libros digitales, documentos hist\u00f3ricos, art\u00edculos acad\u00e9micos y mucho m\u00e1s. Todos estos recursos han sido recopilados con el objetivo de preservar y difundir el patrimonio rural de Medell\u00edn.\u00a0<\/span><span data-ccp-props=\"{\">\u00a0<\/span><\/p><p><span data-contrast=\"none\">Aqu\u00ed encontrar\u00e1s una extensa colecci\u00f3n de recursos digitales cuidadosamente seleccionados, que abarcan una amplia gama de temas rurales. Desde t\u00e9cnicas agr\u00edcolas tradicionales hasta la riqueza de la flora y fauna local, nuestros materiales te brindar\u00e1n una experiencia enriquecedora de aprendizaje.<\/span><span data-ccp-props=\"{\">\u00a0<\/span><\/p><p><span data-contrast=\"none\">Adem\u00e1s, te invitamos a participar en nuestros eventos virtuales, donde podr\u00e1s interactuar con expertos y disfrutar de charlas y talleres en l\u00ednea. Desde demostraciones de artesan\u00eda hasta presentaciones musicales tradicionales, nuestra biblioteca virtual te ofrece una ventana a las tradiciones vivas y vibrantes de nuestra comunidad rural.<\/span><span data-ccp-props=\"{\">\u00a0<\/span><\/p>\t\t\t\t\t<\/div>\n\t\t\t\t\t\t<\/div>\n\t\t\t\t<\/div>\n\t\t<\/div><div class=\"elementor-element elementor-element-172068c e-container--column e-container\" data-id=\"172068c\" data-element_type=\"container\" data-settings=\"{&quot;background_background&quot;:&quot;classic&quot;}\">\t\t\t\t<div class=\"elementor-element elementor-element-b5a5fec elementor-widget elementor-widget-text-editor\" data-id=\"b5a5fec\" data-element_type=\"widget\" data-widget_type=\"text-editor.default\">\n\t\t\t\t<div class=\"elementor-widget-container\">\n\t\t\t\t\t\t\t\t<div class=\"elementor-text-editor elementor-clearfix\">\n\t\t\t\t<p><b>Biblioteca Virtual de la Ruralidad de Medell\u00edn <\/b><br \/>Explorando nuestras ra\u00edces campesinas en l\u00ednea<\/p>\t\t\t\t\t<\/div>\n\t\t\t\t\t\t<\/div>\n\t\t\t\t<\/div>\n\t\t<\/div><\/div><\/div><\/div><div class=\"elementor-element elementor-element-076c7f3 e-container--column e-container\" data-id=\"076c7f3\" data-element_type=\"container\" data-settings=\"{&quot;background_background&quot;:&quot;classic&quot;}\">\t\t<div class=\"elementor-element elementor-element-15c4dbe e-container--row e-container\" data-id=\"15c4dbe\" data-element_type=\"container\">\t\t<div class=\"elementor-element elementor-element-b359b28 e-container--column e-container\" data-id=\"b359b28\" data-element_type=\"container\">\t\t\t\t<div class=\"elementor-element elementor-element-64ff0d7 elementor-widget elementor-widget-text-editor\" data-id=\"64ff0d7\" data-element_type=\"widget\" data-widget_type=\"text-editor.default\">\n\t\t\t\t<div class=\"elementor-widget-container\">\n\t\t\t\t\t\t\t\t<div class=\"elementor-text-editor elementor-clearfix\">\n\t\t\t\t<p>Te invitamos a explorar nuestra Biblioteca Virtual y descubrir un mundo de conocimiento, cultura y conexi\u00f3n con nuestras ra\u00edces campesinas.<\/p>\t\t\t\t\t<\/div>\n\t\t\t\t\t\t<\/div>\n\t\t\t\t<\/div>\n\t\t\t\t<div class=\"elementor-element elementor-element-e45fd4f elementor-widget elementor-widget-text-editor\" data-id=\"e45fd4f\" data-element_type=\"widget\" data-widget_type=\"text-editor.default\">\n\t\t\t\t<div class=\"elementor-widget-container\">\n\t\t\t\t\t\t\t\t<div class=\"elementor-text-editor elementor-clearfix\">\n\t\t\t\t<p>\u00a1Bienvenido a esta experiencia virtual que te acerca a la esencia de nuestra tierra rural!<\/p>\t\t\t\t\t<\/div>\n\t\t\t\t\t\t<\/div>\n\t\t\t\t<\/div>\n\t\t<\/div><div class=\"elementor-element elementor-element-3fa9e40 e-container--column e-container\" data-id=\"3fa9e40\" data-element_type=\"container\">\t\t\t\t<div class=\"elementor-element elementor-element-412b71d elementor-view-default elementor-widget elementor-widget-icon\" data-id=\"412b71d\" data-element_type=\"widget\" data-widget_type=\"icon.default\">\n\t\t\t\t<div class=\"elementor-widget-container\">\n\t\t\t\t\t<div class=\"elementor-icon-wrapper\">\n\t\t\t<div class=\"elementor-icon\">\n\t\t\t<svg xmlns=\"http:\/\/www.w3.org\/2000\/svg\" height=\"512pt\" viewBox=\"0 0 512 512\" width=\"512pt\"><path d=\"m448 471.902344c-35.347656 0-64-28.652344-64-64 0-35.34375 28.652344-64 64-64s64 28.65625 64 64c-.039062 35.332031-28.671875 63.960937-64 64zm0-112c-26.507812 0-48 21.492187-48 48 0 26.511718 21.492188 48 48 48s48-21.488282 48-48c-.03125-26.496094-21.503906-47.96875-48-48zm0 0\"><\/path><path d=\"m512 407.902344h-16v-304c0-26.507813-21.492188-48-48-48s-48 21.492187-48 48v304h-16v-304c0-35.34375 28.652344-64 64-64s64 28.65625 64 64zm0 0\"><\/path><path d=\"m448 439.902344c-17.671875 0-32-14.324219-32-32 0-17.671875 14.328125-32 32-32s32 14.328125 32 32c0 17.675781-14.328125 32-32 32zm0-48c-8.835938 0-16 7.164062-16 16 0 8.839844 7.164062 16 16 16s16-7.160156 16-16c0-8.835938-7.164062-16-16-16zm0 0\"><\/path><path d=\"m40 471.902344h-32c-4.417969 0-8-3.578125-8-8v-352c0-4.417969 3.582031-8 8-8h208v16h-200v336h24zm0 0\"><\/path><path d=\"m256 423.902344h144v16h-144zm0 0\"><\/path><path d=\"m48 191.902344h-16v-48c0-4.417969 3.582031-8 8-8h144v16h-136zm0 0\"><\/path><path d=\"m328 511.902344h-288c-4.417969 0-8-3.578125-8-8v-288c0-3.234375 1.949219-6.148438 4.9375-7.386719s6.429688-.554687 8.71875 1.734375l288 288c2.285156 2.285156 2.972656 5.726562 1.734375 8.714844-1.238281 2.988281-4.15625 4.9375-7.390625 4.9375zm-280-16h260.6875l-260.6875-260.6875zm0 0\"><\/path><path d=\"m288 455.902344h160v16h-160zm0 0\"><\/path><path d=\"m232 471.902344h-152c-4.417969 0-8-3.578125-8-8v-152c0-3.234375 1.949219-6.148438 4.9375-7.386719s6.429688-.554687 8.71875 1.734375l152 152c2.285156 2.285156 2.972656 5.726562 1.734375 8.714844-1.238281 2.988281-4.15625 4.9375-7.390625 4.9375zm-144-16h124.6875l-124.6875-124.6875zm0 0\"><\/path><path d=\"m80 423.902344h120v16h-120zm0 0\"><\/path><path d=\"m173.894531 232.503906c-3.457031 0-6.523437-2.226562-7.597656-5.511718l-5.167969-15.769532-8.800781-9-15.417969-5.238281c-2.601562-.882813-4.570312-3.042969-5.210937-5.71875-.636719-2.675781.144531-5.492187 2.070312-7.457031l178.078125-181.503906c3.1875-3.074219 8.234375-3.074219 11.425782 0l34.398437 35.09375c3.050781 3.113281 3.050781 8.089843 0 11.203124l-178.0625 181.503907c-1.503906 1.535156-3.5625 2.398437-5.714844 2.398437zm-19.816406-46.574218 5.167969 1.757812c1.191406.402344 2.265625 1.082031 3.144531 1.976562l11.480469 11.695313c.859375.878906 1.507812 1.945313 1.890625 3.113281l1.644531 5.03125 163.394531-166.503906-23.199219-23.671875zm0 0\"><\/path><path d=\"m116.496094 255.902344c-2.644532 0-5.117188-1.304688-6.609375-3.492188-1.488281-2.183594-1.804688-4.964844-.839844-7.425781l22.960937-58.496094 14.886719 5.839844-16.140625 41.121094 40.109375-16.34375 6.058594 14.796875-57.402344 23.410156c-.960937.390625-1.988281.589844-3.023437.589844zm0 0\"><\/path><path d=\"m277.417969 48.605469 11.421875-11.207031 34.433594 35.09375-11.421876 11.207031zm0 0\"><\/path><path d=\"m260.199219 66.152344 11.421875-11.207032 34.433594 35.097657-11.417969 11.203125zm0 0\"><\/path><path d=\"m256 335.902344h-16v-24c-.007812-4.25 3.3125-7.765625 7.558594-8l29.320312-1.597656c2.449219-8.339844 5.800782-16.386719 9.992188-24l-19.632813-21.90625c-2.835937-3.164063-2.703125-7.996094.304688-11l33.914062-33.917969c3-3.003907 7.828125-3.136719 10.992188-.304688l21.949219 19.609375c7.613281-4.199218 15.660156-7.554687 24-10l1.601562-29.320312c.234375-4.246094 3.746094-7.566406 8-7.5625h24v16h-16.425781l-1.511719 27.5625c-.191406 3.535156-2.6875 6.523437-6.132812 7.34375-10.742188 2.5625-21.003907 6.828125-30.402344 12.632812-3.015625 1.851563-6.890625 1.5-9.527344-.863281l-20.601562-18.464844-23.199219 23.199219 18.480469 20.589844c2.359374 2.640625 2.703124 6.515625.847656 9.53125-5.800782 9.394531-10.066406 19.65625-12.632813 30.398437-.820312 3.441407-3.808593 5.933594-7.34375 6.128907l-27.550781 1.511718zm0 0\"><\/path><path d=\"m328 335.902344h-16c.054688-44.160156 35.839844-79.945313 80-80v16c-35.328125.042968-63.960938 28.671875-64 64zm0 0\"><\/path><path d=\"m160 327.902344h232v16h-232zm0 0\"><\/path><path d=\"m352 359.902344h16v16h-16zm0 0\"><\/path><path d=\"m320 359.902344h16v16h-16zm0 0\"><\/path><path d=\"m288 359.902344h16v16h-16zm0 0\"><\/path><path d=\"m264 391.902344h104v16h-104zm0 0\"><\/path><path d=\"m208 335.902344h-16v-24c0-4.417969-3.582031-8-8-8h-8c-13.253906 0-24-10.742188-24-24 0-13.253906 10.746094-24 24-24h40c4.417969 0 8-3.578125 8-8v-16h16v16c0 13.257812-10.746094 24-24 24h-40c-4.417969 0-8 3.582031-8 8 0 4.421875 3.582031 8 8 8h8c13.253906 0 24 10.746094 24 24zm0 0\"><\/path><path d=\"m224 199.902344h16v16h-16zm0 0\"><\/path><path d=\"m288 103.902344h104v16h-104zm0 0\"><\/path><path d=\"m256 135.902344h136v16h-136zm0 0\"><\/path><\/svg>\t\t\t<\/div>\n\t\t<\/div>\n\t\t\t\t<\/div>\n\t\t\t\t<\/div>\n\t\t<\/div><\/div><\/div><div class=\"elementor-element elementor-element-8aefdf7 e-container--column e-container\" data-id=\"8aefdf7\" data-element_type=\"container\">\t\t\t\t<div class=\"elementor-element elementor-element-b9422a2 elementor-search-form-skin-default elementor-widget elementor-widget-bdt-search\" data-id=\"b9422a2\" data-element_type=\"widget\" data-widget_type=\"bdt-search.default\">\n\t\t\t\t<div class=\"elementor-widget-container\">\n\t\t\t\t\t<div class=\"bdt-search-container\">\n\t\t\t\n\t\t\t\n\t\t\t<form class=\"bdt-search bdt-search-default\" role=\"search\" method=\"get\" action=\"https:\/\/www.medellin.gov.co\/es\/\">\n\t\t\t\t<div class=\"bdt-position-relative\">\n\t\t\t\t\t<span class=\"\" data-bdt-search-icon><\/span>\t\t\t\t\t\t\t\t\t\t\t<input name=\"post_type\" id=\"post_type\" type=\"hidden\" value=\"documentos-fao\">\n\t\t\t\t\t\t\t\t\t\t<input placeholder=\"Busca aqu\u00ed\" class=\"bdt-search-input\" type=\"search\" name=\"s\" title=\"Search\" value=\"\">\n\t\t\t\t\t\t\t\t\t<\/div>\n\n\n\t\t\t\t\t\t\t<\/form>\n\n\t\t\t\t<\/div>\n\t\t\t\t<\/div>\n\t\t\t\t<\/div>\n\t\t<\/div><div class=\"elementor-element elementor-element-7f28704 e-container--column e-container\" data-id=\"7f28704\" data-element_type=\"container\">\t\t\t\t<div class=\"elementor-element elementor-element-891d81e bdt-has-divider--yes elementor-widget elementor-widget-bdt-post-list\" data-id=\"891d81e\" data-element_type=\"widget\" data-widget_type=\"bdt-post-list.default\">\n\t\t\t\t<div class=\"elementor-widget-container\">\n\t\t\t\t\t\t<div id=\"bdt-post-list-891d81e\" class=\"bdt-post-list bdt-post-list-skin-base\">\n\t\t\t\t<div data-bdt-scrollspy=\"cls: bdt-animation-fade; target: > ul > .bdt-post-list-item; delay: 350;\">\n\t\t\t\t\t<ul class=\"bdt-list bdt-list-large bdt-post-list-item list-part bdt-list-divider\">\n\t\t\t\t\t\t\t\t\t\t\t\t\t<li >\n\t\t\t\t\t\t\t\t<div class=\"bdt-post-list-item-inner\">\n\t\t\t\t\t\t\t\t\t<div class=\"bdt-grid bdt-grid-small bdt-flex-middle\" data-bdt-grid>\n\n\t\t\t\t\t\t\t\t\t\t\n\t\t\t\t\t\t\t\t\t\t<div class=\"bdt-post-list-desc bdt-width-expand\">\n\t\t\t\t\t\t\t\t\t\t\t\t\t\t\t\t\t\t\t\t\t\t\t<h3 class=\"bdt-post-list-title\">\n\t\t\t\t\t\t\t\t\t\t\t\t\t<a href=\"https:\/\/www.medellin.gov.co\/es\/documentos-fao\/analisis-informacion-cuantitativa_compilado-estadistico-2\/\" class=\"bdt-post-list-link\" title=\"Ana\u0301lisis Informacio\u0301n cuantitativa_Compilado estadi\u0301stico\">Ana\u0301lisis Informacio\u0301n cuantitativa_Compilado estadi\u0301stico<\/a>\n\t\t\t\t\t\t\t\t\t\t\t\t<\/h3>\n\t\t\t\t\t\t\t\t\t\t\t\n\t\t\t\t\t\t\t\t\t\t\t\t\t\t\t\t\t\t\t\t\t<\/div>\n\t\t\t\t\t\t\t\t\t<\/div>\n\t\t\t\t\t\t\t\t<\/div>\n\t\t\t\t\t\t\t<\/li>\n\t\t\t\t\t\t\t\t\t\t\t\t\t<li >\n\t\t\t\t\t\t\t\t<div class=\"bdt-post-list-item-inner\">\n\t\t\t\t\t\t\t\t\t<div class=\"bdt-grid bdt-grid-small bdt-flex-middle\" data-bdt-grid>\n\n\t\t\t\t\t\t\t\t\t\t\n\t\t\t\t\t\t\t\t\t\t<div class=\"bdt-post-list-desc bdt-width-expand\">\n\t\t\t\t\t\t\t\t\t\t\t\t\t\t\t\t\t\t\t\t\t\t\t<h3 class=\"bdt-post-list-title\">\n\t\t\t\t\t\t\t\t\t\t\t\t\t<a href=\"https:\/\/www.medellin.gov.co\/es\/documentos-fao\/modelacion-la-informacion-estadistica_-altavista-2\/\" class=\"bdt-post-list-link\" title=\"Modelacio\u0301n la informacio\u0301n estadi\u0301stica_ Altavista\">Modelacio\u0301n la informacio\u0301n estadi\u0301stica_ Altavista<\/a>\n\t\t\t\t\t\t\t\t\t\t\t\t<\/h3>\n\t\t\t\t\t\t\t\t\t\t\t\n\t\t\t\t\t\t\t\t\t\t\t\t\t\t\t\t\t\t\t\t\t<\/div>\n\t\t\t\t\t\t\t\t\t<\/div>\n\t\t\t\t\t\t\t\t<\/div>\n\t\t\t\t\t\t\t<\/li>\n\t\t\t\t\t\t\t\t\t\t\t\t\t<li >\n\t\t\t\t\t\t\t\t<div class=\"bdt-post-list-item-inner\">\n\t\t\t\t\t\t\t\t\t<div class=\"bdt-grid bdt-grid-small bdt-flex-middle\" data-bdt-grid>\n\n\t\t\t\t\t\t\t\t\t\t\n\t\t\t\t\t\t\t\t\t\t<div class=\"bdt-post-list-desc bdt-width-expand\">\n\t\t\t\t\t\t\t\t\t\t\t\t\t\t\t\t\t\t\t\t\t\t\t<h3 class=\"bdt-post-list-title\">\n\t\t\t\t\t\t\t\t\t\t\t\t\t<a href=\"https:\/\/www.medellin.gov.co\/es\/documentos-fao\/modelacion-la-informacion-estadistica_-san-antonio-de-prado-2\/\" class=\"bdt-post-list-link\" title=\"Modelacio\u0301n la informacio\u0301n estadi\u0301stica_ San Antonio de Prado\">Modelacio\u0301n la informacio\u0301n estadi\u0301stica_ San Antonio de Prado<\/a>\n\t\t\t\t\t\t\t\t\t\t\t\t<\/h3>\n\t\t\t\t\t\t\t\t\t\t\t\n\t\t\t\t\t\t\t\t\t\t\t\t\t\t\t\t\t\t\t\t\t<\/div>\n\t\t\t\t\t\t\t\t\t<\/div>\n\t\t\t\t\t\t\t\t<\/div>\n\t\t\t\t\t\t\t<\/li>\n\t\t\t\t\t\t\t\t\t\t\t\t\t<li >\n\t\t\t\t\t\t\t\t<div class=\"bdt-post-list-item-inner\">\n\t\t\t\t\t\t\t\t\t<div class=\"bdt-grid bdt-grid-small bdt-flex-middle\" data-bdt-grid>\n\n\t\t\t\t\t\t\t\t\t\t\n\t\t\t\t\t\t\t\t\t\t<div class=\"bdt-post-list-desc bdt-width-expand\">\n\t\t\t\t\t\t\t\t\t\t\t\t\t\t\t\t\t\t\t\t\t\t\t<h3 class=\"bdt-post-list-title\">\n\t\t\t\t\t\t\t\t\t\t\t\t\t<a href=\"https:\/\/www.medellin.gov.co\/es\/documentos-fao\/modelacion-la-informacion-estadistica_-san-cristobal-2\/\" class=\"bdt-post-list-link\" title=\"Modelacio\u0301n la informacio\u0301n estadi\u0301stica_ San Cristo\u0301bal\">Modelacio\u0301n la informacio\u0301n estadi\u0301stica_ San Cristo\u0301bal<\/a>\n\t\t\t\t\t\t\t\t\t\t\t\t<\/h3>\n\t\t\t\t\t\t\t\t\t\t\t\n\t\t\t\t\t\t\t\t\t\t\t\t\t\t\t\t\t\t\t\t\t<\/div>\n\t\t\t\t\t\t\t\t\t<\/div>\n\t\t\t\t\t\t\t\t<\/div>\n\t\t\t\t\t\t\t<\/li>\n\t\t\t\t\t\t\t\t\t\t\t\t\t<li >\n\t\t\t\t\t\t\t\t<div class=\"bdt-post-list-item-inner\">\n\t\t\t\t\t\t\t\t\t<div class=\"bdt-grid bdt-grid-small bdt-flex-middle\" data-bdt-grid>\n\n\t\t\t\t\t\t\t\t\t\t\n\t\t\t\t\t\t\t\t\t\t<div class=\"bdt-post-list-desc bdt-width-expand\">\n\t\t\t\t\t\t\t\t\t\t\t\t\t\t\t\t\t\t\t\t\t\t\t<h3 class=\"bdt-post-list-title\">\n\t\t\t\t\t\t\t\t\t\t\t\t\t<a href=\"https:\/\/www.medellin.gov.co\/es\/documentos-fao\/modelacion-la-informacion-estadistica_-san-sebastian-de-palmitas-2\/\" class=\"bdt-post-list-link\" title=\"Modelacio\u0301n la informacio\u0301n estadi\u0301stica_ San Sebastia\u0301n de Palmitas\">Modelacio\u0301n la informacio\u0301n estadi\u0301stica_ San Sebastia\u0301n de Palmitas<\/a>\n\t\t\t\t\t\t\t\t\t\t\t\t<\/h3>\n\t\t\t\t\t\t\t\t\t\t\t\n\t\t\t\t\t\t\t\t\t\t\t\t\t\t\t\t\t\t\t\t\t<\/div>\n\t\t\t\t\t\t\t\t\t<\/div>\n\t\t\t\t\t\t\t\t<\/div>\n\t\t\t\t\t\t\t<\/li>\n\t\t\t\t\t\t\t\t\t\t\t\t\t<li >\n\t\t\t\t\t\t\t\t<div class=\"bdt-post-list-item-inner\">\n\t\t\t\t\t\t\t\t\t<div class=\"bdt-grid bdt-grid-small bdt-flex-middle\" data-bdt-grid>\n\n\t\t\t\t\t\t\t\t\t\t\n\t\t\t\t\t\t\t\t\t\t<div class=\"bdt-post-list-desc bdt-width-expand\">\n\t\t\t\t\t\t\t\t\t\t\t\t\t\t\t\t\t\t\t\t\t\t\t<h3 class=\"bdt-post-list-title\">\n\t\t\t\t\t\t\t\t\t\t\t\t\t<a href=\"https:\/\/www.medellin.gov.co\/es\/documentos-fao\/modelacion-la-informacion-estadistica_-santa-elena-2\/\" class=\"bdt-post-list-link\" title=\"Modelacio\u0301n la informacio\u0301n estadi\u0301stica_ Santa Elena\">Modelacio\u0301n la informacio\u0301n estadi\u0301stica_ Santa Elena<\/a>\n\t\t\t\t\t\t\t\t\t\t\t\t<\/h3>\n\t\t\t\t\t\t\t\t\t\t\t\n\t\t\t\t\t\t\t\t\t\t\t\t\t\t\t\t\t\t\t\t\t<\/div>\n\t\t\t\t\t\t\t\t\t<\/div>\n\t\t\t\t\t\t\t\t<\/div>\n\t\t\t\t\t\t\t<\/li>\n\t\t\t\t\t\t\t\t\t\t\t\t\t<li >\n\t\t\t\t\t\t\t\t<div class=\"bdt-post-list-item-inner\">\n\t\t\t\t\t\t\t\t\t<div class=\"bdt-grid bdt-grid-small bdt-flex-middle\" data-bdt-grid>\n\n\t\t\t\t\t\t\t\t\t\t\n\t\t\t\t\t\t\t\t\t\t<div class=\"bdt-post-list-desc bdt-width-expand\">\n\t\t\t\t\t\t\t\t\t\t\t\t\t\t\t\t\t\t\t\t\t\t\t<h3 class=\"bdt-post-list-title\">\n\t\t\t\t\t\t\t\t\t\t\t\t\t<a href=\"https:\/\/www.medellin.gov.co\/es\/documentos-fao\/un-pueblo-en-el-camino-historia-cultural-de-palmitas\/\" class=\"bdt-post-list-link\" title=\"Un pueblo en el camino, historia cultural de Palmitas\">Un pueblo en el camino, historia cultural de Palmitas<\/a>\n\t\t\t\t\t\t\t\t\t\t\t\t<\/h3>\n\t\t\t\t\t\t\t\t\t\t\t\n\t\t\t\t\t\t\t\t\t\t\t\t\t\t\t\t\t\t\t\t\t<\/div>\n\t\t\t\t\t\t\t\t\t<\/div>\n\t\t\t\t\t\t\t\t<\/div>\n\t\t\t\t\t\t\t<\/li>\n\t\t\t\t\t\t\t\t\t\t\t\t\t<li >\n\t\t\t\t\t\t\t\t<div class=\"bdt-post-list-item-inner\">\n\t\t\t\t\t\t\t\t\t<div class=\"bdt-grid bdt-grid-small bdt-flex-middle\" data-bdt-grid>\n\n\t\t\t\t\t\t\t\t\t\t\n\t\t\t\t\t\t\t\t\t\t<div class=\"bdt-post-list-desc bdt-width-expand\">\n\t\t\t\t\t\t\t\t\t\t\t\t\t\t\t\t\t\t\t\t\t\t\t<h3 class=\"bdt-post-list-title\">\n\t\t\t\t\t\t\t\t\t\t\t\t\t<a href=\"https:\/\/www.medellin.gov.co\/es\/documentos-fao\/son%cc%83ar-mi-corregimiento\/\" class=\"bdt-post-list-link\" title=\"Son\u0303ar mi corregimiento\">Son\u0303ar mi corregimiento<\/a>\n\t\t\t\t\t\t\t\t\t\t\t\t<\/h3>\n\t\t\t\t\t\t\t\t\t\t\t\n\t\t\t\t\t\t\t\t\t\t\t\t\t\t\t\t\t\t\t\t\t<\/div>\n\t\t\t\t\t\t\t\t\t<\/div>\n\t\t\t\t\t\t\t\t<\/div>\n\t\t\t\t\t\t\t<\/li>\n\t\t\t\t\t\t\t\t\t\t\t\t\t<li >\n\t\t\t\t\t\t\t\t<div class=\"bdt-post-list-item-inner\">\n\t\t\t\t\t\t\t\t\t<div class=\"bdt-grid bdt-grid-small bdt-flex-middle\" data-bdt-grid>\n\n\t\t\t\t\t\t\t\t\t\t\n\t\t\t\t\t\t\t\t\t\t<div class=\"bdt-post-list-desc bdt-width-expand\">\n\t\t\t\t\t\t\t\t\t\t\t\t\t\t\t\t\t\t\t\t\t\t\t<h3 class=\"bdt-post-list-title\">\n\t\t\t\t\t\t\t\t\t\t\t\t\t<a href=\"https:\/\/www.medellin.gov.co\/es\/documentos-fao\/territorio-rural-del-municipio-de-medellin-que-significa-la-ruralidad-para-una-ciudad\/\" class=\"bdt-post-list-link\" title=\"Territorio rural del Municipio de Medelli\u0301n. Que\u0301 significa la ruralidad para una ciudad\">Territorio rural del Municipio de Medelli\u0301n. Que\u0301 significa la ruralidad para una ciudad<\/a>\n\t\t\t\t\t\t\t\t\t\t\t\t<\/h3>\n\t\t\t\t\t\t\t\t\t\t\t\n\t\t\t\t\t\t\t\t\t\t\t\t\t\t\t\t\t\t\t\t\t<\/div>\n\t\t\t\t\t\t\t\t\t<\/div>\n\t\t\t\t\t\t\t\t<\/div>\n\t\t\t\t\t\t\t<\/li>\n\t\t\t\t\t\t\t\t\t\t\t\t\t<li >\n\t\t\t\t\t\t\t\t<div class=\"bdt-post-list-item-inner\">\n\t\t\t\t\t\t\t\t\t<div class=\"bdt-grid bdt-grid-small bdt-flex-middle\" data-bdt-grid>\n\n\t\t\t\t\t\t\t\t\t\t\n\t\t\t\t\t\t\t\t\t\t<div class=\"bdt-post-list-desc bdt-width-expand\">\n\t\t\t\t\t\t\t\t\t\t\t\t\t\t\t\t\t\t\t\t\t\t\t<h3 class=\"bdt-post-list-title\">\n\t\t\t\t\t\t\t\t\t\t\t\t\t<a href=\"https:\/\/www.medellin.gov.co\/es\/documentos-fao\/viabilidad-de-la-comercializacion-de-flores-a-partir-de-la-agrupacion-de-minifundios-en-el-corregimiento-de-santa-elena-antioquia-colombia\/\" class=\"bdt-post-list-link\" title=\"Viabilidad de la comercializacio\u0301n de flores a partir de la agrupacio\u0301n de minifundios en el corregimiento de Santa Elena, Antioquia, Colombia\">Viabilidad de la comercializacio\u0301n de flores a partir de la agrupacio\u0301n de minifundios en el corregimiento de Santa Elena, Antioquia, Colombia<\/a>\n\t\t\t\t\t\t\t\t\t\t\t\t<\/h3>\n\t\t\t\t\t\t\t\t\t\t\t\n\t\t\t\t\t\t\t\t\t\t\t\t\t\t\t\t\t\t\t\t\t<\/div>\n\t\t\t\t\t\t\t\t\t<\/div>\n\t\t\t\t\t\t\t\t<\/div>\n\t\t\t\t\t\t\t<\/li>\n\t\t\t\t\t\t\t\t\t\t\t\t\t\t\t\t\t<\/ul>\n\t\t\t\t<\/div>\n\t\t\t<\/div>\n\n\t\t\t\t\t\t\t<div class=\"ep-pagination\">\n\t\t\t\t\t<ul class=\"bdt-pagination bdt-flex-center\">\n<li class=\"bdt-active\"><a href=\"https:\/\/www.medellin.gov.co\/es\/wp-json\/wp\/v2\/pages\/264638\">1<\/a><\/li>\n<li><a href=\"https:\/\/www.medellin.gov.co\/es\/wp-json\/wp\/v2\/pages\/264638\/page\/2\/\">2<\/a><\/li>\n<li><a href=\"https:\/\/www.medellin.gov.co\/es\/wp-json\/wp\/v2\/pages\/264638\/page\/3\/\">3<\/a><\/li>\n<li class=\"bdt-pagination-dot-dot\"><span>...<\/span><\/li>\n<li><a href=\"https:\/\/www.medellin.gov.co\/es\/wp-json\/wp\/v2\/pages\/264638\/page\/29\/\">29<\/a><\/li>\n<\/ul>\n\t\t\t\t<\/div>\n\t\t<\/div>\n\t\t\t\t<\/div>\n\t\t<\/div>\t\t\t\t\t\t\t<\/div>\n\t\t\t<\/div>\n\t\t\t\t\t<\/div>\n\t\t","protected":false},"excerpt":{"rendered":"<p>Biblioteca Rural \u00a1Bienvenido! Conoce el apasionante mundo de la ruralidad de Medell\u00edn desde la comodidad de tu hogar. Nuestra Biblioteca Virtual te invita a explorar y conectar con las tradiciones, la cultura y los conocimientos &#8230;<\/p>\n","protected":false},"author":31,"featured_media":245779,"parent":264089,"menu_order":0,"comment_status":"closed","ping_status":"closed","template":"sec-corregimientos\/elementor-fao.php","meta":[],"acf":[],"_links":{"self":[{"href":"https:\/\/www.medellin.gov.co\/es\/wp-json\/wp\/v2\/pages\/264638"}],"collection":[{"href":"https:\/\/www.medellin.gov.co\/es\/wp-json\/wp\/v2\/pages"}],"about":[{"href":"https:\/\/www.medellin.gov.co\/es\/wp-json\/wp\/v2\/types\/page"}],"author":[{"embeddable":true,"href":"https:\/\/www.medellin.gov.co\/es\/wp-json\/wp\/v2\/users\/31"}],"replies":[{"embeddable":true,"href":"https:\/\/www.medellin.gov.co\/es\/wp-json\/wp\/v2\/comments?post=264638"}],"version-history":[{"count":12,"href":"https:\/\/www.medellin.gov.co\/es\/wp-json\/wp\/v2\/pages\/264638\/revisions"}],"predecessor-version":[{"id":493328,"href":"https:\/\/www.medellin.gov.co\/es\/wp-json\/wp\/v2\/pages\/264638\/revisions\/493328"}],"up":[{"embeddable":true,"href":"https:\/\/www.medellin.gov.co\/es\/wp-json\/wp\/v2\/pages\/264089"}],"wp:featuredmedia":[{"embeddable":true,"href":"https:\/\/www.medellin.gov.co\/es\/wp-json\/wp\/v2\/media\/245779"}],"wp:attachment":[{"href":"https:\/\/www.medellin.gov.co\/es\/wp-json\/wp\/v2\/media?parent=264638"}],"curies":[{"name":"wp","href":"https:\/\/api.w.org\/{rel}","templated":true}]}}