{"id":266920,"date":"2023-10-17T12:10:50","date_gmt":"2023-10-17T17:10:50","guid":{"rendered":"https:\/\/www.medellin.gov.co\/es\/?page_id=266920"},"modified":"2024-05-14T15:25:29","modified_gmt":"2024-05-14T20:25:29","slug":"semana-de-la-comunicacion-2023","status":"publish","type":"page","link":"https:\/\/www.medellin.gov.co\/es\/secretaria-de-comunicaciones\/comunicacion-para-la-movilizacion\/semana-de-la-comunicacion-2023\/","title":{"rendered":"Semana de la comunicaci\u00f3n 2023"},"content":{"rendered":"\t\t<div data-elementor-type=\"wp-page\" data-elementor-id=\"266920\" class=\"elementor elementor-266920\">\n\t\t\t\t\t\t<div class=\"elementor-inner\">\n\t\t\t\t<div class=\"elementor-section-wrap\">\n\t\t\t\t\t\t\t<div class=\"elementor-element elementor-element-3e031e7 e-container--column e-container\" data-id=\"3e031e7\" data-element_type=\"container\">\t\t\t\t<div class=\"elementor-element elementor-element-5a15d62 elementor-widget elementor-widget-heading\" data-id=\"5a15d62\" data-element_type=\"widget\" data-widget_type=\"heading.default\">\n\t\t\t\t<div class=\"elementor-widget-container\">\n\t\t\t<h1 class=\"elementor-heading-title elementor-size-default\">Semana de la Comunicaci\u00f3n 2023, El Poder de la Verdad<\/h1>\t\t<\/div>\n\t\t\t\t<\/div>\n\t\t<\/div><div class=\"elementor-element elementor-element-e322899 e-container--row e-container\" data-id=\"e322899\" data-element_type=\"container\">\t\t<div class=\"elementor-element elementor-element-81f82fe e-container--column e-container\" data-id=\"81f82fe\" data-element_type=\"container\">\t\t\t\t<div class=\"elementor-element elementor-element-f8ae806 elementor-widget elementor-widget-text-editor\" data-id=\"f8ae806\" data-element_type=\"widget\" data-widget_type=\"text-editor.default\">\n\t\t\t\t<div class=\"elementor-widget-container\">\n\t\t\t\t\t\t\t\t<div class=\"elementor-text-editor elementor-clearfix\">\n\t\t\t\t<p>Por tercer a\u00f1o consecutivo Medell\u00edn realiza la Semana de la Comunicaci\u00f3n como una apuesta para mejorar y aumentar los di\u00e1logos desde los territorios; de crear puntos de encuentros que enlacen barrios y comunas. Y en ese objetivo de construir sociedad desde la comunicaci\u00f3n, la Alcald\u00eda Distrital tiene la convicci\u00f3n en los procesos y medios alternativos independientes, comunitarios y ciudadanos -MAICC- como motores de movilizaci\u00f3n y transformaci\u00f3n de sus territorios.<\/p><p>Esta versi\u00f3n de la Semana de la Comunicaci\u00f3n, tiene como eslogan<strong> El Poder de la Verdad,<\/strong> como una posibilidad de visibilizar y fortalecer los verdaderos tejedores de la informaci\u00f3n en las comunas y corregimientos de Medell\u00edn; aportando as\u00ed a la participaci\u00f3n y movilizaci\u00f3n ciudadana en beneficio de cada uno de los habitantes de nuestra ciudad.<\/p><p>La Semana de la Comunicaci\u00f3n integra en su programaci\u00f3n la decimocuarta edici\u00f3n del Premio de Periodismo Alcald\u00eda de Medell\u00edn y la decimotercera edici\u00f3n del Encuentro Acad\u00e9mico 2023.<\/p>\t\t\t\t\t<\/div>\n\t\t\t\t\t\t<\/div>\n\t\t\t\t<\/div>\n\t\t<\/div><div class=\"elementor-element elementor-element-7dec549 e-container--column e-container\" data-id=\"7dec549\" data-element_type=\"container\">\t\t\t\t<div class=\"elementor-element elementor-element-17a02ed elementor-widget elementor-widget-image\" data-id=\"17a02ed\" data-element_type=\"widget\" data-widget_type=\"image.default\">\n\t\t\t\t<div class=\"elementor-widget-container\">\n\t\t\t\t\t\t\t\t<div class=\"elementor-image\">\n\t\t\t\t\t\t\t\t\t\t\t\t<img width=\"1024\" height=\"746\" src=\"https:\/\/www.medellin.gov.co\/es\/wp-content\/uploads\/2023\/11\/semana-comunicacion-2023-1024x746.jpg\" class=\"attachment-large size-large\" alt=\"Semana de la Comunicaci\u00f3n 2023, El Poder de la Verdad.\" loading=\"lazy\" srcset=\"https:\/\/www.medellin.gov.co\/es\/wp-content\/uploads\/2023\/11\/semana-comunicacion-2023-1024x746.jpg 1024w, https:\/\/www.medellin.gov.co\/es\/wp-content\/uploads\/2023\/11\/semana-comunicacion-2023-300x219.jpg 300w, https:\/\/www.medellin.gov.co\/es\/wp-content\/uploads\/2023\/11\/semana-comunicacion-2023-150x109.jpg 150w, https:\/\/www.medellin.gov.co\/es\/wp-content\/uploads\/2023\/11\/semana-comunicacion-2023-768x559.jpg 768w, https:\/\/www.medellin.gov.co\/es\/wp-content\/uploads\/2023\/11\/semana-comunicacion-2023.jpg 1200w\" sizes=\"(max-width: 1024px) 100vw, 1024px\" \/>\t\t\t\t\t\t\t\t\t\t\t\t\t\t<\/div>\n\t\t\t\t\t\t<\/div>\n\t\t\t\t<\/div>\n\t\t<\/div><\/div><div class=\"elementor-element elementor-element-7450058 e-container--column e-container\" data-id=\"7450058\" data-element_type=\"container\">\t\t\t\t<div class=\"elementor-element elementor-element-71f2202 elementor-widget elementor-widget-heading\" data-id=\"71f2202\" data-element_type=\"widget\" data-widget_type=\"heading.default\">\n\t\t\t\t<div class=\"elementor-widget-container\">\n\t\t\t<h2 class=\"elementor-heading-title elementor-size-default\"><b>Objetivo<\/b><\/h2>\t\t<\/div>\n\t\t\t\t<\/div>\n\t\t\t\t<div class=\"elementor-element elementor-element-f5cf296 elementor-widget elementor-widget-text-editor\" data-id=\"f5cf296\" data-element_type=\"widget\" data-widget_type=\"text-editor.default\">\n\t\t\t\t<div class=\"elementor-widget-container\">\n\t\t\t\t\t\t\t\t<div class=\"elementor-text-editor elementor-clearfix\">\n\t\t\t\t<p>Generar un espacio formativo y reflexivo sobre la pr\u00e1ctica comunicacional y period\u00edstica en la ciudad en la era digital a trav\u00e9s de charlas de expertos, conversatorios, talleres y experiencias, con el objetivo de fortalecer y visibilizar el quehacer de los procesos y MAICC de Medell\u00edn.<\/p>\t\t\t\t\t<\/div>\n\t\t\t\t\t\t<\/div>\n\t\t\t\t<\/div>\n\t\t\t\t<div class=\"elementor-element elementor-element-f1e09ca elementor-tablet-align-left elementor-mobile-align-center elementor-widget elementor-widget-button\" data-id=\"f1e09ca\" data-element_type=\"widget\" data-widget_type=\"button.default\">\n\t\t\t\t<div class=\"elementor-widget-container\">\n\t\t\t\t\t<div class=\"elementor-button-wrapper\">\n\t\t\t<a href=\"https:\/\/forms.office.com\/r\/UZNbZ7spMQ?origin=lprLink%20\" target=\"_blank\" class=\"elementor-button-link elementor-button elementor-size-sm\" role=\"button\">\n\t\t\t\t\t\t<span class=\"elementor-button-content-wrapper\">\n\t\t\t\t\t\t<span class=\"elementor-button-text\">Inscr\u00edbete aqu\u00ed <\/span>\n\t\t<\/span>\n\t\t\t\t\t<\/a>\n\t\t<\/div>\n\t\t\t\t<\/div>\n\t\t\t\t<\/div>\n\t\t\t\t<div class=\"elementor-element elementor-element-27bfae2 elementor-widget elementor-widget-heading\" data-id=\"27bfae2\" data-element_type=\"widget\" data-widget_type=\"heading.default\">\n\t\t\t\t<div class=\"elementor-widget-container\">\n\t\t\t<h2 class=\"elementor-heading-title elementor-size-default\"><b>Expositores<\/b> invitados:<\/h2>\t\t<\/div>\n\t\t\t\t<\/div>\n\t\t\t\t<div class=\"elementor-element elementor-element-b1fbc8f elementor-widget elementor-widget-text-editor\" data-id=\"b1fbc8f\" data-element_type=\"widget\" data-widget_type=\"text-editor.default\">\n\t\t\t\t<div class=\"elementor-widget-container\">\n\t\t\t\t\t\t\t\t<div class=\"elementor-text-editor elementor-clearfix\">\n\t\t\t\t<ul><li>Diego Guauque: Periodista y cronista de S\u00e9ptimo D\u00eda<\/li><li>Sandra Loaiza y Diana Carolina Villarraga: La Nube Comunicaciones<\/li><li>Jos\u00e9 Guarnizo: Periodista, escritor, director y cofundador Vor\u00e1gine.co<\/li><li>Catalina Hoyos: Comunicadora Gr\u00e1fica Publicitaria &#8211; Fundadora \u00a1Hey! y cofundadora Mosaico Experiencias<\/li><li>Mauricio Abad Echeverri: Comunicador Social Periodista y Especialista en realizaci\u00f3n audiovisual.<\/li><li>Andr\u00e9s Montoya: Publicista Especialista en Gerencia de Mercadeo y Marketing digital y tradicional.<\/li><li><div class=\"elementToProof\">Jes\u00fas Ramos Kleber:\u00a0 Ingeniero Industrial, Gerente general Estrella Grupo Empresarial S.A. Experto en mercadeo y venta directa.<\/div><\/li><\/ul>\t\t\t\t\t<\/div>\n\t\t\t\t\t\t<\/div>\n\t\t\t\t<\/div>\n\t\t\t\t<div class=\"elementor-element elementor-element-92987e2 elementor-widget elementor-widget-heading\" data-id=\"92987e2\" data-element_type=\"widget\" data-widget_type=\"heading.default\">\n\t\t\t\t<div class=\"elementor-widget-container\">\n\t\t\t<h2 class=\"elementor-heading-title elementor-size-default\"><b>Ponentes ganadores<\/b> MAICC - Charlas TED\n<\/h2>\t\t<\/div>\n\t\t\t\t<\/div>\n\t\t\t\t<div class=\"elementor-element elementor-element-a95bd10 elementor-widget elementor-widget-text-editor\" data-id=\"a95bd10\" data-element_type=\"widget\" data-widget_type=\"text-editor.default\">\n\t\t\t\t<div class=\"elementor-widget-container\">\n\t\t\t\t\t\t\t\t<div class=\"elementor-text-editor elementor-clearfix\">\n\t\t\t\t<ul><li>Lisbe Yaneth Montoya \u2013 Fundaci\u00f3n Sumapax. Licenciada en Educaci\u00f3n Especial, postgrado en Doctrina Social. Coordinadora de la emisora comunitaria <a href=\"http:\/\/www.contacto10.fm\">contacto10.fm<\/a>.<\/li><li>Estefan\u00eda Le\u00f3n Guti\u00e9rrez \u2013 Canal digital Diafragmarte. Camar\u00f3grafa, animadora digital y estudiante de Comunicaci\u00f3n Social.<\/li><li>Luis Giovany Cano &#8211; Director de la revista Magazine Hip Hop distrito 13. Artista y gestor cultural.<\/li><li>Giovanni Figueroa Jim\u00e9nez &#8211; Peri\u00f3dico La Pupila. Especialista en Comunicaci\u00f3n Pol\u00edtica y Gesti\u00f3n P\u00fablica. Fundador de \u00abLa Pupila Comunicaciones\u00bb, medio comunitario de la comuna 4, Aranjuez.<\/li><li>Jeferson Montoya Castro &#8211; Director de Movimiento Urbano, grupo art\u00edstico, cultural y de comunicaciones de la Comuna 8, Villa Hermosa.<\/li><li>Edwin Ortega Ospina &#8211; Director A todo Deporte. Comunicador Social &#8211; Periodista, especialista en periodismo y deporte comunitario.<\/li><li>Ana Isabel Rivera Posada &#8211; Directora Peri\u00f3dico Viviendo Santa Elena. Comunicadora Social-Periodista, con especializaciones en Planeaci\u00f3n Urbana y Regional y Comunicaci\u00f3n Pol\u00edtica.<\/li><li>Andr\u00e9s Felipe R\u00edos &#8211; Director porlosderechosumanos.com. Profesional en comunicaci\u00f3n y periodismo, mag\u00edster en educaci\u00f3n.<\/li><li>Andr\u00e9s Felipe Gamboa S\u00e1nchez \u2013 L\u00edder editorial Revista egoCity. Comunicador Social con \u00e9nfasis en Cibermedios.<\/li><li>Johnatan Mar\u00edn Londo\u00f1o \u2013 Director Corporaci\u00f3n Interactuando con la 9. Profesional en Planeaci\u00f3n y Desarrollo Social.<\/li><\/ul>\t\t\t\t\t<\/div>\n\t\t\t\t\t\t<\/div>\n\t\t\t\t<\/div>\n\t\t\t\t<div class=\"elementor-element elementor-element-5c5a5a9 elementor-widget elementor-widget-heading\" data-id=\"5c5a5a9\" data-element_type=\"widget\" data-widget_type=\"heading.default\">\n\t\t\t\t<div class=\"elementor-widget-container\">\n\t\t\t<h2 class=\"elementor-heading-title elementor-size-default\"><b>Cronograma<\/b><\/h2>\t\t<\/div>\n\t\t\t\t<\/div>\n\t\t\t\t<div class=\"elementor-element elementor-element-8d195e4 elementor-widget elementor-widget-text-editor\" data-id=\"8d195e4\" data-element_type=\"widget\" data-widget_type=\"text-editor.default\">\n\t\t\t\t<div class=\"elementor-widget-container\">\n\t\t\t\t\t\t\t\t<div class=\"elementor-text-editor elementor-clearfix\">\n\t\t\t\t<ul><li><strong>Fecha: <\/strong>23 y 24 de noviembre de 2023.<\/li><li><strong>Lugar: <\/strong>Ruta N.<\/li><li><strong>Hora: <\/strong>08:00 a.m. \u2013 06:00 p.<\/li><\/ul>\t\t\t\t\t<\/div>\n\t\t\t\t\t\t<\/div>\n\t\t\t\t<\/div>\n\t\t\t\t<div class=\"elementor-element elementor-element-c8cb481 pp-table-center elementor-widget elementor-widget-pp-table\" data-id=\"c8cb481\" data-element_type=\"widget\" data-settings=\"{&quot;table_type&quot;:&quot;normal&quot;}\" data-widget_type=\"pp-table.default\">\n\t\t\t\t<div class=\"elementor-widget-container\">\n\t\t\t\t\t<div class=\"pp-table-container\">\n\t\t\t<table \n\t\t\tclass=\"pp-table tablesaw\"\t\t\t\t>\n\t\t\t\t\t\t\t<colgroup>\n\t\t\t\t\t\t\t\t<col\n\t\t\t\t\tspan=\"4\"\n\t\t\t\t\tclass=\"elementor-repeater-item-3a7c507\"\n\t\t\t\t\t\t\t\t\t\t\tstyle=\"\n\t\t\t\t\t\t\t\t\t\t\t\t\t\t\t\t\t\t\t\twidth:1%\t\t\t\t\t\t\t\t\t\t\t\t\"\n\t\t\t\t\t\t\t\t\t\t>\n\t\t\t\t\t\t\t<\/colgroup>\n\t\t\t\t\t\t<thead>\n\t\t\t\t<tr class=\"pp-table-row\">\n\t\t\t\t\t<th class=\"pp-table-cell pp-table-cell-b00b3f4\"><span class=\"pp-table-cell-content\"><span class=\"pp-table-cell-text\">D\u00eda<\/span><\/span><\/th><th class=\"pp-table-cell pp-table-cell-f7bfd66\"><span class=\"pp-table-cell-content\"><span class=\"pp-table-cell-text\">Horario<\/span><\/span><\/th><th class=\"pp-table-cell pp-table-cell-3c2a7eb\"><span class=\"pp-table-cell-content\"><span class=\"pp-table-cell-text\">Actividad<\/span><\/span><\/th>\t\t\t\t<\/tr>\n\t\t\t<\/thead>\n\t\t\t\t\t<tfoot>\n\t\t\t<\/tr>\t\t<\/tfoot>\n\t\t\t\t<tbody>\n\t\t\t<tr><td class=\"pp-table-cell pp-table-cell-d861887\" id=\"fecha-table-comu\" rowspan=\"11\"><span class=\"pp-table-cell-content\"><span class=\"pp-table-cell-text\">23 de Noviembre<\/span><\/span><\/td><td class=\"pp-table-cell pp-table-cell-b383428\" id=\"fecha-table-comu-1\"><span class=\"pp-table-cell-content\"><span class=\"pp-table-cell-text\">7:00 a.m. - 8:00 a.m.<\/span><\/span><\/td><td class=\"pp-table-cell pp-table-cell-32ddf37\" id=\"fecha-table-comu-2\"><span class=\"pp-table-cell-content\"><span class=\"pp-table-cell-text\">Registro<\/span><\/span><\/td><\/tr><tr><td class=\"pp-table-cell pp-table-cell-42da998\" id=\"fecha-table-comu-1\"><span class=\"pp-table-cell-content\"><span class=\"pp-table-cell-text\">8:00 a.m. - 8:30 a.m.<\/span><\/span><\/td><td class=\"pp-table-cell pp-table-cell-9575f48\"><span class=\"pp-table-cell-content\"><span class=\"pp-table-cell-text\">Instalaci\u00f3n - Daniela Londo\u00f1o G\u00f3mez, Secretaria de Comunicaciones (e) - Alcald\u00eda de Medell\u00edn.<\/span><\/span><\/td><\/tr><tr><td class=\"pp-table-cell pp-table-cell-2f8cde7\"><span class=\"pp-table-cell-content\"><span class=\"pp-table-cell-text\">8:30 - 09:30 a.m.<\/span><\/span><\/td><td class=\"pp-table-cell pp-table-cell-295c495\"><span class=\"pp-table-cell-content\"><span class=\"pp-table-cell-text\">Diego Guauque - El poder de la verdad en una investigaci\u00f3n period\u00edstica.<\/span><\/span><\/td><\/tr><tr><td class=\"pp-table-cell pp-table-cell-ec4fb6d\"><span class=\"pp-table-cell-content\"><span class=\"pp-table-cell-text\">9:30 - 10:30 a.m.<\/span><\/span><\/td><td class=\"pp-table-cell pp-table-cell-47f84a1\"><span class=\"pp-table-cell-content\"><span class=\"pp-table-cell-text\">Charlas TED - 4 Ponencias ganadoras de MAICC). <br>\n- Lisbe Yaneth Montoya Chavarriaga - No te enredes en las redes. <br>\n- Edwin Ortega Ospina - La comunicaci\u00f3n comunitaria disruptiva del deporte. Caso \u201cA todo deporte\u201d.<br>\n- Estefan\u00eda Le\u00f3n Guti\u00e9rrez - Comunicaciones para las artes. <br>- Jerferson Montoya Castro - CoMUnica C8<\/span><\/span><\/td><\/tr><tr><td class=\"pp-table-cell pp-table-cell-c1cd9ae\"><span class=\"pp-table-cell-content\"><span class=\"pp-table-cell-text\">10:30 - 11:00 a.m.<\/span><\/span><\/td><td class=\"pp-table-cell pp-table-cell-614ae4c\"><span class=\"pp-table-cell-content\"><span class=\"pp-table-cell-text\">Receso<\/span><\/span><\/td><\/tr><tr><td class=\"pp-table-cell pp-table-cell-7ed3c17\"><span class=\"pp-table-cell-content\"><span class=\"pp-table-cell-text\">11:00 a.m. 12:00 p.m.<\/span><\/span><\/td><td class=\"pp-table-cell pp-table-cell-74800a0\"><span class=\"pp-table-cell-content\"><span class=\"pp-table-cell-text\">Estudio de audiencia e incidencia MAICC 2023 \u2013 Jornada de socializaci\u00f3n de resultados.<\/br> Daniela Londo\u00f1o G\u00f3mez, secretaria de\nComunicaciones (e) - Alcald\u00eda de Medell\u00edn.<\/span><\/span><\/td><\/tr><tr><td class=\"pp-table-cell pp-table-cell-77f6881\"><span class=\"pp-table-cell-content\"><span class=\"pp-table-cell-text\">12:00 m - 2:00 p.m.<\/span><\/span><\/td><td class=\"pp-table-cell pp-table-cell-1af4c0c\"><span class=\"pp-table-cell-content\"><span class=\"pp-table-cell-text\">Almuerzo libre<\/span><\/span><\/td><\/tr><tr><td class=\"pp-table-cell pp-table-cell-d526ecb\"><span class=\"pp-table-cell-content\"><span class=\"pp-table-cell-text\">2:00 p.m. - 2:30 p.m.<\/span><\/span><\/td><td class=\"pp-table-cell pp-table-cell-ef85fd5\"><span class=\"pp-table-cell-content\"><span class=\"pp-table-cell-text\">Charlas TED - 2 Ponencias ganadoras de MAICC).<br>\n - Andr\u00e9s Felipe Gamboa - Comunicaci\u00f3n para la Diversidad: Con las voces queer del territorio.<br>\n- Luis Giovany Cano - Arte y transformaci\u00f3n como movilizaci\u00f3n social.<\/span><\/span><\/td><\/tr><tr><td class=\"pp-table-cell pp-table-cell-5c42187\"><span class=\"pp-table-cell-content\"><span class=\"pp-table-cell-text\">3:00 - 4:00 p.m.<\/span><\/span><\/td><td class=\"pp-table-cell pp-table-cell-9141548\"><span class=\"pp-table-cell-content\"><span class=\"pp-table-cell-text\">Jes\u00fas Ramos. Agencia de medios Estrella Grupo Empresarial. <\/br>Perspectivas del sector y buenas pr\u00e1cticas en medios de comunicaci\u00f3n.<\/span><\/span><\/td><\/tr><tr><td class=\"pp-table-cell pp-table-cell-25542c2\"><span class=\"pp-table-cell-content\"><span class=\"pp-table-cell-text\">4:00 - 5:00 p.m.<\/span><\/span><\/td><td class=\"pp-table-cell pp-table-cell-da6d8cb\"><span class=\"pp-table-cell-content\"><span class=\"pp-table-cell-text\">Socializaci\u00f3n resultados campa\u00f1as de comunicaci\u00f3n y reconocimiento a ganadores de Medell\u00edn Palpita desde sus Territorios 2023.<\/span><\/span><\/td><\/tr><tr><td class=\"pp-table-cell pp-table-cell-a9b67ca\"><span class=\"pp-table-cell-content\"><span class=\"pp-table-cell-text\">5:00 - 6:00 p.m.<\/span><\/span><\/td><td class=\"pp-table-cell pp-table-cell-1c51492\"><span class=\"pp-table-cell-content\"><span class=\"pp-table-cell-text\">Sandra Loaiza Mar\u00edn y Diana Carolina Villarraga - Plataformas digitales y apuestas transmedia, para alcanzar los objetivos misionales de los medios comunitarios.<\/span><\/span><\/td><\/tr><tr><td class=\"pp-table-cell pp-table-cell-54d2d72\" rowspan=\"12\"><span class=\"pp-table-cell-content\"><span class=\"pp-table-cell-text\">24 de Noviembre<\/span><\/span><\/td><\/tr><tr><td class=\"pp-table-cell pp-table-cell-220a28c\"><span class=\"pp-table-cell-content\"><span class=\"pp-table-cell-text\">8:00 a.m. a 9:00 a.m.<\/span><\/span><\/td><td class=\"pp-table-cell pp-table-cell-7d802c9\"><span class=\"pp-table-cell-content\"><span class=\"pp-table-cell-text\">Andr\u00e9s Montoya - ChAInge the game \/ Un acercamiento a los grandes cambios que ha generado la inteligencia artificial en la industrial del marketing, la publicidad y las comunicaciones.<\/span><\/span><\/td><\/tr><tr><td class=\"pp-table-cell pp-table-cell-00c640b\"><span class=\"pp-table-cell-content\"><span class=\"pp-table-cell-text\">9:00 - 10:00 a.m.<\/span><\/span><\/td><td class=\"pp-table-cell pp-table-cell-6505868\"><span class=\"pp-table-cell-content\"><span class=\"pp-table-cell-text\">Lanzamiento libro - Secretar\u00eda de Comunicaciones.<\/span><\/span><\/td><\/tr><tr><td class=\"pp-table-cell pp-table-cell-37dc9c3\"><span class=\"pp-table-cell-content\"><span class=\"pp-table-cell-text\">10:00 - 10:30 a.m.<\/span><\/span><\/td><td class=\"pp-table-cell pp-table-cell-d546ed4\"><span class=\"pp-table-cell-content\"><span class=\"pp-table-cell-text\">Receso<\/span><\/span><\/td><\/tr><tr><td class=\"pp-table-cell pp-table-cell-d7519d3\"><span class=\"pp-table-cell-content\"><span class=\"pp-table-cell-text\">10:30 - 11:30 a.m.<\/span><\/span><\/td><td class=\"pp-table-cell pp-table-cell-cd97b30\"><span class=\"pp-table-cell-content\"><span class=\"pp-table-cell-text\">Charlas TED - 4 Ponencias ganadoras de MAICC.<\/br>\n- Ana Isabel Rivera - C\u00f3mo saltar el vac\u00edo de la brecha\ndigital sin morir en el intento. <\/br>\n- Giovanni Figueroa Jim\u00e9nez- Los secretos de la\ncomunicaci\u00f3n comunitaria. <\/br>\n- Andr\u00e9s Felipe R\u00edos - Defendiendo el territorio\ndesde los MAICC. <\/br>\n- Johnatan Mar\u00edn Londo\u00f1o - Innovando la movilizaci\u00f3n\nsocial: estrategias de comunicaci\u00f3n y trabajo en red\ncon los MAICC del Distrito de Medell\u00edn.\n<\/span><\/span><\/td><\/tr><tr><td class=\"pp-table-cell pp-table-cell-3f0cfa0\"><span class=\"pp-table-cell-content\"><span class=\"pp-table-cell-text\">11:30 a.m. 12:30 p.m.<\/span><\/span><\/td><td class=\"pp-table-cell pp-table-cell-bbd977e\"><span class=\"pp-table-cell-content\"><span class=\"pp-table-cell-text\">Catalina Hoyos - Un ejercicio de resistencia y comunicaci\u00f3n social para el cambio.<\/span><\/span><\/td><\/tr><tr><td class=\"pp-table-cell pp-table-cell-cc5b993\"><span class=\"pp-table-cell-content\"><span class=\"pp-table-cell-text\">12:30 m \u2013  2:00 p.m.<\/span><\/span><\/td><td class=\"pp-table-cell pp-table-cell-d57bfde\"><span class=\"pp-table-cell-content\"><span class=\"pp-table-cell-text\">Almuerzo libre<\/span><\/span><\/td><\/tr><tr><td class=\"pp-table-cell pp-table-cell-ac9ecec\"><span class=\"pp-table-cell-content\"><span class=\"pp-table-cell-text\">2:00 p.m. a 3:00 p.m.<\/span><\/span><\/td><td class=\"pp-table-cell pp-table-cell-76beb38\"><span class=\"pp-table-cell-content\"><span class=\"pp-table-cell-text\">Jos\u00e9 Guarnizo - Director de Vor\u00e1gine\nEmprendimientos period\u00edsticos en tiempos de crisis y revoluci\u00f3n digital.\n<\/span><\/span><\/td><\/tr><tr><td class=\"pp-table-cell pp-table-cell-13b65d7\"><span class=\"pp-table-cell-content\"><span class=\"pp-table-cell-text\">3:00 - 4:00 p.m.<\/span><\/span><\/td><td class=\"pp-table-cell pp-table-cell-969154b\"><span class=\"pp-table-cell-content\"><span class=\"pp-table-cell-text\">Mauricio Abad - La verdad, una b\u00fasqueda a trav\u00e9s de la narrativa audiovisual.<\/span><\/span><\/td><\/tr><tr><td class=\"pp-table-cell pp-table-cell-ee03440\"><span class=\"pp-table-cell-content\"><span class=\"pp-table-cell-text\">4:00 - 5:00 p.m.<\/span><\/span><\/td><td class=\"pp-table-cell pp-table-cell-ca5d84b\"><span class=\"pp-table-cell-content\"><span class=\"pp-table-cell-text\">Premio de Periodismo <\/span><\/span><\/td><\/tr><tr><td class=\"pp-table-cell pp-table-cell-c909a10\"><span class=\"pp-table-cell-content\"><span class=\"pp-table-cell-text\">5:00 -  6:00 p.m.<\/span><\/span><\/td><td class=\"pp-table-cell pp-table-cell-b10ba9f\"><span class=\"pp-table-cell-content\"><span class=\"pp-table-cell-text\">Adri\u00e1n Parada - Show de Stand up Comedy<\/span><\/span><\/td><\/tr><tr><td class=\"pp-table-cell pp-table-cell-fa54638\"><span class=\"pp-table-cell-content\"><span class=\"pp-table-cell-text\">6:00 - 7:00 p.m.<\/span><\/span><\/td><td class=\"pp-table-cell pp-table-cell-5501b44\"><span class=\"pp-table-cell-content\"><span class=\"pp-table-cell-text\">C\u00f3ctel<\/span><\/span><\/td><\/tr>\t\t<\/tbody>\n\t\t\t\t\t<\/table>\n\t\t<\/div>\n\t\t\t\t<\/div>\n\t\t\t\t<\/div>\n\t\t<\/div><div class=\"elementor-element elementor-element-e8b8529 e-container--column e-container\" data-id=\"e8b8529\" data-element_type=\"container\">\t\t\t\t<div class=\"elementor-element elementor-element-17024f6 elementor-widget elementor-widget-heading\" data-id=\"17024f6\" data-element_type=\"widget\" data-widget_type=\"heading.default\">\n\t\t\t\t<div class=\"elementor-widget-container\">\n\t\t\t<h2 class=\"elementor-heading-title elementor-size-default\"><b>Hist\u00f3rico <\/b>de convocatorias<\/h2>\t\t<\/div>\n\t\t\t\t<\/div>\n\t\t\t\t<div class=\"elementor-element elementor-element-ffd8b4d elementor-widget elementor-widget-pp-faq\" data-id=\"ffd8b4d\" data-element_type=\"widget\" data-settings=\"{&quot;faq_layout&quot;:&quot;accordion&quot;,&quot;accordion_type&quot;:&quot;accordion&quot;,&quot;toggle_speed&quot;:300}\" data-widget_type=\"pp-faq.default\">\n\t\t\t\t<div class=\"elementor-widget-container\">\n\t\t\t\t\t<div class=\"pp-faqs pp-advanced-accordion pp-toggle-icon-align-left\" id=\"pp-advanced-accordion-ffd8b4d\" data-accordion-id=\"ffd8b4d\">\n\t\t\t\t\t\t<div class=\"pp-faq-item-wrap elementor-grid-item\">\n\t\t\t\t<div class=\"pp-faq-item pp-accordion-item\">\n\t\t\t\t\t<div id=\"pp-accordion-tab-title-2681\" class=\"pp-faq-question pp-accordion-tab-title\" tabindex=\"2681\" data-tab=\"1\">\n\t\t\t\t\t\t<div class=\"pp-accordion-title-icon\">\n\t\t\t\t\t\t\t\t\t\t\t\t\t\t\t\t\t\t\t\t\t<div class=\"pp-accordion-title-text\">\n\t\t\t\t\t\t\t\tConvocatoria para la presentaci\u00f3n de ponencias en la Semana de la Comunicaci\u00f3n \u201cConexi\u00f3n P\u00fablica con los MAICC\u201d, Alcald\u00eda de Medell\u00edn 2023\t\t\t\t\t\t\t<\/div>\n\t\t\t\t\t\t<\/div>\n\t\t\t\t\t\t\t\t\t\t\t\t\t<div class=\"pp-accordion-toggle-icon\">\n\t\t\t\t\t\t\t\t\t\t\t\t\t\t\t\t\t<span class='pp-accordion-toggle-icon-close pp-icon'>\n\t\t\t\t\t\t\t\t\t\t<i aria-hidden=\"true\" class=\"fas fa-plus\"><\/i>\t\t\t\t\t\t\t\t\t<\/span>\n\t\t\t\t\t\t\t\t\t\t\t\t\t\t\t\t\t\t\t\t\t\t\t\t\t<span class='pp-accordion-toggle-icon-open pp-icon'>\n\t\t\t\t\t\t\t\t\t\t<i aria-hidden=\"true\" class=\"fas fa-minus\"><\/i>\t\t\t\t\t\t\t\t\t<\/span>\n\t\t\t\t\t\t\t\t\t\t\t\t\t\t\t<\/div>\n\t\t\t\t\t\t\t\t\t\t\t<\/div>\n\n\t\t\t\t\t<div id=\"pp-accordion-tab-content-2681\" class=\"pp-faq-answer pp-accordion-tab-content\" data-tab=\"1\">\n\t\t\t\t\t\t<p>La Secretar\u00eda de Comunicaciones del Distrito de Medell\u00edn, abre la convocatoria dirigida a Procesos y Medio Alternativos, Independientes, Comunitarios y Ciudadanos \u2013 MAICC- de Medell\u00edn, para que participen en la agenda acad\u00e9mica de la Semana de la Comunicaci\u00f3n, postulando sus propuestas de ponencias relacionadas con el tema: la comunicaci\u00f3n para el cambio social en la era digital.<\/p>\n<p><a href=\"https:\/\/www.medellin.gov.co\/es\/secretaria-de-comunicaciones\/comunicacion-para-la-movilizacion\/convocatoria-para-la-presentacion-alcaldia-de-medellin-2023\/\">Ingresa aqu\u00ed<\/a><\/p>\n\t\t\t\t\t<\/div>\n\t\t\t\t<\/div>\n\t\t\t<\/div>\n\t\t\t\t\t<\/div>\n\t\t\t\t<\/div>\n\t\t\t\t<\/div>\n\t\t<\/div>\t\t\t\t\t\t\t<\/div>\n\t\t\t<\/div>\n\t\t\t\t\t<\/div>\n\t\t","protected":false},"excerpt":{"rendered":"<p>Semana de la Comunicaci\u00f3n 2023, El Poder de la Verdad Por tercer a\u00f1o consecutivo Medell\u00edn realiza la Semana de la Comunicaci\u00f3n como una apuesta para mejorar y aumentar los di\u00e1logos desde los territorios; de crear &#8230;<\/p>\n","protected":false},"author":31,"featured_media":193866,"parent":20180,"menu_order":0,"comment_status":"closed","ping_status":"closed","template":"sec-comunicaciones\/elementor.php","meta":[],"acf":[],"_links":{"self":[{"href":"https:\/\/www.medellin.gov.co\/es\/wp-json\/wp\/v2\/pages\/266920"}],"collection":[{"href":"https:\/\/www.medellin.gov.co\/es\/wp-json\/wp\/v2\/pages"}],"about":[{"href":"https:\/\/www.medellin.gov.co\/es\/wp-json\/wp\/v2\/types\/page"}],"author":[{"embeddable":true,"href":"https:\/\/www.medellin.gov.co\/es\/wp-json\/wp\/v2\/users\/31"}],"replies":[{"embeddable":true,"href":"https:\/\/www.medellin.gov.co\/es\/wp-json\/wp\/v2\/comments?post=266920"}],"version-history":[{"count":11,"href":"https:\/\/www.medellin.gov.co\/es\/wp-json\/wp\/v2\/pages\/266920\/revisions"}],"predecessor-version":[{"id":363752,"href":"https:\/\/www.medellin.gov.co\/es\/wp-json\/wp\/v2\/pages\/266920\/revisions\/363752"}],"up":[{"embeddable":true,"href":"https:\/\/www.medellin.gov.co\/es\/wp-json\/wp\/v2\/pages\/20180"}],"wp:featuredmedia":[{"embeddable":true,"href":"https:\/\/www.medellin.gov.co\/es\/wp-json\/wp\/v2\/media\/193866"}],"wp:attachment":[{"href":"https:\/\/www.medellin.gov.co\/es\/wp-json\/wp\/v2\/media?parent=266920"}],"curies":[{"name":"wp","href":"https:\/\/api.w.org\/{rel}","templated":true}]}}