{"id":279811,"date":"2023-11-17T11:09:06","date_gmt":"2023-11-17T16:09:06","guid":{"rendered":"https:\/\/www.medellin.gov.co\/es\/?page_id=279811"},"modified":"2023-11-17T11:11:25","modified_gmt":"2023-11-17T16:11:25","slug":"convocatoria-para-la-presentacion-alcaldia-de-medellin-2023","status":"publish","type":"page","link":"https:\/\/www.medellin.gov.co\/es\/secretaria-de-comunicaciones\/comunicacion-para-la-movilizacion\/convocatoria-para-la-presentacion-alcaldia-de-medellin-2023\/","title":{"rendered":"Convocatoria para la presentaci\u00f3n de ponencias en la Semana de la Comunicaci\u00f3n \u201cConexi\u00f3n P\u00fablica con los MAICC\u201d, Alcald\u00eda de Medell\u00edn 2023"},"content":{"rendered":"\t\t<div data-elementor-type=\"wp-page\" data-elementor-id=\"279811\" class=\"elementor elementor-279811\">\n\t\t\t\t\t\t<div class=\"elementor-inner\">\n\t\t\t\t<div class=\"elementor-section-wrap\">\n\t\t\t\t\t\t\t<div class=\"elementor-element elementor-element-3e031e7 e-container--column e-container\" data-id=\"3e031e7\" data-element_type=\"container\">\t\t\t\t<div class=\"elementor-element elementor-element-5a15d62 elementor-widget elementor-widget-heading\" data-id=\"5a15d62\" data-element_type=\"widget\" data-widget_type=\"heading.default\">\n\t\t\t\t<div class=\"elementor-widget-container\">\n\t\t\t<h1 class=\"elementor-heading-title elementor-size-default\">Convocatoria para la presentaci\u00f3n de ponencias en la Semana de la Comunicaci\u00f3n \u201cConexi\u00f3n P\u00fablica con los MAICC\u201d, Alcald\u00eda de Medell\u00edn 2023<\/h1>\t\t<\/div>\n\t\t\t\t<\/div>\n\t\t<\/div><div class=\"elementor-element elementor-element-e322899 e-container--row e-container\" data-id=\"e322899\" data-element_type=\"container\">\t\t<div class=\"elementor-element elementor-element-81f82fe e-container--column e-container\" data-id=\"81f82fe\" data-element_type=\"container\">\t\t\t\t<div class=\"elementor-element elementor-element-f8ae806 elementor-widget elementor-widget-text-editor\" data-id=\"f8ae806\" data-element_type=\"widget\" data-widget_type=\"text-editor.default\">\n\t\t\t\t<div class=\"elementor-widget-container\">\n\t\t\t\t\t\t\t\t<div class=\"elementor-text-editor elementor-clearfix\">\n\t\t\t\t<p>La Secretar\u00eda de Comunicaciones del Distrito de Medell\u00edn, abre la convocatoria dirigida a Procesos y Medio Alternativos, Independientes, Comunitarios y Ciudadanos \u2013 MAICC- de Medell\u00edn, para que participen en la agenda acad\u00e9mica de la Semana de la Comunicaci\u00f3n, postulando sus propuestas de ponencias relacionadas con el tema: la comunicaci\u00f3n para el cambio social en la era digital.<\/p>\t\t\t\t\t<\/div>\n\t\t\t\t\t\t<\/div>\n\t\t\t\t<\/div>\n\t\t<\/div><div class=\"elementor-element elementor-element-7dec549 e-container--column e-container\" data-id=\"7dec549\" data-element_type=\"container\">\t\t\t\t<div class=\"elementor-element elementor-element-17a02ed elementor-widget elementor-widget-image\" data-id=\"17a02ed\" data-element_type=\"widget\" data-widget_type=\"image.default\">\n\t\t\t\t<div class=\"elementor-widget-container\">\n\t\t\t\t\t\t\t\t<div class=\"elementor-image\">\n\t\t\t\t\t\t\t\t\t\t\t\t<img width=\"1024\" height=\"682\" src=\"https:\/\/www.medellin.gov.co\/es\/wp-content\/uploads\/2023\/10\/Periodicos-comunitarios-1024x682.jpeg\" class=\"attachment-large size-large\" alt=\"Periodicos comunitarios\" loading=\"lazy\" srcset=\"https:\/\/www.medellin.gov.co\/es\/wp-content\/uploads\/2023\/10\/Periodicos-comunitarios-1024x682.jpeg 1024w, https:\/\/www.medellin.gov.co\/es\/wp-content\/uploads\/2023\/10\/Periodicos-comunitarios-300x200.jpeg 300w, https:\/\/www.medellin.gov.co\/es\/wp-content\/uploads\/2023\/10\/Periodicos-comunitarios-150x100.jpeg 150w, https:\/\/www.medellin.gov.co\/es\/wp-content\/uploads\/2023\/10\/Periodicos-comunitarios-768x512.jpeg 768w, https:\/\/www.medellin.gov.co\/es\/wp-content\/uploads\/2023\/10\/Periodicos-comunitarios.jpeg 1280w\" sizes=\"(max-width: 1024px) 100vw, 1024px\" \/>\t\t\t\t\t\t\t\t\t\t\t\t\t\t<\/div>\n\t\t\t\t\t\t<\/div>\n\t\t\t\t<\/div>\n\t\t<\/div><\/div><div class=\"elementor-element elementor-element-7450058 e-container--column e-container\" data-id=\"7450058\" data-element_type=\"container\">\t\t\t\t<div class=\"elementor-element elementor-element-cd31436 elementor-widget elementor-widget-heading\" data-id=\"cd31436\" data-element_type=\"widget\" data-widget_type=\"heading.default\">\n\t\t\t\t<div class=\"elementor-widget-container\">\n\t\t\t<h2 class=\"elementor-heading-title elementor-size-default\"><b>\u00bfQui\u00e9nes pueden <\/b>participar?<\/h2>\t\t<\/div>\n\t\t\t\t<\/div>\n\t\t\t\t<div class=\"elementor-element elementor-element-c210678 elementor-widget elementor-widget-text-editor\" data-id=\"c210678\" data-element_type=\"widget\" data-widget_type=\"text-editor.default\">\n\t\t\t\t<div class=\"elementor-widget-container\">\n\t\t\t\t\t\t\t\t<div class=\"elementor-text-editor elementor-clearfix\">\n\t\t\t\t<p>Pueden participar los procesos y MAICC que tengan asiento en las comunas y corregimientos de Medell\u00edn.<\/p>\t\t\t\t\t<\/div>\n\t\t\t\t\t\t<\/div>\n\t\t\t\t<\/div>\n\t\t<\/div><div class=\"elementor-element elementor-element-69dfef3 e-container--column e-container\" data-id=\"69dfef3\" data-element_type=\"container\">\t\t\t\t<div class=\"elementor-element elementor-element-3198e0e elementor-widget elementor-widget-heading\" data-id=\"3198e0e\" data-element_type=\"widget\" data-widget_type=\"heading.default\">\n\t\t\t\t<div class=\"elementor-widget-container\">\n\t\t\t<h2 class=\"elementor-heading-title elementor-size-default\"><b>Modalidad de  <\/b> participaci\u00f3n<\/h2>\t\t<\/div>\n\t\t\t\t<\/div>\n\t\t\t\t<div class=\"elementor-element elementor-element-15b9949 elementor-widget elementor-widget-text-editor\" data-id=\"15b9949\" data-element_type=\"widget\" data-widget_type=\"text-editor.default\">\n\t\t\t\t<div class=\"elementor-widget-container\">\n\t\t\t\t\t\t\t\t<div class=\"elementor-text-editor elementor-clearfix\">\n\t\t\t\t<p>Los procesos y MAICC interesados en participar deben postular una propuesta de ponencia, la cual, en caso de ser seleccionada, se deber\u00e1 presentar en el marco de la Semana de la Comunicaci\u00f3n \u201cConexi\u00f3n P\u00fablica con los MAICC\u201d bajo el formato tipo TED. El participante tendr\u00e1 un espacio de 15 minutos para realizar la ponencia en formato tipo TED y previo a la presentaci\u00f3n, deber\u00e1 entregar las memorias de la ponencia.<\/p>\t\t\t\t\t<\/div>\n\t\t\t\t\t\t<\/div>\n\t\t\t\t<\/div>\n\t\t<\/div><div class=\"elementor-element elementor-element-d015d6e e-container--column e-container\" data-id=\"d015d6e\" data-element_type=\"container\">\t\t\t\t<div class=\"elementor-element elementor-element-2624df8 elementor-widget elementor-widget-heading\" data-id=\"2624df8\" data-element_type=\"widget\" data-widget_type=\"heading.default\">\n\t\t\t\t<div class=\"elementor-widget-container\">\n\t\t\t<h2 class=\"elementor-heading-title elementor-size-default\"><b>Ejes <\/b>tem\u00e1ticos<\/h2>\t\t<\/div>\n\t\t\t\t<\/div>\n\t\t\t\t<div class=\"elementor-element elementor-element-df3b2c5 elementor-widget elementor-widget-text-editor\" data-id=\"df3b2c5\" data-element_type=\"widget\" data-widget_type=\"text-editor.default\">\n\t\t\t\t<div class=\"elementor-widget-container\">\n\t\t\t\t\t\t\t\t<div class=\"elementor-text-editor elementor-clearfix\">\n\t\t\t\t<ul><li>Comunicaci\u00f3n y trabajo en red: trabajo colaborativo con otros procesos y MAICC como plataformas de movilizaci\u00f3n social.<\/li><li>Emprendimientos e innovaci\u00f3n digital en los MAICC: experiencias que visibilicen nuevas formas de acceso a la informaci\u00f3n en los territorios.<\/li><li>Activismo digital desde los MAICC: experiencias de ejercicio ciudadano mediante la participaci\u00f3n activa en redes sociales, para la informaci\u00f3n, pedagog\u00eda y movilizaci\u00f3n social usando la web.<\/li><li>Comunicaci\u00f3n digital inclusiva: experiencias de los MAICC con la gesti\u00f3n de sus redes sociales, interacci\u00f3n y movilizaci\u00f3n social de sus diferentes p\u00fablicos.<\/li><li>Periodismo responsable en la era de la desinformaci\u00f3n.<\/li><\/ul>\t\t\t\t\t<\/div>\n\t\t\t\t\t\t<\/div>\n\t\t\t\t<\/div>\n\t\t<\/div>\t\t<section class=\"elementor-section elementor-top-section elementor-element elementor-element-0b2f318 elementor-section-boxed elementor-section-height-default elementor-section-height-default\" data-id=\"0b2f318\" data-element_type=\"section\">\n\t\t\t\t\t\t<div class=\"elementor-container elementor-column-gap-default\">\n\t\t\t\t\t\t\t<div class=\"elementor-row\">\n\t\t\t\t\t<div class=\"elementor-column elementor-col-100 elementor-top-column elementor-element elementor-element-4808773\" data-id=\"4808773\" data-element_type=\"column\">\n\t\t\t<div class=\"elementor-column-wrap elementor-element-populated\">\n\t\t\t\t\t\t\t<div class=\"elementor-widget-wrap\">\n\t\t\t\t\t\t<div class=\"elementor-element elementor-element-7d4e6f5 elementor-widget elementor-widget-heading\" data-id=\"7d4e6f5\" data-element_type=\"widget\" data-widget_type=\"heading.default\">\n\t\t\t\t<div class=\"elementor-widget-container\">\n\t\t\t<h2 class=\"elementor-heading-title elementor-size-default\"><b>Cronograma<\/b><\/h2>\t\t<\/div>\n\t\t\t\t<\/div>\n\t\t\t\t\t\t<\/div>\n\t\t\t\t\t<\/div>\n\t\t<\/div>\n\t\t\t\t\t\t\t\t<\/div>\n\t\t\t\t\t<\/div>\n\t\t<\/section>\n\t\t\t\t<section class=\"elementor-section elementor-top-section elementor-element elementor-element-02f4492 elementor-section-boxed elementor-section-height-default elementor-section-height-default\" data-id=\"02f4492\" data-element_type=\"section\">\n\t\t\t\t\t\t<div class=\"elementor-container elementor-column-gap-default\">\n\t\t\t\t\t\t\t<div class=\"elementor-row\">\n\t\t\t\t\t<div class=\"elementor-column elementor-col-100 elementor-top-column elementor-element elementor-element-dc3a7c5\" data-id=\"dc3a7c5\" data-element_type=\"column\">\n\t\t\t<div class=\"elementor-column-wrap elementor-element-populated\">\n\t\t\t\t\t\t\t<div class=\"elementor-widget-wrap\">\n\t\t\t\t\t\t<div class=\"elementor-element elementor-element-dfaaba8 pp-table-center elementor-widget elementor-widget-pp-table\" data-id=\"dfaaba8\" data-element_type=\"widget\" data-settings=\"{&quot;table_type&quot;:&quot;responsive&quot;,&quot;scrollable&quot;:&quot;no&quot;}\" data-widget_type=\"pp-table.default\">\n\t\t\t\t<div class=\"elementor-widget-container\">\n\t\t\t\t\t<div class=\"pp-table-container\">\n\t\t\t<table \n\t\t\tclass=\"pp-table tablesaw\" data-tablesaw-mode=\"stack\"\t\t\t\t>\n\t\t\t\t\t\t\t<colgroup>\n\t\t\t\t\t\t\t\t<col\n\t\t\t\t\tspan=\"4\"\n\t\t\t\t\tclass=\"elementor-repeater-item-3a7c507\"\n\t\t\t\t\t\t\t\t\t\t\tstyle=\"\n\t\t\t\t\t\t\t\t\t\t\t\t\t\t\t\t\t\t\t\t\"\n\t\t\t\t\t\t\t\t\t\t>\n\t\t\t\t\t\t\t<\/colgroup>\n\t\t\t\t\t\t<thead>\n\t\t\t\t<tr class=\"pp-table-row\">\n\t\t\t\t\t<th class=\"pp-table-cell pp-table-cell-b00b3f4\"><span class=\"pp-table-cell-content\"><span class=\"pp-table-cell-text\">Actividad<\/span><\/span><\/th><th class=\"pp-table-cell pp-table-cell-f7bfd66\"><span class=\"pp-table-cell-content\"><span class=\"pp-table-cell-text\">Fecha<\/span><\/span><\/th>\t\t\t\t<\/tr>\n\t\t\t<\/thead>\n\t\t\t\t\t<tfoot>\n\t\t\t<\/tr>\t\t<\/tfoot>\n\t\t\t\t<tbody>\n\t\t\t<tr><td class=\"pp-table-cell pp-table-cell-d861887\"><span class=\"pp-table-cell-content\"><span class=\"pp-table-cell-text\">Publicaci\u00f3n de lineamientos de la convocatoria<\/span><\/span><\/td><td class=\"pp-table-cell pp-table-cell-aed62cc\"><span class=\"pp-table-cell-content\"><span class=\"pp-table-cell-text\">18 de octubre de 2023<\/span><\/span><\/td><\/tr><tr><td class=\"pp-table-cell pp-table-cell-42da998\"><span class=\"pp-table-cell-content\"><span class=\"pp-table-cell-text\">Plazo para enviar las postulaciones<\/span><\/span><\/td><td class=\"pp-table-cell pp-table-cell-7f41d21\"><span class=\"pp-table-cell-content\"><span class=\"pp-table-cell-text\">18 de octubre al 25 de octubre de 2023<\/span><\/span><\/td><\/tr><tr><td class=\"pp-table-cell pp-table-cell-2029140\"><span class=\"pp-table-cell-content\"><span class=\"pp-table-cell-text\">Evaluaci\u00f3n de propuestas<\/span><\/span><\/td><td class=\"pp-table-cell pp-table-cell-f622093\"><span class=\"pp-table-cell-content\"><span class=\"pp-table-cell-text\">26 al 30 de octubre<\/span><\/span><\/td><\/tr><tr><td class=\"pp-table-cell pp-table-cell-58af20b\"><span class=\"pp-table-cell-content\"><span class=\"pp-table-cell-text\">Publicaci\u00f3n de resultados de las postulaciones recibidas<\/span><\/span><\/td><td class=\"pp-table-cell pp-table-cell-c132450\"><span class=\"pp-table-cell-content\"><span class=\"pp-table-cell-text\">1 de noviembre de 2023<\/span><\/span><\/td><\/tr>\t\t<\/tbody>\n\t\t\t\t\t<\/table>\n\t\t<\/div>\n\t\t\t\t<\/div>\n\t\t\t\t<\/div>\n\t\t\t\t\t\t<\/div>\n\t\t\t\t\t<\/div>\n\t\t<\/div>\n\t\t\t\t\t\t\t\t<\/div>\n\t\t\t\t\t<\/div>\n\t\t<\/section>\n\t\t\t\t<section class=\"elementor-section elementor-top-section elementor-element elementor-element-701c724 elementor-section-boxed elementor-section-height-default elementor-section-height-default\" data-id=\"701c724\" data-element_type=\"section\">\n\t\t\t\t\t\t<div class=\"elementor-container elementor-column-gap-default\">\n\t\t\t\t\t\t\t<div class=\"elementor-row\">\n\t\t\t\t\t<div class=\"elementor-column elementor-col-100 elementor-top-column elementor-element elementor-element-f5538cb\" data-id=\"f5538cb\" data-element_type=\"column\">\n\t\t\t<div class=\"elementor-column-wrap elementor-element-populated\">\n\t\t\t\t\t\t\t<div class=\"elementor-widget-wrap\">\n\t\t\t\t\t\t<div class=\"elementor-element elementor-element-7aa16f4 elementor-widget elementor-widget-heading\" data-id=\"7aa16f4\" data-element_type=\"widget\" data-widget_type=\"heading.default\">\n\t\t\t\t<div class=\"elementor-widget-container\">\n\t\t\t<h2 class=\"elementor-heading-title elementor-size-default\"><b>Descarga y diligencia<\/b> los documentos para tu postulaci\u00f3n<\/h2>\t\t<\/div>\n\t\t\t\t<\/div>\n\t\t\t\t\t\t<\/div>\n\t\t\t\t\t<\/div>\n\t\t<\/div>\n\t\t\t\t\t\t\t\t<\/div>\n\t\t\t\t\t<\/div>\n\t\t<\/section>\n\t\t\t\t<section class=\"elementor-section elementor-top-section elementor-element elementor-element-0662dd0 elementor-section-boxed elementor-section-height-default elementor-section-height-default\" data-id=\"0662dd0\" data-element_type=\"section\">\n\t\t\t\t\t\t<div class=\"elementor-container elementor-column-gap-default\">\n\t\t\t\t\t\t\t<div class=\"elementor-row\">\n\t\t\t\t\t<div class=\"elementor-column elementor-col-100 elementor-top-column elementor-element elementor-element-aa80cb9\" data-id=\"aa80cb9\" data-element_type=\"column\">\n\t\t\t<div class=\"elementor-column-wrap elementor-element-populated\">\n\t\t\t\t\t\t\t<div class=\"elementor-widget-wrap\">\n\t\t\t\t\t\t<section class=\"elementor-section elementor-inner-section elementor-element elementor-element-f718c99 elementor-section-boxed elementor-section-height-default elementor-section-height-default\" data-id=\"f718c99\" data-element_type=\"section\">\n\t\t\t\t\t\t<div class=\"elementor-container elementor-column-gap-default\">\n\t\t\t\t\t\t\t<div class=\"elementor-row\">\n\t\t\t\t\t<div class=\"elementor-column elementor-col-50 elementor-inner-column elementor-element elementor-element-9ac9085\" data-id=\"9ac9085\" data-element_type=\"column\" data-settings=\"{&quot;background_background&quot;:&quot;classic&quot;}\">\n\t\t\t<div class=\"elementor-column-wrap elementor-element-populated\">\n\t\t\t\t\t\t\t<div class=\"elementor-widget-wrap\">\n\t\t\t\t\t\t<div class=\"elementor-element elementor-element-7c60182 elementor-widget elementor-widget-heading\" data-id=\"7c60182\" data-element_type=\"widget\" data-widget_type=\"heading.default\">\n\t\t\t\t<div class=\"elementor-widget-container\">\n\t\t\t<h3 class=\"elementor-heading-title elementor-size-default\"><a href=\"https:\/\/www.medellin.gov.co\/es\/wp-content\/uploads\/2023\/10\/Convocatoria-de-ponencias-MAICC.pdf\" target=\"_blank\">Conoce los t\u00e9rminos y condiciones<\/a><\/h3>\t\t<\/div>\n\t\t\t\t<\/div>\n\t\t\t\t\t\t<\/div>\n\t\t\t\t\t<\/div>\n\t\t<\/div>\n\t\t\t\t<div class=\"elementor-column elementor-col-50 elementor-inner-column elementor-element elementor-element-a8d26c9\" data-id=\"a8d26c9\" data-element_type=\"column\" data-settings=\"{&quot;background_background&quot;:&quot;classic&quot;}\">\n\t\t\t<div class=\"elementor-column-wrap elementor-element-populated\">\n\t\t\t\t\t\t\t<div class=\"elementor-widget-wrap\">\n\t\t\t\t\t\t<div class=\"elementor-element elementor-element-ad6780f elementor-widget elementor-widget-heading\" data-id=\"ad6780f\" data-element_type=\"widget\" data-widget_type=\"heading.default\">\n\t\t\t\t<div class=\"elementor-widget-container\">\n\t\t\t<h3 class=\"elementor-heading-title elementor-size-default\"><a href=\"https:\/\/www.medellin.gov.co\/es\/wp-content\/uploads\/2023\/10\/Formato-de-postulacion-ponencia.docx\" target=\"_blank\">Descarga el formato de postulaci\u00f3n<\/a><\/h3>\t\t<\/div>\n\t\t\t\t<\/div>\n\t\t\t\t\t\t<\/div>\n\t\t\t\t\t<\/div>\n\t\t<\/div>\n\t\t\t\t\t\t\t\t<\/div>\n\t\t\t\t\t<\/div>\n\t\t<\/section>\n\t\t\t\t\t\t<\/div>\n\t\t\t\t\t<\/div>\n\t\t<\/div>\n\t\t\t\t\t\t\t\t<\/div>\n\t\t\t\t\t<\/div>\n\t\t<\/section>\n\t\t<div class=\"elementor-element elementor-element-e018580 e-container--column e-container\" data-id=\"e018580\" data-element_type=\"container\">\t\t\t\t<div class=\"elementor-element elementor-element-b3f0989 elementor-widget elementor-widget-heading\" data-id=\"b3f0989\" data-element_type=\"widget\" data-widget_type=\"heading.default\">\n\t\t\t\t<div class=\"elementor-widget-container\">\n\t\t\t<h2 class=\"elementor-heading-title elementor-size-default\"><b>Comunicados y resultados del premio  <\/b>de convocatoria Ponencias<\/h2>\t\t<\/div>\n\t\t\t\t<\/div>\n\t\t\t\t<div class=\"elementor-element elementor-element-b8e5a7d elementor-widget elementor-widget-text-editor\" data-id=\"b8e5a7d\" data-element_type=\"widget\" data-widget_type=\"text-editor.default\">\n\t\t\t\t<div class=\"elementor-widget-container\">\n\t\t\t\t\t\t\t\t<div class=\"elementor-text-editor elementor-clearfix\">\n\t\t\t\t<p>Plazo de entrega de presentaciones y par\u00e1metros para las ponencias ganadoras en la Semana de la Comunicaci\u00f3n \u201cConexi\u00f3n P\u00fablica con los MAICC\u201d Alcald\u00eda de Medell\u00edn, 2023.<\/p><p><a href=\"https:\/\/www.medellin.gov.co\/es\/wp-content\/uploads\/2023\/11\/COMUNICADO-03.pdf\" target=\"_blank\" rel=\"noopener\">Descarga el comunicado<\/a><\/p><p>Informe de postulaciones recibidas y ajuste en el cronograma de la convocatoria para la presentaci\u00f3n de ponencias en la Semana de la Comunicaci\u00f3n.<\/p><p><a href=\"https:\/\/www.medellin.gov.co\/es\/wp-content\/uploads\/2023\/10\/Comunicado-Semana-de-la-Comunicacion-01.pdf\" target=\"_blank\" rel=\"noopener\">Descarga el comunicado<\/a><\/p><p>Resultados de evaluaci\u00f3n de la convocatoria para la presentaci\u00f3n de ponencias en la Semana de la Comunicaci\u00f3n \u201cConexi\u00f3n P\u00fablica con los MAICC\u201d, 2023.<\/p><p><a href=\"https:\/\/www.medellin.gov.co\/es\/wp-content\/uploads\/2023\/11\/COMUNICADO-02.pdf\" target=\"_blank\" rel=\"noopener\">Descarga el comunicado<\/a><\/p>\t\t\t\t\t<\/div>\n\t\t\t\t\t\t<\/div>\n\t\t\t\t<\/div>\n\t\t<\/div>\t\t\t\t\t\t\t<\/div>\n\t\t\t<\/div>\n\t\t\t\t\t<\/div>\n\t\t","protected":false},"excerpt":{"rendered":"<p>Convocatoria para la presentaci\u00f3n de ponencias en la Semana de la Comunicaci\u00f3n \u201cConexi\u00f3n P\u00fablica con los MAICC\u201d, Alcald\u00eda de Medell\u00edn 2023 La Secretar\u00eda de Comunicaciones del Distrito de Medell\u00edn, abre la convocatoria dirigida a Procesos &#8230;<\/p>\n","protected":false},"author":4,"featured_media":193866,"parent":20180,"menu_order":0,"comment_status":"closed","ping_status":"closed","template":"sec-comunicaciones\/elementor.php","meta":[],"acf":[],"_links":{"self":[{"href":"https:\/\/www.medellin.gov.co\/es\/wp-json\/wp\/v2\/pages\/279811"}],"collection":[{"href":"https:\/\/www.medellin.gov.co\/es\/wp-json\/wp\/v2\/pages"}],"about":[{"href":"https:\/\/www.medellin.gov.co\/es\/wp-json\/wp\/v2\/types\/page"}],"author":[{"embeddable":true,"href":"https:\/\/www.medellin.gov.co\/es\/wp-json\/wp\/v2\/users\/4"}],"replies":[{"embeddable":true,"href":"https:\/\/www.medellin.gov.co\/es\/wp-json\/wp\/v2\/comments?post=279811"}],"version-history":[{"count":6,"href":"https:\/\/www.medellin.gov.co\/es\/wp-json\/wp\/v2\/pages\/279811\/revisions"}],"predecessor-version":[{"id":279958,"href":"https:\/\/www.medellin.gov.co\/es\/wp-json\/wp\/v2\/pages\/279811\/revisions\/279958"}],"up":[{"embeddable":true,"href":"https:\/\/www.medellin.gov.co\/es\/wp-json\/wp\/v2\/pages\/20180"}],"wp:featuredmedia":[{"embeddable":true,"href":"https:\/\/www.medellin.gov.co\/es\/wp-json\/wp\/v2\/media\/193866"}],"wp:attachment":[{"href":"https:\/\/www.medellin.gov.co\/es\/wp-json\/wp\/v2\/media?parent=279811"}],"curies":[{"name":"wp","href":"https:\/\/api.w.org\/{rel}","templated":true}]}}