{"id":280841,"date":"2023-11-21T10:31:37","date_gmt":"2023-11-21T15:31:37","guid":{"rendered":"https:\/\/www.medellin.gov.co\/es\/?page_id=280841"},"modified":"2025-06-11T09:54:09","modified_gmt":"2025-06-11T14:54:09","slug":"anexos-del-informe-de-gestion","status":"publish","type":"page","link":"https:\/\/www.medellin.gov.co\/es\/informe-gestion-2023\/anexos-del-informe-de-gestion\/","title":{"rendered":"Anexos del informe de gesti\u00f3n"},"content":{"rendered":"\t\t<div data-elementor-type=\"wp-page\" data-elementor-id=\"280841\" class=\"elementor elementor-280841\">\n\t\t\t\t\t\t<div class=\"elementor-inner\">\n\t\t\t\t<div class=\"elementor-section-wrap\">\n\t\t\t\t\t\t\t<div class=\"elementor-element elementor-element-c789ebf e-container--column e-container\" data-id=\"c789ebf\" data-element_type=\"container\">\t\t<div class=\"elementor-element elementor-element-cfe5423 e-container--row e-container\" data-id=\"cfe5423\" data-element_type=\"container\">\t\t<div class=\"elementor-element elementor-element-256ab25 e-container--column e-container\" data-id=\"256ab25\" data-element_type=\"container\" data-settings=\"{&quot;background_background&quot;:&quot;classic&quot;}\">\t\t\t\t<div class=\"elementor-element elementor-element-3fbceda elementor-grid-1 elementor-grid-tablet-2 elementor-grid-mobile-1 elementor-widget elementor-widget-pp-logo-grid\" data-id=\"3fbceda\" data-element_type=\"widget\" data-settings=\"{&quot;columns&quot;:&quot;1&quot;,&quot;columns_tablet&quot;:&quot;2&quot;,&quot;columns_mobile&quot;:&quot;1&quot;}\" data-widget_type=\"pp-logo-grid.default\">\n\t\t\t\t<div class=\"elementor-widget-container\">\n\t\t\t\t\t<div class=\"pp-logo-grid elementor-grid\">\n\t\t\t\t\t\t\t\t<div class=\"pp-grid-item-wrap elementor-grid-item elementor-repeater-item-93ceca6\">\n\t\t\t\t\t\t<div class=\"pp-grid-item\">\n\t\t\t\t\t\t<img src=\"https:\/\/www.medellin.gov.co\/es\/wp-content\/uploads\/2023\/11\/cobranding-marca-1-1-2048x652.png\" alt=\"cobranding marca (1)\" \/>\t\t\t\t\t\t<\/div>\n\t\t\t\t\t\t\t\t\t\t\t<\/div>\n\t\t\t\t\t\t\t<\/div>\n\t\t\t\t<\/div>\n\t\t\t\t<\/div>\n\t\t<\/div>\t\t<div class=\"elementor-element elementor-element-987b53b elementor-absolute elementor-view-default elementor-widget elementor-widget-icon\" data-id=\"987b53b\" data-element_type=\"widget\" data-settings=\"{&quot;_position&quot;:&quot;absolute&quot;}\" data-widget_type=\"icon.default\">\n\t\t\t\t<div class=\"elementor-widget-container\">\n\t\t\t\t\t<div class=\"elementor-icon-wrapper\">\n\t\t\t<a class=\"elementor-icon\" href=\"https:\/\/www.medellin.gov.co\/es\/informe-gestion-2023\/\">\n\t\t\t<i aria-hidden=\"true\" class=\"fas fa-home\"><\/i>\t\t\t<\/a>\n\t\t<\/div>\n\t\t\t\t<\/div>\n\t\t\t\t<\/div>\n\t\t<\/div><\/div><div class=\"elementor-element elementor-element-6ef31446 e-container--row e-container\" data-id=\"6ef31446\" data-element_type=\"container\">\t\t<div class=\"elementor-element elementor-element-622f990 e-container--column e-container\" data-id=\"622f990\" data-element_type=\"container\" data-settings=\"{&quot;background_background&quot;:&quot;classic&quot;}\">\t\t\t\t<div class=\"elementor-element elementor-element-416d5978 elementor-widget elementor-widget-heading\" data-id=\"416d5978\" data-element_type=\"widget\" data-widget_type=\"heading.default\">\n\t\t\t\t<div class=\"elementor-widget-container\">\n\t\t\t<h1 class=\"elementor-heading-title elementor-size-default\">Anexos del informe de gesti\u00f3n<\/h1>\t\t<\/div>\n\t\t\t\t<\/div>\n\t\t\t\t<div class=\"elementor-element elementor-element-3729f2ed elementor-widget elementor-widget-text-editor\" data-id=\"3729f2ed\" data-element_type=\"widget\" data-widget_type=\"text-editor.default\">\n\t\t\t\t<div class=\"elementor-widget-container\">\n\t\t\t\t\t\t\t\t<div class=\"elementor-text-editor elementor-clearfix\">\n\t\t\t\t<p>Conoce m\u00e1s detalles sobre la implementaci\u00f3n de nuestro Plan de Desarrollo \u00abMedell\u00edn Futuro 2020-2023\u00bb, desde la inversi\u00f3n p\u00fablica realizada durante el cuatrienio como la transformaci\u00f3n de la ciudad a trav\u00e9s de agendas a largo plazo.<\/p>\t\t\t\t\t<\/div>\n\t\t\t\t\t\t<\/div>\n\t\t\t\t<\/div>\n\t\t<\/div><div class=\"elementor-element elementor-element-72f11a28 e-container--column e-container\" data-id=\"72f11a28\" data-element_type=\"container\" data-settings=\"{&quot;background_background&quot;:&quot;classic&quot;}\">\t\t\t\t<div class=\"elementor-element elementor-element-7c2efd8 elementor-position-right elementor-mobile-position-right elementor-vertical-align-middle elementor-view-default elementor-widget elementor-widget-icon-box\" data-id=\"7c2efd8\" data-element_type=\"widget\" data-widget_type=\"icon-box.default\">\n\t\t\t\t<div class=\"elementor-widget-container\">\n\t\t\t\t\t<div class=\"elementor-icon-box-wrapper\">\n\t\t\t\t\t\t<div class=\"elementor-icon-box-icon\">\n\t\t\t\t<a class=\"elementor-icon elementor-animation-\" href=\"https:\/\/www.medellin.gov.co\/es\/centro-documental\/informe-de-gestion-2020-2023\/\" target=\"_blank\">\n\t\t\t\t<i aria-hidden=\"true\" class=\"fas fa-arrow-right\"><\/i>\t\t\t\t<\/a>\n\t\t\t<\/div>\n\t\t\t\t\t\t<div class=\"elementor-icon-box-content\">\n\t\t\t\t<h3 class=\"elementor-icon-box-title\">\n\t\t\t\t\t<a href=\"https:\/\/www.medellin.gov.co\/es\/centro-documental\/informe-de-gestion-2020-2023\/\" target=\"_blank\" >\n\t\t\t\t\t\tInforme de gesti\u00f3n Distrital\t\t\t\t\t<\/a>\n\t\t\t\t<\/h3>\n\t\t\t\t\t\t\t<\/div>\n\t\t<\/div>\n\t\t\t\t<\/div>\n\t\t\t\t<\/div>\n\t\t\t\t<div class=\"elementor-element elementor-element-d9ca2d4 elementor-position-right elementor-mobile-position-right elementor-vertical-align-middle elementor-view-default elementor-widget elementor-widget-icon-box\" data-id=\"d9ca2d4\" data-element_type=\"widget\" data-widget_type=\"icon-box.default\">\n\t\t\t\t<div class=\"elementor-widget-container\">\n\t\t\t\t\t<div class=\"elementor-icon-box-wrapper\">\n\t\t\t\t\t\t<div class=\"elementor-icon-box-icon\">\n\t\t\t\t<a class=\"elementor-icon elementor-animation-\" href=\"#anexos-ley\">\n\t\t\t\t<i aria-hidden=\"true\" class=\"fas fa-arrow-right\"><\/i>\t\t\t\t<\/a>\n\t\t\t<\/div>\n\t\t\t\t\t\t<div class=\"elementor-icon-box-content\">\n\t\t\t\t<h3 class=\"elementor-icon-box-title\">\n\t\t\t\t\t<a href=\"#anexos-ley\" >\n\t\t\t\t\t\tAnexos de Ley\t\t\t\t\t<\/a>\n\t\t\t\t<\/h3>\n\t\t\t\t\t\t\t<\/div>\n\t\t<\/div>\n\t\t\t\t<\/div>\n\t\t\t\t<\/div>\n\t\t\t\t<div class=\"elementor-element elementor-element-5fba7bb elementor-position-right elementor-mobile-position-right elementor-vertical-align-middle elementor-view-default elementor-widget elementor-widget-icon-box\" data-id=\"5fba7bb\" data-element_type=\"widget\" data-widget_type=\"icon-box.default\">\n\t\t\t\t<div class=\"elementor-widget-container\">\n\t\t\t\t\t<div class=\"elementor-icon-box-wrapper\">\n\t\t\t\t\t\t<div class=\"elementor-icon-box-icon\">\n\t\t\t\t<a class=\"elementor-icon elementor-animation-\" href=\"#anexos-especiales\">\n\t\t\t\t<i aria-hidden=\"true\" class=\"fas fa-arrow-right\"><\/i>\t\t\t\t<\/a>\n\t\t\t<\/div>\n\t\t\t\t\t\t<div class=\"elementor-icon-box-content\">\n\t\t\t\t<h3 class=\"elementor-icon-box-title\">\n\t\t\t\t\t<a href=\"#anexos-especiales\" >\n\t\t\t\t\t\tAnexos Especiales\t\t\t\t\t<\/a>\n\t\t\t\t<\/h3>\n\t\t\t\t\t\t\t<\/div>\n\t\t<\/div>\n\t\t\t\t<\/div>\n\t\t\t\t<\/div>\n\t\t\t\t<div class=\"elementor-element elementor-element-5a75061 elementor-position-right elementor-mobile-position-right elementor-vertical-align-middle elementor-view-default elementor-widget elementor-widget-icon-box\" data-id=\"5a75061\" data-element_type=\"widget\" data-widget_type=\"icon-box.default\">\n\t\t\t\t<div class=\"elementor-widget-container\">\n\t\t\t\t\t<div class=\"elementor-icon-box-wrapper\">\n\t\t\t\t\t\t<div class=\"elementor-icon-box-icon\">\n\t\t\t\t<a class=\"elementor-icon elementor-animation-\" href=\"#anexos-medellin-futuro\">\n\t\t\t\t<i aria-hidden=\"true\" class=\"fas fa-arrow-right\"><\/i>\t\t\t\t<\/a>\n\t\t\t<\/div>\n\t\t\t\t\t\t<div class=\"elementor-icon-box-content\">\n\t\t\t\t<h3 class=\"elementor-icon-box-title\">\n\t\t\t\t\t<a href=\"#anexos-medellin-futuro\" >\n\t\t\t\t\t\tAnexos Sello de la Medell\u00edn Futuro\t\t\t\t\t<\/a>\n\t\t\t\t<\/h3>\n\t\t\t\t\t\t\t<\/div>\n\t\t<\/div>\n\t\t\t\t<\/div>\n\t\t\t\t<\/div>\n\t\t<\/div><\/div><div class=\"elementor-element elementor-element-21e7e359 e-container--row e-container\" data-id=\"21e7e359\" data-element_type=\"container\" id=\"anexos-ley\" data-settings=\"{&quot;background_background&quot;:&quot;classic&quot;}\">\t\t<div class=\"elementor-element elementor-element-39256f90 e-container--column e-container\" data-id=\"39256f90\" data-element_type=\"container\" data-settings=\"{&quot;background_background&quot;:&quot;classic&quot;}\">\t\t\t\t<div class=\"elementor-element elementor-element-2c092077 elementor-widget elementor-widget-heading\" data-id=\"2c092077\" data-element_type=\"widget\" data-widget_type=\"heading.default\">\n\t\t\t\t<div class=\"elementor-widget-container\">\n\t\t\t<h2 class=\"elementor-heading-title elementor-size-default\">Anexos de Ley<\/h2>\t\t<\/div>\n\t\t\t\t<\/div>\n\t\t\t\t<div class=\"elementor-element elementor-element-a63d842 elementor-widget elementor-widget-text-editor\" data-id=\"a63d842\" data-element_type=\"widget\" data-widget_type=\"text-editor.default\">\n\t\t\t\t<div class=\"elementor-widget-container\">\n\t\t\t\t\t\t\t\t<div class=\"elementor-text-editor elementor-clearfix\">\n\t\t\t\t<p>Conoce m\u00e1s sobre sobre la materializaci\u00f3n de nuestro Plan de Desarrollo \u00abMedell\u00edn Futuro 2020-2023\u00bb<\/p><ul><li><a href=\"https:\/\/www.medellin.gov.co\/es\/centro-documental\/informacion-general-ciudad\/\" target=\"_blank\" rel=\"noopener\">Informaci\u00f3n General de Ciudad<\/a><\/li><li><a href=\"https:\/\/www.medellin.gov.co\/es\/centro-documental\/avance-fisico-y-financiero-del-pd-2020-2023\/\" target=\"_blank\" rel=\"noopener\">Ejecuci\u00f3n f\u00edsica y financiera del Plan de Desarrollo 2020-2023<\/a><\/li><li><a href=\"https:\/\/www.medellin.gov.co\/es\/centro-documental\/seguimiento-plan-de-accion-proyeccion-diciembre-31-de-2023\/\" target=\"_blank\" rel=\"noopener\">Plan de Acci\u00f3n proyecci\u00f3n diciembre de 2023<\/a><\/li><li><a href=\"https:\/\/www.medellin.gov.co\/es\/centro-documental\/plan-indicativo-proyeccion-diciembre-31-de-2023\/\" target=\"_blank\" rel=\"noopener\">Plan indicativo proyecci\u00f3n a diciembre de 2023<\/a><\/li><li><a href=\"https:\/\/www.medellin.gov.co\/es\/centro-documental\/balance-final-gestion-contractual\/\" target=\"_blank\" rel=\"noopener\">Balance Final Gesti\u00f3n Contractual<\/a><\/li><li><a href=\"https:\/\/www.medellin.gov.co\/es\/centro-documental\/balance-final-gestion-fiscal-financiera\/\" target=\"_blank\" rel=\"noopener\">Balance final Gesti\u00f3n Fiscal Financiera<\/a><\/li><li><a href=\"https:\/\/www.medellin.gov.co\/es\/centro-documental\/georeferenciacion\/\" target=\"_blank\" rel=\"noopener\">Georreferenciaci\u00f3n de la inversi\u00f3n<\/a><\/li><li><a href=\"https:\/\/www.medellin.gov.co\/es\/centro-documental\/informe-pot\/\" target=\"_blank\" rel=\"noopener\">Balance Final Plan de Ordenamiento Territorial<\/a> &#8211; <a href=\"https:\/\/www.medellin.gov.co\/es\/transparencia\/plan-de-ordenamiento-territorial-de-medellin\/sistema-de-seguimiento-y-evaluacion-al-plan-de-ordenamiento-territorial-ssepot\/\" target=\"_blank\" rel=\"noopener\">Conoce m\u00e1s sobre el Plan de Ordenamiento Territorial<\/a><\/li><\/ul>\t\t\t\t\t<\/div>\n\t\t\t\t\t\t<\/div>\n\t\t\t\t<\/div>\n\t\t<\/div><\/div><div class=\"elementor-element elementor-element-109c9482 e-container--row e-container\" data-id=\"109c9482\" data-element_type=\"container\" id=\"anexos-especiales\" data-settings=\"{&quot;background_background&quot;:&quot;classic&quot;}\">\t\t<div class=\"elementor-element elementor-element-310d7680 e-container--column e-container\" data-id=\"310d7680\" data-element_type=\"container\" data-settings=\"{&quot;background_background&quot;:&quot;classic&quot;}\">\t\t\t\t<div class=\"elementor-element elementor-element-10a55322 elementor-widget elementor-widget-heading\" data-id=\"10a55322\" data-element_type=\"widget\" data-widget_type=\"heading.default\">\n\t\t\t\t<div class=\"elementor-widget-container\">\n\t\t\t<h2 class=\"elementor-heading-title elementor-size-default\">Anexos especiales<\/h2>\t\t<\/div>\n\t\t\t\t<\/div>\n\t\t\t\t<div class=\"elementor-element elementor-element-4ff9975d elementor-widget elementor-widget-text-editor\" data-id=\"4ff9975d\" data-element_type=\"widget\" data-widget_type=\"text-editor.default\">\n\t\t\t\t<div class=\"elementor-widget-container\">\n\t\t\t\t\t\t\t\t<div class=\"elementor-text-editor elementor-clearfix\">\n\t\t\t\t<p>Le apostamos a transformaci\u00f3n de Medell\u00edn. Conoce m\u00e1s sobre las agendas de largo alcance para la ciudad.<\/p><ul><li><a href=\"https:\/\/www.medellin.gov.co\/es\/centro-documental\/balance-final-transicion-a-distrito-de-ciencia-tecnologia-e-innovacion\/\" target=\"_blank\" rel=\"noopener\">Transici\u00f3n a Distrito de Ciencia, Tecnolog\u00eda e Innovaci\u00f3n<\/a><\/li><\/ul>\t\t\t\t\t<\/div>\n\t\t\t\t\t\t<\/div>\n\t\t\t\t<\/div>\n\t\t<\/div><\/div><div class=\"elementor-element elementor-element-203d509b e-container--row e-container\" data-id=\"203d509b\" data-element_type=\"container\" id=\"anexos-medellin-futuro\" data-settings=\"{&quot;background_background&quot;:&quot;classic&quot;}\">\t\t<div class=\"elementor-element elementor-element-6119972b e-container--column e-container\" data-id=\"6119972b\" data-element_type=\"container\" data-settings=\"{&quot;background_background&quot;:&quot;classic&quot;}\">\t\t\t\t<div class=\"elementor-element elementor-element-3bf3bddb elementor-widget elementor-widget-heading\" data-id=\"3bf3bddb\" data-element_type=\"widget\" data-widget_type=\"heading.default\">\n\t\t\t\t<div class=\"elementor-widget-container\">\n\t\t\t<h2 class=\"elementor-heading-title elementor-size-default\">Anexos Sello de la Medell\u00edn Futuro<\/h2>\t\t<\/div>\n\t\t\t\t<\/div>\n\t\t\t\t<div class=\"elementor-element elementor-element-43f05df2 elementor-widget elementor-widget-text-editor\" data-id=\"43f05df2\" data-element_type=\"widget\" data-widget_type=\"text-editor.default\">\n\t\t\t\t<div class=\"elementor-widget-container\">\n\t\t\t\t\t\t\t\t<div class=\"elementor-text-editor elementor-clearfix\">\n\t\t\t\t<p>Medell\u00edn es un referente en el mundo; nos comprometimos a sentar las bases de una ciudad de cara las grandes transformaciones.<\/p><ul><li><a href=\"https:\/\/www.medellin.gov.co\/es\/centro-documental\/premios-y-reconocimientos\/\" target=\"_blank\" rel=\"noopener\">Premios y reconocimientos<\/a><\/li><li><a href=\"https:\/\/www.medellin.gov.co\/es\/centro-documental\/medellin-ciudad-competitiva\/\" target=\"_blank\" rel=\"noopener\">Medell\u00edn, Ciudad Competitiva<\/a><\/li><li><a href=\"https:\/\/www.medellin.gov.co\/es\/centro-documental\/proyectos-estrategicos\/\" target=\"_blank\" rel=\"noopener\">Proyectos estrat\u00e9gicos<\/a><\/li><li><a href=\"https:\/\/www.medellin.gov.co\/es\/centro-documental\/mil-obras\/\" target=\"_blank\" rel=\"noopener\">Mil obras por Medell\u00edn<\/a><\/li><li><a href=\"https:\/\/www.medellin.gov.co\/es\/centro-documental\/medellin-ciudad-para-la-paz\/\" target=\"_blank\" rel=\"noopener\">Medell\u00edn, Ciudad para la paz<\/a><\/li><li><a href=\"https:\/\/www.medellin.gov.co\/es\/centro-documental\/medellin-territorio-inteligente\/\" target=\"_blank\" rel=\"noopener\">Medell\u00edn, Territorio Inteligente<\/a><\/li><\/ul>\t\t\t\t\t<\/div>\n\t\t\t\t\t\t<\/div>\n\t\t\t\t<\/div>\n\t\t<\/div><\/div><div class=\"elementor-element elementor-element-522b882 e-container--column e-container\" data-id=\"522b882\" data-element_type=\"container\">\t\t<div class=\"elementor-element elementor-element-1e4c0f1 e-container--column e-container\" data-id=\"1e4c0f1\" data-element_type=\"container\">\t\t<div class=\"elementor-element elementor-element-bc6981b e-container--column e-container\" data-id=\"bc6981b\" data-element_type=\"container\">\t\t<div class=\"elementor-element elementor-element-355d552 e-container--column e-container\" data-id=\"355d552\" data-element_type=\"container\">\t\t<div class=\"elementor-element elementor-element-7a1027e e-container--column e-container\" data-id=\"7a1027e\" data-element_type=\"container\" data-settings=\"{&quot;background_background&quot;:&quot;classic&quot;}\">\t\t<div class=\"elementor-element elementor-element-34e2f0f e-container--column e-container\" data-id=\"34e2f0f\" data-element_type=\"container\">\t\t\t\t<div class=\"elementor-element elementor-element-e935a54 elementor-grid-6 elementor-shape-rounded e-grid-align-center elementor-widget elementor-widget-social-icons\" data-id=\"e935a54\" data-element_type=\"widget\" data-widget_type=\"social-icons.default\">\n\t\t\t\t<div class=\"elementor-widget-container\">\n\t\t\t\t\t<div class=\"elementor-social-icons-wrapper elementor-grid\">\n\t\t\t\t\t\t\t<span class=\"elementor-grid-item\">\n\t\t\t\t\t<a class=\"elementor-icon elementor-social-icon elementor-social-icon-twitter elementor-animation-grow elementor-repeater-item-057f8dc\" href=\"https:\/\/twitter.com\/AlcaldiadeMed\" target=\"_blank\">\n\t\t\t\t\t\t<span class=\"elementor-screen-only\">Twitter<\/span>\n\t\t\t\t\t\t<i class=\"fab fa-twitter\"><\/i>\t\t\t\t\t<\/a>\n\t\t\t\t<\/span>\n\t\t\t\t\t\t\t<span class=\"elementor-grid-item\">\n\t\t\t\t\t<a class=\"elementor-icon elementor-social-icon elementor-social-icon-instagram elementor-animation-grow elementor-repeater-item-408bf32\" href=\"https:\/\/www.instagram.com\/alcaldiademed\/\" target=\"_blank\">\n\t\t\t\t\t\t<span class=\"elementor-screen-only\">Instagram<\/span>\n\t\t\t\t\t\t<i class=\"fab fa-instagram\"><\/i>\t\t\t\t\t<\/a>\n\t\t\t\t<\/span>\n\t\t\t\t\t\t\t<span class=\"elementor-grid-item\">\n\t\t\t\t\t<a class=\"elementor-icon elementor-social-icon elementor-social-icon-youtube elementor-animation-grow elementor-repeater-item-d62eec3\" href=\"https:\/\/www.youtube.com\/alcaldiademed\" target=\"_blank\">\n\t\t\t\t\t\t<span class=\"elementor-screen-only\">Youtube<\/span>\n\t\t\t\t\t\t<i class=\"fab fa-youtube\"><\/i>\t\t\t\t\t<\/a>\n\t\t\t\t<\/span>\n\t\t\t\t\t\t\t<span class=\"elementor-grid-item\">\n\t\t\t\t\t<a class=\"elementor-icon elementor-social-icon elementor-social-icon-linkedin elementor-animation-grow elementor-repeater-item-cf352cb\" href=\"https:\/\/www.facebook.com\/AlcaldiadeMed\" target=\"_blank\">\n\t\t\t\t\t\t<span class=\"elementor-screen-only\">Linkedin<\/span>\n\t\t\t\t\t\t<i class=\"fab fa-linkedin\"><\/i>\t\t\t\t\t<\/a>\n\t\t\t\t<\/span>\n\t\t\t\t\t\t\t<span class=\"elementor-grid-item\">\n\t\t\t\t\t<a class=\"elementor-icon elementor-social-icon elementor-social-icon-envelope elementor-animation-grow elementor-repeater-item-4c85c2f\" href=\"https:\/\/www.facebook.com\/AlcaldiadeMed\" target=\"_blank\">\n\t\t\t\t\t\t<span class=\"elementor-screen-only\">Envelope<\/span>\n\t\t\t\t\t\t<i class=\"fas fa-envelope\"><\/i>\t\t\t\t\t<\/a>\n\t\t\t\t<\/span>\n\t\t\t\t\t\t\t<span class=\"elementor-grid-item\">\n\t\t\t\t\t<a class=\"elementor-icon elementor-social-icon elementor-social-icon-file-download elementor-animation-grow elementor-repeater-item-6cfcc2a\" href=\"https:\/\/www.medellin.gov.co\/es\/informe-gestion-2023\/anexos-del-informe-de-gestion\/\" target=\"_blank\">\n\t\t\t\t\t\t<span class=\"elementor-screen-only\">File-download<\/span>\n\t\t\t\t\t\t<i class=\"fas fa-file-download\"><\/i>\t\t\t\t\t<\/a>\n\t\t\t\t<\/span>\n\t\t\t\t\t<\/div>\n\t\t\t\t<\/div>\n\t\t\t\t<\/div>\n\t\t<\/div><div class=\"elementor-element elementor-element-4b00252 e-container--row e-container\" data-id=\"4b00252\" data-element_type=\"container\">\t\t<div class=\"elementor-element elementor-element-b3d5c42 e-container--column e-container\" data-id=\"b3d5c42\" data-element_type=\"container\">\t\t\t\t<div class=\"elementor-element elementor-element-92c8bcd elementor-widget elementor-widget-heading\" data-id=\"92c8bcd\" data-element_type=\"widget\" data-widget_type=\"heading.default\">\n\t\t\t\t<div class=\"elementor-widget-container\">\n\t\t\t<h2 class=\"elementor-heading-title elementor-size-default\"><a href=\"https:\/\/www.medellin.gov.co\/es\/informe-gestion-2023\/logros-del-plan-de-desarrollo\/linea-reactivacion-economica-y-valle-del-software\/\">Reactivaci\u00f3n Econ\u00f3mica y Valle del Software<\/a><\/h2>\t\t<\/div>\n\t\t\t\t<\/div>\n\t\t<\/div><div class=\"elementor-element elementor-element-17fe1c6 e-container--column e-container\" data-id=\"17fe1c6\" data-element_type=\"container\">\t\t\t\t<div class=\"elementor-element elementor-element-683efdd elementor-widget elementor-widget-heading\" data-id=\"683efdd\" data-element_type=\"widget\" data-widget_type=\"heading.default\">\n\t\t\t\t<div class=\"elementor-widget-container\">\n\t\t\t<h2 class=\"elementor-heading-title elementor-size-default\"><a href=\"https:\/\/www.medellin.gov.co\/es\/informe-gestion-2023\/logros-del-plan-de-desarrollo\/linea-transformacion-educativa-y-cultural\/\">Transformaci\u00f3n educativa y cultural<\/a><\/h2>\t\t<\/div>\n\t\t\t\t<\/div>\n\t\t<\/div><div class=\"elementor-element elementor-element-d4df795 e-container--column e-container\" data-id=\"d4df795\" data-element_type=\"container\">\t\t\t\t<div class=\"elementor-element elementor-element-00b43f7 elementor-widget elementor-widget-heading\" data-id=\"00b43f7\" data-element_type=\"widget\" data-widget_type=\"heading.default\">\n\t\t\t\t<div class=\"elementor-widget-container\">\n\t\t\t<h2 class=\"elementor-heading-title elementor-size-default\"><a href=\"https:\/\/www.medellin.gov.co\/es\/informe-gestion-2023\/logros-del-plan-de-desarrollo\/linea-medellin-me-cuida\/\">Medell\u00edn me Cuida<\/a><\/h2>\t\t<\/div>\n\t\t\t\t<\/div>\n\t\t<\/div><div class=\"elementor-element elementor-element-1eed2f9 e-container--column e-container\" data-id=\"1eed2f9\" data-element_type=\"container\">\t\t\t\t<div class=\"elementor-element elementor-element-c9922da elementor-widget elementor-widget-heading\" data-id=\"c9922da\" data-element_type=\"widget\" data-widget_type=\"heading.default\">\n\t\t\t\t<div class=\"elementor-widget-container\">\n\t\t\t<h2 class=\"elementor-heading-title elementor-size-default\"><a href=\"https:\/\/www.medellin.gov.co\/es\/informe-gestion-2023\/logros-del-plan-de-desarrollo\/linea-ecociudad\/\">Ecociudad<\/a><\/h2>\t\t<\/div>\n\t\t\t\t<\/div>\n\t\t<\/div><div class=\"elementor-element elementor-element-ccf6303 e-container--column e-container\" data-id=\"ccf6303\" data-element_type=\"container\">\t\t\t\t<div class=\"elementor-element elementor-element-48ba749 elementor-widget elementor-widget-heading\" data-id=\"48ba749\" data-element_type=\"widget\" data-widget_type=\"heading.default\">\n\t\t\t\t<div class=\"elementor-widget-container\">\n\t\t\t<h2 class=\"elementor-heading-title elementor-size-default\"><a href=\"https:\/\/www.medellin.gov.co\/es\/informe-gestion-2023\/logros-del-plan-de-desarrollo\/linea-gobernanza-y-gobernabilidad\/\">Gobernanza y Gobernabilidad<\/a><\/h2>\t\t<\/div>\n\t\t\t\t<\/div>\n\t\t<\/div><\/div><div class=\"elementor-element elementor-element-90e9dc2 e-container--row e-container\" data-id=\"90e9dc2\" data-element_type=\"container\">\t\t\t\t<div class=\"elementor-element elementor-element-3958a1c elementor-grid-1 elementor-grid-tablet-2 elementor-grid-mobile-1 elementor-widget elementor-widget-pp-logo-grid\" data-id=\"3958a1c\" data-element_type=\"widget\" data-settings=\"{&quot;columns&quot;:&quot;1&quot;,&quot;columns_tablet&quot;:&quot;2&quot;,&quot;columns_mobile&quot;:&quot;1&quot;}\" data-widget_type=\"pp-logo-grid.default\">\n\t\t\t\t<div class=\"elementor-widget-container\">\n\t\t\t\t\t<div class=\"pp-logo-grid elementor-grid\">\n\t\t\t\t\t\t\t\t<div class=\"pp-grid-item-wrap elementor-grid-item elementor-repeater-item-93ceca6\">\n\t\t\t\t\t\t<div class=\"pp-grid-item\">\n\t\t\t\t\t\t\t\t\t\t\t\t\t<a href=\"https:\/\/www.medellin.gov.co\/\" target=\"_blank\">\n\t\t\t\t\t\t\t<img src=\"https:\/\/www.medellin.gov.co\/es\/wp-content\/uploads\/2023\/11\/cobranding-marca-1-1024x326.png\" alt=\"Marca ciudad\" \/>\t\t\t\t\t\t\t<\/a>\n\t\t\t\t\t\t\t\t\t\t\t\t\t<\/div>\n\t\t\t\t\t\t\t\t\t\t\t<\/div>\n\t\t\t\t\t\t\t<\/div>\n\t\t\t\t<\/div>\n\t\t\t\t<\/div>\n\t\t<\/div><\/div><\/div><\/div><\/div><\/div>\t\t\t\t\t\t\t<\/div>\n\t\t\t<\/div>\n\t\t\t\t\t<\/div>\n\t\t","protected":false},"excerpt":{"rendered":"<p>Anexos del informe de gesti\u00f3n Conoce m\u00e1s detalles sobre la implementaci\u00f3n de nuestro Plan de Desarrollo \u00abMedell\u00edn Futuro 2020-2023\u00bb, desde la inversi\u00f3n p\u00fablica realizada durante el cuatrienio como la transformaci\u00f3n de la ciudad a trav\u00e9s &#8230;<\/p>\n","protected":false},"author":31,"featured_media":0,"parent":257501,"menu_order":0,"comment_status":"closed","ping_status":"closed","template":"feria_flores\/inicio.php","meta":[],"acf":[],"_links":{"self":[{"href":"https:\/\/www.medellin.gov.co\/es\/wp-json\/wp\/v2\/pages\/280841"}],"collection":[{"href":"https:\/\/www.medellin.gov.co\/es\/wp-json\/wp\/v2\/pages"}],"about":[{"href":"https:\/\/www.medellin.gov.co\/es\/wp-json\/wp\/v2\/types\/page"}],"author":[{"embeddable":true,"href":"https:\/\/www.medellin.gov.co\/es\/wp-json\/wp\/v2\/users\/31"}],"replies":[{"embeddable":true,"href":"https:\/\/www.medellin.gov.co\/es\/wp-json\/wp\/v2\/comments?post=280841"}],"version-history":[{"count":10,"href":"https:\/\/www.medellin.gov.co\/es\/wp-json\/wp\/v2\/pages\/280841\/revisions"}],"predecessor-version":[{"id":290356,"href":"https:\/\/www.medellin.gov.co\/es\/wp-json\/wp\/v2\/pages\/280841\/revisions\/290356"}],"up":[{"embeddable":true,"href":"https:\/\/www.medellin.gov.co\/es\/wp-json\/wp\/v2\/pages\/257501"}],"wp:attachment":[{"href":"https:\/\/www.medellin.gov.co\/es\/wp-json\/wp\/v2\/media?parent=280841"}],"curies":[{"name":"wp","href":"https:\/\/api.w.org\/{rel}","templated":true}]}}