{"id":281883,"date":"2023-11-23T11:12:45","date_gmt":"2023-11-23T16:12:45","guid":{"rendered":"https:\/\/www.medellin.gov.co\/es\/?page_id=281883"},"modified":"2025-06-11T10:01:57","modified_gmt":"2025-06-11T15:01:57","slug":"logros-del-plan-de-desarrollo","status":"publish","type":"page","link":"https:\/\/www.medellin.gov.co\/es\/informe-gestion-2023\/logros-del-plan-de-desarrollo\/","title":{"rendered":"Logros del plan de desarrollo"},"content":{"rendered":"\t\t<div data-elementor-type=\"wp-page\" data-elementor-id=\"281883\" class=\"elementor elementor-281883\">\n\t\t\t\t\t\t<div class=\"elementor-inner\">\n\t\t\t\t<div class=\"elementor-section-wrap\">\n\t\t\t\t\t\t\t<div class=\"elementor-element elementor-element-30427575 e-container--row e-container\" data-id=\"30427575\" data-element_type=\"container\" data-settings=\"{&quot;background_background&quot;:&quot;classic&quot;}\">\t\t<div class=\"elementor-element elementor-element-6a4d80c2 e-container--column e-container\" data-id=\"6a4d80c2\" data-element_type=\"container\" data-settings=\"{&quot;background_background&quot;:&quot;classic&quot;}\">\t\t\t\t<div class=\"elementor-element elementor-element-4006c007 elementor-grid-1 elementor-grid-tablet-2 elementor-grid-mobile-1 elementor-widget elementor-widget-pp-logo-grid\" data-id=\"4006c007\" data-element_type=\"widget\" data-settings=\"{&quot;columns&quot;:&quot;1&quot;,&quot;columns_tablet&quot;:&quot;2&quot;,&quot;columns_mobile&quot;:&quot;1&quot;}\" data-widget_type=\"pp-logo-grid.default\">\n\t\t\t\t<div class=\"elementor-widget-container\">\n\t\t\t\t\t<div class=\"pp-logo-grid elementor-grid\">\n\t\t\t\t\t\t\t\t<div class=\"pp-grid-item-wrap elementor-grid-item elementor-repeater-item-93ceca6\">\n\t\t\t\t\t\t<div class=\"pp-grid-item\">\n\t\t\t\t\t\t<img src=\"https:\/\/www.medellin.gov.co\/es\/wp-content\/uploads\/2023\/11\/cobranding-marca-copia-1-2048x661.png\" alt=\"cobranding marca\" \/>\t\t\t\t\t\t<\/div>\n\t\t\t\t\t\t\t\t\t\t\t<\/div>\n\t\t\t\t\t\t\t<\/div>\n\t\t\t\t<\/div>\n\t\t\t\t<\/div>\n\t\t<\/div>\t\t<div class=\"elementor-element elementor-element-7e1cdd2 elementor-absolute elementor-view-default elementor-widget elementor-widget-icon\" data-id=\"7e1cdd2\" data-element_type=\"widget\" data-settings=\"{&quot;_position&quot;:&quot;absolute&quot;}\" data-widget_type=\"icon.default\">\n\t\t\t\t<div class=\"elementor-widget-container\">\n\t\t\t\t\t<div class=\"elementor-icon-wrapper\">\n\t\t\t<a class=\"elementor-icon\" href=\"https:\/\/www.medellin.gov.co\/es\/informe-gestion-2023\/\">\n\t\t\t<i aria-hidden=\"true\" class=\"fas fa-home\"><\/i>\t\t\t<\/a>\n\t\t<\/div>\n\t\t\t\t<\/div>\n\t\t\t\t<\/div>\n\t\t<\/div><div class=\"elementor-element elementor-element-724cfc3 e-container--row e-container\" data-id=\"724cfc3\" data-element_type=\"container\">\t\t<div class=\"elementor-element elementor-element-018da49 e-container--column e-container\" data-id=\"018da49\" data-element_type=\"container\" data-settings=\"{&quot;background_background&quot;:&quot;classic&quot;}\">\t\t\t\t<div class=\"elementor-element elementor-element-af78918 elementor-widget elementor-widget-heading\" data-id=\"af78918\" data-element_type=\"widget\" data-widget_type=\"heading.default\">\n\t\t\t\t<div class=\"elementor-widget-container\">\n\t\t\t<h1 class=\"elementor-heading-title elementor-size-default\">Logros del Plan de Desarrollo<\/h1>\t\t<\/div>\n\t\t\t\t<\/div>\n\t\t\t\t<div class=\"elementor-element elementor-element-3345abe elementor-widget elementor-widget-text-editor\" data-id=\"3345abe\" data-element_type=\"widget\" data-widget_type=\"text-editor.default\">\n\t\t\t\t<div class=\"elementor-widget-container\">\n\t\t\t\t\t\t\t\t<div class=\"elementor-text-editor elementor-clearfix\">\n\t\t\t\t<p>Materializamos un sue\u00f1o construido en colectivo. Consolidamos apuestas estrat\u00e9gicas que sientan las bases para la transformaci\u00f3n continua de Medell\u00edn.<\/p>\t\t\t\t\t<\/div>\n\t\t\t\t\t\t<\/div>\n\t\t\t\t<\/div>\n\t\t<\/div><div class=\"elementor-element elementor-element-ff1904c e-container--column e-container\" data-id=\"ff1904c\" data-element_type=\"container\" data-settings=\"{&quot;background_background&quot;:&quot;classic&quot;}\">\t\t\t\t<div class=\"elementor-element elementor-element-57e24d3 elementor-position-right elementor-mobile-position-right elementor-vertical-align-middle elementor-view-default elementor-widget elementor-widget-icon-box\" data-id=\"57e24d3\" data-element_type=\"widget\" data-widget_type=\"icon-box.default\">\n\t\t\t\t<div class=\"elementor-widget-container\">\n\t\t\t\t\t<div class=\"elementor-icon-box-wrapper\">\n\t\t\t\t\t\t<div class=\"elementor-icon-box-icon\">\n\t\t\t\t<a class=\"elementor-icon elementor-animation-\" href=\"https:\/\/www.medellin.gov.co\/es\/informe-gestion-2023\/logros-del-plan-de-desarrollo\/linea-reactivacion-economica-y-valle-del-software\/\">\n\t\t\t\t<i aria-hidden=\"true\" class=\"fas fa-arrow-right\"><\/i>\t\t\t\t<\/a>\n\t\t\t<\/div>\n\t\t\t\t\t\t<div class=\"elementor-icon-box-content\">\n\t\t\t\t<h3 class=\"elementor-icon-box-title\">\n\t\t\t\t\t<a href=\"https:\/\/www.medellin.gov.co\/es\/informe-gestion-2023\/logros-del-plan-de-desarrollo\/linea-reactivacion-economica-y-valle-del-software\/\" >\n\t\t\t\t\t\tReactivaci\u00f3n Econ\u00f3mica y Valle del Software\t\t\t\t\t<\/a>\n\t\t\t\t<\/h3>\n\t\t\t\t\t\t\t<\/div>\n\t\t<\/div>\n\t\t\t\t<\/div>\n\t\t\t\t<\/div>\n\t\t\t\t<div class=\"elementor-element elementor-element-c4e4c6d elementor-position-right elementor-mobile-position-right elementor-vertical-align-middle elementor-view-default elementor-widget elementor-widget-icon-box\" data-id=\"c4e4c6d\" data-element_type=\"widget\" data-widget_type=\"icon-box.default\">\n\t\t\t\t<div class=\"elementor-widget-container\">\n\t\t\t\t\t<div class=\"elementor-icon-box-wrapper\">\n\t\t\t\t\t\t<div class=\"elementor-icon-box-icon\">\n\t\t\t\t<a class=\"elementor-icon elementor-animation-\" href=\"https:\/\/www.medellin.gov.co\/es\/informe-gestion-2023\/logros-del-plan-de-desarrollo\/linea-transformacion-educativa-y-cultural\/\">\n\t\t\t\t<i aria-hidden=\"true\" class=\"fas fa-arrow-right\"><\/i>\t\t\t\t<\/a>\n\t\t\t<\/div>\n\t\t\t\t\t\t<div class=\"elementor-icon-box-content\">\n\t\t\t\t<h3 class=\"elementor-icon-box-title\">\n\t\t\t\t\t<a href=\"https:\/\/www.medellin.gov.co\/es\/informe-gestion-2023\/logros-del-plan-de-desarrollo\/linea-transformacion-educativa-y-cultural\/\" >\n\t\t\t\t\t\tTransformaci\u00f3n Educativa y cultural\t\t\t\t\t<\/a>\n\t\t\t\t<\/h3>\n\t\t\t\t\t\t\t<\/div>\n\t\t<\/div>\n\t\t\t\t<\/div>\n\t\t\t\t<\/div>\n\t\t\t\t<div class=\"elementor-element elementor-element-d084d28 elementor-position-right elementor-mobile-position-right elementor-vertical-align-middle elementor-view-default elementor-widget elementor-widget-icon-box\" data-id=\"d084d28\" data-element_type=\"widget\" data-widget_type=\"icon-box.default\">\n\t\t\t\t<div class=\"elementor-widget-container\">\n\t\t\t\t\t<div class=\"elementor-icon-box-wrapper\">\n\t\t\t\t\t\t<div class=\"elementor-icon-box-icon\">\n\t\t\t\t<a class=\"elementor-icon elementor-animation-\" href=\"https:\/\/www.medellin.gov.co\/es\/informe-gestion-2023\/logros-del-plan-de-desarrollo\/linea-medellin-me-cuida\/\">\n\t\t\t\t<i aria-hidden=\"true\" class=\"fas fa-arrow-right\"><\/i>\t\t\t\t<\/a>\n\t\t\t<\/div>\n\t\t\t\t\t\t<div class=\"elementor-icon-box-content\">\n\t\t\t\t<h3 class=\"elementor-icon-box-title\">\n\t\t\t\t\t<a href=\"https:\/\/www.medellin.gov.co\/es\/informe-gestion-2023\/logros-del-plan-de-desarrollo\/linea-medellin-me-cuida\/\" >\n\t\t\t\t\t\tMedell\u00edn me cuida\t\t\t\t\t<\/a>\n\t\t\t\t<\/h3>\n\t\t\t\t\t\t\t<\/div>\n\t\t<\/div>\n\t\t\t\t<\/div>\n\t\t\t\t<\/div>\n\t\t\t\t<div class=\"elementor-element elementor-element-be9a195 elementor-position-right elementor-mobile-position-right elementor-vertical-align-middle elementor-view-default elementor-widget elementor-widget-icon-box\" data-id=\"be9a195\" data-element_type=\"widget\" data-widget_type=\"icon-box.default\">\n\t\t\t\t<div class=\"elementor-widget-container\">\n\t\t\t\t\t<div class=\"elementor-icon-box-wrapper\">\n\t\t\t\t\t\t<div class=\"elementor-icon-box-icon\">\n\t\t\t\t<a class=\"elementor-icon elementor-animation-\" href=\"https:\/\/www.medellin.gov.co\/es\/informe-gestion-2023\/logros-del-plan-de-desarrollo\/linea-ecociudad\/\">\n\t\t\t\t<i aria-hidden=\"true\" class=\"fas fa-arrow-right\"><\/i>\t\t\t\t<\/a>\n\t\t\t<\/div>\n\t\t\t\t\t\t<div class=\"elementor-icon-box-content\">\n\t\t\t\t<h3 class=\"elementor-icon-box-title\">\n\t\t\t\t\t<a href=\"https:\/\/www.medellin.gov.co\/es\/informe-gestion-2023\/logros-del-plan-de-desarrollo\/linea-ecociudad\/\" >\n\t\t\t\t\t\tEcociudad\t\t\t\t\t<\/a>\n\t\t\t\t<\/h3>\n\t\t\t\t\t\t\t<\/div>\n\t\t<\/div>\n\t\t\t\t<\/div>\n\t\t\t\t<\/div>\n\t\t\t\t<div class=\"elementor-element elementor-element-2d30548 elementor-position-right elementor-mobile-position-right elementor-vertical-align-middle elementor-view-default elementor-widget elementor-widget-icon-box\" data-id=\"2d30548\" data-element_type=\"widget\" data-widget_type=\"icon-box.default\">\n\t\t\t\t<div class=\"elementor-widget-container\">\n\t\t\t\t\t<div class=\"elementor-icon-box-wrapper\">\n\t\t\t\t\t\t<div class=\"elementor-icon-box-icon\">\n\t\t\t\t<a class=\"elementor-icon elementor-animation-\" href=\"https:\/\/www.medellin.gov.co\/es\/informe-gestion-2023\/logros-del-plan-de-desarrollo\/linea-gobernanza-y-gobernabilidad\/\">\n\t\t\t\t<i aria-hidden=\"true\" class=\"fas fa-arrow-right\"><\/i>\t\t\t\t<\/a>\n\t\t\t<\/div>\n\t\t\t\t\t\t<div class=\"elementor-icon-box-content\">\n\t\t\t\t<h3 class=\"elementor-icon-box-title\">\n\t\t\t\t\t<a href=\"https:\/\/www.medellin.gov.co\/es\/informe-gestion-2023\/logros-del-plan-de-desarrollo\/linea-gobernanza-y-gobernabilidad\/\" >\n\t\t\t\t\t\tGobernanza y gobernabilidad\t\t\t\t\t<\/a>\n\t\t\t\t<\/h3>\n\t\t\t\t\t\t\t<\/div>\n\t\t<\/div>\n\t\t\t\t<\/div>\n\t\t\t\t<\/div>\n\t\t<\/div><\/div><div class=\"elementor-element elementor-element-d1c103f e-container--column e-container\" data-id=\"d1c103f\" data-element_type=\"container\">\t\t<div class=\"elementor-element elementor-element-7c16359 e-container--column e-container\" data-id=\"7c16359\" data-element_type=\"container\">\t\t<div class=\"elementor-element elementor-element-603e524 e-container--column e-container\" data-id=\"603e524\" data-element_type=\"container\" data-settings=\"{&quot;background_background&quot;:&quot;classic&quot;}\">\t\t<div class=\"elementor-element elementor-element-57324e9 e-container--column e-container\" data-id=\"57324e9\" data-element_type=\"container\">\t\t\t\t<div class=\"elementor-element elementor-element-41aa8ce elementor-grid-6 elementor-shape-rounded e-grid-align-center elementor-widget elementor-widget-social-icons\" data-id=\"41aa8ce\" data-element_type=\"widget\" data-widget_type=\"social-icons.default\">\n\t\t\t\t<div class=\"elementor-widget-container\">\n\t\t\t\t\t<div class=\"elementor-social-icons-wrapper elementor-grid\">\n\t\t\t\t\t\t\t<span class=\"elementor-grid-item\">\n\t\t\t\t\t<a class=\"elementor-icon elementor-social-icon elementor-social-icon-twitter elementor-animation-grow elementor-repeater-item-057f8dc\" href=\"https:\/\/twitter.com\/AlcaldiadeMed\" target=\"_blank\">\n\t\t\t\t\t\t<span class=\"elementor-screen-only\">Twitter<\/span>\n\t\t\t\t\t\t<i class=\"fab fa-twitter\"><\/i>\t\t\t\t\t<\/a>\n\t\t\t\t<\/span>\n\t\t\t\t\t\t\t<span class=\"elementor-grid-item\">\n\t\t\t\t\t<a class=\"elementor-icon elementor-social-icon elementor-social-icon-instagram elementor-animation-grow elementor-repeater-item-408bf32\" href=\"https:\/\/www.instagram.com\/alcaldiademed\/\" target=\"_blank\">\n\t\t\t\t\t\t<span class=\"elementor-screen-only\">Instagram<\/span>\n\t\t\t\t\t\t<i class=\"fab fa-instagram\"><\/i>\t\t\t\t\t<\/a>\n\t\t\t\t<\/span>\n\t\t\t\t\t\t\t<span class=\"elementor-grid-item\">\n\t\t\t\t\t<a class=\"elementor-icon elementor-social-icon elementor-social-icon-youtube elementor-animation-grow elementor-repeater-item-d62eec3\" href=\"https:\/\/www.youtube.com\/alcaldiademed\" target=\"_blank\">\n\t\t\t\t\t\t<span class=\"elementor-screen-only\">Youtube<\/span>\n\t\t\t\t\t\t<i class=\"fab fa-youtube\"><\/i>\t\t\t\t\t<\/a>\n\t\t\t\t<\/span>\n\t\t\t\t\t\t\t<span class=\"elementor-grid-item\">\n\t\t\t\t\t<a class=\"elementor-icon elementor-social-icon elementor-social-icon-linkedin elementor-animation-grow elementor-repeater-item-cf352cb\" href=\"https:\/\/www.facebook.com\/AlcaldiadeMed\" target=\"_blank\">\n\t\t\t\t\t\t<span class=\"elementor-screen-only\">Linkedin<\/span>\n\t\t\t\t\t\t<i class=\"fab fa-linkedin\"><\/i>\t\t\t\t\t<\/a>\n\t\t\t\t<\/span>\n\t\t\t\t\t\t\t<span class=\"elementor-grid-item\">\n\t\t\t\t\t<a class=\"elementor-icon elementor-social-icon elementor-social-icon-envelope elementor-animation-grow elementor-repeater-item-4c85c2f\" href=\"https:\/\/www.facebook.com\/AlcaldiadeMed\" target=\"_blank\">\n\t\t\t\t\t\t<span class=\"elementor-screen-only\">Envelope<\/span>\n\t\t\t\t\t\t<i class=\"fas fa-envelope\"><\/i>\t\t\t\t\t<\/a>\n\t\t\t\t<\/span>\n\t\t\t\t\t\t\t<span class=\"elementor-grid-item\">\n\t\t\t\t\t<a class=\"elementor-icon elementor-social-icon elementor-social-icon-file-download elementor-animation-grow elementor-repeater-item-6cfcc2a\" href=\"https:\/\/www.medellin.gov.co\/es\/informe-gestion-2023\/anexos-del-informe-de-gestion\/\" target=\"_blank\">\n\t\t\t\t\t\t<span class=\"elementor-screen-only\">File-download<\/span>\n\t\t\t\t\t\t<i class=\"fas fa-file-download\"><\/i>\t\t\t\t\t<\/a>\n\t\t\t\t<\/span>\n\t\t\t\t\t<\/div>\n\t\t\t\t<\/div>\n\t\t\t\t<\/div>\n\t\t<\/div><div class=\"elementor-element elementor-element-d29f3d8 e-container--row e-container\" data-id=\"d29f3d8\" data-element_type=\"container\">\t\t<div class=\"elementor-element elementor-element-ca20d2b e-container--column e-container\" data-id=\"ca20d2b\" data-element_type=\"container\">\t\t\t\t<div class=\"elementor-element elementor-element-1892f20 elementor-widget elementor-widget-heading\" data-id=\"1892f20\" data-element_type=\"widget\" data-widget_type=\"heading.default\">\n\t\t\t\t<div class=\"elementor-widget-container\">\n\t\t\t<h2 class=\"elementor-heading-title elementor-size-default\"><a href=\"https:\/\/www.medellin.gov.co\/es\/informe-gestion-2023\/logros-del-plan-de-desarrollo\/linea-reactivacion-economica-y-valle-del-software\/\">Reactivaci\u00f3n Econ\u00f3mica y Valle del Software<\/a><\/h2>\t\t<\/div>\n\t\t\t\t<\/div>\n\t\t<\/div><div class=\"elementor-element elementor-element-3d12d7d e-container--column e-container\" data-id=\"3d12d7d\" data-element_type=\"container\">\t\t\t\t<div class=\"elementor-element elementor-element-6a49e69 elementor-widget elementor-widget-heading\" data-id=\"6a49e69\" data-element_type=\"widget\" data-widget_type=\"heading.default\">\n\t\t\t\t<div class=\"elementor-widget-container\">\n\t\t\t<h2 class=\"elementor-heading-title elementor-size-default\"><a href=\"https:\/\/www.medellin.gov.co\/es\/informe-gestion-2023\/logros-del-plan-de-desarrollo\/linea-transformacion-educativa-y-cultural\/\">Transformaci\u00f3n educativa y cultural<\/a><\/h2>\t\t<\/div>\n\t\t\t\t<\/div>\n\t\t<\/div><div class=\"elementor-element elementor-element-6204146 e-container--column e-container\" data-id=\"6204146\" data-element_type=\"container\">\t\t\t\t<div class=\"elementor-element elementor-element-c8e4198 elementor-widget elementor-widget-heading\" data-id=\"c8e4198\" data-element_type=\"widget\" data-widget_type=\"heading.default\">\n\t\t\t\t<div class=\"elementor-widget-container\">\n\t\t\t<h2 class=\"elementor-heading-title elementor-size-default\"><a href=\"https:\/\/www.medellin.gov.co\/es\/informe-gestion-2023\/logros-del-plan-de-desarrollo\/linea-medellin-me-cuida\/\">Medell\u00edn me Cuida<\/a><\/h2>\t\t<\/div>\n\t\t\t\t<\/div>\n\t\t<\/div><div class=\"elementor-element elementor-element-b2a0d03 e-container--column e-container\" data-id=\"b2a0d03\" data-element_type=\"container\">\t\t\t\t<div class=\"elementor-element elementor-element-2f66e6a elementor-widget elementor-widget-heading\" data-id=\"2f66e6a\" data-element_type=\"widget\" data-widget_type=\"heading.default\">\n\t\t\t\t<div class=\"elementor-widget-container\">\n\t\t\t<h2 class=\"elementor-heading-title elementor-size-default\"><a href=\"https:\/\/www.medellin.gov.co\/es\/informe-gestion-2023\/logros-del-plan-de-desarrollo\/linea-ecociudad\/\">Ecociudad<\/a><\/h2>\t\t<\/div>\n\t\t\t\t<\/div>\n\t\t<\/div><div class=\"elementor-element elementor-element-cc7a62a e-container--column e-container\" data-id=\"cc7a62a\" data-element_type=\"container\">\t\t\t\t<div class=\"elementor-element elementor-element-fa031c3 elementor-widget elementor-widget-heading\" data-id=\"fa031c3\" data-element_type=\"widget\" data-widget_type=\"heading.default\">\n\t\t\t\t<div class=\"elementor-widget-container\">\n\t\t\t<h2 class=\"elementor-heading-title elementor-size-default\"><a href=\"https:\/\/www.medellin.gov.co\/es\/informe-gestion-2023\/logros-del-plan-de-desarrollo\/linea-gobernanza-y-gobernabilidad\/\">Gobernanza y Gobernabilidad<\/a><\/h2>\t\t<\/div>\n\t\t\t\t<\/div>\n\t\t<\/div><\/div><div class=\"elementor-element elementor-element-f9c2d19 e-container--row e-container\" data-id=\"f9c2d19\" data-element_type=\"container\">\t\t\t\t<div class=\"elementor-element elementor-element-9d2dd73 elementor-grid-1 elementor-grid-tablet-2 elementor-grid-mobile-1 elementor-widget elementor-widget-pp-logo-grid\" data-id=\"9d2dd73\" data-element_type=\"widget\" data-settings=\"{&quot;columns&quot;:&quot;1&quot;,&quot;columns_tablet&quot;:&quot;2&quot;,&quot;columns_mobile&quot;:&quot;1&quot;}\" data-widget_type=\"pp-logo-grid.default\">\n\t\t\t\t<div class=\"elementor-widget-container\">\n\t\t\t\t\t<div class=\"pp-logo-grid elementor-grid\">\n\t\t\t\t\t\t\t\t<div class=\"pp-grid-item-wrap elementor-grid-item elementor-repeater-item-93ceca6\">\n\t\t\t\t\t\t<div class=\"pp-grid-item\">\n\t\t\t\t\t\t\t\t\t\t\t\t\t<a href=\"https:\/\/www.medellin.gov.co\/\" target=\"_blank\">\n\t\t\t\t\t\t\t<img src=\"https:\/\/www.medellin.gov.co\/es\/wp-content\/uploads\/2023\/11\/cobranding-marca-1-1024x326.png\" alt=\"Marca ciudad\" \/>\t\t\t\t\t\t\t<\/a>\n\t\t\t\t\t\t\t\t\t\t\t\t\t<\/div>\n\t\t\t\t\t\t\t\t\t\t\t<\/div>\n\t\t\t\t\t\t\t<\/div>\n\t\t\t\t<\/div>\n\t\t\t\t<\/div>\n\t\t<\/div><\/div><\/div><\/div>\t\t\t\t\t\t\t<\/div>\n\t\t\t<\/div>\n\t\t\t\t\t<\/div>\n\t\t","protected":false},"excerpt":{"rendered":"<p>Logros del Plan de Desarrollo Materializamos un sue\u00f1o construido en colectivo. Consolidamos apuestas estrat\u00e9gicas que sientan las bases para la transformaci\u00f3n continua de Medell\u00edn. \u00a0 Reactivaci\u00f3n Econ\u00f3mica y Valle del Software \u00a0 Transformaci\u00f3n Educativa y &#8230;<\/p>\n","protected":false},"author":31,"featured_media":0,"parent":257501,"menu_order":0,"comment_status":"closed","ping_status":"closed","template":"feria_flores\/inicio.php","meta":[],"acf":[],"_links":{"self":[{"href":"https:\/\/www.medellin.gov.co\/es\/wp-json\/wp\/v2\/pages\/281883"}],"collection":[{"href":"https:\/\/www.medellin.gov.co\/es\/wp-json\/wp\/v2\/pages"}],"about":[{"href":"https:\/\/www.medellin.gov.co\/es\/wp-json\/wp\/v2\/types\/page"}],"author":[{"embeddable":true,"href":"https:\/\/www.medellin.gov.co\/es\/wp-json\/wp\/v2\/users\/31"}],"replies":[{"embeddable":true,"href":"https:\/\/www.medellin.gov.co\/es\/wp-json\/wp\/v2\/comments?post=281883"}],"version-history":[{"count":10,"href":"https:\/\/www.medellin.gov.co\/es\/wp-json\/wp\/v2\/pages\/281883\/revisions"}],"predecessor-version":[{"id":290359,"href":"https:\/\/www.medellin.gov.co\/es\/wp-json\/wp\/v2\/pages\/281883\/revisions\/290359"}],"up":[{"embeddable":true,"href":"https:\/\/www.medellin.gov.co\/es\/wp-json\/wp\/v2\/pages\/257501"}],"wp:attachment":[{"href":"https:\/\/www.medellin.gov.co\/es\/wp-json\/wp\/v2\/media?parent=281883"}],"curies":[{"name":"wp","href":"https:\/\/api.w.org\/{rel}","templated":true}]}}