{"id":282796,"date":"2023-11-26T22:07:28","date_gmt":"2023-11-27T03:07:28","guid":{"rendered":"https:\/\/www.medellin.gov.co\/es\/?page_id=282796"},"modified":"2025-06-11T09:58:27","modified_gmt":"2025-06-11T14:58:27","slug":"georreferenciacion-de-la-inversion-total-y-pp","status":"publish","type":"page","link":"https:\/\/www.medellin.gov.co\/es\/informe-gestion-2023\/georreferenciacion-de-la-inversion-total-y-pp\/","title":{"rendered":"Georreferenciaci\u00f3n de la inversi\u00f3n- Inversi\u00f3n total y PP"},"content":{"rendered":"\t\t<div data-elementor-type=\"wp-page\" data-elementor-id=\"282796\" class=\"elementor elementor-282796\">\n\t\t\t\t\t\t<div class=\"elementor-inner\">\n\t\t\t\t<div class=\"elementor-section-wrap\">\n\t\t\t\t\t\t\t<div class=\"elementor-element elementor-element-49f0b043 e-container--row e-container\" data-id=\"49f0b043\" data-element_type=\"container\">\t\t\t\t<div class=\"elementor-element elementor-element-cd4603c elementor-absolute elementor-view-default elementor-widget elementor-widget-icon\" data-id=\"cd4603c\" data-element_type=\"widget\" data-settings=\"{&quot;_position&quot;:&quot;absolute&quot;}\" data-widget_type=\"icon.default\">\n\t\t\t\t<div class=\"elementor-widget-container\">\n\t\t\t\t\t<div class=\"elementor-icon-wrapper\">\n\t\t\t<a class=\"elementor-icon\" href=\"https:\/\/www.medellin.gov.co\/es\/informe-gestion-2023\/\">\n\t\t\t<i aria-hidden=\"true\" class=\"fas fa-home\"><\/i>\t\t\t<\/a>\n\t\t<\/div>\n\t\t\t\t<\/div>\n\t\t\t\t<\/div>\n\t\t<div class=\"elementor-element elementor-element-5b96e5aa e-container--column e-container\" data-id=\"5b96e5aa\" data-element_type=\"container\" data-settings=\"{&quot;background_background&quot;:&quot;classic&quot;}\">\t\t\t\t<div class=\"elementor-element elementor-element-20eb196e elementor-grid-1 elementor-grid-tablet-1 elementor-grid-mobile-1 elementor-widget elementor-widget-pp-logo-grid\" data-id=\"20eb196e\" data-element_type=\"widget\" data-settings=\"{&quot;columns&quot;:&quot;1&quot;,&quot;columns_tablet&quot;:&quot;1&quot;,&quot;columns_mobile&quot;:&quot;1&quot;}\" data-widget_type=\"pp-logo-grid.default\">\n\t\t\t\t<div class=\"elementor-widget-container\">\n\t\t\t\t\t<div class=\"pp-logo-grid elementor-grid\">\n\t\t\t\t\t\t\t\t<div class=\"pp-grid-item-wrap elementor-grid-item elementor-repeater-item-93ceca6\">\n\t\t\t\t\t\t<div class=\"pp-grid-item\">\n\t\t\t\t\t\t<img src=\"https:\/\/www.medellin.gov.co\/es\/wp-content\/uploads\/2023\/11\/cobranding-marca-copia-2048x661.png\" alt=\"Marca ciudad\" \/>\t\t\t\t\t\t<\/div>\n\t\t\t\t\t\t\t\t\t\t\t<\/div>\n\t\t\t\t\t\t\t<\/div>\n\t\t\t\t<\/div>\n\t\t\t\t<\/div>\n\t\t\t\t<div class=\"elementor-element elementor-element-764c7a57 elementor-widget elementor-widget-heading\" data-id=\"764c7a57\" data-element_type=\"widget\" data-widget_type=\"heading.default\">\n\t\t\t\t<div class=\"elementor-widget-container\">\n\t\t\t<h1 class=\"elementor-heading-title elementor-size-default\">Georreferenciaci\u00f3n de la inversi\u00f3n<\/h1>\t\t<\/div>\n\t\t\t\t<\/div>\n\t\t\t\t<div class=\"elementor-element elementor-element-6730c4d4 elementor-widget elementor-widget-text-editor\" data-id=\"6730c4d4\" data-element_type=\"widget\" data-widget_type=\"text-editor.default\">\n\t\t\t\t<div class=\"elementor-widget-container\">\n\t\t\t\t\t\t\t\t<div class=\"elementor-text-editor elementor-clearfix\">\n\t\t\t\t<p>Hicimos de la transparencia nuestra bandera. Administramos eficazmente el presupuesto en este cuatrienio, invertimos $20,4 billones, evidenciados en la entrega de grandes obras de infraestructura, transporte, educaci\u00f3n y salud.<\/p>\t\t\t\t\t<\/div>\n\t\t\t\t\t\t<\/div>\n\t\t\t\t<\/div>\n\t\t<\/div><div class=\"elementor-element elementor-element-32eb47f0 e-container--column e-container\" data-id=\"32eb47f0\" data-element_type=\"container\" data-settings=\"{&quot;background_background&quot;:&quot;classic&quot;}\">\t\t<\/div><\/div><div class=\"elementor-element elementor-element-2f656c78 e-container--column e-container\" data-id=\"2f656c78\" data-element_type=\"container\" data-settings=\"{&quot;background_background&quot;:&quot;classic&quot;}\">\t\t<div class=\"elementor-element elementor-element-4016fc8b e-container--column e-container\" data-id=\"4016fc8b\" data-element_type=\"container\">\t\t\t\t<div class=\"elementor-element elementor-element-c46346d elementor-widget elementor-widget-text-editor\" data-id=\"c46346d\" data-element_type=\"widget\" data-widget_type=\"text-editor.default\">\n\t\t\t\t<div class=\"elementor-widget-container\">\n\t\t\t\t\t\t\t\t<div class=\"elementor-text-editor elementor-clearfix\">\n\t\t\t\t<p>Realizamos el ejercicio de territorializaci\u00f3n de la inversi\u00f3n por Comunas y Corregimientos. Esto, nos permiti\u00f3 localizar recursos por valor de 14,1 billones de pesos, es decir, el 69% de la inversi\u00f3n ejecutada en dicho periodo. Las comunas que registraron mayor inversi\u00f3n fueron Robledo, con $1.161.220 millones de pesos, seguido de Manrique y Doce de Octubre, donde se registr\u00f3 una inversi\u00f3n de $1.079.142 y $1.021.680 millones de pesos, esto ratifica nuestro compromiso con el norte de la ciudad.<\/p>\t\t\t\t\t<\/div>\n\t\t\t\t\t\t<\/div>\n\t\t\t\t<\/div>\n\t\t<\/div><\/div><div class=\"elementor-element elementor-element-4ce5af92 e-container--row e-container\" data-id=\"4ce5af92\" data-element_type=\"container\" id=\"escombros-cero\" data-settings=\"{&quot;background_background&quot;:&quot;classic&quot;}\">\t\t<div class=\"elementor-element elementor-element-3a963edc e-container--column e-container\" data-id=\"3a963edc\" data-element_type=\"container\">\t\t\t\t<div class=\"elementor-element elementor-element-7dbaf1ab elementor-skin-slideshow elementor-aspect-ratio-169 elementor-arrows-yes elementor-widget elementor-widget-media-carousel\" data-id=\"7dbaf1ab\" data-element_type=\"widget\" data-settings=\"{&quot;skin&quot;:&quot;slideshow&quot;,&quot;centered_slides&quot;:&quot;yes&quot;,&quot;autoplay_speed&quot;:4000,&quot;effect&quot;:&quot;slide&quot;,&quot;show_arrows&quot;:&quot;yes&quot;,&quot;speed&quot;:500,&quot;autoplay&quot;:&quot;yes&quot;,&quot;loop&quot;:&quot;yes&quot;,&quot;pause_on_hover&quot;:&quot;yes&quot;,&quot;pause_on_interaction&quot;:&quot;yes&quot;,&quot;space_between&quot;:{&quot;unit&quot;:&quot;px&quot;,&quot;size&quot;:10,&quot;sizes&quot;:[]},&quot;space_between_tablet&quot;:{&quot;unit&quot;:&quot;px&quot;,&quot;size&quot;:10,&quot;sizes&quot;:[]},&quot;space_between_mobile&quot;:{&quot;unit&quot;:&quot;px&quot;,&quot;size&quot;:10,&quot;sizes&quot;:[]}}\" data-widget_type=\"media-carousel.default\">\n\t\t\t\t<div class=\"elementor-widget-container\">\n\t\t\t\t\t<div class=\"elementor-swiper\">\n\t\t\t<div class=\"elementor-main-swiper swiper-container\">\n\t\t\t\t<div class=\"swiper-wrapper\">\n\t\t\t\t\t\t\t\t\t\t\t<div class=\"swiper-slide\">\n\t\t\t\t\t\t\t\t\t<div class=\"elementor-carousel-image\" style=\"background-image: url(https:\/\/www.medellin.gov.co\/es\/wp-content\/uploads\/2023\/12\/Mapas_Mesa-de-trabajo-1.jpg)\">\n\t\t\t\t\t<\/div>\n\t\t\t\t\t\t\t\t<\/div>\n\t\t\t\t\t\t\t\t\t\t\t<div class=\"swiper-slide\">\n\t\t\t\t\t\t\t\t\t<div class=\"elementor-carousel-image\" style=\"background-image: url(https:\/\/www.medellin.gov.co\/es\/wp-content\/uploads\/2023\/12\/Mapas-02-1.jpg)\">\n\t\t\t\t\t<\/div>\n\t\t\t\t\t\t\t\t<\/div>\n\t\t\t\t\t\t\t\t\t\t\t<div class=\"swiper-slide\">\n\t\t\t\t\t\t\t\t\t<div class=\"elementor-carousel-image\" style=\"background-image: url(https:\/\/www.medellin.gov.co\/es\/wp-content\/uploads\/2023\/12\/Mapas-03-1.jpg)\">\n\t\t\t\t\t<\/div>\n\t\t\t\t\t\t\t\t<\/div>\n\t\t\t\t\t\t\t\t\t\t\t<div class=\"swiper-slide\">\n\t\t\t\t\t\t\t\t\t<div class=\"elementor-carousel-image\" style=\"background-image: url(https:\/\/www.medellin.gov.co\/es\/wp-content\/uploads\/2023\/12\/Mapas-04-1.jpg)\">\n\t\t\t\t\t<\/div>\n\t\t\t\t\t\t\t\t<\/div>\n\t\t\t\t\t\t\t\t\t<\/div>\n\t\t\t\t\t\t\t\t\t\t\t\t\t\t\t\t\t\t\t\t<div class=\"elementor-swiper-button elementor-swiper-button-prev\">\n\t\t\t\t\t\t\t<i aria-hidden=\"true\" class=\"eicon-chevron-left\"><\/i>\t\t\t\t\t\t\t<span class=\"elementor-screen-only\">Anterior<\/span>\n\t\t\t\t\t\t<\/div>\n\t\t\t\t\t\t<div class=\"elementor-swiper-button elementor-swiper-button-next\">\n\t\t\t\t\t\t\t<i aria-hidden=\"true\" class=\"eicon-chevron-right\"><\/i>\t\t\t\t\t\t\t<span class=\"elementor-screen-only\">Siguiente<\/span>\n\t\t\t\t\t\t<\/div>\n\t\t\t\t\t\t\t\t\t\t\t\t<\/div>\n\t\t<\/div>\n\t\t\t\t<div class=\"elementor-swiper\">\n\t\t\t<div class=\"elementor-thumbnails-swiper swiper-container\">\n\t\t\t\t<div class=\"swiper-wrapper\">\n\t\t\t\t\t\t\t\t\t\t\t<div class=\"swiper-slide\">\n\t\t\t\t\t\t\t\t\t<div class=\"elementor-fit-aspect-ratio elementor-carousel-image\" style=\"background-image: url(https:\/\/www.medellin.gov.co\/es\/wp-content\/uploads\/2023\/12\/Mapas_Mesa-de-trabajo-1.jpg)\">\n\t\t\t\t\t<\/div>\n\t\t\t\t\t\t\t\t<\/div>\n\t\t\t\t\t\t\t\t\t\t\t<div class=\"swiper-slide\">\n\t\t\t\t\t\t\t\t\t<div class=\"elementor-fit-aspect-ratio elementor-carousel-image\" style=\"background-image: url(https:\/\/www.medellin.gov.co\/es\/wp-content\/uploads\/2023\/12\/Mapas-02-1.jpg)\">\n\t\t\t\t\t<\/div>\n\t\t\t\t\t\t\t\t<\/div>\n\t\t\t\t\t\t\t\t\t\t\t<div class=\"swiper-slide\">\n\t\t\t\t\t\t\t\t\t<div class=\"elementor-fit-aspect-ratio elementor-carousel-image\" style=\"background-image: url(https:\/\/www.medellin.gov.co\/es\/wp-content\/uploads\/2023\/12\/Mapas-03-1.jpg)\">\n\t\t\t\t\t<\/div>\n\t\t\t\t\t\t\t\t<\/div>\n\t\t\t\t\t\t\t\t\t\t\t<div class=\"swiper-slide\">\n\t\t\t\t\t\t\t\t\t<div class=\"elementor-fit-aspect-ratio elementor-carousel-image\" style=\"background-image: url(https:\/\/www.medellin.gov.co\/es\/wp-content\/uploads\/2023\/12\/Mapas-04-1.jpg)\">\n\t\t\t\t\t<\/div>\n\t\t\t\t\t\t\t\t<\/div>\n\t\t\t\t\t\t\t\t\t<\/div>\n\t\t\t\t\t\t\t\t\t\t\t\t\t\t\t\t\t\t\t\t\t<\/div>\n\t\t<\/div>\n\t\t\t\t<\/div>\n\t\t\t\t<\/div>\n\t\t<\/div><\/div><div class=\"elementor-element elementor-element-4ff92d3 e-container--column e-container\" data-id=\"4ff92d3\" data-element_type=\"container\">\t\t<div class=\"elementor-element elementor-element-0e1c7ed e-container--column e-container\" data-id=\"0e1c7ed\" data-element_type=\"container\">\t\t<div class=\"elementor-element elementor-element-0551df0 e-container--column e-container\" data-id=\"0551df0\" data-element_type=\"container\">\t\t<div class=\"elementor-element elementor-element-6fa8e0c e-container--column e-container\" data-id=\"6fa8e0c\" data-element_type=\"container\">\t\t<div class=\"elementor-element elementor-element-dca8976 e-container--column e-container\" data-id=\"dca8976\" data-element_type=\"container\">\t\t<div class=\"elementor-element elementor-element-3b7ee11 e-container--column e-container\" data-id=\"3b7ee11\" data-element_type=\"container\" data-settings=\"{&quot;background_background&quot;:&quot;classic&quot;}\">\t\t<div class=\"elementor-element elementor-element-6c39ad1 e-container--column e-container\" data-id=\"6c39ad1\" data-element_type=\"container\">\t\t\t\t<div class=\"elementor-element elementor-element-6c609a7 elementor-grid-6 elementor-shape-rounded e-grid-align-center elementor-widget elementor-widget-social-icons\" data-id=\"6c609a7\" data-element_type=\"widget\" data-widget_type=\"social-icons.default\">\n\t\t\t\t<div class=\"elementor-widget-container\">\n\t\t\t\t\t<div class=\"elementor-social-icons-wrapper elementor-grid\">\n\t\t\t\t\t\t\t<span class=\"elementor-grid-item\">\n\t\t\t\t\t<a class=\"elementor-icon elementor-social-icon elementor-social-icon-twitter elementor-animation-grow elementor-repeater-item-057f8dc\" href=\"https:\/\/twitter.com\/AlcaldiadeMed\" target=\"_blank\">\n\t\t\t\t\t\t<span class=\"elementor-screen-only\">Twitter<\/span>\n\t\t\t\t\t\t<i class=\"fab fa-twitter\"><\/i>\t\t\t\t\t<\/a>\n\t\t\t\t<\/span>\n\t\t\t\t\t\t\t<span class=\"elementor-grid-item\">\n\t\t\t\t\t<a class=\"elementor-icon elementor-social-icon elementor-social-icon-instagram elementor-animation-grow elementor-repeater-item-408bf32\" href=\"https:\/\/www.instagram.com\/alcaldiademed\/\" target=\"_blank\">\n\t\t\t\t\t\t<span class=\"elementor-screen-only\">Instagram<\/span>\n\t\t\t\t\t\t<i class=\"fab fa-instagram\"><\/i>\t\t\t\t\t<\/a>\n\t\t\t\t<\/span>\n\t\t\t\t\t\t\t<span class=\"elementor-grid-item\">\n\t\t\t\t\t<a class=\"elementor-icon elementor-social-icon elementor-social-icon-youtube elementor-animation-grow elementor-repeater-item-d62eec3\" href=\"https:\/\/www.youtube.com\/alcaldiademed\" target=\"_blank\">\n\t\t\t\t\t\t<span class=\"elementor-screen-only\">Youtube<\/span>\n\t\t\t\t\t\t<i class=\"fab fa-youtube\"><\/i>\t\t\t\t\t<\/a>\n\t\t\t\t<\/span>\n\t\t\t\t\t\t\t<span class=\"elementor-grid-item\">\n\t\t\t\t\t<a class=\"elementor-icon elementor-social-icon elementor-social-icon-linkedin elementor-animation-grow elementor-repeater-item-cf352cb\" href=\"https:\/\/www.facebook.com\/AlcaldiadeMed\" target=\"_blank\">\n\t\t\t\t\t\t<span class=\"elementor-screen-only\">Linkedin<\/span>\n\t\t\t\t\t\t<i class=\"fab fa-linkedin\"><\/i>\t\t\t\t\t<\/a>\n\t\t\t\t<\/span>\n\t\t\t\t\t\t\t<span class=\"elementor-grid-item\">\n\t\t\t\t\t<a class=\"elementor-icon elementor-social-icon elementor-social-icon-envelope elementor-animation-grow elementor-repeater-item-4c85c2f\" href=\"https:\/\/www.facebook.com\/AlcaldiadeMed\" target=\"_blank\">\n\t\t\t\t\t\t<span class=\"elementor-screen-only\">Envelope<\/span>\n\t\t\t\t\t\t<i class=\"fas fa-envelope\"><\/i>\t\t\t\t\t<\/a>\n\t\t\t\t<\/span>\n\t\t\t\t\t\t\t<span class=\"elementor-grid-item\">\n\t\t\t\t\t<a class=\"elementor-icon elementor-social-icon elementor-social-icon-file-download elementor-animation-grow elementor-repeater-item-6cfcc2a\" href=\"https:\/\/www.medellin.gov.co\/es\/informe-gestion-2023\/anexos-del-informe-de-gestion\/\" target=\"_blank\">\n\t\t\t\t\t\t<span class=\"elementor-screen-only\">File-download<\/span>\n\t\t\t\t\t\t<i class=\"fas fa-file-download\"><\/i>\t\t\t\t\t<\/a>\n\t\t\t\t<\/span>\n\t\t\t\t\t<\/div>\n\t\t\t\t<\/div>\n\t\t\t\t<\/div>\n\t\t<\/div><div class=\"elementor-element elementor-element-6d96a4d e-container--row e-container\" data-id=\"6d96a4d\" data-element_type=\"container\">\t\t<div class=\"elementor-element elementor-element-fdfed7f e-container--column e-container\" data-id=\"fdfed7f\" data-element_type=\"container\">\t\t\t\t<div class=\"elementor-element elementor-element-7a1e11d elementor-widget elementor-widget-heading\" data-id=\"7a1e11d\" data-element_type=\"widget\" data-widget_type=\"heading.default\">\n\t\t\t\t<div class=\"elementor-widget-container\">\n\t\t\t<h2 class=\"elementor-heading-title elementor-size-default\"><a href=\"https:\/\/www.medellin.gov.co\/es\/informe-gestion-2023\/logros-del-plan-de-desarrollo\/linea-reactivacion-economica-y-valle-del-software\/\">Reactivaci\u00f3n Econ\u00f3mica y Valle del Software<\/a><\/h2>\t\t<\/div>\n\t\t\t\t<\/div>\n\t\t<\/div><div class=\"elementor-element elementor-element-9873f43 e-container--column e-container\" data-id=\"9873f43\" data-element_type=\"container\">\t\t\t\t<div class=\"elementor-element elementor-element-3f184fb elementor-widget elementor-widget-heading\" data-id=\"3f184fb\" data-element_type=\"widget\" data-widget_type=\"heading.default\">\n\t\t\t\t<div class=\"elementor-widget-container\">\n\t\t\t<h2 class=\"elementor-heading-title elementor-size-default\"><a href=\"https:\/\/www.medellin.gov.co\/es\/informe-gestion-2023\/logros-del-plan-de-desarrollo\/linea-transformacion-educativa-y-cultural\/\">Transformaci\u00f3n educativa y cultural<\/a><\/h2>\t\t<\/div>\n\t\t\t\t<\/div>\n\t\t<\/div><div class=\"elementor-element elementor-element-e2a5048 e-container--column e-container\" data-id=\"e2a5048\" data-element_type=\"container\">\t\t\t\t<div class=\"elementor-element elementor-element-6dd0076 elementor-widget elementor-widget-heading\" data-id=\"6dd0076\" data-element_type=\"widget\" data-widget_type=\"heading.default\">\n\t\t\t\t<div class=\"elementor-widget-container\">\n\t\t\t<h2 class=\"elementor-heading-title elementor-size-default\"><a href=\"https:\/\/www.medellin.gov.co\/es\/informe-gestion-2023\/logros-del-plan-de-desarrollo\/linea-medellin-me-cuida\/\">Medell\u00edn me Cuida<\/a><\/h2>\t\t<\/div>\n\t\t\t\t<\/div>\n\t\t<\/div><div class=\"elementor-element elementor-element-8ffd980 e-container--column e-container\" data-id=\"8ffd980\" data-element_type=\"container\">\t\t\t\t<div class=\"elementor-element elementor-element-ae20f69 elementor-widget elementor-widget-heading\" data-id=\"ae20f69\" data-element_type=\"widget\" data-widget_type=\"heading.default\">\n\t\t\t\t<div class=\"elementor-widget-container\">\n\t\t\t<h2 class=\"elementor-heading-title elementor-size-default\"><a href=\"https:\/\/www.medellin.gov.co\/es\/informe-gestion-2023\/logros-del-plan-de-desarrollo\/linea-ecociudad\/\">Ecociudad<\/a><\/h2>\t\t<\/div>\n\t\t\t\t<\/div>\n\t\t<\/div><div class=\"elementor-element elementor-element-a27d330 e-container--column e-container\" data-id=\"a27d330\" data-element_type=\"container\">\t\t\t\t<div class=\"elementor-element elementor-element-1fec562 elementor-widget elementor-widget-heading\" data-id=\"1fec562\" data-element_type=\"widget\" data-widget_type=\"heading.default\">\n\t\t\t\t<div class=\"elementor-widget-container\">\n\t\t\t<h2 class=\"elementor-heading-title elementor-size-default\"><a href=\"https:\/\/www.medellin.gov.co\/es\/informe-gestion-2023\/logros-del-plan-de-desarrollo\/linea-gobernanza-y-gobernabilidad\/\">Gobernanza y Gobernabilidad<\/a><\/h2>\t\t<\/div>\n\t\t\t\t<\/div>\n\t\t<\/div><\/div><div class=\"elementor-element elementor-element-b272521 e-container--row e-container\" data-id=\"b272521\" data-element_type=\"container\">\t\t\t\t<div class=\"elementor-element elementor-element-a488521 elementor-grid-1 elementor-grid-tablet-2 elementor-grid-mobile-1 elementor-widget elementor-widget-pp-logo-grid\" data-id=\"a488521\" data-element_type=\"widget\" data-settings=\"{&quot;columns&quot;:&quot;1&quot;,&quot;columns_tablet&quot;:&quot;2&quot;,&quot;columns_mobile&quot;:&quot;1&quot;}\" data-widget_type=\"pp-logo-grid.default\">\n\t\t\t\t<div class=\"elementor-widget-container\">\n\t\t\t\t\t<div class=\"pp-logo-grid elementor-grid\">\n\t\t\t\t\t\t\t\t<div class=\"pp-grid-item-wrap elementor-grid-item elementor-repeater-item-93ceca6\">\n\t\t\t\t\t\t<div class=\"pp-grid-item\">\n\t\t\t\t\t\t\t\t\t\t\t\t\t<a href=\"https:\/\/www.medellin.gov.co\/\" target=\"_blank\">\n\t\t\t\t\t\t\t<img src=\"https:\/\/www.medellin.gov.co\/es\/wp-content\/uploads\/2023\/11\/cobranding-marca-1-1024x326.png\" alt=\"Marca ciudad\" \/>\t\t\t\t\t\t\t<\/a>\n\t\t\t\t\t\t\t\t\t\t\t\t\t<\/div>\n\t\t\t\t\t\t\t\t\t\t\t<\/div>\n\t\t\t\t\t\t\t<\/div>\n\t\t\t\t<\/div>\n\t\t\t\t<\/div>\n\t\t<\/div><\/div><\/div><\/div><\/div><\/div><\/div>\t\t\t\t\t\t\t<\/div>\n\t\t\t<\/div>\n\t\t\t\t\t<\/div>\n\t\t","protected":false},"excerpt":{"rendered":"<p>Georreferenciaci\u00f3n de la inversi\u00f3n Hicimos de la transparencia nuestra bandera. Administramos eficazmente el presupuesto en este cuatrienio, invertimos $20,4 billones, evidenciados en la entrega de grandes obras de infraestructura, transporte, educaci\u00f3n y salud. Realizamos el &#8230;<\/p>\n","protected":false},"author":31,"featured_media":0,"parent":257501,"menu_order":0,"comment_status":"closed","ping_status":"closed","template":"feria_flores\/inicio.php","meta":[],"acf":[],"_links":{"self":[{"href":"https:\/\/www.medellin.gov.co\/es\/wp-json\/wp\/v2\/pages\/282796"}],"collection":[{"href":"https:\/\/www.medellin.gov.co\/es\/wp-json\/wp\/v2\/pages"}],"about":[{"href":"https:\/\/www.medellin.gov.co\/es\/wp-json\/wp\/v2\/types\/page"}],"author":[{"embeddable":true,"href":"https:\/\/www.medellin.gov.co\/es\/wp-json\/wp\/v2\/users\/31"}],"replies":[{"embeddable":true,"href":"https:\/\/www.medellin.gov.co\/es\/wp-json\/wp\/v2\/comments?post=282796"}],"version-history":[{"count":10,"href":"https:\/\/www.medellin.gov.co\/es\/wp-json\/wp\/v2\/pages\/282796\/revisions"}],"predecessor-version":[{"id":290371,"href":"https:\/\/www.medellin.gov.co\/es\/wp-json\/wp\/v2\/pages\/282796\/revisions\/290371"}],"up":[{"embeddable":true,"href":"https:\/\/www.medellin.gov.co\/es\/wp-json\/wp\/v2\/pages\/257501"}],"wp:attachment":[{"href":"https:\/\/www.medellin.gov.co\/es\/wp-json\/wp\/v2\/media?parent=282796"}],"curies":[{"name":"wp","href":"https:\/\/api.w.org\/{rel}","templated":true}]}}