{"id":283128,"date":"2023-11-28T08:51:09","date_gmt":"2023-11-28T13:51:09","guid":{"rendered":"https:\/\/www.medellin.gov.co\/es\/?page_id=283128"},"modified":"2023-11-28T09:56:42","modified_gmt":"2023-11-28T14:56:42","slug":"publicaciones-del-observatorio-de-movilidad-de-medellin","status":"publish","type":"page","link":"https:\/\/www.medellin.gov.co\/es\/secretaria-de-movilidad\/observatorio-de-movilidad\/publicaciones-del-observatorio-de-movilidad-de-medellin\/","title":{"rendered":"Publicaciones del observatorio de Movilidad de Medell\u00edn"},"content":{"rendered":"\t\t<div data-elementor-type=\"wp-page\" data-elementor-id=\"283128\" class=\"elementor elementor-283128\">\n\t\t\t\t\t\t<div class=\"elementor-inner\">\n\t\t\t\t<div class=\"elementor-section-wrap\">\n\t\t\t\t\t\t\t<div class=\"elementor-element elementor-element-1ad5d3b e-container--column e-container\" data-id=\"1ad5d3b\" data-element_type=\"container\">\t\t\t\t<div class=\"elementor-element elementor-element-7a6c180 elementor-widget elementor-widget-heading\" data-id=\"7a6c180\" data-element_type=\"widget\" data-widget_type=\"heading.default\">\n\t\t\t\t<div class=\"elementor-widget-container\">\n\t\t\t<h1 class=\"elementor-heading-title elementor-size-default\">Publicaciones del Observatorio de Movilidad de Medell\u00edn<\/h1>\t\t<\/div>\n\t\t\t\t<\/div>\n\t\t<\/div><div class=\"elementor-element elementor-element-d5b4eb8 e-container--column e-container\" data-id=\"d5b4eb8\" data-element_type=\"container\">\t\t\t\t<div class=\"elementor-element elementor-element-6209b4e elementor-widget elementor-widget-text-editor\" data-id=\"6209b4e\" data-element_type=\"widget\" data-widget_type=\"text-editor.default\">\n\t\t\t\t<div class=\"elementor-widget-container\">\n\t\t\t\t\t\t\t\t<div class=\"elementor-text-editor elementor-clearfix\">\n\t\t\t\t<p>Conoce las principales publicaciones del observatorio de movilidad de Medell\u00edn<\/p><p>\u00a0<\/p><ul><li><a href=\"https:\/\/www.medellin.gov.co\/es\/wp-content\/uploads\/2023\/11\/Anuario-SV-Medellin-ANSV-2022.pdf\" target=\"_blank\" rel=\"noopener\">Anuario SV Medell\u00edn<\/a><\/li><li><a href=\"https:\/\/www.medellin.gov.co\/es\/wp-content\/uploads\/2023\/11\/PGV-Medellin-Los-Andes-2021.pdf\" target=\"_blank\" rel=\"noopener\">PGV Medell\u00edn<\/a><\/li><li><a href=\"https:\/\/www.medellin.gov.co\/es\/wp-content\/uploads\/2023\/11\/PSV-Motos-Medellin-BID-FRED-2023.pdf\" target=\"_blank\" rel=\"noopener\">PSV Motos Medell\u00edn<\/a><\/li><li><a href=\"https:\/\/www.medellin.gov.co\/es\/wp-content\/uploads\/2023\/11\/Revista-OMM-2022-2.pdf\" target=\"_blank\" rel=\"noopener\">Revista OMM 2022 &#8211; 2<\/a><\/li><li><a href=\"https:\/\/www.medellin.gov.co\/es\/wp-content\/uploads\/2023\/11\/Revista-OMM-2022-1.pdf\" target=\"_blank\" rel=\"noopener\">Revista OMM 2022 &#8211; 1<\/a><\/li><li><a href=\"https:\/\/www.medellin.gov.co\/es\/wp-content\/uploads\/2023\/11\/Revista-OMM-2021-4.pdf\" target=\"_blank\" rel=\"noopener\">Revista OMM 2021 &#8211; 4<\/a><\/li><li><a href=\"https:\/\/www.medellin.gov.co\/es\/wp-content\/uploads\/2023\/11\/Revista-OMM-2021-3.pdf\" target=\"_blank\" rel=\"noopener\">Revista OMM 2021 &#8211; 3<\/a><\/li><li><a href=\"https:\/\/www.medellin.gov.co\/es\/wp-content\/uploads\/2023\/11\/Revista-OMM-2021-2.pdf\" target=\"_blank\" rel=\"noopener\">Revista OMM 2021 &#8211; 2<\/a><\/li><li><a href=\"https:\/\/www.medellin.gov.co\/es\/wp-content\/uploads\/2023\/11\/Revista-OMM-2021-1.pdf\" target=\"_blank\" rel=\"noopener\">Revista OMM 2021 &#8211; 1<\/a><\/li><\/ul>\t\t\t\t\t<\/div>\n\t\t\t\t\t\t<\/div>\n\t\t\t\t<\/div>\n\t\t<\/div>\t\t\t\t\t\t\t<\/div>\n\t\t\t<\/div>\n\t\t\t\t\t<\/div>\n\t\t","protected":false},"excerpt":{"rendered":"<p>Publicaciones del Observatorio de Movilidad de Medell\u00edn Conoce las principales publicaciones del observatorio de movilidad de Medell\u00edn \u00a0 Anuario SV Medell\u00edn PGV Medell\u00edn PSV Motos Medell\u00edn Revista OMM 2022 &#8211; 2 Revista OMM 2022 &#8211; &#8230;<\/p>\n","protected":false},"author":31,"featured_media":193866,"parent":198015,"menu_order":0,"comment_status":"closed","ping_status":"closed","template":"sec-movilidad\/elementor.php","meta":[],"acf":[],"_links":{"self":[{"href":"https:\/\/www.medellin.gov.co\/es\/wp-json\/wp\/v2\/pages\/283128"}],"collection":[{"href":"https:\/\/www.medellin.gov.co\/es\/wp-json\/wp\/v2\/pages"}],"about":[{"href":"https:\/\/www.medellin.gov.co\/es\/wp-json\/wp\/v2\/types\/page"}],"author":[{"embeddable":true,"href":"https:\/\/www.medellin.gov.co\/es\/wp-json\/wp\/v2\/users\/31"}],"replies":[{"embeddable":true,"href":"https:\/\/www.medellin.gov.co\/es\/wp-json\/wp\/v2\/comments?post=283128"}],"version-history":[{"count":10,"href":"https:\/\/www.medellin.gov.co\/es\/wp-json\/wp\/v2\/pages\/283128\/revisions"}],"predecessor-version":[{"id":283189,"href":"https:\/\/www.medellin.gov.co\/es\/wp-json\/wp\/v2\/pages\/283128\/revisions\/283189"}],"up":[{"embeddable":true,"href":"https:\/\/www.medellin.gov.co\/es\/wp-json\/wp\/v2\/pages\/198015"}],"wp:featuredmedia":[{"embeddable":true,"href":"https:\/\/www.medellin.gov.co\/es\/wp-json\/wp\/v2\/media\/193866"}],"wp:attachment":[{"href":"https:\/\/www.medellin.gov.co\/es\/wp-json\/wp\/v2\/media?parent=283128"}],"curies":[{"name":"wp","href":"https:\/\/api.w.org\/{rel}","templated":true}]}}