{"id":304722,"date":"2024-03-12T11:32:20","date_gmt":"2024-03-12T16:32:20","guid":{"rendered":"https:\/\/www.medellin.gov.co\/es\/?page_id=304722"},"modified":"2024-07-11T15:54:25","modified_gmt":"2024-07-11T20:54:25","slug":"unidad-movil-de-tramites","status":"publish","type":"page","link":"https:\/\/www.medellin.gov.co\/es\/secretaria-de-movilidad\/sistema-inteligente-de-movilidad-de-medellin\/unidad-movil-de-tramites\/","title":{"rendered":"Unidad M\u00f3vil de Tr\u00e1mites"},"content":{"rendered":"\t\t<div data-elementor-type=\"wp-page\" data-elementor-id=\"304722\" class=\"elementor elementor-304722\">\n\t\t\t\t\t\t<div class=\"elementor-inner\">\n\t\t\t\t<div class=\"elementor-section-wrap\">\n\t\t\t\t\t\t\t<div class=\"elementor-element elementor-element-709a3cb e-container--column e-container\" data-id=\"709a3cb\" data-element_type=\"container\">\t\t\t\t<div class=\"elementor-element elementor-element-20c269f elementor-widget elementor-widget-heading\" data-id=\"20c269f\" data-element_type=\"widget\" data-widget_type=\"heading.default\">\n\t\t\t\t<div class=\"elementor-widget-container\">\n\t\t\t<h1 class=\"elementor-heading-title elementor-size-default\">Unidad M\u00f3vil de tr\u00e1mites<\/h1>\t\t<\/div>\n\t\t\t\t<\/div>\n\t\t<\/div><div class=\"elementor-element elementor-element-7f6d656 e-container--row e-container\" data-id=\"7f6d656\" data-element_type=\"container\">\t\t<div class=\"elementor-element elementor-element-5cb0846 e-container--column e-container\" data-id=\"5cb0846\" data-element_type=\"container\">\t\t\t\t<div class=\"elementor-element elementor-element-4b19e8c elementor-widget elementor-widget-image\" data-id=\"4b19e8c\" data-element_type=\"widget\" data-widget_type=\"image.default\">\n\t\t\t\t<div class=\"elementor-widget-container\">\n\t\t\t\t\t\t\t\t<div class=\"elementor-image\">\n\t\t\t\t\t\t\t\t\t\t\t\t<img width=\"708\" height=\"472\" src=\"https:\/\/www.medellin.gov.co\/es\/wp-content\/uploads\/2024\/07\/unidad-movil-tramites.jpg\" class=\"attachment-large size-large\" alt=\"Solicita la Unidad M\u00f3vil de Tr\u00e1mites\" loading=\"lazy\" srcset=\"https:\/\/www.medellin.gov.co\/es\/wp-content\/uploads\/2024\/07\/unidad-movil-tramites.jpg 708w, https:\/\/www.medellin.gov.co\/es\/wp-content\/uploads\/2024\/07\/unidad-movil-tramites-300x200.jpg 300w, https:\/\/www.medellin.gov.co\/es\/wp-content\/uploads\/2024\/07\/unidad-movil-tramites-150x100.jpg 150w\" sizes=\"(max-width: 708px) 100vw, 708px\" \/>\t\t\t\t\t\t\t\t\t\t\t\t\t\t<\/div>\n\t\t\t\t\t\t<\/div>\n\t\t\t\t<\/div>\n\t\t<\/div><div class=\"elementor-element elementor-element-0237ddd e-container--column e-container\" data-id=\"0237ddd\" data-element_type=\"container\">\t\t\t\t<div class=\"elementor-element elementor-element-08c6ecf elementor-widget elementor-widget-text-editor\" data-id=\"08c6ecf\" data-element_type=\"widget\" data-widget_type=\"text-editor.default\">\n\t\t\t\t<div class=\"elementor-widget-container\">\n\t\t\t\t\t\t\t\t<div class=\"elementor-text-editor elementor-clearfix\">\n\t\t\t\t<p>La <strong>Unidad M\u00f3vil de Tr\u00e1mites<\/strong> es un veh\u00edculo que se desplaza o ubica en distintos sitios de la ciudad y que cuenta con alta tecnolog\u00eda y personal capacitado para brindar asesor\u00eda gratuita sobre tr\u00e1mites y servicios, evitando que los ciudadanos se tengan que desplazar hasta la <a href=\"https:\/\/www.medellin.gov.co\/es\/secretaria-de-movilidad\/\" target=\"_blank\" rel=\"noopener\">Secretar\u00eda de Movilidad de Medell\u00edn<\/a>, ubicada en el\u00a0<a href=\"https:\/\/www.medellin.gov.co\/giscatalogacion\/srv\/api\/records\/5b848563-e852-4e1a-81d4-63c31d43f836\" target=\"_blank\" rel=\"noopener\">barrio Caribe<\/a>\u00a0al norte de la ciudad o a sus diferentes sedes, ofreciendo de esta manera una respuesta m\u00e1s r\u00e1pida y eficiente a las necesidades de los ciudadanos.<\/p><p>Algunos de los servicios que ofrece la Unidad M\u00f3vil de Tr\u00e1mites est\u00e1n relacionados con notificaciones por comparendos o inmovilizaci\u00f3n de veh\u00edculos, audiencias por incidentes y asesor\u00edas en tr\u00e1mites.<\/p><p>\u00a0<\/p>\t\t\t\t\t<\/div>\n\t\t\t\t\t\t<\/div>\n\t\t\t\t<\/div>\n\t\t<\/div><\/div><div class=\"elementor-element elementor-element-b70b602 e-container--column e-container\" data-id=\"b70b602\" data-element_type=\"container\">\t\t\t\t<div class=\"elementor-element elementor-element-32ae604 elementor-cta--skin-cover elementor-animated-content elementor-bg-transform elementor-bg-transform-zoom-in elementor-widget elementor-widget-call-to-action\" data-id=\"32ae604\" data-element_type=\"widget\" data-widget_type=\"call-to-action.default\">\n\t\t\t\t<div class=\"elementor-widget-container\">\n\t\t\t\t\t<a class=\"elementor-cta\" href=\"https:\/\/forms.office.com\/r\/F5YEhkf5z2\">\n\t\t\t\t\t<div class=\"elementor-cta__bg-wrapper\">\n\t\t\t\t<div class=\"elementor-cta__bg elementor-bg\" style=\"background-image: url(https:\/\/www.medellin.gov.co\/es\/wp-content\/uploads\/2023\/07\/Panoramica-Medellin-1-1024x676.jpg);\"><\/div>\n\t\t\t\t<div class=\"elementor-cta__bg-overlay\"><\/div>\n\t\t\t<\/div>\n\t\t\t\t\t\t\t<div class=\"elementor-cta__content\">\n\t\t\t\t\n\t\t\t\t<h2 class=\"elementor-cta__title elementor-cta__content-item elementor-content-item elementor-animated-item--grow\">\u00bfQuieres que la Unidad M\u00f3vil visite tu empresa, barrio o universidad?<\/h2>\n\t\t\t\t\n\t\t\t\t\t\t\t\t\t<div class=\"elementor-cta__button-wrapper elementor-cta__content-item elementor-content-item elementor-animated-item--grow\">\n\t\t\t\t\t<span class=\"elementor-cta__button elementor-button elementor-size-sm\">\n\t\t\t\t\t\tSolicita tu visita aqu\u00ed\t\t\t\t\t<\/span>\n\t\t\t\t\t<\/div>\n\t\t\t\t\t\t\t<\/div>\n\t\t\t\t\t\t<\/a>\n\t\t\t\t<\/div>\n\t\t\t\t<\/div>\n\t\t<\/div>\t\t\t\t\t\t\t<\/div>\n\t\t\t<\/div>\n\t\t\t\t\t<\/div>\n\t\t","protected":false},"excerpt":{"rendered":"<p>Unidad M\u00f3vil de tr\u00e1mites La Unidad M\u00f3vil de Tr\u00e1mites es un veh\u00edculo que se desplaza o ubica en distintos sitios de la ciudad y que cuenta con alta tecnolog\u00eda y personal capacitado para brindar asesor\u00eda &#8230;<\/p>\n","protected":false},"author":57,"featured_media":322445,"parent":15123,"menu_order":0,"comment_status":"closed","ping_status":"closed","template":"sec-movilidad\/elementor.php","meta":[],"acf":[],"_links":{"self":[{"href":"https:\/\/www.medellin.gov.co\/es\/wp-json\/wp\/v2\/pages\/304722"}],"collection":[{"href":"https:\/\/www.medellin.gov.co\/es\/wp-json\/wp\/v2\/pages"}],"about":[{"href":"https:\/\/www.medellin.gov.co\/es\/wp-json\/wp\/v2\/types\/page"}],"author":[{"embeddable":true,"href":"https:\/\/www.medellin.gov.co\/es\/wp-json\/wp\/v2\/users\/57"}],"replies":[{"embeddable":true,"href":"https:\/\/www.medellin.gov.co\/es\/wp-json\/wp\/v2\/comments?post=304722"}],"version-history":[{"count":11,"href":"https:\/\/www.medellin.gov.co\/es\/wp-json\/wp\/v2\/pages\/304722\/revisions"}],"predecessor-version":[{"id":322471,"href":"https:\/\/www.medellin.gov.co\/es\/wp-json\/wp\/v2\/pages\/304722\/revisions\/322471"}],"up":[{"embeddable":true,"href":"https:\/\/www.medellin.gov.co\/es\/wp-json\/wp\/v2\/pages\/15123"}],"wp:featuredmedia":[{"embeddable":true,"href":"https:\/\/www.medellin.gov.co\/es\/wp-json\/wp\/v2\/media\/322445"}],"wp:attachment":[{"href":"https:\/\/www.medellin.gov.co\/es\/wp-json\/wp\/v2\/media?parent=304722"}],"curies":[{"name":"wp","href":"https:\/\/api.w.org\/{rel}","templated":true}]}}