{"id":306008,"date":"2024-03-22T14:21:26","date_gmt":"2024-03-22T19:21:26","guid":{"rendered":"https:\/\/www.medellin.gov.co\/es\/?page_id=306008"},"modified":"2024-03-22T14:29:35","modified_gmt":"2024-03-22T19:29:35","slug":"formulario-de-esterilizacion-de-animales-de-compania","status":"publish","type":"page","link":"https:\/\/www.medellin.gov.co\/es\/secretaria-medio-ambiente\/proteccion-y-bienestar-animal\/formulario-de-esterilizacion-de-animales-de-compania\/","title":{"rendered":"Formulario de esterilizaci\u00f3n de animales de compa\u00f1\u00eda"},"content":{"rendered":"<p><center><div class=\"iframe-container\"><iframe src=\"https:\/\/www.medellin.gov.co\/data2\/DiligenciarEncuesta.do?token=TS180620215205988KYGYX\" width=\"100%\" height=\"1100\"><span data-mce-type=\"bookmark\" style=\"display: inline-block; width: 0px; overflow: hidden; line-height: 0;\" class=\"mce_SELRES_start\">\ufeff<\/span><\/iframe><\/div><\/center><\/p>\n","protected":false},"excerpt":{"rendered":"<p>\ufeff<\/p>\n","protected":false},"author":17,"featured_media":0,"parent":14208,"menu_order":0,"comment_status":"closed","ping_status":"closed","template":"sec-medio-ambiente\/elementor.php","meta":[],"acf":[],"_links":{"self":[{"href":"https:\/\/www.medellin.gov.co\/es\/wp-json\/wp\/v2\/pages\/306008"}],"collection":[{"href":"https:\/\/www.medellin.gov.co\/es\/wp-json\/wp\/v2\/pages"}],"about":[{"href":"https:\/\/www.medellin.gov.co\/es\/wp-json\/wp\/v2\/types\/page"}],"author":[{"embeddable":true,"href":"https:\/\/www.medellin.gov.co\/es\/wp-json\/wp\/v2\/users\/17"}],"replies":[{"embeddable":true,"href":"https:\/\/www.medellin.gov.co\/es\/wp-json\/wp\/v2\/comments?post=306008"}],"version-history":[{"count":10,"href":"https:\/\/www.medellin.gov.co\/es\/wp-json\/wp\/v2\/pages\/306008\/revisions"}],"predecessor-version":[{"id":306030,"href":"https:\/\/www.medellin.gov.co\/es\/wp-json\/wp\/v2\/pages\/306008\/revisions\/306030"}],"up":[{"embeddable":true,"href":"https:\/\/www.medellin.gov.co\/es\/wp-json\/wp\/v2\/pages\/14208"}],"wp:attachment":[{"href":"https:\/\/www.medellin.gov.co\/es\/wp-json\/wp\/v2\/media?parent=306008"}],"curies":[{"name":"wp","href":"https:\/\/api.w.org\/{rel}","templated":true}]}}