{"id":314656,"date":"2024-05-29T14:51:39","date_gmt":"2024-05-29T19:51:39","guid":{"rendered":"https:\/\/www.medellin.gov.co\/es\/?page_id=314656"},"modified":"2024-10-15T17:43:42","modified_gmt":"2024-10-15T22:43:42","slug":"convocatoria-de-agentes-temporales-de-transito","status":"publish","type":"page","link":"https:\/\/www.medellin.gov.co\/es\/secretaria-de-gestion-humana\/convocatoria-de-agentes-temporales-de-transito\/","title":{"rendered":"Convocatoria de Agentes Temporales de Tr\u00e1nsito"},"content":{"rendered":"\t\t<div data-elementor-type=\"wp-page\" data-elementor-id=\"314656\" class=\"elementor elementor-314656\">\n\t\t\t\t\t\t<div class=\"elementor-inner\">\n\t\t\t\t<div class=\"elementor-section-wrap\">\n\t\t\t\t\t\t\t<div class=\"elementor-element elementor-element-e8c0ad3 e-container--column e-container\" data-id=\"e8c0ad3\" data-element_type=\"container\">\t\t<\/div><div class=\"elementor-element elementor-element-8c446df e-container--column e-container\" data-id=\"8c446df\" data-element_type=\"container\">\t\t\t\t<div class=\"elementor-element elementor-element-1915428 elementor-widget elementor-widget-heading\" data-id=\"1915428\" data-element_type=\"widget\" data-widget_type=\"heading.default\">\n\t\t\t\t<div class=\"elementor-widget-container\">\n\t\t\t<h1 class=\"elementor-heading-title elementor-size-default\">Convocatoria de Agentes Temporales de Tr\u00e1nsito<\/h1>\t\t<\/div>\n\t\t\t\t<\/div>\n\t\t\t\t<div class=\"elementor-element elementor-element-b73f0fb elementor-widget elementor-widget-image\" data-id=\"b73f0fb\" data-element_type=\"widget\" data-widget_type=\"image.default\">\n\t\t\t\t<div class=\"elementor-widget-container\">\n\t\t\t\t\t\t\t\t<div class=\"elementor-image\">\n\t\t\t\t\t\t\t\t\t\t\t\t<img width=\"1280\" height=\"348\" src=\"https:\/\/www.medellin.gov.co\/es\/wp-content\/uploads\/2024\/09\/banner-transito..-09.jpg\" class=\"attachment-full size-full\" alt=\"\" loading=\"lazy\" srcset=\"https:\/\/www.medellin.gov.co\/es\/wp-content\/uploads\/2024\/09\/banner-transito..-09.jpg 1280w, https:\/\/www.medellin.gov.co\/es\/wp-content\/uploads\/2024\/09\/banner-transito..-09-300x82.jpg 300w, https:\/\/www.medellin.gov.co\/es\/wp-content\/uploads\/2024\/09\/banner-transito..-09-1024x278.jpg 1024w, https:\/\/www.medellin.gov.co\/es\/wp-content\/uploads\/2024\/09\/banner-transito..-09-150x41.jpg 150w, https:\/\/www.medellin.gov.co\/es\/wp-content\/uploads\/2024\/09\/banner-transito..-09-768x209.jpg 768w\" sizes=\"(max-width: 1280px) 100vw, 1280px\" \/>\t\t\t\t\t\t\t\t\t\t\t\t\t\t<\/div>\n\t\t\t\t\t\t<\/div>\n\t\t\t\t<\/div>\n\t\t<\/div><div class=\"elementor-element elementor-element-92b796e e-container--column e-container\" data-id=\"92b796e\" data-element_type=\"container\">\t\t\t\t<div class=\"elementor-element elementor-element-b77a599 elementor-widget elementor-widget-text-editor\" data-id=\"b77a599\" data-element_type=\"widget\" data-widget_type=\"text-editor.default\">\n\t\t\t\t<div class=\"elementor-widget-container\">\n\t\t\t\t\t\t\t\t<div class=\"elementor-text-editor elementor-clearfix\">\n\t\t\t\t<p><strong><span style=\"color: #800000;\">| Nuevo &#8211; 15|10|2024 | <\/span><\/strong><a href=\"https:\/\/www.medellin.gov.co\/es\/wp-content\/uploads\/2024\/10\/04AutoDecretaNulidadImpugancion2daInastancia004202410451.pdf\" target=\"_blank\" rel=\"noopener\">Auto proferido por el Juzgado Veintiocho (28) Laboral de Medell\u00edn el quince (15) de octubre de dos mil veinticuatro (2024), por medio del cual se decreta la nulidad<\/a> de lo actuado con posterioridad a la sentencia del 27 de septiembre de 2024, dentro de la acci\u00f3n de tutela <a href=\"https:\/\/www.medellin.gov.co\/es\/wp-content\/uploads\/2024\/10\/32SentenciaDeTutela202410451.pdf\" target=\"_blank\" rel=\"noopener\"><strong>RADICADO: <\/strong>2024 10451<\/a>, emitida por el Juzgado Cuarto Municipal de Peque\u00f1as Causas Laborales de Medell\u00edn.<\/p><p><a href=\"https:\/\/www.medellin.gov.co\/es\/wp-content\/uploads\/2024\/10\/32SentenciaDeTutela202410451.pdf\" target=\"_blank\" rel=\"noopener\">Sentencia del 27 de septiembre de 2024 <strong>RADICADO: <\/strong>2024 10451<\/a>, niega por improcedente.<\/p><p>| 23|09|2024 | <span style=\"color: #800000;\"><a href=\"https:\/\/www.medellin.gov.co\/es\/wp-content\/uploads\/2024\/09\/PUBLICACION_-7_RESULTADOS_DEFINITIVOS_PLANTA_TEMPORAL_AGENTES_TRANSITO.pdf\" target=\"_blank\" rel=\"noopener\">Publicaci\u00f3n N.7 &#8211; Resultados definitivos<\/a><\/span><br \/>| 19|09|2024 | <a href=\"https:\/\/www.medellin.gov.co\/es\/wp-content\/uploads\/2024\/09\/PUBLICACION-6.pdf\" target=\"_blank\" rel=\"noopener\">Publicaci\u00f3n N.6 &#8211; Resultados consolidados pruebas de car\u00e1cter eliminatorio y clasificatorio<\/a><br \/>| 11|09|2024 | <a href=\"https:\/\/www.medellin.gov.co\/es\/wp-content\/uploads\/2024\/09\/PUBLICACION-No-05-RESULTADOS-DEFINITIVOS-PRUEBAS-ELIMINATORIAS-Y-CITACION-A-PRUEBAS.pdf\" target=\"_blank\" rel=\"noopener\">Publicaci\u00f3n N.5 &#8211; Pruebas eliminatorias y citaci\u00f3n a pruebas<\/a><br \/>| 09|09|2024 | <a href=\"https:\/\/www.medellin.gov.co\/es\/wp-content\/uploads\/2024\/09\/PUBLICACION-N\u00b04-RESULTADOS-PRUEBAS-ELIMINATORIAS-PLANTA-TEMPORAL.pdf\" target=\"_blank\" rel=\"noopener\">Publicaci\u00f3n N.4 &#8211; Resultados pruebas eliminatorias<\/a><br \/>| 03|09|2024 |\u00a0<span style=\"color: #000000;\"><a href=\"https:\/\/www.medellin.gov.co\/es\/wp-content\/uploads\/2024\/09\/PUBLICACION-3.pdf\" target=\"_blank\" rel=\"noopener\">Publicaci\u00f3n N.3 &#8211; Listado definitivo de admitidos y no admitidos y citaci\u00f3n a pruebas eliminatorias<\/a><br \/>| 29|08|2024 | <a href=\"https:\/\/www.medellin.gov.co\/es\/wp-content\/uploads\/2024\/08\/Publicacion-2-Listado-de-Admitidos-y-no-Admitidos.pdf\" target=\"_blank\" rel=\"noopener\">Publicaci\u00f3n N.2 &#8211; Listado de admitidos y no admitidos<\/a>.<br \/>| 27|08|2024 |<\/span> Aviso informativo: El sistema se ha restablecido, sin embargo, debido al alto flujo de peticiones, se viene presentando intermitencias. El sistema seguir\u00e1 habilitado hasta completar las 200 citas. Se les solicita mantenerse conectado y seguir insistiendo en la solicitud de la cita.<br \/><span style=\"color: #000000;\">| 27|08|2024 |<\/span> Aviso informativo: Se informa a la ciudadan\u00eda que en la actualidad se presenta una falla en el sistema de asignaci\u00f3n de turnos para las citas dentro de la convocatoria para la provisi\u00f3n de la planta Temporal de Agentes de Tr\u00e1nsito. Estamos trabajando para su restablecimiento. Se les solicita mantenerse conectado y seguir insistiendo en la <a href=\"https:\/\/distritodemedellinvirtual.sistemasentry.com.co\/visionweb\/solicitarcita\" target=\"_blank\" rel=\"noopener\">solicitud de la cita<\/a>.<br \/><span style=\"color: #800000;\">| <\/span>26|08|2024<span style=\"color: #800000;\"> | <\/span><span style=\"color: #800000;\"><a href=\"https:\/\/www.medellin.gov.co\/es\/sala-de-prensa\/noticias\/el-martes-27-de-agosto-se-realizara-la-inscripcion-para-las-100-plazas-vacantes-de-la-planta-temporal-de-agentes-de-transito-en-medellin\/\" target=\"_blank\" rel=\"noopener\">El martes 27 de agosto se realizar\u00e1 la inscripci\u00f3n para las 100 plazas vacantes de la planta temporal de Agentes de Tr\u00e1nsito en Medell\u00edn<\/a><br \/><\/span><span style=\"color: #000000;\">| 16|08|2024 | <\/span><a href=\"https:\/\/www.medellin.gov.co\/es\/wp-content\/uploads\/2024\/08\/202430389032.pdf-MODIFICACION-2-16082024.pdf\" target=\"_blank\" rel=\"noopener\">Modificaci\u00f3n N. 02 &#8211; Convocatoria de Agentes Temporales de Tr\u00e1nsito<\/a><br \/><span style=\"color: #000000;\">| 16|08|2024 | <\/span><span style=\"color: #000000;\"><a href=\"https:\/\/www.medellin.gov.co\/es\/wp-content\/uploads\/2024\/08\/Instructivo-agendamiento-cita-proceso-agentes-temporales-version-final.pdf\" target=\"_blank\" rel=\"noopener\">Paso a paso solicitud de cita para la entrega de documentaci\u00f3n &#8211; Convocatoria de Agentes Temporales<\/a><\/span><span style=\"color: #000000;\"><br \/>| 15|08|2024 |<\/span>\u00a0<a href=\"https:\/\/www.medellin.gov.co\/es\/wp-content\/uploads\/2024\/08\/Modificacion-01-_202430386427.pdf\" target=\"_blank\" rel=\"noopener\">Modificaci\u00f3n N. 01 &#8211; Convocatoria de Agentes Temporales de Tr\u00e1nsito<\/a><br \/><span style=\"color: #000000;\">| 14|08|2024 |\u00a0<\/span><a href=\"https:\/\/www.medellin.gov.co\/es\/wp-content\/uploads\/2024\/08\/Convocatoria.pdf\" target=\"_blank\" rel=\"noopener\">Nuevo aviso informativo &#8211; Publicaci\u00f3n N. 01. Invitaci\u00f3n abierta<\/a><br \/><span style=\"color: #000000;\">| 13|08|2024 |\u00a0<\/span><a href=\"https:\/\/www.medellin.gov.co\/es\/wp-content\/uploads\/2024\/08\/AVISO_INFORMATIVO_CUMPLIMIENTO_FALLO_TUTELA_AgentesTransito.pdf\" target=\"_blank\" rel=\"noopener\">Nuevo aviso informativo &#8211; Cumplimiento fallo de tutela<\/a><\/p>\t\t\t\t\t<\/div>\n\t\t\t\t\t\t<\/div>\n\t\t\t\t<\/div>\n\t\t<\/div><div class=\"elementor-element elementor-element-785c960 e-container--column e-container\" data-id=\"785c960\" data-element_type=\"container\">\t\t\t\t<div class=\"elementor-element elementor-element-6b0ccb2 elementor-widget__width-inherit elementor-widget elementor-widget-spacer\" data-id=\"6b0ccb2\" data-element_type=\"widget\" data-widget_type=\"spacer.default\">\n\t\t\t\t<div class=\"elementor-widget-container\">\n\t\t\t\t\t<div class=\"elementor-spacer\">\n\t\t\t<div class=\"elementor-spacer-inner\"><\/div>\n\t\t<\/div>\n\t\t\t\t<\/div>\n\t\t\t\t<\/div>\n\t\t<\/div>\t\t\t\t\t\t\t<\/div>\n\t\t\t<\/div>\n\t\t\t\t\t<\/div>\n\t\t","protected":false},"excerpt":{"rendered":"<p>Convocatoria de Agentes Temporales de Tr\u00e1nsito | Nuevo &#8211; 19|09|2024 | Publicaci\u00f3n N.6 &#8211; Resultados consolidados pruebas de car\u00e1cter eliminatorio y clasificatorio | 11 |09|2024 | Publicaci\u00f3n N.5 &#8211; Puebas eliminatorias y citaci\u00f3n a pruebas &#8230;<\/p>\n","protected":false},"author":17,"featured_media":0,"parent":14147,"menu_order":0,"comment_status":"closed","ping_status":"closed","template":"sec-gestion-humana\/elementor.php","meta":[],"acf":[],"_links":{"self":[{"href":"https:\/\/www.medellin.gov.co\/es\/wp-json\/wp\/v2\/pages\/314656"}],"collection":[{"href":"https:\/\/www.medellin.gov.co\/es\/wp-json\/wp\/v2\/pages"}],"about":[{"href":"https:\/\/www.medellin.gov.co\/es\/wp-json\/wp\/v2\/types\/page"}],"author":[{"embeddable":true,"href":"https:\/\/www.medellin.gov.co\/es\/wp-json\/wp\/v2\/users\/17"}],"replies":[{"embeddable":true,"href":"https:\/\/www.medellin.gov.co\/es\/wp-json\/wp\/v2\/comments?post=314656"}],"version-history":[{"count":10,"href":"https:\/\/www.medellin.gov.co\/es\/wp-json\/wp\/v2\/pages\/314656\/revisions"}],"predecessor-version":[{"id":354021,"href":"https:\/\/www.medellin.gov.co\/es\/wp-json\/wp\/v2\/pages\/314656\/revisions\/354021"}],"up":[{"embeddable":true,"href":"https:\/\/www.medellin.gov.co\/es\/wp-json\/wp\/v2\/pages\/14147"}],"wp:attachment":[{"href":"https:\/\/www.medellin.gov.co\/es\/wp-json\/wp\/v2\/media?parent=314656"}],"curies":[{"name":"wp","href":"https:\/\/api.w.org\/{rel}","templated":true}]}}