{"id":321331,"date":"2024-07-05T16:14:31","date_gmt":"2024-07-05T21:14:31","guid":{"rendered":"https:\/\/www.medellin.gov.co\/es\/?page_id=321331"},"modified":"2025-09-23T13:44:28","modified_gmt":"2025-09-23T18:44:28","slug":"directorio-de-agremiaciones-o-asociaciones","status":"publish","type":"page","link":"https:\/\/www.medellin.gov.co\/es\/transparencia\/directorio-de-agremiaciones-o-asociaciones\/","title":{"rendered":"Directorio de agremiaciones o asociaciones"},"content":{"rendered":"\t\t<div data-elementor-type=\"wp-page\" data-elementor-id=\"321331\" class=\"elementor elementor-321331\">\n\t\t\t\t\t\t<div class=\"elementor-inner\">\n\t\t\t\t<div class=\"elementor-section-wrap\">\n\t\t\t\t\t\t\t<div class=\"elementor-element elementor-element-c94d40a e-container--column e-container\" data-id=\"c94d40a\" data-element_type=\"container\">\t\t<\/div><div class=\"elementor-element elementor-element-7514d17 e-container--column e-container\" data-id=\"7514d17\" data-element_type=\"container\">\t\t\t\t<div class=\"elementor-element elementor-element-72520e3 elementor-widget elementor-widget-heading\" data-id=\"72520e3\" data-element_type=\"widget\" data-widget_type=\"heading.default\">\n\t\t\t\t<div class=\"elementor-widget-container\">\n\t\t\t<h1 class=\"elementor-heading-title elementor-size-default\">Directorio de agremiaciones o asociaciones <\/h1>\t\t<\/div>\n\t\t\t\t<\/div>\n\t\t\t\t<div class=\"elementor-element elementor-element-a5cd1c0 elementor-widget elementor-widget-text-editor\" data-id=\"a5cd1c0\" data-element_type=\"widget\" data-widget_type=\"text-editor.default\">\n\t\t\t\t<div class=\"elementor-widget-container\">\n\t\t\t\t\t\t\t\t<div class=\"elementor-text-editor elementor-clearfix\">\n\t\t\t\t<p>Encuentra aqu\u00ed tel\u00e9fono, direcci\u00f3n y p\u00e1gina web de diferentes agremiaciones y asociaciones en las que el Distrito de Medell\u00edn es asociado.<\/p>\t\t\t\t\t<\/div>\n\t\t\t\t\t\t<\/div>\n\t\t\t\t<\/div>\n\t\t\t\t<div class=\"elementor-element elementor-element-41af80a elementor-widget elementor-widget-image\" data-id=\"41af80a\" data-element_type=\"widget\" data-widget_type=\"image.default\">\n\t\t\t\t<div class=\"elementor-widget-container\">\n\t\t\t\t\t\t\t\t<div class=\"elementor-image\">\n\t\t\t\t\t\t\t\t\t\t\t\t<img width=\"1024\" height=\"681\" src=\"https:\/\/www.medellin.gov.co\/es\/wp-content\/uploads\/2020\/07\/paronamica-ciudad-medellin.jpg\" class=\"attachment-full size-full\" alt=\"Panor\u00e1mica de Medell\u00edn\" loading=\"lazy\" srcset=\"https:\/\/www.medellin.gov.co\/es\/wp-content\/uploads\/2020\/07\/paronamica-ciudad-medellin.jpg 1024w, https:\/\/www.medellin.gov.co\/es\/wp-content\/uploads\/2020\/07\/paronamica-ciudad-medellin-300x200.jpg 300w, https:\/\/www.medellin.gov.co\/es\/wp-content\/uploads\/2020\/07\/paronamica-ciudad-medellin-150x100.jpg 150w, https:\/\/www.medellin.gov.co\/es\/wp-content\/uploads\/2020\/07\/paronamica-ciudad-medellin-768x511.jpg 768w\" sizes=\"(max-width: 1024px) 100vw, 1024px\" \/>\t\t\t\t\t\t\t\t\t\t\t\t\t\t<\/div>\n\t\t\t\t\t\t<\/div>\n\t\t\t\t<\/div>\n\t\t\t\t<div class=\"elementor-element elementor-element-7cdf7b7 elementor-widget elementor-widget-heading\" data-id=\"7cdf7b7\" data-element_type=\"widget\" data-widget_type=\"heading.default\">\n\t\t\t\t<div class=\"elementor-widget-container\">\n\t\t\t<h2 class=\"elementor-heading-title elementor-size-default\"><b>Agremiaciones<\/b><\/h2>\t\t<\/div>\n\t\t\t\t<\/div>\n\t\t<\/div><div class=\"elementor-element elementor-element-295aafa e-container--column e-container\" data-id=\"295aafa\" data-element_type=\"container\">\t\t\t\t<div class=\"elementor-element elementor-element-9d650f4 elementor-widget elementor-widget-pp-faq\" data-id=\"9d650f4\" data-element_type=\"widget\" data-settings=\"{&quot;faq_layout&quot;:&quot;accordion&quot;,&quot;accordion_type&quot;:&quot;accordion&quot;,&quot;toggle_speed&quot;:300}\" data-widget_type=\"pp-faq.default\">\n\t\t\t\t<div class=\"elementor-widget-container\">\n\t\t\t\t\t<div class=\"pp-faqs pp-advanced-accordion pp-toggle-icon-align-left\" id=\"pp-advanced-accordion-9d650f4\" data-accordion-id=\"9d650f4\">\n\t\t\t\t\t\t<div class=\"pp-faq-item-wrap elementor-grid-item\">\n\t\t\t\t<div class=\"pp-faq-item pp-accordion-item\">\n\t\t\t\t\t<div id=\"pp-accordion-tab-title-1651\" class=\"pp-faq-question pp-accordion-tab-title\" tabindex=\"1651\" data-tab=\"1\">\n\t\t\t\t\t\t<div class=\"pp-accordion-title-icon\">\n\t\t\t\t\t\t\t\t\t\t\t\t\t\t\t\t\t\t\t\t\t<div class=\"pp-accordion-title-text\">\n\t\t\t\t\t\t\t\tAsocapitales \t\t\t\t\t\t\t<\/div>\n\t\t\t\t\t\t<\/div>\n\t\t\t\t\t\t\t\t\t\t\t\t\t<div class=\"pp-accordion-toggle-icon\">\n\t\t\t\t\t\t\t\t\t\t\t\t\t\t\t\t\t<span class='pp-accordion-toggle-icon-close pp-icon'>\n\t\t\t\t\t\t\t\t\t\t<i aria-hidden=\"true\" class=\"fas fa-plus\"><\/i>\t\t\t\t\t\t\t\t\t<\/span>\n\t\t\t\t\t\t\t\t\t\t\t\t\t\t\t\t\t\t\t\t\t\t\t\t\t<span class='pp-accordion-toggle-icon-open pp-icon'>\n\t\t\t\t\t\t\t\t\t\t<i aria-hidden=\"true\" class=\"fas fa-minus\"><\/i>\t\t\t\t\t\t\t\t\t<\/span>\n\t\t\t\t\t\t\t\t\t\t\t\t\t\t\t<\/div>\n\t\t\t\t\t\t\t\t\t\t\t<\/div>\n\n\t\t\t\t\t<div id=\"pp-accordion-tab-content-1651\" class=\"pp-faq-answer pp-accordion-tab-content\" data-tab=\"1\">\n\t\t\t\t\t\t<p><strong>Tel\u00e9fono:<\/strong> (601) 5557541<br \/><strong>Direcci\u00f3n:<\/strong> Cra. 9 # 80-45 oficina 901<br \/><strong>Sitio web:\u00a0<\/strong><a href=\"https:\/\/www.asocapitales.co\/\">https:\/\/www.asocapitales.co\/<\/a>\u00a0\u00a0\u00a0 <br \/><strong>Correo: <\/strong><a href=\"mailto:info@asocapitales.co\">info@asocapitales.co<\/a><\/p>\n\t\t\t\t\t<\/div>\n\t\t\t\t<\/div>\n\t\t\t<\/div>\n\t\t\t\t\t<\/div>\n\t\t\t\t<\/div>\n\t\t\t\t<\/div>\n\t\t<\/div><div class=\"elementor-element elementor-element-6ce408a e-container--column e-container\" data-id=\"6ce408a\" data-element_type=\"container\">\t\t\t\t<div class=\"elementor-element elementor-element-9bacec9 elementor-widget elementor-widget-spacer\" data-id=\"9bacec9\" data-element_type=\"widget\" data-widget_type=\"spacer.default\">\n\t\t\t\t<div class=\"elementor-widget-container\">\n\t\t\t\t\t<div class=\"elementor-spacer\">\n\t\t\t<div class=\"elementor-spacer-inner\"><\/div>\n\t\t<\/div>\n\t\t\t\t<\/div>\n\t\t\t\t<\/div>\n\t\t<\/div>\t\t\t\t\t\t\t<\/div>\n\t\t\t<\/div>\n\t\t\t\t\t<\/div>\n\t\t","protected":false},"excerpt":{"rendered":"<p>Directorio de agremiaciones o asociaciones Encuentra aqu\u00ed tel\u00e9fono, direcci\u00f3n y p\u00e1gina web de diferentes agremiaciones y asociaciones en las que el Distrito de Medell\u00edn es asociado. Agremiaciones Asocapitales Tel\u00e9fono: (601) 5557541 Direcci\u00f3n: Cra. 9 # &#8230;<\/p>\n","protected":false},"author":21,"featured_media":51663,"parent":23043,"menu_order":0,"comment_status":"closed","ping_status":"closed","template":"vistas-homes-elementor\/home-transparencia.php","meta":[],"acf":[],"_links":{"self":[{"href":"https:\/\/www.medellin.gov.co\/es\/wp-json\/wp\/v2\/pages\/321331"}],"collection":[{"href":"https:\/\/www.medellin.gov.co\/es\/wp-json\/wp\/v2\/pages"}],"about":[{"href":"https:\/\/www.medellin.gov.co\/es\/wp-json\/wp\/v2\/types\/page"}],"author":[{"embeddable":true,"href":"https:\/\/www.medellin.gov.co\/es\/wp-json\/wp\/v2\/users\/21"}],"replies":[{"embeddable":true,"href":"https:\/\/www.medellin.gov.co\/es\/wp-json\/wp\/v2\/comments?post=321331"}],"version-history":[{"count":10,"href":"https:\/\/www.medellin.gov.co\/es\/wp-json\/wp\/v2\/pages\/321331\/revisions"}],"predecessor-version":[{"id":457989,"href":"https:\/\/www.medellin.gov.co\/es\/wp-json\/wp\/v2\/pages\/321331\/revisions\/457989"}],"up":[{"embeddable":true,"href":"https:\/\/www.medellin.gov.co\/es\/wp-json\/wp\/v2\/pages\/23043"}],"wp:featuredmedia":[{"embeddable":true,"href":"https:\/\/www.medellin.gov.co\/es\/wp-json\/wp\/v2\/media\/51663"}],"wp:attachment":[{"href":"https:\/\/www.medellin.gov.co\/es\/wp-json\/wp\/v2\/media?parent=321331"}],"curies":[{"name":"wp","href":"https:\/\/api.w.org\/{rel}","templated":true}]}}