{"id":321661,"date":"2024-07-09T10:07:02","date_gmt":"2024-07-09T15:07:02","guid":{"rendered":"https:\/\/www.medellin.gov.co\/es\/?page_id=321661"},"modified":"2026-03-18T13:59:41","modified_gmt":"2026-03-18T18:59:41","slug":"rendicion-publica-de-cuentas-planeacion-local-y-presupuesto-participativo","status":"publish","type":"page","link":"https:\/\/www.medellin.gov.co\/es\/secretaria-participacion-ciudadana\/planeacion-local-y-presupuesto-participativo\/haz-seguimiento\/rendicion-publica-de-cuentas-planeacion-local-y-presupuesto-participativo\/","title":{"rendered":"Rendici\u00f3n p\u00fablica de cuentas Planeaci\u00f3n Local y Presupuesto Participativo"},"content":{"rendered":"\t\t<div data-elementor-type=\"wp-page\" data-elementor-id=\"321661\" class=\"elementor elementor-321661\">\n\t\t\t\t\t\t<div class=\"elementor-inner\">\n\t\t\t\t<div class=\"elementor-section-wrap\">\n\t\t\t\t\t\t\t\t\t<section class=\"elementor-section elementor-top-section elementor-element elementor-element-7e1d5f79 elementor-section-boxed elementor-section-height-default elementor-section-height-default\" data-id=\"7e1d5f79\" data-element_type=\"section\">\n\t\t\t\t\t\t<div class=\"elementor-container elementor-column-gap-default\">\n\t\t\t\t\t\t\t<div class=\"elementor-row\">\n\t\t\t\t\t<div class=\"elementor-column elementor-col-100 elementor-top-column elementor-element elementor-element-2818cadc\" data-id=\"2818cadc\" data-element_type=\"column\">\n\t\t\t<div class=\"elementor-column-wrap elementor-element-populated\">\n\t\t\t\t\t\t\t<div class=\"elementor-widget-wrap\">\n\t\t\t\t\t\t<div class=\"elementor-element elementor-element-79f786f3 elementor-widget elementor-widget-text-editor\" data-id=\"79f786f3\" data-element_type=\"widget\" data-widget_type=\"text-editor.default\">\n\t\t\t\t<div class=\"elementor-widget-container\">\n\t\t\t\t\t\t\t\t<div class=\"elementor-text-editor elementor-clearfix\">\n\t\t\t\t<h1>Rendici\u00f3n p\u00fablica de cuentas de Planeaci\u00f3n Local y Presupuesto Participativo 2026<\/h1><p><strong style=\"font-size: 16px;\"><br \/>\u00bfPor qu\u00e9 rendir cuentas?<\/strong><\/p><p>En Medell\u00edn, los recursos p\u00fablicos son sagrados. Por eso, el Presupuesto Participativo te rinde cuentas de los resultados de los proyectos ejecutados en 2025 con los recursos del programa PDL y PP.<\/p><p>La rendici\u00f3n de cuentas fortalece la democracia y genera confianza entre la ciudadan\u00eda y las instituciones, garantizando el derecho a conocer c\u00f3mo se invierten los recursos p\u00fablicos.<\/p><p>Una ciudadan\u00eda informada fortalece los mecanismos de control social sobre la gesti\u00f3n p\u00fablica, facilita el cumplimiento de compromisos y garantiza la transparencia en los resultados de la gesti\u00f3n.<\/p><p>A continuaci\u00f3n, encontrar\u00e1s la estrategia y el cronograma del proceso de Rendici\u00f3n P\u00fablica de Cuentas para el 2026.<\/p><p>\u00a1Rendir cuentas para construir confianza!<br \/><br \/><\/p><div><p class=\"x_MsoNormal\"><img loading=\"lazy\" class=\"size-full wp-image-195481\" src=\"https:\/\/www.medellin.gov.co\/es\/wp-content\/uploads\/2023\/05\/Presupuesto-Participativo-1.jpg\" alt=\"Con incremento presupuestal del 120 % inician proyectos priorizados por presupuesto participativo para j\u00f3venes de Medell\u00edn\" width=\"1280\" height=\"720\" srcset=\"https:\/\/www.medellin.gov.co\/es\/wp-content\/uploads\/2023\/05\/Presupuesto-Participativo-1.jpg 1280w, https:\/\/www.medellin.gov.co\/es\/wp-content\/uploads\/2023\/05\/Presupuesto-Participativo-1-300x169.jpg 300w, https:\/\/www.medellin.gov.co\/es\/wp-content\/uploads\/2023\/05\/Presupuesto-Participativo-1-1024x576.jpg 1024w, https:\/\/www.medellin.gov.co\/es\/wp-content\/uploads\/2023\/05\/Presupuesto-Participativo-1-150x84.jpg 150w, https:\/\/www.medellin.gov.co\/es\/wp-content\/uploads\/2023\/05\/Presupuesto-Participativo-1-768x432.jpg 768w\" sizes=\"(max-width: 1280px) 100vw, 1280px\" \/><\/p><\/div>\t\t\t\t\t<\/div>\n\t\t\t\t\t\t<\/div>\n\t\t\t\t<\/div>\n\t\t\t\t\t\t<\/div>\n\t\t\t\t\t<\/div>\n\t\t<\/div>\n\t\t\t\t\t\t\t\t<\/div>\n\t\t\t\t\t<\/div>\n\t\t<\/section>\n\t\t<div class=\"elementor-element elementor-element-2af3e0a e-container--column e-container\" data-id=\"2af3e0a\" data-element_type=\"container\">\t\t\t\t<div class=\"elementor-element elementor-element-2eef14d elementor-widget elementor-widget-heading\" data-id=\"2eef14d\" data-element_type=\"widget\" data-widget_type=\"heading.default\">\n\t\t\t\t<div class=\"elementor-widget-container\">\n\t\t\t<h2 class=\"elementor-heading-title elementor-size-default\"><b>Estrategia de la Rendici\u00f3n <\/b> P\u00fablica de Cuentas 2026<\/h2>\t\t<\/div>\n\t\t\t\t<\/div>\n\t\t\t\t<div class=\"elementor-element elementor-element-6951223 elementor-widget elementor-widget-text-editor\" data-id=\"6951223\" data-element_type=\"widget\" data-widget_type=\"text-editor.default\">\n\t\t\t\t<div class=\"elementor-widget-container\">\n\t\t\t\t\t\t\t\t<div class=\"elementor-text-editor elementor-clearfix\">\n\t\t\t\t<p>Desde la Secretar\u00eda de Participaci\u00f3n Ciudadana se dise\u00f1a, orienta y desarrolla la estrategia de Rendici\u00f3n P\u00fablica de Cuentas, la cual se ubica en la fase 4 de la ruta metodol\u00f3gica del Programa de Planeaci\u00f3n del Desarrollo Local y Presupuesto Participativo en la ciudad.<strong>\u00a0<\/strong><\/p><p><strong>\u00a1Hacemos seguimiento a la ejecuci\u00f3n de proyectos y promovemos el control social al recurso!<\/strong><\/p>\t\t\t\t\t<\/div>\n\t\t\t\t\t\t<\/div>\n\t\t\t\t<\/div>\n\t\t\t\t<div class=\"elementor-element elementor-element-c19b915 elementor-tablet-align-left elementor-mobile-align-center elementor-widget elementor-widget-button\" data-id=\"c19b915\" data-element_type=\"widget\" data-widget_type=\"button.default\">\n\t\t\t\t<div class=\"elementor-widget-container\">\n\t\t\t\t\t<div class=\"elementor-button-wrapper\">\n\t\t\t<a href=\"https:\/\/www.medellin.gov.co\/es\/wp-content\/uploads\/2026\/03\/Ppt_030326_RER_ERDC.pdf\" target=\"_blank\" class=\"elementor-button-link elementor-button elementor-size-sm\" role=\"button\">\n\t\t\t\t\t\t<span class=\"elementor-button-content-wrapper\">\n\t\t\t\t\t\t<span class=\"elementor-button-text\">ESTRATEG\u00cdA RENDICI\u00d3N DE CUENTAS<\/span>\n\t\t<\/span>\n\t\t\t\t\t<\/a>\n\t\t<\/div>\n\t\t\t\t<\/div>\n\t\t\t\t<\/div>\n\t\t<\/div><div class=\"elementor-element elementor-element-160933c e-container--column e-container\" data-id=\"160933c\" data-element_type=\"container\">\t\t\t\t<div class=\"elementor-element elementor-element-291db55 elementor-widget elementor-widget-spacer\" data-id=\"291db55\" data-element_type=\"widget\" data-widget_type=\"spacer.default\">\n\t\t\t\t<div class=\"elementor-widget-container\">\n\t\t\t\t\t<div class=\"elementor-spacer\">\n\t\t\t<div class=\"elementor-spacer-inner\"><\/div>\n\t\t<\/div>\n\t\t\t\t<\/div>\n\t\t\t\t<\/div>\n\t\t<\/div><div class=\"elementor-element elementor-element-76993e5 e-container--column e-container\" data-id=\"76993e5\" data-element_type=\"container\">\t\t\t\t<div class=\"elementor-element elementor-element-75aad8a elementor-widget elementor-widget-heading\" data-id=\"75aad8a\" data-element_type=\"widget\" data-widget_type=\"heading.default\">\n\t\t\t\t<div class=\"elementor-widget-container\">\n\t\t\t<h2 class=\"elementor-heading-title elementor-size-default\"><b>Cronograma de la estrategia <\/b> de Rendici\u00f3n P\u00fablica de Cuentas 2026<\/h2>\t\t<\/div>\n\t\t\t\t<\/div>\n\t\t\t\t<div class=\"elementor-element elementor-element-2a51985 elementor-widget elementor-widget-text-editor\" data-id=\"2a51985\" data-element_type=\"widget\" data-widget_type=\"text-editor.default\">\n\t\t\t\t<div class=\"elementor-widget-container\">\n\t\t\t\t\t\t\t\t<div class=\"elementor-text-editor elementor-clearfix\">\n\t\t\t\t<p><strong>Conoce las fechas de la jornada <\/strong>de Rendici\u00f3n P\u00fablica de Cuentas para este 2026 programada para tu comuna o corregimiento y participa de ella.<\/p><p>El manejo transparente de los recursos de Presupuesto Participativo es fundamental para devolverle la confianza a Medell\u00edn.<\/p>\t\t\t\t\t<\/div>\n\t\t\t\t\t\t<\/div>\n\t\t\t\t<\/div>\n\t\t<\/div><div class=\"elementor-element elementor-element-cc9ed57 e-container--column e-container\" data-id=\"cc9ed57\" data-element_type=\"container\">\t\t\t\t<div class=\"elementor-element elementor-element-ebfea83 elementor-widget elementor-widget-spacer\" data-id=\"ebfea83\" data-element_type=\"widget\" data-widget_type=\"spacer.default\">\n\t\t\t\t<div class=\"elementor-widget-container\">\n\t\t\t\t\t<div class=\"elementor-spacer\">\n\t\t\t<div class=\"elementor-spacer-inner\"><\/div>\n\t\t<\/div>\n\t\t\t\t<\/div>\n\t\t\t\t<\/div>\n\t\t<\/div><div class=\"elementor-element elementor-element-241eaa0 e-container--column e-container\" data-id=\"241eaa0\" data-element_type=\"container\">\t\t\t\t<div class=\"elementor-element elementor-element-d1d5f23 elementor-widget elementor-widget-image\" data-id=\"d1d5f23\" data-element_type=\"widget\" data-widget_type=\"image.default\">\n\t\t\t\t<div class=\"elementor-widget-container\">\n\t\t\t\t\t\t\t\t<div class=\"elementor-image\">\n\t\t\t\t\t\t\t\t\t\t\t\t\t<a href=\"https:\/\/www.medellin.gov.co\/es\/wp-content\/uploads\/2026\/03\/0General.jpg\" data-elementor-open-lightbox=\"yes\" data-elementor-lightbox-title=\"Cronograma por comuna (Editable)\" e-action-hash=\"#elementor-action%3Aaction%3Dlightbox%26settings%3DeyJpZCI6NTEwMTYzLCJ1cmwiOiJodHRwczpcL1wvd3d3Lm1lZGVsbGluLmdvdi5jb1wvZXNcL3dwLWNvbnRlbnRcL3VwbG9hZHNcLzIwMjZcLzAzXC8wR2VuZXJhbC5qcGcifQ%3D%3D\">\n\t\t\t\t\t\t\t<img width=\"1280\" height=\"720\" src=\"https:\/\/www.medellin.gov.co\/es\/wp-content\/uploads\/2026\/03\/0General.jpg\" class=\"attachment-full size-full\" alt=\"Cronograma por comuna (Editable)\" loading=\"lazy\" srcset=\"https:\/\/www.medellin.gov.co\/es\/wp-content\/uploads\/2026\/03\/0General.jpg 1280w, https:\/\/www.medellin.gov.co\/es\/wp-content\/uploads\/2026\/03\/0General-300x169.jpg 300w, https:\/\/www.medellin.gov.co\/es\/wp-content\/uploads\/2026\/03\/0General-1024x576.jpg 1024w, https:\/\/www.medellin.gov.co\/es\/wp-content\/uploads\/2026\/03\/0General-150x84.jpg 150w, https:\/\/www.medellin.gov.co\/es\/wp-content\/uploads\/2026\/03\/0General-768x432.jpg 768w\" sizes=\"(max-width: 1280px) 100vw, 1280px\" \/>\t\t\t\t\t\t\t\t<\/a>\n\t\t\t\t\t\t\t\t\t\t\t\t\t\t<\/div>\n\t\t\t\t\t\t<\/div>\n\t\t\t\t<\/div>\n\t\t\t\t<div class=\"elementor-element elementor-element-460efe8 elementor-widget elementor-widget-spacer\" data-id=\"460efe8\" data-element_type=\"widget\" data-widget_type=\"spacer.default\">\n\t\t\t\t<div class=\"elementor-widget-container\">\n\t\t\t\t\t<div class=\"elementor-spacer\">\n\t\t\t<div class=\"elementor-spacer-inner\"><\/div>\n\t\t<\/div>\n\t\t\t\t<\/div>\n\t\t\t\t<\/div>\n\t\t<\/div><div class=\"elementor-element elementor-element-af6a499 e-container--column e-container\" data-id=\"af6a499\" data-element_type=\"container\">\t\t\t\t<div class=\"elementor-element elementor-element-862c7a9 elementor-arrows-position-inside elementor-pagination-position-outside elementor-widget elementor-widget-image-carousel\" data-id=\"862c7a9\" data-element_type=\"widget\" data-settings=\"{&quot;slides_to_show&quot;:&quot;4&quot;,&quot;navigation&quot;:&quot;both&quot;,&quot;autoplay&quot;:&quot;yes&quot;,&quot;pause_on_hover&quot;:&quot;yes&quot;,&quot;pause_on_interaction&quot;:&quot;yes&quot;,&quot;autoplay_speed&quot;:5000,&quot;infinite&quot;:&quot;yes&quot;,&quot;speed&quot;:500,&quot;image_spacing_custom&quot;:{&quot;unit&quot;:&quot;px&quot;,&quot;size&quot;:20,&quot;sizes&quot;:[]}}\" data-widget_type=\"image-carousel.default\">\n\t\t\t\t<div class=\"elementor-widget-container\">\n\t\t\t\t\t<div class=\"elementor-image-carousel-wrapper swiper-container\" dir=\"ltr\">\n\t\t\t<div class=\"elementor-image-carousel swiper-wrapper\">\n\t\t\t\t\t\t\t\t<div class=\"swiper-slide\"><figure class=\"swiper-slide-inner\"><img class=\"swiper-slide-image\" src=\"https:\/\/www.medellin.gov.co\/es\/wp-content\/uploads\/2026\/03\/1Popular.jpg\" alt=\"Invitacio\u0301nes por comuna (Editable)1\" \/><\/figure><\/div><div class=\"swiper-slide\"><figure class=\"swiper-slide-inner\"><img class=\"swiper-slide-image\" src=\"https:\/\/www.medellin.gov.co\/es\/wp-content\/uploads\/2026\/03\/2Santa-Cruz.jpg\" alt=\"Invitacio\u0301nes por comuna (Editable)2\" \/><\/figure><\/div><div class=\"swiper-slide\"><figure class=\"swiper-slide-inner\"><img class=\"swiper-slide-image\" src=\"https:\/\/www.medellin.gov.co\/es\/wp-content\/uploads\/2026\/03\/3manrique.jpg\" alt=\"Invitacio\u0301nes por comuna (Editable)3\" \/><\/figure><\/div><div class=\"swiper-slide\"><figure class=\"swiper-slide-inner\"><img class=\"swiper-slide-image\" src=\"https:\/\/www.medellin.gov.co\/es\/wp-content\/uploads\/2026\/03\/4Aranjuez.jpg\" alt=\"Invitacio\u0301nes por comuna (Editable)4\" \/><\/figure><\/div><div class=\"swiper-slide\"><figure class=\"swiper-slide-inner\"><img class=\"swiper-slide-image\" src=\"https:\/\/www.medellin.gov.co\/es\/wp-content\/uploads\/2026\/03\/5Castilla.jpg\" alt=\"Invitacio\u0301nes por comuna (Editable)5\" \/><\/figure><\/div><div class=\"swiper-slide\"><figure class=\"swiper-slide-inner\"><img class=\"swiper-slide-image\" src=\"https:\/\/www.medellin.gov.co\/es\/wp-content\/uploads\/2026\/03\/6Doce-de-octubre.jpg\" alt=\"Invitacio\u0301nes por comuna (Editable)6\" \/><\/figure><\/div><div class=\"swiper-slide\"><figure class=\"swiper-slide-inner\"><img class=\"swiper-slide-image\" src=\"https:\/\/www.medellin.gov.co\/es\/wp-content\/uploads\/2026\/03\/7Robledo.jpg\" alt=\"Invitacio\u0301nes por comuna (Editable)7\" \/><\/figure><\/div><div class=\"swiper-slide\"><figure class=\"swiper-slide-inner\"><img class=\"swiper-slide-image\" src=\"https:\/\/www.medellin.gov.co\/es\/wp-content\/uploads\/2026\/03\/8Villa-Hermosa-1.jpg\" alt=\"Cronograma por comuna 8(Editable)\" \/><\/figure><\/div><div class=\"swiper-slide\"><figure class=\"swiper-slide-inner\"><img class=\"swiper-slide-image\" src=\"https:\/\/www.medellin.gov.co\/es\/wp-content\/uploads\/2026\/03\/9Buenos-Aires.jpg\" alt=\"9Buenos Aires\" \/><\/figure><\/div><div class=\"swiper-slide\"><figure class=\"swiper-slide-inner\"><img class=\"swiper-slide-image\" src=\"https:\/\/www.medellin.gov.co\/es\/wp-content\/uploads\/2026\/03\/10La-Candelaria.jpg\" alt=\"Invitacio\u0301nes por comuna (Editable)10\" \/><\/figure><\/div><div class=\"swiper-slide\"><figure class=\"swiper-slide-inner\"><img class=\"swiper-slide-image\" src=\"https:\/\/www.medellin.gov.co\/es\/wp-content\/uploads\/2026\/03\/11Laureles-Estadio.jpg\" alt=\"Invitacio\u0301nes por comuna (Editable)11\" \/><\/figure><\/div><div class=\"swiper-slide\"><figure class=\"swiper-slide-inner\"><img class=\"swiper-slide-image\" src=\"https:\/\/www.medellin.gov.co\/es\/wp-content\/uploads\/2026\/03\/12La-Ame\u0301rica.jpg\" alt=\"Invitacio\u0301nes por comuna (Editable)12\" \/><\/figure><\/div><div class=\"swiper-slide\"><figure class=\"swiper-slide-inner\"><img class=\"swiper-slide-image\" src=\"https:\/\/www.medellin.gov.co\/es\/wp-content\/uploads\/2026\/03\/13San-Javier.jpg\" alt=\"Cronograma por comuna (Editable)13\" \/><\/figure><\/div><div class=\"swiper-slide\"><figure class=\"swiper-slide-inner\"><img class=\"swiper-slide-image\" src=\"https:\/\/www.medellin.gov.co\/es\/wp-content\/uploads\/2026\/03\/14El-Poblado.jpg\" alt=\"Invitacio\u0301nes por comuna (Editable)14\" \/><\/figure><\/div><div class=\"swiper-slide\"><figure class=\"swiper-slide-inner\"><img class=\"swiper-slide-image\" src=\"https:\/\/www.medellin.gov.co\/es\/wp-content\/uploads\/2026\/03\/15Guayabal-1.jpg\" alt=\"Cronograma por comuna 15 (Editable)\" \/><\/figure><\/div><div class=\"swiper-slide\"><figure class=\"swiper-slide-inner\"><img class=\"swiper-slide-image\" src=\"https:\/\/www.medellin.gov.co\/es\/wp-content\/uploads\/2026\/03\/16Bele\u0301n.jpg\" alt=\"Invitacio\u0301nes por comuna (Editable)16\" \/><\/figure><\/div><div class=\"swiper-slide\"><figure class=\"swiper-slide-inner\"><img class=\"swiper-slide-image\" src=\"https:\/\/www.medellin.gov.co\/es\/wp-content\/uploads\/2026\/03\/50-San-Sebasta\u0301n-de-Palmitas.jpg\" alt=\"Cronograma por comuna (Editable)50\" \/><\/figure><\/div><div class=\"swiper-slide\"><figure class=\"swiper-slide-inner\"><img class=\"swiper-slide-image\" src=\"https:\/\/www.medellin.gov.co\/es\/wp-content\/uploads\/2026\/03\/60-San-Cristo\u0301bal.jpg\" alt=\"Cronograma por comuna (Editable)60\" \/><\/figure><\/div><div class=\"swiper-slide\"><figure class=\"swiper-slide-inner\"><img class=\"swiper-slide-image\" src=\"https:\/\/www.medellin.gov.co\/es\/wp-content\/uploads\/2026\/03\/70-Altavista.jpg\" alt=\"Cronograma por comuna (Editable)70\" \/><\/figure><\/div><div class=\"swiper-slide\"><figure class=\"swiper-slide-inner\"><img class=\"swiper-slide-image\" src=\"https:\/\/www.medellin.gov.co\/es\/wp-content\/uploads\/2026\/03\/80-San-Antonio-de-Prado.jpg\" alt=\"Cronograma por comuna (Editable)80\" \/><\/figure><\/div><div class=\"swiper-slide\"><figure class=\"swiper-slide-inner\"><img class=\"swiper-slide-image\" src=\"https:\/\/www.medellin.gov.co\/es\/wp-content\/uploads\/2026\/03\/90-Santa-Elena.jpg\" alt=\"Cronograma por comuna 90 (Editable)\" \/><\/figure><\/div>\t\t\t<\/div>\n\t\t\t\t\t\t\t\t\t\t\t\t<div class=\"swiper-pagination\"><\/div>\n\t\t\t\t\t\t\t\t\t\t\t\t\t<div class=\"elementor-swiper-button elementor-swiper-button-prev\">\n\t\t\t\t\t\t<i aria-hidden=\"true\" class=\"eicon-chevron-left\"><\/i>\t\t\t\t\t\t<span class=\"elementor-screen-only\">Anterior<\/span>\n\t\t\t\t\t<\/div>\n\t\t\t\t\t<div class=\"elementor-swiper-button elementor-swiper-button-next\">\n\t\t\t\t\t\t<i aria-hidden=\"true\" class=\"eicon-chevron-right\"><\/i>\t\t\t\t\t\t<span class=\"elementor-screen-only\">Siguiente<\/span>\n\t\t\t\t\t<\/div>\n\t\t\t\t\t\t\t\t\t<\/div>\n\t\t\t\t<\/div>\n\t\t\t\t<\/div>\n\t\t<\/div>\t\t\t\t\t\t\t<\/div>\n\t\t\t<\/div>\n\t\t\t\t\t<\/div>\n\t\t","protected":false},"excerpt":{"rendered":"<p>Rendici\u00f3n p\u00fablica de cuentas de Planeaci\u00f3n Local y Presupuesto Participativo 2026 \u00bfPor qu\u00e9 rendir cuentas? En Medell\u00edn, los recursos p\u00fablicos son sagrados. Por eso, el Presupuesto Participativo te rinde cuentas de los resultados de los &#8230;<\/p>\n","protected":false},"author":21,"featured_media":159596,"parent":10349,"menu_order":0,"comment_status":"closed","ping_status":"closed","template":"","meta":[],"acf":[],"_links":{"self":[{"href":"https:\/\/www.medellin.gov.co\/es\/wp-json\/wp\/v2\/pages\/321661"}],"collection":[{"href":"https:\/\/www.medellin.gov.co\/es\/wp-json\/wp\/v2\/pages"}],"about":[{"href":"https:\/\/www.medellin.gov.co\/es\/wp-json\/wp\/v2\/types\/page"}],"author":[{"embeddable":true,"href":"https:\/\/www.medellin.gov.co\/es\/wp-json\/wp\/v2\/users\/21"}],"replies":[{"embeddable":true,"href":"https:\/\/www.medellin.gov.co\/es\/wp-json\/wp\/v2\/comments?post=321661"}],"version-history":[{"count":10,"href":"https:\/\/www.medellin.gov.co\/es\/wp-json\/wp\/v2\/pages\/321661\/revisions"}],"predecessor-version":[{"id":510194,"href":"https:\/\/www.medellin.gov.co\/es\/wp-json\/wp\/v2\/pages\/321661\/revisions\/510194"}],"up":[{"embeddable":true,"href":"https:\/\/www.medellin.gov.co\/es\/wp-json\/wp\/v2\/pages\/10349"}],"wp:featuredmedia":[{"embeddable":true,"href":"https:\/\/www.medellin.gov.co\/es\/wp-json\/wp\/v2\/media\/159596"}],"wp:attachment":[{"href":"https:\/\/www.medellin.gov.co\/es\/wp-json\/wp\/v2\/media?parent=321661"}],"curies":[{"name":"wp","href":"https:\/\/api.w.org\/{rel}","templated":true}]}}