{"id":324350,"date":"2024-07-17T13:37:49","date_gmt":"2024-07-17T18:37:49","guid":{"rendered":"https:\/\/www.medellin.gov.co\/es\/?page_id=324350"},"modified":"2026-01-13T15:07:47","modified_gmt":"2026-01-13T20:07:47","slug":"historico-de-demandas-en-contra-del-distrito-de-medellin","status":"publish","type":"page","link":"https:\/\/www.medellin.gov.co\/es\/transparencia\/historico-de-demandas-en-contra-del-distrito-de-medellin\/","title":{"rendered":"Hist\u00f3rico de Demandas en contra del Distrito de Medell\u00edn"},"content":{"rendered":"\t\t<div data-elementor-type=\"wp-page\" data-elementor-id=\"324350\" class=\"elementor elementor-324350\">\n\t\t\t\t\t\t<div class=\"elementor-inner\">\n\t\t\t\t<div class=\"elementor-section-wrap\">\n\t\t\t\t\t\t\t\t\t<section class=\"elementor-section elementor-top-section elementor-element elementor-element-1d0f799 elementor-section-boxed elementor-section-height-default elementor-section-height-default\" data-id=\"1d0f799\" data-element_type=\"section\">\n\t\t\t\t\t\t<div class=\"elementor-container elementor-column-gap-default\">\n\t\t\t\t\t\t\t<div class=\"elementor-row\">\n\t\t\t\t\t<div class=\"elementor-column elementor-col-100 elementor-top-column elementor-element elementor-element-53abb8c\" data-id=\"53abb8c\" data-element_type=\"column\">\n\t\t\t<div class=\"elementor-column-wrap elementor-element-populated\">\n\t\t\t\t\t\t\t<div class=\"elementor-widget-wrap\">\n\t\t\t\t<div class=\"elementor-element elementor-element-dd37d65 e-container--column e-container\" data-id=\"dd37d65\" data-element_type=\"container\">\t\t<div class=\"elementor-element elementor-element-4dfb713 e-container--column e-container\" data-id=\"4dfb713\" data-element_type=\"container\">\t\t\t\t<div class=\"elementor-element elementor-element-0dedb76 elementor-widget elementor-widget-spacer\" data-id=\"0dedb76\" data-element_type=\"widget\" data-widget_type=\"spacer.default\">\n\t\t\t\t<div class=\"elementor-widget-container\">\n\t\t\t\t\t<div class=\"elementor-spacer\">\n\t\t\t<div class=\"elementor-spacer-inner\"><\/div>\n\t\t<\/div>\n\t\t\t\t<\/div>\n\t\t\t\t<\/div>\n\t\t\t\t<div class=\"elementor-element elementor-element-3c0d882 elementor-widget elementor-widget-heading\" data-id=\"3c0d882\" data-element_type=\"widget\" data-widget_type=\"heading.default\">\n\t\t\t\t<div class=\"elementor-widget-container\">\n\t\t\t<h1 class=\"elementor-heading-title elementor-size-default\">Hist\u00f3rico de Demandas en contra del Distrito de Medell\u00edn<\/h1>\t\t<\/div>\n\t\t\t\t<\/div>\n\t\t\t\t<div class=\"elementor-element elementor-element-077e09e elementor-widget elementor-widget-image\" data-id=\"077e09e\" data-element_type=\"widget\" data-widget_type=\"image.default\">\n\t\t\t\t<div class=\"elementor-widget-container\">\n\t\t\t\t\t\t\t\t<div class=\"elementor-image\">\n\t\t\t\t\t\t\t\t\t\t\t\t<img width=\"1200\" height=\"674\" src=\"https:\/\/www.medellin.gov.co\/es\/wp-content\/uploads\/2023\/04\/Alcaldia-Sostenible-7.jpg\" class=\"attachment-full size-full\" alt=\"Panor\u00e1mica Alcald\u00eda\" loading=\"lazy\" srcset=\"https:\/\/www.medellin.gov.co\/es\/wp-content\/uploads\/2023\/04\/Alcaldia-Sostenible-7.jpg 1200w, https:\/\/www.medellin.gov.co\/es\/wp-content\/uploads\/2023\/04\/Alcaldia-Sostenible-7-300x169.jpg 300w, https:\/\/www.medellin.gov.co\/es\/wp-content\/uploads\/2023\/04\/Alcaldia-Sostenible-7-1024x575.jpg 1024w, https:\/\/www.medellin.gov.co\/es\/wp-content\/uploads\/2023\/04\/Alcaldia-Sostenible-7-150x84.jpg 150w, https:\/\/www.medellin.gov.co\/es\/wp-content\/uploads\/2023\/04\/Alcaldia-Sostenible-7-768x431.jpg 768w\" sizes=\"(max-width: 1200px) 100vw, 1200px\" \/>\t\t\t\t\t\t\t\t\t\t\t\t\t\t<\/div>\n\t\t\t\t\t\t<\/div>\n\t\t\t\t<\/div>\n\t\t\t\t<div class=\"elementor-element elementor-element-6e7ff07 elementor-widget elementor-widget-text-editor\" data-id=\"6e7ff07\" data-element_type=\"widget\" data-widget_type=\"text-editor.default\">\n\t\t\t\t<div class=\"elementor-widget-container\">\n\t\t\t\t\t\t\t\t<div class=\"elementor-text-editor elementor-clearfix\">\n\t\t\t\t<p>Conoce el hist\u00f3rico por trimestres de demanadas en contra del Distrito de Medell\u00edn.<\/p>\t\t\t\t\t<\/div>\n\t\t\t\t\t\t<\/div>\n\t\t\t\t<\/div>\n\t\t\t\t<div class=\"elementor-element elementor-element-9db1fdb elementor-widget elementor-widget-heading\" data-id=\"9db1fdb\" data-element_type=\"widget\" data-widget_type=\"heading.default\">\n\t\t\t\t<div class=\"elementor-widget-container\">\n\t\t\t<h2 class=\"elementor-heading-title elementor-size-default\"><b>Demandas<\/b> 2025<\/h2>\t\t<\/div>\n\t\t\t\t<\/div>\n\t\t\t\t<div class=\"elementor-element elementor-element-84f36b7 elementor-widget elementor-widget-text-editor\" data-id=\"84f36b7\" data-element_type=\"widget\" data-widget_type=\"text-editor.default\">\n\t\t\t\t<div class=\"elementor-widget-container\">\n\t\t\t\t\t\t\t\t<div class=\"elementor-text-editor elementor-clearfix\">\n\t\t\t\t<ul><li><a href=\"https:\/\/www.medellin.gov.co\/es\/wp-content\/uploads\/2025\/08\/DEMANDAS_EN_CONTRA_I_2025.pdf\" target=\"_blank\" rel=\"noopener\">Primer trimestre<\/a><\/li><li><a href=\"https:\/\/www.medellin.gov.co\/es\/wp-content\/uploads\/2025\/08\/DEMANDAS_EN_CONTRA_II_2025.pdf\" target=\"_blank\" rel=\"noopener\">Segundo trimestre<\/a><\/li><li><a href=\"https:\/\/www.medellin.gov.co\/es\/wp-content\/uploads\/2026\/01\/DEMANDAS_EN_CONTRA_III_2025.pdf\" target=\"_blank\" rel=\"noopener\">Tercer trimestre<\/a><\/li><li><a href=\"https:\/\/www.medellin.gov.co\/es\/wp-content\/uploads\/2026\/01\/DEMANDAS_EN_CONTRA_IV_2025.pdf\" target=\"_blank\" rel=\"noopener\">Cuarto trimestre<\/a><\/li><\/ul>\t\t\t\t\t<\/div>\n\t\t\t\t\t\t<\/div>\n\t\t\t\t<\/div>\n\t\t\t\t<div class=\"elementor-element elementor-element-bbc23dc elementor-widget elementor-widget-heading\" data-id=\"bbc23dc\" data-element_type=\"widget\" data-widget_type=\"heading.default\">\n\t\t\t\t<div class=\"elementor-widget-container\">\n\t\t\t<h2 class=\"elementor-heading-title elementor-size-default\"><b>Demandas<\/b> 2024<\/h2>\t\t<\/div>\n\t\t\t\t<\/div>\n\t\t\t\t<div class=\"elementor-element elementor-element-ff38e1e elementor-widget elementor-widget-text-editor\" data-id=\"ff38e1e\" data-element_type=\"widget\" data-widget_type=\"text-editor.default\">\n\t\t\t\t<div class=\"elementor-widget-container\">\n\t\t\t\t\t\t\t\t<div class=\"elementor-text-editor elementor-clearfix\">\n\t\t\t\t<ul><li><a href=\"https:\/\/www.medellin.gov.co\/es\/wp-content\/uploads\/2025\/05\/DEMANDAS_EN_CONTRA_I_2024.pdf\" target=\"_blank\" rel=\"noopener\">Primer trimestre<\/a><\/li><li><a href=\"https:\/\/www.medellin.gov.co\/es\/wp-content\/uploads\/2024\/07\/DEMANDAS_EN_CONTRA_II_2024.pdf\" target=\"_blank\" rel=\"noopener\">Segundo trimestre<\/a><\/li><li><a href=\"https:\/\/www.medellin.gov.co\/es\/wp-content\/uploads\/2025\/05\/DEMANDAS_EN_CONTRA_III_2024.pdf\" target=\"_blank\" rel=\"noopener\">Tercer trimestre<\/a><\/li><li><a href=\"https:\/\/www.medellin.gov.co\/es\/wp-content\/uploads\/2025\/05\/DEMANDAS_EN_CONTRA_IV_2024.pdf\" target=\"_blank\" rel=\"noopener\">Cuart0 trimestre<\/a><\/li><\/ul>\t\t\t\t\t<\/div>\n\t\t\t\t\t\t<\/div>\n\t\t\t\t<\/div>\n\t\t\t\t<div class=\"elementor-element elementor-element-419968c elementor-widget elementor-widget-heading\" data-id=\"419968c\" data-element_type=\"widget\" data-widget_type=\"heading.default\">\n\t\t\t\t<div class=\"elementor-widget-container\">\n\t\t\t<h2 class=\"elementor-heading-title elementor-size-default\"><b>Demandas<\/b> 2023<\/h2>\t\t<\/div>\n\t\t\t\t<\/div>\n\t\t\t\t<div class=\"elementor-element elementor-element-8e96b00 elementor-widget elementor-widget-text-editor\" data-id=\"8e96b00\" data-element_type=\"widget\" data-widget_type=\"text-editor.default\">\n\t\t\t\t<div class=\"elementor-widget-container\">\n\t\t\t\t\t\t\t\t<div class=\"elementor-text-editor elementor-clearfix\">\n\t\t\t\t<ul><li><a href=\"https:\/\/www.medellin.gov.co\/es\/wp-content\/uploads\/2025\/05\/DEMANDAS_EN_CONTRA_I_2023.pdf\" target=\"_blank\" rel=\"noopener\">Primer trimestre<\/a><\/li><li><a href=\"https:\/\/www.medellin.gov.co\/es\/wp-content\/uploads\/2024\/07\/DEMANDAS_EN_CONTRA_II_2023.pdf\" target=\"_blank\" rel=\"noopener\">Segundo trimestre<\/a><\/li><li><a href=\"https:\/\/www.medellin.gov.co\/es\/wp-content\/uploads\/2024\/07\/DEMANDAS_EN_CONTRA_III_2021.pdf\" target=\"_blank\" rel=\"noopener\">Tercer trimestre<\/a><\/li><li><a href=\"https:\/\/www.medellin.gov.co\/es\/wp-content\/uploads\/2024\/07\/DEMANDAS_EN_CONTRA_IV_2023.pdf\" target=\"_blank\" rel=\"noopener\">Cuarto trimestre<\/a><\/li><\/ul>\t\t\t\t\t<\/div>\n\t\t\t\t\t\t<\/div>\n\t\t\t\t<\/div>\n\t\t\t\t<div class=\"elementor-element elementor-element-3732397 elementor-widget elementor-widget-heading\" data-id=\"3732397\" data-element_type=\"widget\" data-widget_type=\"heading.default\">\n\t\t\t\t<div class=\"elementor-widget-container\">\n\t\t\t<h2 class=\"elementor-heading-title elementor-size-default\"><b>Demandas<\/b> 2022<\/h2>\t\t<\/div>\n\t\t\t\t<\/div>\n\t\t\t\t<div class=\"elementor-element elementor-element-708e2bc elementor-widget elementor-widget-text-editor\" data-id=\"708e2bc\" data-element_type=\"widget\" data-widget_type=\"text-editor.default\">\n\t\t\t\t<div class=\"elementor-widget-container\">\n\t\t\t\t\t\t\t\t<div class=\"elementor-text-editor elementor-clearfix\">\n\t\t\t\t<ul><li><a href=\"https:\/\/www.medellin.gov.co\/es\/wp-content\/uploads\/2024\/07\/DEMANDAS_EN_CONTRA_I_2022.pdf\" target=\"_blank\" rel=\"noopener\">Primer trimestre<\/a><\/li><li><a href=\"https:\/\/www.medellin.gov.co\/es\/wp-content\/uploads\/2024\/07\/DEMANDAS_EN_CONTRA_II_2020.pdf\" target=\"_blank\" rel=\"noopener\">Segundo trimestre<\/a><\/li><li><a href=\"https:\/\/www.medellin.gov.co\/es\/wp-content\/uploads\/2024\/07\/DEMANDAS_EN_CONTRA_III_2022.pdf\" target=\"_blank\" rel=\"noopener\">Tercer trimestre<\/a><\/li><li><a href=\"https:\/\/www.medellin.gov.co\/es\/wp-content\/uploads\/2024\/07\/DEMANDAS_EN_CONTRA_IV_2022.pdf\" target=\"_blank\" rel=\"noopener\">Cuarto trimestre<\/a><\/li><\/ul>\t\t\t\t\t<\/div>\n\t\t\t\t\t\t<\/div>\n\t\t\t\t<\/div>\n\t\t\t\t<div class=\"elementor-element elementor-element-69df713 elementor-widget elementor-widget-heading\" data-id=\"69df713\" data-element_type=\"widget\" data-widget_type=\"heading.default\">\n\t\t\t\t<div class=\"elementor-widget-container\">\n\t\t\t<h2 class=\"elementor-heading-title elementor-size-default\"><b>Demandas<\/b> 2021<\/h2>\t\t<\/div>\n\t\t\t\t<\/div>\n\t\t\t\t<div class=\"elementor-element elementor-element-fca81ff elementor-widget elementor-widget-text-editor\" data-id=\"fca81ff\" data-element_type=\"widget\" data-widget_type=\"text-editor.default\">\n\t\t\t\t<div class=\"elementor-widget-container\">\n\t\t\t\t\t\t\t\t<div class=\"elementor-text-editor elementor-clearfix\">\n\t\t\t\t<ul><li><a href=\"https:\/\/www.medellin.gov.co\/es\/wp-content\/uploads\/2024\/07\/DEMANDAS_EN_CONTRA_I_2021.pdf\" target=\"_blank\" rel=\"noopener\">Primer trimestre<\/a><\/li><li><a href=\"https:\/\/www.medellin.gov.co\/es\/wp-content\/uploads\/2024\/07\/DEMANDAS_EN_CONTRA_II_2021.pdf\" target=\"_blank\" rel=\"noopener\">Segundo trimestre<\/a><\/li><li>Tercer trimestre:<\/li><li>Cuarto trimestre<\/li><\/ul>\t\t\t\t\t<\/div>\n\t\t\t\t\t\t<\/div>\n\t\t\t\t<\/div>\n\t\t\t\t<div class=\"elementor-element elementor-element-edb8115 elementor-widget elementor-widget-heading\" data-id=\"edb8115\" data-element_type=\"widget\" data-widget_type=\"heading.default\">\n\t\t\t\t<div class=\"elementor-widget-container\">\n\t\t\t<h2 class=\"elementor-heading-title elementor-size-default\"><b>Demandas<\/b> 2020<\/h2>\t\t<\/div>\n\t\t\t\t<\/div>\n\t\t\t\t<div class=\"elementor-element elementor-element-9db3c4c elementor-widget elementor-widget-text-editor\" data-id=\"9db3c4c\" data-element_type=\"widget\" data-widget_type=\"text-editor.default\">\n\t\t\t\t<div class=\"elementor-widget-container\">\n\t\t\t\t\t\t\t\t<div class=\"elementor-text-editor elementor-clearfix\">\n\t\t\t\t<ul><li>Primer trimestre:<\/li><li>Segundo trimestre:<\/li><li><a href=\"https:\/\/www.medellin.gov.co\/es\/wp-content\/uploads\/2024\/07\/DEMANDAS_EN_CONTRA_III_2020.pdf\" target=\"_blank\" rel=\"noopener\">Tercer trimestre<\/a><\/li><li>Cuarto trimestre:<\/li><\/ul>\t\t\t\t\t<\/div>\n\t\t\t\t\t\t<\/div>\n\t\t\t\t<\/div>\n\t\t<\/div><\/div>\t\t\t\t<\/div>\n\t\t\t\t\t<\/div>\n\t\t<\/div>\n\t\t\t\t\t\t\t\t<\/div>\n\t\t\t\t\t<\/div>\n\t\t<\/section>\n\t\t<div class=\"elementor-element elementor-element-ec94466 e-container--column e-container\" data-id=\"ec94466\" data-element_type=\"container\">\t\t\t\t<div class=\"elementor-element elementor-element-7f2e654 elementor-widget elementor-widget-spacer\" data-id=\"7f2e654\" data-element_type=\"widget\" data-widget_type=\"spacer.default\">\n\t\t\t\t<div class=\"elementor-widget-container\">\n\t\t\t\t\t<div class=\"elementor-spacer\">\n\t\t\t<div class=\"elementor-spacer-inner\"><\/div>\n\t\t<\/div>\n\t\t\t\t<\/div>\n\t\t\t\t<\/div>\n\t\t<\/div>\t\t\t\t\t\t\t<\/div>\n\t\t\t<\/div>\n\t\t\t\t\t<\/div>\n\t\t","protected":false},"excerpt":{"rendered":"<p>Hist\u00f3rico de Demandas en contra del Distrito de Medell\u00edn Conoce el hist\u00f3rico por trimestres de demanadas en contra del Distrito de Medell\u00edn. Demandas 2025 Primer trimestre Segundo trimestre Tercer trimestre Cuarto trimestre Demandas 2024 Primer &#8230;<\/p>\n","protected":false},"author":21,"featured_media":187090,"parent":23043,"menu_order":0,"comment_status":"closed","ping_status":"closed","template":"","meta":[],"acf":[],"_links":{"self":[{"href":"https:\/\/www.medellin.gov.co\/es\/wp-json\/wp\/v2\/pages\/324350"}],"collection":[{"href":"https:\/\/www.medellin.gov.co\/es\/wp-json\/wp\/v2\/pages"}],"about":[{"href":"https:\/\/www.medellin.gov.co\/es\/wp-json\/wp\/v2\/types\/page"}],"author":[{"embeddable":true,"href":"https:\/\/www.medellin.gov.co\/es\/wp-json\/wp\/v2\/users\/21"}],"replies":[{"embeddable":true,"href":"https:\/\/www.medellin.gov.co\/es\/wp-json\/wp\/v2\/comments?post=324350"}],"version-history":[{"count":10,"href":"https:\/\/www.medellin.gov.co\/es\/wp-json\/wp\/v2\/pages\/324350\/revisions"}],"predecessor-version":[{"id":491601,"href":"https:\/\/www.medellin.gov.co\/es\/wp-json\/wp\/v2\/pages\/324350\/revisions\/491601"}],"up":[{"embeddable":true,"href":"https:\/\/www.medellin.gov.co\/es\/wp-json\/wp\/v2\/pages\/23043"}],"wp:featuredmedia":[{"embeddable":true,"href":"https:\/\/www.medellin.gov.co\/es\/wp-json\/wp\/v2\/media\/187090"}],"wp:attachment":[{"href":"https:\/\/www.medellin.gov.co\/es\/wp-json\/wp\/v2\/media?parent=324350"}],"curies":[{"name":"wp","href":"https:\/\/api.w.org\/{rel}","templated":true}]}}