{"id":328534,"date":"2024-07-31T17:47:34","date_gmt":"2024-07-31T22:47:34","guid":{"rendered":"https:\/\/www.medellin.gov.co\/es\/?page_id=328534"},"modified":"2026-02-11T09:03:12","modified_gmt":"2026-02-11T14:03:12","slug":"visitas-oculares","status":"publish","type":"page","link":"https:\/\/www.medellin.gov.co\/es\/secretaria-de-hacienda\/portal-tributario\/visitas-oculares\/","title":{"rendered":"Visitas Oculares"},"content":{"rendered":"\t\t<div data-elementor-type=\"wp-page\" data-elementor-id=\"328534\" class=\"elementor elementor-328534\">\n\t\t\t\t\t\t<div class=\"elementor-inner\">\n\t\t\t\t<div class=\"elementor-section-wrap\">\n\t\t\t\t\t\t\t\t\t<section class=\"elementor-section elementor-top-section elementor-element elementor-element-dc72584 elementor-section-boxed elementor-section-height-default elementor-section-height-default\" data-id=\"dc72584\" data-element_type=\"section\">\n\t\t\t\t\t\t<div class=\"elementor-container elementor-column-gap-default\">\n\t\t\t\t\t\t\t<div class=\"elementor-row\">\n\t\t\t\t\t<div class=\"elementor-column elementor-col-100 elementor-top-column elementor-element elementor-element-1d7f8d2\" data-id=\"1d7f8d2\" data-element_type=\"column\">\n\t\t\t<div class=\"elementor-column-wrap elementor-element-populated\">\n\t\t\t\t\t\t\t<div class=\"elementor-widget-wrap\">\n\t\t\t\t\t\t<div class=\"elementor-element elementor-element-7f15332 elementor-widget elementor-widget-heading\" data-id=\"7f15332\" data-element_type=\"widget\" data-widget_type=\"heading.default\">\n\t\t\t\t<div class=\"elementor-widget-container\">\n\t\t\t<h1 class=\"elementor-heading-title elementor-size-default\">Visitas oculares<\/h1>\t\t<\/div>\n\t\t\t\t<\/div>\n\t\t\t\t\t\t<\/div>\n\t\t\t\t\t<\/div>\n\t\t<\/div>\n\t\t\t\t\t\t\t\t<\/div>\n\t\t\t\t\t<\/div>\n\t\t<\/section>\n\t\t<div class=\"elementor-element elementor-element-5f6a857 e-container--column e-container\" data-id=\"5f6a857\" data-element_type=\"container\">\t\t\t\t<div class=\"elementor-element elementor-element-d5a7600 elementor-widget elementor-widget-spacer\" data-id=\"d5a7600\" data-element_type=\"widget\" data-widget_type=\"spacer.default\">\n\t\t\t\t<div class=\"elementor-widget-container\">\n\t\t\t\t\t<div class=\"elementor-spacer\">\n\t\t\t<div class=\"elementor-spacer-inner\"><\/div>\n\t\t<\/div>\n\t\t\t\t<\/div>\n\t\t\t\t<\/div>\n\t\t<\/div><div class=\"elementor-element elementor-element-06b833d e-container--column e-container\" data-id=\"06b833d\" data-element_type=\"container\">\t\t\t\t<div class=\"elementor-element elementor-element-3351ee4 elementor-widget elementor-widget-text-editor\" data-id=\"3351ee4\" data-element_type=\"widget\" data-widget_type=\"text-editor.default\">\n\t\t\t\t<div class=\"elementor-widget-container\">\n\t\t\t\t\t\t\t\t<div class=\"elementor-text-editor elementor-clearfix\">\n\t\t\t\t<p>El grupo de visitadores oculares de la Secretar\u00eda de Hacienda de Medell\u00edn realiza asesor\u00edas especializadas y acompa\u00f1amiento a los contribuyentes del Impuesto de Industria y Comercio (ICA). Su trabajo consiste en compartir informaci\u00f3n relevante sobre el proceso de registro o matr\u00edcula y el cumplimiento de los pagos de acuerdo a los deberes y derechos de los ciudadanos. El equipo de visitadores brinda orientaci\u00f3n asegurando que los datos de cada contribuyente est\u00e9n correctos y\u00a0debidamente actualizados.<\/p><ul><li>Allen P\u00e9rez Jaramillo | 71210943 | Visitador Ocular | Subsecretar\u00eda de ingresos<\/li><li>Carlos Andr\u00e9s Gir\u00f3n Moreno | 98700668 | Visitador Ocular | Subsecretar\u00eda de ingresos<\/li><li><span data-olk-copy-source=\"MessageBody\">Daniel Rojas Giraldo | 1017203109 | Coordinador Visitas Oculares | Subsecretar\u00eda de Ingresos<\/span><\/li><li><!--StartFragment--><span data-olk-copy-source=\"MessageBody\">Nicol\u00e1s Aguilar Mu\u00f1oz | 1035970966 | Visitador Ocular | Subsecretar\u00eda de Ingresos<\/span><!--EndFragment--><\/li><li>Olga Cecilia Char\u00e1 Arias | 42790029 | Visitadora Ocular | Subsecretar\u00eda de ingresos<\/li><li><span data-olk-copy-source=\"MessageBody\">Erwin Felipe Ardila Gonzalez | 8.128.084 | Visitador Ocular | Subsecretar\u00eda de ingresos<\/span><\/li><li>Luis Johann Borrero Franco | 1.037.628.115 | Visitador Ocular | Subsecretar\u00eda de ingresos<\/li><li>Julio Cesar Hernandez Piedrahita | 98.623.217 | Visitador Ocular | Subsecretar\u00eda de ingresos<\/li><li>Alberto Marin Mejia | 98.553.605 | Visitador Ocular | Subsecretar\u00eda de ingresos<\/li><\/ul>\t\t\t\t\t<\/div>\n\t\t\t\t\t\t<\/div>\n\t\t\t\t<\/div>\n\t\t<\/div><div class=\"elementor-element elementor-element-80ba2f4 e-container--row e-container\" data-id=\"80ba2f4\" data-element_type=\"container\">\t\t<div class=\"elementor-element elementor-element-5405dad e-container--column e-container\" data-id=\"5405dad\" data-element_type=\"container\">\t\t\t\t<div class=\"elementor-element elementor-element-80d4aab elementor-widget elementor-widget-image\" data-id=\"80d4aab\" data-element_type=\"widget\" data-widget_type=\"image.default\">\n\t\t\t\t<div class=\"elementor-widget-container\">\n\t\t\t\t\t\t\t\t<div class=\"elementor-image\">\n\t\t\t\t\t\t\t\t\t\t\t\t<img width=\"838\" height=\"1024\" src=\"https:\/\/www.medellin.gov.co\/es\/wp-content\/uploads\/2024\/07\/Allen-Perez-2-838x1024.jpg\" class=\"attachment-large size-large\" alt=\"\" loading=\"lazy\" srcset=\"https:\/\/www.medellin.gov.co\/es\/wp-content\/uploads\/2024\/07\/Allen-Perez-2-838x1024.jpg 838w, https:\/\/www.medellin.gov.co\/es\/wp-content\/uploads\/2024\/07\/Allen-Perez-2-245x300.jpg 245w, https:\/\/www.medellin.gov.co\/es\/wp-content\/uploads\/2024\/07\/Allen-Perez-2-123x150.jpg 123w, https:\/\/www.medellin.gov.co\/es\/wp-content\/uploads\/2024\/07\/Allen-Perez-2-768x939.jpg 768w, https:\/\/www.medellin.gov.co\/es\/wp-content\/uploads\/2024\/07\/Allen-Perez-2-1257x1536.jpg 1257w, https:\/\/www.medellin.gov.co\/es\/wp-content\/uploads\/2024\/07\/Allen-Perez-2-1676x2048.jpg 1676w\" sizes=\"(max-width: 838px) 100vw, 838px\" \/>\t\t\t\t\t\t\t\t\t\t\t\t\t\t<\/div>\n\t\t\t\t\t\t<\/div>\n\t\t\t\t<\/div>\n\t\t\t\t<div class=\"elementor-element elementor-element-aa21c3c elementor-widget elementor-widget-text-editor\" data-id=\"aa21c3c\" data-element_type=\"widget\" data-widget_type=\"text-editor.default\">\n\t\t\t\t<div class=\"elementor-widget-container\">\n\t\t\t\t\t\t\t\t<div class=\"elementor-text-editor elementor-clearfix\">\n\t\t\t\t<p style=\"text-align: center;\">Allen P\u00e9rez Jaramillo<br \/>71210943<\/p>\t\t\t\t\t<\/div>\n\t\t\t\t\t\t<\/div>\n\t\t\t\t<\/div>\n\t\t<\/div><div class=\"elementor-element elementor-element-74caa11 e-container--column e-container\" data-id=\"74caa11\" data-element_type=\"container\">\t\t\t\t<div class=\"elementor-element elementor-element-90c2bd4 elementor-widget elementor-widget-image\" data-id=\"90c2bd4\" data-element_type=\"widget\" data-widget_type=\"image.default\">\n\t\t\t\t<div class=\"elementor-widget-container\">\n\t\t\t\t\t\t\t\t<div class=\"elementor-image\">\n\t\t\t\t\t\t\t\t\t\t\t\t<img width=\"838\" height=\"1024\" src=\"https:\/\/www.medellin.gov.co\/es\/wp-content\/uploads\/2024\/07\/Carlos-Andres-Giron-2-838x1024.jpg\" class=\"attachment-large size-large\" alt=\"\" loading=\"lazy\" srcset=\"https:\/\/www.medellin.gov.co\/es\/wp-content\/uploads\/2024\/07\/Carlos-Andres-Giron-2-838x1024.jpg 838w, https:\/\/www.medellin.gov.co\/es\/wp-content\/uploads\/2024\/07\/Carlos-Andres-Giron-2-245x300.jpg 245w, https:\/\/www.medellin.gov.co\/es\/wp-content\/uploads\/2024\/07\/Carlos-Andres-Giron-2-123x150.jpg 123w, https:\/\/www.medellin.gov.co\/es\/wp-content\/uploads\/2024\/07\/Carlos-Andres-Giron-2-768x939.jpg 768w, https:\/\/www.medellin.gov.co\/es\/wp-content\/uploads\/2024\/07\/Carlos-Andres-Giron-2-1257x1536.jpg 1257w, https:\/\/www.medellin.gov.co\/es\/wp-content\/uploads\/2024\/07\/Carlos-Andres-Giron-2-1676x2048.jpg 1676w\" sizes=\"(max-width: 838px) 100vw, 838px\" \/>\t\t\t\t\t\t\t\t\t\t\t\t\t\t<\/div>\n\t\t\t\t\t\t<\/div>\n\t\t\t\t<\/div>\n\t\t\t\t<div class=\"elementor-element elementor-element-050c089 elementor-widget elementor-widget-text-editor\" data-id=\"050c089\" data-element_type=\"widget\" data-widget_type=\"text-editor.default\">\n\t\t\t\t<div class=\"elementor-widget-container\">\n\t\t\t\t\t\t\t\t<div class=\"elementor-text-editor elementor-clearfix\">\n\t\t\t\t<p style=\"text-align: center;\">Carlos Andr\u00e9s Gir\u00f3n Moreno<br \/>98700668<\/p>\t\t\t\t\t<\/div>\n\t\t\t\t\t\t<\/div>\n\t\t\t\t<\/div>\n\t\t<\/div><div class=\"elementor-element elementor-element-445e294 e-container--column e-container\" data-id=\"445e294\" data-element_type=\"container\">\t\t\t\t<div class=\"elementor-element elementor-element-77e267b elementor-widget elementor-widget-image\" data-id=\"77e267b\" data-element_type=\"widget\" data-widget_type=\"image.default\">\n\t\t\t\t<div class=\"elementor-widget-container\">\n\t\t\t\t\t\t\t\t<div class=\"elementor-image\">\n\t\t\t\t\t\t\t\t\t\t\t\t<img width=\"540\" height=\"720\" src=\"https:\/\/www.medellin.gov.co\/es\/wp-content\/uploads\/2025\/07\/Daniel-Rojas-Giraldo.jpg\" class=\"attachment-large size-large\" alt=\"Imagen Daniel Rojas Giraldo\" loading=\"lazy\" srcset=\"https:\/\/www.medellin.gov.co\/es\/wp-content\/uploads\/2025\/07\/Daniel-Rojas-Giraldo.jpg 540w, https:\/\/www.medellin.gov.co\/es\/wp-content\/uploads\/2025\/07\/Daniel-Rojas-Giraldo-225x300.jpg 225w, https:\/\/www.medellin.gov.co\/es\/wp-content\/uploads\/2025\/07\/Daniel-Rojas-Giraldo-113x150.jpg 113w\" sizes=\"(max-width: 540px) 100vw, 540px\" \/>\t\t\t\t\t\t\t\t\t\t\t\t\t\t<\/div>\n\t\t\t\t\t\t<\/div>\n\t\t\t\t<\/div>\n\t\t\t\t<div class=\"elementor-element elementor-element-e7954b4 elementor-widget elementor-widget-text-editor\" data-id=\"e7954b4\" data-element_type=\"widget\" data-widget_type=\"text-editor.default\">\n\t\t\t\t<div class=\"elementor-widget-container\">\n\t\t\t\t\t\t\t\t<div class=\"elementor-text-editor elementor-clearfix\">\n\t\t\t\t<p style=\"text-align: center;\"><span style=\"text-align: left;\">Daniel Rojas Giraldo 1017203109<\/span><\/p>\t\t\t\t\t<\/div>\n\t\t\t\t\t\t<\/div>\n\t\t\t\t<\/div>\n\t\t<\/div><div class=\"elementor-element elementor-element-42de890 e-container--column e-container\" data-id=\"42de890\" data-element_type=\"container\">\t\t\t\t<div class=\"elementor-element elementor-element-16bd589 elementor-widget elementor-widget-image\" data-id=\"16bd589\" data-element_type=\"widget\" data-widget_type=\"image.default\">\n\t\t\t\t<div class=\"elementor-widget-container\">\n\t\t\t\t\t\t\t\t<div class=\"elementor-image\">\n\t\t\t\t\t\t\t\t\t\t\t\t<img width=\"540\" height=\"720\" src=\"https:\/\/www.medellin.gov.co\/es\/wp-content\/uploads\/2025\/07\/Nicolas-Aguilar.jpg\" class=\"attachment-large size-large\" alt=\"Imagen Nicol\u00e1s Aguilar\" loading=\"lazy\" srcset=\"https:\/\/www.medellin.gov.co\/es\/wp-content\/uploads\/2025\/07\/Nicolas-Aguilar.jpg 540w, https:\/\/www.medellin.gov.co\/es\/wp-content\/uploads\/2025\/07\/Nicolas-Aguilar-225x300.jpg 225w, https:\/\/www.medellin.gov.co\/es\/wp-content\/uploads\/2025\/07\/Nicolas-Aguilar-113x150.jpg 113w\" sizes=\"(max-width: 540px) 100vw, 540px\" \/>\t\t\t\t\t\t\t\t\t\t\t\t\t\t<\/div>\n\t\t\t\t\t\t<\/div>\n\t\t\t\t<\/div>\n\t\t\t\t<div class=\"elementor-element elementor-element-a644f7c elementor-widget elementor-widget-text-editor\" data-id=\"a644f7c\" data-element_type=\"widget\" data-widget_type=\"text-editor.default\">\n\t\t\t\t<div class=\"elementor-widget-container\">\n\t\t\t\t\t\t\t\t<div class=\"elementor-text-editor elementor-clearfix\">\n\t\t\t\t<p style=\"text-align: center;\"><span style=\"text-align: left;\">Nicol\u00e1s Aguilar Mu\u00f1oz 1035970966<\/span><\/p>\t\t\t\t\t<\/div>\n\t\t\t\t\t\t<\/div>\n\t\t\t\t<\/div>\n\t\t<\/div><\/div><div class=\"elementor-element elementor-element-9f728cb e-container--row e-container\" data-id=\"9f728cb\" data-element_type=\"container\">\t\t<div class=\"elementor-element elementor-element-e90bca6 e-container--column e-container\" data-id=\"e90bca6\" data-element_type=\"container\">\t\t\t\t<div class=\"elementor-element elementor-element-bd80c11 elementor-widget elementor-widget-image\" data-id=\"bd80c11\" data-element_type=\"widget\" data-widget_type=\"image.default\">\n\t\t\t\t<div class=\"elementor-widget-container\">\n\t\t\t\t\t\t\t\t<div class=\"elementor-image\">\n\t\t\t\t\t\t\t\t\t\t\t\t<img width=\"838\" height=\"1034\" src=\"https:\/\/www.medellin.gov.co\/es\/wp-content\/uploads\/2025\/10\/Olga_Cecilia_Chara_Arias.jpg\" class=\"attachment-1536x1536 size-1536x1536\" alt=\"\" loading=\"lazy\" srcset=\"https:\/\/www.medellin.gov.co\/es\/wp-content\/uploads\/2025\/10\/Olga_Cecilia_Chara_Arias.jpg 838w, https:\/\/www.medellin.gov.co\/es\/wp-content\/uploads\/2025\/10\/Olga_Cecilia_Chara_Arias-243x300.jpg 243w, https:\/\/www.medellin.gov.co\/es\/wp-content\/uploads\/2025\/10\/Olga_Cecilia_Chara_Arias-830x1024.jpg 830w, https:\/\/www.medellin.gov.co\/es\/wp-content\/uploads\/2025\/10\/Olga_Cecilia_Chara_Arias-122x150.jpg 122w, https:\/\/www.medellin.gov.co\/es\/wp-content\/uploads\/2025\/10\/Olga_Cecilia_Chara_Arias-768x948.jpg 768w\" sizes=\"(max-width: 838px) 100vw, 838px\" \/>\t\t\t\t\t\t\t\t\t\t\t\t\t\t<\/div>\n\t\t\t\t\t\t<\/div>\n\t\t\t\t<\/div>\n\t\t\t\t<div class=\"elementor-element elementor-element-36bff83 elementor-widget elementor-widget-text-editor\" data-id=\"36bff83\" data-element_type=\"widget\" data-widget_type=\"text-editor.default\">\n\t\t\t\t<div class=\"elementor-widget-container\">\n\t\t\t\t\t\t\t\t<div class=\"elementor-text-editor elementor-clearfix\">\n\t\t\t\t<p style=\"text-align: center;\">Olga Cecilia Char\u00e1 Arias <br \/>42790029<\/p>\t\t\t\t\t<\/div>\n\t\t\t\t\t\t<\/div>\n\t\t\t\t<\/div>\n\t\t<\/div><div class=\"elementor-element elementor-element-7e45336 e-container--column e-container\" data-id=\"7e45336\" data-element_type=\"container\">\t\t\t\t<div class=\"elementor-element elementor-element-04c7e7d elementor-widget elementor-widget-image\" data-id=\"04c7e7d\" data-element_type=\"widget\" data-widget_type=\"image.default\">\n\t\t\t\t<div class=\"elementor-widget-container\">\n\t\t\t\t\t\t\t\t<div class=\"elementor-image\">\n\t\t\t\t\t\t\t\t\t\t\t\t<img width=\"768\" height=\"1024\" src=\"https:\/\/www.medellin.gov.co\/es\/wp-content\/uploads\/2026\/02\/Erwin-Felipe-Ardila-Gonzalez-C.C-8.128.084-1.jpg\" class=\"attachment-large size-large\" alt=\"Erwin Felipe Ardila Gonzalez C.C 8.128.084\" loading=\"lazy\" srcset=\"https:\/\/www.medellin.gov.co\/es\/wp-content\/uploads\/2026\/02\/Erwin-Felipe-Ardila-Gonzalez-C.C-8.128.084-1.jpg 768w, https:\/\/www.medellin.gov.co\/es\/wp-content\/uploads\/2026\/02\/Erwin-Felipe-Ardila-Gonzalez-C.C-8.128.084-1-225x300.jpg 225w, https:\/\/www.medellin.gov.co\/es\/wp-content\/uploads\/2026\/02\/Erwin-Felipe-Ardila-Gonzalez-C.C-8.128.084-1-113x150.jpg 113w\" sizes=\"(max-width: 768px) 100vw, 768px\" \/>\t\t\t\t\t\t\t\t\t\t\t\t\t\t<\/div>\n\t\t\t\t\t\t<\/div>\n\t\t\t\t<\/div>\n\t\t\t\t<div class=\"elementor-element elementor-element-208151a elementor-widget elementor-widget-text-editor\" data-id=\"208151a\" data-element_type=\"widget\" data-widget_type=\"text-editor.default\">\n\t\t\t\t<div class=\"elementor-widget-container\">\n\t\t\t\t\t\t\t\t<div class=\"elementor-text-editor elementor-clearfix\">\n\t\t\t\t<p style=\"text-align: center;\"><span data-olk-copy-source=\"MessageBody\">Erwin Felipe Ardila Gonzalez<\/span><br \/><span data-olk-copy-source=\"MessageBody\"> 8128084<\/span><\/p>\t\t\t\t\t<\/div>\n\t\t\t\t\t\t<\/div>\n\t\t\t\t<\/div>\n\t\t<\/div><div class=\"elementor-element elementor-element-1a060f1 e-container--column e-container\" data-id=\"1a060f1\" data-element_type=\"container\">\t\t\t\t<div class=\"elementor-element elementor-element-7c4f86b elementor-widget elementor-widget-image\" data-id=\"7c4f86b\" data-element_type=\"widget\" data-widget_type=\"image.default\">\n\t\t\t\t<div class=\"elementor-widget-container\">\n\t\t\t\t\t\t\t\t<div class=\"elementor-image\">\n\t\t\t\t\t\t\t\t\t\t\t\t<img width=\"768\" height=\"1024\" src=\"https:\/\/www.medellin.gov.co\/es\/wp-content\/uploads\/2026\/02\/Luis-Johann-Borrero-Franco-C.C-1.037.628.115.jpg\" class=\"attachment-large size-large\" alt=\"Luis Johann Borrero Franco - C.C 1.037.628.115\" loading=\"lazy\" srcset=\"https:\/\/www.medellin.gov.co\/es\/wp-content\/uploads\/2026\/02\/Luis-Johann-Borrero-Franco-C.C-1.037.628.115.jpg 768w, https:\/\/www.medellin.gov.co\/es\/wp-content\/uploads\/2026\/02\/Luis-Johann-Borrero-Franco-C.C-1.037.628.115-225x300.jpg 225w, https:\/\/www.medellin.gov.co\/es\/wp-content\/uploads\/2026\/02\/Luis-Johann-Borrero-Franco-C.C-1.037.628.115-113x150.jpg 113w\" sizes=\"(max-width: 768px) 100vw, 768px\" \/>\t\t\t\t\t\t\t\t\t\t\t\t\t\t<\/div>\n\t\t\t\t\t\t<\/div>\n\t\t\t\t<\/div>\n\t\t\t\t<div class=\"elementor-element elementor-element-5af6ae8 elementor-widget elementor-widget-text-editor\" data-id=\"5af6ae8\" data-element_type=\"widget\" data-widget_type=\"text-editor.default\">\n\t\t\t\t<div class=\"elementor-widget-container\">\n\t\t\t\t\t\t\t\t<div class=\"elementor-text-editor elementor-clearfix\">\n\t\t\t\t<p style=\"text-align: center;\"><span data-olk-copy-source=\"MessageBody\">Luis Johann Borrero Franco\u00a0 1037628115<\/span><br \/><br \/><\/p>\t\t\t\t\t<\/div>\n\t\t\t\t\t\t<\/div>\n\t\t\t\t<\/div>\n\t\t<\/div><div class=\"elementor-element elementor-element-d2aebcb e-container--column e-container\" data-id=\"d2aebcb\" data-element_type=\"container\">\t\t\t\t<div class=\"elementor-element elementor-element-7482dff elementor-widget elementor-widget-image\" data-id=\"7482dff\" data-element_type=\"widget\" data-widget_type=\"image.default\">\n\t\t\t\t<div class=\"elementor-widget-container\">\n\t\t\t\t\t\t\t\t<div class=\"elementor-image\">\n\t\t\t\t\t\t\t\t\t\t\t\t<img width=\"768\" height=\"1024\" src=\"https:\/\/www.medellin.gov.co\/es\/wp-content\/uploads\/2026\/02\/Julio-Cesar-Hernandez-Piedrahita-C.C-98.623.217.jpg\" class=\"attachment-large size-large\" alt=\"Julio Cesar Hernandez Piedrahita - C.C 98.623.217\" loading=\"lazy\" srcset=\"https:\/\/www.medellin.gov.co\/es\/wp-content\/uploads\/2026\/02\/Julio-Cesar-Hernandez-Piedrahita-C.C-98.623.217.jpg 768w, https:\/\/www.medellin.gov.co\/es\/wp-content\/uploads\/2026\/02\/Julio-Cesar-Hernandez-Piedrahita-C.C-98.623.217-225x300.jpg 225w, https:\/\/www.medellin.gov.co\/es\/wp-content\/uploads\/2026\/02\/Julio-Cesar-Hernandez-Piedrahita-C.C-98.623.217-113x150.jpg 113w\" sizes=\"(max-width: 768px) 100vw, 768px\" \/>\t\t\t\t\t\t\t\t\t\t\t\t\t\t<\/div>\n\t\t\t\t\t\t<\/div>\n\t\t\t\t<\/div>\n\t\t\t\t<div class=\"elementor-element elementor-element-b59c665 elementor-widget elementor-widget-text-editor\" data-id=\"b59c665\" data-element_type=\"widget\" data-widget_type=\"text-editor.default\">\n\t\t\t\t<div class=\"elementor-widget-container\">\n\t\t\t\t\t\t\t\t<div class=\"elementor-text-editor elementor-clearfix\">\n\t\t\t\t<p style=\"text-align: center;\"><span data-olk-copy-source=\"MessageBody\">Julio C\u00e9sar Hernandez Piedrahita <br \/>98623217<\/span><\/p>\t\t\t\t\t<\/div>\n\t\t\t\t\t\t<\/div>\n\t\t\t\t<\/div>\n\t\t<\/div><\/div><div class=\"elementor-element elementor-element-2555593 e-container--row e-container\" data-id=\"2555593\" data-element_type=\"container\">\t\t<div class=\"elementor-element elementor-element-1cbeb28 e-container--column e-container\" data-id=\"1cbeb28\" data-element_type=\"container\">\t\t\t\t<div class=\"elementor-element elementor-element-012da28 elementor-widget elementor-widget-image\" data-id=\"012da28\" data-element_type=\"widget\" data-widget_type=\"image.default\">\n\t\t\t\t<div class=\"elementor-widget-container\">\n\t\t\t\t\t\t\t\t<div class=\"elementor-image\">\n\t\t\t\t\t\t\t\t\t\t\t\t<img width=\"768\" height=\"1024\" src=\"https:\/\/www.medellin.gov.co\/es\/wp-content\/uploads\/2026\/02\/Alberto-Marin-Mejia-C.C-98.553.605.jpg\" class=\"attachment-large size-large\" alt=\"Alberto Marin Mejia - C.C 98.553.605\" loading=\"lazy\" srcset=\"https:\/\/www.medellin.gov.co\/es\/wp-content\/uploads\/2026\/02\/Alberto-Marin-Mejia-C.C-98.553.605.jpg 768w, https:\/\/www.medellin.gov.co\/es\/wp-content\/uploads\/2026\/02\/Alberto-Marin-Mejia-C.C-98.553.605-225x300.jpg 225w, https:\/\/www.medellin.gov.co\/es\/wp-content\/uploads\/2026\/02\/Alberto-Marin-Mejia-C.C-98.553.605-113x150.jpg 113w\" sizes=\"(max-width: 768px) 100vw, 768px\" \/>\t\t\t\t\t\t\t\t\t\t\t\t\t\t<\/div>\n\t\t\t\t\t\t<\/div>\n\t\t\t\t<\/div>\n\t\t\t\t<div class=\"elementor-element elementor-element-ab3b7fb elementor-widget elementor-widget-text-editor\" data-id=\"ab3b7fb\" data-element_type=\"widget\" data-widget_type=\"text-editor.default\">\n\t\t\t\t<div class=\"elementor-widget-container\">\n\t\t\t\t\t\t\t\t<div class=\"elementor-text-editor elementor-clearfix\">\n\t\t\t\t<p style=\"text-align: center;\">Alberto Marin Mejia\u00a0<br \/>98553605<\/p>\t\t\t\t\t<\/div>\n\t\t\t\t\t\t<\/div>\n\t\t\t\t<\/div>\n\t\t<\/div><div class=\"elementor-element elementor-element-d1043ef e-container--column e-container\" data-id=\"d1043ef\" data-element_type=\"container\">\t\t<\/div><div class=\"elementor-element elementor-element-32d8652 e-container--column e-container\" data-id=\"32d8652\" data-element_type=\"container\">\t\t<\/div><div class=\"elementor-element elementor-element-70da39e e-container--column e-container\" data-id=\"70da39e\" data-element_type=\"container\">\t\t<\/div><\/div>\t\t\t\t\t\t\t<\/div>\n\t\t\t<\/div>\n\t\t\t\t\t<\/div>\n\t\t","protected":false},"excerpt":{"rendered":"<p>Visitas oculares El grupo de visitadores oculares de la Secretar\u00eda de Hacienda de Medell\u00edn realiza asesor\u00edas especializadas y acompa\u00f1amiento a los contribuyentes del Impuesto de Industria y Comercio (ICA). Su trabajo consiste en compartir informaci\u00f3n &#8230;<\/p>\n","protected":false},"author":17,"featured_media":0,"parent":80692,"menu_order":0,"comment_status":"closed","ping_status":"closed","template":"sec-hacienda\/elementor.php","meta":[],"acf":[],"_links":{"self":[{"href":"https:\/\/www.medellin.gov.co\/es\/wp-json\/wp\/v2\/pages\/328534"}],"collection":[{"href":"https:\/\/www.medellin.gov.co\/es\/wp-json\/wp\/v2\/pages"}],"about":[{"href":"https:\/\/www.medellin.gov.co\/es\/wp-json\/wp\/v2\/types\/page"}],"author":[{"embeddable":true,"href":"https:\/\/www.medellin.gov.co\/es\/wp-json\/wp\/v2\/users\/17"}],"replies":[{"embeddable":true,"href":"https:\/\/www.medellin.gov.co\/es\/wp-json\/wp\/v2\/comments?post=328534"}],"version-history":[{"count":10,"href":"https:\/\/www.medellin.gov.co\/es\/wp-json\/wp\/v2\/pages\/328534\/revisions"}],"predecessor-version":[{"id":497918,"href":"https:\/\/www.medellin.gov.co\/es\/wp-json\/wp\/v2\/pages\/328534\/revisions\/497918"}],"up":[{"embeddable":true,"href":"https:\/\/www.medellin.gov.co\/es\/wp-json\/wp\/v2\/pages\/80692"}],"wp:attachment":[{"href":"https:\/\/www.medellin.gov.co\/es\/wp-json\/wp\/v2\/media?parent=328534"}],"curies":[{"name":"wp","href":"https:\/\/api.w.org\/{rel}","templated":true}]}}