{"id":329179,"date":"2024-08-01T22:59:57","date_gmt":"2024-08-02T03:59:57","guid":{"rendered":"https:\/\/www.medellin.gov.co\/es\/?page_id=329179"},"modified":"2026-01-28T14:31:45","modified_gmt":"2026-01-28T19:31:45","slug":"tejiendo-hogares-mujeres","status":"publish","type":"page","link":"https:\/\/www.medellin.gov.co\/es\/tejiendo-hogares-mujeres\/","title":{"rendered":"Tejiendo Hogares &#8211; Mujeres Tejiendo Hogares"},"content":{"rendered":"\t\t<div data-elementor-type=\"wp-page\" data-elementor-id=\"329179\" class=\"elementor elementor-329179\">\n\t\t\t\t\t\t<div class=\"elementor-inner\">\n\t\t\t\t<div class=\"elementor-section-wrap\">\n\t\t\t\t\t\t\t<div class=\"elementor-element elementor-element-cd0a1ba e-container--column e-container\" data-id=\"cd0a1ba\" data-element_type=\"container\">\t\t\t\t<div class=\"elementor-element elementor-element-60de1bc elementor-widget elementor-widget-spacer\" data-id=\"60de1bc\" data-element_type=\"widget\" data-widget_type=\"spacer.default\">\n\t\t\t\t<div class=\"elementor-widget-container\">\n\t\t\t\t\t<div class=\"elementor-spacer\">\n\t\t\t<div class=\"elementor-spacer-inner\"><\/div>\n\t\t<\/div>\n\t\t\t\t<\/div>\n\t\t\t\t<\/div>\n\t\t\t\t<div class=\"elementor-element elementor-element-71f761e elementor-widget elementor-widget-image\" data-id=\"71f761e\" data-element_type=\"widget\" data-widget_type=\"image.default\">\n\t\t\t\t<div class=\"elementor-widget-container\">\n\t\t\t\t\t\t\t\t<div class=\"elementor-image\">\n\t\t\t\t\t\t\t\t\t\t\t\t\t<a href=\"https:\/\/www.medellin.gov.co\/es\/tejiendo-hogares\/\">\n\t\t\t\t\t\t\t<img width=\"1024\" height=\"160\" src=\"https:\/\/www.medellin.gov.co\/es\/wp-content\/uploads\/2024\/07\/nies_Infancia_1a-1024x160.jpg\" class=\"attachment-large size-large\" alt=\"\" loading=\"lazy\" srcset=\"https:\/\/www.medellin.gov.co\/es\/wp-content\/uploads\/2024\/07\/nies_Infancia_1a-1024x160.jpg 1024w, https:\/\/www.medellin.gov.co\/es\/wp-content\/uploads\/2024\/07\/nies_Infancia_1a-300x47.jpg 300w, https:\/\/www.medellin.gov.co\/es\/wp-content\/uploads\/2024\/07\/nies_Infancia_1a-150x23.jpg 150w, https:\/\/www.medellin.gov.co\/es\/wp-content\/uploads\/2024\/07\/nies_Infancia_1a-768x120.jpg 768w, https:\/\/www.medellin.gov.co\/es\/wp-content\/uploads\/2024\/07\/nies_Infancia_1a.jpg 1280w\" sizes=\"(max-width: 1024px) 100vw, 1024px\" \/>\t\t\t\t\t\t\t\t<\/a>\n\t\t\t\t\t\t\t\t\t\t\t\t\t\t<\/div>\n\t\t\t\t\t\t<\/div>\n\t\t\t\t<\/div>\n\t\t<\/div><div class=\"elementor-element elementor-element-dbf0041 e-container--column e-container\" data-id=\"dbf0041\" data-element_type=\"container\">\t\t\t\t<div class=\"elementor-element elementor-element-0092498 elementor-widget elementor-widget-spacer\" data-id=\"0092498\" data-element_type=\"widget\" data-widget_type=\"spacer.default\">\n\t\t\t\t<div class=\"elementor-widget-container\">\n\t\t\t\t\t<div class=\"elementor-spacer\">\n\t\t\t<div class=\"elementor-spacer-inner\"><\/div>\n\t\t<\/div>\n\t\t\t\t<\/div>\n\t\t\t\t<\/div>\n\t\t<\/div><div class=\"elementor-element elementor-element-828c571 e-container--column e-container\" data-id=\"828c571\" data-element_type=\"container\">\t\t\t\t<div class=\"elementor-element elementor-element-70a5123 elementor-widget elementor-widget-heading\" data-id=\"70a5123\" data-element_type=\"widget\" data-widget_type=\"heading.default\">\n\t\t\t\t<div class=\"elementor-widget-container\">\n\t\t\t<h1 class=\"elementor-heading-title elementor-size-default\">Mujeres Tejiendo Hogares<\/h1>\t\t<\/div>\n\t\t\t\t<\/div>\n\t\t<\/div><div class=\"elementor-element elementor-element-cd438be e-container--column e-container\" data-id=\"cd438be\" data-element_type=\"container\">\t\t\t\t<div class=\"elementor-element elementor-element-da3339f elementor-widget elementor-widget-spacer\" data-id=\"da3339f\" data-element_type=\"widget\" data-widget_type=\"spacer.default\">\n\t\t\t\t<div class=\"elementor-widget-container\">\n\t\t\t\t\t<div class=\"elementor-spacer\">\n\t\t\t<div class=\"elementor-spacer-inner\"><\/div>\n\t\t<\/div>\n\t\t\t\t<\/div>\n\t\t\t\t<\/div>\n\t\t<\/div><div class=\"elementor-element elementor-element-d400feb e-container--column e-container\" data-id=\"d400feb\" data-element_type=\"container\">\t\t\t\t<div class=\"elementor-element elementor-element-814cb28 elementor-widget elementor-widget-image\" data-id=\"814cb28\" data-element_type=\"widget\" data-widget_type=\"image.default\">\n\t\t\t\t<div class=\"elementor-widget-container\">\n\t\t\t\t\t\t\t\t<div class=\"elementor-image\">\n\t\t\t\t\t\t\t\t\t\t\t\t<img width=\"1024\" height=\"682\" src=\"https:\/\/www.medellin.gov.co\/es\/wp-content\/uploads\/2026\/01\/Imagen-Mujeres-Tejiendo-Hogares-1024x682.jpg\" class=\"attachment-large size-large\" alt=\"Imagen Mujeres Tejiendo Hogares\" loading=\"lazy\" srcset=\"https:\/\/www.medellin.gov.co\/es\/wp-content\/uploads\/2026\/01\/Imagen-Mujeres-Tejiendo-Hogares-1024x682.jpg 1024w, https:\/\/www.medellin.gov.co\/es\/wp-content\/uploads\/2026\/01\/Imagen-Mujeres-Tejiendo-Hogares-300x200.jpg 300w, https:\/\/www.medellin.gov.co\/es\/wp-content\/uploads\/2026\/01\/Imagen-Mujeres-Tejiendo-Hogares-150x100.jpg 150w, https:\/\/www.medellin.gov.co\/es\/wp-content\/uploads\/2026\/01\/Imagen-Mujeres-Tejiendo-Hogares-768x512.jpg 768w, https:\/\/www.medellin.gov.co\/es\/wp-content\/uploads\/2026\/01\/Imagen-Mujeres-Tejiendo-Hogares.jpg 1280w\" sizes=\"(max-width: 1024px) 100vw, 1024px\" \/>\t\t\t\t\t\t\t\t\t\t\t\t\t\t<\/div>\n\t\t\t\t\t\t<\/div>\n\t\t\t\t<\/div>\n\t\t<\/div><div class=\"elementor-element elementor-element-f05b1ad e-container--column e-container\" data-id=\"f05b1ad\" data-element_type=\"container\">\t\t\t\t<div class=\"elementor-element elementor-element-3873f2c elementor-widget elementor-widget-spacer\" data-id=\"3873f2c\" data-element_type=\"widget\" data-widget_type=\"spacer.default\">\n\t\t\t\t<div class=\"elementor-widget-container\">\n\t\t\t\t\t<div class=\"elementor-spacer\">\n\t\t\t<div class=\"elementor-spacer-inner\"><\/div>\n\t\t<\/div>\n\t\t\t\t<\/div>\n\t\t\t\t<\/div>\n\t\t<\/div><div class=\"elementor-element elementor-element-08fe247 e-container--column e-container\" data-id=\"08fe247\" data-element_type=\"container\">\t\t\t\t<div class=\"elementor-element elementor-element-8970beb elementor-widget elementor-widget-text-editor\" data-id=\"8970beb\" data-element_type=\"widget\" data-widget_type=\"text-editor.default\">\n\t\t\t\t<div class=\"elementor-widget-container\">\n\t\t\t\t\t\t\t\t<div class=\"elementor-text-editor elementor-clearfix\">\n\t\t\t\t<p><b>Sanar, so\u00f1ar y emprender<\/b><\/p><p><span style=\"font-weight: 400;\">Esta estrategia reconoce el papel fundamental de las mujeres en el bienestar de sus familias y sus territorios; tiene como prop\u00f3sito acompa\u00f1ar a las madres jefes de hogar de sectores vulnerables de la ciudad de Medell\u00edn, brind\u00e1ndoles herramientas pr\u00e1cticas y emocionales para fortalecer su autonom\u00eda econ\u00f3mica y sus habilidades emocionales, para transformar sus realidades y fortalecer el tejido social desde sus hogares.<\/span><\/p><p><span style=\"font-weight: 400;\">Con Mujeres Tejiendo Hogares, Medell\u00edn reafirma su compromiso con una ciudad m\u00e1s equitativa, consciente y protectora, donde el cuidado comience por casa y se extienda a cada rinc\u00f3n de la ciudad<\/span><b>.\u00a0<\/b><\/p><p><span style=\"font-weight: 400;\">Esta iniciativa es posible gracias a una alianza p\u00fablico privada donde varias fundaciones de la ciudad se han unido a este prop\u00f3sito.<\/span><\/p><p><div class=\"iframe-container\"><iframe title=\"YouTube video player\" src=\"https:\/\/www.youtube.com\/embed\/UGOkh8el-zQ?si=ZUf-VtVygMTtGow5\" width=\"100%\" height=\"350\" frameborder=\"0\" allowfullscreen=\"allowfullscreen\"><\/iframe><\/div><\/p>\t\t\t\t\t<\/div>\n\t\t\t\t\t\t<\/div>\n\t\t\t\t<\/div>\n\t\t<\/div><div class=\"elementor-element elementor-element-c67fae1 e-container--column e-container\" data-id=\"c67fae1\" data-element_type=\"container\">\t\t\t\t<div class=\"elementor-element elementor-element-0d3c598 elementor-widget elementor-widget-heading\" data-id=\"0d3c598\" data-element_type=\"widget\" data-widget_type=\"heading.default\">\n\t\t\t\t<div class=\"elementor-widget-container\">\n\t\t\t<h2 class=\"elementor-heading-title elementor-size-default\"><b>Mujeres Tejiendo Hogares<\/b> <\/h2>\t\t<\/div>\n\t\t\t\t<\/div>\n\t\t<\/div><div class=\"elementor-element elementor-element-c411afb e-container--column e-container\" data-id=\"c411afb\" data-element_type=\"container\">\t\t\t\t<div class=\"elementor-element elementor-element-b9619a7 elementor-widget elementor-widget-spacer\" data-id=\"b9619a7\" data-element_type=\"widget\" data-widget_type=\"spacer.default\">\n\t\t\t\t<div class=\"elementor-widget-container\">\n\t\t\t\t\t<div class=\"elementor-spacer\">\n\t\t\t<div class=\"elementor-spacer-inner\"><\/div>\n\t\t<\/div>\n\t\t\t\t<\/div>\n\t\t\t\t<\/div>\n\t\t<\/div><div class=\"elementor-element elementor-element-1f30b25 e-container--column e-container\" data-id=\"1f30b25\" data-element_type=\"container\">\t\t<div class=\"elementor-element elementor-element-392f527 e-container--column e-container\" data-id=\"392f527\" data-element_type=\"container\">\t\t\t\t<div class=\"elementor-element elementor-element-2069e44 elementor-arrows-position-inside elementor-pagination-position-outside elementor-widget elementor-widget-image-carousel\" data-id=\"2069e44\" data-element_type=\"widget\" data-settings=\"{&quot;navigation&quot;:&quot;both&quot;,&quot;autoplay&quot;:&quot;yes&quot;,&quot;pause_on_hover&quot;:&quot;yes&quot;,&quot;pause_on_interaction&quot;:&quot;yes&quot;,&quot;autoplay_speed&quot;:5000,&quot;infinite&quot;:&quot;yes&quot;,&quot;speed&quot;:500,&quot;image_spacing_custom&quot;:{&quot;unit&quot;:&quot;px&quot;,&quot;size&quot;:20,&quot;sizes&quot;:[]}}\" data-widget_type=\"image-carousel.default\">\n\t\t\t\t<div class=\"elementor-widget-container\">\n\t\t\t\t\t<div class=\"elementor-image-carousel-wrapper swiper-container\" dir=\"ltr\">\n\t\t\t<div class=\"elementor-image-carousel swiper-wrapper\">\n\t\t\t\t\t\t\t\t<div class=\"swiper-slide\"><figure class=\"swiper-slide-inner\"><img class=\"swiper-slide-image\" src=\"https:\/\/www.medellin.gov.co\/es\/wp-content\/uploads\/2025\/12\/imagen-mujeres-tejiendo-hogares-1.jpg\" alt=\"mujeres tejiendo hogares en Imusa\" \/><\/figure><\/div><div class=\"swiper-slide\"><figure class=\"swiper-slide-inner\"><img class=\"swiper-slide-image\" src=\"https:\/\/www.medellin.gov.co\/es\/wp-content\/uploads\/2025\/12\/imagen-mujeres-tejiendo-hogares-2.jpg\" alt=\"Mujeres Tejiendo Hogares\" \/><\/figure><\/div><div class=\"swiper-slide\"><figure class=\"swiper-slide-inner\"><img class=\"swiper-slide-image\" src=\"https:\/\/www.medellin.gov.co\/es\/wp-content\/uploads\/2025\/12\/imagen-mujeres-tejiendo-hogares-3.jpg\" alt=\"Mujeres Tejiendo Hogares\" \/><\/figure><\/div><div class=\"swiper-slide\"><figure class=\"swiper-slide-inner\"><img class=\"swiper-slide-image\" src=\"https:\/\/www.medellin.gov.co\/es\/wp-content\/uploads\/2025\/12\/imagen-mujeres-tejiendo-hogares-4.jpg\" alt=\"Mujeres Tejiendo Hogares\" \/><\/figure><\/div><div class=\"swiper-slide\"><figure class=\"swiper-slide-inner\"><img class=\"swiper-slide-image\" src=\"https:\/\/www.medellin.gov.co\/es\/wp-content\/uploads\/2025\/12\/imagen-mujeres-tejiendo-hogares-5.jpg\" alt=\"Mujeres Tejiendo Hogares\" \/><\/figure><\/div><div class=\"swiper-slide\"><figure class=\"swiper-slide-inner\"><img class=\"swiper-slide-image\" src=\"https:\/\/www.medellin.gov.co\/es\/wp-content\/uploads\/2025\/12\/imagen-mujeres-tejiendo-hogares-10.jpg\" alt=\"imagen mujeres tejiendo hogares (10)\" \/><\/figure><\/div><div class=\"swiper-slide\"><figure class=\"swiper-slide-inner\"><img class=\"swiper-slide-image\" src=\"https:\/\/www.medellin.gov.co\/es\/wp-content\/uploads\/2025\/12\/imagen-mujeres-tejiendo-hogares-11.jpg\" alt=\"imagen mujeres tejiendo hogares (11)\" \/><\/figure><\/div><div class=\"swiper-slide\"><figure class=\"swiper-slide-inner\"><img class=\"swiper-slide-image\" src=\"https:\/\/www.medellin.gov.co\/es\/wp-content\/uploads\/2025\/12\/imagen-mujeres-tejiendo-hogares-12.jpg\" alt=\"imagen mujeres tejiendo hogares (12)\" \/><\/figure><\/div><div class=\"swiper-slide\"><figure class=\"swiper-slide-inner\"><img class=\"swiper-slide-image\" src=\"https:\/\/www.medellin.gov.co\/es\/wp-content\/uploads\/2025\/12\/imagen-mujeres-tejiendo-hogares-13.jpg\" alt=\"imagen mujeres tejiendo hogares (13)\" \/><\/figure><\/div><div class=\"swiper-slide\"><figure class=\"swiper-slide-inner\"><img class=\"swiper-slide-image\" src=\"https:\/\/www.medellin.gov.co\/es\/wp-content\/uploads\/2025\/12\/imagen-mujeres-tejiendo-hogares-14.jpg\" alt=\"imagen mujeres tejiendo hogares (14)\" \/><\/figure><\/div><div class=\"swiper-slide\"><figure class=\"swiper-slide-inner\"><img class=\"swiper-slide-image\" src=\"https:\/\/www.medellin.gov.co\/es\/wp-content\/uploads\/2025\/12\/imagen-mujeres-tejiendo-hogares-15.jpg\" alt=\"Mujeres tejiendo Hogares olaya\" \/><\/figure><\/div><div class=\"swiper-slide\"><figure class=\"swiper-slide-inner\"><img class=\"swiper-slide-image\" src=\"https:\/\/www.medellin.gov.co\/es\/wp-content\/uploads\/2025\/12\/imagen-mujeres-tejiendo-hogares-16.jpg\" alt=\"Mujeres tejiendo Hogares olaya\" \/><\/figure><\/div><div class=\"swiper-slide\"><figure class=\"swiper-slide-inner\"><img class=\"swiper-slide-image\" src=\"https:\/\/www.medellin.gov.co\/es\/wp-content\/uploads\/2025\/12\/imagen-mujeres-tejiendo-hogares-17.jpg\" alt=\"Mujeres tejiendo Hogares olaya\" \/><\/figure><\/div><div class=\"swiper-slide\"><figure class=\"swiper-slide-inner\"><img class=\"swiper-slide-image\" src=\"https:\/\/www.medellin.gov.co\/es\/wp-content\/uploads\/2025\/12\/imagen-mujeres-tejiendo-hogares-18.jpg\" alt=\"imagen mujeres tejiendo hogares (18)\" \/><\/figure><\/div><div class=\"swiper-slide\"><figure class=\"swiper-slide-inner\"><img class=\"swiper-slide-image\" src=\"https:\/\/www.medellin.gov.co\/es\/wp-content\/uploads\/2025\/12\/imagen-mujeres-tejiendo-hogares-19.jpg\" alt=\"Mujeres Tejiendo Hogares\" \/><\/figure><\/div><div class=\"swiper-slide\"><figure class=\"swiper-slide-inner\"><img class=\"swiper-slide-image\" src=\"https:\/\/www.medellin.gov.co\/es\/wp-content\/uploads\/2025\/12\/imagen-mujeres-tejiendo-hogares-20.jpg\" alt=\"mujeres tejiendo hogares en Imusa\" \/><\/figure><\/div><div class=\"swiper-slide\"><figure class=\"swiper-slide-inner\"><img class=\"swiper-slide-image\" src=\"https:\/\/www.medellin.gov.co\/es\/wp-content\/uploads\/2025\/12\/imagen-mujeres-tejiendo-hogares-21.jpg\" alt=\"mujeres tejiendo hogares en Imusa\" \/><\/figure><\/div><div class=\"swiper-slide\"><figure class=\"swiper-slide-inner\"><img class=\"swiper-slide-image\" src=\"https:\/\/www.medellin.gov.co\/es\/wp-content\/uploads\/2025\/12\/imagen-mujeres-tejiendo-hogares-22.jpg\" alt=\"mujeres tejiendo hogares en Imusa\" \/><\/figure><\/div><div class=\"swiper-slide\"><figure class=\"swiper-slide-inner\"><img class=\"swiper-slide-image\" src=\"https:\/\/www.medellin.gov.co\/es\/wp-content\/uploads\/2025\/12\/imagen-mujeres-tejiendo-hogares-23.jpg\" alt=\"mujeres tejiendo hogares en Imusa\" \/><\/figure><\/div>\t\t\t<\/div>\n\t\t\t\t\t\t\t\t\t\t\t\t<div class=\"swiper-pagination\"><\/div>\n\t\t\t\t\t\t\t\t\t\t\t\t\t<div class=\"elementor-swiper-button elementor-swiper-button-prev\">\n\t\t\t\t\t\t<i aria-hidden=\"true\" class=\"eicon-chevron-left\"><\/i>\t\t\t\t\t\t<span class=\"elementor-screen-only\">Anterior<\/span>\n\t\t\t\t\t<\/div>\n\t\t\t\t\t<div class=\"elementor-swiper-button elementor-swiper-button-next\">\n\t\t\t\t\t\t<i aria-hidden=\"true\" class=\"eicon-chevron-right\"><\/i>\t\t\t\t\t\t<span class=\"elementor-screen-only\">Siguiente<\/span>\n\t\t\t\t\t<\/div>\n\t\t\t\t\t\t\t\t\t<\/div>\n\t\t\t\t<\/div>\n\t\t\t\t<\/div>\n\t\t<\/div><\/div>\t\t\t\t\t\t\t<\/div>\n\t\t\t<\/div>\n\t\t\t\t\t<\/div>\n\t\t","protected":false},"excerpt":{"rendered":"<p>Mujeres Tejiendo Hogares Sanar, so\u00f1ar y emprender Esta estrategia reconoce el papel fundamental de las mujeres en el bienestar de sus familias y sus territorios; tiene como prop\u00f3sito acompa\u00f1ar a las madres jefes de hogar &#8230;<\/p>\n","protected":false},"author":17,"featured_media":190267,"parent":0,"menu_order":0,"comment_status":"closed","ping_status":"closed","template":"","meta":[],"acf":[],"_links":{"self":[{"href":"https:\/\/www.medellin.gov.co\/es\/wp-json\/wp\/v2\/pages\/329179"}],"collection":[{"href":"https:\/\/www.medellin.gov.co\/es\/wp-json\/wp\/v2\/pages"}],"about":[{"href":"https:\/\/www.medellin.gov.co\/es\/wp-json\/wp\/v2\/types\/page"}],"author":[{"embeddable":true,"href":"https:\/\/www.medellin.gov.co\/es\/wp-json\/wp\/v2\/users\/17"}],"replies":[{"embeddable":true,"href":"https:\/\/www.medellin.gov.co\/es\/wp-json\/wp\/v2\/comments?post=329179"}],"version-history":[{"count":10,"href":"https:\/\/www.medellin.gov.co\/es\/wp-json\/wp\/v2\/pages\/329179\/revisions"}],"predecessor-version":[{"id":494672,"href":"https:\/\/www.medellin.gov.co\/es\/wp-json\/wp\/v2\/pages\/329179\/revisions\/494672"}],"wp:featuredmedia":[{"embeddable":true,"href":"https:\/\/www.medellin.gov.co\/es\/wp-json\/wp\/v2\/media\/190267"}],"wp:attachment":[{"href":"https:\/\/www.medellin.gov.co\/es\/wp-json\/wp\/v2\/media?parent=329179"}],"curies":[{"name":"wp","href":"https:\/\/api.w.org\/{rel}","templated":true}]}}