{"id":335181,"date":"2024-08-22T16:45:53","date_gmt":"2024-08-22T21:45:53","guid":{"rendered":"https:\/\/www.medellin.gov.co\/es\/?page_id=335181"},"modified":"2025-12-06T19:52:44","modified_gmt":"2025-12-07T00:52:44","slug":"descuento-tributario","status":"publish","type":"page","link":"https:\/\/www.medellin.gov.co\/es\/secretaria-de-hacienda\/portal-tributario\/descuento-tributario\/","title":{"rendered":"Descuento tributario"},"content":{"rendered":"\t\t<div data-elementor-type=\"wp-page\" data-elementor-id=\"335181\" class=\"elementor elementor-335181\">\n\t\t\t\t\t\t<div class=\"elementor-inner\">\n\t\t\t\t<div class=\"elementor-section-wrap\">\n\t\t\t\t\t\t\t<div class=\"elementor-element elementor-element-4a773fd e-container--column e-container\" data-id=\"4a773fd\" data-element_type=\"container\">\t\t\t\t<div class=\"elementor-element elementor-element-816ed59 elementor-widget elementor-widget-heading\" data-id=\"816ed59\" data-element_type=\"widget\" data-widget_type=\"heading.default\">\n\t\t\t\t<div class=\"elementor-widget-container\">\n\t\t\t<h1 class=\"elementor-heading-title elementor-size-default\">Descuento tributario - Descuento Tasa de Inter\u00e9s Moratorio 2025<\/h1>\t\t<\/div>\n\t\t\t\t<\/div>\n\t\t<\/div><div class=\"elementor-element elementor-element-f1d84f8 e-container--column e-container\" data-id=\"f1d84f8\" data-element_type=\"container\">\t\t\t\t<div class=\"elementor-element elementor-element-a07fbb0 elementor-widget elementor-widget-spacer\" data-id=\"a07fbb0\" data-element_type=\"widget\" data-widget_type=\"spacer.default\">\n\t\t\t\t<div class=\"elementor-widget-container\">\n\t\t\t\t\t<div class=\"elementor-spacer\">\n\t\t\t<div class=\"elementor-spacer-inner\"><\/div>\n\t\t<\/div>\n\t\t\t\t<\/div>\n\t\t\t\t<\/div>\n\t\t<\/div><div class=\"elementor-element elementor-element-b341e62 e-container--column e-container\" data-id=\"b341e62\" data-element_type=\"container\">\t\t\t\t<div class=\"elementor-element elementor-element-84fa5f7 elementor-widget elementor-widget-image\" data-id=\"84fa5f7\" data-element_type=\"widget\" data-widget_type=\"image.default\">\n\t\t\t\t<div class=\"elementor-widget-container\">\n\t\t\t\t\t\t\t\t<div class=\"elementor-image\">\n\t\t\t\t\t\t\t\t\t\t\t\t<img src=\"https:\/\/www.medellin.gov.co\/es\/wp-content\/uploads\/2025\/11\/descuento_70_1.jpg\" title=\"\" alt=\"\" \/>\t\t\t\t\t\t\t\t\t\t\t\t\t\t<\/div>\n\t\t\t\t\t\t<\/div>\n\t\t\t\t<\/div>\n\t\t<\/div><div class=\"elementor-element elementor-element-247b833 e-container--column e-container\" data-id=\"247b833\" data-element_type=\"container\">\t\t\t\t<div class=\"elementor-element elementor-element-49af3ef elementor-widget elementor-widget-spacer\" data-id=\"49af3ef\" data-element_type=\"widget\" data-widget_type=\"spacer.default\">\n\t\t\t\t<div class=\"elementor-widget-container\">\n\t\t\t\t\t<div class=\"elementor-spacer\">\n\t\t\t<div class=\"elementor-spacer-inner\"><\/div>\n\t\t<\/div>\n\t\t\t\t<\/div>\n\t\t\t\t<\/div>\n\t\t<\/div>\t\t<section class=\"elementor-section elementor-top-section elementor-element elementor-element-70321f8 elementor-section-boxed elementor-section-height-default elementor-section-height-default\" data-id=\"70321f8\" data-element_type=\"section\">\n\t\t\t\t\t\t<div class=\"elementor-container elementor-column-gap-default\">\n\t\t\t\t\t\t\t<div class=\"elementor-row\">\n\t\t\t\t\t<div class=\"elementor-column elementor-col-100 elementor-top-column elementor-element elementor-element-eea126c\" data-id=\"eea126c\" data-element_type=\"column\">\n\t\t\t<div class=\"elementor-column-wrap elementor-element-populated\">\n\t\t\t\t\t\t\t<div class=\"elementor-widget-wrap\">\n\t\t\t\t<div class=\"elementor-element elementor-element-adc3141 e-container--column e-container\" data-id=\"adc3141\" data-element_type=\"container\">\t\t\t\t<div class=\"elementor-element elementor-element-201a81d elementor-widget elementor-widget-text-editor\" data-id=\"201a81d\" data-element_type=\"widget\" data-widget_type=\"text-editor.default\">\n\t\t\t\t<div class=\"elementor-widget-container\">\n\t\t\t\t\t\t\t\t<div class=\"elementor-text-editor elementor-clearfix\">\n\t\t\t\t<p><strong>Ponte al D\u00eda con Medell\u00edn<\/strong><\/p><p>Conoce el paso a paso para recibir este beneficio hasta el 23 de diciembre de 2025 y pagar con el 70% de descuento en la tasa de intereses de mora.<\/p><p>Lee atentamente el paso a paso para verificar si cumples con los requisitos para acceder a este descuento.<\/p><p style=\"text-align: center;\"><a href=\"https:\/\/www.medellin.gov.co\/es\/wp-content\/uploads\/2025\/12\/PDF-INFORMATIVO-BENEFICIO-70-2025-1.pdf\" target=\"_blank\" rel=\"noopener\">Paso a paso Descuento tasa de inter\u00e9s moratorio 2025<\/a> \u00a0| <a href=\"https:\/\/www.medellin.gov.co\/disminucion-temportal-intereses-de-mora-2025\" target=\"_blank\" rel=\"noopener\">Acceder al descuento<\/a>\u00a0| <a href=\"https:\/\/www.medellin.gov.co\/es\/wp-content\/uploads\/2025\/08\/Documento-abono-facilidades.pdf\" target=\"_blank\" rel=\"noopener\">Ponte al D\u00eda Medell\u00edn<\/a><\/p>\t\t\t\t\t<\/div>\n\t\t\t\t\t\t<\/div>\n\t\t\t\t<\/div>\n\t\t<\/div>\t\t<div class=\"elementor-element elementor-element-c5ec7a2 elementor-widget elementor-widget-spacer\" data-id=\"c5ec7a2\" data-element_type=\"widget\" data-widget_type=\"spacer.default\">\n\t\t\t\t<div class=\"elementor-widget-container\">\n\t\t\t\t\t<div class=\"elementor-spacer\">\n\t\t\t<div class=\"elementor-spacer-inner\"><\/div>\n\t\t<\/div>\n\t\t\t\t<\/div>\n\t\t\t\t<\/div>\n\t\t\t\t\t\t<\/div>\n\t\t\t\t\t<\/div>\n\t\t<\/div>\n\t\t\t\t\t\t\t\t<\/div>\n\t\t\t\t\t<\/div>\n\t\t<\/section>\n\t\t<div class=\"elementor-element elementor-element-d02abd3 e-container--column e-container\" data-id=\"d02abd3\" data-element_type=\"container\">\t\t\t\t<div class=\"elementor-element elementor-element-c44f49b elementor-widget elementor-widget-spacer\" data-id=\"c44f49b\" data-element_type=\"widget\" data-widget_type=\"spacer.default\">\n\t\t\t\t<div class=\"elementor-widget-container\">\n\t\t\t\t\t<div class=\"elementor-spacer\">\n\t\t\t<div class=\"elementor-spacer-inner\"><\/div>\n\t\t<\/div>\n\t\t\t\t<\/div>\n\t\t\t\t<\/div>\n\t\t<\/div><div class=\"elementor-element elementor-element-ef33b97 e-container--column e-container\" data-id=\"ef33b97\" data-element_type=\"container\">\t\t\t\t<div class=\"elementor-element elementor-element-6b4f5b4 elementor-widget elementor-widget-embed-documents\" data-id=\"6b4f5b4\" data-element_type=\"widget\" data-widget_type=\"embed-documents.default\">\n\t\t\t\t<div class=\"elementor-widget-container\">\n\t\t\t        \n        <div class=\"iframe-container\"><iframe src=\"https:\/\/www.medellin.gov.co\/es\/wp-content\/uploads\/2025\/12\/PDF-INFORMATIVO-BENEFICIO-70-2025-1.pdf\" style=\"width:100%; height:900px;\" frameborder=\"0\"><\/iframe><\/div>\n        \n        \t\t<\/div>\n\t\t\t\t<\/div>\n\t\t<\/div><div class=\"elementor-element elementor-element-f1507f1 e-container--column e-container\" data-id=\"f1507f1\" data-element_type=\"container\">\t\t\t\t<div class=\"elementor-element elementor-element-d622742 elementor-widget elementor-widget-spacer\" data-id=\"d622742\" data-element_type=\"widget\" data-widget_type=\"spacer.default\">\n\t\t\t\t<div class=\"elementor-widget-container\">\n\t\t\t\t\t<div class=\"elementor-spacer\">\n\t\t\t<div class=\"elementor-spacer-inner\"><\/div>\n\t\t<\/div>\n\t\t\t\t<\/div>\n\t\t\t\t<\/div>\n\t\t<\/div><div class=\"elementor-element elementor-element-6440607 e-container--column e-container\" data-id=\"6440607\" data-element_type=\"container\">\t\t\t\t<div class=\"elementor-element elementor-element-ff2fe9e elementor-widget elementor-widget-text-editor\" data-id=\"ff2fe9e\" data-element_type=\"widget\" data-widget_type=\"text-editor.default\">\n\t\t\t\t<div class=\"elementor-widget-container\">\n\t\t\t\t\t\t\t\t<div class=\"elementor-text-editor elementor-clearfix\">\n\t\t\t\t<p><a href=\"https:\/\/www.medellin.gov.co\/disminucion-temportal-intereses-de-mora-2025\" target=\"_blank\" rel=\"noopener\">Acceder al descuento<\/a><\/p>\t\t\t\t\t<\/div>\n\t\t\t\t\t\t<\/div>\n\t\t\t\t<\/div>\n\t\t<\/div>\t\t\t\t\t\t\t<\/div>\n\t\t\t<\/div>\n\t\t\t\t\t<\/div>\n\t\t","protected":false},"excerpt":{"rendered":"<p>Descuento tributario &#8211; Descuento Tasa de Inter\u00e9s Moratorio 2025 Ponte al D\u00eda con Medell\u00edn Conoce el paso a paso para recibir este beneficio hasta el 23 de diciembre de 2025 y pagar con el 70% &#8230;<\/p>\n","protected":false},"author":17,"featured_media":0,"parent":80692,"menu_order":0,"comment_status":"closed","ping_status":"closed","template":"sec-hacienda\/elementor.php","meta":[],"acf":[],"_links":{"self":[{"href":"https:\/\/www.medellin.gov.co\/es\/wp-json\/wp\/v2\/pages\/335181"}],"collection":[{"href":"https:\/\/www.medellin.gov.co\/es\/wp-json\/wp\/v2\/pages"}],"about":[{"href":"https:\/\/www.medellin.gov.co\/es\/wp-json\/wp\/v2\/types\/page"}],"author":[{"embeddable":true,"href":"https:\/\/www.medellin.gov.co\/es\/wp-json\/wp\/v2\/users\/17"}],"replies":[{"embeddable":true,"href":"https:\/\/www.medellin.gov.co\/es\/wp-json\/wp\/v2\/comments?post=335181"}],"version-history":[{"count":10,"href":"https:\/\/www.medellin.gov.co\/es\/wp-json\/wp\/v2\/pages\/335181\/revisions"}],"predecessor-version":[{"id":485916,"href":"https:\/\/www.medellin.gov.co\/es\/wp-json\/wp\/v2\/pages\/335181\/revisions\/485916"}],"up":[{"embeddable":true,"href":"https:\/\/www.medellin.gov.co\/es\/wp-json\/wp\/v2\/pages\/80692"}],"wp:attachment":[{"href":"https:\/\/www.medellin.gov.co\/es\/wp-json\/wp\/v2\/media?parent=335181"}],"curies":[{"name":"wp","href":"https:\/\/api.w.org\/{rel}","templated":true}]}}