{"id":343749,"date":"2024-09-17T10:50:36","date_gmt":"2024-09-17T15:50:36","guid":{"rendered":"https:\/\/www.medellin.gov.co\/es\/?page_id=343749"},"modified":"2026-04-15T09:58:00","modified_gmt":"2026-04-15T14:58:00","slug":"con-mi-cuerpo-nadie-se-mete","status":"publish","type":"page","link":"https:\/\/www.medellin.gov.co\/es\/con-mi-cuerpo-nadie-se-mete\/","title":{"rendered":"Con mi cuerpo nadie se mete"},"content":{"rendered":"\t\t<div data-elementor-type=\"wp-page\" data-elementor-id=\"343749\" class=\"elementor elementor-343749\">\n\t\t\t\t\t\t<div class=\"elementor-inner\">\n\t\t\t\t<div class=\"elementor-section-wrap\">\n\t\t\t\t\t\t\t\t\t<section class=\"elementor-section elementor-top-section elementor-element elementor-element-9d180fd elementor-section-boxed elementor-section-height-default elementor-section-height-default\" data-id=\"9d180fd\" data-element_type=\"section\">\n\t\t\t\t\t\t<div class=\"elementor-container elementor-column-gap-default\">\n\t\t\t\t\t\t\t<div class=\"elementor-row\">\n\t\t\t\t\t<div class=\"elementor-column elementor-col-100 elementor-top-column elementor-element elementor-element-4302f68\" data-id=\"4302f68\" data-element_type=\"column\">\n\t\t\t<div class=\"elementor-column-wrap elementor-element-populated\">\n\t\t\t\t\t\t\t<div class=\"elementor-widget-wrap\">\n\t\t\t\t\t\t<div class=\"elementor-element elementor-element-f68202c elementor-widget elementor-widget-heading\" data-id=\"f68202c\" data-element_type=\"widget\" data-widget_type=\"heading.default\">\n\t\t\t\t<div class=\"elementor-widget-container\">\n\t\t\t<h1 class=\"elementor-heading-title elementor-size-default\">Con mi Cuerpo\nNadie se Mete<\/h1>\t\t<\/div>\n\t\t\t\t<\/div>\n\t\t\t\t<div class=\"elementor-element elementor-element-4d2b24f elementor-widget elementor-widget-image\" data-id=\"4d2b24f\" data-element_type=\"widget\" data-widget_type=\"image.default\">\n\t\t\t\t<div class=\"elementor-widget-container\">\n\t\t\t\t\t\t\t\t<div class=\"elementor-image\">\n\t\t\t\t\t\t\t\t\t\t\t\t<img width=\"1600\" height=\"400\" src=\"https:\/\/www.medellin.gov.co\/es\/wp-content\/uploads\/2026\/04\/Banners-03.jpg\" class=\"attachment-full size-full\" alt=\"\" loading=\"lazy\" srcset=\"https:\/\/www.medellin.gov.co\/es\/wp-content\/uploads\/2026\/04\/Banners-03.jpg 1600w, https:\/\/www.medellin.gov.co\/es\/wp-content\/uploads\/2026\/04\/Banners-03-300x75.jpg 300w, https:\/\/www.medellin.gov.co\/es\/wp-content\/uploads\/2026\/04\/Banners-03-1024x256.jpg 1024w, https:\/\/www.medellin.gov.co\/es\/wp-content\/uploads\/2026\/04\/Banners-03-150x38.jpg 150w, https:\/\/www.medellin.gov.co\/es\/wp-content\/uploads\/2026\/04\/Banners-03-768x192.jpg 768w, https:\/\/www.medellin.gov.co\/es\/wp-content\/uploads\/2026\/04\/Banners-03-1536x384.jpg 1536w\" sizes=\"(max-width: 1600px) 100vw, 1600px\" \/>\t\t\t\t\t\t\t\t\t\t\t\t\t\t<\/div>\n\t\t\t\t\t\t<\/div>\n\t\t\t\t<\/div>\n\t\t\t\t<div class=\"elementor-element elementor-element-4d1454f elementor-widget elementor-widget-text-editor\" data-id=\"4d1454f\" data-element_type=\"widget\" data-widget_type=\"text-editor.default\">\n\t\t\t\t<div class=\"elementor-widget-container\">\n\t\t\t\t\t\t\t\t<div class=\"elementor-text-editor elementor-clearfix\">\n\t\t\t\t<p><span style=\"font-weight: 400;\">Una invitaci\u00f3n a colegios de Medell\u00edn y el Valle de Aburr\u00e1 a alzar la voz contra las violencias sexuales que afectan a ni\u00f1as, ni\u00f1os y adolescentes.<\/span><\/p><p><span style=\"font-weight: 400;\">A trav\u00e9s de la creatividad, las redes sociales y el trabajo en comunidad, los estudiantes de establecimientos educativos p\u00fablicos y privados liderar\u00e1n mensajes de prevenci\u00f3n, autocuidado y protecci\u00f3n.<\/span><\/p>\t\t\t\t\t<\/div>\n\t\t\t\t\t\t<\/div>\n\t\t\t\t<\/div>\n\t\t\t\t\t\t<\/div>\n\t\t\t\t\t<\/div>\n\t\t<\/div>\n\t\t\t\t\t\t\t\t<\/div>\n\t\t\t\t\t<\/div>\n\t\t<\/section>\n\t\t<div class=\"elementor-element elementor-element-92e5c0f e-container--row e-container\" data-id=\"92e5c0f\" data-element_type=\"container\">\t\t<div class=\"elementor-element elementor-element-8c4ba54 e-container--column e-container\" data-id=\"8c4ba54\" data-element_type=\"container\">\t\t\t\t<div class=\"elementor-element elementor-element-0d618d7 elementor-widget elementor-widget-image\" data-id=\"0d618d7\" data-element_type=\"widget\" data-widget_type=\"image.default\">\n\t\t\t\t<div class=\"elementor-widget-container\">\n\t\t\t\t\t\t\t\t<div class=\"elementor-image\">\n\t\t\t\t\t\t\t\t\t\t\t\t\t<a href=\"https:\/\/forms.gle\/6SNZqjdbNC9XRjvq8\" target=\"_blank\" registrarme=\"\">\n\t\t\t\t\t\t\t<img width=\"555\" height=\"106\" src=\"https:\/\/www.medellin.gov.co\/es\/wp-content\/uploads\/2026\/04\/Botones-pa\u0301gina-web-02.png\" class=\"attachment-large size-large\" alt=\"Registrarme al lanzamiento\" loading=\"lazy\" srcset=\"https:\/\/www.medellin.gov.co\/es\/wp-content\/uploads\/2026\/04\/Botones-pa\u0301gina-web-02.png 555w, https:\/\/www.medellin.gov.co\/es\/wp-content\/uploads\/2026\/04\/Botones-pa\u0301gina-web-02-300x57.png 300w, https:\/\/www.medellin.gov.co\/es\/wp-content\/uploads\/2026\/04\/Botones-pa\u0301gina-web-02-150x29.png 150w\" sizes=\"(max-width: 555px) 100vw, 555px\" \/>\t\t\t\t\t\t\t\t<\/a>\n\t\t\t\t\t\t\t\t\t\t\t\t\t\t<\/div>\n\t\t\t\t\t\t<\/div>\n\t\t\t\t<\/div>\n\t\t<\/div><div class=\"elementor-element elementor-element-35b8b2d e-container--column e-container\" data-id=\"35b8b2d\" data-element_type=\"container\">\t\t\t\t<div class=\"elementor-element elementor-element-b70aadf elementor-widget elementor-widget-image\" data-id=\"b70aadf\" data-element_type=\"widget\" data-widget_type=\"image.default\">\n\t\t\t\t<div class=\"elementor-widget-container\">\n\t\t\t\t\t\t\t\t<div class=\"elementor-image\">\n\t\t\t\t\t\t\t\t\t\t\t\t\t<a href=\"https:\/\/docs.google.com\/forms\/d\/e\/1FAIpQLSdKci3J-7HFKsIwAQvOxfexZU74rqkmnWvdOWclTKpnSdV3tw\/viewform?usp=header\" target=\"_blank\" inscribirme=\"\">\n\t\t\t\t\t\t\t<img width=\"508\" height=\"106\" src=\"https:\/\/www.medellin.gov.co\/es\/wp-content\/uploads\/2026\/04\/Botones-pa\u0301gina-web-01.png\" class=\"attachment-large size-large\" alt=\"Inscribirme al concurso\" loading=\"lazy\" srcset=\"https:\/\/www.medellin.gov.co\/es\/wp-content\/uploads\/2026\/04\/Botones-pa\u0301gina-web-01.png 508w, https:\/\/www.medellin.gov.co\/es\/wp-content\/uploads\/2026\/04\/Botones-pa\u0301gina-web-01-300x63.png 300w, https:\/\/www.medellin.gov.co\/es\/wp-content\/uploads\/2026\/04\/Botones-pa\u0301gina-web-01-150x31.png 150w\" sizes=\"(max-width: 508px) 100vw, 508px\" \/>\t\t\t\t\t\t\t\t<\/a>\n\t\t\t\t\t\t\t\t\t\t\t\t\t\t<\/div>\n\t\t\t\t\t\t<\/div>\n\t\t\t\t<\/div>\n\t\t<\/div><\/div>\t\t<section class=\"elementor-section elementor-top-section elementor-element elementor-element-42c4fc3 elementor-section-boxed elementor-section-height-default elementor-section-height-default\" data-id=\"42c4fc3\" data-element_type=\"section\">\n\t\t\t\t\t\t<div class=\"elementor-container elementor-column-gap-default\">\n\t\t\t\t\t\t\t<div class=\"elementor-row\">\n\t\t\t\t\t<div class=\"elementor-column elementor-col-100 elementor-top-column elementor-element elementor-element-524007b\" data-id=\"524007b\" data-element_type=\"column\">\n\t\t\t<div class=\"elementor-column-wrap elementor-element-populated\">\n\t\t\t\t\t\t\t<div class=\"elementor-widget-wrap\">\n\t\t\t\t\t\t<div class=\"elementor-element elementor-element-0d345f4 elementor-widget elementor-widget-text-editor\" data-id=\"0d345f4\" data-element_type=\"widget\" data-widget_type=\"text-editor.default\">\n\t\t\t\t<div class=\"elementor-widget-container\">\n\t\t\t\t\t\t\t\t<div class=\"elementor-text-editor elementor-clearfix\">\n\t\t\t\t<blockquote><p><em>Es una iniciativa de Tejiendo Hogares, estrategia del Despacho de la Primera Dama de Medell\u00edn, en alianza con el \u00c1rea Metropolitana del Valle de Aburr\u00e1 y entidades del Distrito.<\/em><\/p><\/blockquote><p><span style=\"color: #3366ff;\"><b>\u00bfQui\u00e9nes pueden participar?<\/b><\/span><b><br \/><\/b><span style=\"font-weight: 400;\">Establecimientos educativos p\u00fablicos y privados del Distrito de Medell\u00edn y de los municipios del Valle de Aburr\u00e1. Cada instituci\u00f3n debe inscribirse oficialmente y postular un equipo conformado por estudiantes y un directivo docente.<\/span><\/p><p><span style=\"color: #3366ff;\"><b>\u00bfC\u00f3mo participar?<\/b><\/span><\/p><h3><b>Paso a paso:<\/b><\/h3><p><span style=\"font-weight: 400;\">1. Socializa el concurso en tu instituci\u00f3n<br \/>2. <\/span><span style=\"font-weight: 400;\">Revisa las bases y condiciones<br \/><\/span><span style=\"font-weight: 400;\">3. Reg\u00edstrate al evento de lanzamiento el 21 de abril<br \/><\/span><span style=\"font-weight: 400;\">4. Inscribe oficialmente a tu instituci\u00f3n<br \/><\/span><span style=\"font-weight: 400;\">5. Carga los documentos requeridos:<br \/><\/span><span style=\"font-weight: 400;\">&#8211; Carta del rector<br \/><\/span><span style=\"font-weight: 400;\">&#8211; Consentimientos de uso de imagen de los participantes<\/span><\/p><p><em><b>Importante: Sin estos documentos no se valida la participaci\u00f3n.<\/b><\/em><\/p>\t\t\t\t\t<\/div>\n\t\t\t\t\t\t<\/div>\n\t\t\t\t<\/div>\n\t\t\t\t\t\t<\/div>\n\t\t\t\t\t<\/div>\n\t\t<\/div>\n\t\t\t\t\t\t\t\t<\/div>\n\t\t\t\t\t<\/div>\n\t\t<\/section>\n\t\t<div class=\"elementor-element elementor-element-2c30653 e-container--column e-container\" data-id=\"2c30653\" data-element_type=\"container\">\t\t\t\t<div class=\"elementor-element elementor-element-f774a86 elementor-aspect-ratio-169 elementor-widget elementor-widget-video\" data-id=\"f774a86\" data-element_type=\"widget\" data-settings=\"{&quot;youtube_url&quot;:&quot;https:\\\/\\\/youtu.be\\\/TxzcF6whKOk&quot;,&quot;video_type&quot;:&quot;youtube&quot;,&quot;controls&quot;:&quot;yes&quot;,&quot;aspect_ratio&quot;:&quot;169&quot;}\" data-widget_type=\"video.default\">\n\t\t\t\t<div class=\"elementor-widget-container\">\n\t\t\t\t\t<div class=\"elementor-wrapper elementor-fit-aspect-ratio elementor-open-inline\">\n\t\t\t<div class=\"elementor-video\"><\/div>\t\t<\/div>\n\t\t\t\t<\/div>\n\t\t\t\t<\/div>\n\t\t<\/div>\t\t<section class=\"elementor-section elementor-top-section elementor-element elementor-element-13f8c05 elementor-section-boxed elementor-section-height-default elementor-section-height-default\" data-id=\"13f8c05\" data-element_type=\"section\">\n\t\t\t\t\t\t<div class=\"elementor-container elementor-column-gap-default\">\n\t\t\t\t\t\t\t<div class=\"elementor-row\">\n\t\t\t\t\t<div class=\"elementor-column elementor-col-100 elementor-top-column elementor-element elementor-element-329af16\" data-id=\"329af16\" data-element_type=\"column\">\n\t\t\t<div class=\"elementor-column-wrap elementor-element-populated\">\n\t\t\t\t\t\t\t<div class=\"elementor-widget-wrap\">\n\t\t\t\t\t\t<div class=\"elementor-element elementor-element-acc1b85 elementor-widget elementor-widget-spacer\" data-id=\"acc1b85\" data-element_type=\"widget\" data-widget_type=\"spacer.default\">\n\t\t\t\t<div class=\"elementor-widget-container\">\n\t\t\t\t\t<div class=\"elementor-spacer\">\n\t\t\t<div class=\"elementor-spacer-inner\"><\/div>\n\t\t<\/div>\n\t\t\t\t<\/div>\n\t\t\t\t<\/div>\n\t\t\t\t<div class=\"elementor-element elementor-element-0188724 elementor-widget elementor-widget-text-editor\" data-id=\"0188724\" data-element_type=\"widget\" data-widget_type=\"text-editor.default\">\n\t\t\t\t<div class=\"elementor-widget-container\">\n\t\t\t\t\t\t\t\t<div class=\"elementor-text-editor elementor-clearfix\">\n\t\t\t\t<p><span style=\"color: #3366ff;\"><b>\u00bfQu\u00e9 tipo de contenido se debe publicar?<\/b><\/span><\/p><p><b><\/b><span style=\"font-weight: 400;\">Reels, videos, im\u00e1genes y piezas gr\u00e1ficas sobre temas como: el cuidado del cuerpo, las partes \u00edntimas, los tipos de violencias sexuales, el ciberacoso, las rutas de atenci\u00f3n, entre otros. Tambi\u00e9n se puede adaptar algunas tendencias al tema.<\/span><\/p><p><span style=\"font-weight: 400;\">\u2022 Participar con <\/span><b>una sola red social<\/b><span style=\"font-weight: 400;\"> (Instagram o TikTok)<br \/><\/span><span style=\"font-weight: 400;\">\u2022 Perfil p\u00fablico\u00a0<br \/>\u2022 <\/span><span style=\"font-weight: 400;\">Las historias no cuentan como parte de las publicaciones<br \/>\u2022 <\/span><span style=\"font-weight: 400;\">Fechas de publicaci\u00f3n: <\/span><b>29 de abril al 24 de mayo de 2026<\/b><\/p><p><span style=\"color: #3366ff;\"><b>Cada publicaci\u00f3n debe:<\/b><\/span><\/p><p><span style=\"font-weight: 400;\">\u2022 Incluir el hashtag <\/span><a href=\"https:\/\/www.instagram.com\/explore\/search\/keyword\/?q=%23conmicuerponadiesemete\" target=\"_blank\" rel=\"noopener\"><b>#ConMiCuerpoNadieSeMete<\/b><\/a><\/p><p><span style=\"font-weight: 400;\">\u2022 Mencionar estas cuentas:<\/span><\/p><p><a href=\"https:\/\/www.instagram.com\/tejiendo_hogares\/\" target=\"_blank\" rel=\"noopener\"><span style=\"font-weight: 400;\">@tejiendo_hogares<\/span><\/a><br \/><a href=\"https:\/\/www.instagram.com\/alcaldiademed\/\" target=\"_blank\" rel=\"noopener\"><span style=\"font-weight: 400;\">@alcaldiademed<\/span><\/a><br \/><a href=\"https:\/\/www.instagram.com\/areametropol\/\" target=\"_blank\" rel=\"noopener\"><span style=\"font-weight: 400;\">@areametropol<\/span><\/a><\/p><p><span style=\"font-weight: 400;\">\ud83d\udeab No se permite pauta paga<\/span><span style=\"font-weight: 400;\"><br \/><\/span><span style=\"font-weight: 400;\">\ud83d\udeab No contenido violento, ni expl\u00edcito o inapropiado<\/span><\/p><p><span style=\"color: #3366ff;\"><b>\u00bfQu\u00e9 se eval\u00faa?<\/b><\/span><\/p><p><span style=\"font-weight: 400;\">Creatividad, apropiaci\u00f3n del mensaje, participaci\u00f3n en redes sociales y la inclusi\u00f3n de adultos significativos como docentes o acudientes.<\/span><\/p><p><span style=\"color: #3366ff;\"><b>\u00bfHay reconocimientos?<\/b><\/span><\/p><p><span style=\"font-weight: 400;\">S\u00ed. Se reconocer\u00e1n colegios grandes, medianos y peque\u00f1os, tanto del Distrito de Medell\u00edn como del Valle de Aburr\u00e1. Los ganadores se anunciar\u00e1n a partir de:\u00a0<\/span><\/p><p><span style=\"color: #3366ff;\"><b>Cronograma:<\/b><\/span><\/p>\t\t\t\t\t<\/div>\n\t\t\t\t\t\t<\/div>\n\t\t\t\t<\/div>\n\t\t\t\t\t\t<\/div>\n\t\t\t\t\t<\/div>\n\t\t<\/div>\n\t\t\t\t\t\t\t\t<\/div>\n\t\t\t\t\t<\/div>\n\t\t<\/section>\n\t\t<div class=\"elementor-element elementor-element-cb3f536 e-container--row e-container\" data-id=\"cb3f536\" data-element_type=\"container\">\t\t<div class=\"elementor-element elementor-element-1bbcb5a e-container--column e-container\" data-id=\"1bbcb5a\" data-element_type=\"container\">\t\t\t\t<div class=\"elementor-element elementor-element-1c8f2cd elementor-widget elementor-widget-image\" data-id=\"1c8f2cd\" data-element_type=\"widget\" data-widget_type=\"image.default\">\n\t\t\t\t<div class=\"elementor-widget-container\">\n\t\t\t\t\t\t\t\t<div class=\"elementor-image\">\n\t\t\t\t\t\t\t\t\t\t\t\t\t<a href=\"https:\/\/www.medellin.gov.co\/es\/wp-content\/uploads\/2026\/04\/CronogramaCMNS_.jpg\" data-elementor-open-lightbox=\"yes\" data-elementor-lightbox-title=\"CronogramaCMNS_!\" e-action-hash=\"#elementor-action%3Aaction%3Dlightbox%26settings%3DeyJpZCI6NTE4MTY0LCJ1cmwiOiJodHRwczpcL1wvd3d3Lm1lZGVsbGluLmdvdi5jb1wvZXNcL3dwLWNvbnRlbnRcL3VwbG9hZHNcLzIwMjZcLzA0XC9Dcm9ub2dyYW1hQ01OU18uanBnIn0%3D\">\n\t\t\t\t\t\t\t<img width=\"1024\" height=\"960\" src=\"https:\/\/www.medellin.gov.co\/es\/wp-content\/uploads\/2026\/04\/CronogramaCMNS_-1024x960.jpg\" class=\"attachment-large size-large\" alt=\"\" loading=\"lazy\" srcset=\"https:\/\/www.medellin.gov.co\/es\/wp-content\/uploads\/2026\/04\/CronogramaCMNS_-1024x960.jpg 1024w, https:\/\/www.medellin.gov.co\/es\/wp-content\/uploads\/2026\/04\/CronogramaCMNS_-300x281.jpg 300w, https:\/\/www.medellin.gov.co\/es\/wp-content\/uploads\/2026\/04\/CronogramaCMNS_-150x141.jpg 150w, https:\/\/www.medellin.gov.co\/es\/wp-content\/uploads\/2026\/04\/CronogramaCMNS_-768x720.jpg 768w, https:\/\/www.medellin.gov.co\/es\/wp-content\/uploads\/2026\/04\/CronogramaCMNS_.jpg 1280w\" sizes=\"(max-width: 1024px) 100vw, 1024px\" \/>\t\t\t\t\t\t\t\t<\/a>\n\t\t\t\t\t\t\t\t\t\t\t\t\t\t<\/div>\n\t\t\t\t\t\t<\/div>\n\t\t\t\t<\/div>\n\t\t<\/div><div class=\"elementor-element elementor-element-25e727a e-container--column e-container\" data-id=\"25e727a\" data-element_type=\"container\">\t\t\t\t<div class=\"elementor-element elementor-element-53a8b29 elementor-widget elementor-widget-image\" data-id=\"53a8b29\" data-element_type=\"widget\" data-widget_type=\"image.default\">\n\t\t\t\t<div class=\"elementor-widget-container\">\n\t\t\t\t\t\t\t\t<div class=\"elementor-image\">\n\t\t\t\t\t\t\t\t\t\t\t\t\t<a href=\"https:\/\/www.medellin.gov.co\/es\/wp-content\/uploads\/2026\/04\/CronogramaCMNS_2.jpg\" data-elementor-open-lightbox=\"yes\" data-elementor-lightbox-title=\"CronogramaCMNS_2\" e-action-hash=\"#elementor-action%3Aaction%3Dlightbox%26settings%3DeyJpZCI6NTE4MTYzLCJ1cmwiOiJodHRwczpcL1wvd3d3Lm1lZGVsbGluLmdvdi5jb1wvZXNcL3dwLWNvbnRlbnRcL3VwbG9hZHNcLzIwMjZcLzA0XC9Dcm9ub2dyYW1hQ01OU18yLmpwZyJ9\">\n\t\t\t\t\t\t\t<img width=\"1024\" height=\"960\" src=\"https:\/\/www.medellin.gov.co\/es\/wp-content\/uploads\/2026\/04\/CronogramaCMNS_2-1024x960.jpg\" class=\"attachment-large size-large\" alt=\"\" loading=\"lazy\" srcset=\"https:\/\/www.medellin.gov.co\/es\/wp-content\/uploads\/2026\/04\/CronogramaCMNS_2-1024x960.jpg 1024w, https:\/\/www.medellin.gov.co\/es\/wp-content\/uploads\/2026\/04\/CronogramaCMNS_2-300x281.jpg 300w, https:\/\/www.medellin.gov.co\/es\/wp-content\/uploads\/2026\/04\/CronogramaCMNS_2-150x141.jpg 150w, https:\/\/www.medellin.gov.co\/es\/wp-content\/uploads\/2026\/04\/CronogramaCMNS_2-768x720.jpg 768w, https:\/\/www.medellin.gov.co\/es\/wp-content\/uploads\/2026\/04\/CronogramaCMNS_2.jpg 1280w\" sizes=\"(max-width: 1024px) 100vw, 1024px\" \/>\t\t\t\t\t\t\t\t<\/a>\n\t\t\t\t\t\t\t\t\t\t\t\t\t\t<\/div>\n\t\t\t\t\t\t<\/div>\n\t\t\t\t<\/div>\n\t\t<\/div><\/div>\t\t<section class=\"elementor-section elementor-top-section elementor-element elementor-element-8f57d9e elementor-section-boxed elementor-section-height-default elementor-section-height-default\" data-id=\"8f57d9e\" data-element_type=\"section\">\n\t\t\t\t\t\t<div class=\"elementor-container elementor-column-gap-default\">\n\t\t\t\t\t\t\t<div class=\"elementor-row\">\n\t\t\t\t\t<div class=\"elementor-column elementor-col-100 elementor-top-column elementor-element elementor-element-16715b0\" data-id=\"16715b0\" data-element_type=\"column\">\n\t\t\t<div class=\"elementor-column-wrap elementor-element-populated\">\n\t\t\t\t\t\t\t<div class=\"elementor-widget-wrap\">\n\t\t\t\t\t\t<div class=\"elementor-element elementor-element-b08ec6b elementor-widget elementor-widget-spacer\" data-id=\"b08ec6b\" data-element_type=\"widget\" data-widget_type=\"spacer.default\">\n\t\t\t\t<div class=\"elementor-widget-container\">\n\t\t\t\t\t<div class=\"elementor-spacer\">\n\t\t\t<div class=\"elementor-spacer-inner\"><\/div>\n\t\t<\/div>\n\t\t\t\t<\/div>\n\t\t\t\t<\/div>\n\t\t\t\t<div class=\"elementor-element elementor-element-f5b856e elementor-widget elementor-widget-text-editor\" data-id=\"f5b856e\" data-element_type=\"widget\" data-widget_type=\"text-editor.default\">\n\t\t\t\t<div class=\"elementor-widget-container\">\n\t\t\t\t\t\t\t\t<div class=\"elementor-text-editor elementor-clearfix\">\n\t\t\t\t<p><span style=\"color: #3366ff;\"><b>Bases del concurso:<\/b><\/span><\/p><p>&gt;&gt; <a href=\"https:\/\/drive.google.com\/drive\/u\/0\/folders\/18bJFwdlMaKqBrqbqRHqxb95Z__iTJBZz\" target=\"_blank\" rel=\"noopener\">Conoce todos los detalles, bases del concurso y formatos de inscripci\u00f3n aqu\u00ed<\/a><\/p>\t\t\t\t\t<\/div>\n\t\t\t\t\t\t<\/div>\n\t\t\t\t<\/div>\n\t\t\t\t\t\t<\/div>\n\t\t\t\t\t<\/div>\n\t\t<\/div>\n\t\t\t\t\t\t\t\t<\/div>\n\t\t\t\t\t<\/div>\n\t\t<\/section>\n\t\t\t\t\t\t\t\t\t<\/div>\n\t\t\t<\/div>\n\t\t\t\t\t<\/div>\n\t\t","protected":false},"excerpt":{"rendered":"<p>Con mi Cuerpo Nadie se Mete Una invitaci\u00f3n a colegios de Medell\u00edn y el Valle de Aburr\u00e1 a alzar la voz contra las violencias sexuales que afectan a ni\u00f1as, ni\u00f1os y adolescentes. A trav\u00e9s de &#8230;<\/p>\n","protected":false},"author":21,"featured_media":164138,"parent":0,"menu_order":0,"comment_status":"closed","ping_status":"closed","template":"gestora-social\/elementor.php","meta":[],"acf":[],"_links":{"self":[{"href":"https:\/\/www.medellin.gov.co\/es\/wp-json\/wp\/v2\/pages\/343749"}],"collection":[{"href":"https:\/\/www.medellin.gov.co\/es\/wp-json\/wp\/v2\/pages"}],"about":[{"href":"https:\/\/www.medellin.gov.co\/es\/wp-json\/wp\/v2\/types\/page"}],"author":[{"embeddable":true,"href":"https:\/\/www.medellin.gov.co\/es\/wp-json\/wp\/v2\/users\/21"}],"replies":[{"embeddable":true,"href":"https:\/\/www.medellin.gov.co\/es\/wp-json\/wp\/v2\/comments?post=343749"}],"version-history":[{"count":11,"href":"https:\/\/www.medellin.gov.co\/es\/wp-json\/wp\/v2\/pages\/343749\/revisions"}],"predecessor-version":[{"id":518384,"href":"https:\/\/www.medellin.gov.co\/es\/wp-json\/wp\/v2\/pages\/343749\/revisions\/518384"}],"wp:featuredmedia":[{"embeddable":true,"href":"https:\/\/www.medellin.gov.co\/es\/wp-json\/wp\/v2\/media\/164138"}],"wp:attachment":[{"href":"https:\/\/www.medellin.gov.co\/es\/wp-json\/wp\/v2\/media?parent=343749"}],"curies":[{"name":"wp","href":"https:\/\/api.w.org\/{rel}","templated":true}]}}