{"id":344352,"date":"2024-09-20T11:07:18","date_gmt":"2024-09-20T16:07:18","guid":{"rendered":"https:\/\/www.medellin.gov.co\/es\/?page_id=344352"},"modified":"2024-09-20T11:20:10","modified_gmt":"2024-09-20T16:20:10","slug":"politica-publica-de-ciencia-tecnologia-e-innovacion","status":"publish","type":"page","link":"https:\/\/www.medellin.gov.co\/es\/secretaria-desarrollo-economico\/subsecretaria-de-creacion-y-fortalecimiento-empresarial\/politica-publica-de-ciencia-tecnologia-e-innovacion\/","title":{"rendered":"Pol\u00edtica P\u00fablica de Ciencia Tecnolog\u00eda e Innovaci\u00f3n"},"content":{"rendered":"\t\t<div data-elementor-type=\"wp-page\" data-elementor-id=\"344352\" class=\"elementor elementor-344352\">\n\t\t\t\t\t\t<div class=\"elementor-inner\">\n\t\t\t\t<div class=\"elementor-section-wrap\">\n\t\t\t\t\t\t\t\t\t<section class=\"elementor-section elementor-top-section elementor-element elementor-element-99d0e4d elementor-section-boxed elementor-section-height-default elementor-section-height-default\" data-id=\"99d0e4d\" data-element_type=\"section\">\n\t\t\t\t\t\t<div class=\"elementor-container elementor-column-gap-default\">\n\t\t\t\t\t\t\t<div class=\"elementor-row\">\n\t\t\t\t\t<div class=\"elementor-column elementor-col-100 elementor-top-column elementor-element elementor-element-a120376\" data-id=\"a120376\" data-element_type=\"column\">\n\t\t\t<div class=\"elementor-column-wrap elementor-element-populated\">\n\t\t\t\t\t\t\t<div class=\"elementor-widget-wrap\">\n\t\t\t\t\t\t<div class=\"elementor-element elementor-element-d2dbdfe elementor-widget elementor-widget-heading\" data-id=\"d2dbdfe\" data-element_type=\"widget\" data-widget_type=\"heading.default\">\n\t\t\t\t<div class=\"elementor-widget-container\">\n\t\t\t<h1 class=\"elementor-heading-title elementor-size-default\">Pol\u00edtica P\u00fablica de Ciencia Tecnolog\u00eda e Innovaci\u00f3n para la Sostenibilidad<\/h1>\t\t<\/div>\n\t\t\t\t<\/div>\n\t\t\t\t<div class=\"elementor-element elementor-element-36fd849 elementor-widget elementor-widget-image\" data-id=\"36fd849\" data-element_type=\"widget\" data-widget_type=\"image.default\">\n\t\t\t\t<div class=\"elementor-widget-container\">\n\t\t\t\t\t\t\t\t<div class=\"elementor-image\">\n\t\t\t\t\t\t\t\t\t\t\t\t<img width=\"1600\" height=\"900\" src=\"https:\/\/www.medellin.gov.co\/es\/wp-content\/uploads\/2024\/09\/WhatsApp-Image-2024-09-19-at-11.37.16-AM.jpeg\" class=\"attachment-full size-full\" alt=\"\" loading=\"lazy\" srcset=\"https:\/\/www.medellin.gov.co\/es\/wp-content\/uploads\/2024\/09\/WhatsApp-Image-2024-09-19-at-11.37.16-AM.jpeg 1600w, https:\/\/www.medellin.gov.co\/es\/wp-content\/uploads\/2024\/09\/WhatsApp-Image-2024-09-19-at-11.37.16-AM-300x169.jpeg 300w, https:\/\/www.medellin.gov.co\/es\/wp-content\/uploads\/2024\/09\/WhatsApp-Image-2024-09-19-at-11.37.16-AM-1024x576.jpeg 1024w, https:\/\/www.medellin.gov.co\/es\/wp-content\/uploads\/2024\/09\/WhatsApp-Image-2024-09-19-at-11.37.16-AM-150x84.jpeg 150w, https:\/\/www.medellin.gov.co\/es\/wp-content\/uploads\/2024\/09\/WhatsApp-Image-2024-09-19-at-11.37.16-AM-768x432.jpeg 768w, https:\/\/www.medellin.gov.co\/es\/wp-content\/uploads\/2024\/09\/WhatsApp-Image-2024-09-19-at-11.37.16-AM-1536x864.jpeg 1536w\" sizes=\"(max-width: 1600px) 100vw, 1600px\" \/>\t\t\t\t\t\t\t\t\t\t\t\t\t\t<\/div>\n\t\t\t\t\t\t<\/div>\n\t\t\t\t<\/div>\n\t\t\t\t<div class=\"elementor-element elementor-element-3d0355a elementor-widget elementor-widget-text-editor\" data-id=\"3d0355a\" data-element_type=\"widget\" data-widget_type=\"text-editor.default\">\n\t\t\t\t<div class=\"elementor-widget-container\">\n\t\t\t\t\t\t\t\t<div class=\"elementor-text-editor elementor-clearfix\">\n\t\t\t\t<p>La ciudad avanza con la implementaci\u00f3n de la Pol\u00edtica Distrital de CTI para la Sostenibilidad, que pretende a trav\u00e9s de la ciencia, la tecnolog\u00eda y la innovaci\u00f3n ,aumentar su contribuci\u00f3n al desarrollo social, econ\u00f3mico y ambiental desde un enfoque transformativo, propendiendo por un desarrollo inteligente, neutral en carbono y sostenible del territorio, que mejore la calidad de vida y bienestar de la ciudadan\u00eda, y generando valor agregado y aprovechamiento de las potencialidades del Sistema Distrital de Ciencia, Tecnolog\u00eda, Innovaci\u00f3n y Sostenibilidad.<\/p>\t\t\t\t\t<\/div>\n\t\t\t\t\t\t<\/div>\n\t\t\t\t<\/div>\n\t\t\t\t<div class=\"elementor-element elementor-element-5b83d18 elementor-widget elementor-widget-text-editor\" data-id=\"5b83d18\" data-element_type=\"widget\" data-widget_type=\"text-editor.default\">\n\t\t\t\t<div class=\"elementor-widget-container\">\n\t\t\t\t\t\t\t\t<div class=\"elementor-text-editor elementor-clearfix\">\n\t\t\t\t<p><strong>Objetivos<\/strong><\/p><p>\u00a0<\/p><ul><li>Dise\u00f1ar e implementar plan de CTI.<\/li><li>Aumentar incentivos y est\u00edmulos para el fomento y desarrollo CTI.<\/li><li>Promover la convergencia de actores del sistema CTI.<\/li><li>Disminuir barrera de acceso al sistema CTI.<\/li><li>Incrementar la especializaci\u00f3n del territorio para el desarrollo CTI.<\/li><\/ul>\t\t\t\t\t<\/div>\n\t\t\t\t\t\t<\/div>\n\t\t\t\t<\/div>\n\t\t\t\t<div class=\"elementor-element elementor-element-b6e8657 elementor-widget elementor-widget-heading\" data-id=\"b6e8657\" data-element_type=\"widget\" data-widget_type=\"heading.default\">\n\t\t\t\t<div class=\"elementor-widget-container\">\n\t\t\t<h2 class=\"elementor-heading-title elementor-size-default\"><b>\u00c1reas estrat\u00e9gicas<\/b> de la pol\u00edtica \u00a0<\/h2>\t\t<\/div>\n\t\t\t\t<\/div>\n\t\t\t\t<div class=\"elementor-element elementor-element-500dea7 elementor-widget elementor-widget-text-editor\" data-id=\"500dea7\" data-element_type=\"widget\" data-widget_type=\"text-editor.default\">\n\t\t\t\t<div class=\"elementor-widget-container\">\n\t\t\t\t\t\t\t\t<div class=\"elementor-text-editor elementor-clearfix\">\n\t\t\t\t<ul><li><strong>Transformaci\u00f3n digital:<\/strong> Promover la innovaci\u00f3n y adopci\u00f3n tecnol\u00f3gica como herramientas de competitividad y crecimiento econ\u00f3mico para las empresas y sus entornos, adem\u00e1s de acercarlas a tecnolog\u00edas de la Cuarta Revoluci\u00f3n Industrial como la inteligencia artificial y Big Data.<\/li><li><strong>Sostenibilidad ambiental<\/strong>: Para propender por un desarrollo sustentable de las empresas y avanzar en el objetivo de ser una ciudad carbono neutral, con el apoyo de la CTI.<\/li><li><strong>Desarrollo social humano<\/strong>: Busca fortalecer la educaci\u00f3n, el desarrollo de capacidades en la ciudadan\u00eda a trav\u00e9s de ferias de ciencia y procesos de rob\u00f3tica e investigaci\u00f3n.<\/li><li><strong>Desarrollo econ\u00f3mico:<\/strong> Busca incrementar la generaci\u00f3n de valor agregado en el territorio, donde hay un foco exclusivo para los emprendimientos de base tecnol\u00f3gica y procesos de innovaci\u00f3n.<\/li><\/ul>\t\t\t\t\t<\/div>\n\t\t\t\t\t\t<\/div>\n\t\t\t\t<\/div>\n\t\t\t\t\t\t<\/div>\n\t\t\t\t\t<\/div>\n\t\t<\/div>\n\t\t\t\t\t\t\t\t<\/div>\n\t\t\t\t\t<\/div>\n\t\t<\/section>\n\t\t\t\t\t\t\t\t\t<\/div>\n\t\t\t<\/div>\n\t\t\t\t\t<\/div>\n\t\t","protected":false},"excerpt":{"rendered":"<p>Pol\u00edtica P\u00fablica de Ciencia Tecnolog\u00eda e Innovaci\u00f3n para la Sostenibilidad La ciudad avanza con la implementaci\u00f3n de la Pol\u00edtica Distrital de CTI para la Sostenibilidad, que pretende a trav\u00e9s de la ciencia, la tecnolog\u00eda y &#8230;<\/p>\n","protected":false},"author":82,"featured_media":11116,"parent":10890,"menu_order":40,"comment_status":"closed","ping_status":"closed","template":"sec-desarrolloeconomico\/elementor.php","meta":[],"acf":[],"_links":{"self":[{"href":"https:\/\/www.medellin.gov.co\/es\/wp-json\/wp\/v2\/pages\/344352"}],"collection":[{"href":"https:\/\/www.medellin.gov.co\/es\/wp-json\/wp\/v2\/pages"}],"about":[{"href":"https:\/\/www.medellin.gov.co\/es\/wp-json\/wp\/v2\/types\/page"}],"author":[{"embeddable":true,"href":"https:\/\/www.medellin.gov.co\/es\/wp-json\/wp\/v2\/users\/82"}],"replies":[{"embeddable":true,"href":"https:\/\/www.medellin.gov.co\/es\/wp-json\/wp\/v2\/comments?post=344352"}],"version-history":[{"count":10,"href":"https:\/\/www.medellin.gov.co\/es\/wp-json\/wp\/v2\/pages\/344352\/revisions"}],"predecessor-version":[{"id":345470,"href":"https:\/\/www.medellin.gov.co\/es\/wp-json\/wp\/v2\/pages\/344352\/revisions\/345470"}],"up":[{"embeddable":true,"href":"https:\/\/www.medellin.gov.co\/es\/wp-json\/wp\/v2\/pages\/10890"}],"wp:featuredmedia":[{"embeddable":true,"href":"https:\/\/www.medellin.gov.co\/es\/wp-json\/wp\/v2\/media\/11116"}],"wp:attachment":[{"href":"https:\/\/www.medellin.gov.co\/es\/wp-json\/wp\/v2\/media?parent=344352"}],"curies":[{"name":"wp","href":"https:\/\/api.w.org\/{rel}","templated":true}]}}