{"id":346374,"date":"2024-09-24T16:25:31","date_gmt":"2024-09-24T21:25:31","guid":{"rendered":"https:\/\/www.medellin.gov.co\/es\/?page_id=346374"},"modified":"2025-07-30T11:15:26","modified_gmt":"2025-07-30T16:15:26","slug":"ruta-del-emprendimiento","status":"publish","type":"page","link":"https:\/\/www.medellin.gov.co\/es\/secretaria-desarrollo-economico\/subsecretaria-de-creacion-y-fortalecimiento-empresarial\/ruta-del-emprendimiento\/","title":{"rendered":"Ruta del Emprendimiento"},"content":{"rendered":"\t\t<div data-elementor-type=\"wp-page\" data-elementor-id=\"346374\" class=\"elementor elementor-346374\">\n\t\t\t\t\t\t<div class=\"elementor-inner\">\n\t\t\t\t<div class=\"elementor-section-wrap\">\n\t\t\t\t\t\t\t\t\t<section class=\"elementor-section elementor-top-section elementor-element elementor-element-58624bb elementor-section-boxed elementor-section-height-default elementor-section-height-default\" data-id=\"58624bb\" data-element_type=\"section\">\n\t\t\t\t\t\t<div class=\"elementor-container elementor-column-gap-default\">\n\t\t\t\t\t\t\t<div class=\"elementor-row\">\n\t\t\t\t\t<div class=\"elementor-column elementor-col-100 elementor-top-column elementor-element elementor-element-f80100d\" data-id=\"f80100d\" data-element_type=\"column\">\n\t\t\t<div class=\"elementor-column-wrap elementor-element-populated\">\n\t\t\t\t\t\t\t<div class=\"elementor-widget-wrap\">\n\t\t\t\t\t\t<div class=\"elementor-element elementor-element-0444ee9 elementor-widget elementor-widget-heading\" data-id=\"0444ee9\" data-element_type=\"widget\" data-widget_type=\"heading.default\">\n\t\t\t\t<div class=\"elementor-widget-container\">\n\t\t\t<h1 class=\"elementor-heading-title elementor-size-default\">Ruta del Emprendimiento <\/h1>\t\t<\/div>\n\t\t\t\t<\/div>\n\t\t\t\t<div class=\"elementor-element elementor-element-516918a elementor-widget elementor-widget-image\" data-id=\"516918a\" data-element_type=\"widget\" data-widget_type=\"image.default\">\n\t\t\t\t<div class=\"elementor-widget-container\">\n\t\t\t\t\t\t\t\t<div class=\"elementor-image\">\n\t\t\t\t\t\t\t\t\t\t\t\t<img width=\"1024\" height=\"682\" src=\"https:\/\/www.medellin.gov.co\/es\/wp-content\/uploads\/2024\/09\/PHOTO-2024-09-23-15-44-22-1024x682.jpg\" class=\"attachment-large size-large\" alt=\"\" loading=\"lazy\" srcset=\"https:\/\/www.medellin.gov.co\/es\/wp-content\/uploads\/2024\/09\/PHOTO-2024-09-23-15-44-22-1024x682.jpg 1024w, https:\/\/www.medellin.gov.co\/es\/wp-content\/uploads\/2024\/09\/PHOTO-2024-09-23-15-44-22-300x200.jpg 300w, https:\/\/www.medellin.gov.co\/es\/wp-content\/uploads\/2024\/09\/PHOTO-2024-09-23-15-44-22-150x100.jpg 150w, https:\/\/www.medellin.gov.co\/es\/wp-content\/uploads\/2024\/09\/PHOTO-2024-09-23-15-44-22-768x512.jpg 768w, https:\/\/www.medellin.gov.co\/es\/wp-content\/uploads\/2024\/09\/PHOTO-2024-09-23-15-44-22-1536x1023.jpg 1536w, https:\/\/www.medellin.gov.co\/es\/wp-content\/uploads\/2024\/09\/PHOTO-2024-09-23-15-44-22.jpg 1600w\" sizes=\"(max-width: 1024px) 100vw, 1024px\" \/>\t\t\t\t\t\t\t\t\t\t\t\t\t\t<\/div>\n\t\t\t\t\t\t<\/div>\n\t\t\t\t<\/div>\n\t\t\t\t<div class=\"elementor-element elementor-element-a087c7e elementor-widget elementor-widget-text-editor\" data-id=\"a087c7e\" data-element_type=\"widget\" data-widget_type=\"text-editor.default\">\n\t\t\t\t<div class=\"elementor-widget-container\">\n\t\t\t\t\t\t\t\t<div class=\"elementor-text-editor elementor-clearfix\">\n\t\t\t\t<p>La Ruta del Emprendimiento es un programa de la Alcald\u00eda de Medell\u00edn que busca que los emprendedores y empresarios de base tecnol\u00f3gica de la ciudad puedan acceder a un acompa\u00f1amiento y fortalecimiento especializado del Distrito, ajustado a las necesidades espec\u00edficas y la etapa en que se encuentran sus negocios:<\/p><p>\u00a0<\/p><ul><li><strong>Etapa 1 \u2013 ideaci\u00f3n: <\/strong>Se acompa\u00f1a al emprendedor en conceptualizaci\u00f3n del producto o servicio innovador y la estructuraci\u00f3n el modelo de negocio inicial de su iniciativa.<\/li><\/ul><ul><li><strong>Etapa 2 &#8211; pre-incubaci\u00f3n: <\/strong>Acompa\u00f1amiento a los emprendedores en la validaci\u00f3n inicial (t\u00e9cnica y comercial) de su modelo de negocio y en la estructuraci\u00f3n del plan de desarrollo de un producto m\u00ednimo viable que permita su acercamiento al mercado. La preincubaci\u00f3n se enfoca en validar y mejorar el prototipo del producto y servicio con metodolog\u00edas y herramientas especializadas. Est\u00e1 dirigida a los emprendedores que ya tienen un modelo de negocio.<\/li><\/ul><ul><li><strong>Etapa 3 \u2013 incubaci\u00f3n: <\/strong>Se brinda acompa\u00f1amiento en acciones tendientes a la puesta en marcha de la iniciativa empresarial y la validaci\u00f3n de su modelo de negocio buscando una participaci\u00f3n estable en el mercado. En la etapa de Incubaci\u00f3n, se brindan asesor\u00edas referentes producto m\u00ednimo viable (PMV) y un plan de negocio inicial. Aqu\u00ed, se orientan los pasos necesarios para lanzar la iniciativa empresarial y comercializar.<\/li><\/ul><ul><li><strong>Etapa 4 \u2013 aceleraci\u00f3n:<\/strong> Etapa enfocada en un acompa\u00f1amiento de expertos en el desarrollo de acciones que contribuyan al crecimiento y la transformaci\u00f3n de las iniciativas de negocio de forma rentable y sostenible en el mercado.<\/li><\/ul><ul><li><strong>Etapa 5 \u2013 consolidaci\u00f3n: <\/strong>En esta etapa se brinda un acompa\u00f1amiento centrado en servicios especializados de acuerdo con las necesidades espec\u00edficas de las iniciativas empresariales, buscando abrir nuevos mercados, que conlleven a la sostenibilidad, rentabilidad y competitividad de estas.<\/li><\/ul>\t\t\t\t\t<\/div>\n\t\t\t\t\t\t<\/div>\n\t\t\t\t<\/div>\n\t\t\t\t<div class=\"elementor-element elementor-element-5995ced elementor-widget elementor-widget-button\" data-id=\"5995ced\" data-element_type=\"widget\" data-widget_type=\"button.default\">\n\t\t\t\t<div class=\"elementor-widget-container\">\n\t\t\t\t\t<div class=\"elementor-button-wrapper\">\n\t\t\t<a href=\"https:\/\/www.rutadelemprendimientomedellin.com\/\" target=\"_blank\" class=\"elementor-button-link elementor-button elementor-size-sm\" role=\"button\">\n\t\t\t\t\t\t<span class=\"elementor-button-content-wrapper\">\n\t\t\t\t\t\t<span class=\"elementor-button-text\">Inscr\u00edbete aqu\u00ed <\/span>\n\t\t<\/span>\n\t\t\t\t\t<\/a>\n\t\t<\/div>\n\t\t\t\t<\/div>\n\t\t\t\t<\/div>\n\t\t\t\t\t\t<\/div>\n\t\t\t\t\t<\/div>\n\t\t<\/div>\n\t\t\t\t\t\t\t\t<\/div>\n\t\t\t\t\t<\/div>\n\t\t<\/section>\n\t\t\t\t\t\t\t\t\t<\/div>\n\t\t\t<\/div>\n\t\t\t\t\t<\/div>\n\t\t","protected":false},"excerpt":{"rendered":"<p>Ruta del Emprendimiento La Ruta del Emprendimiento es un programa de la Alcald\u00eda de Medell\u00edn que busca que los emprendedores y empresarios de base tecnol\u00f3gica de la ciudad puedan acceder a un acompa\u00f1amiento y fortalecimiento &#8230;<\/p>\n","protected":false},"author":80,"featured_media":11116,"parent":10890,"menu_order":35,"comment_status":"closed","ping_status":"closed","template":"sec-desarrolloeconomico\/elementor.php","meta":[],"acf":[],"_links":{"self":[{"href":"https:\/\/www.medellin.gov.co\/es\/wp-json\/wp\/v2\/pages\/346374"}],"collection":[{"href":"https:\/\/www.medellin.gov.co\/es\/wp-json\/wp\/v2\/pages"}],"about":[{"href":"https:\/\/www.medellin.gov.co\/es\/wp-json\/wp\/v2\/types\/page"}],"author":[{"embeddable":true,"href":"https:\/\/www.medellin.gov.co\/es\/wp-json\/wp\/v2\/users\/80"}],"replies":[{"embeddable":true,"href":"https:\/\/www.medellin.gov.co\/es\/wp-json\/wp\/v2\/comments?post=346374"}],"version-history":[{"count":10,"href":"https:\/\/www.medellin.gov.co\/es\/wp-json\/wp\/v2\/pages\/346374\/revisions"}],"predecessor-version":[{"id":436788,"href":"https:\/\/www.medellin.gov.co\/es\/wp-json\/wp\/v2\/pages\/346374\/revisions\/436788"}],"up":[{"embeddable":true,"href":"https:\/\/www.medellin.gov.co\/es\/wp-json\/wp\/v2\/pages\/10890"}],"wp:featuredmedia":[{"embeddable":true,"href":"https:\/\/www.medellin.gov.co\/es\/wp-json\/wp\/v2\/media\/11116"}],"wp:attachment":[{"href":"https:\/\/www.medellin.gov.co\/es\/wp-json\/wp\/v2\/media?parent=346374"}],"curies":[{"name":"wp","href":"https:\/\/api.w.org\/{rel}","templated":true}]}}