{"id":364640,"date":"2024-12-04T11:14:21","date_gmt":"2024-12-04T16:14:21","guid":{"rendered":"https:\/\/www.medellin.gov.co\/es\/?page_id=364640"},"modified":"2026-01-27T12:03:33","modified_gmt":"2026-01-27T17:03:33","slug":"medellin-digital","status":"publish","type":"page","link":"https:\/\/www.medellin.gov.co\/es\/secretaria-desarrollo-economico\/medellin-digital\/","title":{"rendered":"Medell\u00edn Digital"},"content":{"rendered":"\t\t<div data-elementor-type=\"wp-page\" data-elementor-id=\"364640\" class=\"elementor elementor-364640\">\n\t\t\t\t\t\t<div class=\"elementor-inner\">\n\t\t\t\t<div class=\"elementor-section-wrap\">\n\t\t\t\t\t\t\t\t\t<section class=\"elementor-section elementor-top-section elementor-element elementor-element-79ba4198 elementor-section-boxed elementor-section-height-default elementor-section-height-default\" data-id=\"79ba4198\" data-element_type=\"section\">\n\t\t\t\t\t\t<div class=\"elementor-container elementor-column-gap-default\">\n\t\t\t\t\t\t\t<div class=\"elementor-row\">\n\t\t\t\t\t<div class=\"elementor-column elementor-col-100 elementor-top-column elementor-element elementor-element-4635bda2\" data-id=\"4635bda2\" data-element_type=\"column\">\n\t\t\t<div class=\"elementor-column-wrap elementor-element-populated\">\n\t\t\t\t\t\t\t<div class=\"elementor-widget-wrap\">\n\t\t\t\t\t\t<div class=\"elementor-element elementor-element-9746525 elementor-widget elementor-widget-heading\" data-id=\"9746525\" data-element_type=\"widget\" data-widget_type=\"heading.default\">\n\t\t\t\t<div class=\"elementor-widget-container\">\n\t\t\t<h2 class=\"elementor-heading-title elementor-size-default\"><b>Medell\u00edn<\/b> Digital<\/h2>\t\t<\/div>\n\t\t\t\t<\/div>\n\t\t\t\t<div class=\"elementor-element elementor-element-c093a0f elementor-widget elementor-widget-spacer\" data-id=\"c093a0f\" data-element_type=\"widget\" data-widget_type=\"spacer.default\">\n\t\t\t\t<div class=\"elementor-widget-container\">\n\t\t\t\t\t<div class=\"elementor-spacer\">\n\t\t\t<div class=\"elementor-spacer-inner\"><\/div>\n\t\t<\/div>\n\t\t\t\t<\/div>\n\t\t\t\t<\/div>\n\t\t\t\t<div class=\"elementor-element elementor-element-6467d45 elementor-widget elementor-widget-heading\" data-id=\"6467d45\" data-element_type=\"widget\" data-widget_type=\"heading.default\">\n\t\t\t\t<div class=\"elementor-widget-container\">\n\t\t\t<h2 class=\"elementor-heading-title elementor-size-default\">En Medell\u00edn trabajamos para generar oportunidades y desarrollo econ\u00f3mico para nuestra gente.<\/h2>\t\t<\/div>\n\t\t\t\t<\/div>\n\t\t\t\t<div class=\"elementor-element elementor-element-9b51113 elementor-widget elementor-widget-text-editor\" data-id=\"9b51113\" data-element_type=\"widget\" data-widget_type=\"text-editor.default\">\n\t\t\t\t<div class=\"elementor-widget-container\">\n\t\t\t\t\t\t\t\t<div class=\"elementor-text-editor elementor-clearfix\">\n\t\t\t\t<p>Queremos posicionar a Medell\u00edn como un distrito competitivo y global, que promueve el talento, la din\u00e1mica empresarial, emprendedora y de negocios a trav\u00e9s de la ciencia, la tecnolog\u00eda y la innovaci\u00f3n para el crecimiento econ\u00f3mico y social<\/p>\t\t\t\t\t<\/div>\n\t\t\t\t\t\t<\/div>\n\t\t\t\t<\/div>\n\t\t\t\t\t\t<\/div>\n\t\t\t\t\t<\/div>\n\t\t<\/div>\n\t\t\t\t\t\t\t\t<\/div>\n\t\t\t\t\t<\/div>\n\t\t<\/section>\n\t\t<div class=\"elementor-element elementor-element-7fcfb5c e-container--column e-container\" data-id=\"7fcfb5c\" data-element_type=\"container\">\t\t\t\t<div class=\"elementor-element elementor-element-b3d71bf elementor-widget-divider--view-line elementor-widget elementor-widget-divider\" data-id=\"b3d71bf\" data-element_type=\"widget\" data-widget_type=\"divider.default\">\n\t\t\t\t<div class=\"elementor-widget-container\">\n\t\t\t\t\t<div class=\"elementor-divider\">\n\t\t\t<span class=\"elementor-divider-separator\">\n\t\t\t\t\t\t<\/span>\n\t\t<\/div>\n\t\t\t\t<\/div>\n\t\t\t\t<\/div>\n\t\t<\/div><div class=\"elementor-element elementor-element-99c6861 e-container--row e-container\" data-id=\"99c6861\" data-element_type=\"container\">\t\t<div class=\"elementor-element elementor-element-db320a6 e-container--column e-container\" data-id=\"db320a6\" data-element_type=\"container\">\t\t\t\t<div class=\"elementor-element elementor-element-4a413cb pp-image-accordion-orientation-vertical pp-image-accordion-stack-on-tablet elementor-widget elementor-widget-pp-image-accordion\" data-id=\"4a413cb\" data-element_type=\"widget\" data-settings=\"{&quot;accordion_action&quot;:&quot;on-hover&quot;,&quot;orientation&quot;:&quot;vertical&quot;,&quot;stack_on&quot;:&quot;tablet&quot;}\" data-widget_type=\"pp-image-accordion.default\">\n\t\t\t\t<div class=\"elementor-widget-container\">\n\t\t\t\t\t\t<div class=\"pp-image-accordion pp-image-accordion-on-hover\" id=\"pp-image-accordion-4a413cb\">\n\t\t\t\t\t\t\t\t\t\t\t\t\t\t<div class=\"pp-image-accordion-item elementor-repeater-item-5bab767\" style=\"background-image: url(https:\/\/www.medellin.gov.co\/es\/wp-content\/uploads\/2026\/01\/Estudia.jpeg);\">\n\t\t\t\t\t\t<div class=\"pp-image-accordion-overlay pp-media-overlay\">\n\t\t\t\t\t\t\t<div class=\"pp-image-accordion-content-wrap\">\n\t\t\t\t\t\t\t\t<div class=\"pp-image-accordion-content\">\n\t\t\t\t\t\t\t\t\t\t\t\t\t\t\t\t\t\t<h2 class=\"pp-image-accordion-title\">\n\t\t\t\t\t\t\t\t\t\t\t\t\t\t\t\t\t\t\t<\/h2>\n\t\t\t\t\t\t\t\t\t<div class=\"pp-image-accordion-description\">\n\t\t\t\t\t\t\t\t\t\t\t\t\t\t\t\t\t\t\t<\/div>\n\t\t\t\t\t\t\t\t<\/div>\n\t\t\t\t\t\t\t\t\t\t\t\t\t\t\t\t<div class=\"pp-image-accordion-button-wrap\">\n\t\t\t\t\t\t\t\t\t<a class=\"pp-image-accordion-button pp-button-icon- elementor-button elementor-size-md\" href=\"http:\/\/www.estud-ia.co\" target=\"_blank\" rel=\"nofollow\">\n\t\t\t\t\t\t\t\t\t\t\t\t\t\t\t\t\t\t\t\t\t\t\t\t\t\t\t\t\t\t\t<span class=\"pp-button-text\">\n\t\t\t\t\t\t\t\t\t\t\t\t\u00a1Inscr\u00edbete aqu\u00ed!\t\t\t\t\t\t\t\t\t\t\t<\/span>\n\t\t\t\t\t\t\t\t\t\t\t\t\t\t\t\t\t\t\t\t\t\t\t\t\t\t\t\t\t<\/a>\n\t\t\t\t\t\t\t\t<\/div>\n\t\t\t\t\t\t\t\t\t\t\t\t\t\t\t<\/div>\n\t\t\t\t\t\t<\/div>\n\t\t\t\t\t<\/div>\n\t\t\t\t\t\t\t<\/div>\n\t\t\t\t<\/div>\n\t\t\t\t<\/div>\n\t\t<\/div><div class=\"elementor-element elementor-element-886921c e-container--column e-container\" data-id=\"886921c\" data-element_type=\"container\">\t\t\t\t<div class=\"elementor-element elementor-element-9cbfc20 pp-image-accordion-orientation-vertical pp-image-accordion-stack-on-tablet elementor-widget elementor-widget-pp-image-accordion\" data-id=\"9cbfc20\" data-element_type=\"widget\" data-settings=\"{&quot;accordion_action&quot;:&quot;on-hover&quot;,&quot;orientation&quot;:&quot;vertical&quot;,&quot;stack_on&quot;:&quot;tablet&quot;}\" data-widget_type=\"pp-image-accordion.default\">\n\t\t\t\t<div class=\"elementor-widget-container\">\n\t\t\t\t\t\t<div class=\"pp-image-accordion pp-image-accordion-on-hover\" id=\"pp-image-accordion-9cbfc20\">\n\t\t\t\t\t\t\t\t\t\t\t\t\t\t<div class=\"pp-image-accordion-item elementor-repeater-item-a4da501\" style=\"background-image: url(https:\/\/www.medellin.gov.co\/es\/wp-content\/uploads\/2026\/01\/Mercados-Campesinos-Ene-1.jpeg);\">\n\t\t\t\t\t\t<div class=\"pp-image-accordion-overlay pp-media-overlay\">\n\t\t\t\t\t\t\t<div class=\"pp-image-accordion-content-wrap\">\n\t\t\t\t\t\t\t\t<div class=\"pp-image-accordion-content\">\n\t\t\t\t\t\t\t\t\t\t\t\t\t\t\t\t\t\t<h2 class=\"pp-image-accordion-title\">\n\t\t\t\t\t\t\t\t\t\t\t\t\t\t\t\t\t\t\t<\/h2>\n\t\t\t\t\t\t\t\t\t<div class=\"pp-image-accordion-description\">\n\t\t\t\t\t\t\t\t\t\t<p>\u00a0<\/p><p>\u00a0<\/p><p>Te esperamos el <strong>Viernes 30 de enero de 2026<\/strong> en la Plazoleta Centro Administrativo <strong>La Alpujarra<\/strong><\/p>\t\t\t\t\t\t\t\t\t<\/div>\n\t\t\t\t\t\t\t\t<\/div>\n\t\t\t\t\t\t\t\t\t\t\t\t\t\t\t<\/div>\n\t\t\t\t\t\t<\/div>\n\t\t\t\t\t<\/div>\n\t\t\t\t\t\t\t<\/div>\n\t\t\t\t<\/div>\n\t\t\t\t<\/div>\n\t\t<\/div><div class=\"elementor-element elementor-element-ab1167a e-container--column e-container\" data-id=\"ab1167a\" data-element_type=\"container\">\t\t\t\t<div class=\"elementor-element elementor-element-770bfb8 pp-image-accordion-orientation-vertical pp-image-accordion-stack-on-tablet elementor-widget elementor-widget-pp-image-accordion\" data-id=\"770bfb8\" data-element_type=\"widget\" data-settings=\"{&quot;accordion_action&quot;:&quot;on-hover&quot;,&quot;orientation&quot;:&quot;vertical&quot;,&quot;stack_on&quot;:&quot;tablet&quot;}\" data-widget_type=\"pp-image-accordion.default\">\n\t\t\t\t<div class=\"elementor-widget-container\">\n\t\t\t\t\t\t<div class=\"pp-image-accordion pp-image-accordion-on-hover\" id=\"pp-image-accordion-770bfb8\">\n\t\t\t\t\t\t\t\t\t\t\t\t\t\t<div class=\"pp-image-accordion-item elementor-repeater-item-d90f135\" style=\"background-image: url(https:\/\/www.medellin.gov.co\/es\/wp-content\/uploads\/2026\/01\/Startco-1.jpeg);\">\n\t\t\t\t\t\t<div class=\"pp-image-accordion-overlay pp-media-overlay\">\n\t\t\t\t\t\t\t<div class=\"pp-image-accordion-content-wrap\">\n\t\t\t\t\t\t\t\t<div class=\"pp-image-accordion-content\">\n\t\t\t\t\t\t\t\t\t\t\t\t\t\t\t\t\t\t<h2 class=\"pp-image-accordion-title\">\n\t\t\t\t\t\t\t\t\t\t\t\t\t\t\t\t\t\t\t<\/h2>\n\t\t\t\t\t\t\t\t\t<div class=\"pp-image-accordion-description\">\n\t\t\t\t\t\t\t\t\t\t\t\t\t\t\t\t\t\t\t<\/div>\n\t\t\t\t\t\t\t\t<\/div>\n\t\t\t\t\t\t\t\t\t\t\t\t\t\t\t\t<div class=\"pp-image-accordion-button-wrap\">\n\t\t\t\t\t\t\t\t\t<a class=\"pp-image-accordion-button pp-button-icon- elementor-button elementor-size-md\" href=\"https:\/\/www.startco-roadtostartco.com\/\" target=\"_blank\" rel=\"nofollow\">\n\t\t\t\t\t\t\t\t\t\t\t\t\t\t\t\t\t\t\t\t\t\t\t\t\t\t\t\t\t\t\t<span class=\"pp-button-text\">\n\t\t\t\t\t\t\t\t\t\t\t\t\u00a1Post\u00falate!\t\t\t\t\t\t\t\t\t\t\t<\/span>\n\t\t\t\t\t\t\t\t\t\t\t\t\t\t\t\t\t\t\t\t\t\t\t\t\t\t\t\t\t<\/a>\n\t\t\t\t\t\t\t\t<\/div>\n\t\t\t\t\t\t\t\t\t\t\t\t\t\t\t<\/div>\n\t\t\t\t\t\t<\/div>\n\t\t\t\t\t<\/div>\n\t\t\t\t\t\t\t<\/div>\n\t\t\t\t<\/div>\n\t\t\t\t<\/div>\n\t\t<\/div><\/div><div class=\"elementor-element elementor-element-6b402ca e-container--column e-container\" data-id=\"6b402ca\" data-element_type=\"container\">\t\t\t\t<div class=\"elementor-element elementor-element-1d53355 elementor-widget elementor-widget-spacer\" data-id=\"1d53355\" data-element_type=\"widget\" data-widget_type=\"spacer.default\">\n\t\t\t\t<div class=\"elementor-widget-container\">\n\t\t\t\t\t<div class=\"elementor-spacer\">\n\t\t\t<div class=\"elementor-spacer-inner\"><\/div>\n\t\t<\/div>\n\t\t\t\t<\/div>\n\t\t\t\t<\/div>\n\t\t<\/div><div class=\"elementor-element elementor-element-288a017 e-container--column e-container\" data-id=\"288a017\" data-element_type=\"container\">\t\t\t\t<div class=\"elementor-element elementor-element-0ddadac elementor-widget elementor-widget-noticias\" data-id=\"0ddadac\" data-element_type=\"widget\" data-widget_type=\"noticias.default\">\n\t\t\t\t<div class=\"elementor-widget-container\">\n\t\t\t          <div class=\"mod_news_inicio_\">\n                <div class=\"grid_nes_hom_\">\n                                  <div class=\"grid_1\">\n                    <h3 class=\"titulog_1dr\"><a id=\"\" href=\"https:\/\/www.medellin.gov.co\/es\/sala-de-prensa\/noticias\/dilia-sabugara-la-traductora-que-abre-caminos-entre-lenguas-indigenas-en-medellin\/\">Dilia Sabugara, la traductora que abre caminos entre lenguas ind\u00edgenas ...<\/a><\/h3>\n                    <span class=\"pertenece_a\">Contenido asociado a<\/span>\n                    <div class=\"listado_vim\">\n                          <ul><li><ion-icon name=\"radio-button-on-outline\"><\/ion-icon><a href=\"https:\/\/www.medellin.gov.co\/es\/temas-de-ciudad\/educacion\/\" rel=\"tag\">Educaci\u00f3n<\/a><\/li><li><ion-icon name=\"radio-button-on-outline\"><\/ion-icon><a href=\"https:\/\/www.medellin.gov.co\/es\/temas-de-ciudad\/ninas-ninos-adolescentes\/\" rel=\"tag\">Ni\u00f1as - Ni\u00f1os - Adolescentes<\/a><\/li><\/ul>                    <\/div>\n                    <a id=\"\" href=\"https:\/\/www.medellin.gov.co\/es\/sala-de-prensa\/noticias\/dilia-sabugara-la-traductora-que-abre-caminos-entre-lenguas-indigenas-en-medellin\/\">\n                          <img width=\"1190\" height=\"850\" src=\"https:\/\/www.medellin.gov.co\/es\/wp-content\/uploads\/2026\/04\/lengua_indigenas-3.jpg\" class=\"attachment- size- wp-post-image\" alt=\"Dilia Sabugara\" loading=\"lazy\" srcset=\"https:\/\/www.medellin.gov.co\/es\/wp-content\/uploads\/2026\/04\/lengua_indigenas-3.jpg 1190w, https:\/\/www.medellin.gov.co\/es\/wp-content\/uploads\/2026\/04\/lengua_indigenas-3-300x214.jpg 300w, https:\/\/www.medellin.gov.co\/es\/wp-content\/uploads\/2026\/04\/lengua_indigenas-3-1024x731.jpg 1024w, https:\/\/www.medellin.gov.co\/es\/wp-content\/uploads\/2026\/04\/lengua_indigenas-3-150x107.jpg 150w, https:\/\/www.medellin.gov.co\/es\/wp-content\/uploads\/2026\/04\/lengua_indigenas-3-768x549.jpg 768w\" sizes=\"(max-width: 1190px) 100vw, 1190px\" \/>                    <\/a>\n                    <p>\n                          En Buen Comienzo esta mujer acompa\u00f1a a familias ind\u00edgenas en encuentros en los que la palabra necesita traducci\u00f3n y...                    <\/p>\n                    <a id=\"\" href=\"https:\/\/www.medellin.gov.co\/es\/sala-de-prensa\/noticias\/dilia-sabugara-la-traductora-que-abre-caminos-entre-lenguas-indigenas-en-medellin\/\" class=\"boton_vernota\">Conoce m\u00e1s<\/a>\n                    <div class=\"formatos_\">\n                                              <\/div>\n                    <!-- <small>Tipo de lectura: 1 minutos<\/small> -->\n                  <\/div>\n                \n                  <div class=\"grid_2\">\n                                    <div class=\"grid\">\n                    <a href=\"https:\/\/www.medellin.gov.co\/es\/sala-de-prensa\/noticias\/acuerdo-con-corea-por-16-4-millones-de-dolares-para-el-manejo-de-residuos\/\">\n                    <img width=\"1139\" height=\"760\" src=\"https:\/\/www.medellin.gov.co\/es\/wp-content\/uploads\/2026\/04\/Imagen-del-Alcalde-Federico-Gutierrez-en-evento-con-delegacion-Coreana.jpg\" class=\"attachment- size- wp-post-image\" alt=\"Imagen del Alcalde Federico Guti\u00e9rrez en evento con delegaci\u00f3n Coreana\" loading=\"lazy\" srcset=\"https:\/\/www.medellin.gov.co\/es\/wp-content\/uploads\/2026\/04\/Imagen-del-Alcalde-Federico-Gutierrez-en-evento-con-delegacion-Coreana.jpg 1139w, https:\/\/www.medellin.gov.co\/es\/wp-content\/uploads\/2026\/04\/Imagen-del-Alcalde-Federico-Gutierrez-en-evento-con-delegacion-Coreana-300x200.jpg 300w, https:\/\/www.medellin.gov.co\/es\/wp-content\/uploads\/2026\/04\/Imagen-del-Alcalde-Federico-Gutierrez-en-evento-con-delegacion-Coreana-1024x683.jpg 1024w, https:\/\/www.medellin.gov.co\/es\/wp-content\/uploads\/2026\/04\/Imagen-del-Alcalde-Federico-Gutierrez-en-evento-con-delegacion-Coreana-150x100.jpg 150w, https:\/\/www.medellin.gov.co\/es\/wp-content\/uploads\/2026\/04\/Imagen-del-Alcalde-Federico-Gutierrez-en-evento-con-delegacion-Coreana-768x512.jpg 768w\" sizes=\"(max-width: 1139px) 100vw, 1139px\" \/>                  <\/a>\n                    <h3 class=\"titulog_dr\"><a id=\"\" href=\"https:\/\/www.medellin.gov.co\/es\/sala-de-prensa\/noticias\/acuerdo-con-corea-por-16-4-millones-de-dolares-para-el-manejo-de-residuos\/\">Alcalde Federico Guti\u00e9rrez firma acuerdo con Corea por 16.4 millones ...<\/a><\/h3>\n                    <span class=\"pertenece_a\">Contenido asociado a<\/span>\n                    <div class=\"listado_vim\">\n                    <ul><li><ion-icon name=\"radio-button-on-outline\"><\/ion-icon><a href=\"https:\/\/www.medellin.gov.co\/es\/temas-de-ciudad\/bienestar\/\" rel=\"tag\">Bienestar<\/a><\/li><li><ion-icon name=\"radio-button-on-outline\"><\/ion-icon><a href=\"https:\/\/www.medellin.gov.co\/es\/temas-de-ciudad\/medio-ambiente\/\" rel=\"tag\">Medio ambiente<\/a><\/li><li><ion-icon name=\"radio-button-on-outline\"><\/ion-icon><a href=\"https:\/\/www.medellin.gov.co\/es\/temas-de-ciudad\/nuestro-gobierno\/\" rel=\"tag\">Nuestro Gobierno<\/a><\/li><\/ul>                    <\/div>\n                    <p>\n                    Este se consolida como el segundo acuerdo de cooperaci\u00f3n internacional de mayor valor...                    <\/p>\n                    <div class=\"zocalo_grid_\">\n                    <a id=\"\" href=\"https:\/\/www.medellin.gov.co\/es\/sala-de-prensa\/noticias\/acuerdo-con-corea-por-16-4-millones-de-dolares-para-el-manejo-de-residuos\/\">Contin\u00faa leyendo<\/a>\n                    <\/div>\n                  <\/div>\n                                    <div class=\"grid\">\n                    <a href=\"https:\/\/www.medellin.gov.co\/es\/sala-de-prensa\/noticias\/consejo-distrital-de-gestion-del-riesgo-de-desastres-recomendo-calamidad-publica-para-intervencion-de-zonas-afectadas-por-lluvias-en-medellin\/\">\n                    <img width=\"1280\" height=\"720\" src=\"https:\/\/www.medellin.gov.co\/es\/wp-content\/uploads\/2026\/04\/Imagen-de-reunion-del-Consejo-Distrital-de-Gestion-del-Riesgo.jpg\" class=\"attachment- size- wp-post-image\" alt=\"Imagen de reuni\u00f3n del Consejo Distrital de Gesti\u00f3n del Riesgo\" loading=\"lazy\" srcset=\"https:\/\/www.medellin.gov.co\/es\/wp-content\/uploads\/2026\/04\/Imagen-de-reunion-del-Consejo-Distrital-de-Gestion-del-Riesgo.jpg 1280w, https:\/\/www.medellin.gov.co\/es\/wp-content\/uploads\/2026\/04\/Imagen-de-reunion-del-Consejo-Distrital-de-Gestion-del-Riesgo-300x169.jpg 300w, https:\/\/www.medellin.gov.co\/es\/wp-content\/uploads\/2026\/04\/Imagen-de-reunion-del-Consejo-Distrital-de-Gestion-del-Riesgo-1024x576.jpg 1024w, https:\/\/www.medellin.gov.co\/es\/wp-content\/uploads\/2026\/04\/Imagen-de-reunion-del-Consejo-Distrital-de-Gestion-del-Riesgo-150x84.jpg 150w, https:\/\/www.medellin.gov.co\/es\/wp-content\/uploads\/2026\/04\/Imagen-de-reunion-del-Consejo-Distrital-de-Gestion-del-Riesgo-768x432.jpg 768w\" sizes=\"(max-width: 1280px) 100vw, 1280px\" \/>                  <\/a>\n                    <h3 class=\"titulog_dr\"><a id=\"\" href=\"https:\/\/www.medellin.gov.co\/es\/sala-de-prensa\/noticias\/consejo-distrital-de-gestion-del-riesgo-de-desastres-recomendo-calamidad-publica-para-intervencion-de-zonas-afectadas-por-lluvias-en-medellin\/\">Consejo Distrital de Gesti\u00f3n del Riesgo de Desastres recomend\u00f3 calamidad ...<\/a><\/h3>\n                    <span class=\"pertenece_a\">Contenido asociado a<\/span>\n                    <div class=\"listado_vim\">\n                    <ul><li><ion-icon name=\"radio-button-on-outline\"><\/ion-icon><a href=\"https:\/\/www.medellin.gov.co\/es\/temas-de-ciudad\/nuestro-gobierno\/\" rel=\"tag\">Nuestro Gobierno<\/a><\/li><\/ul>                    <\/div>\n                    <p>\n                    En lo que va del a\u00f1o se han atendido 1.442 emergencias, de las...                    <\/p>\n                    <div class=\"zocalo_grid_\">\n                    <a id=\"\" href=\"https:\/\/www.medellin.gov.co\/es\/sala-de-prensa\/noticias\/consejo-distrital-de-gestion-del-riesgo-de-desastres-recomendo-calamidad-publica-para-intervencion-de-zonas-afectadas-por-lluvias-en-medellin\/\">Contin\u00faa leyendo<\/a>\n                    <\/div>\n                  <\/div>\n                                    <div class=\"grid\">\n                    <a href=\"https:\/\/www.medellin.gov.co\/es\/sala-de-prensa\/noticias\/cayo-alias-toco-maximo-cabecilla-del-gdo-robledo-y-ficha-clave-del-narcotrafico-internacional\/\">\n                    <img width=\"1013\" height=\"760\" src=\"https:\/\/www.medellin.gov.co\/es\/wp-content\/uploads\/2026\/04\/Imagen-de-capturado-con-material-decomisado.jpg\" class=\"attachment- size- wp-post-image\" alt=\"Imagen de capturado con material decomisado\" loading=\"lazy\" srcset=\"https:\/\/www.medellin.gov.co\/es\/wp-content\/uploads\/2026\/04\/Imagen-de-capturado-con-material-decomisado.jpg 1013w, https:\/\/www.medellin.gov.co\/es\/wp-content\/uploads\/2026\/04\/Imagen-de-capturado-con-material-decomisado-300x225.jpg 300w, https:\/\/www.medellin.gov.co\/es\/wp-content\/uploads\/2026\/04\/Imagen-de-capturado-con-material-decomisado-150x113.jpg 150w, https:\/\/www.medellin.gov.co\/es\/wp-content\/uploads\/2026\/04\/Imagen-de-capturado-con-material-decomisado-768x576.jpg 768w\" sizes=\"(max-width: 1013px) 100vw, 1013px\" \/>                  <\/a>\n                    <h3 class=\"titulog_dr\"><a id=\"\" href=\"https:\/\/www.medellin.gov.co\/es\/sala-de-prensa\/noticias\/cayo-alias-toco-maximo-cabecilla-del-gdo-robledo-y-ficha-clave-del-narcotrafico-internacional\/\">Cay\u00f3 alias \u2018Toco\u2019, m\u00e1ximo cabecilla del GDO Robledo y ficha ...<\/a><\/h3>\n                    <span class=\"pertenece_a\">Contenido asociado a<\/span>\n                    <div class=\"listado_vim\">\n                    <ul><li><ion-icon name=\"radio-button-on-outline\"><\/ion-icon><a href=\"https:\/\/www.medellin.gov.co\/es\/temas-de-ciudad\/seguridad\/\" rel=\"tag\">Seguridad<\/a><\/li><\/ul>                    <\/div>\n                    <p>\n                    El individuo coordinaba el tr\u00e1fico de estupefacientes hacia Centroam\u00e9rica, Estados Unidos y Europa...                    <\/p>\n                    <div class=\"zocalo_grid_\">\n                    <a id=\"\" href=\"https:\/\/www.medellin.gov.co\/es\/sala-de-prensa\/noticias\/cayo-alias-toco-maximo-cabecilla-del-gdo-robledo-y-ficha-clave-del-narcotrafico-internacional\/\">Contin\u00faa leyendo<\/a>\n                    <\/div>\n                  <\/div>\n                  \n                  <\/div>\n                <\/div>\n          <\/div>\n        \t\t<\/div>\n\t\t\t\t<\/div>\n\t\t<\/div>\t\t\t\t\t\t\t<\/div>\n\t\t\t<\/div>\n\t\t\t\t\t<\/div>\n\t\t","protected":false},"excerpt":{"rendered":"<p>Medell\u00edn Digital En Medell\u00edn trabajamos para generar oportunidades y desarrollo econ\u00f3mico para nuestra gente. Queremos posicionar a Medell\u00edn como un distrito competitivo y global, que promueve el talento, la din\u00e1mica empresarial, emprendedora y de negocios &#8230;<\/p>\n","protected":false},"author":82,"featured_media":11116,"parent":10885,"menu_order":5,"comment_status":"closed","ping_status":"closed","template":"sec-desarrolloeconomico\/elementor26092024.php","meta":[],"acf":[],"_links":{"self":[{"href":"https:\/\/www.medellin.gov.co\/es\/wp-json\/wp\/v2\/pages\/364640"}],"collection":[{"href":"https:\/\/www.medellin.gov.co\/es\/wp-json\/wp\/v2\/pages"}],"about":[{"href":"https:\/\/www.medellin.gov.co\/es\/wp-json\/wp\/v2\/types\/page"}],"author":[{"embeddable":true,"href":"https:\/\/www.medellin.gov.co\/es\/wp-json\/wp\/v2\/users\/82"}],"replies":[{"embeddable":true,"href":"https:\/\/www.medellin.gov.co\/es\/wp-json\/wp\/v2\/comments?post=364640"}],"version-history":[{"count":10,"href":"https:\/\/www.medellin.gov.co\/es\/wp-json\/wp\/v2\/pages\/364640\/revisions"}],"predecessor-version":[{"id":494222,"href":"https:\/\/www.medellin.gov.co\/es\/wp-json\/wp\/v2\/pages\/364640\/revisions\/494222"}],"up":[{"embeddable":true,"href":"https:\/\/www.medellin.gov.co\/es\/wp-json\/wp\/v2\/pages\/10885"}],"wp:featuredmedia":[{"embeddable":true,"href":"https:\/\/www.medellin.gov.co\/es\/wp-json\/wp\/v2\/media\/11116"}],"wp:attachment":[{"href":"https:\/\/www.medellin.gov.co\/es\/wp-json\/wp\/v2\/media?parent=364640"}],"curies":[{"name":"wp","href":"https:\/\/api.w.org\/{rel}","templated":true}]}}