{"id":376347,"date":"2024-12-16T16:09:44","date_gmt":"2024-12-16T21:09:44","guid":{"rendered":"https:\/\/www.medellin.gov.co\/es\/?page_id=376347"},"modified":"2026-02-16T15:26:38","modified_gmt":"2026-02-16T20:26:38","slug":"subsecretaria-de-promocion-turistica-y-entretenimiento","status":"publish","type":"page","link":"https:\/\/www.medellin.gov.co\/es\/secretaria-de-turismo-y-entretenimiento\/subsecretaria-de-promocion-turistica-y-entretenimiento\/","title":{"rendered":"Subsecretar\u00eda de Promoci\u00f3n Tur\u00edstica y Entretenimiento"},"content":{"rendered":"\t\t<div data-elementor-type=\"wp-page\" data-elementor-id=\"376347\" class=\"elementor elementor-376347\">\n\t\t\t\t\t\t<div class=\"elementor-inner\">\n\t\t\t\t<div class=\"elementor-section-wrap\">\n\t\t\t\t\t\t\t\t\t<section class=\"elementor-section elementor-top-section elementor-element elementor-element-286dbdfb elementor-section-boxed elementor-section-height-default elementor-section-height-default\" data-id=\"286dbdfb\" data-element_type=\"section\">\n\t\t\t\t\t\t<div class=\"elementor-container elementor-column-gap-default\">\n\t\t\t\t\t\t\t<div class=\"elementor-row\">\n\t\t\t\t\t<div class=\"elementor-column elementor-col-100 elementor-top-column elementor-element elementor-element-41e85a97\" data-id=\"41e85a97\" data-element_type=\"column\">\n\t\t\t<div class=\"elementor-column-wrap elementor-element-populated\">\n\t\t\t\t\t\t\t<div class=\"elementor-widget-wrap\">\n\t\t\t\t\t\t<div class=\"elementor-element elementor-element-5d788feb elementor-widget elementor-widget-heading\" data-id=\"5d788feb\" data-element_type=\"widget\" data-widget_type=\"heading.default\">\n\t\t\t\t<div class=\"elementor-widget-container\">\n\t\t\t<h1 class=\"elementor-heading-title elementor-size-default\">Subsecretar\u00eda de Promoci\u00f3n Tur\u00edstica y Entretenimiento<\/h1>\t\t<\/div>\n\t\t\t\t<\/div>\n\t\t\t\t<div class=\"elementor-element elementor-element-19d682c2 elementor-widget elementor-widget-heading\" data-id=\"19d682c2\" data-element_type=\"widget\" data-widget_type=\"heading.default\">\n\t\t\t\t<div class=\"elementor-widget-container\">\n\t\t\t<h2 class=\"elementor-heading-title elementor-size-default\">\u00bf<b>Qu\u00e9 hace la Subsecretar\u00eda<\/b> de Promoci\u00f3n Tur\u00edstica y Entretenimiento?<\/h2>\t\t<\/div>\n\t\t\t\t<\/div>\n\t\t\t\t<section class=\"elementor-section elementor-inner-section elementor-element elementor-element-2ed2fe25 elementor-section-boxed elementor-section-height-default elementor-section-height-default\" data-id=\"2ed2fe25\" data-element_type=\"section\">\n\t\t\t\t\t\t<div class=\"elementor-container elementor-column-gap-default\">\n\t\t\t\t\t\t\t<div class=\"elementor-row\">\n\t\t\t\t\t<div class=\"elementor-column elementor-col-50 elementor-inner-column elementor-element elementor-element-204c0809\" data-id=\"204c0809\" data-element_type=\"column\">\n\t\t\t<div class=\"elementor-column-wrap elementor-element-populated\">\n\t\t\t\t\t\t\t<div class=\"elementor-widget-wrap\">\n\t\t\t\t\t\t<div class=\"elementor-element elementor-element-95a704f elementor-widget elementor-widget-image\" data-id=\"95a704f\" data-element_type=\"widget\" data-widget_type=\"image.default\">\n\t\t\t\t<div class=\"elementor-widget-container\">\n\t\t\t\t\t\t\t\t<div class=\"elementor-image\">\n\t\t\t\t\t\t\t\t\t\t\t\t<img width=\"1280\" height=\"960\" src=\"https:\/\/www.medellin.gov.co\/es\/wp-content\/uploads\/2026\/02\/Imagen-Subsecretaria-de-Promocion-Turistica-y-Entretenimiento-.jpeg\" class=\"attachment-full size-full\" alt=\"Imagen Subsecretar\u00eda de Promoci\u00f3n Tur\u00edstica y Entretenimiento\" loading=\"lazy\" srcset=\"https:\/\/www.medellin.gov.co\/es\/wp-content\/uploads\/2026\/02\/Imagen-Subsecretaria-de-Promocion-Turistica-y-Entretenimiento-.jpeg 1280w, https:\/\/www.medellin.gov.co\/es\/wp-content\/uploads\/2026\/02\/Imagen-Subsecretaria-de-Promocion-Turistica-y-Entretenimiento--300x225.jpeg 300w, https:\/\/www.medellin.gov.co\/es\/wp-content\/uploads\/2026\/02\/Imagen-Subsecretaria-de-Promocion-Turistica-y-Entretenimiento--1024x768.jpeg 1024w, https:\/\/www.medellin.gov.co\/es\/wp-content\/uploads\/2026\/02\/Imagen-Subsecretaria-de-Promocion-Turistica-y-Entretenimiento--150x113.jpeg 150w, https:\/\/www.medellin.gov.co\/es\/wp-content\/uploads\/2026\/02\/Imagen-Subsecretaria-de-Promocion-Turistica-y-Entretenimiento--768x576.jpeg 768w\" sizes=\"(max-width: 1280px) 100vw, 1280px\" \/>\t\t\t\t\t\t\t\t\t\t\t\t\t\t<\/div>\n\t\t\t\t\t\t<\/div>\n\t\t\t\t<\/div>\n\t\t\t\t\t\t<\/div>\n\t\t\t\t\t<\/div>\n\t\t<\/div>\n\t\t\t\t<div class=\"elementor-column elementor-col-50 elementor-inner-column elementor-element elementor-element-4f70b1a2\" data-id=\"4f70b1a2\" data-element_type=\"column\">\n\t\t\t<div class=\"elementor-column-wrap elementor-element-populated\">\n\t\t\t\t\t\t\t<div class=\"elementor-widget-wrap\">\n\t\t\t\t\t\t<div class=\"elementor-element elementor-element-11e54cb elementor-widget elementor-widget-text-editor\" data-id=\"11e54cb\" data-element_type=\"widget\" data-widget_type=\"text-editor.default\">\n\t\t\t\t<div class=\"elementor-widget-container\">\n\t\t\t\t\t\t\t\t<div class=\"elementor-text-editor elementor-clearfix\">\n\t\t\t\t<p>Implementamos el Plan de Mercadeo Tur\u00edstico, el Plan Estrat\u00e9gico de Turismo del Distrito y el Plan Estrat\u00e9gico de Entretenimiento, liderando la promoci\u00f3n, el posicionamiento y la comercializaci\u00f3n de Medell\u00edn en escenarios locales, nacionales e internacionales.<\/p><p>Dirigimos la marca ciudad, activamos embajadores e impulsamos eventos con proyecci\u00f3n internacional. Asimismo, promovemos la cultura del espect\u00e1culo y el entretenimiento, consolidando una oferta de ocio diferencial, innovadora y competitiva.<\/p>\t\t\t\t\t<\/div>\n\t\t\t\t\t\t<\/div>\n\t\t\t\t<\/div>\n\t\t\t\t\t\t<\/div>\n\t\t\t\t\t<\/div>\n\t\t<\/div>\n\t\t\t\t\t\t\t\t<\/div>\n\t\t\t\t\t<\/div>\n\t\t<\/section>\n\t\t\t\t<div class=\"elementor-element elementor-element-7c96d8c elementor-widget elementor-widget-text-editor\" data-id=\"7c96d8c\" data-element_type=\"widget\" data-widget_type=\"text-editor.default\">\n\t\t\t\t<div class=\"elementor-widget-container\">\n\t\t\t\t\t\t\t\t<div class=\"elementor-text-editor elementor-clearfix\">\n\t\t\t\t<p>Articulamos entidades p\u00fablicas, gremios y empresarios para fortalecer la cadena de valor tur\u00edstica, diversificar la oferta con altos est\u00e1ndares de calidad y garantizar el cumplimiento normativo. Adem\u00e1s, ejecutamos la estrategia digital y gestionamos las redes oficiales, consolidando <a href=\"https:\/\/www.medellin.travel\/\" target=\"_blank\" rel=\"noopener\">Medell\u00edn.travel<\/a> como la gu\u00eda oficial del destino.<\/p><p>\u00a0<\/p><ul><li>Dise\u00f1ar e implementar la estrategia de promoci\u00f3n del destino Medell\u00edn en mercados nacionales e internacionales, tanto consolidados como emergentes.<\/li><li>Captar eventos nacionales e internacionales alineados con los segmentos estrat\u00e9gicos de ciudad, que generen impacto econ\u00f3mico, social y sostenible.<\/li><li>Promover la ciudad ante p\u00fablicos especializados, incluyendo agencias de viajes, operadores tur\u00edsticos, OTAs, la industria de reuniones y empresarios del sector.<\/li><li>Fortalecer el relacionamiento comercial para generar oportunidades de negocio que impulsen la cadena tur\u00edstica local.<\/li><li>Administrar y potenciar el ecosistema digital <a href=\"https:\/\/www.medellin.travel\/\" target=\"_blank\" rel=\"noopener\">Medell\u00edn.travel<\/a> como plataforma oficial de promoci\u00f3n del destino.<\/li><li>Desarrollar herramientas de promoci\u00f3n, tanto digitales como presenciales, que fortalezcan el posicionamiento de la ciudad.<\/li><li>Liderar campa\u00f1as estrat\u00e9gicas, como Turismo Responsable, proyectando a Medell\u00edn como una ciudad vibrante, sostenible y segura.<\/li><li>Medir y gestionar indicadores de impacto promocional, incluyendo tr\u00e1fico web, comunidad digital, free press y valoraci\u00f3n econ\u00f3mica.<\/li><\/ul>\t\t\t\t\t<\/div>\n\t\t\t\t\t\t<\/div>\n\t\t\t\t<\/div>\n\t\t\t\t<div class=\"elementor-element elementor-element-38e97e63 elementor-widget elementor-widget-heading\" data-id=\"38e97e63\" data-element_type=\"widget\" data-widget_type=\"heading.default\">\n\t\t\t\t<div class=\"elementor-widget-container\">\n\t\t\t<h2 class=\"elementor-heading-title elementor-size-default\"><b> La Subsecretar\u00eda de Promoci\u00f3n Tur\u00edstica y Entretenimiento <\/b>tendr\u00e1  las siguientes funciones:<\/h2>\t\t<\/div>\n\t\t\t\t<\/div>\n\t\t\t\t<div class=\"elementor-element elementor-element-496ed03 elementor-widget elementor-widget-text-editor\" data-id=\"496ed03\" data-element_type=\"widget\" data-widget_type=\"text-editor.default\">\n\t\t\t\t<div class=\"elementor-widget-container\">\n\t\t\t\t\t\t\t\t<div class=\"elementor-text-editor elementor-clearfix\">\n\t\t\t\t<p class=\"p1\"><b>1.<\/b> Implementar el plan de mercadeo tur\u00edstico del Distrito y el Plan Estrat\u00e9gico de Turismo.<\/p><p class=\"p1\"><b>2.<\/b> Planear y dirigir la estrategia de marca ciudad, para la apropiaci\u00f3n y la participaci\u00f3n de los embajadores de marca en los \u00e1mbitos locales, nacionales e internacionales.<\/p><p class=\"p1\"><b> 3.<\/b> Impulsar y promover eventos de ciudad con componente de internacionalizaci\u00f3n tales como: ferias, conciertos, festivales, congresos y foros.<\/p><p class=\"p1\"><b>4.<\/b> Promover la cultura del espect\u00e1culo y el entretenimiento con el fin de consolidar el destino con una oferta de ocio diferencial y competitiva.<\/p><p class=\"p1\"><b>5.<\/b> Fortalecer la cadena de valor tur\u00edstica en conjunto con las entidades y gremios que la componen, con el fin de diversificar la oferta con est\u00e1ndares de calidad de acuerdo con las necesidades del mercado.<\/p><p class=\"p1\"><b>6.<\/b> Orientar la promoci\u00f3n tur\u00edstica a los empresarios interesados en desarrollar espect\u00e1culos, eventos deportivos, gastron\u00f3micos, entre otros, con el objetivo de incrementar e impulsar la oferta tur\u00edstica y la diversificaci\u00f3n de actividades dentro de la ley y el cumplimiento de las normativas vigentes.<\/p><p class=\"p1\"><b>7.<\/b> Realizar la promoci\u00f3n de los atractivos tur\u00edsticos de ciudad en los diferentes escenarios regionales, nacionales e internacionales, usando estrategias establecidas en las directrices adoptadas por el Distrito.<\/p><p class=\"p1\"><b> 8.<\/b> Implementar las estrategias de marketing digital y manejo de redes oficiales tur\u00edsticas del Distrito.<\/p><p class=\"p1\"><b> 9.<\/b> Promover la cultura tur\u00edstica Distrital, mediante la promoci\u00f3n de programas y proyectos que est\u00e9n dirigidos a toda la poblaci\u00f3n del Distrito y que permitan generar conciencia tur\u00edstica en el territorio.<\/p><p class=\"p1\"><b>10.<\/b> Implementar y ejecutar las pol\u00edticas y directrices que orienten los procesos de apoyo.<\/p><p class=\"p1\"><b>11.<\/b> Implementar y ejecutar las pol\u00edticas y directrices que establezca la Secretar\u00eda de Gesti\u00f3n Humana y Servicio a la Ciudan\u00eda, en materia de gesti\u00f3n de tr\u00e1mites, procedimientos administrativos, peticiones, quejas, reclamos y sugerencias.<\/p><p class=\"p1\"><b>12.<\/b> Implementar y ejecutar las pol\u00edticas y directrices que orienten el Plan de Ordenamiento Territorial en el \u00e1mbito de sus funciones.<\/p><p class=\"p1\"><b>13.<\/b> Implementar, mantener y mejorar el Sistema Integral de Gesti\u00f3n para los procesos que dirige o en los que participa, de acuerdo con las directrices definidas por la entidad.<\/p>\t\t\t\t\t<\/div>\n\t\t\t\t\t\t<\/div>\n\t\t\t\t<\/div>\n\t\t\t\t<div class=\"elementor-element elementor-element-38046844 elementor-widget elementor-widget-text-editor\" data-id=\"38046844\" data-element_type=\"widget\" data-widget_type=\"text-editor.default\">\n\t\t\t\t<div class=\"elementor-widget-container\">\n\t\t\t\t\t\t\t\t<div class=\"elementor-text-editor elementor-clearfix\">\n\t\t\t\t<h1 class=\"p1\"><b>Ecosistema\u00a0de aliados de la Subsecretar\u00eda<\/b><\/h1>\t\t\t\t\t<\/div>\n\t\t\t\t\t\t<\/div>\n\t\t\t\t<\/div>\n\t\t\t\t<div class=\"elementor-element elementor-element-a19aea6 elementor-widget elementor-widget-text-editor\" data-id=\"a19aea6\" data-element_type=\"widget\" data-widget_type=\"text-editor.default\">\n\t\t\t\t<div class=\"elementor-widget-container\">\n\t\t\t\t\t\t\t\t<div class=\"elementor-text-editor elementor-clearfix\">\n\t\t\t\t<ul class=\"ul1\"><li class=\"li1\"><a href=\"https:\/\/www.medellin.gov.co\/es\/secretaria-de-turismo-y-entretenimiento\/\" target=\"_blank\" rel=\"noopener\">Consejo Distrital de Turismo<\/a><\/li><li><span class=\"s2\"><a href=\"https:\/\/www.bureaumedellin.com\/\" target=\"_blank\" rel=\"noopener\">Greater Medell\u00edn Convention y Visitors Bureau<\/a>.<\/span><\/li><\/ul>\t\t\t\t\t<\/div>\n\t\t\t\t\t\t<\/div>\n\t\t\t\t<\/div>\n\t\t\t\t\t\t<\/div>\n\t\t\t\t\t<\/div>\n\t\t<\/div>\n\t\t\t\t\t\t\t\t<\/div>\n\t\t\t\t\t<\/div>\n\t\t<\/section>\n\t\t\t\t\t\t\t\t\t<\/div>\n\t\t\t<\/div>\n\t\t\t\t\t<\/div>\n\t\t","protected":false},"excerpt":{"rendered":"<p>Subsecretar\u00eda de Promoci\u00f3n Tur\u00edstica y Entretenimiento \u00bfQu\u00e9 hace la Subsecretar\u00eda de Promoci\u00f3n Tur\u00edstica y Entretenimiento? Implementamos el Plan de Mercadeo Tur\u00edstico, el Plan Estrat\u00e9gico de Turismo del Distrito y el Plan Estrat\u00e9gico de Entretenimiento, liderando &#8230;<\/p>\n","protected":false},"author":84,"featured_media":374116,"parent":323583,"menu_order":23,"comment_status":"closed","ping_status":"closed","template":"sec-turismo\/elementor.php","meta":[],"acf":[],"_links":{"self":[{"href":"https:\/\/www.medellin.gov.co\/es\/wp-json\/wp\/v2\/pages\/376347"}],"collection":[{"href":"https:\/\/www.medellin.gov.co\/es\/wp-json\/wp\/v2\/pages"}],"about":[{"href":"https:\/\/www.medellin.gov.co\/es\/wp-json\/wp\/v2\/types\/page"}],"author":[{"embeddable":true,"href":"https:\/\/www.medellin.gov.co\/es\/wp-json\/wp\/v2\/users\/84"}],"replies":[{"embeddable":true,"href":"https:\/\/www.medellin.gov.co\/es\/wp-json\/wp\/v2\/comments?post=376347"}],"version-history":[{"count":10,"href":"https:\/\/www.medellin.gov.co\/es\/wp-json\/wp\/v2\/pages\/376347\/revisions"}],"predecessor-version":[{"id":499360,"href":"https:\/\/www.medellin.gov.co\/es\/wp-json\/wp\/v2\/pages\/376347\/revisions\/499360"}],"up":[{"embeddable":true,"href":"https:\/\/www.medellin.gov.co\/es\/wp-json\/wp\/v2\/pages\/323583"}],"wp:featuredmedia":[{"embeddable":true,"href":"https:\/\/www.medellin.gov.co\/es\/wp-json\/wp\/v2\/media\/374116"}],"wp:attachment":[{"href":"https:\/\/www.medellin.gov.co\/es\/wp-json\/wp\/v2\/media?parent=376347"}],"curies":[{"name":"wp","href":"https:\/\/api.w.org\/{rel}","templated":true}]}}