{"id":37913,"date":"2021-12-01T18:50:00","date_gmt":"2021-12-01T23:50:00","guid":{"rendered":"https:\/\/www.medellin.gov.co\/es\/?page_id=37913"},"modified":"2023-04-28T18:01:20","modified_gmt":"2023-04-28T23:01:20","slug":"educando-a-los-grandes-6-8","status":"publish","type":"page","link":"https:\/\/www.medellin.gov.co\/es\/portal-ninos\/educando-a-los-grandes-6-8\/","title":{"rendered":"Educando a los grandes"},"content":{"rendered":"\t\t<div data-elementor-type=\"wp-page\" data-elementor-id=\"37913\" class=\"elementor elementor-37913\">\n\t\t\t\t\t\t<div class=\"elementor-inner\">\n\t\t\t\t<div class=\"elementor-section-wrap\">\n\t\t\t\t\t\t\t\t\t<section class=\"elementor-section elementor-top-section elementor-element elementor-element-a1d28a4 elementor-section-full_width elementor-section-stretched elementor-section-height-default elementor-section-height-default\" data-id=\"a1d28a4\" data-element_type=\"section\" data-settings=\"{&quot;stretch_section&quot;:&quot;section-stretched&quot;,&quot;background_background&quot;:&quot;gradient&quot;}\">\n\t\t\t\t\t\t<div class=\"elementor-container elementor-column-gap-default\">\n\t\t\t\t\t\t\t<div class=\"elementor-row\">\n\t\t\t\t\t<div class=\"elementor-column elementor-col-100 elementor-top-column elementor-element elementor-element-7b7bcf3\" data-id=\"7b7bcf3\" data-element_type=\"column\">\n\t\t\t<div class=\"elementor-column-wrap elementor-element-populated\">\n\t\t\t\t\t\t\t<div class=\"elementor-widget-wrap\">\n\t\t\t\t\t\t<div class=\"elementor-element elementor-element-1cb5f78 elementor-widget elementor-widget-html\" data-id=\"1cb5f78\" data-element_type=\"widget\" data-widget_type=\"html.default\">\n\t\t\t\t<div class=\"elementor-widget-container\">\n\t\t\t<section id=\"modulo-principal-imagen-texto\">\n    \n    <div id=\"texto-modulo-principal-ninos\">\n        \n        <div id=\"circulo-ninos\">\n    \n         <\/div>\n        \n        <h1>Educando <br \/>a los grandes<\/h1>\n        \n        <p>Para que los adultos te entiendan tienes que sentarte con ellos y hablarles\u2026 O si no, con un pancito, con un huevito o con un chocolate, les explicas. Hay que ense\u00f1arles leeeeento. \n            No les puedes decir groser\u00edas o algo as\u00ed, h\u00e1blales decente. \n            Ya con eso, piensa, \u00bfqu\u00e9 te gustar\u00eda explicarles a los adultos?\n\n        <\/p>\n        \n        \n    <\/div>\n    \n<\/section>\n\n<section>\n\n<div id=\"imagen-modulo-principal-ninos\">\n    <img src=\"https:\/\/www.medellin.gov.co\/es\/wp-content\/uploads\/2023\/04\/educando-a-los-grandes-cover.jpg\" \/>\n<\/div>\n\n<\/section>\n\n\n\n\n\n\n\t\t<\/div>\n\t\t\t\t<\/div>\n\t\t\t\t\t\t<\/div>\n\t\t\t\t\t<\/div>\n\t\t<\/div>\n\t\t\t\t\t\t\t\t<\/div>\n\t\t\t\t\t<\/div>\n\t\t<\/section>\n\t\t\t\t<section class=\"elementor-section elementor-top-section elementor-element elementor-element-d3a365e elementor-section-stretched elementor-section-full_width elementor-section-height-default elementor-section-height-default\" data-id=\"d3a365e\" data-element_type=\"section\" data-settings=\"{&quot;stretch_section&quot;:&quot;section-stretched&quot;,&quot;background_background&quot;:&quot;gradient&quot;}\">\n\t\t\t\t\t\t<div class=\"elementor-container elementor-column-gap-default\">\n\t\t\t\t\t\t\t<div class=\"elementor-row\">\n\t\t\t\t\t<div class=\"elementor-column elementor-col-100 elementor-top-column elementor-element elementor-element-491b820\" data-id=\"491b820\" data-element_type=\"column\">\n\t\t\t<div class=\"elementor-column-wrap elementor-element-populated\">\n\t\t\t\t\t\t\t<div class=\"elementor-widget-wrap\">\n\t\t\t\t\t\t<section class=\"elementor-section elementor-inner-section elementor-element elementor-element-18c16de elementor-section-boxed elementor-section-height-default elementor-section-height-default\" data-id=\"18c16de\" data-element_type=\"section\">\n\t\t\t\t\t\t<div class=\"elementor-container elementor-column-gap-default\">\n\t\t\t\t\t\t\t<div class=\"elementor-row\">\n\t\t\t\t\t<div class=\"elementor-column elementor-col-100 elementor-inner-column elementor-element elementor-element-96b1d37\" data-id=\"96b1d37\" data-element_type=\"column\">\n\t\t\t<div class=\"elementor-column-wrap elementor-element-populated\">\n\t\t\t\t\t\t\t<div class=\"elementor-widget-wrap\">\n\t\t\t\t\t\t<div class=\"elementor-element elementor-element-e8ba440 elementor-widget elementor-widget-heading\" data-id=\"e8ba440\" data-element_type=\"widget\" data-widget_type=\"heading.default\">\n\t\t\t\t<div class=\"elementor-widget-container\">\n\t\t\t<h2 class=\"elementor-heading-title elementor-size-default\">Videos<\/h2>\t\t<\/div>\n\t\t\t\t<\/div>\n\t\t\t\t<div class=\"elementor-element elementor-element-4ed047b elementor-widget__width-initial elementor-widget-mobile__width-initial elementor-widget elementor-widget-text-editor\" data-id=\"4ed047b\" data-element_type=\"widget\" data-widget_type=\"text-editor.default\">\n\t\t\t\t<div class=\"elementor-widget-container\">\n\t\t\t\t\t\t\t\t<div class=\"elementor-text-editor elementor-clearfix\">\n\t\t\t\t<p><span style=\"font-weight: 400;\">En esta parte hay videos de muchas cosas, hay mu\u00f1equitos, hay personas, es como si fuera YouTube. Aqu\u00ed podemos aprender juntos, solo dale y clic y comencemos.<\/span><\/p>\t\t\t\t\t<\/div>\n\t\t\t\t\t\t<\/div>\n\t\t\t\t<\/div>\n\t\t\t\t<div class=\"elementor-element elementor-element-f6f9214 elementor-grid-3 elementor-grid-tablet-2 elementor-grid-mobile-1 elementor-aspect-ratio-169 pp-swiper-slider-pagination-outside elementor-widget elementor-widget-pp-video-gallery\" data-id=\"f6f9214\" data-element_type=\"widget\" data-settings=\"{&quot;layout&quot;:&quot;carousel&quot;,&quot;columns_gap&quot;:{&quot;unit&quot;:&quot;%&quot;,&quot;size&quot;:50,&quot;sizes&quot;:[]},&quot;columns_gap_tablet&quot;:{&quot;unit&quot;:&quot;%&quot;,&quot;size&quot;:&quot;&quot;,&quot;sizes&quot;:[]},&quot;columns_gap_mobile&quot;:{&quot;unit&quot;:&quot;%&quot;,&quot;size&quot;:&quot;&quot;,&quot;sizes&quot;:[]}}\" data-widget_type=\"pp-video-gallery.default\">\n\t\t\t\t<div class=\"elementor-widget-container\">\n\t\t\t\t\t<div class=\"pp-video-gallery-container pp-video-gallery-carousel\">\n\t\t\t<div class=\"pp-video-gallery-wrapper swiper-container-wrap\" data-slider-settings=\"{&quot;direction&quot;:&quot;horizontal&quot;,&quot;speed&quot;:600,&quot;slidesPerView&quot;:3,&quot;slidesPerGroup&quot;:1,&quot;spaceBetween&quot;:50,&quot;autoHeight&quot;:true,&quot;loop&quot;:true,&quot;autoplay&quot;:{&quot;delay&quot;:999999},&quot;pagination&quot;:{&quot;el&quot;:&quot;.swiper-pagination-f6f9214&quot;,&quot;type&quot;:&quot;bullets&quot;,&quot;clickable&quot;:true},&quot;navigation&quot;:{&quot;nextEl&quot;:&quot;.swiper-button-next-f6f9214&quot;,&quot;prevEl&quot;:&quot;.swiper-button-prev-f6f9214&quot;},&quot;breakpoints&quot;:{&quot;1025&quot;:{&quot;slidesPerView&quot;:3,&quot;slidesPerGroup&quot;:1,&quot;spaceBetween&quot;:50},&quot;768&quot;:{&quot;slidesPerView&quot;:2,&quot;slidesPerGroup&quot;:1,&quot;spaceBetween&quot;:10},&quot;320&quot;:{&quot;slidesPerView&quot;:1,&quot;slidesPerGroup&quot;:1,&quot;spaceBetween&quot;:10}}}\">\n\t\t\t\t\t\t\t\t<div class=\"pp-video-gallery pp-swiper-slider swiper-container\" data-action=\"lightbox\" dir=\"ltr\">\n\t\t\t\t\t\t\t\t\t\t<div class=\"swiper-wrapper\">\n\t\t\t\t\t\t\t\t\t\t\t\t\t\t<div class=\"pp-video-gallery-item-wrap swiper-slide\">\n\t\t\t\t<div class=\"pp-grid-item pp-video-gallery-item\">\n\t\t\t\t\t<div class=\"pp-video-title-wrap\">\n\t\t\t\t\t\t\t\t\t\t\t\t<div class=\"pp-video-container elementor-fit-aspect-ratio\">\n\t\t\t\t\t\t\t<div class=\"pp-video-play\" data-fancybox=\"video-gallery-f6f9214\" href=\"https:\/\/youtu.be\/unNmL7cvVqw\">\n\t\t\t\t\t\t\t\t<div class=\"pp-media-overlay pp-video-gallery-overlay\"><\/div>\t\t\t\t\t\t\t\t<div class=\"pp-video-player\">\n\t\t\t\t\t\t\t\t\t\t\t\t\t\t\t\t\t\t\t<img class=\"pp-video-thumb\" src=\"https:\/\/i.ytimg.com\/vi\/unNmL7cvVqw\/maxresdefault.jpg\" alt=\"YouTube\">\n\t\t\t\t\t\t\t\t\t\t\t\t\t\t\t\t\t\t\t\t\t<span class=\"pp-video-play-icon pp-icon\">\n\t\t\t\t<i aria-hidden=\"true\" class=\"fas fa-play\"><\/i>\t\t\t<\/span>\n\t\t\t\t\t\t\t\t\t\t\t<\/div>\n\t\t\t\t\t\t\t<\/div>\n\t\t\t\t\t\t<\/div>\n\t\t\t\t\t<\/div>\n\t\t\t\t\t\t\t\t\t<\/div>\n\t\t\t<\/div>\n\t\t\t\t\t\t<div class=\"pp-video-gallery-item-wrap swiper-slide\">\n\t\t\t\t<div class=\"pp-grid-item pp-video-gallery-item\">\n\t\t\t\t\t<div class=\"pp-video-title-wrap\">\n\t\t\t\t\t\t\t\t\t\t\t\t<div class=\"pp-video-container elementor-fit-aspect-ratio\">\n\t\t\t\t\t\t\t<div class=\"pp-video-play\" data-fancybox=\"video-gallery-f6f9214\" href=\"https:\/\/youtu.be\/1sWxc9Xv1TM\">\n\t\t\t\t\t\t\t\t<div class=\"pp-media-overlay pp-video-gallery-overlay\"><\/div>\t\t\t\t\t\t\t\t<div class=\"pp-video-player\">\n\t\t\t\t\t\t\t\t\t\t\t\t\t\t\t\t\t\t\t<img class=\"pp-video-thumb\" src=\"https:\/\/i.ytimg.com\/vi\/1sWxc9Xv1TM\/maxresdefault.jpg\" alt=\"YouTube\">\n\t\t\t\t\t\t\t\t\t\t\t\t\t\t\t\t\t\t\t\t\t<span class=\"pp-video-play-icon pp-icon pp-video-play-icon pp-icon\">\n\t\t\t\t<i aria-hidden=\"true\" class=\"fas fa-play\"><\/i>\t\t\t<\/span>\n\t\t\t\t\t\t\t\t\t\t\t<\/div>\n\t\t\t\t\t\t\t<\/div>\n\t\t\t\t\t\t<\/div>\n\t\t\t\t\t<\/div>\n\t\t\t\t\t\t\t\t\t<\/div>\n\t\t\t<\/div>\n\t\t\t\t\t\t<div class=\"pp-video-gallery-item-wrap swiper-slide\">\n\t\t\t\t<div class=\"pp-grid-item pp-video-gallery-item\">\n\t\t\t\t\t<div class=\"pp-video-title-wrap\">\n\t\t\t\t\t\t\t\t\t\t\t\t<div class=\"pp-video-container elementor-fit-aspect-ratio\">\n\t\t\t\t\t\t\t<div class=\"pp-video-play\" data-fancybox=\"video-gallery-f6f9214\" href=\"https:\/\/youtu.be\/_YiHIsoHdzc\">\n\t\t\t\t\t\t\t\t<div class=\"pp-media-overlay pp-video-gallery-overlay\"><\/div>\t\t\t\t\t\t\t\t<div class=\"pp-video-player\">\n\t\t\t\t\t\t\t\t\t\t\t\t\t\t\t\t\t\t\t<img class=\"pp-video-thumb\" src=\"https:\/\/i.ytimg.com\/vi\/_YiHIsoHdzc\/hqdefault.jpg\" alt=\"YouTube\">\n\t\t\t\t\t\t\t\t\t\t\t\t\t\t\t\t\t\t\t\t\t<span class=\"pp-video-play-icon pp-icon pp-video-play-icon pp-icon pp-video-play-icon pp-icon\">\n\t\t\t\t<i aria-hidden=\"true\" class=\"fas fa-play\"><\/i>\t\t\t<\/span>\n\t\t\t\t\t\t\t\t\t\t\t<\/div>\n\t\t\t\t\t\t\t<\/div>\n\t\t\t\t\t\t<\/div>\n\t\t\t\t\t<\/div>\n\t\t\t\t\t\t\t\t\t<\/div>\n\t\t\t<\/div>\n\t\t\t\t\t\t\t\t\t\t\t\t\t<\/div>\n\t\t\t\t\t\t\t\t\t<\/div>\n\t\t\t\t\t\t\t<!-- Add Pagination -->\n\t\t\t<div class=\"swiper-pagination swiper-pagination-f6f9214\"><\/div>\n\t\t\t\t\t\t\t<div class=\"pp-slider-arrow swiper-button-prev swiper-button-prev-f6f9214\">\n\t\t\t\t\t<i aria-hidden=\"true\" class=\"fas fa-angle-left\"><\/i>\t\t\t\t<\/div>\n\t\t\t\t<div class=\"pp-slider-arrow swiper-button-next swiper-button-next-f6f9214\">\n\t\t\t\t\t<i aria-hidden=\"true\" class=\"fas fa-angle-right\"><\/i>\t\t\t\t<\/div>\n\t\t\t\t\t\t<\/div>\n\t\t<\/div>\n\t\t\t\t<\/div>\n\t\t\t\t<\/div>\n\t\t\t\t\t\t<\/div>\n\t\t\t\t\t<\/div>\n\t\t<\/div>\n\t\t\t\t\t\t\t\t<\/div>\n\t\t\t\t\t<\/div>\n\t\t<\/section>\n\t\t\t\t\t\t<\/div>\n\t\t\t\t\t<\/div>\n\t\t<\/div>\n\t\t\t\t\t\t\t\t<\/div>\n\t\t\t\t\t<\/div>\n\t\t<\/section>\n\t\t\t\t<section class=\"elementor-section elementor-top-section elementor-element elementor-element-144f106 elementor-section-height-min-height elementor-section-items-stretch elementor-section-stretched elementor-section-full_width elementor-section-height-default\" data-id=\"144f106\" data-element_type=\"section\" data-settings=\"{&quot;stretch_section&quot;:&quot;section-stretched&quot;,&quot;background_background&quot;:&quot;classic&quot;}\">\n\t\t\t\t\t\t<div class=\"elementor-container elementor-column-gap-default\">\n\t\t\t\t\t\t\t<div class=\"elementor-row\">\n\t\t\t\t\t<div class=\"elementor-column elementor-col-100 elementor-top-column elementor-element elementor-element-c5fc860\" data-id=\"c5fc860\" data-element_type=\"column\">\n\t\t\t<div class=\"elementor-column-wrap\">\n\t\t\t\t\t\t\t<div class=\"elementor-widget-wrap\">\n\t\t\t\t\t\t\t\t<\/div>\n\t\t\t\t\t<\/div>\n\t\t<\/div>\n\t\t\t\t\t\t\t\t<\/div>\n\t\t\t\t\t<\/div>\n\t\t<\/section>\n\t\t\t\t<section class=\"elementor-section elementor-top-section elementor-element elementor-element-d1bfd93 elementor-section-full_width elementor-section-height-min-height elementor-section-stretched elementor-hidden-desktop elementor-hidden-tablet elementor-hidden-mobile elementor-section-height-default elementor-section-items-middle\" data-id=\"d1bfd93\" data-element_type=\"section\" data-settings=\"{&quot;stretch_section&quot;:&quot;section-stretched&quot;,&quot;background_background&quot;:&quot;gradient&quot;}\">\n\t\t\t\t\t\t<div class=\"elementor-container elementor-column-gap-default\">\n\t\t\t\t\t\t\t<div class=\"elementor-row\">\n\t\t\t\t\t<div class=\"elementor-column elementor-col-33 elementor-top-column elementor-element elementor-element-08817d3\" data-id=\"08817d3\" data-element_type=\"column\">\n\t\t\t<div class=\"elementor-column-wrap elementor-element-populated\">\n\t\t\t\t\t\t\t<div class=\"elementor-widget-wrap\">\n\t\t\t\t\t\t<div class=\"elementor-element elementor-element-bb779e7 elementor-widget elementor-widget-text-editor\" data-id=\"bb779e7\" data-element_type=\"widget\" data-widget_type=\"text-editor.default\">\n\t\t\t\t<div class=\"elementor-widget-container\">\n\t\t\t\t\t\t\t\t<div class=\"elementor-text-editor elementor-clearfix\">\n\t\t\t\t<p style=\"text-align: center; font-size: 40px;\">Lorem Ipsum<\/p><p style=\"text-align: center;\">Lorem ipsum dolor<\/p>\t\t\t\t\t<\/div>\n\t\t\t\t\t\t<\/div>\n\t\t\t\t<\/div>\n\t\t\t\t\t\t<\/div>\n\t\t\t\t\t<\/div>\n\t\t<\/div>\n\t\t\t\t<div class=\"elementor-column elementor-col-33 elementor-top-column elementor-element elementor-element-b082cd1\" data-id=\"b082cd1\" data-element_type=\"column\">\n\t\t\t<div class=\"elementor-column-wrap elementor-element-populated\">\n\t\t\t\t\t\t\t<div class=\"elementor-widget-wrap\">\n\t\t\t\t\t\t<div class=\"elementor-element elementor-element-6faab1a elementor-widget elementor-widget-html\" data-id=\"6faab1a\" data-element_type=\"widget\" id=\"circulo-educando\" data-widget_type=\"html.default\">\n\t\t\t\t<div class=\"elementor-widget-container\">\n\t\t\t<img id=\"imagen-educando-circulo\" src=\"https:\/\/www.medellin.gov.co\/es\/wp-content\/uploads\/2021\/11\/educando-a-los-grandes.png\">\t\t<\/div>\n\t\t\t\t<\/div>\n\t\t\t\t\t\t<\/div>\n\t\t\t\t\t<\/div>\n\t\t<\/div>\n\t\t\t\t<div class=\"elementor-column elementor-col-33 elementor-top-column elementor-element elementor-element-2f214dd\" data-id=\"2f214dd\" data-element_type=\"column\">\n\t\t\t<div class=\"elementor-column-wrap elementor-element-populated\">\n\t\t\t\t\t\t\t<div class=\"elementor-widget-wrap\">\n\t\t\t\t\t\t<div class=\"elementor-element elementor-element-4182503 elementor-widget elementor-widget-text-editor\" data-id=\"4182503\" data-element_type=\"widget\" data-widget_type=\"text-editor.default\">\n\t\t\t\t<div class=\"elementor-widget-container\">\n\t\t\t\t\t\t\t\t<div class=\"elementor-text-editor elementor-clearfix\">\n\t\t\t\t<p style=\"text-align: center;\">Lorem ipsum dolor sit amet, consectetur adipiscing elit. Ut elit tellus, luctus nec ullamcorper mattis, pulvinar dapibus leo.<\/p>\t\t\t\t\t<\/div>\n\t\t\t\t\t\t<\/div>\n\t\t\t\t<\/div>\n\t\t\t\t\t\t<\/div>\n\t\t\t\t\t<\/div>\n\t\t<\/div>\n\t\t\t\t\t\t\t\t<\/div>\n\t\t\t\t\t<\/div>\n\t\t<\/section>\n\t\t\t\t\t\t\t\t\t<\/div>\n\t\t\t<\/div>\n\t\t\t\t\t<\/div>\n\t\t","protected":false},"excerpt":{"rendered":"<p>Educando a los grandes Para que los adultos te entiendan tienes que sentarte con ellos y hablarles\u2026 O si no, con un pancito, con un huevito o con un chocolate, les explicas. Hay que ense\u00f1arles &#8230;<\/p>\n","protected":false},"author":4,"featured_media":0,"parent":25909,"menu_order":10,"comment_status":"closed","ping_status":"closed","template":"portal-ninos\/inicio.php","meta":[],"acf":[],"_links":{"self":[{"href":"https:\/\/www.medellin.gov.co\/es\/wp-json\/wp\/v2\/pages\/37913"}],"collection":[{"href":"https:\/\/www.medellin.gov.co\/es\/wp-json\/wp\/v2\/pages"}],"about":[{"href":"https:\/\/www.medellin.gov.co\/es\/wp-json\/wp\/v2\/types\/page"}],"author":[{"embeddable":true,"href":"https:\/\/www.medellin.gov.co\/es\/wp-json\/wp\/v2\/users\/4"}],"replies":[{"embeddable":true,"href":"https:\/\/www.medellin.gov.co\/es\/wp-json\/wp\/v2\/comments?post=37913"}],"version-history":[{"count":11,"href":"https:\/\/www.medellin.gov.co\/es\/wp-json\/wp\/v2\/pages\/37913\/revisions"}],"predecessor-version":[{"id":200187,"href":"https:\/\/www.medellin.gov.co\/es\/wp-json\/wp\/v2\/pages\/37913\/revisions\/200187"}],"up":[{"embeddable":true,"href":"https:\/\/www.medellin.gov.co\/es\/wp-json\/wp\/v2\/pages\/25909"}],"wp:attachment":[{"href":"https:\/\/www.medellin.gov.co\/es\/wp-json\/wp\/v2\/media?parent=37913"}],"curies":[{"name":"wp","href":"https:\/\/api.w.org\/{rel}","templated":true}]}}