{"id":385311,"date":"2025-02-11T12:28:20","date_gmt":"2025-02-11T17:28:20","guid":{"rendered":"https:\/\/www.medellin.gov.co\/es\/?page_id=385311"},"modified":"2025-02-21T10:16:13","modified_gmt":"2025-02-21T15:16:13","slug":"debido-proceso-regimen-subsidiado-de-salud","status":"publish","type":"page","link":"https:\/\/www.medellin.gov.co\/es\/secretaria-de-salud\/debido-proceso-regimen-subsidiado-de-salud\/","title":{"rendered":"Debido proceso r\u00e9gimen subsidiado de salud"},"content":{"rendered":"\t\t<div data-elementor-type=\"wp-page\" data-elementor-id=\"385311\" class=\"elementor elementor-385311\">\n\t\t\t\t\t\t<div class=\"elementor-inner\">\n\t\t\t\t<div class=\"elementor-section-wrap\">\n\t\t\t\t\t\t\t\t\t<section class=\"elementor-section elementor-top-section elementor-element elementor-element-873c1e0 elementor-section-boxed elementor-section-height-default elementor-section-height-default\" data-id=\"873c1e0\" data-element_type=\"section\">\n\t\t\t\t\t\t<div class=\"elementor-container elementor-column-gap-default\">\n\t\t\t\t\t\t\t<div class=\"elementor-row\">\n\t\t\t\t\t<div class=\"elementor-column elementor-col-100 elementor-top-column elementor-element elementor-element-b8961c0\" data-id=\"b8961c0\" data-element_type=\"column\">\n\t\t\t<div class=\"elementor-column-wrap elementor-element-populated\">\n\t\t\t\t\t\t\t<div class=\"elementor-widget-wrap\">\n\t\t\t\t\t\t<div class=\"elementor-element elementor-element-b6c973f elementor-widget elementor-widget-heading\" data-id=\"b6c973f\" data-element_type=\"widget\" data-widget_type=\"heading.default\">\n\t\t\t\t<div class=\"elementor-widget-container\">\n\t\t\t<h1 class=\"elementor-heading-title elementor-size-default\">\u00a1Ponte al d\u00eda con los requisitos y garantiza tu afiliaci\u00f3n al r\u00e9gimen subsidiado de salud!<\/h1>\t\t<\/div>\n\t\t\t\t<\/div>\n\t\t\t\t\t\t<\/div>\n\t\t\t\t\t<\/div>\n\t\t<\/div>\n\t\t\t\t\t\t\t\t<\/div>\n\t\t\t\t\t<\/div>\n\t\t<\/section>\n\t\t\t\t<section class=\"elementor-section elementor-top-section elementor-element elementor-element-83a5d0e elementor-section-boxed elementor-section-height-default elementor-section-height-default\" data-id=\"83a5d0e\" data-element_type=\"section\">\n\t\t\t\t\t\t<div class=\"elementor-container elementor-column-gap-default\">\n\t\t\t\t\t\t\t<div class=\"elementor-row\">\n\t\t\t\t\t<div class=\"elementor-column elementor-col-100 elementor-top-column elementor-element elementor-element-b438afa\" data-id=\"b438afa\" data-element_type=\"column\">\n\t\t\t<div class=\"elementor-column-wrap elementor-element-populated\">\n\t\t\t\t\t\t\t<div class=\"elementor-widget-wrap\">\n\t\t\t\t\t\t<div class=\"elementor-element elementor-element-bde3f10 elementor-widget elementor-widget-text-editor\" data-id=\"bde3f10\" data-element_type=\"widget\" data-widget_type=\"text-editor.default\">\n\t\t\t\t<div class=\"elementor-widget-container\">\n\t\t\t\t\t\t\t\t<div class=\"elementor-text-editor elementor-clearfix\">\n\t\t\t\t<p>A partir del <strong>15 de febrero<\/strong>, y en cumplimiento de la Ley, el Distrito comenzar\u00e1 el retiro del r\u00e9gimen subsidiado de salud de todas aquellas personas que no cumplen con sus obligaciones, siguiendo el debido proceso.<\/p><p>Si eres ciudadano colombiano o migrante venezolano y te encuentras actualmente afiliado al r\u00e9gimen subsidiado de salud en Medell\u00edn, conoce aqu\u00ed los requisitos que debes cumplir y c\u00f3mo puedes ponerte al d\u00eda.<\/p>\t\t\t\t\t<\/div>\n\t\t\t\t\t\t<\/div>\n\t\t\t\t<\/div>\n\t\t\t\t\t\t<\/div>\n\t\t\t\t\t<\/div>\n\t\t<\/div>\n\t\t\t\t\t\t\t\t<\/div>\n\t\t\t\t\t<\/div>\n\t\t<\/section>\n\t\t<div class=\"elementor-element elementor-element-afce49f e-container--column e-container\" data-id=\"afce49f\" data-element_type=\"container\">\t\t<div class=\"elementor-element elementor-element-63e219b e-container--column e-container\" data-id=\"63e219b\" data-element_type=\"container\">\t\t\t\t<div class=\"elementor-element elementor-element-513ae8b elementor-widget elementor-widget-image\" data-id=\"513ae8b\" data-element_type=\"widget\" data-widget_type=\"image.default\">\n\t\t\t\t<div class=\"elementor-widget-container\">\n\t\t\t\t\t\t\t\t<div class=\"elementor-image\">\n\t\t\t\t\t\t\t\t\t\t\t\t<img src=\"https:\/\/www.medellin.gov.co\/es\/wp-content\/uploads\/elementor\/thumbs\/Atencion_salud-3-r1cyho4l0nlcoo4a7n4jx98wche33pdznxt7x92kk4.jpg\" title=\"Dise\u00f1o sin t\u00edtulo &#8211; 2\" alt=\"Dise\u00f1o sin t\u00edtulo - 2\" \/>\t\t\t\t\t\t\t\t\t\t\t\t\t\t<\/div>\n\t\t\t\t\t\t<\/div>\n\t\t\t\t<\/div>\n\t\t<\/div>\t\t<div class=\"elementor-element elementor-element-a56165b elementor-widget elementor-widget-text-editor\" data-id=\"a56165b\" data-element_type=\"widget\" data-widget_type=\"text-editor.default\">\n\t\t\t\t<div class=\"elementor-widget-container\">\n\t\t\t\t\t\t\t\t<div class=\"elementor-text-editor elementor-clearfix\">\n\t\t\t\t<p><strong>Para ciudadanos colombianos:<\/strong><\/p><p>Podr\u00e1s continuar afiliado al r\u00e9gimen subsidiado de salud \u00fanicamente si ya obtuviste tu <strong>clasificaci\u00f3n A, B o C en el Sisb\u00e9n IV,<\/strong> <strong>espec\u00edficamente en un domicilio en Medell\u00edn<\/strong>. <em>Puedes verificarlo en la p\u00e1gina web del Sisb\u00e9n haciendo <u><a href=\"https:\/\/www.sisben.gov.co\/Paginas\/consulta-tu-grupo.html?\">clic aqu\u00ed<\/a><\/u>.<\/em><\/p><p>Si tu encuesta es vigente y fue aplicada en Medell\u00edn, no debes solicitarla nuevamente ni actualizarla. Si, por el contrario, <strong>a\u00fan no tienes una encuesta vigente en Medell\u00edn<\/strong>, puedes seguir una de las siguientes rutas para solicitarla:<\/p><p><strong>Ruta #1:<\/strong><\/p><ol><li>Ingresa al Portal Ciudadano del Sisb\u00e9n IV haciendo clic en el siguiente enlace: <strong><u><a href=\"https:\/\/portalciudadano.sisben.gov.co\" target=\"_blank\" rel=\"noopener\">https:\/\/portalciudadano.sisben.gov.co<\/a><\/u><\/strong>.<\/li><li>Si ya tienes una cuenta en este portal, inicia sesi\u00f3n. Si a\u00fan no la tienes, haz clic en la opci\u00f3n \u201cReg\u00edstrate\u201d y diligencia el formulario.<\/li><li>Una vez te hayas registrado, haz clic en la opci\u00f3n \u201cSolicita tu encuesta aqu\u00ed\u201d y completa los campos del formato. <em>En este paso te pedir\u00e1n los nombres y n\u00famero de documento de las personas que pertenecen al grupo familiar.<\/em><\/li><li>Una vez hayas finalizado el paso anterior, la plataforma arrojar\u00e1 un n\u00famero de radicado. <em>Cons\u00e9rvalo muy bien, pues lo necesitar\u00e1s m\u00e1s adelante.<\/em><\/li><li>Por \u00faltimo, toma una foto o haz un pantallazo donde conste el n\u00famero de radicado de tu solicitud de encuesta y comp\u00e1rtela con nosotros por medio del formulario que encuentras al hacer <strong><a href=\"https:\/\/www.medellin.gov.co\/data2\/DiligenciarEncuesta.do?token=TS110220255619999FB078\" target=\"_blank\" rel=\"noopener\">clic aqu\u00ed<\/a><\/strong>.<\/li><\/ol>\t\t\t\t\t<\/div>\n\t\t\t\t\t\t<\/div>\n\t\t\t\t<\/div>\n\t\t<\/div><div class=\"elementor-element elementor-element-ad58035 e-container--row e-container\" data-id=\"ad58035\" data-element_type=\"container\">\t\t<div class=\"elementor-element elementor-element-d9d1294 e-container--column e-container\" data-id=\"d9d1294\" data-element_type=\"container\">\t\t\t\t<div class=\"elementor-element elementor-element-a65f4c3 elementor-widget elementor-widget-image\" data-id=\"a65f4c3\" data-element_type=\"widget\" data-widget_type=\"image.default\">\n\t\t\t\t<div class=\"elementor-widget-container\">\n\t\t\t\t\t\t\t\t<div class=\"elementor-image\">\n\t\t\t\t\t\t\t\t\t\t\t\t<img width=\"1024\" height=\"683\" src=\"https:\/\/www.medellin.gov.co\/es\/wp-content\/uploads\/2025\/02\/Medico-tratando-nino--1024x683.jpg\" class=\"attachment-large size-large\" alt=\"M\u00e9dico tratando a paciente\" loading=\"lazy\" srcset=\"https:\/\/www.medellin.gov.co\/es\/wp-content\/uploads\/2025\/02\/Medico-tratando-nino--1024x683.jpg 1024w, https:\/\/www.medellin.gov.co\/es\/wp-content\/uploads\/2025\/02\/Medico-tratando-nino--300x200.jpg 300w, https:\/\/www.medellin.gov.co\/es\/wp-content\/uploads\/2025\/02\/Medico-tratando-nino--150x100.jpg 150w, https:\/\/www.medellin.gov.co\/es\/wp-content\/uploads\/2025\/02\/Medico-tratando-nino--768x512.jpg 768w, https:\/\/www.medellin.gov.co\/es\/wp-content\/uploads\/2025\/02\/Medico-tratando-nino--1536x1024.jpg 1536w, https:\/\/www.medellin.gov.co\/es\/wp-content\/uploads\/2025\/02\/Medico-tratando-nino--2048x1365.jpg 2048w\" sizes=\"(max-width: 1024px) 100vw, 1024px\" \/>\t\t\t\t\t\t\t\t\t\t\t\t\t\t<\/div>\n\t\t\t\t\t\t<\/div>\n\t\t\t\t<\/div>\n\t\t<\/div><div class=\"elementor-element elementor-element-153c54e e-container--column e-container\" data-id=\"153c54e\" data-element_type=\"container\">\t\t\t\t<div class=\"elementor-element elementor-element-d5a1cd3 elementor-widget elementor-widget-image\" data-id=\"d5a1cd3\" data-element_type=\"widget\" data-widget_type=\"image.default\">\n\t\t\t\t<div class=\"elementor-widget-container\">\n\t\t\t\t\t\t\t\t<div class=\"elementor-image\">\n\t\t\t\t\t\t\t\t\t\t\t\t<img width=\"1024\" height=\"682\" src=\"https:\/\/www.medellin.gov.co\/es\/wp-content\/uploads\/2025\/02\/Atencion_salud-1-1024x682.jpg\" class=\"attachment-large size-large\" alt=\"\" loading=\"lazy\" srcset=\"https:\/\/www.medellin.gov.co\/es\/wp-content\/uploads\/2025\/02\/Atencion_salud-1-1024x682.jpg 1024w, https:\/\/www.medellin.gov.co\/es\/wp-content\/uploads\/2025\/02\/Atencion_salud-1-300x200.jpg 300w, https:\/\/www.medellin.gov.co\/es\/wp-content\/uploads\/2025\/02\/Atencion_salud-1-150x100.jpg 150w, https:\/\/www.medellin.gov.co\/es\/wp-content\/uploads\/2025\/02\/Atencion_salud-1-768x512.jpg 768w, https:\/\/www.medellin.gov.co\/es\/wp-content\/uploads\/2025\/02\/Atencion_salud-1.jpg 1276w\" sizes=\"(max-width: 1024px) 100vw, 1024px\" \/>\t\t\t\t\t\t\t\t\t\t\t\t\t\t<\/div>\n\t\t\t\t\t\t<\/div>\n\t\t\t\t<\/div>\n\t\t<\/div><\/div>\t\t<section class=\"elementor-section elementor-top-section elementor-element elementor-element-21e985a elementor-section-boxed elementor-section-height-default elementor-section-height-default\" data-id=\"21e985a\" data-element_type=\"section\">\n\t\t\t\t\t\t<div class=\"elementor-container elementor-column-gap-default\">\n\t\t\t\t\t\t\t<div class=\"elementor-row\">\n\t\t\t\t\t<div class=\"elementor-column elementor-col-100 elementor-top-column elementor-element elementor-element-b191ce4\" data-id=\"b191ce4\" data-element_type=\"column\">\n\t\t\t<div class=\"elementor-column-wrap elementor-element-populated\">\n\t\t\t\t\t\t\t<div class=\"elementor-widget-wrap\">\n\t\t\t\t\t\t<div class=\"elementor-element elementor-element-1c36c97 elementor-widget elementor-widget-text-editor\" data-id=\"1c36c97\" data-element_type=\"widget\" data-widget_type=\"text-editor.default\">\n\t\t\t\t<div class=\"elementor-widget-container\">\n\t\t\t\t\t\t\t\t<div class=\"elementor-text-editor elementor-clearfix\">\n\t\t\t\t<p><strong>Ruta #2:<\/strong><\/p><ol><li>Agenda tu cita en la opci\u00f3n <strong><u><a href=\"https:\/\/distritodemedellinvirtual.sistemasentry.com.co\/visionweb\/solicitarcita\" target=\"_blank\" rel=\"noopener\">Ficho Digital<\/a><\/u><\/strong> de nuestro portal web, o por medio del <strong><u><a href=\"https:\/\/api.whatsapp.com\/send?phone=573016044444&amp;text=Hola%20Flor%20%C2%BFpuedes%20ayudarme?\" target=\"_blank\" rel=\"noopener\">WhatsApp Flor<\/a><\/u><\/strong>: 301 604 44 44. <em>Haz clic en los enlaces para acceder a la opci\u00f3n de tu preferencia.<\/em><\/li><li>Asiste a la sede de atenci\u00f3n a la ciudadan\u00eda de la Alcald\u00eda de Medell\u00edn que elegiste, trayendo contigo:<br \/>&#8211; Copia de los documentos de identificaci\u00f3n de todos los integrantes del grupo familiar.<br \/>&#8211; Direcci\u00f3n de residencia o copia de los servicios p\u00fablicos.<\/li><li>Nuestro personal de atenci\u00f3n a la ciudadan\u00eda revisar\u00e1 tu documentaci\u00f3n y radicar\u00e1 la solicitud de encuesta del Sisb\u00e9n. <em>Aseg\u00farate de guardar el n\u00famero de radicado pues lo necesitar\u00e1s para el siguiente paso.<\/em><\/li><li>Por \u00faltimo, toma una foto o haz un pantallazo donde conste el n\u00famero de radicado de tu solicitud de encuesta y comp\u00e1rtela con nosotros por medio del formulario que encuentras al hacer <a href=\"https:\/\/www.medellin.gov.co\/data2\/DiligenciarEncuesta.do?token=TS110220255619999FB078\" target=\"_blank\" rel=\"noopener\"><strong>clic aqu\u00ed<\/strong><\/a>.<\/li><\/ol><p>Ten presente que debes finalizar el proceso de encuesta y obtener clasificaci\u00f3n A, B o C para continuar en el r\u00e9gimen subsidiado. Si tu clasificaci\u00f3n es D, podr\u00e1s pagar una contribuci\u00f3n solidaria en caso de que no puedas afiliarte al r\u00e9gimen contributivo.<em>\u00a0<\/em><\/p>\t\t\t\t\t<\/div>\n\t\t\t\t\t\t<\/div>\n\t\t\t\t<\/div>\n\t\t\t\t<div class=\"elementor-element elementor-element-0865e26 elementor-widget elementor-widget-text-editor\" data-id=\"0865e26\" data-element_type=\"widget\" data-widget_type=\"text-editor.default\">\n\t\t\t\t<div class=\"elementor-widget-container\">\n\t\t\t\t\t\t\t\t<div class=\"elementor-text-editor elementor-clearfix\">\n\t\t\t\t\t\t\t\t\t<\/div>\n\t\t\t\t\t\t<\/div>\n\t\t\t\t<\/div>\n\t\t\t\t\t\t<\/div>\n\t\t\t\t\t<\/div>\n\t\t<\/div>\n\t\t\t\t\t\t\t\t<\/div>\n\t\t\t\t\t<\/div>\n\t\t<\/section>\n\t\t<div class=\"elementor-element elementor-element-ccee0f1 e-container--row e-container\" data-id=\"ccee0f1\" data-element_type=\"container\">\t\t<div class=\"elementor-element elementor-element-7f06122 e-container--column e-container\" data-id=\"7f06122\" data-element_type=\"container\">\t\t\t\t<div class=\"elementor-element elementor-element-ae18463 elementor-widget elementor-widget-image\" data-id=\"ae18463\" data-element_type=\"widget\" data-widget_type=\"image.default\">\n\t\t\t\t<div class=\"elementor-widget-container\">\n\t\t\t\t\t\t\t\t<div class=\"elementor-image\">\n\t\t\t\t\t\t\t\t\t\t\t\t<img width=\"1024\" height=\"683\" src=\"https:\/\/www.medellin.gov.co\/es\/wp-content\/uploads\/2025\/02\/Atencion_salud-4-1024x683.jpg\" class=\"attachment-large size-large\" alt=\"\" loading=\"lazy\" srcset=\"https:\/\/www.medellin.gov.co\/es\/wp-content\/uploads\/2025\/02\/Atencion_salud-4-1024x683.jpg 1024w, https:\/\/www.medellin.gov.co\/es\/wp-content\/uploads\/2025\/02\/Atencion_salud-4-300x200.jpg 300w, https:\/\/www.medellin.gov.co\/es\/wp-content\/uploads\/2025\/02\/Atencion_salud-4-150x100.jpg 150w, https:\/\/www.medellin.gov.co\/es\/wp-content\/uploads\/2025\/02\/Atencion_salud-4-768x512.jpg 768w, https:\/\/www.medellin.gov.co\/es\/wp-content\/uploads\/2025\/02\/Atencion_salud-4.jpg 1275w\" sizes=\"(max-width: 1024px) 100vw, 1024px\" \/>\t\t\t\t\t\t\t\t\t\t\t\t\t\t<\/div>\n\t\t\t\t\t\t<\/div>\n\t\t\t\t<\/div>\n\t\t<\/div><div class=\"elementor-element elementor-element-a36854e e-container--column e-container\" data-id=\"a36854e\" data-element_type=\"container\">\t\t\t\t<div class=\"elementor-element elementor-element-c722679 elementor-widget elementor-widget-image\" data-id=\"c722679\" data-element_type=\"widget\" data-widget_type=\"image.default\">\n\t\t\t\t<div class=\"elementor-widget-container\">\n\t\t\t\t\t\t\t\t<div class=\"elementor-image\">\n\t\t\t\t\t\t\t\t\t\t\t\t<img width=\"1024\" height=\"683\" src=\"https:\/\/www.medellin.gov.co\/es\/wp-content\/uploads\/2025\/02\/Personas-esperando--1024x683.jpg\" class=\"attachment-large size-large\" alt=\"Pacientes esperando a ser atendidos\" loading=\"lazy\" srcset=\"https:\/\/www.medellin.gov.co\/es\/wp-content\/uploads\/2025\/02\/Personas-esperando--1024x683.jpg 1024w, https:\/\/www.medellin.gov.co\/es\/wp-content\/uploads\/2025\/02\/Personas-esperando--300x200.jpg 300w, https:\/\/www.medellin.gov.co\/es\/wp-content\/uploads\/2025\/02\/Personas-esperando--150x100.jpg 150w, https:\/\/www.medellin.gov.co\/es\/wp-content\/uploads\/2025\/02\/Personas-esperando--768x512.jpg 768w, https:\/\/www.medellin.gov.co\/es\/wp-content\/uploads\/2025\/02\/Personas-esperando--1536x1024.jpg 1536w, https:\/\/www.medellin.gov.co\/es\/wp-content\/uploads\/2025\/02\/Personas-esperando--2048x1365.jpg 2048w\" sizes=\"(max-width: 1024px) 100vw, 1024px\" \/>\t\t\t\t\t\t\t\t\t\t\t\t\t\t<\/div>\n\t\t\t\t\t\t<\/div>\n\t\t\t\t<\/div>\n\t\t<\/div><\/div>\t\t<section class=\"elementor-section elementor-top-section elementor-element elementor-element-81ddd5c elementor-section-boxed elementor-section-height-default elementor-section-height-default\" data-id=\"81ddd5c\" data-element_type=\"section\">\n\t\t\t\t\t\t<div class=\"elementor-container elementor-column-gap-default\">\n\t\t\t\t\t\t\t<div class=\"elementor-row\">\n\t\t\t\t\t<div class=\"elementor-column elementor-col-100 elementor-top-column elementor-element elementor-element-0dd917b\" data-id=\"0dd917b\" data-element_type=\"column\">\n\t\t\t<div class=\"elementor-column-wrap elementor-element-populated\">\n\t\t\t\t\t\t\t<div class=\"elementor-widget-wrap\">\n\t\t\t\t\t\t<div class=\"elementor-element elementor-element-46a8cd9 elementor-widget elementor-widget-text-editor\" data-id=\"46a8cd9\" data-element_type=\"widget\" data-widget_type=\"text-editor.default\">\n\t\t\t\t<div class=\"elementor-widget-container\">\n\t\t\t\t\t\t\t\t<div class=\"elementor-text-editor elementor-clearfix\">\n\t\t\t\t<p><strong>Para migrantes venezolanos:<\/strong><\/p><p>Tu afiliaci\u00f3n al sistema de salud continuar\u00e1 activa si has reportado tu permanencia en Medell\u00edn en el transcurso de los \u00faltimos cuatro meses. Si no lo has hecho, recuerda que <strong>esta es una diligencia gratuita que debes hacer tres veces por a\u00f1o de manera obligatoria <\/strong>para garantizar el acceso a los servicios de salud.<\/p><p>Hazlo <strong>antes del 15 de febrero <\/strong>siguiendo los siguientes pasos:<\/p><ol><li>Ten a la mano tu Permiso de Protecci\u00f3n Temporal (PPT) y un recibo de servicios p\u00fablicos que certifique tu residencia.<\/li><li>Diligencia el formulario que encuentras al hacer <u><a href=\"https:\/\/www.medellin.gov.co\/data2\/DiligenciarEncuesta.do?token=TS06102020513170HOVBWE\" target=\"_blank\" rel=\"noopener\"><strong>clic aqu\u00ed<\/strong><\/a><\/u>.<\/li><li>\u00a1Ya est\u00e1 todo listo para que sigas teniendo acceso a los servicios de salud!<\/li><\/ol><p><strong>\u00a1No lo olvides! Cumple con tus obligaciones antes del 15 de febrero y cuida lo m\u00e1s importante: tu salud y la de tu familia.<\/strong><\/p>\t\t\t\t\t<\/div>\n\t\t\t\t\t\t<\/div>\n\t\t\t\t<\/div>\n\t\t\t\t\t\t<\/div>\n\t\t\t\t\t<\/div>\n\t\t<\/div>\n\t\t\t\t\t\t\t\t<\/div>\n\t\t\t\t\t<\/div>\n\t\t<\/section>\n\t\t<div class=\"elementor-element elementor-element-413b382 e-container--column e-container\" data-id=\"413b382\" data-element_type=\"container\">\t\t\t\t<div class=\"elementor-element elementor-element-1669fc3 elementor-widget-divider--view-line elementor-widget elementor-widget-divider\" data-id=\"1669fc3\" data-element_type=\"widget\" data-widget_type=\"divider.default\">\n\t\t\t\t<div class=\"elementor-widget-container\">\n\t\t\t\t\t<div class=\"elementor-divider\">\n\t\t\t<span class=\"elementor-divider-separator\">\n\t\t\t\t\t\t<\/span>\n\t\t<\/div>\n\t\t\t\t<\/div>\n\t\t\t\t<\/div>\n\t\t<\/div><div class=\"elementor-element elementor-element-39e5744 e-container--column e-container\" data-id=\"39e5744\" data-element_type=\"container\">\t\t\t\t<div class=\"elementor-element elementor-element-5197710 elementor-widget elementor-widget-spacer\" data-id=\"5197710\" data-element_type=\"widget\" data-widget_type=\"spacer.default\">\n\t\t\t\t<div class=\"elementor-widget-container\">\n\t\t\t\t\t<div class=\"elementor-spacer\">\n\t\t\t<div class=\"elementor-spacer-inner\"><\/div>\n\t\t<\/div>\n\t\t\t\t<\/div>\n\t\t\t\t<\/div>\n\t\t\t\t<div class=\"elementor-element elementor-element-76692bb elementor-widget elementor-widget-text-editor\" data-id=\"76692bb\" data-element_type=\"widget\" data-widget_type=\"text-editor.default\">\n\t\t\t\t<div class=\"elementor-widget-container\">\n\t\t\t\t\t\t\t\t<div class=\"elementor-text-editor elementor-clearfix\">\n\t\t\t\t<p><strong>Documentaci\u00f3n relacionada:<\/strong><\/p><div><ul type=\"disc\"><li><a href=\"https:\/\/www.medellin.gov.co\/es\/wp-content\/uploads\/2025\/02\/CIRCULAR-No.202560000042-RETIRO-VZ.-firmada.pdf\" target=\"_blank\" rel=\"noopener\"><b><u>Circular No. 202560000042 (19 de febrero de 2025)<\/u><\/b><\/a><b>\u00a0<br \/><\/b>Asunto: Retiro del R\u00e9gimen Subsidiado en salud del Distrito Especial de Ciencia, Tecnolog\u00eda e Innovaci\u00f3n de Medell\u00edn a un grupo de poblaci\u00f3n venezolana por no dar cumplimiento a requisitos de ley.<\/li><\/ul><\/div><div><p>\u00a0 \u00a0 \u00a0<a href=\"https:\/\/www.medellin.gov.co\/es\/wp-content\/uploads\/2025\/02\/CIRCULAR-No.202560000042-RETIRO-VZ.-firmada.pdf\" target=\"_blank\" rel=\"noopener\"><u>Clic aqu\u00ed<\/u><\/a>\u00a0para descargar.<\/p><\/div><div style=\"border: 0px; font-variant-numeric: inherit; font-variant-east-asian: inherit; font-variant-alternates: inherit; font-variant-position: inherit; font-variant-emoji: inherit; font-stretch: inherit; font-size: 15px; line-height: inherit; font-family: 'Segoe UI', 'Segoe UI Web (West European)', -apple-system, BlinkMacSystemFont, Roboto, 'Helvetica Neue', sans-serif; font-optical-sizing: inherit; font-size-adjust: inherit; font-kerning: inherit; font-feature-settings: inherit; font-variation-settings: inherit; vertical-align: baseline; color: #242424;\"><p style=\"font-size: 12pt; font-family: 'Times New Roman', serif; margin-left: 36pt;\">\u00a0<\/p><\/div>\t\t\t\t\t<\/div>\n\t\t\t\t\t\t<\/div>\n\t\t\t\t<\/div>\n\t\t<\/div>\t\t\t\t\t\t\t<\/div>\n\t\t\t<\/div>\n\t\t\t\t\t<\/div>\n\t\t","protected":false},"excerpt":{"rendered":"<p>\u00a1Ponte al d\u00eda con los requisitos y garantiza tu afiliaci\u00f3n al r\u00e9gimen subsidiado de salud! A partir del 15 de febrero, y en cumplimiento de la Ley, el Distrito comenzar\u00e1 el retiro del r\u00e9gimen subsidiado &#8230;<\/p>\n","protected":false},"author":17,"featured_media":0,"parent":17118,"menu_order":0,"comment_status":"closed","ping_status":"closed","template":"sec-salud\/elementor.php","meta":[],"acf":[],"_links":{"self":[{"href":"https:\/\/www.medellin.gov.co\/es\/wp-json\/wp\/v2\/pages\/385311"}],"collection":[{"href":"https:\/\/www.medellin.gov.co\/es\/wp-json\/wp\/v2\/pages"}],"about":[{"href":"https:\/\/www.medellin.gov.co\/es\/wp-json\/wp\/v2\/types\/page"}],"author":[{"embeddable":true,"href":"https:\/\/www.medellin.gov.co\/es\/wp-json\/wp\/v2\/users\/17"}],"replies":[{"embeddable":true,"href":"https:\/\/www.medellin.gov.co\/es\/wp-json\/wp\/v2\/comments?post=385311"}],"version-history":[{"count":10,"href":"https:\/\/www.medellin.gov.co\/es\/wp-json\/wp\/v2\/pages\/385311\/revisions"}],"predecessor-version":[{"id":387192,"href":"https:\/\/www.medellin.gov.co\/es\/wp-json\/wp\/v2\/pages\/385311\/revisions\/387192"}],"up":[{"embeddable":true,"href":"https:\/\/www.medellin.gov.co\/es\/wp-json\/wp\/v2\/pages\/17118"}],"wp:attachment":[{"href":"https:\/\/www.medellin.gov.co\/es\/wp-json\/wp\/v2\/media?parent=385311"}],"curies":[{"name":"wp","href":"https:\/\/api.w.org\/{rel}","templated":true}]}}