{"id":387231,"date":"2025-02-21T11:24:56","date_gmt":"2025-02-21T16:24:56","guid":{"rendered":"https:\/\/www.medellin.gov.co\/es\/?page_id=387231"},"modified":"2025-03-10T15:17:02","modified_gmt":"2025-03-10T20:17:02","slug":"buscador-oportunidades","status":"publish","type":"page","link":"https:\/\/www.medellin.gov.co\/es\/secretaria-suministros-y-servicios\/buscador-oportunidades\/","title":{"rendered":"Buscador de oportunidades"},"content":{"rendered":"\t\t<div data-elementor-type=\"wp-page\" data-elementor-id=\"387231\" class=\"elementor elementor-387231\">\n\t\t\t\t\t\t<div class=\"elementor-inner\">\n\t\t\t\t<div class=\"elementor-section-wrap\">\n\t\t\t\t\t\t\t\t\t<section class=\"elementor-section elementor-top-section elementor-element elementor-element-78276652 elementor-section-boxed elementor-section-height-default elementor-section-height-default\" data-id=\"78276652\" data-element_type=\"section\">\n\t\t\t\t\t\t<div class=\"elementor-container elementor-column-gap-default\">\n\t\t\t\t\t\t\t<div class=\"elementor-row\">\n\t\t\t\t\t<div class=\"elementor-column elementor-col-100 elementor-top-column elementor-element elementor-element-522268cf\" data-id=\"522268cf\" data-element_type=\"column\">\n\t\t\t<div class=\"elementor-column-wrap elementor-element-populated\">\n\t\t\t\t\t\t\t<div class=\"elementor-widget-wrap\">\n\t\t\t\t\t\t<div class=\"elementor-element elementor-element-091fa5b elementor-widget elementor-widget-heading\" data-id=\"091fa5b\" data-element_type=\"widget\" data-widget_type=\"heading.default\">\n\t\t\t\t<div class=\"elementor-widget-container\">\n\t\t\t<h1 class=\"elementor-heading-title elementor-size-default\">Buscador de oportunidades<\/h1>\t\t<\/div>\n\t\t\t\t<\/div>\n\t\t\t\t<div class=\"elementor-element elementor-element-95b9480 elementor-widget elementor-widget-text-editor\" data-id=\"95b9480\" data-element_type=\"widget\" data-widget_type=\"text-editor.default\">\n\t\t\t\t<div class=\"elementor-widget-container\">\n\t\t\t\t\t\t\t\t<div class=\"elementor-text-editor elementor-clearfix\">\n\t\t\t\t<p>Esta herramienta tecnol\u00f3gica es una apuesta por la transparencia y la confianza en la contrataci\u00f3n p\u00fablica.<\/p><p>Te invitamos a interactuar con el <strong>Buscador de Oportunidades, <\/strong>aqu\u00ed encontrar\u00e1s\u00a0informaci\u00f3n de primera mano sobre los <strong>procesos de contrataci\u00f3n de convocatoria p\u00fablica que se encuentran abiertos, <\/strong>tanto\u00a0en el Distrito Especial de Ciencia, Tecnolog\u00eda e Innovaci\u00f3n de Medell\u00edn, como en diferentes entidades que conforman su Conglomerado P\u00fablico.<\/p>\t\t\t\t\t<\/div>\n\t\t\t\t\t\t<\/div>\n\t\t\t\t<\/div>\n\t\t\t\t\t\t<\/div>\n\t\t\t\t\t<\/div>\n\t\t<\/div>\n\t\t\t\t\t\t\t\t<\/div>\n\t\t\t\t\t<\/div>\n\t\t<\/section>\n\t\t<div class=\"elementor-element elementor-element-82aabc6 e-container--column e-container\" data-id=\"82aabc6\" data-element_type=\"container\">\t\t<div class=\"elementor-element elementor-element-aa6f1f2 e-container--column e-container\" data-id=\"aa6f1f2\" data-element_type=\"container\">\t\t\t\t<div class=\"elementor-element elementor-element-41b9bb8 elementor-widget elementor-widget-text-editor\" data-id=\"41b9bb8\" data-element_type=\"widget\" data-widget_type=\"text-editor.default\">\n\t\t\t\t<div class=\"elementor-widget-container\">\n\t\t\t\t\t\t\t\t<div class=\"elementor-text-editor elementor-clearfix\">\n\t\t\t\t<div class=\"iframe-container\"><iframe class=\"responsive-iframe\" frameborder=\"0\" src=\"https:\/\/app.powerbi.com\/view?r=eyJrIjoiYThjMWQ0ZWEtZjI4OS00ZDI3LThhOTYtODE0Y2E3NWQxMGE5IiwidCI6IjljNDhlMDg4LTVlNDQtNGIwZC05M2EwLWVlYjJjNjEyN2MzZCIsImMiOjR9\" width=\"100%\" height=\"1940\" scrolling=\"yes\"><\/iframe><\/div>\t\t\t\t\t<\/div>\n\t\t\t\t\t\t<\/div>\n\t\t\t\t<\/div>\n\t\t<\/div><\/div>\t\t\t\t\t\t\t<\/div>\n\t\t\t<\/div>\n\t\t\t\t\t<\/div>\n\t\t","protected":false},"excerpt":{"rendered":"<p>Feria de la Transparencia Feria de la Transparencia La Feria de la Transparencia en la Contrataci\u00f3n es un evento masivo de invitaci\u00f3n abierta y gratuita dirigido a todos los ciudadanos de Medell\u00edn. Se realiza para &#8230;<\/p>\n","protected":false},"author":17,"featured_media":12774,"parent":11967,"menu_order":25,"comment_status":"closed","ping_status":"closed","template":"sec-suministros-servicios\/elementor.php","meta":[],"acf":[],"_links":{"self":[{"href":"https:\/\/www.medellin.gov.co\/es\/wp-json\/wp\/v2\/pages\/387231"}],"collection":[{"href":"https:\/\/www.medellin.gov.co\/es\/wp-json\/wp\/v2\/pages"}],"about":[{"href":"https:\/\/www.medellin.gov.co\/es\/wp-json\/wp\/v2\/types\/page"}],"author":[{"embeddable":true,"href":"https:\/\/www.medellin.gov.co\/es\/wp-json\/wp\/v2\/users\/17"}],"replies":[{"embeddable":true,"href":"https:\/\/www.medellin.gov.co\/es\/wp-json\/wp\/v2\/comments?post=387231"}],"version-history":[{"count":11,"href":"https:\/\/www.medellin.gov.co\/es\/wp-json\/wp\/v2\/pages\/387231\/revisions"}],"predecessor-version":[{"id":409139,"href":"https:\/\/www.medellin.gov.co\/es\/wp-json\/wp\/v2\/pages\/387231\/revisions\/409139"}],"up":[{"embeddable":true,"href":"https:\/\/www.medellin.gov.co\/es\/wp-json\/wp\/v2\/pages\/11967"}],"wp:featuredmedia":[{"embeddable":true,"href":"https:\/\/www.medellin.gov.co\/es\/wp-json\/wp\/v2\/media\/12774"}],"wp:attachment":[{"href":"https:\/\/www.medellin.gov.co\/es\/wp-json\/wp\/v2\/media?parent=387231"}],"curies":[{"name":"wp","href":"https:\/\/api.w.org\/{rel}","templated":true}]}}