{"id":389385,"date":"2025-03-02T13:44:49","date_gmt":"2025-03-02T18:44:49","guid":{"rendered":"https:\/\/www.medellin.gov.co\/es\/?page_id=389385"},"modified":"2025-03-06T13:51:42","modified_gmt":"2025-03-06T18:51:42","slug":"9-concurso-de-cuento-ilustrado-infantil-de-movilidad-sostenible","status":"publish","type":"page","link":"https:\/\/www.medellin.gov.co\/es\/secretaria-cultura-ciudadana\/9-concurso-de-cuento-ilustrado-infantil-de-movilidad-sostenible\/","title":{"rendered":"9 Concurso de Cuento Ilustrado Infantil de Movilidad Sostenible"},"content":{"rendered":"\t\t<div data-elementor-type=\"wp-page\" data-elementor-id=\"389385\" class=\"elementor elementor-389385\">\n\t\t\t\t\t\t<div class=\"elementor-inner\">\n\t\t\t\t<div class=\"elementor-section-wrap\">\n\t\t\t\t\t\t\t\t\t<section class=\"elementor-section elementor-top-section elementor-element elementor-element-1c1a541 elementor-section-boxed elementor-section-height-default elementor-section-height-default\" data-id=\"1c1a541\" data-element_type=\"section\">\n\t\t\t\t\t\t<div class=\"elementor-container elementor-column-gap-default\">\n\t\t\t\t\t\t\t<div class=\"elementor-row\">\n\t\t\t\t\t<div class=\"elementor-column elementor-col-100 elementor-top-column elementor-element elementor-element-be3abdb\" data-id=\"be3abdb\" data-element_type=\"column\">\n\t\t\t<div class=\"elementor-column-wrap elementor-element-populated\">\n\t\t\t\t\t\t\t<div class=\"elementor-widget-wrap\">\n\t\t\t\t<div class=\"elementor-element elementor-element-203fc71 e-container--column e-container\" data-id=\"203fc71\" data-element_type=\"container\">\t\t\t\t<div class=\"elementor-element elementor-element-e785afe elementor-widget elementor-widget-heading\" data-id=\"e785afe\" data-element_type=\"widget\" data-widget_type=\"heading.default\">\n\t\t\t\t<div class=\"elementor-widget-container\">\n\t\t\t<h1 class=\"elementor-heading-title elementor-size-default\">9\u00ba Concurso de Cuento Ilustrado Infantil de Movilidad Sostenible<\/h1>\t\t<\/div>\n\t\t\t\t<\/div>\n\t\t<\/div>\t\t\t\t<\/div>\n\t\t\t\t\t<\/div>\n\t\t<\/div>\n\t\t\t\t\t\t\t\t<\/div>\n\t\t\t\t\t<\/div>\n\t\t<\/section>\n\t\t<div class=\"elementor-element elementor-element-63f15ac e-container--column e-container\" data-id=\"63f15ac\" data-element_type=\"container\">\t\t\t\t<div class=\"elementor-element elementor-element-e8420f8 elementor-widget elementor-widget-image\" data-id=\"e8420f8\" data-element_type=\"widget\" data-widget_type=\"image.default\">\n\t\t\t\t<div class=\"elementor-widget-container\">\n\t\t\t\t\t\t\t\t<div class=\"elementor-image\">\n\t\t\t\t\t\t\t\t\t\t\t\t<img width=\"1280\" height=\"800\" src=\"https:\/\/www.medellin.gov.co\/es\/wp-content\/uploads\/2025\/03\/Banner-cuento-concurso-de-cuento-ilustrado.jpg\" class=\"attachment-full size-full\" alt=\"9\u00ba Concurso de Cuento Ilustrado Infantil de Movilidad Sostenible\" loading=\"lazy\" srcset=\"https:\/\/www.medellin.gov.co\/es\/wp-content\/uploads\/2025\/03\/Banner-cuento-concurso-de-cuento-ilustrado.jpg 1280w, https:\/\/www.medellin.gov.co\/es\/wp-content\/uploads\/2025\/03\/Banner-cuento-concurso-de-cuento-ilustrado-300x188.jpg 300w, https:\/\/www.medellin.gov.co\/es\/wp-content\/uploads\/2025\/03\/Banner-cuento-concurso-de-cuento-ilustrado-1024x640.jpg 1024w, https:\/\/www.medellin.gov.co\/es\/wp-content\/uploads\/2025\/03\/Banner-cuento-concurso-de-cuento-ilustrado-150x94.jpg 150w, https:\/\/www.medellin.gov.co\/es\/wp-content\/uploads\/2025\/03\/Banner-cuento-concurso-de-cuento-ilustrado-768x480.jpg 768w\" sizes=\"(max-width: 1280px) 100vw, 1280px\" \/>\t\t\t\t\t\t\t\t\t\t\t\t\t\t<\/div>\n\t\t\t\t\t\t<\/div>\n\t\t\t\t<\/div>\n\t\t\t\t<div class=\"elementor-element elementor-element-1aae48a elementor-widget elementor-widget-text-editor\" data-id=\"1aae48a\" data-element_type=\"widget\" data-widget_type=\"text-editor.default\">\n\t\t\t\t<div class=\"elementor-widget-container\">\n\t\t\t\t\t\t\t\t<div class=\"elementor-text-editor elementor-clearfix\">\n\t\t\t\t<p><strong>\u201cLa movilidad que so\u00f1amos, el Valle de Aburr\u00e1 que construimos\u201d<\/strong><\/p>\t\t\t\t\t<\/div>\n\t\t\t\t\t\t<\/div>\n\t\t\t\t<\/div>\n\t\t\t\t<div class=\"elementor-element elementor-element-73f7f5e elementor-widget elementor-widget-text-editor\" data-id=\"73f7f5e\" data-element_type=\"widget\" data-widget_type=\"text-editor.default\">\n\t\t\t\t<div class=\"elementor-widget-container\">\n\t\t\t\t\t\t\t\t<div class=\"elementor-text-editor elementor-clearfix\">\n\t\t\t\t<p>Bases del concurso Concurso de Cuento InfantilEl cuento es una ventana hacia la creatividad, un espacio donde la imaginaci\u00f3n cobra vida y donde los ni\u00f1as y ni\u00f1os pueden so\u00f1ar con el Valle de Aburr\u00e1 en el que desean vivir. En esta novena edici\u00f3n del concurso, queremos que su creatividad nos lleve a explorar el ma\u00f1ana, a representar c\u00f3mo se imaginan la movilidad de manera sostenible en el los a\u00f1os venideros.<\/p><p>Por ello buscamos que sean nuestros ni\u00f1os y ni\u00f1as quienes, desde sus relatos, nos muestren c\u00f3mo sue\u00f1an su ciudad, c\u00f3mo debemos transportarnos de forma \u00e1gil, segura y tranquila y, sobre todo, deseamos que con sus relatos nos propongan c\u00f3mo cuidar y mejorar el ecosistema del que hacemos parte y contribuir as\u00ed al arte de vivir bien juntos.<\/p><p>A trav\u00e9s de relatos e ilustraciones, buscamos transformar la ciudad en un espacio m\u00e1s seguro y sostenible, fomentando la confianza y el orgullo en nuestra comunidad, promoviendo el derecho de todos a conocer y recorrer la ciudad, con un enfoque en el futuro, trabajamos juntos para crear un entorno urbano que sea accesible y respetuoso con el bienestar de todos.<\/p><p>\u00a1Los invitamos a participar y a construir juntos el Valle de Aburr\u00e1 que imaginamos!<\/p><p>Fecha lanzamiento: 2 de marzo de 2025, en el marco de la 1er Festival del Libro Infantil.<\/p><p>Fecha premiaci\u00f3n: 25 de mayo de 2025.<\/p><p>Las tem\u00e1ticas del concurso girar\u00e1n en torno a una movilidad segura y humana, conciencia ecol\u00f3gica y cuidado del entorno, creatividad e innovaci\u00f3n infantil y educaci\u00f3n basada en fortalecimiento del buen vivir en comunidad y la mejora de la convivencia.<\/p><p>Para m\u00e1s informaci\u00f3n conoce las bases del concurso aqu\u00ed<\/p><ul><li><a href=\"https:\/\/www.medellin.gov.co\/es\/wp-content\/uploads\/2025\/03\/Bases-9-Concurso-de-cuento-infantil.pdf\" target=\"_blank\" rel=\"noopener\">Bases del concurso de Cuento Infantil<\/a><\/li><li><a href=\"https:\/\/docs.google.com\/forms\/d\/e\/1FAIpQLSfSgG4T4xm2gPTp4w8xu9qFn_KGqjSvPfo-Y2EtKvZHCYWbWw\/viewform?usp=dialog\" target=\"_blank\" rel=\"noopener\">Formulario de inscripci\u00f3n<\/a><\/li><\/ul>\t\t\t\t\t<\/div>\n\t\t\t\t\t\t<\/div>\n\t\t\t\t<\/div>\n\t\t\t\t<div class=\"elementor-element elementor-element-a0b9cbf elementor-aspect-ratio-169 elementor-widget elementor-widget-video\" data-id=\"a0b9cbf\" data-element_type=\"widget\" data-settings=\"{&quot;youtube_url&quot;:&quot;https:\\\/\\\/www.youtube.com\\\/watch?v=hKF1VTSJJB4&quot;,&quot;video_type&quot;:&quot;youtube&quot;,&quot;controls&quot;:&quot;yes&quot;,&quot;aspect_ratio&quot;:&quot;169&quot;}\" data-widget_type=\"video.default\">\n\t\t\t\t<div class=\"elementor-widget-container\">\n\t\t\t\t\t<div class=\"elementor-wrapper elementor-fit-aspect-ratio elementor-open-inline\">\n\t\t\t<div class=\"elementor-video\"><\/div>\t\t<\/div>\n\t\t\t\t<\/div>\n\t\t\t\t<\/div>\n\t\t<\/div><div class=\"elementor-element elementor-element-25bb448 e-container--column e-container\" data-id=\"25bb448\" data-element_type=\"container\">\t\t<\/div>\t\t\t\t\t\t\t<\/div>\n\t\t\t<\/div>\n\t\t\t\t\t<\/div>\n\t\t","protected":false},"excerpt":{"rendered":"<p>9\u00ba Concurso de Cuento Ilustrado Infantil de Movilidad Sostenible \u201cLa movilidad que so\u00f1amos, el Valle de Aburr\u00e1 que construimos\u201d Bases del concurso Concurso de Cuento InfantilEl cuento es una ventana hacia la creatividad, un espacio &#8230;<\/p>\n","protected":false},"author":21,"featured_media":97334,"parent":293705,"menu_order":0,"comment_status":"closed","ping_status":"closed","template":"sec-cultura\/elementor.php","meta":[],"acf":[],"_links":{"self":[{"href":"https:\/\/www.medellin.gov.co\/es\/wp-json\/wp\/v2\/pages\/389385"}],"collection":[{"href":"https:\/\/www.medellin.gov.co\/es\/wp-json\/wp\/v2\/pages"}],"about":[{"href":"https:\/\/www.medellin.gov.co\/es\/wp-json\/wp\/v2\/types\/page"}],"author":[{"embeddable":true,"href":"https:\/\/www.medellin.gov.co\/es\/wp-json\/wp\/v2\/users\/21"}],"replies":[{"embeddable":true,"href":"https:\/\/www.medellin.gov.co\/es\/wp-json\/wp\/v2\/comments?post=389385"}],"version-history":[{"count":10,"href":"https:\/\/www.medellin.gov.co\/es\/wp-json\/wp\/v2\/pages\/389385\/revisions"}],"predecessor-version":[{"id":390540,"href":"https:\/\/www.medellin.gov.co\/es\/wp-json\/wp\/v2\/pages\/389385\/revisions\/390540"}],"up":[{"embeddable":true,"href":"https:\/\/www.medellin.gov.co\/es\/wp-json\/wp\/v2\/pages\/293705"}],"wp:featuredmedia":[{"embeddable":true,"href":"https:\/\/www.medellin.gov.co\/es\/wp-json\/wp\/v2\/media\/97334"}],"wp:attachment":[{"href":"https:\/\/www.medellin.gov.co\/es\/wp-json\/wp\/v2\/media?parent=389385"}],"curies":[{"name":"wp","href":"https:\/\/api.w.org\/{rel}","templated":true}]}}