{"id":394681,"date":"2025-03-21T13:13:52","date_gmt":"2025-03-21T18:13:52","guid":{"rendered":"https:\/\/www.medellin.gov.co\/es\/?page_id=394681"},"modified":"2026-02-23T14:18:59","modified_gmt":"2026-02-23T19:18:59","slug":"concursos-de-meritos-cnsc","status":"publish","type":"page","link":"https:\/\/www.medellin.gov.co\/es\/secretaria-de-gestion-humana\/concursos-de-meritos-cnsc\/","title":{"rendered":"Concursos de m\u00e9ritos &#8211; CNSC"},"content":{"rendered":"\t\t<div data-elementor-type=\"wp-page\" data-elementor-id=\"394681\" class=\"elementor elementor-394681\">\n\t\t\t\t\t\t<div class=\"elementor-inner\">\n\t\t\t\t<div class=\"elementor-section-wrap\">\n\t\t\t\t\t\t\t<div class=\"elementor-element elementor-element-00316fe e-container--column e-container\" data-id=\"00316fe\" data-element_type=\"container\">\t\t\t\t<div class=\"elementor-element elementor-element-3467455 elementor-widget elementor-widget-heading\" data-id=\"3467455\" data-element_type=\"widget\" data-widget_type=\"heading.default\">\n\t\t\t\t<div class=\"elementor-widget-container\">\n\t\t\t<h1 class=\"elementor-heading-title elementor-size-default\">Concursos de m\u00e9ritos - CNSC<\/h1>\t\t<\/div>\n\t\t\t\t<\/div>\n\t\t\t\t<div class=\"elementor-element elementor-element-b5c5ce6 elementor-widget elementor-widget-text-editor\" data-id=\"b5c5ce6\" data-element_type=\"widget\" data-widget_type=\"text-editor.default\">\n\t\t\t\t<div class=\"elementor-widget-container\">\n\t\t\t\t\t\t\t\t<div class=\"elementor-text-editor elementor-clearfix\">\n\t\t\t\t<p><strong>1. Concurso de M\u00e9ritos \u2013 Antioquia 3<\/strong><\/p><p>\u00a0<\/p>\t\t\t\t\t<\/div>\n\t\t\t\t\t\t<\/div>\n\t\t\t\t<\/div>\n\t\t<\/div><div class=\"elementor-element elementor-element-576ad70 e-container--column e-container\" data-id=\"576ad70\" data-element_type=\"container\">\t\t\t\t<div class=\"elementor-element elementor-element-d992249 elementor-widget elementor-widget-image\" data-id=\"d992249\" data-element_type=\"widget\" data-widget_type=\"image.default\">\n\t\t\t\t<div class=\"elementor-widget-container\">\n\t\t\t\t\t\t\t\t<div class=\"elementor-image\">\n\t\t\t\t\t\t\t\t\t\t\t\t<img width=\"1280\" height=\"577\" src=\"https:\/\/www.medellin.gov.co\/es\/wp-content\/uploads\/2025\/07\/CNSC_Ant6a.jpg\" class=\"attachment-full size-full\" alt=\"\" loading=\"lazy\" srcset=\"https:\/\/www.medellin.gov.co\/es\/wp-content\/uploads\/2025\/07\/CNSC_Ant6a.jpg 1280w, https:\/\/www.medellin.gov.co\/es\/wp-content\/uploads\/2025\/07\/CNSC_Ant6a-300x135.jpg 300w, https:\/\/www.medellin.gov.co\/es\/wp-content\/uploads\/2025\/07\/CNSC_Ant6a-1024x462.jpg 1024w, https:\/\/www.medellin.gov.co\/es\/wp-content\/uploads\/2025\/07\/CNSC_Ant6a-150x68.jpg 150w, https:\/\/www.medellin.gov.co\/es\/wp-content\/uploads\/2025\/07\/CNSC_Ant6a-768x346.jpg 768w\" sizes=\"(max-width: 1280px) 100vw, 1280px\" \/>\t\t\t\t\t\t\t\t\t\t\t\t\t\t<\/div>\n\t\t\t\t\t\t<\/div>\n\t\t\t\t<\/div>\n\t\t\t\t<div class=\"elementor-element elementor-element-59fde12 elementor-widget elementor-widget-text-editor\" data-id=\"59fde12\" data-element_type=\"widget\" data-widget_type=\"text-editor.default\">\n\t\t\t\t<div class=\"elementor-widget-container\">\n\t\t\t\t\t\t\t\t<div class=\"elementor-text-editor elementor-clearfix\">\n\t\t\t\t<ul><li><strong><strong><span style=\"color: #ba372a;\">Nuevo <\/span>| 09 | 02\u00a0 | 2026 |\u00a0 <\/strong><\/strong><strong><strong>Fecha de publicaci\u00f3n: Lun, 09\/02\/2026 &#8211; 09:31 <\/strong><\/strong>La Comisi\u00f3n Nacional del Servicio Civil y la Universidad Libre, como Instituci\u00f3n Educativa contratada para ejecutar las etapas y pruebas de los Procesos de Selecci\u00f3n Nos. 2561 a 2616 de 2023 y 2619 a 2622 y 2635 de 2024 \u2013 Antioquia 3, informan a todos los aspirantes a quienes se les aplic\u00f3 la prueba de ejecuci\u00f3n (Conducci\u00f3n), que las actividades pendientes se adelantar\u00e1n conforme al cronograma que encontrar\u00e1 en el siguiente enlace:<p><a href=\"https:\/\/www.cnsc.gov.co\/convocatorias\/antioquia-3?field_tipo_de_contenido_convocat_target_id=64\" target=\"_blank\" rel=\"noopener\">https:\/\/www.cnsc.gov.co\/convocatorias\/antioquia-3?field_tipo_de_contenido_convocat_target_id=64<\/a><\/p><\/li><li><strong><strong>06 | 02\u00a0 | 2026 |\u00a0 <\/strong><\/strong><strong>Fecha de publicaci\u00f3n: Mar, 27\/01\/2026 &#8211; 12:49 <\/strong>La Comisi\u00f3n Nacional del Servicio Civil y la Universidad Libre, como instituci\u00f3n educativa contratada para ejecutar las etapas y pruebas de los Procesos de Selecci\u00f3n Nos. 2561 a 2616 de 2023 y 2619 a 2622 y 2635 de 2024 \u2013 Antioquia 3, informan a todos los aspirantes a quienes se les aplic\u00f3 la prueba de Valoraci\u00f3n de Antecedentes, que las actividades pendientes se adelantar\u00e1n conforme al siguiente cronograma:<p>Publicaci\u00f3n de resultados preliminares: 5 de febrero de 2026<br \/>Recepci\u00f3n de reclamaciones (a trav\u00e9s de SIMO): 6 y del 9 al 12 de febrero de 2026<br \/>Publicaci\u00f3n de respuesta a reclamaciones y resultados definitivos:\u00a013 de marzo de 2026<br \/><a href=\"https:\/\/www.cnsc.gov.co\/convocatorias\/antioquia-3?field_tipo_de_contenido_convocat_target_id=64\" target=\"_blank\" rel=\"noopener\">https:\/\/www.cnsc.gov.co\/convocatorias\/antioquia-3?field_tipo_de_contenido_convocat_target_id=64<\/a><\/p><\/li><li><strong><strong>09 | 12\u00a0 | 2025 | <\/strong><a href=\"https:\/\/www.cnsc.gov.co\/convocatorias\/antioquia-3?field_tipo_de_contenido_convocat_target_id=64\" target=\"_blank\" rel=\"noopener\">Informaci\u00f3n publicaci\u00f3n de resultados pruebas escritas y citaci\u00f3n pruebas de ejecuci\u00f3n conductor<\/a> <\/strong>\u2013 Proceso de selecci\u00f3n Antioquia 3 &#8211; La Comisi\u00f3n Nacional del Servicio Civil y la Universidad Libre informan a los aspirantes interesados las siguientes fechas con relaci\u00f3n a las pruebas escritas y de ejecuci\u00f3n (Conducci\u00f3n) de los Procesos de Selecci\u00f3n Nos. 2561 a 2616 de 2023 y 2619 a 2622 y 2635 de 2024 \u2013 Antioquia 3<\/li><li><strong><strong><strong>25 | 09\u00a0 | 2025 | <a href=\"https:\/\/www.medellin.gov.co\/es\/wp-content\/uploads\/2025\/09\/05AutoAdmiteTutelaCnscNiegaMedida202500444c-ANEXOS_24_9_2025-2_27_53-p.nbspm_.-DEMANDA_24_9_2025-2_27_24-p.nbspm_..zip\" target=\"_blank\" rel=\"noopener\">Cumplimiento publicaci\u00f3n tutela.<\/a><\/strong><\/strong><\/strong>\u00a0Se informa que, el <strong>\u00a0JUZGADO S\u00c9PTIMO CIVIL DEL CIRCUITO DE ORALIDAD DE MEDELLIN<\/strong>, en conocimiento de la acci\u00f3n de tutela instaurada por <strong>\u00a0Martha Consuelo David Mazo<\/strong>, bajo el n\u00famero de Radicaci\u00f3n <strong>\u00a02025 00444 00<\/strong>, orden\u00f3 publicar la presente acci\u00f3n constitucional. Lo anterior con el prop\u00f3sito de que los terceros interesados, ESPECIALMENTE participantes para el empleo OPEC 201437, en el Proceso de Selecci\u00f3n No. 2572 de 2023 \u2013 Convocatoria Antioquia 3 \u2013 Alcald\u00eda de Medell\u00edn, si as\u00ed lo desean puedan intervenir y ejerzan su derecho de defensa y contradicci\u00f3n a trav\u00e9s del Despacho Judicial <a href=\"mailto:ccto07me@cendoj.ramajudicial.gov.co\" target=\"_blank\" rel=\"noopener\">ccto07me@cendoj.ramajudicial.gov.co<\/a>, el t\u00e9rmino de dos (2) d\u00edas siguientes a esta publicaci\u00f3n.<\/li><li><strong><strong>17 | 09\u00a0 | 2025 | <\/strong><\/strong>La Comisi\u00f3n Nacional del Servicio Civil y la Universidad Libre informan a los\u00a0<strong>aspirantes admitidos<\/strong>\u00a0en la Etapa de Verificaci\u00f3n de Requisitos M\u00ednimos de los Procesos de Selecci\u00f3n Nos. 2561 a 2616 de 2023 y 2619 a 2622 y 2635 de 2024 \u2013 Antioquia 3, que la prueba escrita se realizar\u00e1 el\u00a0<strong><u>23 de noviembre de 2025<\/u><\/strong>. Ver m\u00e1s: \u00a0<a href=\"https:\/\/www.cnsc.gov.co\/convocatorias\/antioquia-3?field_tipo_de_contenido_convocat_target_id=64\" target=\"_blank\" rel=\"noopener\">https:\/\/www.cnsc.gov.co\/convocatorias\/antioquia-3?field_tipo_de_contenido_convocat_target_id=64<\/a><\/li><li><strong>08 | 09\u00a0 | 2025 | <\/strong><a href=\"https:\/\/www.medellin.gov.co\/es\/wp-content\/uploads\/2025\/09\/002EscritoTutela-6-005PruebaAnexos-006AutoAdmision2025-00179.zip\" target=\"_blank\" rel=\"noopener\"><strong>Cumplimiento publicaci\u00f3n tutela.<\/strong><\/a> Se informa que, el <strong>\u00a0JUZGADO VEINTINUEVE PENAL DEL CIRCUITO CON FUNCIONES DE CONOCIMIENTO DE MEDELLIN<\/strong>, dentro de la acci\u00f3n de tutela instaurada por<strong> SANDRA MILENA SOTO OSORIO<\/strong>, bajo el n\u00famero de Radicaci\u00f3n <strong>\u00a02025-00179<\/strong>, orden\u00f3 publicar la presente acci\u00f3n constitucional. Lo anterior con el prop\u00f3sito de que los terceros interesados, ESPECIALMENTE \u00a0<strong>PARTICIPANTES DE LA CONVOCATORIA ANTIOQUIA 3 C\u00f3digo OPEC 193695<\/strong>, <strong><u>CONCEJO DE MEDELLIN<\/u><\/strong>,, si as\u00ed lo desean puedan intervenir y ejerzan su derecho de defensa y contradicci\u00f3n a trav\u00e9s del Despacho Judicial <a href=\"mailto:pcto29med@cendoj.ramajudicial.gov.co\">pcto29med@cendoj.ramajudicial.gov.co<\/a>, en el t\u00e9rmino de <strong>DOS (2) D\u00cdAS <\/strong>contados a partir de esta notificaci\u00f3n.<\/li><li><strong>05 | 09\u00a0 | 2025 | <\/strong><a href=\"https:\/\/www.medellin.gov.co\/es\/wp-content\/uploads\/2025\/09\/01EscritoAnexosAccionTutela11001310905120250018400-03AutoAvocaAccionTutela11001310905120250018400-1.zip\" target=\"_blank\" rel=\"noopener\"><strong>Cumplimiento publicaci\u00f3n tutela.<\/strong><\/a> Se informa que, el <strong>\u00a0JUZGADO CINCUENTA Y UNO PENAL DEL CIRCUITO CON FUNCI\u00d3N DE CONOCIMIENTO DE BOGOT\u00c1<\/strong>, en conocimiento de la acci\u00f3n de tutela instaurada por <strong>\u00a0LAURA YINETH C\u00d3RDOBA POLAN\u00cdA<\/strong>, bajo el n\u00famero de Radicaci\u00f3n <strong>\u00a0110013109051202500184-00<\/strong>, orden\u00f3 publicar la presente acci\u00f3n constitucional. Lo anterior con el prop\u00f3sito de que los terceros interesados, ESPECIALMENTE participantes para el empleo denominado T\u00e9cnico Administrativo, C\u00f3digo 367, Grado 02, OPEC 201314, en el Proceso de Selecci\u00f3n No. 2572 de 2023 \u2013 Convocatoria Antioquia 3 \u2013 Alcald\u00eda de Medell\u00edn, en la modalidad abierta, \u00a0si as\u00ed lo desean puedan intervenir y ejerzan su derecho de defensa y contradicci\u00f3n a trav\u00e9s del Despacho Judicial <a href=\"mailto:j51pccbt@cendoj.ramajudicial.gov.co\" target=\"_blank\" rel=\"noopener\">j51pccbt@cendoj.ramajudicial.gov.co<\/a>, en el t\u00e9rmino perentorio de <strong>CUARENTA Y OCHO (48) HORAS <\/strong>contadas a partir de esta notificaci\u00f3n.<\/li><li><p><strong>03 | 09\u00a0 | 2025 | <\/strong><a href=\"https:\/\/www.medellin.gov.co\/es\/wp-content\/uploads\/2025\/09\/005AutoAdmisorio-002Demandayanexos.zip\" target=\"_blank\" rel=\"noopener\"><strong>Cumplimiento publicaci\u00f3n tutela.<\/strong><\/a>\u00a0Se informa que, el <strong>\u00a0JUZGADO VIG\u00c9SIMO SEXTO PENAL DEL CIRCUITO CON FUNCIONES DE CONOCIMIENTO<\/strong>, en conocimiento de la acci\u00f3n de tutela instaurada por <strong>\u00a0CLAUDIA YANETT ZABALA VALENCIA<\/strong>, bajo el n\u00famero de Radicaci\u00f3n <strong>\u00a02025-00173<\/strong>, orden\u00f3 publicar la presente acci\u00f3n constitucional. Lo anterior con el prop\u00f3sito de que los terceros interesados, ESPECIALMENTE participantes del proceso de selecci\u00f3n Antioquia 3, OPEC \u00a0201464, \u00a0si as\u00ed lo desean puedan intervenir y ejerzan su derecho de defensa y contradicci\u00f3n a trav\u00e9s del Despacho Judicial. <a href=\"mailto:pcto26med@cendoj.ramajudicial.gov.co\">pcto26med@cendoj.ramajudicial.gov.co<\/a>.<\/p><\/li><li><strong>29 | 08\u00a0 | 2025 | <\/strong><a href=\"https:\/\/www.medellin.gov.co\/es\/wp-content\/uploads\/2025\/08\/002EscritoDeTutela-2.zip\" target=\"_blank\" rel=\"noopener\"><strong>Cumplimiento publicaci\u00f3n tutela.<\/strong><\/a> Se informa que, el <strong>JUZGADO PRIMERO CIVIL DEL CIRCUITO RIONEGRO-ANTIOQUIA<\/strong>, en conocimiento de la acci\u00f3n de tutela instaurada por <strong>ALEXANDER MOYA LEAL<\/strong>, bajo el n\u00famero de Radicaci\u00f3n <strong>05615 31 03 001 2025 00383 00<\/strong>, orden\u00f3 publicar la presente acci\u00f3n constitucional. Lo anterior con el prop\u00f3sito de que los terceros interesados, ESPECIALMENTE participantes del proceso de selecci\u00f3n Nos. 2561 a 2616 de 2023, 2619 a 2622 y 2635 de 2024 \u2013 Antioquia 3, si as\u00ed lo desean puedan intervenir y ejerzan su derecho de defensa y contradicci\u00f3n a trav\u00e9s del Despacho Judicial <a href=\"mailto:rioj01cctoj@cendoj.ramajudicial.gov.co\">rioj01cctoj@cendoj.ramajudicial.gov.co<\/a>, en el t\u00e9rmino de <strong>UN (1) D\u00cdA, <\/strong>contado a partir de la presente publicaci\u00f3n.<\/li><li><p><strong>20 | 08\u00a0 | 2025 | <\/strong><a href=\"https:\/\/www.medellin.gov.co\/es\/wp-content\/uploads\/2025\/08\/005AutoNiegaMedidaProvisionalAdmiteTutela2025-00162.pdf\" target=\"_blank\" rel=\"noopener\"><strong>Cumplimiento publicaci\u00f3n tutela<\/strong><\/a>. Se informa que, el JUZGADO VEINTINUEVE PENAL DEL CIRCUITO CON FUNCIONES DE CONOCIMIENTO, en conocimiento de la acci\u00f3n de tutela instaurada por <strong>MARIA JANETH HURTADO GARCIA<\/strong>, bajo el n\u00famero de <strong>Radicaci\u00f3n 025-00162<\/strong>, orden\u00f3 publicar la presente acci\u00f3n constitucional dentro del PROCESO DE SELECCI\u00d3N ANTIOQUIA 3. Lo anterior con el prop\u00f3sito de que los terceros interesados, ESPECIALMENTE a los aspirantes en la modalidad ABIERTO al empleo denominado T\u00c9CNICO ADMINISTRATIVO <strong>C\u00f3digo 367, Grado 01, en la Convocatoria Antioquia 3, OPEC N\u00b021096<\/strong>3 , si as\u00ed lo desean puedan intervenir y ejerzan su derecho de defensa y contradicci\u00f3n a trav\u00e9s del Despacho Judicial pcto29med@cendoj.ramajudicial.gov.co, dentro de los dos (2) d\u00edas h\u00e1biles siguientes.<\/p><\/li><li><strong>25 | 07\u00a0 | 2025 | <a href=\"https:\/\/www.cnsc.gov.co\/convocatorias\/antioquia-3?field_tipo_de_contenido_convocat_target_id=64\" target=\"_blank\" rel=\"noopener\">Publicaci\u00f3n de resultados preliminares de la Verificaci\u00f3n de Requisitos M\u00ednimos<\/a>. <\/strong>El <strong>1 de agosto de 2025<\/strong>, en el aplicativo SIMO ser\u00e1n publicados los documentos para su participaci\u00f3n, en donde se podr\u00e1 conocer el estado de <strong>ADMITIDO<\/strong> o <strong>NO ADMITIDO<\/strong>. Las reclamaciones a los resultados preliminares se recibir\u00e1n \u00fanicamente a trav\u00e9s de la plataforma SIMO los d\u00edas <strong>4 y 5 de agosto de 2025<\/strong>.<\/li><\/ul>\t\t\t\t\t<\/div>\n\t\t\t\t\t\t<\/div>\n\t\t\t\t<\/div>\n\t\t<\/div><div class=\"elementor-element elementor-element-c5dd6d8 e-container--column e-container\" data-id=\"c5dd6d8\" data-element_type=\"container\">\t\t\t\t<div class=\"elementor-element elementor-element-2d76138 elementor-widget elementor-widget-spacer\" data-id=\"2d76138\" data-element_type=\"widget\" data-widget_type=\"spacer.default\">\n\t\t\t\t<div class=\"elementor-widget-container\">\n\t\t\t\t\t<div class=\"elementor-spacer\">\n\t\t\t<div class=\"elementor-spacer-inner\"><\/div>\n\t\t<\/div>\n\t\t\t\t<\/div>\n\t\t\t\t<\/div>\n\t\t\t\t<div class=\"elementor-element elementor-element-25d82fd elementor-widget elementor-widget-text-editor\" data-id=\"25d82fd\" data-element_type=\"widget\" data-widget_type=\"text-editor.default\">\n\t\t\t\t<div class=\"elementor-widget-container\">\n\t\t\t\t\t\t\t\t<div class=\"elementor-text-editor elementor-clearfix\">\n\t\t\t\t<p><strong>2. Concurso de M\u00e9ritos \u2013 Cuerpo Oficial de Bomberos<\/strong><\/p>\t\t\t\t\t<\/div>\n\t\t\t\t\t\t<\/div>\n\t\t\t\t<\/div>\n\t\t\t\t<div class=\"elementor-element elementor-element-3842b4d elementor-widget elementor-widget-image\" data-id=\"3842b4d\" data-element_type=\"widget\" data-widget_type=\"image.default\">\n\t\t\t\t<div class=\"elementor-widget-container\">\n\t\t\t\t\t\t\t\t<div class=\"elementor-image\">\n\t\t\t\t\t\t\t\t\t\t\t\t<img width=\"1280\" height=\"573\" src=\"https:\/\/www.medellin.gov.co\/es\/wp-content\/uploads\/2025\/03\/Banner_Bomberos_2025.jpg\" class=\"attachment-full size-full\" alt=\"\" loading=\"lazy\" srcset=\"https:\/\/www.medellin.gov.co\/es\/wp-content\/uploads\/2025\/03\/Banner_Bomberos_2025.jpg 1280w, https:\/\/www.medellin.gov.co\/es\/wp-content\/uploads\/2025\/03\/Banner_Bomberos_2025-300x134.jpg 300w, https:\/\/www.medellin.gov.co\/es\/wp-content\/uploads\/2025\/03\/Banner_Bomberos_2025-1024x458.jpg 1024w, https:\/\/www.medellin.gov.co\/es\/wp-content\/uploads\/2025\/03\/Banner_Bomberos_2025-150x67.jpg 150w, https:\/\/www.medellin.gov.co\/es\/wp-content\/uploads\/2025\/03\/Banner_Bomberos_2025-768x344.jpg 768w\" sizes=\"(max-width: 1280px) 100vw, 1280px\" \/>\t\t\t\t\t\t\t\t\t\t\t\t\t\t<\/div>\n\t\t\t\t\t\t<\/div>\n\t\t\t\t<\/div>\n\t\t\t\t<div class=\"elementor-element elementor-element-d0f37a5 elementor-widget elementor-widget-text-editor\" data-id=\"d0f37a5\" data-element_type=\"widget\" data-widget_type=\"text-editor.default\">\n\t\t\t\t<div class=\"elementor-widget-container\">\n\t\t\t\t\t\t\t\t<div class=\"elementor-text-editor elementor-clearfix\">\n\t\t\t\t<ul><li><strong>09 | 05 | 2025 | <a href=\"https:\/\/www.medellin.gov.co\/es\/wp-content\/uploads\/2025\/05\/Decreto-0377-de-2025.pdf\" target=\"_blank\" rel=\"noopener\">Decreto 0377 de 2025 (mayo 06)<\/a><\/strong>. Por medio del cual se deroga un nombramiento en periodo de prueba.<\/li><li><strong>04 | 04 | 2025 |<\/strong> <strong><a href=\"https:\/\/www.medellin.gov.co\/es\/wp-content\/uploads\/2025\/05\/Decreto-0284-de-2025.pdf\" target=\"_blank\" rel=\"noopener\">Decreto 0284 del 2025 (Abril 04)<\/a><\/strong>. Por medio del cual modifica parcialmente el decreto no 0246 de 2025.<\/li><li><strong>03 | 04 | 2025 | <a href=\"https:\/\/www.medellin.gov.co\/es\/wp-content\/uploads\/2025\/05\/Decreto-0272-de-2025.pdf\" target=\"_blank\" rel=\"noopener\">Decreto 0272 de 2025 (Abril 03)<\/a><\/strong>. Por medio de la cual se corrige un error formal en el decreto 0246 de 2025.<strong>\u00a0<\/strong>\u00a0<\/li><li><strong>21 | 03 | 2025 | <a href=\"https:\/\/www.medellin.gov.co\/es\/wp-content\/uploads\/2025\/03\/Concurso_Cuerpo_Oficial_Bomberos_20250320162341552.pdf\" target=\"_blank\" rel=\"noopener\">Decreto 0246 del 19 de marzo de 2025<\/a><\/strong>. Por medio del cual se realizan nombramientos en periodo de prueba y se adoptan otras decisiones.<\/li><\/ul>\t\t\t\t\t<\/div>\n\t\t\t\t\t\t<\/div>\n\t\t\t\t<\/div>\n\t\t<\/div>\t\t\t\t\t\t\t<\/div>\n\t\t\t<\/div>\n\t\t\t\t\t<\/div>\n\t\t","protected":false},"excerpt":{"rendered":"<p>Concursos de m\u00e9ritos &#8211; CNSC 1. Concurso de M\u00e9ritos \u2013 Antioquia 3 Nuevo | 09 | 02\u00a0 | 2026 |\u00a0 Fecha de publicaci\u00f3n: Lun, 09\/02\/2026 &#8211; 09:31 La Comisi\u00f3n Nacional del Servicio Civil y la &#8230;<\/p>\n","protected":false},"author":17,"featured_media":0,"parent":14147,"menu_order":0,"comment_status":"closed","ping_status":"closed","template":"sec-gestion-humana\/elementor.php","meta":[],"acf":[],"_links":{"self":[{"href":"https:\/\/www.medellin.gov.co\/es\/wp-json\/wp\/v2\/pages\/394681"}],"collection":[{"href":"https:\/\/www.medellin.gov.co\/es\/wp-json\/wp\/v2\/pages"}],"about":[{"href":"https:\/\/www.medellin.gov.co\/es\/wp-json\/wp\/v2\/types\/page"}],"author":[{"embeddable":true,"href":"https:\/\/www.medellin.gov.co\/es\/wp-json\/wp\/v2\/users\/17"}],"replies":[{"embeddable":true,"href":"https:\/\/www.medellin.gov.co\/es\/wp-json\/wp\/v2\/comments?post=394681"}],"version-history":[{"count":10,"href":"https:\/\/www.medellin.gov.co\/es\/wp-json\/wp\/v2\/pages\/394681\/revisions"}],"predecessor-version":[{"id":501180,"href":"https:\/\/www.medellin.gov.co\/es\/wp-json\/wp\/v2\/pages\/394681\/revisions\/501180"}],"up":[{"embeddable":true,"href":"https:\/\/www.medellin.gov.co\/es\/wp-json\/wp\/v2\/pages\/14147"}],"wp:attachment":[{"href":"https:\/\/www.medellin.gov.co\/es\/wp-json\/wp\/v2\/media?parent=394681"}],"curies":[{"name":"wp","href":"https:\/\/api.w.org\/{rel}","templated":true}]}}