{"id":406552,"date":"2025-05-06T09:42:13","date_gmt":"2025-05-06T14:42:13","guid":{"rendered":"https:\/\/www.medellin.gov.co\/es\/?page_id=406552"},"modified":"2026-03-09T13:17:03","modified_gmt":"2026-03-09T18:17:03","slug":"simposio-de-investigaciones","status":"publish","type":"page","link":"https:\/\/www.medellin.gov.co\/es\/secretaria-de-salud\/simposio-de-investigaciones\/","title":{"rendered":"Simposio de Investigaciones"},"content":{"rendered":"\t\t<div data-elementor-type=\"wp-page\" data-elementor-id=\"406552\" class=\"elementor elementor-406552\">\n\t\t\t\t\t\t<div class=\"elementor-inner\">\n\t\t\t\t<div class=\"elementor-section-wrap\">\n\t\t\t\t\t\t\t<div class=\"elementor-element elementor-element-9aaa7ec e-container--column e-container\" data-id=\"9aaa7ec\" data-element_type=\"container\">\t\t\t\t<div class=\"elementor-element elementor-element-a6a63f0 elementor-widget elementor-widget-spacer\" data-id=\"a6a63f0\" data-element_type=\"widget\" data-widget_type=\"spacer.default\">\n\t\t\t\t<div class=\"elementor-widget-container\">\n\t\t\t\t\t<div class=\"elementor-spacer\">\n\t\t\t<div class=\"elementor-spacer-inner\"><\/div>\n\t\t<\/div>\n\t\t\t\t<\/div>\n\t\t\t\t<\/div>\n\t\t<\/div><div class=\"elementor-element elementor-element-c7ca080 e-container--column e-container\" data-id=\"c7ca080\" data-element_type=\"container\">\t\t\t\t<div class=\"elementor-element elementor-element-96b9728 elementor-widget elementor-widget-heading\" data-id=\"96b9728\" data-element_type=\"widget\" data-widget_type=\"heading.default\">\n\t\t\t\t<div class=\"elementor-widget-container\">\n\t\t\t<h1 class=\"elementor-heading-title elementor-size-default\">VI Simposio de Investigaciones 2025<\/h1>\t\t<\/div>\n\t\t\t\t<\/div>\n\t\t<\/div><div class=\"elementor-element elementor-element-d88e3d5 e-container--column e-container\" data-id=\"d88e3d5\" data-element_type=\"container\">\t\t\t\t<div class=\"elementor-element elementor-element-e45b2f9 elementor-widget elementor-widget-spacer\" data-id=\"e45b2f9\" data-element_type=\"widget\" data-widget_type=\"spacer.default\">\n\t\t\t\t<div class=\"elementor-widget-container\">\n\t\t\t\t\t<div class=\"elementor-spacer\">\n\t\t\t<div class=\"elementor-spacer-inner\"><\/div>\n\t\t<\/div>\n\t\t\t\t<\/div>\n\t\t\t\t<\/div>\n\t\t<\/div><div class=\"elementor-element elementor-element-7af8944 e-container--column e-container\" data-id=\"7af8944\" data-element_type=\"container\">\t\t\t\t<div class=\"elementor-element elementor-element-6b354e4 elementor-widget elementor-widget-image\" data-id=\"6b354e4\" data-element_type=\"widget\" data-widget_type=\"image.default\">\n\t\t\t\t<div class=\"elementor-widget-container\">\n\t\t\t\t\t\t\t\t<div class=\"elementor-image\">\n\t\t\t\t\t\t\t\t\t\t\t\t<img width=\"1280\" height=\"366\" src=\"https:\/\/www.medellin.gov.co\/es\/wp-content\/uploads\/2025\/05\/Banner-micrositio-Simposio-VI.jpg\" class=\"attachment-full size-full\" alt=\"Banner-micrositio-Simposio- VI\" loading=\"lazy\" srcset=\"https:\/\/www.medellin.gov.co\/es\/wp-content\/uploads\/2025\/05\/Banner-micrositio-Simposio-VI.jpg 1280w, https:\/\/www.medellin.gov.co\/es\/wp-content\/uploads\/2025\/05\/Banner-micrositio-Simposio-VI-300x86.jpg 300w, https:\/\/www.medellin.gov.co\/es\/wp-content\/uploads\/2025\/05\/Banner-micrositio-Simposio-VI-1024x293.jpg 1024w, https:\/\/www.medellin.gov.co\/es\/wp-content\/uploads\/2025\/05\/Banner-micrositio-Simposio-VI-150x43.jpg 150w, https:\/\/www.medellin.gov.co\/es\/wp-content\/uploads\/2025\/05\/Banner-micrositio-Simposio-VI-768x220.jpg 768w\" sizes=\"(max-width: 1280px) 100vw, 1280px\" \/>\t\t\t\t\t\t\t\t\t\t\t\t\t\t<\/div>\n\t\t\t\t\t\t<\/div>\n\t\t\t\t<\/div>\n\t\t<\/div><div class=\"elementor-element elementor-element-d36690f e-container--column e-container\" data-id=\"d36690f\" data-element_type=\"container\">\t\t\t\t<div class=\"elementor-element elementor-element-33bcddb elementor-widget elementor-widget-spacer\" data-id=\"33bcddb\" data-element_type=\"widget\" data-widget_type=\"spacer.default\">\n\t\t\t\t<div class=\"elementor-widget-container\">\n\t\t\t\t\t<div class=\"elementor-spacer\">\n\t\t\t<div class=\"elementor-spacer-inner\"><\/div>\n\t\t<\/div>\n\t\t\t\t<\/div>\n\t\t\t\t<\/div>\n\t\t<\/div><div class=\"elementor-element elementor-element-aa64818 e-container--column e-container\" data-id=\"aa64818\" data-element_type=\"container\">\t\t\t\t<div class=\"elementor-element elementor-element-2574c7c elementor-widget elementor-widget-text-editor\" data-id=\"2574c7c\" data-element_type=\"widget\" data-widget_type=\"text-editor.default\">\n\t\t\t\t<div class=\"elementor-widget-container\">\n\t\t\t\t\t\t\t\t<div class=\"elementor-text-editor elementor-clearfix\">\n\t\t\t\t<p>La Secretar\u00eda de Salud del Distrito desarrollar\u00e1 en el mes de octubre de 2025 el <strong>VI Simposio de Investigaciones: \u201cEl conocimiento en salud y sus determinantes como herramienta para avanzar a una ciudad saludable\u201d. <\/strong><\/p><p>Este espacio acad\u00e9mico tiene el objetivo de presentar los avances y resultados de las investigaciones relacionadas con salud y sus determinantes, realizadas entre los a\u00f1os 2020 y 2025, con el fin de aportar elementos que enriquezcan el conocimiento en la construcci\u00f3n de estrategias de intervenci\u00f3n frente a los problemas en salud de la poblaci\u00f3n.<\/p><p><strong>Fecha del evento:<\/strong> 8 de octubre de 2025.<br \/><strong>Modalidad:<\/strong> presencial, con salas tem\u00e1ticas simult\u00e1neas. Lugar por definir.<\/p>\t\t\t\t\t<\/div>\n\t\t\t\t\t\t<\/div>\n\t\t\t\t<\/div>\n\t\t<\/div><div class=\"elementor-element elementor-element-18ea3fa e-container--column e-container\" data-id=\"18ea3fa\" data-element_type=\"container\">\t\t\t\t<div class=\"elementor-element elementor-element-b8f64b9 elementor-widget elementor-widget-spacer\" data-id=\"b8f64b9\" data-element_type=\"widget\" data-widget_type=\"spacer.default\">\n\t\t\t\t<div class=\"elementor-widget-container\">\n\t\t\t\t\t<div class=\"elementor-spacer\">\n\t\t\t<div class=\"elementor-spacer-inner\"><\/div>\n\t\t<\/div>\n\t\t\t\t<\/div>\n\t\t\t\t<\/div>\n\t\t<\/div><div class=\"elementor-element elementor-element-06d94aa e-container--column e-container\" data-id=\"06d94aa\" data-element_type=\"container\">\t\t\t\t<div class=\"elementor-element elementor-element-c801e24 elementor-widget-divider--view-line elementor-widget elementor-widget-divider\" data-id=\"c801e24\" data-element_type=\"widget\" data-widget_type=\"divider.default\">\n\t\t\t\t<div class=\"elementor-widget-container\">\n\t\t\t\t\t<div class=\"elementor-divider\">\n\t\t\t<span class=\"elementor-divider-separator\">\n\t\t\t\t\t\t<\/span>\n\t\t<\/div>\n\t\t\t\t<\/div>\n\t\t\t\t<\/div>\n\t\t<\/div><div class=\"elementor-element elementor-element-82db93b e-container--row e-container\" data-id=\"82db93b\" data-element_type=\"container\">\t\t<div class=\"elementor-element elementor-element-945767a e-container--column e-container\" data-id=\"945767a\" data-element_type=\"container\">\t\t\t\t<div class=\"elementor-element elementor-element-e85b96e elementor-widget elementor-widget-image\" data-id=\"e85b96e\" data-element_type=\"widget\" data-widget_type=\"image.default\">\n\t\t\t\t<div class=\"elementor-widget-container\">\n\t\t\t\t\t\t\t\t<div class=\"elementor-image\">\n\t\t\t\t\t\t\t\t\t\t\t\t<img width=\"902\" height=\"1024\" src=\"https:\/\/www.medellin.gov.co\/es\/wp-content\/uploads\/2025\/09\/E-card-Simposio-902x1024.jpg\" class=\"attachment-large size-large\" alt=\"\" loading=\"lazy\" srcset=\"https:\/\/www.medellin.gov.co\/es\/wp-content\/uploads\/2025\/09\/E-card-Simposio-902x1024.jpg 902w, https:\/\/www.medellin.gov.co\/es\/wp-content\/uploads\/2025\/09\/E-card-Simposio-264x300.jpg 264w, https:\/\/www.medellin.gov.co\/es\/wp-content\/uploads\/2025\/09\/E-card-Simposio-132x150.jpg 132w, https:\/\/www.medellin.gov.co\/es\/wp-content\/uploads\/2025\/09\/E-card-Simposio-768x872.jpg 768w, https:\/\/www.medellin.gov.co\/es\/wp-content\/uploads\/2025\/09\/E-card-Simposio.jpg 1280w\" sizes=\"(max-width: 902px) 100vw, 902px\" \/>\t\t\t\t\t\t\t\t\t\t\t\t\t\t<\/div>\n\t\t\t\t\t\t<\/div>\n\t\t\t\t<\/div>\n\t\t<\/div><div class=\"elementor-element elementor-element-60ab102 e-container--column e-container\" data-id=\"60ab102\" data-element_type=\"container\">\t\t\t\t<div class=\"elementor-element elementor-element-4d9f039 elementor-widget elementor-widget-text-editor\" data-id=\"4d9f039\" data-element_type=\"widget\" data-widget_type=\"text-editor.default\">\n\t\t\t\t<div class=\"elementor-widget-container\">\n\t\t\t\t\t\t\t\t<div class=\"elementor-text-editor elementor-clearfix\">\n\t\t\t\t<div>VI Simposio de Investigaciones: \u201cEl conocimiento en salud y sus determinantes como herramienta para avanzar a una ciudad saludable\u201d<\/div><div>\u00a0<\/div><div><a href=\"https:\/\/www.medellin.gov.co\/es\/wp-content\/uploads\/2026\/03\/Memorias-simposio-2025_RV_MMR_020032026_2.docx.pdf\" target=\"_blank\" rel=\"noopener\">Conoce m\u00e1s<\/a><\/div><div>\u00a0<\/div>\t\t\t\t\t<\/div>\n\t\t\t\t\t\t<\/div>\n\t\t\t\t<\/div>\n\t\t<\/div><\/div>\t\t<section class=\"elementor-section elementor-top-section elementor-element elementor-element-f06d38d elementor-section-boxed elementor-section-height-default elementor-section-height-default\" data-id=\"f06d38d\" data-element_type=\"section\">\n\t\t\t\t\t\t<div class=\"elementor-container elementor-column-gap-default\">\n\t\t\t\t\t\t\t<div class=\"elementor-row\">\n\t\t\t\t\t<div class=\"elementor-column elementor-col-100 elementor-top-column elementor-element elementor-element-ccbdbcd\" data-id=\"ccbdbcd\" data-element_type=\"column\">\n\t\t\t<div class=\"elementor-column-wrap elementor-element-populated\">\n\t\t\t\t\t\t\t<div class=\"elementor-widget-wrap\">\n\t\t\t\t\t\t<div class=\"elementor-element elementor-element-73c82b4 elementor-widget elementor-widget-heading\" data-id=\"73c82b4\" data-element_type=\"widget\" data-widget_type=\"heading.default\">\n\t\t\t\t<div class=\"elementor-widget-container\">\n\t\t\t<h2 class=\"elementor-heading-title elementor-size-default\"><b>Cont\u00e1ctanos<\/b> <\/h2>\t\t<\/div>\n\t\t\t\t<\/div>\n\t\t\t\t\t\t<\/div>\n\t\t\t\t\t<\/div>\n\t\t<\/div>\n\t\t\t\t\t\t\t\t<\/div>\n\t\t\t\t\t<\/div>\n\t\t<\/section>\n\t\t<div class=\"elementor-element elementor-element-372d27b e-container--column e-container\" data-id=\"372d27b\" data-element_type=\"container\">\t\t\t\t<div class=\"elementor-element elementor-element-45a80c3 elementor-widget elementor-widget-text-editor\" data-id=\"45a80c3\" data-element_type=\"widget\" data-widget_type=\"text-editor.default\">\n\t\t\t\t<div class=\"elementor-widget-container\">\n\t\t\t\t\t\t\t\t<div class=\"elementor-text-editor elementor-clearfix\">\n\t\t\t\t<p>\u00bfTienes dudas o necesitas orientaci\u00f3n?<\/p><p>\u00a1Escr\u00edbenos y recibe acompa\u00f1amiento!<\/p><p><strong>Correos electr<\/strong><strong>\u00f3nicos:<\/strong> <a href=\"mailto:planeacion.salud@medellin.gov.co\">planeacion.salud@medellin.gov.co<\/a>, <a href=\"mailto:veronica.lopera@medellin.gov.co\">veronica.lopera@medellin.gov.co<\/a> y <a href=\"mailto:edwin.salazar@medellin.gov.co\">edwin.salazar@medellin.gov.co<\/a>.<\/p>\t\t\t\t\t<\/div>\n\t\t\t\t\t\t<\/div>\n\t\t\t\t<\/div>\n\t\t<\/div><div class=\"elementor-element elementor-element-4dd6410 e-container--column e-container\" data-id=\"4dd6410\" data-element_type=\"container\">\t\t\t\t<div class=\"elementor-element elementor-element-2a07109 elementor-widget-divider--view-line elementor-widget elementor-widget-divider\" data-id=\"2a07109\" data-element_type=\"widget\" data-widget_type=\"divider.default\">\n\t\t\t\t<div class=\"elementor-widget-container\">\n\t\t\t\t\t<div class=\"elementor-divider\">\n\t\t\t<span class=\"elementor-divider-separator\">\n\t\t\t\t\t\t<\/span>\n\t\t<\/div>\n\t\t\t\t<\/div>\n\t\t\t\t<\/div>\n\t\t<\/div>\t\t\t\t\t\t\t<\/div>\n\t\t\t<\/div>\n\t\t\t\t\t<\/div>\n\t\t","protected":false},"excerpt":{"rendered":"<p>VI Simposio de Investigaciones 2025 La Secretar\u00eda de Salud del Distrito desarrollar\u00e1 en el mes de octubre de 2025 el VI Simposio de Investigaciones: \u201cEl conocimiento en salud y sus determinantes como herramienta para avanzar &#8230;<\/p>\n","protected":false},"author":97,"featured_media":366454,"parent":17118,"menu_order":0,"comment_status":"closed","ping_status":"closed","template":"sec-salud\/elementor.php","meta":[],"acf":[],"_links":{"self":[{"href":"https:\/\/www.medellin.gov.co\/es\/wp-json\/wp\/v2\/pages\/406552"}],"collection":[{"href":"https:\/\/www.medellin.gov.co\/es\/wp-json\/wp\/v2\/pages"}],"about":[{"href":"https:\/\/www.medellin.gov.co\/es\/wp-json\/wp\/v2\/types\/page"}],"author":[{"embeddable":true,"href":"https:\/\/www.medellin.gov.co\/es\/wp-json\/wp\/v2\/users\/97"}],"replies":[{"embeddable":true,"href":"https:\/\/www.medellin.gov.co\/es\/wp-json\/wp\/v2\/comments?post=406552"}],"version-history":[{"count":10,"href":"https:\/\/www.medellin.gov.co\/es\/wp-json\/wp\/v2\/pages\/406552\/revisions"}],"predecessor-version":[{"id":507190,"href":"https:\/\/www.medellin.gov.co\/es\/wp-json\/wp\/v2\/pages\/406552\/revisions\/507190"}],"up":[{"embeddable":true,"href":"https:\/\/www.medellin.gov.co\/es\/wp-json\/wp\/v2\/pages\/17118"}],"wp:featuredmedia":[{"embeddable":true,"href":"https:\/\/www.medellin.gov.co\/es\/wp-json\/wp\/v2\/media\/366454"}],"wp:attachment":[{"href":"https:\/\/www.medellin.gov.co\/es\/wp-json\/wp\/v2\/media?parent=406552"}],"curies":[{"name":"wp","href":"https:\/\/api.w.org\/{rel}","templated":true}]}}