{"id":408753,"date":"2025-07-28T10:43:43","date_gmt":"2025-07-28T15:43:43","guid":{"rendered":"https:\/\/www.medellin.gov.co\/es\/?page_id=408753"},"modified":"2026-03-13T12:33:32","modified_gmt":"2026-03-13T17:33:32","slug":"sistema-de-cuidado-de-medellin","status":"publish","type":"page","link":"https:\/\/www.medellin.gov.co\/es\/secretaria-mujeres\/sistema-de-cuidado-de-medellin\/","title":{"rendered":"Sistema de Cuidado de Medell\u00edn"},"content":{"rendered":"\t\t<div data-elementor-type=\"wp-page\" data-elementor-id=\"408753\" class=\"elementor elementor-408753\">\n\t\t\t\t\t\t<div class=\"elementor-inner\">\n\t\t\t\t<div class=\"elementor-section-wrap\">\n\t\t\t\t\t\t\t<div class=\"elementor-element elementor-element-01b67ee e-container--column e-container\" data-id=\"01b67ee\" data-element_type=\"container\">\t\t\t\t<div class=\"elementor-element elementor-element-be62bd9 elementor-widget elementor-widget-spacer\" data-id=\"be62bd9\" data-element_type=\"widget\" data-widget_type=\"spacer.default\">\n\t\t\t\t<div class=\"elementor-widget-container\">\n\t\t\t\t\t<div class=\"elementor-spacer\">\n\t\t\t<div class=\"elementor-spacer-inner\"><\/div>\n\t\t<\/div>\n\t\t\t\t<\/div>\n\t\t\t\t<\/div>\n\t\t<\/div><div class=\"elementor-element elementor-element-84ee844 e-container--column e-container\" data-id=\"84ee844\" data-element_type=\"container\">\t\t\t\t<div class=\"elementor-element elementor-element-8544970 elementor-widget elementor-widget-text-editor\" data-id=\"8544970\" data-element_type=\"widget\" data-widget_type=\"text-editor.default\">\n\t\t\t\t<div class=\"elementor-widget-container\">\n\t\t\t\t\t\t\t\t<div class=\"elementor-text-editor elementor-clearfix\">\n\t\t\t\t<h1><b>Sistema de Cuidado de Medell\u00edn<\/b><\/h1>\t\t\t\t\t<\/div>\n\t\t\t\t\t\t<\/div>\n\t\t\t\t<\/div>\n\t\t<\/div><div class=\"elementor-element elementor-element-b0e09ec e-container--column e-container\" data-id=\"b0e09ec\" data-element_type=\"container\">\t\t\t\t<div class=\"elementor-element elementor-element-fde849d elementor-widget elementor-widget-spacer\" data-id=\"fde849d\" data-element_type=\"widget\" data-widget_type=\"spacer.default\">\n\t\t\t\t<div class=\"elementor-widget-container\">\n\t\t\t\t\t<div class=\"elementor-spacer\">\n\t\t\t<div class=\"elementor-spacer-inner\"><\/div>\n\t\t<\/div>\n\t\t\t\t<\/div>\n\t\t\t\t<\/div>\n\t\t<\/div><div class=\"elementor-element elementor-element-b6e075d e-container--column e-container\" data-id=\"b6e075d\" data-element_type=\"container\">\t\t\t\t<div class=\"elementor-element elementor-element-71e5e5c elementor-widget elementor-widget-spacer\" data-id=\"71e5e5c\" data-element_type=\"widget\" data-widget_type=\"spacer.default\">\n\t\t\t\t<div class=\"elementor-widget-container\">\n\t\t\t\t\t<div class=\"elementor-spacer\">\n\t\t\t<div class=\"elementor-spacer-inner\"><\/div>\n\t\t<\/div>\n\t\t\t\t<\/div>\n\t\t\t\t<\/div>\n\t\t<\/div><div class=\"elementor-element elementor-element-fb73051 e-container--row e-container\" data-id=\"fb73051\" data-element_type=\"container\">\t\t<div class=\"elementor-element elementor-element-9dab0cb e-container--column e-container\" data-id=\"9dab0cb\" data-element_type=\"container\">\t\t\t\t<div class=\"elementor-element elementor-element-dd56fa5 elementor-widget elementor-widget-text-editor\" data-id=\"dd56fa5\" data-element_type=\"widget\" data-widget_type=\"text-editor.default\">\n\t\t\t\t<div class=\"elementor-widget-container\">\n\t\t\t\t\t\t\t\t<div class=\"elementor-text-editor elementor-clearfix\">\n\t\t\t\t<p>Reconocemos el cuidado como un trabajo y apostamos por garantizar tiempo, bienestar y oportunidades para quienes cuidan. Creemos en la importancia de reconocer, redistribuir y reducir esta responsabilidad, promoviendo un compromiso conjunto entre el Estado, la comunidad, las empresas y las familias. Nuestro objetivo es transformar el uso del tiempo de las personas cuidadoras, creando un entorno m\u00e1s equitativo y sostenible para todas y todos.<\/p>\t\t\t\t\t<\/div>\n\t\t\t\t\t\t<\/div>\n\t\t\t\t<\/div>\n\t\t<\/div><div class=\"elementor-element elementor-element-a28926c e-container--column e-container\" data-id=\"a28926c\" data-element_type=\"container\">\t\t\t\t<div class=\"elementor-element elementor-element-d565d45 elementor-widget elementor-widget-image\" data-id=\"d565d45\" data-element_type=\"widget\" data-widget_type=\"image.default\">\n\t\t\t\t<div class=\"elementor-widget-container\">\n\t\t\t\t\t\t\t\t<div class=\"elementor-image\">\n\t\t\t\t\t\t\t\t\t\t\t\t<img src=\"https:\/\/www.medellin.gov.co\/es\/wp-content\/uploads\/elementor\/thumbs\/Circulos-de-Cuidados-52-reb82rfunby486159fiw2dpyz2xnfra99z8iv40zos.jpg\" title=\"Circulos de Cuidados-52\" alt=\"Circulos de Cuidados-52\" \/>\t\t\t\t\t\t\t\t\t\t\t\t\t\t<\/div>\n\t\t\t\t\t\t<\/div>\n\t\t\t\t<\/div>\n\t\t<\/div><\/div>\t\t<section class=\"elementor-section elementor-top-section elementor-element elementor-element-9249d75 elementor-section-boxed elementor-section-height-default elementor-section-height-default\" data-id=\"9249d75\" data-element_type=\"section\">\n\t\t\t\t\t\t<div class=\"elementor-container elementor-column-gap-default\">\n\t\t\t\t\t\t\t<div class=\"elementor-row\">\n\t\t\t\t\t<div class=\"elementor-column elementor-col-100 elementor-top-column elementor-element elementor-element-49c1106\" data-id=\"49c1106\" data-element_type=\"column\">\n\t\t\t<div class=\"elementor-column-wrap elementor-element-populated\">\n\t\t\t\t\t\t\t<div class=\"elementor-widget-wrap\">\n\t\t\t\t\t\t<div class=\"elementor-element elementor-element-5c3c9c9 elementor-widget elementor-widget-heading\" data-id=\"5c3c9c9\" data-element_type=\"widget\" data-widget_type=\"heading.default\">\n\t\t\t\t<div class=\"elementor-widget-container\">\n\t\t\t<h2 class=\"elementor-heading-title elementor-size-default\"><b>C\u00edrculos de Cuidado:<\/b> espacios para cuidar a quienes cuidan<\/h2>\t\t<\/div>\n\t\t\t\t<\/div>\n\t\t\t\t\t\t<\/div>\n\t\t\t\t\t<\/div>\n\t\t<\/div>\n\t\t\t\t\t\t\t\t<\/div>\n\t\t\t\t\t<\/div>\n\t\t<\/section>\n\t\t<div class=\"elementor-element elementor-element-bbc6364 e-container--column e-container\" data-id=\"bbc6364\" data-element_type=\"container\">\t\t\t\t<div class=\"elementor-element elementor-element-aa0c757 elementor-widget elementor-widget-spacer\" data-id=\"aa0c757\" data-element_type=\"widget\" data-widget_type=\"spacer.default\">\n\t\t\t\t<div class=\"elementor-widget-container\">\n\t\t\t\t\t<div class=\"elementor-spacer\">\n\t\t\t<div class=\"elementor-spacer-inner\"><\/div>\n\t\t<\/div>\n\t\t\t\t<\/div>\n\t\t\t\t<\/div>\n\t\t<\/div><div class=\"elementor-element elementor-element-2b56f04 e-container--column e-container\" data-id=\"2b56f04\" data-element_type=\"container\">\t\t\t\t<div class=\"elementor-element elementor-element-cb03fb5 elementor-widget elementor-widget-text-editor\" data-id=\"cb03fb5\" data-element_type=\"widget\" data-widget_type=\"text-editor.default\">\n\t\t\t\t<div class=\"elementor-widget-container\">\n\t\t\t\t\t\t\t\t<div class=\"elementor-text-editor elementor-clearfix\">\n\t\t\t\t<p>Los <strong>C\u00edrculos de Cuidado<\/strong> (tambi\u00e9n llamados <em>Centros de Cuidado y Equidad<\/em>) son lugares donde las personas cuidadoras pueden acceder gratuitamente a servicios de bienestar, formaci\u00f3n y acompa\u00f1amiento, mientras las personas a su cargo reciben atenci\u00f3n.<\/p><p>En estos espacios, quienes cuidan pueden <strong>estudiar, emprender, trabajar, descansar, ejercitarse o recibir asesor\u00eda jur\u00eddica y psicol\u00f3gica<\/strong>, adem\u00e1s de acceder a servicios como <strong>centros de lavado<\/strong> para su ropa y la de su familia. Al mismo tiempo, las personas a su cuidado son atendidas por profesionales, garantizando un enfoque integral que redistribuye las responsabilidades del cuidado y facilita la transformaci\u00f3n del uso del tiempo de las cuidadoras.<\/p><p>Actualmente, hemos inaugurado <strong>nueve C\u00edrculos de Cuidado<\/strong> en la ciudad, y estamos trabajando en la apertura de doce m\u00e1s, distribuidos en diferentes comunas y corregimientos.<\/p><p>En estos espacios, quienes cuidan pueden <strong>estudiar, emprender, trabajar, descansar, ejercitarse o recibir asesor\u00eda jur\u00eddica y psicol\u00f3gica<\/strong>, adem\u00e1s de acceder a servicios como <strong>centros de lavado<\/strong> para su ropa y la de su familia. Al mismo tiempo, las personas a su cuidado son atendidas por profesionales, garantizando un enfoque integral que redistribuye las responsabilidades del cuidado y facilita la transformaci\u00f3n del uso del tiempo de las cuidadoras.<\/p><p>Actualmente, hemos inaugurado <strong>nueve C\u00edrculos de Cuidado<\/strong> en la ciudad, y estamos trabajando en la apertura de doce m\u00e1s, distribuidos en diferentes comunas y corregimientos.<\/p>\t\t\t\t\t<\/div>\n\t\t\t\t\t\t<\/div>\n\t\t\t\t<\/div>\n\t\t<\/div><div class=\"elementor-element elementor-element-734c0cc e-container--column e-container\" data-id=\"734c0cc\" data-element_type=\"container\">\t\t\t\t<div class=\"elementor-element elementor-element-f7b6100 elementor-widget elementor-widget-heading\" data-id=\"f7b6100\" data-element_type=\"widget\" data-widget_type=\"heading.default\">\n\t\t\t\t<div class=\"elementor-widget-container\">\n\t\t\t<h2 class=\"elementor-heading-title elementor-size-default\"><b>\u00bfD\u00f3nde est\u00e1n los C\u00edrculos de Cuidado?<\/b> <\/h2>\t\t<\/div>\n\t\t\t\t<\/div>\n\t\t<\/div><div class=\"elementor-element elementor-element-ddbbe39 e-container--column e-container\" data-id=\"ddbbe39\" data-element_type=\"container\">\t\t\t\t<div class=\"elementor-element elementor-element-2cddd17 elementor-widget elementor-widget-spacer\" data-id=\"2cddd17\" data-element_type=\"widget\" data-widget_type=\"spacer.default\">\n\t\t\t\t<div class=\"elementor-widget-container\">\n\t\t\t\t\t<div class=\"elementor-spacer\">\n\t\t\t<div class=\"elementor-spacer-inner\"><\/div>\n\t\t<\/div>\n\t\t\t\t<\/div>\n\t\t\t\t<\/div>\n\t\t<\/div><div class=\"elementor-element elementor-element-199fd45 e-container--column e-container\" data-id=\"199fd45\" data-element_type=\"container\">\t\t\t\t<div class=\"elementor-element elementor-element-68e5deb elementor-widget elementor-widget-text-editor\" data-id=\"68e5deb\" data-element_type=\"widget\" data-widget_type=\"text-editor.default\">\n\t\t\t\t<div class=\"elementor-widget-container\">\n\t\t\t\t\t\t\t\t<div class=\"elementor-text-editor elementor-clearfix\">\n\t\t\t\t<ul><li>C\u00edrculo de Cuidado Comuna 1, Popular \u2013 Descubre la programaci\u00f3n aqu\u00ed <a href=\"https:\/\/medellingovco-my.sharepoint.com\/:b:\/g\/personal\/comunicaciones_mujer_medellin_gov_co\/Ed6pT6cYe4RMi7cSm6N3yHwBbE7BgvfwiU0HOnhVQYb1pg?e=HvEBmY\">Casa de la cultura<\/a><\/li><li>C\u00edrculo de Cuidado Comuna 2, Santa Cruz \u2013 Descubre la programaci\u00f3n aqu\u00ed <a href=\"https:\/\/medellingovco-my.sharepoint.com\/:b:\/g\/personal\/comunicaciones_mujer_medellin_gov_co\/EZ4L29bcDixNmOLYj7i2DG4BtyOj4xKo-XEQuDH67B8Bcg?e=719q5w\">Casa de Justicia Villa del Socorro<\/a><\/li><li>C\u00edrculo de Cuidado Comuna 3, Manrique \u2013\u00a0 Descubre la programaci\u00f3n aqu\u00ed <a href=\"https:\/\/medellingovco-my.sharepoint.com\/:b:\/g\/personal\/comunicaciones_mujer_medellin_gov_co\/ETxK5WkUS09DjUQ04z6ztCYBy-Ha0JGjRtdvPd2hXNihSA?e=RARrua\">UVA La Armon\u00eda<\/a><\/li><li>C\u00edrculo de Cuidado Comuna 4, Aranjuez \u2013 Descubre la programaci\u00f3n aqu\u00ed<\/li><li><a href=\"https:\/\/medellingovco-my.sharepoint.com\/:b:\/g\/personal\/comunicaciones_mujer_medellin_gov_co\/EeuEJhG0euNGtAwyxYVOqYQBpYeczkbh9Wkb4EhZnaVmwg?e=2qTUqi\">Centro Integral de Servicios Ambulatorios<\/a> para la Mujer y la Familia<\/li><li>C\u00edrculo de Cuidado Comuna 5, Castilla \u2013 Descubre la programaci\u00f3n aqu\u00ed<\/li><\/ul><ul><li><a href=\"https:\/\/medellingovco-my.sharepoint.com\/:b:\/g\/personal\/comunicaciones_mujer_medellin_gov_co\/ET115jG1Ff1Msbeu94Is_-ABAfyA9PtjntlxtA04d7MBGQ?e=SYpZ8O\">UVA Sin Fronteras<\/a><\/li><li>C\u00edrculo de Cuidado Comuna 6, Doce de Octubre \u2013 Centro de Desarrollo Social<\/li><li>C\u00edrculo de Cuidado Comuna 7, Robledo \u2013 Parque Biblioteca Tom\u00e1s Carrasquilla, La Quintana<\/li><li>C\u00edrculo de Cuidado Comuna 8, Villa Hermosa \u2013 Descubre la programaci\u00f3n aqu\u00ed <a href=\"https:\/\/medellingovco-my.sharepoint.com\/:b:\/g\/personal\/comunicaciones_mujer_medellin_gov_co\/EZc6jEGcFnBJsY8kE18sf8EBTXW7w9hy4yia3omB0aEbeQ?e=Yf5c85\">UVA La Imaginaci\u00f3n <\/a><\/li><li>C\u00edrculo de Cuidado Comuna 9, Buenos Aires \u2013 Centro de Emprendimiento y Empleo<\/li><li>C\u00edrculo de Cuidado Comuna 10, La Candelaria \u2013 Centro Integral para la Familia<\/li><li>C\u00edrculo de Cuidado Comuna 13, San Javier \u2013 Descubre la programaci\u00f3n aqu\u00ed <a href=\"https:\/\/medellingovco-my.sharepoint.com\/:b:\/g\/personal\/comunicaciones_mujer_medellin_gov_co\/ES7cUOv7qU5Bmvh8owQQ9ZwBsu_TKKB3fbzidz8cHv76CQ?e=n3uoFR\">Parque Biblioteca San Javier<\/a><\/li><li>C\u00edrculo de Cuidado Comuna 60, Corregimiento de San Cristobal \u2013 Descubre la programaci\u00f3n aqu\u00ed <a href=\"https:\/\/medellingovco-my.sharepoint.com\/:b:\/g\/personal\/comunicaciones_mujer_medellin_gov_co\/EY-Q32mp90ZKn9yiEcxcIOABoDULjZCJdC7EBWFdufl-jA?e=g6BqxC\">Parque Biblioteca Fernando Botero<\/a><\/li><\/ul>\t\t\t\t\t<\/div>\n\t\t\t\t\t\t<\/div>\n\t\t\t\t<\/div>\n\t\t<\/div>\t\t<section class=\"elementor-section elementor-top-section elementor-element elementor-element-9cb806f elementor-section-boxed elementor-section-height-default elementor-section-height-default\" data-id=\"9cb806f\" data-element_type=\"section\">\n\t\t\t\t\t\t<div class=\"elementor-container elementor-column-gap-default\">\n\t\t\t\t\t\t\t<div class=\"elementor-row\">\n\t\t\t\t\t<div class=\"elementor-column elementor-col-100 elementor-top-column elementor-element elementor-element-d57eaab\" data-id=\"d57eaab\" data-element_type=\"column\">\n\t\t\t<div class=\"elementor-column-wrap elementor-element-populated\">\n\t\t\t\t\t\t\t<div class=\"elementor-widget-wrap\">\n\t\t\t\t\t\t<div class=\"elementor-element elementor-element-00c0c69 elementor-widget elementor-widget-heading\" data-id=\"00c0c69\" data-element_type=\"widget\" data-widget_type=\"heading.default\">\n\t\t\t\t<div class=\"elementor-widget-container\">\n\t\t\t<h2 class=\"elementor-heading-title elementor-size-default\"><b>\u00bfQu\u00e9 encontrar\u00e1s en los C\u00edrculos de Cuidado?<\/b> <\/h2>\t\t<\/div>\n\t\t\t\t<\/div>\n\t\t\t\t\t\t<\/div>\n\t\t\t\t\t<\/div>\n\t\t<\/div>\n\t\t\t\t\t\t\t\t<\/div>\n\t\t\t\t\t<\/div>\n\t\t<\/section>\n\t\t<div class=\"elementor-element elementor-element-064b9f9 e-container--column e-container\" data-id=\"064b9f9\" data-element_type=\"container\">\t\t\t\t<div class=\"elementor-element elementor-element-e68a68b elementor-widget elementor-widget-spacer\" data-id=\"e68a68b\" data-element_type=\"widget\" data-widget_type=\"spacer.default\">\n\t\t\t\t<div class=\"elementor-widget-container\">\n\t\t\t\t\t<div class=\"elementor-spacer\">\n\t\t\t<div class=\"elementor-spacer-inner\"><\/div>\n\t\t<\/div>\n\t\t\t\t<\/div>\n\t\t\t\t<\/div>\n\t\t<\/div><div class=\"elementor-element elementor-element-b2b7a77 e-container--row e-container\" data-id=\"b2b7a77\" data-element_type=\"container\">\t\t<div class=\"elementor-element elementor-element-8711eb5 e-container--column e-container\" data-id=\"8711eb5\" data-element_type=\"container\">\t\t\t\t<div class=\"elementor-element elementor-element-133896b elementor-widget elementor-widget-text-editor\" data-id=\"133896b\" data-element_type=\"widget\" data-widget_type=\"text-editor.default\">\n\t\t\t\t<div class=\"elementor-widget-container\">\n\t\t\t\t\t\t\t\t<div class=\"elementor-text-editor elementor-clearfix\">\n\t\t\t\t<ul><li>Atenci\u00f3n psicol\u00f3gica y jur\u00eddica.<\/li><li>Fisioterapia y acompa\u00f1amiento en salud f\u00edsica.<\/li><li>Formaci\u00f3n en tecnolog\u00edas y desarrollo personal.<\/li><li>Ruta de autonom\u00eda econ\u00f3mica.<\/li><li>Actividades de esparcimiento y autocuidado.<\/li><li>Talleres de masculinidades corresponsables.<\/li><li>Brigadas con cajas de compensaci\u00f3n, salud y empleo.<\/li><\/ul>\t\t\t\t\t<\/div>\n\t\t\t\t\t\t<\/div>\n\t\t\t\t<\/div>\n\t\t<\/div><div class=\"elementor-element elementor-element-b920086 e-container--column e-container\" data-id=\"b920086\" data-element_type=\"container\">\t\t\t\t<div class=\"elementor-element elementor-element-07efa30 elementor-widget elementor-widget-image\" data-id=\"07efa30\" data-element_type=\"widget\" data-widget_type=\"image.default\">\n\t\t\t\t<div class=\"elementor-widget-container\">\n\t\t\t\t\t\t\t\t<div class=\"elementor-image\">\n\t\t\t\t\t\t\t\t\t\t\t\t<img src=\"https:\/\/www.medellin.gov.co\/es\/wp-content\/uploads\/elementor\/thumbs\/Circulos-de-Cuidados-58-reb83e069ppvbvvlk9z5ax8hlcxubcwwbhvhc5t1u0.jpg\" title=\"Circulos de Cuidados-58\" alt=\"Circulos de Cuidados-58\" \/>\t\t\t\t\t\t\t\t\t\t\t\t\t\t<\/div>\n\t\t\t\t\t\t<\/div>\n\t\t\t\t<\/div>\n\t\t<\/div><\/div>\t\t<section class=\"elementor-section elementor-top-section elementor-element elementor-element-353a383 elementor-section-boxed elementor-section-height-default elementor-section-height-default\" data-id=\"353a383\" data-element_type=\"section\">\n\t\t\t\t\t\t<div class=\"elementor-container elementor-column-gap-default\">\n\t\t\t\t\t\t\t<div class=\"elementor-row\">\n\t\t\t\t\t<div class=\"elementor-column elementor-col-100 elementor-top-column elementor-element elementor-element-0b37947\" data-id=\"0b37947\" data-element_type=\"column\">\n\t\t\t<div class=\"elementor-column-wrap elementor-element-populated\">\n\t\t\t\t\t\t\t<div class=\"elementor-widget-wrap\">\n\t\t\t\t\t\t<div class=\"elementor-element elementor-element-37e05f0 elementor-widget elementor-widget-heading\" data-id=\"37e05f0\" data-element_type=\"widget\" data-widget_type=\"heading.default\">\n\t\t\t\t<div class=\"elementor-widget-container\">\n\t\t\t<h2 class=\"elementor-heading-title elementor-size-default\"><b>Preguntas frecuentes<\/b> <\/h2>\t\t<\/div>\n\t\t\t\t<\/div>\n\t\t\t\t\t\t<\/div>\n\t\t\t\t\t<\/div>\n\t\t<\/div>\n\t\t\t\t\t\t\t\t<\/div>\n\t\t\t\t\t<\/div>\n\t\t<\/section>\n\t\t<div class=\"elementor-element elementor-element-990a283 e-container--column e-container\" data-id=\"990a283\" data-element_type=\"container\">\t\t\t\t<div class=\"elementor-element elementor-element-3ff6c4d elementor-widget elementor-widget-spacer\" data-id=\"3ff6c4d\" data-element_type=\"widget\" data-widget_type=\"spacer.default\">\n\t\t\t\t<div class=\"elementor-widget-container\">\n\t\t\t\t\t<div class=\"elementor-spacer\">\n\t\t\t<div class=\"elementor-spacer-inner\"><\/div>\n\t\t<\/div>\n\t\t\t\t<\/div>\n\t\t\t\t<\/div>\n\t\t<\/div><div class=\"elementor-element elementor-element-d744564 e-container--column e-container\" data-id=\"d744564\" data-element_type=\"container\">\t\t\t\t<div class=\"elementor-element elementor-element-9f345f5 elementor-widget elementor-widget-text-editor\" data-id=\"9f345f5\" data-element_type=\"widget\" data-widget_type=\"text-editor.default\">\n\t\t\t\t<div class=\"elementor-widget-container\">\n\t\t\t\t\t\t\t\t<div class=\"elementor-text-editor elementor-clearfix\">\n\t\t\t\t<ol><li><strong>\u00bfA qui\u00e9n beneficia los C\u00edrculos de Cuidado?<\/strong><\/li><\/ol><p>A las mujeres cuidadoras que dedican su tiempo al cuidado de personas en su hogar o comunidad (hijos, hijas, adultos mayores, personas con discapacidad, entre otros).<\/p><ol start=\"2\"><li><strong>\u00bfC\u00f3mo puedo participar?<\/strong><\/li><\/ol><p>A trav\u00e9s de los C\u00edrculos de Cuidado y de los Comit\u00e9s T\u00e9cnicos de Personas Cuidadoras, donde se construyen propuestas y se socializan avances del Sistema. Puedes acercarte al C\u00edrculo de Cuidado m\u00e1s cercano para inscribirte o acceder a los servicios.<\/p><ol start=\"3\"><li><strong>\u00bfLas actividades tienen alg\u00fan costo?<\/strong><\/li><\/ol><p>No, todos los servicios ofrecidos en los C\u00edrculos de Cuidado son gratuitos.<\/p><ol start=\"4\"><li><strong>\u00bfPor qu\u00e9 se habla de institucionalizaci\u00f3n del Sistema de Cuidado de Medell\u00edn?<\/strong><\/li><\/ol><p>Porque el Distrito de Medell\u00edn avanza en un Proyecto de Acuerdo ante el Concejo para que el Sistema tenga respaldo normativo y contin\u00fae m\u00e1s all\u00e1 de un periodo de gobierno.<\/p><ol start=\"5\"><li><strong>\u00bfSe elimina la Pol\u00edtica P\u00fablica de Cuidadores (Acuerdo 027 de 2015)?<\/strong><\/li><\/ol><p>No; se integra y fortalece dentro del nuevo Sistema, ampliando su alcance y cobertura. El nuevo marco evita duplicidades y moderniza los enfoques.<\/p><ol start=\"6\"><li><strong>\u00bfHabr\u00e1 m\u00e1s C\u00edrculos de Cuidado en otras comunas?<\/strong><\/li><\/ol><p>S\u00ed, actualmente tenemos 9 en funcionamiento y estamos trabajando en la apertura de un c\u00edrculo de cuidado en cada una de las comunas y corregimientos.<br \/><br \/><\/p><ol start=\"7\"><li><strong>\u00bfQu\u00e9 resultados se esperan?<\/strong><\/li><\/ol><ul><li>Mayor cobertura de servicios de cuidado.<\/li><li>Reconocimiento del cuidado como un derecho y un trabajo.<\/li><li>Transformaci\u00f3n cultural hacia la corresponsabilidad.<\/li><li>Continuidad institucional garantizada por un Acuerdo Distrital.<\/li><\/ul>\t\t\t\t\t<\/div>\n\t\t\t\t\t\t<\/div>\n\t\t\t\t<\/div>\n\t\t<\/div>\t\t\t\t\t\t\t<\/div>\n\t\t\t<\/div>\n\t\t\t\t\t<\/div>\n\t\t","protected":false},"excerpt":{"rendered":"<p>Sistema de Cuidado de Medell\u00edn Reconocemos el cuidado como un trabajo y apostamos por garantizar tiempo, bienestar y oportunidades para quienes cuidan. Creemos en la importancia de reconocer, redistribuir y reducir esta responsabilidad, promoviendo un &#8230;<\/p>\n","protected":false},"author":97,"featured_media":428442,"parent":8736,"menu_order":0,"comment_status":"closed","ping_status":"closed","template":"sec-mujeres\/elementor.php","meta":[],"acf":[],"_links":{"self":[{"href":"https:\/\/www.medellin.gov.co\/es\/wp-json\/wp\/v2\/pages\/408753"}],"collection":[{"href":"https:\/\/www.medellin.gov.co\/es\/wp-json\/wp\/v2\/pages"}],"about":[{"href":"https:\/\/www.medellin.gov.co\/es\/wp-json\/wp\/v2\/types\/page"}],"author":[{"embeddable":true,"href":"https:\/\/www.medellin.gov.co\/es\/wp-json\/wp\/v2\/users\/97"}],"replies":[{"embeddable":true,"href":"https:\/\/www.medellin.gov.co\/es\/wp-json\/wp\/v2\/comments?post=408753"}],"version-history":[{"count":10,"href":"https:\/\/www.medellin.gov.co\/es\/wp-json\/wp\/v2\/pages\/408753\/revisions"}],"predecessor-version":[{"id":508772,"href":"https:\/\/www.medellin.gov.co\/es\/wp-json\/wp\/v2\/pages\/408753\/revisions\/508772"}],"up":[{"embeddable":true,"href":"https:\/\/www.medellin.gov.co\/es\/wp-json\/wp\/v2\/pages\/8736"}],"wp:featuredmedia":[{"embeddable":true,"href":"https:\/\/www.medellin.gov.co\/es\/wp-json\/wp\/v2\/media\/428442"}],"wp:attachment":[{"href":"https:\/\/www.medellin.gov.co\/es\/wp-json\/wp\/v2\/media?parent=408753"}],"curies":[{"name":"wp","href":"https:\/\/api.w.org\/{rel}","templated":true}]}}