{"id":408901,"date":"2025-05-14T09:09:05","date_gmt":"2025-05-14T14:09:05","guid":{"rendered":"https:\/\/www.medellin.gov.co\/es\/?page_id=408901"},"modified":"2025-05-16T10:38:29","modified_gmt":"2025-05-16T15:38:29","slug":"medellin-capital-mundial-del-libro-2027","status":"publish","type":"page","link":"https:\/\/www.medellin.gov.co\/es\/medellin-capital-mundial-del-libro-2027\/","title":{"rendered":"Medell\u00edn Capital Mundial del Libro 2027"},"content":{"rendered":"\t\t<div data-elementor-type=\"wp-page\" data-elementor-id=\"408901\" class=\"elementor elementor-408901\">\n\t\t\t\t\t\t<div class=\"elementor-inner\">\n\t\t\t\t<div class=\"elementor-section-wrap\">\n\t\t\t\t\t\t\t<div class=\"elementor-element elementor-element-3c4fc70 e-container--column e-container\" data-id=\"3c4fc70\" data-element_type=\"container\">\t\t\t\t<div class=\"elementor-element elementor-element-24c27b1 elementor-widget elementor-widget-spacer\" data-id=\"24c27b1\" data-element_type=\"widget\" data-widget_type=\"spacer.default\">\n\t\t\t\t<div class=\"elementor-widget-container\">\n\t\t\t\t\t<div class=\"elementor-spacer\">\n\t\t\t<div class=\"elementor-spacer-inner\"><\/div>\n\t\t<\/div>\n\t\t\t\t<\/div>\n\t\t\t\t<\/div>\n\t\t<\/div><div class=\"elementor-element elementor-element-e67c13b e-container--column e-container\" data-id=\"e67c13b\" data-element_type=\"container\">\t\t\t\t<div class=\"elementor-element elementor-element-914c955 elementor-widget elementor-widget-text-editor\" data-id=\"914c955\" data-element_type=\"widget\" data-widget_type=\"text-editor.default\">\n\t\t\t\t<div class=\"elementor-widget-container\">\n\t\t\t\t\t\t\t\t<div class=\"elementor-text-editor elementor-clearfix\">\n\t\t\t\t<h1>Medell\u00edn Capital Mundial del Libro 2027<\/h1>\t\t\t\t\t<\/div>\n\t\t\t\t\t\t<\/div>\n\t\t\t\t<\/div>\n\t\t<\/div><div class=\"elementor-element elementor-element-277ea42 e-container--column e-container\" data-id=\"277ea42\" data-element_type=\"container\">\t\t\t\t<div class=\"elementor-element elementor-element-a19defa elementor-widget elementor-widget-spacer\" data-id=\"a19defa\" data-element_type=\"widget\" data-widget_type=\"spacer.default\">\n\t\t\t\t<div class=\"elementor-widget-container\">\n\t\t\t\t\t<div class=\"elementor-spacer\">\n\t\t\t<div class=\"elementor-spacer-inner\"><\/div>\n\t\t<\/div>\n\t\t\t\t<\/div>\n\t\t\t\t<\/div>\n\t\t<\/div><div class=\"elementor-element elementor-element-718f106 e-container--column e-container\" data-id=\"718f106\" data-element_type=\"container\">\t\t\t\t<div class=\"elementor-element elementor-element-e60f4fa elementor-widget elementor-widget-image\" data-id=\"e60f4fa\" data-element_type=\"widget\" data-widget_type=\"image.default\">\n\t\t\t\t<div class=\"elementor-widget-container\">\n\t\t\t\t\t\t\t\t<div class=\"elementor-image\">\n\t\t\t\t\t\t\t\t\t\t\t\t<img width=\"1280\" height=\"800\" src=\"https:\/\/www.medellin.gov.co\/es\/wp-content\/uploads\/2025\/05\/Medellin-Capital-Mundial-del-Libro.jpg\" class=\"attachment-full size-full\" alt=\"Medell\u00edn Capital Mundial del Libro 2027\" loading=\"lazy\" srcset=\"https:\/\/www.medellin.gov.co\/es\/wp-content\/uploads\/2025\/05\/Medellin-Capital-Mundial-del-Libro.jpg 1280w, https:\/\/www.medellin.gov.co\/es\/wp-content\/uploads\/2025\/05\/Medellin-Capital-Mundial-del-Libro-300x188.jpg 300w, https:\/\/www.medellin.gov.co\/es\/wp-content\/uploads\/2025\/05\/Medellin-Capital-Mundial-del-Libro-1024x640.jpg 1024w, https:\/\/www.medellin.gov.co\/es\/wp-content\/uploads\/2025\/05\/Medellin-Capital-Mundial-del-Libro-150x94.jpg 150w, https:\/\/www.medellin.gov.co\/es\/wp-content\/uploads\/2025\/05\/Medellin-Capital-Mundial-del-Libro-768x480.jpg 768w\" sizes=\"(max-width: 1280px) 100vw, 1280px\" \/>\t\t\t\t\t\t\t\t\t\t\t\t\t\t<\/div>\n\t\t\t\t\t\t<\/div>\n\t\t\t\t<\/div>\n\t\t<\/div><div class=\"elementor-element elementor-element-05e22a5 e-container--column e-container\" data-id=\"05e22a5\" data-element_type=\"container\">\t\t\t\t<div class=\"elementor-element elementor-element-0cbb280 elementor-widget elementor-widget-spacer\" data-id=\"0cbb280\" data-element_type=\"widget\" data-widget_type=\"spacer.default\">\n\t\t\t\t<div class=\"elementor-widget-container\">\n\t\t\t\t\t<div class=\"elementor-spacer\">\n\t\t\t<div class=\"elementor-spacer-inner\"><\/div>\n\t\t<\/div>\n\t\t\t\t<\/div>\n\t\t\t\t<\/div>\n\t\t<\/div><div class=\"elementor-element elementor-element-52f239f e-container--column e-container\" data-id=\"52f239f\" data-element_type=\"container\">\t\t\t\t<div class=\"elementor-element elementor-element-d62cd22 elementor-widget elementor-widget-heading\" data-id=\"d62cd22\" data-element_type=\"widget\" data-widget_type=\"heading.default\">\n\t\t\t\t<div class=\"elementor-widget-container\">\n\t\t\t<h2 class=\"elementor-heading-title elementor-size-default\"><b>\u00bfQu\u00e9 significa ser la Capital Mundial del Libro?<\/b><\/h2>\t\t<\/div>\n\t\t\t\t<\/div>\n\t\t<\/div><div class=\"elementor-element elementor-element-ee47d0f e-container--column e-container\" data-id=\"ee47d0f\" data-element_type=\"container\">\t\t\t\t<div class=\"elementor-element elementor-element-3618526 elementor-widget elementor-widget-spacer\" data-id=\"3618526\" data-element_type=\"widget\" data-widget_type=\"spacer.default\">\n\t\t\t\t<div class=\"elementor-widget-container\">\n\t\t\t\t\t<div class=\"elementor-spacer\">\n\t\t\t<div class=\"elementor-spacer-inner\"><\/div>\n\t\t<\/div>\n\t\t\t\t<\/div>\n\t\t\t\t<\/div>\n\t\t<\/div><div class=\"elementor-element elementor-element-f6c1936 e-container--row e-container\" data-id=\"f6c1936\" data-element_type=\"container\">\t\t<div class=\"elementor-element elementor-element-5ff7a3d e-container--column e-container\" data-id=\"5ff7a3d\" data-element_type=\"container\">\t\t\t\t<div class=\"elementor-element elementor-element-bedb00e elementor-widget elementor-widget-text-editor\" data-id=\"bedb00e\" data-element_type=\"widget\" data-widget_type=\"text-editor.default\">\n\t\t\t\t<div class=\"elementor-widget-container\">\n\t\t\t\t\t\t\t\t<div class=\"elementor-text-editor elementor-clearfix\">\n\t\t\t\t<p><span style=\"font-weight: 400;\">Desde 2001 la UNESCO reconoce anualmente a las ciudades que apoyan la creatividad, la educaci\u00f3n y el conocimiento a trav\u00e9s de los libros y la lectura con el t\u00edtulo de <\/span><b>Capital Mundial del Libro<\/b><span style=\"font-weight: 400;\">.<\/span><\/p><p><span style=\"font-weight: 400;\">Esta postulaci\u00f3n propone acciones dirigidas a la inclusi\u00f3n ciudadana, el acceso a los libros, la sostenibilidad de la cadena del libro y, particularmente, la alfabetizaci\u00f3n y la comprensi\u00f3n lectora.<\/span><\/p><p><span style=\"font-weight: 400;\">El t\u00edtulo de Capital Mundial del Libro servir\u00e1 para resaltar el valor social de las Bibliotecas P\u00fablicas, la fuerza naciente de la cadena del libro, las apuestas creativas de nuevos creadores; en \u00faltimas, har\u00e1 las veces de caja de resonancia del p\u00e1lpito cultural que propios y extra\u00f1os reconocen al transitar la ciudad.<\/span><\/p><p><i><span style=\"font-weight: 400;\">\u201cEsta candidatura permitir\u00e1 presentar un proyecto renovado de promoci\u00f3n de lectura para la ciudad, consolidar su sistema de bibliotecas, fortalecer su relaci\u00f3n con todas las entidades y organizaciones que trabajan alrededor del libro en Medell\u00edn, y seguir impulsando no solo la industria editorial, sino tambi\u00e9n elv\u00ednculo de ni\u00f1as, ni\u00f1os, j\u00f3venes, adultos y adultos mayores con los libros\u201d.<\/span><\/i><\/p><p><strong>Santiago Silva Jaramillo, Secretario de Cultura Ciudadana.<\/strong><\/p>\t\t\t\t\t<\/div>\n\t\t\t\t\t\t<\/div>\n\t\t\t\t<\/div>\n\t\t<\/div><div class=\"elementor-element elementor-element-6785974 e-container--column e-container\" data-id=\"6785974\" data-element_type=\"container\">\t\t\t\t<div class=\"elementor-element elementor-element-1e9cab9 elementor-widget elementor-widget-image\" data-id=\"1e9cab9\" data-element_type=\"widget\" data-widget_type=\"image.default\">\n\t\t\t\t<div class=\"elementor-widget-container\">\n\t\t\t\t\t\t\t\t<div class=\"elementor-image\">\n\t\t\t\t\t\t\t\t\t\t\t\t<img width=\"1024\" height=\"683\" src=\"https:\/\/www.medellin.gov.co\/es\/wp-content\/uploads\/2025\/05\/Imagen-lenyendo-un-libro-1024x683.jpg\" class=\"attachment-large size-large\" alt=\"\" loading=\"lazy\" srcset=\"https:\/\/www.medellin.gov.co\/es\/wp-content\/uploads\/2025\/05\/Imagen-lenyendo-un-libro-1024x683.jpg 1024w, https:\/\/www.medellin.gov.co\/es\/wp-content\/uploads\/2025\/05\/Imagen-lenyendo-un-libro-300x200.jpg 300w, https:\/\/www.medellin.gov.co\/es\/wp-content\/uploads\/2025\/05\/Imagen-lenyendo-un-libro-150x100.jpg 150w, https:\/\/www.medellin.gov.co\/es\/wp-content\/uploads\/2025\/05\/Imagen-lenyendo-un-libro-768x512.jpg 768w, https:\/\/www.medellin.gov.co\/es\/wp-content\/uploads\/2025\/05\/Imagen-lenyendo-un-libro.jpg 1280w\" sizes=\"(max-width: 1024px) 100vw, 1024px\" \/>\t\t\t\t\t\t\t\t\t\t\t\t\t\t<\/div>\n\t\t\t\t\t\t<\/div>\n\t\t\t\t<\/div>\n\t\t<\/div><\/div>\t\t<section class=\"elementor-section elementor-top-section elementor-element elementor-element-fdba002 elementor-section-boxed elementor-section-height-default elementor-section-height-default\" data-id=\"fdba002\" data-element_type=\"section\">\n\t\t\t\t\t\t<div class=\"elementor-container elementor-column-gap-default\">\n\t\t\t\t\t\t\t<div class=\"elementor-row\">\n\t\t\t\t\t<div class=\"elementor-column elementor-col-100 elementor-top-column elementor-element elementor-element-ba71951\" data-id=\"ba71951\" data-element_type=\"column\">\n\t\t\t<div class=\"elementor-column-wrap elementor-element-populated\">\n\t\t\t\t\t\t\t<div class=\"elementor-widget-wrap\">\n\t\t\t\t\t\t<div class=\"elementor-element elementor-element-6a34c4c elementor-widget elementor-widget-heading\" data-id=\"6a34c4c\" data-element_type=\"widget\" data-widget_type=\"heading.default\">\n\t\t\t\t<div class=\"elementor-widget-container\">\n\t\t\t<h2 class=\"elementor-heading-title elementor-size-default\"><b>\u00bfPara qu\u00e9?<\/b><\/h2>\t\t<\/div>\n\t\t\t\t<\/div>\n\t\t\t\t\t\t<\/div>\n\t\t\t\t\t<\/div>\n\t\t<\/div>\n\t\t\t\t\t\t\t\t<\/div>\n\t\t\t\t\t<\/div>\n\t\t<\/section>\n\t\t<div class=\"elementor-element elementor-element-da785fa e-container--column e-container\" data-id=\"da785fa\" data-element_type=\"container\">\t\t\t\t<div class=\"elementor-element elementor-element-bc9c3c8 elementor-widget elementor-widget-spacer\" data-id=\"bc9c3c8\" data-element_type=\"widget\" data-widget_type=\"spacer.default\">\n\t\t\t\t<div class=\"elementor-widget-container\">\n\t\t\t\t\t<div class=\"elementor-spacer\">\n\t\t\t<div class=\"elementor-spacer-inner\"><\/div>\n\t\t<\/div>\n\t\t\t\t<\/div>\n\t\t\t\t<\/div>\n\t\t<\/div><div class=\"elementor-element elementor-element-0dbf9d0 e-container--row e-container\" data-id=\"0dbf9d0\" data-element_type=\"container\">\t\t<div class=\"elementor-element elementor-element-3c94957 e-container--column e-container\" data-id=\"3c94957\" data-element_type=\"container\">\t\t\t\t<div class=\"elementor-element elementor-element-998151f elementor-widget elementor-widget-text-editor\" data-id=\"998151f\" data-element_type=\"widget\" data-widget_type=\"text-editor.default\">\n\t\t\t\t<div class=\"elementor-widget-container\">\n\t\t\t\t\t\t\t\t<div class=\"elementor-text-editor elementor-clearfix\">\n\t\t\t\t<p><span style=\"font-weight: 400;\">Medell\u00edn presenta su candidatura para ser la Capital Mundial del Libro de la UNESCO para insistir en la <\/span><b>decisi\u00f3n<\/b> <b>colectiva<\/b><span style=\"font-weight: 400;\"> de apostarle al poder transformador de la cultura. La historia reciente de la ciudad es buen ejemplo de c\u00f3mo una comunidad hizo conciencia de sus valores para conjurar la muerte, y en este proceso, los libros y las bibliotecas han jugado un papel fundamental.\u00a0<\/span><\/p><p><span style=\"font-weight: 400;\">Sin embargo, hay que reconocer que el camino andado, aunque no es poco, no es suficiente y a\u00fan hay mucho por trabajar; que la equidad y la inclusi\u00f3n exigen una articulaci\u00f3n constante entre el Estado, la academia, la sociedad civil, las comunidades organizadas y el sector empresarial. En este sentido, ser la Capital Mundial del Libro le permitir\u00e1 a la ciudad hacer visible al mundo su transformaci\u00f3n y, al tiempo, le exigir\u00e1 repensar un presente e imaginar un futuro con los libros como singulares espejos para reconocerse pero tambi\u00e9n como br\u00fajulas necesarias para se\u00f1alar un rumbo.<\/span><\/p>\t\t\t\t\t<\/div>\n\t\t\t\t\t\t<\/div>\n\t\t\t\t<\/div>\n\t\t<\/div><div class=\"elementor-element elementor-element-d0b4d0e e-container--column e-container\" data-id=\"d0b4d0e\" data-element_type=\"container\">\t\t\t\t<div class=\"elementor-element elementor-element-4d481c0 elementor-widget elementor-widget-image\" data-id=\"4d481c0\" data-element_type=\"widget\" data-widget_type=\"image.default\">\n\t\t\t\t<div class=\"elementor-widget-container\">\n\t\t\t\t\t\t\t\t<div class=\"elementor-image\">\n\t\t\t\t\t\t\t\t\t\t\t\t<img width=\"1024\" height=\"683\" src=\"https:\/\/www.medellin.gov.co\/es\/wp-content\/uploads\/2025\/05\/Imagen-fiesta-del-libro-1024x683.jpg\" class=\"attachment-large size-large\" alt=\"Imagen fiesta del libro\" loading=\"lazy\" srcset=\"https:\/\/www.medellin.gov.co\/es\/wp-content\/uploads\/2025\/05\/Imagen-fiesta-del-libro-1024x683.jpg 1024w, https:\/\/www.medellin.gov.co\/es\/wp-content\/uploads\/2025\/05\/Imagen-fiesta-del-libro-300x200.jpg 300w, https:\/\/www.medellin.gov.co\/es\/wp-content\/uploads\/2025\/05\/Imagen-fiesta-del-libro-150x100.jpg 150w, https:\/\/www.medellin.gov.co\/es\/wp-content\/uploads\/2025\/05\/Imagen-fiesta-del-libro-768x512.jpg 768w, https:\/\/www.medellin.gov.co\/es\/wp-content\/uploads\/2025\/05\/Imagen-fiesta-del-libro.jpg 1280w\" sizes=\"(max-width: 1024px) 100vw, 1024px\" \/>\t\t\t\t\t\t\t\t\t\t\t\t\t\t<\/div>\n\t\t\t\t\t\t<\/div>\n\t\t\t\t<\/div>\n\t\t<\/div><\/div><div class=\"elementor-element elementor-element-d1b2663 e-container--column e-container\" data-id=\"d1b2663\" data-element_type=\"container\">\t\t\t\t<div class=\"elementor-element elementor-element-072cda4 elementor-widget-divider--view-line elementor-widget elementor-widget-divider\" data-id=\"072cda4\" data-element_type=\"widget\" data-widget_type=\"divider.default\">\n\t\t\t\t<div class=\"elementor-widget-container\">\n\t\t\t\t\t<div class=\"elementor-divider\">\n\t\t\t<span class=\"elementor-divider-separator\">\n\t\t\t\t\t\t<\/span>\n\t\t<\/div>\n\t\t\t\t<\/div>\n\t\t\t\t<\/div>\n\t\t<\/div><div class=\"elementor-element elementor-element-7a4ecbd e-container--column e-container\" data-id=\"7a4ecbd\" data-element_type=\"container\">\t\t\t\t<div class=\"elementor-element elementor-element-c2aabab elementor-aspect-ratio-169 elementor-widget elementor-widget-video\" data-id=\"c2aabab\" data-element_type=\"widget\" data-settings=\"{&quot;youtube_url&quot;:&quot;https:\\\/\\\/www.youtube.com\\\/watch?v=7CrXIHbIL4Y&quot;,&quot;video_type&quot;:&quot;youtube&quot;,&quot;controls&quot;:&quot;yes&quot;,&quot;aspect_ratio&quot;:&quot;169&quot;}\" data-widget_type=\"video.default\">\n\t\t\t\t<div class=\"elementor-widget-container\">\n\t\t\t\t\t<div class=\"elementor-wrapper elementor-fit-aspect-ratio elementor-open-inline\">\n\t\t\t<div class=\"elementor-video\"><\/div>\t\t<\/div>\n\t\t\t\t<\/div>\n\t\t\t\t<\/div>\n\t\t<\/div><div class=\"elementor-element elementor-element-08d209a e-container--column e-container\" data-id=\"08d209a\" data-element_type=\"container\">\t\t\t\t<div class=\"elementor-element elementor-element-24bc64d elementor-widget elementor-widget-heading\" data-id=\"24bc64d\" data-element_type=\"widget\" data-widget_type=\"heading.default\">\n\t\t\t\t<div class=\"elementor-widget-container\">\n\t\t\t<h2 class=\"elementor-heading-title elementor-size-default\"><b>Manifiesto -<\/b> Medell\u00edn Capital Mundial del Libro 2027<\/h2>\t\t<\/div>\n\t\t\t\t<\/div>\n\t\t<\/div><div class=\"elementor-element elementor-element-bcaf121 e-container--column e-container\" data-id=\"bcaf121\" data-element_type=\"container\">\t\t\t\t<div class=\"elementor-element elementor-element-2c196e2 elementor-widget elementor-widget-spacer\" data-id=\"2c196e2\" data-element_type=\"widget\" data-widget_type=\"spacer.default\">\n\t\t\t\t<div class=\"elementor-widget-container\">\n\t\t\t\t\t<div class=\"elementor-spacer\">\n\t\t\t<div class=\"elementor-spacer-inner\"><\/div>\n\t\t<\/div>\n\t\t\t\t<\/div>\n\t\t\t\t<\/div>\n\t\t<\/div><div class=\"elementor-element elementor-element-8719dba e-container--column e-container\" data-id=\"8719dba\" data-element_type=\"container\">\t\t\t\t<div class=\"elementor-element elementor-element-cc91e32 elementor-widget elementor-widget-embed-documents\" data-id=\"cc91e32\" data-element_type=\"widget\" data-widget_type=\"embed-documents.default\">\n\t\t\t\t<div class=\"elementor-widget-container\">\n\t\t\t        \n        <div class=\"iframe-container\"><iframe src=\"https:\/\/www.medellin.gov.co\/es\/wp-content\/uploads\/2025\/05\/CAPITAL-MUNDIAL-DEL-LIBRO-Brochure.pdf\" style=\"width:100%; height:900px;\" frameborder=\"0\"><\/iframe><\/div>\n        \n        \t\t<\/div>\n\t\t\t\t<\/div>\n\t\t<\/div>\t\t<section class=\"elementor-section elementor-top-section elementor-element elementor-element-51bc719 elementor-section-boxed elementor-section-height-default elementor-section-height-default\" data-id=\"51bc719\" data-element_type=\"section\">\n\t\t\t\t\t\t<div class=\"elementor-container elementor-column-gap-default\">\n\t\t\t\t\t\t\t<div class=\"elementor-row\">\n\t\t\t\t\t<div class=\"elementor-column elementor-col-100 elementor-top-column elementor-element elementor-element-103c20b\" data-id=\"103c20b\" data-element_type=\"column\">\n\t\t\t<div class=\"elementor-column-wrap\">\n\t\t\t\t\t\t\t<div class=\"elementor-widget-wrap\">\n\t\t\t\t\t\t\t\t<\/div>\n\t\t\t\t\t<\/div>\n\t\t<\/div>\n\t\t\t\t\t\t\t\t<\/div>\n\t\t\t\t\t<\/div>\n\t\t<\/section>\n\t\t\t\t\t\t\t\t\t<\/div>\n\t\t\t<\/div>\n\t\t\t\t\t<\/div>\n\t\t","protected":false},"excerpt":{"rendered":"<p>Medell\u00edn Capital Mundial del Libro 2027 \u00bfQu\u00e9 significa ser la Capital Mundial del Libro? Desde 2001 la UNESCO reconoce anualmente a las ciudades que apoyan la creatividad, la educaci\u00f3n y el conocimiento a trav\u00e9s de &#8230;<\/p>\n","protected":false},"author":97,"featured_media":0,"parent":0,"menu_order":0,"comment_status":"closed","ping_status":"closed","template":"sec-cultura\/elementor.php","meta":[],"acf":[],"_links":{"self":[{"href":"https:\/\/www.medellin.gov.co\/es\/wp-json\/wp\/v2\/pages\/408901"}],"collection":[{"href":"https:\/\/www.medellin.gov.co\/es\/wp-json\/wp\/v2\/pages"}],"about":[{"href":"https:\/\/www.medellin.gov.co\/es\/wp-json\/wp\/v2\/types\/page"}],"author":[{"embeddable":true,"href":"https:\/\/www.medellin.gov.co\/es\/wp-json\/wp\/v2\/users\/97"}],"replies":[{"embeddable":true,"href":"https:\/\/www.medellin.gov.co\/es\/wp-json\/wp\/v2\/comments?post=408901"}],"version-history":[{"count":10,"href":"https:\/\/www.medellin.gov.co\/es\/wp-json\/wp\/v2\/pages\/408901\/revisions"}],"predecessor-version":[{"id":410442,"href":"https:\/\/www.medellin.gov.co\/es\/wp-json\/wp\/v2\/pages\/408901\/revisions\/410442"}],"wp:attachment":[{"href":"https:\/\/www.medellin.gov.co\/es\/wp-json\/wp\/v2\/media?parent=408901"}],"curies":[{"name":"wp","href":"https:\/\/api.w.org\/{rel}","templated":true}]}}