{"id":421822,"date":"2025-06-23T14:04:30","date_gmt":"2025-06-23T19:04:30","guid":{"rendered":"https:\/\/www.medellin.gov.co\/es\/?page_id=421822"},"modified":"2025-06-23T15:28:47","modified_gmt":"2025-06-23T20:28:47","slug":"cuando-el-arte-salva-y-ensena-la-historia-de-la-profesora-yolima-ospina","status":"publish","type":"page","link":"https:\/\/www.medellin.gov.co\/es\/secretaria-cultura-ciudadana\/red-de-practicas-artisticas-y-culturales\/cuando-el-arte-salva-y-ensena-la-historia-de-la-profesora-yolima-ospina\/","title":{"rendered":"Cuando el arte salva y ense\u00f1a, la historia de la profesora Yolima Ospina"},"content":{"rendered":"\t\t<div data-elementor-type=\"wp-page\" data-elementor-id=\"421822\" class=\"elementor elementor-421822\">\n\t\t\t\t\t\t<div class=\"elementor-inner\">\n\t\t\t\t<div class=\"elementor-section-wrap\">\n\t\t\t\t\t\t\t<div class=\"elementor-element elementor-element-7f2808e e-container--column e-container\" data-id=\"7f2808e\" data-element_type=\"container\">\t\t\t\t<div class=\"elementor-element elementor-element-dfffa88 elementor-widget elementor-widget-heading\" data-id=\"dfffa88\" data-element_type=\"widget\" data-widget_type=\"heading.default\">\n\t\t\t\t<div class=\"elementor-widget-container\">\n\t\t\t<h1 class=\"elementor-heading-title elementor-size-large\">Cuando el arte salva y ense\u00f1a, la historia de la profesora Yolima Ospina<\/h1>\t\t<\/div>\n\t\t\t\t<\/div>\n\t\t\t\t<div class=\"elementor-element elementor-element-afaf9ac elementor-widget elementor-widget-text-editor\" data-id=\"afaf9ac\" data-element_type=\"widget\" data-widget_type=\"text-editor.default\">\n\t\t\t\t<div class=\"elementor-widget-container\">\n\t\t\t\t\t\t\t\t<div class=\"elementor-text-editor elementor-clearfix\">\n\t\t\t\t<p>Yolima Ospina \u00c1lvarez es docente de Art\u00edstica en la Instituci\u00f3n Educativa Monse\u00f1or Gerardo Valencia y dice con certeza que el arte cambi\u00f3 su vida, por eso busca que tambi\u00e9n lo haga con sus estudiantes y gestiona cada a\u00f1o el inicio del laboratorio creativo de la Red de Artes Pl\u00e1sticas.<\/p>\t\t\t\t\t<\/div>\n\t\t\t\t\t\t<\/div>\n\t\t\t\t<\/div>\n\t\t\t\t<div class=\"elementor-element elementor-element-1ddcb07 elementor-widget elementor-widget-text-editor\" data-id=\"1ddcb07\" data-element_type=\"widget\" data-widget_type=\"text-editor.default\">\n\t\t\t\t<div class=\"elementor-widget-container\">\n\t\t\t\t\t\t\t\t<div class=\"elementor-text-editor elementor-clearfix\">\n\t\t\t\t<h6><em>Por: Camilo Andr\u00e9s Moreno Tamayo<\/em><\/h6>\t\t\t\t\t<\/div>\n\t\t\t\t\t\t<\/div>\n\t\t\t\t<\/div>\n\t\t<\/div><div class=\"elementor-element elementor-element-67f8531 e-container--column e-container\" data-id=\"67f8531\" data-element_type=\"container\">\t\t\t\t<div class=\"elementor-element elementor-element-a697cc8 elementor-widget elementor-widget-spacer\" data-id=\"a697cc8\" data-element_type=\"widget\" data-widget_type=\"spacer.default\">\n\t\t\t\t<div class=\"elementor-widget-container\">\n\t\t\t\t\t<div class=\"elementor-spacer\">\n\t\t\t<div class=\"elementor-spacer-inner\"><\/div>\n\t\t<\/div>\n\t\t\t\t<\/div>\n\t\t\t\t<\/div>\n\t\t\t\t<div class=\"elementor-element elementor-element-a5eb2fe elementor-widget elementor-widget-image\" data-id=\"a5eb2fe\" data-element_type=\"widget\" data-widget_type=\"image.default\">\n\t\t\t\t<div class=\"elementor-widget-container\">\n\t\t\t\t\t\t\t\t<div class=\"elementor-image\">\n\t\t\t\t\t\t\t\t\t\t\t\t<img width=\"1024\" height=\"682\" src=\"https:\/\/www.medellin.gov.co\/es\/wp-content\/uploads\/2025\/06\/Profesora-Yolima-Ospina-Alvarez-con-estudiantes-1024x682.jpg\" class=\"attachment-large size-large\" alt=\"Profesora Yolima Ospina \u00c1lvarez con estudiantes\" loading=\"lazy\" srcset=\"https:\/\/www.medellin.gov.co\/es\/wp-content\/uploads\/2025\/06\/Profesora-Yolima-Ospina-Alvarez-con-estudiantes-1024x682.jpg 1024w, https:\/\/www.medellin.gov.co\/es\/wp-content\/uploads\/2025\/06\/Profesora-Yolima-Ospina-Alvarez-con-estudiantes-300x200.jpg 300w, https:\/\/www.medellin.gov.co\/es\/wp-content\/uploads\/2025\/06\/Profesora-Yolima-Ospina-Alvarez-con-estudiantes-150x100.jpg 150w, https:\/\/www.medellin.gov.co\/es\/wp-content\/uploads\/2025\/06\/Profesora-Yolima-Ospina-Alvarez-con-estudiantes-768x512.jpg 768w, https:\/\/www.medellin.gov.co\/es\/wp-content\/uploads\/2025\/06\/Profesora-Yolima-Ospina-Alvarez-con-estudiantes.jpg 1276w\" sizes=\"(max-width: 1024px) 100vw, 1024px\" \/>\t\t\t\t\t\t\t\t\t\t\t\t\t\t<\/div>\n\t\t\t\t\t\t<\/div>\n\t\t\t\t<\/div>\n\t\t<\/div><div class=\"elementor-element elementor-element-96e8462 e-container--column e-container\" data-id=\"96e8462\" data-element_type=\"container\">\t\t\t\t<div class=\"elementor-element elementor-element-7b241dc elementor-widget elementor-widget-spacer\" data-id=\"7b241dc\" data-element_type=\"widget\" data-widget_type=\"spacer.default\">\n\t\t\t\t<div class=\"elementor-widget-container\">\n\t\t\t\t\t<div class=\"elementor-spacer\">\n\t\t\t<div class=\"elementor-spacer-inner\"><\/div>\n\t\t<\/div>\n\t\t\t\t<\/div>\n\t\t\t\t<\/div>\n\t\t\t\t<div class=\"elementor-element elementor-element-aedfe75 elementor-widget elementor-widget-text-editor\" data-id=\"aedfe75\" data-element_type=\"widget\" data-widget_type=\"text-editor.default\">\n\t\t\t\t<div class=\"elementor-widget-container\">\n\t\t\t\t\t\t\t\t<div class=\"elementor-text-editor elementor-clearfix\">\n\t\t\t\t<p style=\"font-weight: 400;\">El nombre de Yolima Ospina \u00c1lvarez empez\u00f3 a sonar con insistencia en la Secretar\u00eda de Cultura Ciudadana desde comienzos de enero, justo cuando arrancaba el calendario escolar en las instituciones p\u00fablicas de Medell\u00edn. No era una solicitud m\u00e1s. Su voz al otro lado del tel\u00e9fono, como un eco, replicaba el \u00e1nimo de sus estudiantes \u201c\u00bfProfe, cu\u00e1ndo empieza la Red de Artes Pl\u00e1sticas?\u201d, dec\u00edan los participantes del laboratorio creativo de la Instituci\u00f3n Educativa Monse\u00f1or Gerardo Valencia en la comuna 7, Robledo.<\/p><p style=\"font-weight: 400;\">Yolima lleva 34 a\u00f1os en la docencia. Su historia personal, marcada por las historias de la Medell\u00edn del ayer y por la salvaci\u00f3n que encontr\u00f3 en la Universidad de Antioquia, se ha convertido en un estandarte para su labor como educadora. \u201cYo crec\u00ed en un barrio muy violento. A m\u00ed me salv\u00f3 la universidad, por eso siempre he visto el arte como una posibilidad de vida. Eso me da y les da a los ni\u00f1os una salida, les da una opci\u00f3n de la vida\u201d<\/p>\t\t\t\t\t<\/div>\n\t\t\t\t\t\t<\/div>\n\t\t\t\t<\/div>\n\t\t\t\t<div class=\"elementor-element elementor-element-6334d37 elementor-widget elementor-widget-spacer\" data-id=\"6334d37\" data-element_type=\"widget\" data-widget_type=\"spacer.default\">\n\t\t\t\t<div class=\"elementor-widget-container\">\n\t\t\t\t\t<div class=\"elementor-spacer\">\n\t\t\t<div class=\"elementor-spacer-inner\"><\/div>\n\t\t<\/div>\n\t\t\t\t<\/div>\n\t\t\t\t<\/div>\n\t\t<\/div><div class=\"elementor-element elementor-element-52c0e75 e-container--column e-container\" data-id=\"52c0e75\" data-element_type=\"container\">\t\t\t\t<div class=\"elementor-element elementor-element-aa5b14e elementor-widget elementor-widget-text-editor\" data-id=\"aa5b14e\" data-element_type=\"widget\" data-widget_type=\"text-editor.default\">\n\t\t\t\t<div class=\"elementor-widget-container\">\n\t\t\t\t\t\t\t\t<div class=\"elementor-text-editor elementor-clearfix\">\n\t\t\t\t<p style=\"font-weight: 400;\">Con esa convicci\u00f3n clara, en 2024 su instituci\u00f3n recibi\u00f3 por primera vez un laboratorio creativo de la Red de Artes Pl\u00e1sticas. Desde entonces, todos los mi\u00e9rcoles se volvieron sagrados: cada semana, incluso sin iniciar formalmente, dedic\u00f3 sus tardes, despu\u00e9s de la jornada laboral, a reunir a ese grupo de estudiantes que vieron en el arte algo m\u00e1s que un laboratorio creativo: una puerta a las oportunidades.<\/p><p style=\"font-weight: 400;\">En solo un a\u00f1o, ha visto florecer liderazgos entre los j\u00f3venes participantes de la Red. Algunos ya apoyan otras actividades sociales y culturales. Pero hay historias que, por su carga emocional, dejan huella: \u201cTengo un estudiante autista en grado noveno. \u00c9l no se acercaba si no a m\u00ed y en estos momentos hace parte de la Red y ya empez\u00f3 a socializar con la nueva artista formadora, entonces esto lo ha ayudado a salir de su mundo\u201d.<\/p>\t\t\t\t\t<\/div>\n\t\t\t\t\t\t<\/div>\n\t\t\t\t<\/div>\n\t\t<\/div><div class=\"elementor-element elementor-element-9978d6a e-container--column e-container\" data-id=\"9978d6a\" data-element_type=\"container\">\t\t\t\t<div class=\"elementor-element elementor-element-1eddc7f elementor-blockquote--skin-quotation elementor-blockquote--button-view-icon-text elementor-blockquote--button-skin-classic elementor-blockquote--button-color-official elementor-widget elementor-widget-blockquote\" data-id=\"1eddc7f\" data-element_type=\"widget\" data-widget_type=\"blockquote.default\">\n\t\t\t\t<div class=\"elementor-widget-container\">\n\t\t\t\t\t<blockquote class=\"elementor-blockquote\">\n\t\t\t<p class=\"elementor-blockquote__content\">\n\t\t\t\t\u201cLo m\u00e1s importante de todo esto es que ellos est\u00e1n creciendo como unos sujetos sensibles a la vida, que ven lo del otro, que se est\u00e1n poniendo en los zapatos del otro, que est\u00e1n respetando las cosas de la ciudad\u201d.\t\t\t<\/p>\n\t\t\t\t\t\t\t<footer>\n\t\t\t\t\t\t\t\t\t\t\t<cite class=\"elementor-blockquote__author\">Yolima Ospina \u00c1lvarez<\/cite>\n\t\t\t\t\t\t\t\t\t\t\t\t\t\t\t\t<a href=\"https:\/\/twitter.com\/intent\/tweet?text=%E2%80%9CLo+m%C3%A1s+importante+de+todo+esto+es+que+ellos+est%C3%A1n+creciendo+como+unos+sujetos+sensibles+a+la+vida%2C+que+ven+lo+del+otro%2C+que+se+est%C3%A1n+poniendo+en+los+zapatos+del+otro%2C+que+est%C3%A1n+respetando+las+cosas+de+la+ciudad%E2%80%9D.+%E2%80%94+Yolima+Ospina+%C3%81lvarez&amp;url=https%3A%2F%2Fwww.medellin.gov.co%2Fes%2Fwp-json%2Fwp%2Fv2%2Fpages%2F421822\" class=\"elementor-blockquote__tweet-button\" target=\"_blank\">\n\t\t\t\t\t\t\t\t\t\t\t\t\t\t\t<i aria-hidden=\"true\" class=\"fab fa-twitter\"><\/i>\t\t\t\t\t\t\t\t\t\t\t\t\t\t\t\t\t\t\t\t\t\t\t\t\t\t\t\t\t\t<span class=\"elementor-blockquote__tweet-label\"><\/span>\n\t\t\t\t\t\t\t\t\t\t\t\t\t<\/a>\n\t\t\t\t\t\t\t\t\t<\/footer>\n\t\t\t\t\t<\/blockquote>\n\t\t\t\t<\/div>\n\t\t\t\t<\/div>\n\t\t<\/div><div class=\"elementor-element elementor-element-30d1dc9 e-container--column e-container\" data-id=\"30d1dc9\" data-element_type=\"container\">\t\t<\/div><div class=\"elementor-element elementor-element-642cb3b e-container--column e-container\" data-id=\"642cb3b\" data-element_type=\"container\">\t\t\t\t<div class=\"elementor-element elementor-element-58afd12 elementor-widget elementor-widget-spacer\" data-id=\"58afd12\" data-element_type=\"widget\" data-widget_type=\"spacer.default\">\n\t\t\t\t<div class=\"elementor-widget-container\">\n\t\t\t\t\t<div class=\"elementor-spacer\">\n\t\t\t<div class=\"elementor-spacer-inner\"><\/div>\n\t\t<\/div>\n\t\t\t\t<\/div>\n\t\t\t\t<\/div>\n\t\t\t\t<div class=\"elementor-element elementor-element-13ad506 elementor-widget elementor-widget-image\" data-id=\"13ad506\" data-element_type=\"widget\" data-widget_type=\"image.default\">\n\t\t\t\t<div class=\"elementor-widget-container\">\n\t\t\t\t\t\t\t\t<div class=\"elementor-image\">\n\t\t\t\t\t\t\t\t\t\t\t\t<img width=\"1024\" height=\"683\" src=\"https:\/\/www.medellin.gov.co\/es\/wp-content\/uploads\/2025\/06\/Laboratorio-creativo-Artes-plasticas-IE-Monsenor-Gerardo-Valencia-1024x683.jpg\" class=\"attachment-large size-large\" alt=\"Laboratorio creativo Artes plasticas IE Monse\u00f1or Gerardo Valencia\" loading=\"lazy\" srcset=\"https:\/\/www.medellin.gov.co\/es\/wp-content\/uploads\/2025\/06\/Laboratorio-creativo-Artes-plasticas-IE-Monsenor-Gerardo-Valencia-1024x683.jpg 1024w, https:\/\/www.medellin.gov.co\/es\/wp-content\/uploads\/2025\/06\/Laboratorio-creativo-Artes-plasticas-IE-Monsenor-Gerardo-Valencia-300x200.jpg 300w, https:\/\/www.medellin.gov.co\/es\/wp-content\/uploads\/2025\/06\/Laboratorio-creativo-Artes-plasticas-IE-Monsenor-Gerardo-Valencia-150x100.jpg 150w, https:\/\/www.medellin.gov.co\/es\/wp-content\/uploads\/2025\/06\/Laboratorio-creativo-Artes-plasticas-IE-Monsenor-Gerardo-Valencia-768x512.jpg 768w, https:\/\/www.medellin.gov.co\/es\/wp-content\/uploads\/2025\/06\/Laboratorio-creativo-Artes-plasticas-IE-Monsenor-Gerardo-Valencia-1536x1024.jpg 1536w, https:\/\/www.medellin.gov.co\/es\/wp-content\/uploads\/2025\/06\/Laboratorio-creativo-Artes-plasticas-IE-Monsenor-Gerardo-Valencia-2048x1365.jpg 2048w\" sizes=\"(max-width: 1024px) 100vw, 1024px\" \/>\t\t\t\t\t\t\t\t\t\t\t\t\t\t<\/div>\n\t\t\t\t\t\t<\/div>\n\t\t\t\t<\/div>\n\t\t<\/div><div class=\"elementor-element elementor-element-bad958a e-container--column e-container\" data-id=\"bad958a\" data-element_type=\"container\">\t\t\t\t<div class=\"elementor-element elementor-element-ce02fe1 elementor-widget elementor-widget-spacer\" data-id=\"ce02fe1\" data-element_type=\"widget\" data-widget_type=\"spacer.default\">\n\t\t\t\t<div class=\"elementor-widget-container\">\n\t\t\t\t\t<div class=\"elementor-spacer\">\n\t\t\t<div class=\"elementor-spacer-inner\"><\/div>\n\t\t<\/div>\n\t\t\t\t<\/div>\n\t\t\t\t<\/div>\n\t\t<\/div><div class=\"elementor-element elementor-element-825af54 e-container--column e-container\" data-id=\"825af54\" data-element_type=\"container\">\t\t\t\t<div class=\"elementor-element elementor-element-8637031 elementor-widget elementor-widget-text-editor\" data-id=\"8637031\" data-element_type=\"widget\" data-widget_type=\"text-editor.default\">\n\t\t\t\t<div class=\"elementor-widget-container\">\n\t\t\t\t\t\t\t\t<div class=\"elementor-text-editor elementor-clearfix\">\n\t\t\t\t<p style=\"font-weight: 400;\">La Red de Pr\u00e1cticas Art\u00edsticas y Culturales llega a las 16 comunas y 5 corregimientos de Medell\u00edn, su esencia es formar ciudadan\u00eda a trav\u00e9s del arte y en esa din\u00e1mica se ha consolidado como un entorno protector para ni\u00f1os, ni\u00f1as, adolescentes y j\u00f3venes participantes. En esa sinton\u00eda resuenan las palabras de Yolima: \u201cLo m\u00e1s importante de todo esto es que ellos est\u00e1n creciendo como unos sujetos sensibles a la vida, que ven lo del otro, que se est\u00e1n poniendo en los zapatos del otro, que est\u00e1n respetando las cosas de la ciudad\u201d.<\/p><p style=\"font-weight: 400;\">As\u00ed, cada ma\u00f1ana, a las 4:30 a. m., Yolima se levanta a cumplir su cita con su vocaci\u00f3n docente, donde su entrega ha ido m\u00e1s all\u00e1 de lo profesional. Tanto en sus palabras como acciones, la profe, cree en la importancia de garantizar a los adolescentes y j\u00f3venes espacios seguros que los gu\u00edan y les dan la posibilidad de fortalecer sus habilidades y capacidades para desarrollar su proyecto de vida.<\/p>\t\t\t\t\t<\/div>\n\t\t\t\t\t\t<\/div>\n\t\t\t\t<\/div>\n\t\t<\/div><div class=\"elementor-element elementor-element-b1f384b e-container--column e-container\" data-id=\"b1f384b\" data-element_type=\"container\">\t\t\t\t<div class=\"elementor-element elementor-element-5c0b2bf elementor-widget elementor-widget-spacer\" data-id=\"5c0b2bf\" data-element_type=\"widget\" data-widget_type=\"spacer.default\">\n\t\t\t\t<div class=\"elementor-widget-container\">\n\t\t\t\t\t<div class=\"elementor-spacer\">\n\t\t\t<div class=\"elementor-spacer-inner\"><\/div>\n\t\t<\/div>\n\t\t\t\t<\/div>\n\t\t\t\t<\/div>\n\t\t\t\t<div class=\"elementor-element elementor-element-7ab063d elementor-widget elementor-widget-spacer\" data-id=\"7ab063d\" data-element_type=\"widget\" data-widget_type=\"spacer.default\">\n\t\t\t\t<div class=\"elementor-widget-container\">\n\t\t\t\t\t<div class=\"elementor-spacer\">\n\t\t\t<div class=\"elementor-spacer-inner\"><\/div>\n\t\t<\/div>\n\t\t\t\t<\/div>\n\t\t\t\t<\/div>\n\t\t<\/div>\t\t\t\t\t\t\t<\/div>\n\t\t\t<\/div>\n\t\t\t\t\t<\/div>\n\t\t","protected":false},"excerpt":{"rendered":"<p>Cuando el arte salva y ense\u00f1a, la historia de la profesora Yolima Ospina Yolima Ospina \u00c1lvarez es docente de Art\u00edstica en la Instituci\u00f3n Educativa Monse\u00f1or Gerardo Valencia y dice con certeza que el arte cambi\u00f3 &#8230;<\/p>\n","protected":false},"author":88,"featured_media":421899,"parent":125836,"menu_order":0,"comment_status":"closed","ping_status":"closed","template":"sec-cultura\/red-practicas.php","meta":[],"acf":[],"_links":{"self":[{"href":"https:\/\/www.medellin.gov.co\/es\/wp-json\/wp\/v2\/pages\/421822"}],"collection":[{"href":"https:\/\/www.medellin.gov.co\/es\/wp-json\/wp\/v2\/pages"}],"about":[{"href":"https:\/\/www.medellin.gov.co\/es\/wp-json\/wp\/v2\/types\/page"}],"author":[{"embeddable":true,"href":"https:\/\/www.medellin.gov.co\/es\/wp-json\/wp\/v2\/users\/88"}],"replies":[{"embeddable":true,"href":"https:\/\/www.medellin.gov.co\/es\/wp-json\/wp\/v2\/comments?post=421822"}],"version-history":[{"count":10,"href":"https:\/\/www.medellin.gov.co\/es\/wp-json\/wp\/v2\/pages\/421822\/revisions"}],"predecessor-version":[{"id":422008,"href":"https:\/\/www.medellin.gov.co\/es\/wp-json\/wp\/v2\/pages\/421822\/revisions\/422008"}],"up":[{"embeddable":true,"href":"https:\/\/www.medellin.gov.co\/es\/wp-json\/wp\/v2\/pages\/125836"}],"wp:featuredmedia":[{"embeddable":true,"href":"https:\/\/www.medellin.gov.co\/es\/wp-json\/wp\/v2\/media\/421899"}],"wp:attachment":[{"href":"https:\/\/www.medellin.gov.co\/es\/wp-json\/wp\/v2\/media?parent=421822"}],"curies":[{"name":"wp","href":"https:\/\/api.w.org\/{rel}","templated":true}]}}