{"id":429907,"date":"2025-07-28T10:48:08","date_gmt":"2025-07-28T15:48:08","guid":{"rendered":"https:\/\/www.medellin.gov.co\/es\/?page_id=429907"},"modified":"2025-07-28T10:48:08","modified_gmt":"2025-07-28T15:48:08","slug":"decididas-un-ciclo-para-que-las-mujeres-cultiven-su-autonomia","status":"publish","type":"page","link":"https:\/\/www.medellin.gov.co\/es\/secretaria-mujeres\/decididas-un-ciclo-para-que-las-mujeres-cultiven-su-autonomia\/","title":{"rendered":"Decididas: un ciclo para que las mujeres cultiven su autonom\u00eda"},"content":{"rendered":"\t\t<div data-elementor-type=\"wp-page\" data-elementor-id=\"429907\" class=\"elementor elementor-429907\">\n\t\t\t\t\t\t<div class=\"elementor-inner\">\n\t\t\t\t<div class=\"elementor-section-wrap\">\n\t\t\t\t\t\t\t<div class=\"elementor-element elementor-element-5ef7f99 e-container--column e-container\" data-id=\"5ef7f99\" data-element_type=\"container\">\t\t\t\t<div class=\"elementor-element elementor-element-730b64e elementor-widget elementor-widget-spacer\" data-id=\"730b64e\" data-element_type=\"widget\" data-widget_type=\"spacer.default\">\n\t\t\t\t<div class=\"elementor-widget-container\">\n\t\t\t\t\t<div class=\"elementor-spacer\">\n\t\t\t<div class=\"elementor-spacer-inner\"><\/div>\n\t\t<\/div>\n\t\t\t\t<\/div>\n\t\t\t\t<\/div>\n\t\t<\/div><div class=\"elementor-element elementor-element-f6ec75f e-container--column e-container\" data-id=\"f6ec75f\" data-element_type=\"container\">\t\t\t\t<div class=\"elementor-element elementor-element-d2b35ef elementor-widget elementor-widget-heading\" data-id=\"d2b35ef\" data-element_type=\"widget\" data-widget_type=\"heading.default\">\n\t\t\t\t<div class=\"elementor-widget-container\">\n\t\t\t<h2 class=\"elementor-heading-title elementor-size-default\">Decididas: un ciclo para que las mujeres cultiven su autonom\u00eda<\/h2>\t\t<\/div>\n\t\t\t\t<\/div>\n\t\t<\/div><div class=\"elementor-element elementor-element-de6cdf7 e-container--column e-container\" data-id=\"de6cdf7\" data-element_type=\"container\">\t\t\t\t<div class=\"elementor-element elementor-element-3806c44 elementor-widget elementor-widget-spacer\" data-id=\"3806c44\" data-element_type=\"widget\" data-widget_type=\"spacer.default\">\n\t\t\t\t<div class=\"elementor-widget-container\">\n\t\t\t\t\t<div class=\"elementor-spacer\">\n\t\t\t<div class=\"elementor-spacer-inner\"><\/div>\n\t\t<\/div>\n\t\t\t\t<\/div>\n\t\t\t\t<\/div>\n\t\t<\/div><div class=\"elementor-element elementor-element-d26be52 e-container--row e-container\" data-id=\"d26be52\" data-element_type=\"container\">\t\t<div class=\"elementor-element elementor-element-d30271a e-container--column e-container\" data-id=\"d30271a\" data-element_type=\"container\">\t\t\t\t<div class=\"elementor-element elementor-element-7f7c1c7 elementor-widget elementor-widget-text-editor\" data-id=\"7f7c1c7\" data-element_type=\"widget\" data-widget_type=\"text-editor.default\">\n\t\t\t\t<div class=\"elementor-widget-container\">\n\t\t\t\t\t\t\t\t<div class=\"elementor-text-editor elementor-clearfix\">\n\t\t\t\t<p class=\"MsoNormal\" style=\"text-align: justify; margin: 12.0pt 0cm 12.0pt 0cm;\">Esta es una estrategia que promueve el fortalecimiento de las autonom\u00edas de las mujeres urbanas y rurales de Medell\u00edn,<b> a trav\u00e9s del desarrollo de sus habilidades y capacidades.<\/b> Buscamos <b>mejorar el acceso de las mujeres a oportunidades econ\u00f3micas y facilitar la conexi\u00f3n con ofertas p\u00fablicas y privadas,<\/b> permiti\u00e9ndoles avanzar en el cumplimiento de sus proyectos de vida.<\/p><p>\u00a0<\/p><p class=\"MsoNormal\" style=\"text-align: justify; margin: 12.0pt 0cm 12.0pt 0cm;\">Acompa\u00f1amos a las mujeres mediante acciones de formaci\u00f3n, orientaci\u00f3n y acompa\u00f1amiento individual y colectivo.<b><\/b><\/p>\t\t\t\t\t<\/div>\n\t\t\t\t\t\t<\/div>\n\t\t\t\t<\/div>\n\t\t<\/div><div class=\"elementor-element elementor-element-5d30350 e-container--column e-container\" data-id=\"5d30350\" data-element_type=\"container\">\t\t\t\t<div class=\"elementor-element elementor-element-e516ef3 elementor-widget elementor-widget-image\" data-id=\"e516ef3\" data-element_type=\"widget\" data-widget_type=\"image.default\">\n\t\t\t\t<div class=\"elementor-widget-container\">\n\t\t\t\t\t\t\t\t<div class=\"elementor-image\">\n\t\t\t\t\t\t\t\t\t\t\t\t<img width=\"1024\" height=\"683\" src=\"https:\/\/www.medellin.gov.co\/es\/wp-content\/uploads\/2025\/07\/Imagen-de-mujeres-decididas-1024x683.jpg\" class=\"attachment-large size-large\" alt=\"Imagen de mujeres - decididas\" loading=\"lazy\" srcset=\"https:\/\/www.medellin.gov.co\/es\/wp-content\/uploads\/2025\/07\/Imagen-de-mujeres-decididas-1024x683.jpg 1024w, https:\/\/www.medellin.gov.co\/es\/wp-content\/uploads\/2025\/07\/Imagen-de-mujeres-decididas-300x200.jpg 300w, https:\/\/www.medellin.gov.co\/es\/wp-content\/uploads\/2025\/07\/Imagen-de-mujeres-decididas-150x100.jpg 150w, https:\/\/www.medellin.gov.co\/es\/wp-content\/uploads\/2025\/07\/Imagen-de-mujeres-decididas-768x512.jpg 768w, https:\/\/www.medellin.gov.co\/es\/wp-content\/uploads\/2025\/07\/Imagen-de-mujeres-decididas.jpg 1080w\" sizes=\"(max-width: 1024px) 100vw, 1024px\" \/>\t\t\t\t\t\t\t\t\t\t\t\t\t\t<\/div>\n\t\t\t\t\t\t<\/div>\n\t\t\t\t<\/div>\n\t\t<\/div><\/div>\t\t<section class=\"elementor-section elementor-top-section elementor-element elementor-element-d6505df elementor-section-boxed elementor-section-height-default elementor-section-height-default\" data-id=\"d6505df\" data-element_type=\"section\">\n\t\t\t\t\t\t<div class=\"elementor-container elementor-column-gap-default\">\n\t\t\t\t\t\t\t<div class=\"elementor-row\">\n\t\t\t\t\t<div class=\"elementor-column elementor-col-100 elementor-top-column elementor-element elementor-element-264e22b\" data-id=\"264e22b\" data-element_type=\"column\">\n\t\t\t<div class=\"elementor-column-wrap elementor-element-populated\">\n\t\t\t\t\t\t\t<div class=\"elementor-widget-wrap\">\n\t\t\t\t\t\t<div class=\"elementor-element elementor-element-5a21cdb elementor-widget elementor-widget-heading\" data-id=\"5a21cdb\" data-element_type=\"widget\" data-widget_type=\"heading.default\">\n\t\t\t\t<div class=\"elementor-widget-container\">\n\t\t\t<h2 class=\"elementor-heading-title elementor-size-default\"><b>\u00bfQui\u00e9nes pueden hacer parte?<\/b> <\/h2>\t\t<\/div>\n\t\t\t\t<\/div>\n\t\t\t\t\t\t<\/div>\n\t\t\t\t\t<\/div>\n\t\t<\/div>\n\t\t\t\t\t\t\t\t<\/div>\n\t\t\t\t\t<\/div>\n\t\t<\/section>\n\t\t<div class=\"elementor-element elementor-element-93e5504 e-container--column e-container\" data-id=\"93e5504\" data-element_type=\"container\">\t\t\t\t<div class=\"elementor-element elementor-element-125acff elementor-widget elementor-widget-text-editor\" data-id=\"125acff\" data-element_type=\"widget\" data-widget_type=\"text-editor.default\">\n\t\t\t\t<div class=\"elementor-widget-container\">\n\t\t\t\t\t\t\t\t<div class=\"elementor-text-editor elementor-clearfix\">\n\t\t\t\t<p>Esta estrategia est\u00e1 dirigida a mujeres mayores de 18 a\u00f1os que residen en Medell\u00edn, especialmente aquellas en situaci\u00f3n de vulnerabilidad, como:<\/p><ul><li style=\"list-style-type: none;\"><ul><li style=\"list-style-type: none;\"><ul><li style=\"list-style-type: none;\"><ul><li>Mujeres rurales<br \/><br \/><\/li><li>Jefas de hogar<br \/><br \/><\/li><li>J\u00f3venes menores de 28 a\u00f1os<br \/><br \/><\/li><li>Mayores de 60 a\u00f1os<br \/><br \/><\/li><li>Mujeres ind\u00edgenas o NARP<br \/><br \/><\/li><li>Cuidadoras, recicladoras<br \/><br \/><\/li><li>Mujeres firmantes de paz<br \/><br \/><\/li><li>V\u00edctimas de violencia basada en g\u00e9nero o del conflicto armado<br \/><br \/><\/li><\/ul><\/li><\/ul><\/li><\/ul><\/li><\/ul><p>Mujeres en contextos de informalidad o que ejercen actividades sexuales pagas<\/p>\t\t\t\t\t<\/div>\n\t\t\t\t\t\t<\/div>\n\t\t\t\t<\/div>\n\t\t<\/div>\t\t<section class=\"elementor-section elementor-top-section elementor-element elementor-element-9f63e11 elementor-section-boxed elementor-section-height-default elementor-section-height-default\" data-id=\"9f63e11\" data-element_type=\"section\">\n\t\t\t\t\t\t<div class=\"elementor-container elementor-column-gap-default\">\n\t\t\t\t\t\t\t<div class=\"elementor-row\">\n\t\t\t\t\t<div class=\"elementor-column elementor-col-100 elementor-top-column elementor-element elementor-element-e127c81\" data-id=\"e127c81\" data-element_type=\"column\">\n\t\t\t<div class=\"elementor-column-wrap elementor-element-populated\">\n\t\t\t\t\t\t\t<div class=\"elementor-widget-wrap\">\n\t\t\t\t\t\t<div class=\"elementor-element elementor-element-2a1937e elementor-widget elementor-widget-heading\" data-id=\"2a1937e\" data-element_type=\"widget\" data-widget_type=\"heading.default\">\n\t\t\t\t<div class=\"elementor-widget-container\">\n\t\t\t<h2 class=\"elementor-heading-title elementor-size-default\"><b>Tres caminos para fortalecer tu autonom\u00eda<\/b> <\/h2>\t\t<\/div>\n\t\t\t\t<\/div>\n\t\t\t\t\t\t<\/div>\n\t\t\t\t\t<\/div>\n\t\t<\/div>\n\t\t\t\t\t\t\t\t<\/div>\n\t\t\t\t\t<\/div>\n\t\t<\/section>\n\t\t<div class=\"elementor-element elementor-element-fa22a3e e-container--row e-container\" data-id=\"fa22a3e\" data-element_type=\"container\">\t\t<div class=\"elementor-element elementor-element-07376bd e-container--column e-container\" data-id=\"07376bd\" data-element_type=\"container\">\t\t\t\t<div class=\"elementor-element elementor-element-c828f7a elementor-widget elementor-widget-image\" data-id=\"c828f7a\" data-element_type=\"widget\" data-widget_type=\"image.default\">\n\t\t\t\t<div class=\"elementor-widget-container\">\n\t\t\t\t\t\t\t\t<div class=\"elementor-image\">\n\t\t\t\t\t\t\t\t\t\t\t\t<img width=\"1024\" height=\"683\" src=\"https:\/\/www.medellin.gov.co\/es\/wp-content\/uploads\/2025\/07\/Imagen-de-mujer-decididas-2-1-1024x683.jpg\" class=\"attachment-large size-large\" alt=\"\" loading=\"lazy\" srcset=\"https:\/\/www.medellin.gov.co\/es\/wp-content\/uploads\/2025\/07\/Imagen-de-mujer-decididas-2-1-1024x683.jpg 1024w, https:\/\/www.medellin.gov.co\/es\/wp-content\/uploads\/2025\/07\/Imagen-de-mujer-decididas-2-1-300x200.jpg 300w, https:\/\/www.medellin.gov.co\/es\/wp-content\/uploads\/2025\/07\/Imagen-de-mujer-decididas-2-1-150x100.jpg 150w, https:\/\/www.medellin.gov.co\/es\/wp-content\/uploads\/2025\/07\/Imagen-de-mujer-decididas-2-1-768x512.jpg 768w, https:\/\/www.medellin.gov.co\/es\/wp-content\/uploads\/2025\/07\/Imagen-de-mujer-decididas-2-1.jpg 1080w\" sizes=\"(max-width: 1024px) 100vw, 1024px\" \/>\t\t\t\t\t\t\t\t\t\t\t\t\t\t<\/div>\n\t\t\t\t\t\t<\/div>\n\t\t\t\t<\/div>\n\t\t<\/div><div class=\"elementor-element elementor-element-ad22bc5 e-container--column e-container\" data-id=\"ad22bc5\" data-element_type=\"container\">\t\t\t\t<div class=\"elementor-element elementor-element-ec3ce89 elementor-widget elementor-widget-text-editor\" data-id=\"ec3ce89\" data-element_type=\"widget\" data-widget_type=\"text-editor.default\">\n\t\t\t\t<div class=\"elementor-widget-container\">\n\t\t\t\t\t\t\t\t<div class=\"elementor-text-editor elementor-clearfix\">\n\t\t\t\t<p><strong>Decididas<\/strong> acompa\u00f1a a las mujeres en su proceso de fortalecimiento de la autonom\u00eda econ\u00f3mica a trav\u00e9s de tres componentes: sensibilizaci\u00f3n, orientaci\u00f3n y acompa\u00f1amiento. Estos caminos est\u00e1n dise\u00f1ados para responder a las diferentes necesidades, intereses y etapas de vida de las mujeres en Medell\u00edn.<\/p>\t\t\t\t\t<\/div>\n\t\t\t\t\t\t<\/div>\n\t\t\t\t<\/div>\n\t\t<\/div><\/div><div class=\"elementor-element elementor-element-76538be e-container--column e-container\" data-id=\"76538be\" data-element_type=\"container\">\t\t\t\t<div class=\"elementor-element elementor-element-02431af elementor-widget elementor-widget-spacer\" data-id=\"02431af\" data-element_type=\"widget\" data-widget_type=\"spacer.default\">\n\t\t\t\t<div class=\"elementor-widget-container\">\n\t\t\t\t\t<div class=\"elementor-spacer\">\n\t\t\t<div class=\"elementor-spacer-inner\"><\/div>\n\t\t<\/div>\n\t\t\t\t<\/div>\n\t\t\t\t<\/div>\n\t\t<\/div><div class=\"elementor-element elementor-element-7405af6 e-container--column e-container\" data-id=\"7405af6\" data-element_type=\"container\">\t\t\t\t<div class=\"elementor-element elementor-element-123b795 elementor-widget elementor-widget-text-editor\" data-id=\"123b795\" data-element_type=\"widget\" data-widget_type=\"text-editor.default\">\n\t\t\t\t<div class=\"elementor-widget-container\">\n\t\t\t\t\t\t\t\t<div class=\"elementor-text-editor elementor-clearfix\">\n\t\t\t\t<p><strong>\u00bfDe qu\u00e9 se trata?<\/strong><\/p><p>Es un espacio grupal que se realiza en una sola sesi\u00f3n. En \u00e9l, las mujeres reflexionan sobre qu\u00e9 significa ser aut\u00f3nomas, por qu\u00e9 es importante la autonom\u00eda econ\u00f3mica para su proyecto de vida y conocen las acciones que adelantamos desde la Secretar\u00eda de las Mujeres para acompa\u00f1arlas en ese camino.<\/p><p class=\"MsoNormal\" style=\"text-align: justify; margin: 12.0pt 0cm 12.0pt 0cm;\"><b>Est\u00e1 orientada a:<\/b><\/p><ul><li>Mujeres que est\u00e9n interesadas en conocer la oferta institucional.<\/li><li class=\"MsoNormal\" style=\"text-indent: -18pt;\">\u00a0 \u00a0 Mujeres que hayan participado en otros proyectos de la Secretar\u00eda de las Mujeres.<\/li><\/ul><p><strong>Estrategia de orientaci\u00f3n<\/strong><\/p><p><strong>\u00bfDe qu\u00e9 se trata?<br \/><br \/><\/strong><\/p><p>Es un espacio grupal para acompa\u00f1ar a las mujeres en su <strong>desarrollo personal. <\/strong>Busca que reconozcan sus derechos, fortalezcan su capacidad de tomar decisiones libres e informadas y <strong>avancen en la construcci\u00f3n de un proyecto de vida propio. <\/strong>A trav\u00e9s del di\u00e1logo y la reflexi\u00f3n, se trabajan temas como la autonom\u00eda, la autoestima, la confianza y la identidad.<\/p><p><strong>\u00bfA qui\u00e9n est\u00e1 dirigida?<\/strong><\/p><ul><li>Mujeres que est\u00e1n en procesos de b\u00fasqueda de autonom\u00eda o fortalecimiento personal.<\/li><li>Mujeres que pueden estar retomando o construyendo su proyecto de vida.<\/li><li>Mujeres que buscan fortalecer su autoestima, identidad y capacidad para tomar decisiones informadas.<\/li><\/ul><p><strong>Estrategia de acompa\u00f1amiento<\/strong><\/p><p><strong>\u00bfDe qu\u00e9 se trata?<br \/><br \/><\/strong><\/p><p>h3: Est\u00e1 pensada para apoyar a las mujeres que quieren <strong>empezar a trabajar, mejorar su empleo o fortalecer su emprendimiento.<\/strong> A trav\u00e9s de sesiones grupales y asesor\u00edas individuales presenciales, se acompa\u00f1a el proceso de cada una, ayud\u00e1ndolas a superar barreras personales y a fortalecer sus habilidades digitales, financieras y administrativas para mejorar sus oportunidades econ\u00f3micas.<\/p><p><strong>\u00bfA qui\u00e9n est\u00e1 dirigida?<\/strong><\/p><ul><li>Mujeres que buscan empleo o mejorar su trabajo.<\/li><li>Mujeres que quieren iniciar o fortalecer un emprendimiento.<\/li><li>Mujeres que enfrentan obst\u00e1culos personales para trabajar o emprender.<\/li><li>Mujeres que necesitan aprender habilidades pr\u00e1cticas para mejorar su econom\u00eda.<\/li><\/ul>\t\t\t\t\t<\/div>\n\t\t\t\t\t\t<\/div>\n\t\t\t\t<\/div>\n\t\t<\/div>\t\t<section class=\"elementor-section elementor-top-section elementor-element elementor-element-ff609f0 elementor-section-boxed elementor-section-height-default elementor-section-height-default\" data-id=\"ff609f0\" data-element_type=\"section\">\n\t\t\t\t\t\t<div class=\"elementor-container elementor-column-gap-default\">\n\t\t\t\t\t\t\t<div class=\"elementor-row\">\n\t\t\t\t\t<div class=\"elementor-column elementor-col-100 elementor-top-column elementor-element elementor-element-5a947ea\" data-id=\"5a947ea\" data-element_type=\"column\">\n\t\t\t<div class=\"elementor-column-wrap elementor-element-populated\">\n\t\t\t\t\t\t\t<div class=\"elementor-widget-wrap\">\n\t\t\t\t\t\t<div class=\"elementor-element elementor-element-3cd8a0e elementor-widget elementor-widget-heading\" data-id=\"3cd8a0e\" data-element_type=\"widget\" data-widget_type=\"heading.default\">\n\t\t\t\t<div class=\"elementor-widget-container\">\n\t\t\t<h2 class=\"elementor-heading-title elementor-size-default\"><b>Las rutas de Decididas<\/b> <\/h2>\t\t<\/div>\n\t\t\t\t<\/div>\n\t\t\t\t\t\t<\/div>\n\t\t\t\t\t<\/div>\n\t\t<\/div>\n\t\t\t\t\t\t\t\t<\/div>\n\t\t\t\t\t<\/div>\n\t\t<\/section>\n\t\t<div class=\"elementor-element elementor-element-7e6ee24 e-container--row e-container\" data-id=\"7e6ee24\" data-element_type=\"container\">\t\t<div class=\"elementor-element elementor-element-6e9c3d3 e-container--column e-container\" data-id=\"6e9c3d3\" data-element_type=\"container\">\t\t\t\t<div class=\"elementor-element elementor-element-1ba4b28 elementor-widget elementor-widget-text-editor\" data-id=\"1ba4b28\" data-element_type=\"widget\" data-widget_type=\"text-editor.default\">\n\t\t\t\t<div class=\"elementor-widget-container\">\n\t\t\t\t\t\t\t\t<div class=\"elementor-text-editor elementor-clearfix\">\n\t\t\t\t<p>Esta estrategia se articula en cuatro grandes caminos, que representan diferentes formas de autonom\u00eda para las mujeres: econ\u00f3mica, f\u00edsica, en la toma de decisiones y en el liderazgo.<\/p><ul><li><strong>Decidida a avanzar: <\/strong>mujeres que quieren avanzar en su autonom\u00eda econ\u00f3mica, que <strong>emprenden, trabajan, estudian o buscan oportunidades<\/strong> para generar ingresos propios y tomar decisiones sobre su tiempo, su vida y su futuro.<\/li><\/ul><p><strong>\u00bfC\u00f3mo lo hacemos?<\/strong><\/p><ul><li>Sensibilizaci\u00f3n.<\/li><li>Orientaci\u00f3n.<\/li><li>Acompa\u00f1amiento.<\/li><li>Medidas afirmativas.<\/li><\/ul>\t\t\t\t\t<\/div>\n\t\t\t\t\t\t<\/div>\n\t\t\t\t<\/div>\n\t\t<\/div><div class=\"elementor-element elementor-element-4311ac1 e-container--column e-container\" data-id=\"4311ac1\" data-element_type=\"container\">\t\t\t\t<div class=\"elementor-element elementor-element-9757526 elementor-widget elementor-widget-image\" data-id=\"9757526\" data-element_type=\"widget\" data-widget_type=\"image.default\">\n\t\t\t\t<div class=\"elementor-widget-container\">\n\t\t\t\t\t\t\t\t<div class=\"elementor-image\">\n\t\t\t\t\t\t\t\t\t\t\t\t<img width=\"1024\" height=\"683\" src=\"https:\/\/www.medellin.gov.co\/es\/wp-content\/uploads\/2025\/07\/Imagen-de-mujer-decididas-1-1024x683.jpg\" class=\"attachment-large size-large\" alt=\"Imagen de mujer - decididas\" loading=\"lazy\" srcset=\"https:\/\/www.medellin.gov.co\/es\/wp-content\/uploads\/2025\/07\/Imagen-de-mujer-decididas-1-1024x683.jpg 1024w, https:\/\/www.medellin.gov.co\/es\/wp-content\/uploads\/2025\/07\/Imagen-de-mujer-decididas-1-300x200.jpg 300w, https:\/\/www.medellin.gov.co\/es\/wp-content\/uploads\/2025\/07\/Imagen-de-mujer-decididas-1-150x100.jpg 150w, https:\/\/www.medellin.gov.co\/es\/wp-content\/uploads\/2025\/07\/Imagen-de-mujer-decididas-1-768x512.jpg 768w, https:\/\/www.medellin.gov.co\/es\/wp-content\/uploads\/2025\/07\/Imagen-de-mujer-decididas-1.jpg 1080w\" sizes=\"(max-width: 1024px) 100vw, 1024px\" \/>\t\t\t\t\t\t\t\t\t\t\t\t\t\t<\/div>\n\t\t\t\t\t\t<\/div>\n\t\t\t\t<\/div>\n\t\t<\/div><\/div><div class=\"elementor-element elementor-element-f73f55c e-container--column e-container\" data-id=\"f73f55c\" data-element_type=\"container\">\t\t\t\t<div class=\"elementor-element elementor-element-c3fa5b8 elementor-widget elementor-widget-spacer\" data-id=\"c3fa5b8\" data-element_type=\"widget\" data-widget_type=\"spacer.default\">\n\t\t\t\t<div class=\"elementor-widget-container\">\n\t\t\t\t\t<div class=\"elementor-spacer\">\n\t\t\t<div class=\"elementor-spacer-inner\"><\/div>\n\t\t<\/div>\n\t\t\t\t<\/div>\n\t\t\t\t<\/div>\n\t\t<\/div><div class=\"elementor-element elementor-element-1b916eb e-container--column e-container\" data-id=\"1b916eb\" data-element_type=\"container\">\t\t\t\t<div class=\"elementor-element elementor-element-9d35ccc elementor-widget elementor-widget-text-editor\" data-id=\"9d35ccc\" data-element_type=\"widget\" data-widget_type=\"text-editor.default\">\n\t\t\t\t<div class=\"elementor-widget-container\">\n\t\t\t\t\t\t\t\t<div class=\"elementor-text-editor elementor-clearfix\">\n\t\t\t\t<ul><li><strong>Decidida a aprender: <\/strong>mujeres que est\u00e1n <strong>retomando o fortaleciendo su camino educativo,<\/strong> porque saben que aprender es un acto de poder y una puerta hacia su proyecto de vida.<\/li><\/ul><p>Decidida a aprender es una apuesta por garantizar el acceso y la permanencia escolar de las mujeres, as\u00ed como por transformar las comunidades educativas para que promuevan la igualdad y prevengan las violencias desde las aulas.<\/p><p><strong>\u00bfC\u00f3mo lo hacemos?<\/strong><\/p><ul><li>Escuela Encuentra a las Mujeres<\/li><li>Formaci\u00f3n t\u00e9cnica rural<\/li><li>Educaci\u00f3n no sexista &#8211; coeducaci\u00f3n<\/li><li>Habilidades digitales STEM<\/li><\/ul><p>\u00a0<\/p><ul><li><strong>Decidida a cuidarme: <\/strong>mujeres que reconocen <strong>su cuerpo como un territorio propio y pol\u00edtico, y que est\u00e1n decididas a tomar decisiones libres e informadas<\/strong> sobre su salud f\u00edsica, sexual, reproductiva y mental.<\/li><\/ul><p>Decidida a cuidarme es una apuesta por fortalecer la autonom\u00eda f\u00edsica de las mujeres, entendida como el derecho a vivir con dignidad, bienestar y sin violencias.<\/p><p><strong>\u00bfC\u00f3mo lo hacemos?<\/strong><\/p><ul><li>Informaci\u00f3n, educaci\u00f3n y comunicaci\u00f3n<\/li><li>Acompa\u00f1amiento y asesor\u00edas t\u00e9cnicas<\/li><li>Jornadas de salud comunitarias<\/li><\/ul><p>\u00a0<\/p><ul><li><strong>Decidida a participar:<\/strong> mujeres que <strong>reconocen su liderazgo y fortalecen sus capacidades para tomar decisiones,<\/strong> participar en lo p\u00fablico e incidir en sus comunidades.<\/li><\/ul><p>Este componente impulsa la <strong>participaci\u00f3n social y pol\u00edtica como un derecho y una expresi\u00f3n de autonom\u00eda<\/strong>, promoviendo la gesti\u00f3n de iniciativas, el trabajo colectivo y el posicionamiento de agendas que transforman realidades.<\/p><p><strong>\u00bfC\u00f3mo lo hacemos?<\/strong><\/p><ul><li>Formaci\u00f3n para la participaci\u00f3n<\/li><li>Asistencias t\u00e9cnicas con enfoque de g\u00e9nero<\/li><li>Acompa\u00f1amiento para la incidencia<\/li><li>Fortalecimiento a mujeres que lideran iniciativas de paz<\/li><\/ul>\t\t\t\t\t<\/div>\n\t\t\t\t\t\t<\/div>\n\t\t\t\t<\/div>\n\t\t<\/div>\t\t<section class=\"elementor-section elementor-top-section elementor-element elementor-element-690d9dd elementor-section-boxed elementor-section-height-default elementor-section-height-default\" data-id=\"690d9dd\" data-element_type=\"section\">\n\t\t\t\t\t\t<div class=\"elementor-container elementor-column-gap-default\">\n\t\t\t\t\t\t\t<div class=\"elementor-row\">\n\t\t\t\t\t<div class=\"elementor-column elementor-col-100 elementor-top-column elementor-element elementor-element-0d6d55a\" data-id=\"0d6d55a\" data-element_type=\"column\">\n\t\t\t<div class=\"elementor-column-wrap elementor-element-populated\">\n\t\t\t\t\t\t\t<div class=\"elementor-widget-wrap\">\n\t\t\t\t\t\t<div class=\"elementor-element elementor-element-cb5432a elementor-widget elementor-widget-heading\" data-id=\"cb5432a\" data-element_type=\"widget\" data-widget_type=\"heading.default\">\n\t\t\t\t<div class=\"elementor-widget-container\">\n\t\t\t<h2 class=\"elementor-heading-title elementor-size-default\"><b>\u00bfC\u00f3mo puedes participar?<\/b> <\/h2>\t\t<\/div>\n\t\t\t\t<\/div>\n\t\t\t\t\t\t<\/div>\n\t\t\t\t\t<\/div>\n\t\t<\/div>\n\t\t\t\t\t\t\t\t<\/div>\n\t\t\t\t\t<\/div>\n\t\t<\/section>\n\t\t<div class=\"elementor-element elementor-element-fa35fa3 e-container--column e-container\" data-id=\"fa35fa3\" data-element_type=\"container\">\t\t\t\t<div class=\"elementor-element elementor-element-0e3d7c5 elementor-widget elementor-widget-text-editor\" data-id=\"0e3d7c5\" data-element_type=\"widget\" data-widget_type=\"text-editor.default\">\n\t\t\t\t<div class=\"elementor-widget-container\">\n\t\t\t\t\t\t\t\t<div class=\"elementor-text-editor elementor-clearfix\">\n\t\t\t\t<p>Las convocatorias de <em>Decididas<\/em> se abren de manera peri\u00f3dica en las comunas y corregimientos de Medell\u00edn. Puedes participar si cumples los requisitos y est\u00e1s interesada en avanzar en cualquiera de los tres caminos para la autonom\u00eda.<\/p><p><strong>Informaci\u00f3n adicional:<\/strong><\/p><ul><li>\ud83d\udccd Mantente atenta a nuestras redes sociales y a la p\u00e1gina web de la Secretar\u00eda de las Mujeres para conocer fechas, inscripciones y requisitos.<br \/><br \/><\/li><li>\ud83d\udcde Si necesitas orientaci\u00f3n, comun\u00edcate con la Secretar\u00eda de las Mujeres a trav\u00e9s de los canales de atenci\u00f3n disponibles.<\/li><\/ul>\t\t\t\t\t<\/div>\n\t\t\t\t\t\t<\/div>\n\t\t\t\t<\/div>\n\t\t<\/div>\t\t\t\t\t\t\t<\/div>\n\t\t\t<\/div>\n\t\t\t\t\t<\/div>\n\t\t","protected":false},"excerpt":{"rendered":"<p>Decididas: un ciclo para que las mujeres cultiven su autonom\u00eda Esta es una estrategia que promueve el fortalecimiento de las autonom\u00edas de las mujeres urbanas y rurales de Medell\u00edn, a trav\u00e9s del desarrollo de sus &#8230;<\/p>\n","protected":false},"author":97,"featured_media":428442,"parent":8736,"menu_order":0,"comment_status":"closed","ping_status":"closed","template":"sec-mujeres\/elementor.php","meta":[],"acf":[],"_links":{"self":[{"href":"https:\/\/www.medellin.gov.co\/es\/wp-json\/wp\/v2\/pages\/429907"}],"collection":[{"href":"https:\/\/www.medellin.gov.co\/es\/wp-json\/wp\/v2\/pages"}],"about":[{"href":"https:\/\/www.medellin.gov.co\/es\/wp-json\/wp\/v2\/types\/page"}],"author":[{"embeddable":true,"href":"https:\/\/www.medellin.gov.co\/es\/wp-json\/wp\/v2\/users\/97"}],"replies":[{"embeddable":true,"href":"https:\/\/www.medellin.gov.co\/es\/wp-json\/wp\/v2\/comments?post=429907"}],"version-history":[{"count":7,"href":"https:\/\/www.medellin.gov.co\/es\/wp-json\/wp\/v2\/pages\/429907\/revisions"}],"predecessor-version":[{"id":435505,"href":"https:\/\/www.medellin.gov.co\/es\/wp-json\/wp\/v2\/pages\/429907\/revisions\/435505"}],"up":[{"embeddable":true,"href":"https:\/\/www.medellin.gov.co\/es\/wp-json\/wp\/v2\/pages\/8736"}],"wp:featuredmedia":[{"embeddable":true,"href":"https:\/\/www.medellin.gov.co\/es\/wp-json\/wp\/v2\/media\/428442"}],"wp:attachment":[{"href":"https:\/\/www.medellin.gov.co\/es\/wp-json\/wp\/v2\/media?parent=429907"}],"curies":[{"name":"wp","href":"https:\/\/api.w.org\/{rel}","templated":true}]}}