{"id":433006,"date":"2025-07-22T17:11:28","date_gmt":"2025-07-22T22:11:28","guid":{"rendered":"https:\/\/www.medellin.gov.co\/es\/?page_id=433006"},"modified":"2025-07-22T17:22:00","modified_gmt":"2025-07-22T22:22:00","slug":"rutas-de-atencion","status":"publish","type":"page","link":"https:\/\/www.medellin.gov.co\/es\/secretaria-de-paz-y-derechos-humanos\/rutas-de-atencion\/","title":{"rendered":"Rutas de Atenci\u00f3n y Prevenci\u00f3n"},"content":{"rendered":"\t\t<div data-elementor-type=\"wp-page\" data-elementor-id=\"433006\" class=\"elementor elementor-433006\">\n\t\t\t\t\t\t<div class=\"elementor-inner\">\n\t\t\t\t<div class=\"elementor-section-wrap\">\n\t\t\t\t\t\t\t\t\t<section class=\"elementor-section elementor-top-section elementor-element elementor-element-31f836da elementor-section-boxed elementor-section-height-default elementor-section-height-default\" data-id=\"31f836da\" data-element_type=\"section\">\n\t\t\t\t\t\t<div class=\"elementor-container elementor-column-gap-default\">\n\t\t\t\t\t\t\t<div class=\"elementor-row\">\n\t\t\t\t\t<div class=\"elementor-column elementor-col-100 elementor-top-column elementor-element elementor-element-42d667d0\" data-id=\"42d667d0\" data-element_type=\"column\">\n\t\t\t<div class=\"elementor-column-wrap elementor-element-populated\">\n\t\t\t\t\t\t\t<div class=\"elementor-widget-wrap\">\n\t\t\t\t\t\t<div class=\"elementor-element elementor-element-4b5d3c0b elementor-widget elementor-widget-heading\" data-id=\"4b5d3c0b\" data-element_type=\"widget\" data-widget_type=\"heading.default\">\n\t\t\t\t<div class=\"elementor-widget-container\">\n\t\t\t<h1 class=\"elementor-heading-title elementor-size-default\">Rutas de Atenci\u00f3n y Prevenci\u00f3n<\/h1>\t\t<\/div>\n\t\t\t\t<\/div>\n\t\t\t\t<div class=\"elementor-element elementor-element-fdff163 elementor-widget elementor-widget-text-editor\" data-id=\"fdff163\" data-element_type=\"widget\" data-widget_type=\"text-editor.default\">\n\t\t\t\t<div class=\"elementor-widget-container\">\n\t\t\t\t\t\t\t\t<div class=\"elementor-text-editor elementor-clearfix\">\n\t\t\t\t<p>Rutas de Atenci\u00f3n y Prevenci\u00f3n \u2013 Secretar\u00eda de Paz y Derechos Humanos \u2013 Distrito de Medell\u00edn.<\/p>\t\t\t\t\t<\/div>\n\t\t\t\t\t\t<\/div>\n\t\t\t\t<\/div>\n\t\t\t\t<div class=\"elementor-element elementor-element-3f9fc71 elementor-widget elementor-widget-image\" data-id=\"3f9fc71\" data-element_type=\"widget\" data-widget_type=\"image.default\">\n\t\t\t\t<div class=\"elementor-widget-container\">\n\t\t\t\t\t\t\t\t<div class=\"elementor-image\">\n\t\t\t\t\t\t\t\t\t\t\t\t<img width=\"1133\" height=\"850\" src=\"https:\/\/www.medellin.gov.co\/es\/wp-content\/uploads\/2025\/07\/imagenes-familias-resilientes-1.jpg\" class=\"attachment-full size-full\" alt=\"\" loading=\"lazy\" srcset=\"https:\/\/www.medellin.gov.co\/es\/wp-content\/uploads\/2025\/07\/imagenes-familias-resilientes-1.jpg 1133w, https:\/\/www.medellin.gov.co\/es\/wp-content\/uploads\/2025\/07\/imagenes-familias-resilientes-1-300x225.jpg 300w, https:\/\/www.medellin.gov.co\/es\/wp-content\/uploads\/2025\/07\/imagenes-familias-resilientes-1-1024x768.jpg 1024w, https:\/\/www.medellin.gov.co\/es\/wp-content\/uploads\/2025\/07\/imagenes-familias-resilientes-1-150x113.jpg 150w, https:\/\/www.medellin.gov.co\/es\/wp-content\/uploads\/2025\/07\/imagenes-familias-resilientes-1-768x576.jpg 768w\" sizes=\"(max-width: 1133px) 100vw, 1133px\" \/>\t\t\t\t\t\t\t\t\t\t\t\t\t\t<\/div>\n\t\t\t\t\t\t<\/div>\n\t\t\t\t<\/div>\n\t\t\t\t<div class=\"elementor-element elementor-element-fd5682b elementor-widget elementor-widget-text-editor\" data-id=\"fd5682b\" data-element_type=\"widget\" data-widget_type=\"text-editor.default\">\n\t\t\t\t<div class=\"elementor-widget-container\">\n\t\t\t\t\t\t\t\t<div class=\"elementor-text-editor elementor-clearfix\">\n\t\t\t\t<p><strong>Ruta de Prevenci\u00f3n y Atenci\u00f3n de Violencias Sexuales<\/strong><\/p><p>La Secretar\u00eda de Paz y Derechos Humanos implementa esta ruta con el prop\u00f3sito de proporcionar acompa\u00f1amiento y orientaci\u00f3n a las personas v\u00edctimas de violencia sexual, abarcando delitos que atentan contra la libertad, integridad y formaci\u00f3n sexual, as\u00ed como aquellos que impliquen riesgo inminente de vulneraci\u00f3n.<\/p><p>La atenci\u00f3n integral a las v\u00edctimas se estructura en tres sectores interrelacionados: <strong>salud, protecci\u00f3n y justicia<\/strong>, los cuales est\u00e1n conformados por instituciones con competencias espec\u00edficas en prevenci\u00f3n, identificaci\u00f3n, atenci\u00f3n, protecci\u00f3n y reparaci\u00f3n. La activaci\u00f3n de la ruta puede iniciarse en cualquiera de estos sectores; el primer actor que conozca el caso tiene la obligaci\u00f3n de notificar e involucrar a los otros dos para garantizar una atenci\u00f3n coordinada e integral.<\/p><p>La atenci\u00f3n es brindada por un equipo multidisciplinario compuesto por abogados, psic\u00f3logos y trabajadores sociales, quienes abordan tanto los hechos victimizantes como las dimensiones sociales relacionadas con alimentaci\u00f3n, educaci\u00f3n y salud. Se realizan derivaciones a entidades como el ICBF y programas especializados como <em>Jugar para Sanar<\/em>, adem\u00e1s de un seguimiento continuo de cada caso.<\/p><p>Las v\u00edctimas reciben asesor\u00eda jur\u00eddica y acompa\u00f1amiento en la formalizaci\u00f3n de denuncias. El apoyo psicol\u00f3gico incluye a las v\u00edctimas directas y a sus familias, quienes tambi\u00e9n resultan afectadas por estos hechos.<\/p><p><strong>Ruta Urgente de B\u00fasqueda<\/strong><\/p><p>Esta ruta humanitaria est\u00e1 orientada a la atenci\u00f3n y acompa\u00f1amiento de familiares de personas reportadas como desaparecidas en el Distrito de Medell\u00edn. Se realizan recorridos de b\u00fasqueda como espacios de acercamiento familiar y contenci\u00f3n emocional, en un proceso interinstitucional con acompa\u00f1amiento psicosocial y jur\u00eddico.<\/p><p>Se llevan a cabo visitas domiciliarias con el objetivo de brindar dicho acompa\u00f1amiento tanto a familiares como a las personas reportadas como desaparecidas, siempre que estas lo soliciten una vez aparezcan con vida.<\/p><p><strong>Ruta de Atenci\u00f3n a L\u00edderes, Lideresas, Defensores de Derechos Humanos y Periodistas en Riesgo<\/strong><\/p><p>Esta ruta gestiona medidas de protecci\u00f3n para la vida, integridad, libertad y seguridad de l\u00edderes sociales y comunales, defensores de derechos humanos y periodistas en Medell\u00edn. Incluye:<\/p><ul><li>Asesor\u00eda jur\u00eddica y psicosocial individual y grupal permanente.<\/li><li>Acompa\u00f1amiento en la interposici\u00f3n de denuncias penales ante la fiscal\u00eda general de la Naci\u00f3n.<\/li><li>Acompa\u00f1amiento en la declaraci\u00f3n como v\u00edctima ante el Ministerio P\u00fablico.<\/li><li>Solicitud de protecci\u00f3n individual ante la Polic\u00eda Nacional y la Unidad Nacional de Protecci\u00f3n (UNP).<\/li><li>Traslados humanitarios y reubicaci\u00f3n.<\/li><li>Servicio de alojamiento temporal.<\/li><li>Gesti\u00f3n de subsidios econ\u00f3micos por reubicaci\u00f3n temporal.<\/li><\/ul><p>Los casos son atendidos por un equipo interdisciplinario con seguimiento semanal durante la etapa inicial. Esta periodicidad puede disminuir conforme se mitigue el riesgo, hasta el cierre del caso.<\/p><p><strong>Ruta de Atenci\u00f3n a Familias V\u00edctimas de Homicidio<\/strong><\/p><p>Esta ruta tiene como objetivo acompa\u00f1ar a las familias de v\u00edctimas de homicidio doloso, facilitando el acceso a la justicia y promoviendo la dignificaci\u00f3n de las v\u00edctimas.<\/p><p>Un equipo de profesionales brinda atenci\u00f3n integral y facilita los tr\u00e1mites administrativos posteriores al hecho. La atenci\u00f3n se estructura en seis fases: <strong>recepci\u00f3n de informaci\u00f3n, contacto con las familias, diagn\u00f3stico, acompa\u00f1amiento, activaci\u00f3n de rutas y seguimiento al caso<\/strong>. La atenci\u00f3n se ofrece a ciudadanos colombianos y extranjeros residentes en Medell\u00edn.<\/p><p><strong>Ruta Contra el Delito de Trata de Personas<\/strong><\/p><p>Esta ruta ofrece atenci\u00f3n integral a v\u00edctimas de trata de personas, enfoc\u00e1ndose en el restablecimiento de sus derechos humanos. Est\u00e1 liderada por un equipo interdisciplinario con experiencia en prevenci\u00f3n y atenci\u00f3n a v\u00edctimas de este delito.<\/p><p>Entre los logros destacan la articulaci\u00f3n con organizaciones, la psicoeducaci\u00f3n a las sobrevivientes y la capacitaci\u00f3n del equipo. Se ha evidenciado que, en algunos casos, el Ministerio del Interior no brinda informaci\u00f3n oportuna sobre traslados a la ciudad, lo que afecta el proceso de atenci\u00f3n.<\/p><p><strong>Ruta Contra el Reclutamiento, Uso, Utilizaci\u00f3n y Violencias Sexuales hacia Ni\u00f1os, Ni\u00f1as y Adolescentes (NNA)<\/strong><\/p><p>Dirigida a NNA en riesgo o v\u00edctimas de reclutamiento, uso o violencia sexual por parte de Grupos Armados Organizados (GAO) y Grupos Delictivos Organizados (GDO). Se brinda:<\/p><ul><li>Asesor\u00eda jur\u00eddica.<\/li><li>Acompa\u00f1amiento psicosocial.<\/li><li>Derivaci\u00f3n a la oferta institucional (Unidad de V\u00edctimas, ICBF, Polic\u00eda de Infancia y Adolescencia).<\/li><\/ul><p>Tambi\u00e9n se han realizado contenciones en crisis y activaciones del <em>C\u00f3digo Dorado<\/em> a trav\u00e9s del 123 Social.<\/p><p><strong>Ruta de Representaci\u00f3n Judicial a V\u00edctimas de Delitos de Alto Impacto Social (DAIS)<\/strong><\/p><p>Esta ruta ofrece representaci\u00f3n judicial a v\u00edctimas de delitos de alto impacto social, garantizando el acceso a la justicia mediante defensa t\u00e9cnica en el proceso penal. Requisitos para acceder:<\/p><ol><li>Denuncia penal vigente por delito de alto impacto.<\/li><li>Que el hecho haya ocurrido en Medell\u00edn.<\/li><li>Informaci\u00f3n relevante que permita calificar el delito como de alto impacto.<\/li><li>Reconocimiento como v\u00edctima por la Fiscal\u00eda o el juez.<\/li><li>Pertenencia a estratos socioecon\u00f3micos 1, 2 o 3.<\/li><\/ol><p>La representaci\u00f3n contin\u00faa incluso despu\u00e9s del proceso penal si la v\u00edctima lo solicita para el incidente de reparaci\u00f3n integral. Se brinda tambi\u00e9n atenci\u00f3n psicosocial y contenci\u00f3n en crisis, seg\u00fan lo requiera el caso.<\/p><p><strong>Equipo con Capacidad de Reacci\u00f3n Oportuna (CREO)<\/strong><\/p><p>En el marco del <strong>Decreto 0410 de 2024<\/strong>, que establece lineamientos y garant\u00edas para el ejercicio de la protesta ciudadana y movilizaci\u00f3n pac\u00edfica, este equipo act\u00faa con capacidad de reacci\u00f3n inmediata para atender situaciones que se presenten en este contexto, garantizando el respeto por los derechos humanos y la seguridad ciudadana.<\/p>\t\t\t\t\t<\/div>\n\t\t\t\t\t\t<\/div>\n\t\t\t\t<\/div>\n\t\t\t\t<div class=\"elementor-element elementor-element-91f6ddf elementor-widget elementor-widget-heading\" data-id=\"91f6ddf\" data-element_type=\"widget\" data-widget_type=\"heading.default\">\n\t\t\t\t<div class=\"elementor-widget-container\">\n\t\t\t<h3 class=\"elementor-heading-title elementor-size-default\">Puntos de atenci\u00f3n de la Secretar\u00eda de Inclusi\u00f3n Social, Familia y Derechos Humanos para poblaci\u00f3n LGBTIQ+<\/h3>\t\t<\/div>\n\t\t\t\t<\/div>\n\t\t\t\t\t\t<\/div>\n\t\t\t\t\t<\/div>\n\t\t<\/div>\n\t\t\t\t\t\t\t\t<\/div>\n\t\t\t\t\t<\/div>\n\t\t<\/section>\n\t\t\t\t\t\t\t\t\t<\/div>\n\t\t\t<\/div>\n\t\t\t\t\t<\/div>\n\t\t","protected":false},"excerpt":{"rendered":"<p>Rutas de atenci\u00f3n para poblaci\u00f3n LGBTIQ+ en Medell\u00edn En este espacio encontrar\u00e1s las rutas de atenci\u00f3n para el restablecimiento de derechos de la poblaci\u00f3n LGBTIQ+ en Medell\u00edn. Secretar\u00eda de Inclusi\u00f3n Social, Familia y Derechos Humanos &#8230;<\/p>\n","protected":false},"author":17,"featured_media":21456,"parent":339029,"menu_order":15,"comment_status":"closed","ping_status":"closed","template":"sec-noviolencia\/elementor09102024.php","meta":[],"acf":[],"_links":{"self":[{"href":"https:\/\/www.medellin.gov.co\/es\/wp-json\/wp\/v2\/pages\/433006"}],"collection":[{"href":"https:\/\/www.medellin.gov.co\/es\/wp-json\/wp\/v2\/pages"}],"about":[{"href":"https:\/\/www.medellin.gov.co\/es\/wp-json\/wp\/v2\/types\/page"}],"author":[{"embeddable":true,"href":"https:\/\/www.medellin.gov.co\/es\/wp-json\/wp\/v2\/users\/17"}],"replies":[{"embeddable":true,"href":"https:\/\/www.medellin.gov.co\/es\/wp-json\/wp\/v2\/comments?post=433006"}],"version-history":[{"count":5,"href":"https:\/\/www.medellin.gov.co\/es\/wp-json\/wp\/v2\/pages\/433006\/revisions"}],"predecessor-version":[{"id":433030,"href":"https:\/\/www.medellin.gov.co\/es\/wp-json\/wp\/v2\/pages\/433006\/revisions\/433030"}],"up":[{"embeddable":true,"href":"https:\/\/www.medellin.gov.co\/es\/wp-json\/wp\/v2\/pages\/339029"}],"wp:featuredmedia":[{"embeddable":true,"href":"https:\/\/www.medellin.gov.co\/es\/wp-json\/wp\/v2\/media\/21456"}],"wp:attachment":[{"href":"https:\/\/www.medellin.gov.co\/es\/wp-json\/wp\/v2\/media?parent=433006"}],"curies":[{"name":"wp","href":"https:\/\/api.w.org\/{rel}","templated":true}]}}