{"id":434629,"date":"2025-07-25T10:42:27","date_gmt":"2025-07-25T15:42:27","guid":{"rendered":"https:\/\/www.medellin.gov.co\/es\/?page_id=434629"},"modified":"2025-07-25T15:44:58","modified_gmt":"2025-07-25T20:44:58","slug":"la-red-de-audiovisuales-participo-en-la-parada-juvenil-de-la-lectura","status":"publish","type":"page","link":"https:\/\/www.medellin.gov.co\/es\/secretaria-cultura-ciudadana\/red-de-practicas-artisticas-y-culturales\/la-red-de-audiovisuales-participo-en-la-parada-juvenil-de-la-lectura\/","title":{"rendered":"La Red de Audiovisuales particip\u00f3 en la Parada Juvenil de la Lectura"},"content":{"rendered":"\t\t<div data-elementor-type=\"wp-page\" data-elementor-id=\"434629\" class=\"elementor elementor-434629\">\n\t\t\t\t\t\t<div class=\"elementor-inner\">\n\t\t\t\t<div class=\"elementor-section-wrap\">\n\t\t\t\t\t\t\t<div class=\"elementor-element elementor-element-a0c3866 e-container--column e-container\" data-id=\"a0c3866\" data-element_type=\"container\">\t\t\t\t<div class=\"elementor-element elementor-element-cab97e9 elementor-widget elementor-widget-heading\" data-id=\"cab97e9\" data-element_type=\"widget\" data-widget_type=\"heading.default\">\n\t\t\t\t<div class=\"elementor-widget-container\">\n\t\t\t<h1 class=\"elementor-heading-title elementor-size-large\">La Red de Audiovisuales particip\u00f3 en la Parada Juvenil de la Lectura <\/h1>\t\t<\/div>\n\t\t\t\t<\/div>\n\t\t<\/div>\t\t<section class=\"elementor-section elementor-top-section elementor-element elementor-element-24d3bd3f elementor-section-boxed elementor-section-height-default elementor-section-height-default\" data-id=\"24d3bd3f\" data-element_type=\"section\">\n\t\t\t\t\t\t<div class=\"elementor-container elementor-column-gap-default\">\n\t\t\t\t\t\t\t<div class=\"elementor-row\">\n\t\t\t\t\t<div class=\"elementor-column elementor-col-100 elementor-top-column elementor-element elementor-element-4a86207a\" data-id=\"4a86207a\" data-element_type=\"column\">\n\t\t\t<div class=\"elementor-column-wrap elementor-element-populated\">\n\t\t\t\t\t\t\t<div class=\"elementor-widget-wrap\">\n\t\t\t\t\t\t<div class=\"elementor-element elementor-element-10938e1 elementor-widget elementor-widget-spacer\" data-id=\"10938e1\" data-element_type=\"widget\" data-widget_type=\"spacer.default\">\n\t\t\t\t<div class=\"elementor-widget-container\">\n\t\t\t\t\t<div class=\"elementor-spacer\">\n\t\t\t<div class=\"elementor-spacer-inner\"><\/div>\n\t\t<\/div>\n\t\t\t\t<\/div>\n\t\t\t\t<\/div>\n\t\t\t\t<div class=\"elementor-element elementor-element-2893eef2 elementor-widget elementor-widget-text-editor\" data-id=\"2893eef2\" data-element_type=\"widget\" data-widget_type=\"text-editor.default\">\n\t\t\t\t<div class=\"elementor-widget-container\">\n\t\t\t\t\t\t\t\t<div class=\"elementor-text-editor elementor-clearfix\">\n\t\t\t\t<p>El s\u00e1bado 5 de julio, en el Teatro Pablo Tob\u00f3n Uribe y el Museo Casa de la Memoria, se desarroll\u00f3 la 17. \u00b0 Parada Juvenil de la Lectura, que tuvo como invitada a la Red de Audiovisuales con dos laboratorios de creaci\u00f3n en torno al cine mudo, los gestos y la poes\u00eda.<\/p><p>Al caer la tarde, Marcel Ortiz e Isabella Palacio abrieron la jornada con el laboratorio creativo <em>Haiku Audiovisual<\/em>, en este espacio, el tradicional poema japon\u00e9s se transform\u00f3 en im\u00e1genes y sonidos, invitando a varios de participantes a explorar el lenguaje audiovisual desde la poes\u00eda. \u201cMe parece maravilloso, nunca hab\u00eda explorado el haiku y la poes\u00eda a trav\u00e9s del audiovisual y eso es algo que nunca hab\u00eda visto y que me conect\u00f3 con esta actividad. \u00a1Es brutal!\u201d, expres\u00f3 emocionada Sara Jaramillo G\u00f3mez, una de las asistentes.<\/p><p><img loading=\"lazy\" class=\"aligncenter wp-image-434639 size-large\" src=\"https:\/\/www.medellin.gov.co\/es\/wp-content\/uploads\/2025\/07\/Parada-juvenil-de-la-lectura-3-1024x683.jpg\" alt=\"La Red en la Parada juvenil de la lectura\" width=\"1024\" height=\"683\" srcset=\"https:\/\/www.medellin.gov.co\/es\/wp-content\/uploads\/2025\/07\/Parada-juvenil-de-la-lectura-3-1024x683.jpg 1024w, https:\/\/www.medellin.gov.co\/es\/wp-content\/uploads\/2025\/07\/Parada-juvenil-de-la-lectura-3-300x200.jpg 300w, https:\/\/www.medellin.gov.co\/es\/wp-content\/uploads\/2025\/07\/Parada-juvenil-de-la-lectura-3-150x100.jpg 150w, https:\/\/www.medellin.gov.co\/es\/wp-content\/uploads\/2025\/07\/Parada-juvenil-de-la-lectura-3-768x512.jpg 768w, https:\/\/www.medellin.gov.co\/es\/wp-content\/uploads\/2025\/07\/Parada-juvenil-de-la-lectura-3-1536x1024.jpg 1536w, https:\/\/www.medellin.gov.co\/es\/wp-content\/uploads\/2025\/07\/Parada-juvenil-de-la-lectura-3-2048x1365.jpg 2048w\" sizes=\"(max-width: 1024px) 100vw, 1024px\" \/><\/p><p>Ya como a las 9:00 p. m. comenz\u00f3 el segundo momento de la noche a cargo de Alonso Arg\u00fcello y Hern\u00e1n Arango con la propuesta creativa de <em>El arte del gesto<\/em>, un espacio de apreciaci\u00f3n y actuaci\u00f3n. Junto a los artistas formadores se invit\u00f3 al p\u00fablico a iniciar un viaje por la historia del cine mudo, derribando mitos y revelando datos curiosos. \u201cNo es Chaplin el pionero de la comedia muda\u201d, afirmaron, sorprendidos los asistentes que segu\u00edan atentos a cada an\u00e9cdota. La experiencia, termin\u00f3 con un taller pr\u00e1ctico, donde los participantes experimentaron la gestualidad y el humor sin palabras. \u201cNo sab\u00eda que no sab\u00eda nada. He logrado tumbar un poco de mitos que uno ten\u00eda\u201d, reconoci\u00f3 Miguel \u00c1ngel Hurtado, tras finalizar la actividad.<\/p><p><img loading=\"lazy\" class=\"aligncenter wp-image-434641 size-large\" src=\"https:\/\/www.medellin.gov.co\/es\/wp-content\/uploads\/2025\/07\/Parada-juvenil-de-la-lectura-2-1024x683.jpg\" alt=\"La Red de Audiovisuales en la Parada juvenil de la lectura\" width=\"1024\" height=\"683\" srcset=\"https:\/\/www.medellin.gov.co\/es\/wp-content\/uploads\/2025\/07\/Parada-juvenil-de-la-lectura-2-1024x683.jpg 1024w, https:\/\/www.medellin.gov.co\/es\/wp-content\/uploads\/2025\/07\/Parada-juvenil-de-la-lectura-2-300x200.jpg 300w, https:\/\/www.medellin.gov.co\/es\/wp-content\/uploads\/2025\/07\/Parada-juvenil-de-la-lectura-2-150x100.jpg 150w, https:\/\/www.medellin.gov.co\/es\/wp-content\/uploads\/2025\/07\/Parada-juvenil-de-la-lectura-2-768x512.jpg 768w, https:\/\/www.medellin.gov.co\/es\/wp-content\/uploads\/2025\/07\/Parada-juvenil-de-la-lectura-2-1536x1024.jpg 1536w, https:\/\/www.medellin.gov.co\/es\/wp-content\/uploads\/2025\/07\/Parada-juvenil-de-la-lectura-2-2048x1365.jpg 2048w\" sizes=\"(max-width: 1024px) 100vw, 1024px\" \/><\/p><p>La participaci\u00f3n de la Red de Audiovisuales en la 17. \u00b0 Parada Juvenil de la Lectura no solo acerc\u00f3 al p\u00fablico a nuevas formas de creaci\u00f3n art\u00edstica, sino que tambi\u00e9n permiti\u00f3 visibilizar la Red de Pr\u00e1cticas Art\u00edsticas y Culturales, fortaleciendo su proyecci\u00f3n como un programa que apuesta por el arte y la cultura en el Distrito.<\/p>\t\t\t\t\t<\/div>\n\t\t\t\t\t\t<\/div>\n\t\t\t\t<\/div>\n\t\t\t\t<div class=\"elementor-element elementor-element-197a551 elementor-widget elementor-widget-spacer\" data-id=\"197a551\" data-element_type=\"widget\" data-widget_type=\"spacer.default\">\n\t\t\t\t<div class=\"elementor-widget-container\">\n\t\t\t\t\t<div class=\"elementor-spacer\">\n\t\t\t<div class=\"elementor-spacer-inner\"><\/div>\n\t\t<\/div>\n\t\t\t\t<\/div>\n\t\t\t\t<\/div>\n\t\t\t\t\t\t<\/div>\n\t\t\t\t\t<\/div>\n\t\t<\/div>\n\t\t\t\t\t\t\t\t<\/div>\n\t\t\t\t\t<\/div>\n\t\t<\/section>\n\t\t\t\t\t\t\t\t\t<\/div>\n\t\t\t<\/div>\n\t\t\t\t\t<\/div>\n\t\t","protected":false},"excerpt":{"rendered":"<p>La Red de Audiovisuales particip\u00f3 en la Parada Juvenil de la Lectura El s\u00e1bado 5 de julio, en el Teatro Pablo Tob\u00f3n Uribe y el Museo Casa de la Memoria, se desarroll\u00f3 la 17. \u00b0 &#8230;<\/p>\n","protected":false},"author":88,"featured_media":434657,"parent":125836,"menu_order":0,"comment_status":"closed","ping_status":"closed","template":"sec-cultura\/red-practicas.php","meta":[],"acf":[],"_links":{"self":[{"href":"https:\/\/www.medellin.gov.co\/es\/wp-json\/wp\/v2\/pages\/434629"}],"collection":[{"href":"https:\/\/www.medellin.gov.co\/es\/wp-json\/wp\/v2\/pages"}],"about":[{"href":"https:\/\/www.medellin.gov.co\/es\/wp-json\/wp\/v2\/types\/page"}],"author":[{"embeddable":true,"href":"https:\/\/www.medellin.gov.co\/es\/wp-json\/wp\/v2\/users\/88"}],"replies":[{"embeddable":true,"href":"https:\/\/www.medellin.gov.co\/es\/wp-json\/wp\/v2\/comments?post=434629"}],"version-history":[{"count":8,"href":"https:\/\/www.medellin.gov.co\/es\/wp-json\/wp\/v2\/pages\/434629\/revisions"}],"predecessor-version":[{"id":435119,"href":"https:\/\/www.medellin.gov.co\/es\/wp-json\/wp\/v2\/pages\/434629\/revisions\/435119"}],"up":[{"embeddable":true,"href":"https:\/\/www.medellin.gov.co\/es\/wp-json\/wp\/v2\/pages\/125836"}],"wp:featuredmedia":[{"embeddable":true,"href":"https:\/\/www.medellin.gov.co\/es\/wp-json\/wp\/v2\/media\/434657"}],"wp:attachment":[{"href":"https:\/\/www.medellin.gov.co\/es\/wp-json\/wp\/v2\/media?parent=434629"}],"curies":[{"name":"wp","href":"https:\/\/api.w.org\/{rel}","templated":true}]}}