{"id":436829,"date":"2025-07-30T12:08:14","date_gmt":"2025-07-30T17:08:14","guid":{"rendered":"https:\/\/www.medellin.gov.co\/es\/?page_id=436829"},"modified":"2026-01-28T14:34:08","modified_gmt":"2026-01-28T19:34:08","slug":"parchemos-beneficiara-a-5-200-ninas-ninos-y-adolescentes-en-medellin","status":"publish","type":"page","link":"https:\/\/www.medellin.gov.co\/es\/secretaria-de-inclusion-social-y-familia\/parchemos-beneficiara-a-5-200-ninas-ninos-y-adolescentes-en-medellin\/","title":{"rendered":"\u201cParchemos\u201d beneficiar\u00e1 a 5.200 ni\u00f1as, ni\u00f1os y adolescentes en Medell\u00edn"},"content":{"rendered":"\t\t<div data-elementor-type=\"wp-page\" data-elementor-id=\"436829\" class=\"elementor elementor-436829\">\n\t\t\t\t\t\t<div class=\"elementor-inner\">\n\t\t\t\t<div class=\"elementor-section-wrap\">\n\t\t\t\t\t\t\t<div class=\"elementor-element elementor-element-162f90b e-container--column e-container\" data-id=\"162f90b\" data-element_type=\"container\">\t\t\t\t<div class=\"elementor-element elementor-element-b9e7ae0 elementor-widget elementor-widget-image\" data-id=\"b9e7ae0\" data-element_type=\"widget\" data-widget_type=\"image.default\">\n\t\t\t\t<div class=\"elementor-widget-container\">\n\t\t\t\t\t\t\t\t<div class=\"elementor-image\">\n\t\t\t\t\t\t\t\t\t\t\t\t\t<a href=\"https:\/\/www.medellin.gov.co\/es\/tejiendo-hogares\/\">\n\t\t\t\t\t\t\t<img width=\"1024\" height=\"160\" src=\"https:\/\/www.medellin.gov.co\/es\/wp-content\/uploads\/2024\/07\/nies_Infancia_1a-1024x160.jpg\" class=\"attachment-large size-large\" alt=\"\" loading=\"lazy\" srcset=\"https:\/\/www.medellin.gov.co\/es\/wp-content\/uploads\/2024\/07\/nies_Infancia_1a-1024x160.jpg 1024w, https:\/\/www.medellin.gov.co\/es\/wp-content\/uploads\/2024\/07\/nies_Infancia_1a-300x47.jpg 300w, https:\/\/www.medellin.gov.co\/es\/wp-content\/uploads\/2024\/07\/nies_Infancia_1a-150x23.jpg 150w, https:\/\/www.medellin.gov.co\/es\/wp-content\/uploads\/2024\/07\/nies_Infancia_1a-768x120.jpg 768w, https:\/\/www.medellin.gov.co\/es\/wp-content\/uploads\/2024\/07\/nies_Infancia_1a.jpg 1280w\" sizes=\"(max-width: 1024px) 100vw, 1024px\" \/>\t\t\t\t\t\t\t\t<\/a>\n\t\t\t\t\t\t\t\t\t\t\t\t\t\t<\/div>\n\t\t\t\t\t\t<\/div>\n\t\t\t\t<\/div>\n\t\t<\/div><div class=\"elementor-element elementor-element-37b2f3c e-container--column e-container\" data-id=\"37b2f3c\" data-element_type=\"container\">\t\t\t\t<div class=\"elementor-element elementor-element-8815c9e elementor-widget elementor-widget-heading\" data-id=\"8815c9e\" data-element_type=\"widget\" data-widget_type=\"heading.default\">\n\t\t\t\t<div class=\"elementor-widget-container\">\n\t\t\t<h1 class=\"elementor-heading-title elementor-size-default\">Parchemos<\/h1>\t\t<\/div>\n\t\t\t\t<\/div>\n\t\t<\/div><div class=\"elementor-element elementor-element-48976ce e-container--column e-container\" data-id=\"48976ce\" data-element_type=\"container\">\t\t\t\t<div class=\"elementor-element elementor-element-509ae39 elementor-widget elementor-widget-image\" data-id=\"509ae39\" data-element_type=\"widget\" data-widget_type=\"image.default\">\n\t\t\t\t<div class=\"elementor-widget-container\">\n\t\t\t\t\t\t\t\t<div class=\"elementor-image\">\n\t\t\t\t\t\t\t\t\t\t\t\t<img width=\"1024\" height=\"705\" src=\"https:\/\/www.medellin.gov.co\/es\/wp-content\/uploads\/2026\/01\/Imagen-banner-Parceros-1024x705.jpg\" class=\"attachment-large size-large\" alt=\"Imagen banner Parceros\" loading=\"lazy\" srcset=\"https:\/\/www.medellin.gov.co\/es\/wp-content\/uploads\/2026\/01\/Imagen-banner-Parceros-1024x705.jpg 1024w, https:\/\/www.medellin.gov.co\/es\/wp-content\/uploads\/2026\/01\/Imagen-banner-Parceros-300x206.jpg 300w, https:\/\/www.medellin.gov.co\/es\/wp-content\/uploads\/2026\/01\/Imagen-banner-Parceros-150x103.jpg 150w, https:\/\/www.medellin.gov.co\/es\/wp-content\/uploads\/2026\/01\/Imagen-banner-Parceros-768x529.jpg 768w, https:\/\/www.medellin.gov.co\/es\/wp-content\/uploads\/2026\/01\/Imagen-banner-Parceros.jpg 1280w\" sizes=\"(max-width: 1024px) 100vw, 1024px\" \/>\t\t\t\t\t\t\t\t\t\t\t\t\t\t<\/div>\n\t\t\t\t\t\t<\/div>\n\t\t\t\t<\/div>\n\t\t<\/div><div class=\"elementor-element elementor-element-725258e e-container--column e-container\" data-id=\"725258e\" data-element_type=\"container\">\t\t\t\t<div class=\"elementor-element elementor-element-b0ec054 elementor-widget elementor-widget-spacer\" data-id=\"b0ec054\" data-element_type=\"widget\" data-widget_type=\"spacer.default\">\n\t\t\t\t<div class=\"elementor-widget-container\">\n\t\t\t\t\t<div class=\"elementor-spacer\">\n\t\t\t<div class=\"elementor-spacer-inner\"><\/div>\n\t\t<\/div>\n\t\t\t\t<\/div>\n\t\t\t\t<\/div>\n\t\t<\/div><div class=\"elementor-element elementor-element-2873ffa e-container--column e-container\" data-id=\"2873ffa\" data-element_type=\"container\">\t\t\t\t<div class=\"elementor-element elementor-element-8be0060 elementor-widget elementor-widget-text-editor\" data-id=\"8be0060\" data-element_type=\"widget\" data-widget_type=\"text-editor.default\">\n\t\t\t\t<div class=\"elementor-widget-container\">\n\t\t\t\t\t\t\t\t<div class=\"elementor-text-editor elementor-clearfix\">\n\t\t\t\t<p><b>Un espacio seguro para crecer, crear y transformar<\/b><\/p><p><span style=\"font-weight: 400;\">Parchemos es una <\/span><b>estrategia de aprovechamiento del tiempo libre<\/b><span style=\"font-weight: 400;\"> que pretende proteger a ni\u00f1as, ni\u00f1os y adolescentes entre los 6 y los 17 a\u00f1os, de los riesgos propios de su entorno; esto a trav\u00e9s de acciones l\u00fadico-pedag\u00f3gicas y experienciales que se llevan a cabo en instituciones educativas y otros espacios de ciudad.\u00a0<\/span><\/p><p><span style=\"font-weight: 400;\">Parchemos usa las clases de <\/span><b>rob\u00f3tica, astronom\u00eda, baile, teatro y deportes alternativos<\/b><span style=\"font-weight: 400;\"> como laboratorios para desarrollar no s\u00f3lo habilidades cognitivas, motrices y art\u00edsticas, sino tambi\u00e9n habilidades para la vida como las de <\/span><b>gesti\u00f3n emocional, toma de decisiones, liderazgo y prevenci\u00f3n de riesgos.<\/b><\/p><p><span style=\"font-weight: 400;\">La metodolog\u00eda de Parchemos es participativa y pone a cada ni\u00f1o en el centro de su propio aprendizaje, invit\u00e1ndolo a explorar sus talentos, a compartir sus sue\u00f1os y a tomar decisiones correctas para construir un proyecto de vida integral, promoviendo<\/span><b> la inclusi\u00f3n, la autonom\u00eda y el juego<\/b><span style=\"font-weight: 400;\"> como motor de transformaci\u00f3n.<\/span><\/p>\t\t\t\t\t<\/div>\n\t\t\t\t\t\t<\/div>\n\t\t\t\t<\/div>\n\t\t<\/div><div class=\"elementor-element elementor-element-63955e6 e-container--column e-container\" data-id=\"63955e6\" data-element_type=\"container\">\t\t\t\t<div class=\"elementor-element elementor-element-7f06d74 elementor-widget elementor-widget-spacer\" data-id=\"7f06d74\" data-element_type=\"widget\" data-widget_type=\"spacer.default\">\n\t\t\t\t<div class=\"elementor-widget-container\">\n\t\t\t\t\t<div class=\"elementor-spacer\">\n\t\t\t<div class=\"elementor-spacer-inner\"><\/div>\n\t\t<\/div>\n\t\t\t\t<\/div>\n\t\t\t\t<\/div>\n\t\t<\/div><div class=\"elementor-element elementor-element-1b7e3ab e-container--column e-container\" data-id=\"1b7e3ab\" data-element_type=\"container\">\t\t\t\t<div class=\"elementor-element elementor-element-b41158e elementor-aspect-ratio-169 elementor-widget elementor-widget-video\" data-id=\"b41158e\" data-element_type=\"widget\" data-settings=\"{&quot;youtube_url&quot;:&quot;https:\\\/\\\/www.youtube.com\\\/watch?v=-zONktau9wM&quot;,&quot;video_type&quot;:&quot;youtube&quot;,&quot;controls&quot;:&quot;yes&quot;,&quot;aspect_ratio&quot;:&quot;169&quot;}\" data-widget_type=\"video.default\">\n\t\t\t\t<div class=\"elementor-widget-container\">\n\t\t\t\t\t<div class=\"elementor-wrapper elementor-fit-aspect-ratio elementor-open-inline\">\n\t\t\t<div class=\"elementor-video\"><\/div>\t\t<\/div>\n\t\t\t\t<\/div>\n\t\t\t\t<\/div>\n\t\t<\/div><div class=\"elementor-element elementor-element-e136482 e-container--column e-container\" data-id=\"e136482\" data-element_type=\"container\">\t\t\t\t<div class=\"elementor-element elementor-element-b7bd61d elementor-widget elementor-widget-heading\" data-id=\"b7bd61d\" data-element_type=\"widget\" data-widget_type=\"heading.default\">\n\t\t\t\t<div class=\"elementor-widget-container\">\n\t\t\t<h2 class=\"elementor-heading-title elementor-size-default\"><b>Parchemos\n<\/b> <\/h2>\t\t<\/div>\n\t\t\t\t<\/div>\n\t\t<\/div><div class=\"elementor-element elementor-element-a0765c1 e-container--column e-container\" data-id=\"a0765c1\" data-element_type=\"container\">\t\t\t\t<div class=\"elementor-element elementor-element-56a1bee elementor-widget elementor-widget-spacer\" data-id=\"56a1bee\" data-element_type=\"widget\" data-widget_type=\"spacer.default\">\n\t\t\t\t<div class=\"elementor-widget-container\">\n\t\t\t\t\t<div class=\"elementor-spacer\">\n\t\t\t<div class=\"elementor-spacer-inner\"><\/div>\n\t\t<\/div>\n\t\t\t\t<\/div>\n\t\t\t\t<\/div>\n\t\t<\/div><div class=\"elementor-element elementor-element-137937f e-container--column e-container\" data-id=\"137937f\" data-element_type=\"container\">\t\t<div class=\"elementor-element elementor-element-68b4d15 e-container--column e-container\" data-id=\"68b4d15\" data-element_type=\"container\">\t\t<\/div><\/div><div class=\"elementor-element elementor-element-ccfe21a e-container--column e-container\" data-id=\"ccfe21a\" data-element_type=\"container\">\t\t\t\t<div class=\"elementor-element elementor-element-5670191 elementor-widget elementor-widget-spacer\" data-id=\"5670191\" data-element_type=\"widget\" data-widget_type=\"spacer.default\">\n\t\t\t\t<div class=\"elementor-widget-container\">\n\t\t\t\t\t<div class=\"elementor-spacer\">\n\t\t\t<div class=\"elementor-spacer-inner\"><\/div>\n\t\t<\/div>\n\t\t\t\t<\/div>\n\t\t\t\t<\/div>\n\t\t<\/div><div class=\"elementor-element elementor-element-50a74b4 e-container--column e-container\" data-id=\"50a74b4\" data-element_type=\"container\">\t\t\t\t<div class=\"elementor-element elementor-element-4923dd4 elementor-align-center elementor-widget elementor-widget-button\" data-id=\"4923dd4\" data-element_type=\"widget\" data-widget_type=\"button.default\">\n\t\t\t\t<div class=\"elementor-widget-container\">\n\t\t\t\t\t<div class=\"elementor-button-wrapper\">\n\t\t\t<a href=\"https:\/\/whatsapp.com\/channel\/0029VaQWO565Ui2fcjyYka1q\" target=\"_blank\" class=\"elementor-button-link elementor-button elementor-size-sm\" role=\"button\">\n\t\t\t\t\t\t<span class=\"elementor-button-content-wrapper\">\n\t\t\t\t\t\t<span class=\"elementor-button-text\">\u00a1No te quedes por fuera! S\u00famate a nuestro canal de WhatsApp y ent\u00e9rate de las pr\u00f3ximas convocatorias de Parchemos.<\/span>\n\t\t<\/span>\n\t\t\t\t\t<\/a>\n\t\t<\/div>\n\t\t\t\t<\/div>\n\t\t\t\t<\/div>\n\t\t<\/div>\t\t\t\t\t\t\t<\/div>\n\t\t\t<\/div>\n\t\t\t\t\t<\/div>\n\t\t","protected":false},"excerpt":{"rendered":"<p>Parchemos Un espacio seguro para crecer, crear y transformar Parchemos es una estrategia de aprovechamiento del tiempo libre que pretende proteger a ni\u00f1as, ni\u00f1os y adolescentes entre los 6 y los 17 a\u00f1os, de los &#8230;<\/p>\n","protected":false},"author":97,"featured_media":0,"parent":339476,"menu_order":0,"comment_status":"closed","ping_status":"closed","template":"sec-inclusion_social\/elementor26092024.php","meta":[],"acf":[],"_links":{"self":[{"href":"https:\/\/www.medellin.gov.co\/es\/wp-json\/wp\/v2\/pages\/436829"}],"collection":[{"href":"https:\/\/www.medellin.gov.co\/es\/wp-json\/wp\/v2\/pages"}],"about":[{"href":"https:\/\/www.medellin.gov.co\/es\/wp-json\/wp\/v2\/types\/page"}],"author":[{"embeddable":true,"href":"https:\/\/www.medellin.gov.co\/es\/wp-json\/wp\/v2\/users\/97"}],"replies":[{"embeddable":true,"href":"https:\/\/www.medellin.gov.co\/es\/wp-json\/wp\/v2\/comments?post=436829"}],"version-history":[{"count":10,"href":"https:\/\/www.medellin.gov.co\/es\/wp-json\/wp\/v2\/pages\/436829\/revisions"}],"predecessor-version":[{"id":494688,"href":"https:\/\/www.medellin.gov.co\/es\/wp-json\/wp\/v2\/pages\/436829\/revisions\/494688"}],"up":[{"embeddable":true,"href":"https:\/\/www.medellin.gov.co\/es\/wp-json\/wp\/v2\/pages\/339476"}],"wp:attachment":[{"href":"https:\/\/www.medellin.gov.co\/es\/wp-json\/wp\/v2\/media?parent=436829"}],"curies":[{"name":"wp","href":"https:\/\/api.w.org\/{rel}","templated":true}]}}