{"id":445601,"date":"2025-08-21T16:59:18","date_gmt":"2025-08-21T21:59:18","guid":{"rendered":"https:\/\/www.medellin.gov.co\/es\/?page_id=445601"},"modified":"2025-08-28T17:55:25","modified_gmt":"2025-08-28T22:55:25","slug":"xi-congreso-internacional-buen-comienzo","status":"publish","type":"page","link":"https:\/\/www.medellin.gov.co\/es\/unidad-administrativa-especial-buen-comienzo\/xi-congreso-internacional-buen-comienzo\/","title":{"rendered":"XI Congreso Internacional Buen Comienzo"},"content":{"rendered":"\t\t<div data-elementor-type=\"wp-page\" data-elementor-id=\"445601\" class=\"elementor elementor-445601\">\n\t\t\t\t\t\t<div class=\"elementor-inner\">\n\t\t\t\t<div class=\"elementor-section-wrap\">\n\t\t\t\t\t\t\t<div class=\"elementor-element elementor-element-0ab69a9 e-container--column e-container\" data-id=\"0ab69a9\" data-element_type=\"container\">\t\t\t\t<div class=\"elementor-element elementor-element-533e406 elementor-widget elementor-widget-heading\" data-id=\"533e406\" data-element_type=\"widget\" data-widget_type=\"heading.default\">\n\t\t\t\t<div class=\"elementor-widget-container\">\n\t\t\t<h1 class=\"elementor-heading-title elementor-size-default\">XI Congreso Internacional Buen Comienzo \u201cMedell\u00edn Te Quiere\u201d<\/h1>\t\t<\/div>\n\t\t\t\t<\/div>\n\t\t<\/div><div class=\"elementor-element elementor-element-54b42e1 e-container--column e-container\" data-id=\"54b42e1\" data-element_type=\"container\">\t\t\t\t<div class=\"elementor-element elementor-element-7e8ef89 elementor-widget elementor-widget-spacer\" data-id=\"7e8ef89\" data-element_type=\"widget\" data-widget_type=\"spacer.default\">\n\t\t\t\t<div class=\"elementor-widget-container\">\n\t\t\t\t\t<div class=\"elementor-spacer\">\n\t\t\t<div class=\"elementor-spacer-inner\"><\/div>\n\t\t<\/div>\n\t\t\t\t<\/div>\n\t\t\t\t<\/div>\n\t\t\t\t<div class=\"elementor-element elementor-element-08fa47e elementor-widget elementor-widget-image\" data-id=\"08fa47e\" data-element_type=\"widget\" data-widget_type=\"image.default\">\n\t\t\t\t<div class=\"elementor-widget-container\">\n\t\t\t\t\t\t\t\t<div class=\"elementor-image\">\n\t\t\t\t\t\t\t\t\t\t\t\t\t<a href=\"https:\/\/www.medellin.gov.co\/es\/wp-content\/uploads\/2025\/08\/Programacion_CBC_2025.pdf\" target=\"_blank\">\n\t\t\t\t\t\t\t<img width=\"1291\" height=\"252\" src=\"https:\/\/www.medellin.gov.co\/es\/wp-content\/uploads\/2025\/08\/Mesa-de-trabajo-16.png\" class=\"attachment-full size-full\" alt=\"\" loading=\"lazy\" srcset=\"https:\/\/www.medellin.gov.co\/es\/wp-content\/uploads\/2025\/08\/Mesa-de-trabajo-16.png 1291w, https:\/\/www.medellin.gov.co\/es\/wp-content\/uploads\/2025\/08\/Mesa-de-trabajo-16-300x59.png 300w, https:\/\/www.medellin.gov.co\/es\/wp-content\/uploads\/2025\/08\/Mesa-de-trabajo-16-1024x200.png 1024w, https:\/\/www.medellin.gov.co\/es\/wp-content\/uploads\/2025\/08\/Mesa-de-trabajo-16-150x29.png 150w, https:\/\/www.medellin.gov.co\/es\/wp-content\/uploads\/2025\/08\/Mesa-de-trabajo-16-768x150.png 768w\" sizes=\"(max-width: 1291px) 100vw, 1291px\" \/>\t\t\t\t\t\t\t\t<\/a>\n\t\t\t\t\t\t\t\t\t\t\t\t\t\t<\/div>\n\t\t\t\t\t\t<\/div>\n\t\t\t\t<\/div>\n\t\t<\/div><div class=\"elementor-element elementor-element-a590248 e-container--column e-container\" data-id=\"a590248\" data-element_type=\"container\">\t\t\t\t<div class=\"elementor-element elementor-element-6ef8463 elementor-widget elementor-widget-spacer\" data-id=\"6ef8463\" data-element_type=\"widget\" data-widget_type=\"spacer.default\">\n\t\t\t\t<div class=\"elementor-widget-container\">\n\t\t\t\t\t<div class=\"elementor-spacer\">\n\t\t\t<div class=\"elementor-spacer-inner\"><\/div>\n\t\t<\/div>\n\t\t\t\t<\/div>\n\t\t\t\t<\/div>\n\t\t<\/div><div class=\"elementor-element elementor-element-1849795 e-container--row e-container\" data-id=\"1849795\" data-element_type=\"container\">\t\t<div class=\"elementor-element elementor-element-bc150d8 e-container--column e-container\" data-id=\"bc150d8\" data-element_type=\"container\">\t\t\t\t<div class=\"elementor-element elementor-element-df60f85 elementor-widget elementor-widget-text-editor\" data-id=\"df60f85\" data-element_type=\"widget\" data-widget_type=\"text-editor.default\">\n\t\t\t\t<div class=\"elementor-widget-container\">\n\t\t\t\t\t\t\t\t<div class=\"elementor-text-editor elementor-clearfix\">\n\t\t\t\t<p>Del 3 al 5 de septiembre de 2025, Medell\u00edn ser\u00e1 escenario del XI Congreso Internacional Buen Comienzo Medell\u00edn Te Quiere, un espacio acad\u00e9mico y experiencial que invita a reflexionar sobre la salud mental y el fortalecimiento de los v\u00ednculos como pilares para el desarrollo humano y social.<\/p><p>El encuentro tendr\u00e1 lugar en Plaza Mayor \u2013 Medell\u00edn, donde durante tres d\u00edas reuniremos a expertos nacionales e internacionales, agentes educativos, profesionales de la salud, familias, investigadores y ciudadan\u00eda en general, en torno a conferencias experienciales y espacios de bienestar.<\/p>\t\t\t\t\t<\/div>\n\t\t\t\t\t\t<\/div>\n\t\t\t\t<\/div>\n\t\t\t\t<div class=\"elementor-element elementor-element-659497b elementor-mobile-align-left elementor-widget elementor-widget-button\" data-id=\"659497b\" data-element_type=\"widget\" data-widget_type=\"button.default\">\n\t\t\t\t<div class=\"elementor-widget-container\">\n\t\t\t\t\t<div class=\"elementor-button-wrapper\">\n\t\t\t<a href=\"https:\/\/registro.aplicacionesincontacto.com\/#\/formview\/68a744c093877fc7e195dcc7\" target=\"_blank\" class=\"elementor-button-link elementor-button elementor-size-sm\" role=\"button\">\n\t\t\t\t\t\t<span class=\"elementor-button-content-wrapper\">\n\t\t\t\t\t\t<span class=\"elementor-button-text\">Inscr\u00edbete aqu\u00ed<\/span>\n\t\t<\/span>\n\t\t\t\t\t<\/a>\n\t\t<\/div>\n\t\t\t\t<\/div>\n\t\t\t\t<\/div>\n\t\t\t\t<div class=\"elementor-element elementor-element-0043547 elementor-mobile-align-left elementor-widget elementor-widget-button\" data-id=\"0043547\" data-element_type=\"widget\" data-widget_type=\"button.default\">\n\t\t\t\t<div class=\"elementor-widget-container\">\n\t\t\t\t\t<div class=\"elementor-button-wrapper\">\n\t\t\t<a href=\"https:\/\/www.medellin.gov.co\/es\/wp-content\/uploads\/2025\/08\/Programacion_CBC_2025.pdf\" target=\"_blank\" class=\"elementor-button-link elementor-button elementor-size-sm\" role=\"button\">\n\t\t\t\t\t\t<span class=\"elementor-button-content-wrapper\">\n\t\t\t\t\t\t<span class=\"elementor-button-text\">Descarga la programaci\u00f3n<\/span>\n\t\t<\/span>\n\t\t\t\t\t<\/a>\n\t\t<\/div>\n\t\t\t\t<\/div>\n\t\t\t\t<\/div>\n\t\t<\/div><div class=\"elementor-element elementor-element-4b00d47 e-container--column e-container\" data-id=\"4b00d47\" data-element_type=\"container\">\t\t\t\t<div class=\"elementor-element elementor-element-293c8f1 elementor-widget elementor-widget-image\" data-id=\"293c8f1\" data-element_type=\"widget\" data-widget_type=\"image.default\">\n\t\t\t\t<div class=\"elementor-widget-container\">\n\t\t\t\t\t\t\t\t<div class=\"elementor-image\">\n\t\t\t\t\t\t\t\t\t\t\t\t<img width=\"1024\" height=\"810\" src=\"https:\/\/www.medellin.gov.co\/es\/wp-content\/uploads\/2025\/08\/CongresoBuenComienzxp.png\" class=\"attachment-large size-large\" alt=\"\" loading=\"lazy\" srcset=\"https:\/\/www.medellin.gov.co\/es\/wp-content\/uploads\/2025\/08\/CongresoBuenComienzxp.png 1025w, https:\/\/www.medellin.gov.co\/es\/wp-content\/uploads\/2025\/08\/CongresoBuenComienzxp-300x237.png 300w, https:\/\/www.medellin.gov.co\/es\/wp-content\/uploads\/2025\/08\/CongresoBuenComienzxp-150x119.png 150w, https:\/\/www.medellin.gov.co\/es\/wp-content\/uploads\/2025\/08\/CongresoBuenComienzxp-768x608.png 768w\" sizes=\"(max-width: 1024px) 100vw, 1024px\" \/>\t\t\t\t\t\t\t\t\t\t\t\t\t\t<\/div>\n\t\t\t\t\t\t<\/div>\n\t\t\t\t<\/div>\n\t\t<\/div><\/div><div class=\"elementor-element elementor-element-55b58b1 e-container--column e-container\" data-id=\"55b58b1\" data-element_type=\"container\">\t\t\t\t<div class=\"elementor-element elementor-element-69f6dcc elementor-widget elementor-widget-heading\" data-id=\"69f6dcc\" data-element_type=\"widget\" data-widget_type=\"heading.default\">\n\t\t\t\t<div class=\"elementor-widget-container\">\n\t\t\t<h2 class=\"elementor-heading-title elementor-size-default\"><b>Ponencias <\/b>del Congreso Buen Comienzo<\/h2>\t\t<\/div>\n\t\t\t\t<\/div>\n\t\t\t\t<div class=\"elementor-element elementor-element-a5e7eaf elementor-grid-3 elementor-grid-tablet-2 elementor-grid-mobile-1 pp-ins-normal elementor-widget elementor-widget-pp-image-gallery\" data-id=\"a5e7eaf\" data-element_type=\"widget\" data-settings=\"{&quot;columns&quot;:&quot;3&quot;,&quot;columns_tablet&quot;:&quot;2&quot;,&quot;columns_mobile&quot;:&quot;1&quot;}\" data-widget_type=\"pp-image-gallery.default\">\n\t\t\t\t<div class=\"elementor-widget-container\">\n\t\t\t\t\t<div class=\"pp-image-gallery-container\" data-settings=\"{&quot;tilt_enable&quot;:&quot;no&quot;,&quot;layout&quot;:&quot;grid&quot;,&quot;post_id&quot;:445601,&quot;template_id&quot;:445601,&quot;widget_id&quot;:&quot;a5e7eaf&quot;}\">\n\t\t\t\t\t\t<div class=\"pp-image-gallery-wrapper\">\n\t\t\t\t\t\t\t\t<div class=\"pp-image-gallery pp-elementor-grid\" id=\"pp-image-gallery-a5e7eaf\">\n\t\t\t\t\t\n\t\t\t<div class=\"pp-grid-item-wrap pp-group-1\" data-item-id=\"445604\">\n\t\t\t\t<div class=\"pp-grid-item pp-image\">\n\t\t\t\t\t<div class=\"pp-image-gallery-thumbnail-wrap pp-ins-filter-hover\">\n\t\t\t\t\t\t<a data-elementor-open-lightbox=\"default\" data-elementor-lightbox-slideshow=\"a5e7eaf\" class=\"elementor-clickable pp-image-gallery-item-link\" href=\"https:\/\/www.medellin.gov.co\/es\/wp-content\/uploads\/2025\/08\/2.png\"><\/a><div class=\"pp-ins-filter-target pp-image-gallery-thumbnail\"><img class=\"pp-gallery-slide-image\" src=\"https:\/\/www.medellin.gov.co\/es\/wp-content\/uploads\/2025\/08\/2.png\" alt=\"\" data-no-lazy=\"1\" \/><\/div><div class=\"pp-image-overlay pp-media-overlay\"><\/div><div class=\"pp-gallery-image-content pp-media-content\"><\/div>\t\t\t\t\t<\/div>\n\t\t\t\t<\/div>\n\t\t\t<\/div>\n\t\t\t\n\t\t\t<div class=\"pp-grid-item-wrap pp-group-1\" data-item-id=\"445619\">\n\t\t\t\t<div class=\"pp-grid-item pp-image\">\n\t\t\t\t\t<div class=\"pp-image-gallery-thumbnail-wrap pp-ins-filter-hover\">\n\t\t\t\t\t\t<a data-elementor-open-lightbox=\"default\" data-elementor-lightbox-slideshow=\"a5e7eaf\" class=\"elementor-clickable pp-image-gallery-item-link\" href=\"https:\/\/www.medellin.gov.co\/es\/wp-content\/uploads\/2025\/08\/3.png\"><\/a><div class=\"pp-ins-filter-target pp-image-gallery-thumbnail\"><img class=\"pp-gallery-slide-image\" src=\"https:\/\/www.medellin.gov.co\/es\/wp-content\/uploads\/2025\/08\/3.png\" alt=\"\" data-no-lazy=\"1\" \/><\/div><div class=\"pp-image-overlay pp-media-overlay\"><\/div><div class=\"pp-gallery-image-content pp-media-content\"><\/div>\t\t\t\t\t<\/div>\n\t\t\t\t<\/div>\n\t\t\t<\/div>\n\t\t\t\n\t\t\t<div class=\"pp-grid-item-wrap pp-group-1\" data-item-id=\"445617\">\n\t\t\t\t<div class=\"pp-grid-item pp-image\">\n\t\t\t\t\t<div class=\"pp-image-gallery-thumbnail-wrap pp-ins-filter-hover\">\n\t\t\t\t\t\t<a data-elementor-open-lightbox=\"default\" data-elementor-lightbox-slideshow=\"a5e7eaf\" class=\"elementor-clickable pp-image-gallery-item-link\" href=\"https:\/\/www.medellin.gov.co\/es\/wp-content\/uploads\/2025\/08\/1.png\"><\/a><div class=\"pp-ins-filter-target pp-image-gallery-thumbnail\"><img class=\"pp-gallery-slide-image\" src=\"https:\/\/www.medellin.gov.co\/es\/wp-content\/uploads\/2025\/08\/1.png\" alt=\"\" data-no-lazy=\"1\" \/><\/div><div class=\"pp-image-overlay pp-media-overlay\"><\/div><div class=\"pp-gallery-image-content pp-media-content\"><\/div>\t\t\t\t\t<\/div>\n\t\t\t\t<\/div>\n\t\t\t<\/div>\n\t\t\t\n\t\t\t<div class=\"pp-grid-item-wrap pp-group-1\" data-item-id=\"445606\">\n\t\t\t\t<div class=\"pp-grid-item pp-image\">\n\t\t\t\t\t<div class=\"pp-image-gallery-thumbnail-wrap pp-ins-filter-hover\">\n\t\t\t\t\t\t<a data-elementor-open-lightbox=\"default\" data-elementor-lightbox-slideshow=\"a5e7eaf\" class=\"elementor-clickable pp-image-gallery-item-link\" href=\"https:\/\/www.medellin.gov.co\/es\/wp-content\/uploads\/2025\/08\/4.png\"><\/a><div class=\"pp-ins-filter-target pp-image-gallery-thumbnail\"><img class=\"pp-gallery-slide-image\" src=\"https:\/\/www.medellin.gov.co\/es\/wp-content\/uploads\/2025\/08\/4.png\" alt=\"\" data-no-lazy=\"1\" \/><\/div><div class=\"pp-image-overlay pp-media-overlay\"><\/div><div class=\"pp-gallery-image-content pp-media-content\"><\/div>\t\t\t\t\t<\/div>\n\t\t\t\t<\/div>\n\t\t\t<\/div>\n\t\t\t\n\t\t\t<div class=\"pp-grid-item-wrap pp-group-1\" data-item-id=\"445608\">\n\t\t\t\t<div class=\"pp-grid-item pp-image\">\n\t\t\t\t\t<div class=\"pp-image-gallery-thumbnail-wrap pp-ins-filter-hover\">\n\t\t\t\t\t\t<a data-elementor-open-lightbox=\"default\" data-elementor-lightbox-slideshow=\"a5e7eaf\" class=\"elementor-clickable pp-image-gallery-item-link\" href=\"https:\/\/www.medellin.gov.co\/es\/wp-content\/uploads\/2025\/08\/6.png\"><\/a><div class=\"pp-ins-filter-target pp-image-gallery-thumbnail\"><img class=\"pp-gallery-slide-image\" src=\"https:\/\/www.medellin.gov.co\/es\/wp-content\/uploads\/2025\/08\/6.png\" alt=\"\" data-no-lazy=\"1\" \/><\/div><div class=\"pp-image-overlay pp-media-overlay\"><\/div><div class=\"pp-gallery-image-content pp-media-content\"><\/div>\t\t\t\t\t<\/div>\n\t\t\t\t<\/div>\n\t\t\t<\/div>\n\t\t\t\n\t\t\t<div class=\"pp-grid-item-wrap pp-group-1\" data-item-id=\"445622\">\n\t\t\t\t<div class=\"pp-grid-item pp-image\">\n\t\t\t\t\t<div class=\"pp-image-gallery-thumbnail-wrap pp-ins-filter-hover\">\n\t\t\t\t\t\t<a data-elementor-open-lightbox=\"default\" data-elementor-lightbox-slideshow=\"a5e7eaf\" class=\"elementor-clickable pp-image-gallery-item-link\" href=\"https:\/\/www.medellin.gov.co\/es\/wp-content\/uploads\/2025\/08\/5.png\"><\/a><div class=\"pp-ins-filter-target pp-image-gallery-thumbnail\"><img class=\"pp-gallery-slide-image\" src=\"https:\/\/www.medellin.gov.co\/es\/wp-content\/uploads\/2025\/08\/5.png\" alt=\"\" data-no-lazy=\"1\" \/><\/div><div class=\"pp-image-overlay pp-media-overlay\"><\/div><div class=\"pp-gallery-image-content pp-media-content\"><\/div>\t\t\t\t\t<\/div>\n\t\t\t\t<\/div>\n\t\t\t<\/div>\n\t\t\t\n\t\t\t<div class=\"pp-grid-item-wrap pp-group-1\" data-item-id=\"448346\">\n\t\t\t\t<div class=\"pp-grid-item pp-image\">\n\t\t\t\t\t<div class=\"pp-image-gallery-thumbnail-wrap pp-ins-filter-hover\">\n\t\t\t\t\t\t<a data-elementor-open-lightbox=\"default\" data-elementor-lightbox-slideshow=\"a5e7eaf\" class=\"elementor-clickable pp-image-gallery-item-link\" href=\"https:\/\/www.medellin.gov.co\/es\/wp-content\/uploads\/2025\/08\/Congreso_BuenComienzo.jpeg\"><\/a><div class=\"pp-ins-filter-target pp-image-gallery-thumbnail\"><img class=\"pp-gallery-slide-image\" src=\"https:\/\/www.medellin.gov.co\/es\/wp-content\/uploads\/2025\/08\/Congreso_BuenComienzo.jpeg\" alt=\"\" data-no-lazy=\"1\" \/><\/div><div class=\"pp-image-overlay pp-media-overlay\"><\/div><div class=\"pp-gallery-image-content pp-media-content\"><\/div>\t\t\t\t\t<\/div>\n\t\t\t\t<\/div>\n\t\t\t<\/div>\n\t\t\t\n\t\t\t<div class=\"pp-grid-item-wrap pp-group-1\" data-item-id=\"445627\">\n\t\t\t\t<div class=\"pp-grid-item pp-image\">\n\t\t\t\t\t<div class=\"pp-image-gallery-thumbnail-wrap pp-ins-filter-hover\">\n\t\t\t\t\t\t<a data-elementor-open-lightbox=\"default\" data-elementor-lightbox-slideshow=\"a5e7eaf\" class=\"elementor-clickable pp-image-gallery-item-link\" href=\"https:\/\/www.medellin.gov.co\/es\/wp-content\/uploads\/2025\/08\/9.png\"><\/a><div class=\"pp-ins-filter-target pp-image-gallery-thumbnail\"><img class=\"pp-gallery-slide-image\" src=\"https:\/\/www.medellin.gov.co\/es\/wp-content\/uploads\/2025\/08\/9.png\" alt=\"\" data-no-lazy=\"1\" \/><\/div><div class=\"pp-image-overlay pp-media-overlay\"><\/div><div class=\"pp-gallery-image-content pp-media-content\"><\/div>\t\t\t\t\t<\/div>\n\t\t\t\t<\/div>\n\t\t\t<\/div>\n\t\t\t\n\t\t\t<div class=\"pp-grid-item-wrap pp-group-1\" data-item-id=\"445628\">\n\t\t\t\t<div class=\"pp-grid-item pp-image\">\n\t\t\t\t\t<div class=\"pp-image-gallery-thumbnail-wrap pp-ins-filter-hover\">\n\t\t\t\t\t\t<a data-elementor-open-lightbox=\"default\" data-elementor-lightbox-slideshow=\"a5e7eaf\" class=\"elementor-clickable pp-image-gallery-item-link\" href=\"https:\/\/www.medellin.gov.co\/es\/wp-content\/uploads\/2025\/08\/10.png\"><\/a><div class=\"pp-ins-filter-target pp-image-gallery-thumbnail\"><img class=\"pp-gallery-slide-image\" src=\"https:\/\/www.medellin.gov.co\/es\/wp-content\/uploads\/2025\/08\/10.png\" alt=\"\" data-no-lazy=\"1\" \/><\/div><div class=\"pp-image-overlay pp-media-overlay\"><\/div><div class=\"pp-gallery-image-content pp-media-content\"><\/div>\t\t\t\t\t<\/div>\n\t\t\t\t<\/div>\n\t\t\t<\/div>\n\t\t\t\t\t\t\t<\/div>\n\t\t\t\t\t\t\t<\/div>\n\t\t\t\t\t\t<\/div>\n\t\t\t\t<\/div>\n\t\t\t\t<\/div>\n\t\t<\/div><div class=\"elementor-element elementor-element-9d2673a e-container--column e-container\" data-id=\"9d2673a\" data-element_type=\"container\">\t\t\t\t<div class=\"elementor-element elementor-element-f84d25b elementor-widget elementor-widget-heading\" data-id=\"f84d25b\" data-element_type=\"widget\" data-widget_type=\"heading.default\">\n\t\t\t\t<div class=\"elementor-widget-container\">\n\t\t\t<h2 class=\"elementor-heading-title elementor-size-default\"><b>Aliados del XI <\/b>Congreso Internacional Buen Comienzo<\/h2>\t\t<\/div>\n\t\t\t\t<\/div>\n\t\t<\/div><div class=\"elementor-element elementor-element-53ef0cf e-container--row e-container\" data-id=\"53ef0cf\" data-element_type=\"container\">\t\t<div class=\"elementor-element elementor-element-ff35f1d e-container--column e-container\" data-id=\"ff35f1d\" data-element_type=\"container\">\t\t\t\t<div class=\"elementor-element elementor-element-afe1021 elementor-widget elementor-widget-image\" data-id=\"afe1021\" data-element_type=\"widget\" data-widget_type=\"image.default\">\n\t\t\t\t<div class=\"elementor-widget-container\">\n\t\t\t\t\t\t\t\t<div class=\"elementor-image\">\n\t\t\t\t\t\t\t\t\t\t\t\t\t<a href=\"https:\/\/www.medellin.gov.co\/es\/tejiendo-hogares\/\" target=\"_blank\">\n\t\t\t\t\t\t\t<img width=\"460\" height=\"201\" src=\"https:\/\/www.medellin.gov.co\/es\/wp-content\/uploads\/2024\/08\/Aliado-3-1.png\" class=\"attachment-large size-large\" alt=\"\" loading=\"lazy\" srcset=\"https:\/\/www.medellin.gov.co\/es\/wp-content\/uploads\/2024\/08\/Aliado-3-1.png 460w, https:\/\/www.medellin.gov.co\/es\/wp-content\/uploads\/2024\/08\/Aliado-3-1-300x131.png 300w, https:\/\/www.medellin.gov.co\/es\/wp-content\/uploads\/2024\/08\/Aliado-3-1-150x66.png 150w\" sizes=\"(max-width: 460px) 100vw, 460px\" \/>\t\t\t\t\t\t\t\t<\/a>\n\t\t\t\t\t\t\t\t\t\t\t\t\t\t<\/div>\n\t\t\t\t\t\t<\/div>\n\t\t\t\t<\/div>\n\t\t<\/div><div class=\"elementor-element elementor-element-be37795 e-container--column e-container\" data-id=\"be37795\" data-element_type=\"container\">\t\t\t\t<div class=\"elementor-element elementor-element-f7fe372 elementor-widget elementor-widget-image\" data-id=\"f7fe372\" data-element_type=\"widget\" data-widget_type=\"image.default\">\n\t\t\t\t<div class=\"elementor-widget-container\">\n\t\t\t\t\t\t\t\t<div class=\"elementor-image\">\n\t\t\t\t\t\t\t\t\t\t\t\t\t<a href=\"https:\/\/www.comfama.com\/\" target=\"_blank\">\n\t\t\t\t\t\t\t<img width=\"460\" height=\"201\" src=\"https:\/\/www.medellin.gov.co\/es\/wp-content\/uploads\/2024\/08\/Aliado-2-1.png\" class=\"attachment-large size-large\" alt=\"\" loading=\"lazy\" srcset=\"https:\/\/www.medellin.gov.co\/es\/wp-content\/uploads\/2024\/08\/Aliado-2-1.png 460w, https:\/\/www.medellin.gov.co\/es\/wp-content\/uploads\/2024\/08\/Aliado-2-1-300x131.png 300w, https:\/\/www.medellin.gov.co\/es\/wp-content\/uploads\/2024\/08\/Aliado-2-1-150x66.png 150w\" sizes=\"(max-width: 460px) 100vw, 460px\" \/>\t\t\t\t\t\t\t\t<\/a>\n\t\t\t\t\t\t\t\t\t\t\t\t\t\t<\/div>\n\t\t\t\t\t\t<\/div>\n\t\t\t\t<\/div>\n\t\t<\/div><\/div><div class=\"elementor-element elementor-element-c65c097 e-container--column e-container\" data-id=\"c65c097\" data-element_type=\"container\">\t\t\t\t<div class=\"elementor-element elementor-element-5cbe76c elementor-widget elementor-widget-spacer\" data-id=\"5cbe76c\" data-element_type=\"widget\" data-widget_type=\"spacer.default\">\n\t\t\t\t<div class=\"elementor-widget-container\">\n\t\t\t\t\t<div class=\"elementor-spacer\">\n\t\t\t<div class=\"elementor-spacer-inner\"><\/div>\n\t\t<\/div>\n\t\t\t\t<\/div>\n\t\t\t\t<\/div>\n\t\t\t\t<div class=\"elementor-element elementor-element-71422c8 elementor-widget elementor-widget-heading\" data-id=\"71422c8\" data-element_type=\"widget\" data-widget_type=\"heading.default\">\n\t\t\t\t<div class=\"elementor-widget-container\">\n\t\t\t<h2 class=\"elementor-heading-title elementor-size-default\"><b>Hist\u00f3rico <\/b>de congresos<\/h2>\t\t<\/div>\n\t\t\t\t<\/div>\n\t\t<\/div><div class=\"elementor-element elementor-element-ef45c64 e-container--column e-container\" data-id=\"ef45c64\" data-element_type=\"container\">\t\t\t\t<div class=\"elementor-element elementor-element-8eae72d elementor-widget elementor-widget-spacer\" data-id=\"8eae72d\" data-element_type=\"widget\" data-widget_type=\"spacer.default\">\n\t\t\t\t<div class=\"elementor-widget-container\">\n\t\t\t\t\t<div class=\"elementor-spacer\">\n\t\t\t<div class=\"elementor-spacer-inner\"><\/div>\n\t\t<\/div>\n\t\t\t\t<\/div>\n\t\t\t\t<\/div>\n\t\t<\/div><div class=\"elementor-element elementor-element-c53af96 e-container--column e-container\" data-id=\"c53af96\" data-element_type=\"container\">\t\t\t\t<div class=\"elementor-element elementor-element-7a88376 elementor-widget elementor-widget-text-editor\" data-id=\"7a88376\" data-element_type=\"widget\" data-widget_type=\"text-editor.default\">\n\t\t\t\t<div class=\"elementor-widget-container\">\n\t\t\t\t\t\t\t\t<div class=\"elementor-text-editor elementor-clearfix\">\n\t\t\t\t<ul><li><a href=\"https:\/\/www.medellin.gov.co\/es\/unidad-administrativa-especial-buen-comienzo\/x-congreso-internacional-buen-comienzo\/\" target=\"_blank\" rel=\"noopener\">X Congreso Internacional Buen Comienzo<\/a><\/li><li><a href=\"https:\/\/www.medellin.gov.co\/es\/unidad-administrativa-especial-buen-comienzo\/ix-congreso-internacional-buen-comienzo\/\" target=\"_blank\" rel=\"noopener\">IX Congreso Internacional Buen Comienzo<\/a><\/li><li><a href=\"https:\/\/www.medellin.gov.co\/es\/unidad-administrativa-especial-buen-comienzo\/viii-congreso-buen-comienzo\/\" target=\"_blank\" rel=\"noopener\">VIII Congreso Internacional Buen Comienzo<\/a><\/li><\/ul>\t\t\t\t\t<\/div>\n\t\t\t\t\t\t<\/div>\n\t\t\t\t<\/div>\n\t\t<\/div><div class=\"elementor-element elementor-element-db9d827 e-container--column e-container\" data-id=\"db9d827\" data-element_type=\"container\">\t\t\t\t<div class=\"elementor-element elementor-element-aaf7f2b elementor-widget elementor-widget-spacer\" data-id=\"aaf7f2b\" data-element_type=\"widget\" data-widget_type=\"spacer.default\">\n\t\t\t\t<div class=\"elementor-widget-container\">\n\t\t\t\t\t<div class=\"elementor-spacer\">\n\t\t\t<div class=\"elementor-spacer-inner\"><\/div>\n\t\t<\/div>\n\t\t\t\t<\/div>\n\t\t\t\t<\/div>\n\t\t<\/div>\t\t\t\t\t\t\t<\/div>\n\t\t\t<\/div>\n\t\t\t\t\t<\/div>\n\t\t","protected":false},"excerpt":{"rendered":"<p>X Congreso Internacional Buen Comienzo \u201cMedell\u00edn Te Quiere\u201d Este 2024 vivir\u00e1s una versi\u00f3n diferente del X Congreso Internacional Buen Comienzo 2024 \u00abMedell\u00edn Te Quiere\u00bb, enfocado en el Cuidado y la Salud Mental. Nos vemos entre &#8230;<\/p>\n","protected":false},"author":17,"featured_media":445613,"parent":14325,"menu_order":0,"comment_status":"closed","ping_status":"closed","template":"sec-buencomienzo\/elementor.php","meta":[],"acf":[],"_links":{"self":[{"href":"https:\/\/www.medellin.gov.co\/es\/wp-json\/wp\/v2\/pages\/445601"}],"collection":[{"href":"https:\/\/www.medellin.gov.co\/es\/wp-json\/wp\/v2\/pages"}],"about":[{"href":"https:\/\/www.medellin.gov.co\/es\/wp-json\/wp\/v2\/types\/page"}],"author":[{"embeddable":true,"href":"https:\/\/www.medellin.gov.co\/es\/wp-json\/wp\/v2\/users\/17"}],"replies":[{"embeddable":true,"href":"https:\/\/www.medellin.gov.co\/es\/wp-json\/wp\/v2\/comments?post=445601"}],"version-history":[{"count":11,"href":"https:\/\/www.medellin.gov.co\/es\/wp-json\/wp\/v2\/pages\/445601\/revisions"}],"predecessor-version":[{"id":450067,"href":"https:\/\/www.medellin.gov.co\/es\/wp-json\/wp\/v2\/pages\/445601\/revisions\/450067"}],"up":[{"embeddable":true,"href":"https:\/\/www.medellin.gov.co\/es\/wp-json\/wp\/v2\/pages\/14325"}],"wp:featuredmedia":[{"embeddable":true,"href":"https:\/\/www.medellin.gov.co\/es\/wp-json\/wp\/v2\/media\/445613"}],"wp:attachment":[{"href":"https:\/\/www.medellin.gov.co\/es\/wp-json\/wp\/v2\/media?parent=445601"}],"curies":[{"name":"wp","href":"https:\/\/api.w.org\/{rel}","templated":true}]}}