{"id":453850,"date":"2025-09-11T16:13:54","date_gmt":"2025-09-11T21:13:54","guid":{"rendered":"https:\/\/www.medellin.gov.co\/es\/?page_id=453850"},"modified":"2025-09-15T11:57:00","modified_gmt":"2025-09-15T16:57:00","slug":"abc-del-programa-minimo-vital-de-agua-potable","status":"publish","type":"page","link":"https:\/\/www.medellin.gov.co\/es\/secretaria-gestion-y-control-territorial\/abc-del-programa-minimo-vital-de-agua-potable\/","title":{"rendered":"ABC del Programa M\u00ednimo Vital de Agua Potable"},"content":{"rendered":"\t\t<div data-elementor-type=\"wp-page\" data-elementor-id=\"453850\" class=\"elementor elementor-453850\">\n\t\t\t\t\t\t<div class=\"elementor-inner\">\n\t\t\t\t<div class=\"elementor-section-wrap\">\n\t\t\t\t\t\t\t<div class=\"elementor-element elementor-element-0ff5938 e-container--column e-container\" data-id=\"0ff5938\" data-element_type=\"container\">\t\t\t\t<div class=\"elementor-element elementor-element-24af2d0 elementor-widget elementor-widget-heading\" data-id=\"24af2d0\" data-element_type=\"widget\" data-widget_type=\"heading.default\">\n\t\t\t\t<div class=\"elementor-widget-container\">\n\t\t\t<h1 class=\"elementor-heading-title elementor-size-default\">ABC del Programa M\u00ednimo Vital de Agua Potable<\/h1>\t\t<\/div>\n\t\t\t\t<\/div>\n\t\t\t\t<div class=\"elementor-element elementor-element-f8293a0 elementor-widget elementor-widget-text-editor\" data-id=\"f8293a0\" data-element_type=\"widget\" data-widget_type=\"text-editor.default\">\n\t\t\t\t<div class=\"elementor-widget-container\">\n\t\t\t\t\t\t\t\t<div class=\"elementor-text-editor elementor-clearfix\">\n\t\t\t\t<p>Secretar\u00eda de Gesti\u00f3n y Control Territorial &#8211; Subsecretar\u00eda de Servicios P\u00fablicos<\/p>\t\t\t\t\t<\/div>\n\t\t\t\t\t\t<\/div>\n\t\t\t\t<\/div>\n\t\t<\/div><div class=\"elementor-element elementor-element-f4a0b49 e-container--column e-container\" data-id=\"f4a0b49\" data-element_type=\"container\">\t\t\t\t<div class=\"elementor-element elementor-element-ad24cc9 elementor-aspect-ratio-169 elementor-widget elementor-widget-video\" data-id=\"ad24cc9\" data-element_type=\"widget\" data-settings=\"{&quot;youtube_url&quot;:&quot;https:\\\/\\\/youtu.be\\\/B4JPD_mwhXo?si=lvizB8MNx5jBY91h&quot;,&quot;video_type&quot;:&quot;youtube&quot;,&quot;controls&quot;:&quot;yes&quot;,&quot;aspect_ratio&quot;:&quot;169&quot;}\" data-widget_type=\"video.default\">\n\t\t\t\t<div class=\"elementor-widget-container\">\n\t\t\t\t\t<div class=\"elementor-wrapper elementor-fit-aspect-ratio elementor-open-inline\">\n\t\t\t<div class=\"elementor-video\"><\/div>\t\t<\/div>\n\t\t\t\t<\/div>\n\t\t\t\t<\/div>\n\t\t<\/div><div class=\"elementor-element elementor-element-74decfd e-container--column e-container\" data-id=\"74decfd\" data-element_type=\"container\">\t\t\t\t<div class=\"elementor-element elementor-element-8f4ef66 elementor-widget elementor-widget-heading\" data-id=\"8f4ef66\" data-element_type=\"widget\" data-widget_type=\"heading.default\">\n\t\t\t\t<div class=\"elementor-widget-container\">\n\t\t\t<h2 class=\"elementor-heading-title elementor-size-default\"><b>\u00bfQu\u00e9 es el M\u00ednimo<\/b>  Vital de Agua Potable?<\/h2>\t\t<\/div>\n\t\t\t\t<\/div>\n\t\t<\/div><div class=\"elementor-element elementor-element-4950a3e e-container--row e-container\" data-id=\"4950a3e\" data-element_type=\"container\">\t\t<div class=\"elementor-element elementor-element-3924117 e-container--column e-container\" data-id=\"3924117\" data-element_type=\"container\">\t\t\t\t<div class=\"elementor-element elementor-element-9be59c8 elementor-widget elementor-widget-text-editor\" data-id=\"9be59c8\" data-element_type=\"widget\" data-widget_type=\"text-editor.default\">\n\t\t\t\t<div class=\"elementor-widget-container\">\n\t\t\t\t\t\t\t\t<div class=\"elementor-text-editor elementor-clearfix\">\n\t\t\t\t<p>Es un programa del Distrito de Medell\u00edn que ofrece cada mes 1.500 litros de agua potable por cada integrante del hogar. Seg\u00fan un estudio de la Organizaci\u00f3n Mundial de la Salud (OMS) es la cantidad de agua que necesita una persona al mes para atender sus necesidades b\u00e1sicas.<\/p>\t\t\t\t\t<\/div>\n\t\t\t\t\t\t<\/div>\n\t\t\t\t<\/div>\n\t\t<\/div><div class=\"elementor-element elementor-element-e986b40 e-container--column e-container\" data-id=\"e986b40\" data-element_type=\"container\">\t\t\t\t<div class=\"elementor-element elementor-element-9ddb3f6 elementor-widget elementor-widget-image\" data-id=\"9ddb3f6\" data-element_type=\"widget\" data-widget_type=\"image.default\">\n\t\t\t\t<div class=\"elementor-widget-container\">\n\t\t\t\t\t\t\t\t<div class=\"elementor-image\">\n\t\t\t\t\t\t\t\t\t\t\t\t<img width=\"889\" height=\"720\" src=\"https:\/\/www.medellin.gov.co\/es\/wp-content\/uploads\/2025\/06\/Imagen-manos-recibiendo-agua-6A.jpg\" class=\"attachment-large size-large\" alt=\"Imagen manos recibiendo agua 6A\" loading=\"lazy\" srcset=\"https:\/\/www.medellin.gov.co\/es\/wp-content\/uploads\/2025\/06\/Imagen-manos-recibiendo-agua-6A.jpg 889w, https:\/\/www.medellin.gov.co\/es\/wp-content\/uploads\/2025\/06\/Imagen-manos-recibiendo-agua-6A-300x243.jpg 300w, https:\/\/www.medellin.gov.co\/es\/wp-content\/uploads\/2025\/06\/Imagen-manos-recibiendo-agua-6A-150x121.jpg 150w, https:\/\/www.medellin.gov.co\/es\/wp-content\/uploads\/2025\/06\/Imagen-manos-recibiendo-agua-6A-768x622.jpg 768w\" sizes=\"(max-width: 889px) 100vw, 889px\" \/>\t\t\t\t\t\t\t\t\t\t\t\t\t\t<\/div>\n\t\t\t\t\t\t<\/div>\n\t\t\t\t<\/div>\n\t\t<\/div><\/div><div class=\"elementor-element elementor-element-048d298 e-container--column e-container\" data-id=\"048d298\" data-element_type=\"container\">\t\t\t\t<div class=\"elementor-element elementor-element-5d9037c elementor-widget elementor-widget-heading\" data-id=\"5d9037c\" data-element_type=\"widget\" data-widget_type=\"heading.default\">\n\t\t\t\t<div class=\"elementor-widget-container\">\n\t\t\t<h2 class=\"elementor-heading-title elementor-size-default\"><b>\u00bfPor qu\u00e9 suministrar el <\/b> m\u00ednimo vital de agua potable?<\/h2>\t\t<\/div>\n\t\t\t\t<\/div>\n\t\t\t\t<div class=\"elementor-element elementor-element-fc3eedb elementor-widget elementor-widget-text-editor\" data-id=\"fc3eedb\" data-element_type=\"widget\" data-widget_type=\"text-editor.default\">\n\t\t\t\t<div class=\"elementor-widget-container\">\n\t\t\t\t\t\t\t\t<div class=\"elementor-text-editor elementor-clearfix\">\n\t\t\t\t<p>El agua es un l\u00edquido esencial para todos los seres vivos. Por lo tanto, garantizar el acceso al agua a los hogares m\u00e1s vulnerables repercutir\u00e1 en el mejoramiento de las condiciones de salud, econom\u00eda, desarrollo social y cultural de las familias.<\/p>\t\t\t\t\t<\/div>\n\t\t\t\t\t\t<\/div>\n\t\t\t\t<\/div>\n\t\t<\/div><div class=\"elementor-element elementor-element-07ee8b0 e-container--column e-container\" data-id=\"07ee8b0\" data-element_type=\"container\">\t\t\t\t<div class=\"elementor-element elementor-element-455ac27 elementor-widget elementor-widget-heading\" data-id=\"455ac27\" data-element_type=\"widget\" data-widget_type=\"heading.default\">\n\t\t\t\t<div class=\"elementor-widget-container\">\n\t\t\t<h2 class=\"elementor-heading-title elementor-size-default\"><b>\u00bfEn qu\u00e9 consiste el Programa<\/b>  M\u00ednimo Vital de Agua Potable?<\/h2>\t\t<\/div>\n\t\t\t\t<\/div>\n\t\t\t\t<div class=\"elementor-element elementor-element-8d207b9 elementor-widget elementor-widget-text-editor\" data-id=\"8d207b9\" data-element_type=\"widget\" data-widget_type=\"text-editor.default\">\n\t\t\t\t<div class=\"elementor-widget-container\">\n\t\t\t\t\t\t\t\t<div class=\"elementor-text-editor elementor-clearfix\">\n\t\t\t\t<p>Es un auspicio que el Distrito de Medell\u00edn otorga a los hogares m\u00e1s vulnerables de la ciudad de 1,5 m<sup>3<\/sup> por persona en el hogar, que se descuentan en el valor de la factura de servicios p\u00fablicos, de acueducto y alcantarillado y cubre tanto el valor del cargo fijo como el consumo, permitiendo que los hogares que hacen uso racional del servicio y consumen solo la cantidad de metros c\u00fabicos que les otorga el programa reciban su factura en $ 0.00 a pagar.<\/p>\t\t\t\t\t<\/div>\n\t\t\t\t\t\t<\/div>\n\t\t\t\t<\/div>\n\t\t<\/div><div class=\"elementor-element elementor-element-dd9410f e-container--column e-container\" data-id=\"dd9410f\" data-element_type=\"container\">\t\t\t\t<div class=\"elementor-element elementor-element-237b7d1 elementor-widget elementor-widget-heading\" data-id=\"237b7d1\" data-element_type=\"widget\" data-widget_type=\"heading.default\">\n\t\t\t\t<div class=\"elementor-widget-container\">\n\t\t\t<h2 class=\"elementor-heading-title elementor-size-default\"><b>\u00bfQu\u00e9 lo reglamenta?<\/b> <\/h2>\t\t<\/div>\n\t\t\t\t<\/div>\n\t\t\t\t<div class=\"elementor-element elementor-element-a430f5a elementor-widget elementor-widget-text-editor\" data-id=\"a430f5a\" data-element_type=\"widget\" data-widget_type=\"text-editor.default\">\n\t\t\t\t<div class=\"elementor-widget-container\">\n\t\t\t\t\t\t\t\t<div class=\"elementor-text-editor elementor-clearfix\">\n\t\t\t\t<p>Este programa se institucionaliz\u00f3 en el Distrito de Medell\u00edn mediante Acuerdo 06 de 2011 y se reglament\u00f3 en el Decreto 0506 de 2023.<\/p>\t\t\t\t\t<\/div>\n\t\t\t\t\t\t<\/div>\n\t\t\t\t<\/div>\n\t\t\t\t<div class=\"elementor-element elementor-element-914de80 elementor-widget elementor-widget-heading\" data-id=\"914de80\" data-element_type=\"widget\" data-widget_type=\"heading.default\">\n\t\t\t\t<div class=\"elementor-widget-container\">\n\t\t\t<h2 class=\"elementor-heading-title elementor-size-default\"><b>\u00bfQu\u00e9 requisitos debo <\/b> cumplir para acceder a este programa?<\/h2>\t\t<\/div>\n\t\t\t\t<\/div>\n\t\t<div class=\"elementor-element elementor-element-dd4afc0 e-container--row e-container\" data-id=\"dd4afc0\" data-element_type=\"container\">\t\t<div class=\"elementor-element elementor-element-8989c5e e-container--column e-container\" data-id=\"8989c5e\" data-element_type=\"container\">\t\t\t\t<div class=\"elementor-element elementor-element-264506a elementor-widget elementor-widget-image\" data-id=\"264506a\" data-element_type=\"widget\" data-widget_type=\"image.default\">\n\t\t\t\t<div class=\"elementor-widget-container\">\n\t\t\t\t\t\t\t\t<div class=\"elementor-image\">\n\t\t\t\t\t\t\t\t\t\t\t\t<img width=\"1024\" height=\"683\" src=\"https:\/\/www.medellin.gov.co\/es\/wp-content\/uploads\/2025\/06\/imagen-nina-tomando-agua-4-1024x683.jpg\" class=\"attachment-large size-large\" alt=\"imagen ni\u00f1a tomando agua 4\" loading=\"lazy\" srcset=\"https:\/\/www.medellin.gov.co\/es\/wp-content\/uploads\/2025\/06\/imagen-nina-tomando-agua-4-1024x683.jpg 1024w, https:\/\/www.medellin.gov.co\/es\/wp-content\/uploads\/2025\/06\/imagen-nina-tomando-agua-4-300x200.jpg 300w, https:\/\/www.medellin.gov.co\/es\/wp-content\/uploads\/2025\/06\/imagen-nina-tomando-agua-4-150x100.jpg 150w, https:\/\/www.medellin.gov.co\/es\/wp-content\/uploads\/2025\/06\/imagen-nina-tomando-agua-4-768x512.jpg 768w, https:\/\/www.medellin.gov.co\/es\/wp-content\/uploads\/2025\/06\/imagen-nina-tomando-agua-4.jpg 1080w\" sizes=\"(max-width: 1024px) 100vw, 1024px\" \/>\t\t\t\t\t\t\t\t\t\t\t\t\t\t<\/div>\n\t\t\t\t\t\t<\/div>\n\t\t\t\t<\/div>\n\t\t<\/div><div class=\"elementor-element elementor-element-7dd3ac3 e-container--column e-container\" data-id=\"7dd3ac3\" data-element_type=\"container\">\t\t\t\t<div class=\"elementor-element elementor-element-ecf8b77 elementor-widget elementor-widget-text-editor\" data-id=\"ecf8b77\" data-element_type=\"widget\" data-widget_type=\"text-editor.default\">\n\t\t\t\t<div class=\"elementor-widget-container\">\n\t\t\t\t\t\t\t\t<div class=\"elementor-text-editor elementor-clearfix\">\n\t\t\t\t<p>Los hogares que pueden recibir el auspicio del MVAP son aquellos que cumplen con los requisitos, estipulados en el Decreto municipal 0506 de 2023, los cuales son:\u00a0<br \/><br \/><\/p><ul><li>Tener un puntaje SISBEN versi\u00f3n cuatro dentro de las siguientes categor\u00edas A1 hasta C18, encuestado en Medell\u00edn.<\/li><li>La direcci\u00f3n de la certificaci\u00f3n SISBEN, deber\u00e1 coincidir con la del domicilio donde solicita el beneficio.<\/li><li>Contar con una conexi\u00f3n legal a los servicios p\u00fablicos.<\/li><li>Estar al d\u00eda con la cuenta de servicios de acueducto y alcantarillado.<\/li><\/ul>\t\t\t\t\t<\/div>\n\t\t\t\t\t\t<\/div>\n\t\t\t\t<\/div>\n\t\t<\/div><\/div><\/div><div class=\"elementor-element elementor-element-b9aea88 e-container--column e-container\" data-id=\"b9aea88\" data-element_type=\"container\">\t\t\t\t<div class=\"elementor-element elementor-element-9e001bd elementor-widget elementor-widget-heading\" data-id=\"9e001bd\" data-element_type=\"widget\" data-widget_type=\"heading.default\">\n\t\t\t\t<div class=\"elementor-widget-container\">\n\t\t\t<h2 class=\"elementor-heading-title elementor-size-default\"><b>\u00bfQu\u00e9 obligaciones <\/b> adquiero con el programa?<\/h2>\t\t<\/div>\n\t\t\t\t<\/div>\n\t\t<div class=\"elementor-element elementor-element-96be5f6 e-container--row e-container\" data-id=\"96be5f6\" data-element_type=\"container\">\t\t<div class=\"elementor-element elementor-element-70db60f e-container--column e-container\" data-id=\"70db60f\" data-element_type=\"container\">\t\t\t\t<div class=\"elementor-element elementor-element-d2ee8a3 elementor-widget elementor-widget-text-editor\" data-id=\"d2ee8a3\" data-element_type=\"widget\" data-widget_type=\"text-editor.default\">\n\t\t\t\t<div class=\"elementor-widget-container\">\n\t\t\t\t\t\t\t\t<div class=\"elementor-text-editor elementor-clearfix\">\n\t\t\t\t<p>Este programa tiene dos objetivos principales: el primero es garantizar el acceso a los servicios de agua potable y alcantarillado a los hogares m\u00e1s vulnerables de la ciudad y el segundo objetivo es promocionar el uso racional y eficiente de los servicios p\u00fablicos domiciliarios. En esta medida el beneficiario adquiere tres obligaciones con el programa el momento de inscribirse:<br \/><br \/><\/p><ul><li>Atender la visita de los t\u00e9cnicos de campo para la actualizaci\u00f3n de datos, verificaci\u00f3n de requisitos y motivaci\u00f3n al uso racional del agua.<\/li><li>Acercarse a cualquiera de los puntos de atenci\u00f3n del programa para actualizar los datos que hayan cambiado, desde el registro inicial.<\/li><li>Hacer uso racional y eficiente del servicio.<\/li><\/ul>\t\t\t\t\t<\/div>\n\t\t\t\t\t\t<\/div>\n\t\t\t\t<\/div>\n\t\t<\/div><div class=\"elementor-element elementor-element-0880277 e-container--column e-container\" data-id=\"0880277\" data-element_type=\"container\">\t\t\t\t<div class=\"elementor-element elementor-element-4dd4cbb elementor-widget elementor-widget-image\" data-id=\"4dd4cbb\" data-element_type=\"widget\" data-widget_type=\"image.default\">\n\t\t\t\t<div class=\"elementor-widget-container\">\n\t\t\t\t\t\t\t\t<div class=\"elementor-image\">\n\t\t\t\t\t\t\t\t\t\t\t\t<img width=\"1024\" height=\"682\" src=\"https:\/\/www.medellin.gov.co\/es\/wp-content\/uploads\/2025\/09\/Imagen-de-adulta-mayor-recogiendo-agua-1024x682.jpg\" class=\"attachment-large size-large\" alt=\"Imagen de adulta mayor recogiendo agua\" loading=\"lazy\" srcset=\"https:\/\/www.medellin.gov.co\/es\/wp-content\/uploads\/2025\/09\/Imagen-de-adulta-mayor-recogiendo-agua-1024x682.jpg 1024w, https:\/\/www.medellin.gov.co\/es\/wp-content\/uploads\/2025\/09\/Imagen-de-adulta-mayor-recogiendo-agua-300x200.jpg 300w, https:\/\/www.medellin.gov.co\/es\/wp-content\/uploads\/2025\/09\/Imagen-de-adulta-mayor-recogiendo-agua-150x100.jpg 150w, https:\/\/www.medellin.gov.co\/es\/wp-content\/uploads\/2025\/09\/Imagen-de-adulta-mayor-recogiendo-agua-768x512.jpg 768w, https:\/\/www.medellin.gov.co\/es\/wp-content\/uploads\/2025\/09\/Imagen-de-adulta-mayor-recogiendo-agua.jpg 1141w\" sizes=\"(max-width: 1024px) 100vw, 1024px\" \/>\t\t\t\t\t\t\t\t\t\t\t\t\t\t<\/div>\n\t\t\t\t\t\t<\/div>\n\t\t\t\t<\/div>\n\t\t<\/div><\/div><\/div><div class=\"elementor-element elementor-element-5909cb8 e-container--column e-container\" data-id=\"5909cb8\" data-element_type=\"container\">\t\t\t\t<div class=\"elementor-element elementor-element-58fb45c elementor-widget elementor-widget-heading\" data-id=\"58fb45c\" data-element_type=\"widget\" data-widget_type=\"heading.default\">\n\t\t\t\t<div class=\"elementor-widget-container\">\n\t\t\t<h2 class=\"elementor-heading-title elementor-size-default\"><b>Direcciones lugares de <\/b> atenci\u00f3n M\u00ednimo Vital de Agua Potable (MVAP)<\/h2>\t\t<\/div>\n\t\t\t\t<\/div>\n\t\t<div class=\"elementor-element elementor-element-a03a034 e-container--row e-container\" data-id=\"a03a034\" data-element_type=\"container\">\t\t\t\t<div class=\"elementor-element elementor-element-a09cf0d elementor-widget elementor-widget-text-editor\" data-id=\"a09cf0d\" data-element_type=\"widget\" data-widget_type=\"text-editor.default\">\n\t\t\t\t<div class=\"elementor-widget-container\">\n\t\t\t\t\t\t\t\t<div class=\"elementor-text-editor elementor-clearfix\">\n\t\t\t\t<p><strong>Mascerca Guayabal<\/strong><\/p><ul><li>Direcci\u00f3n:Carrera 52 N\u00b0 9 sur 42.<\/li><li>Horario de atenci\u00f3n:lunes a viernes 7:30 a. m. a 5:00 p. m. (jornada continua).<\/li><\/ul><p><strong>Mascerca Bel\u00e9n<\/strong><\/p><ul><li>Direcci\u00f3n:Carrera 76 N\u00b0 32 \u2013 74.<\/li><li>Horario de atenci\u00f3n:lunes a viernes de 7:30 a. m. a 5:00 p. m. (jornada continua).<\/li><\/ul><p><strong>Mascerca Poblado<\/strong><\/p><ul><li>Direcci\u00f3n:Carrera 43 D N\u00b0 11 \u2013 02.<\/li><li>Horario de atenci\u00f3n:lunes a viernes de 7:30 a. m. a 5:00 p. m. (jornada continua).<strong>\u00a0<\/strong><\/li><\/ul><p><strong>Mascerca La Floresta<\/strong><\/p><ul><li>Direcci\u00f3n:Carrera 89 B N\u00b0 48 A \u2013 37.<\/li><li>Horario de atenci\u00f3n:lunes a viernes de 7:30 a. m. a 5:00 p. m. (jornada continua).<strong>\u00a0<\/strong><\/li><\/ul><p><strong>Mascerca Castilla<\/strong><\/p><ul><li>Direcci\u00f3n:Carrera 65 N\u00b0 100 \u2013 123.<\/li><li>Horario de atenci\u00f3n:lunes a viernes de 7:30 a. m. a 5:00 p. m. (jornada continua).<strong>\u00a0<\/strong><\/li><\/ul><p><strong>Centro de Servicio a la Ciudadan\u00eda La Alpujarra<\/strong><\/p><ul><li>Direcci\u00f3n:\u00a0Calle 44 N\u00b0 52-165, ubicado en el s\u00f3tano A del Centro Administrativo Distrital \u2013 CAD -.<\/li><li>Horario de Atenci\u00f3n: Lunes a jueves de 7:30 a. m. a 5:30 p. m. (jornada continua) y Viernes: 7:30 a. m. a 4:30 p. m. (jornada continua).<strong>\u00a0<\/strong><\/li><\/ul><p><strong>Centro de Servicio a la Ciudadan\u00eda Robledo, ubicado en la Casa de Justicia <\/strong><\/p><ul><li>Direcci\u00f3n:Diagonal 85 N\u00b0 79 \u2013 173.<\/li><li>Horario de atenci\u00f3n: Lunes a jueves de 7:30 a. m. a 12.30 m. y de 1:30 p. m. a 5:30 p. m. y Viernes: 7:30 a. m. a 12:30 p. m. y de 1:30 p. m. a 4:30 p. m.<strong>\u00a0<\/strong><\/li><\/ul><p><strong>Centro de Servicio a la Ciudadan\u00eda La Ladera, ubicado en la Biblioteca Le\u00f3n de Greiff<\/strong><\/p><ul><li>Direcci\u00f3n:Calle 59 A N\u00b0 36 \u2013 30, local 2.<\/li><li>Horario de Atenci\u00f3n: Lunes a jueves de 7:30 a. m. a 12:30 m. y de 1:00 p. m. a 5:00 p. m. y\u00a0 Viernes: 7:30 a. m. a 12:30 m. y de 1:00 p. m. a 4:00 p. m.<strong>\u00a0<\/strong><\/li><\/ul><p><strong>Centro de Servicio a la Ciudadan\u00eda Santo Domingo, ubicado en la Casa de Justicia <\/strong><\/p><ul><li>Direcci\u00f3n:Carrera 32 N\u00b0 102 A \u2013 45.<\/li><li>Horario de atenci\u00f3n: Lunes a jueves de 7:30 a. m. a 12:30 m. y de 1:00 p. m. a 5:00 p. m. y Viernes: 7:30 a. m. a 12:30 m. y de 1:00 p. m. a 4:00 p. m.<strong>\u00a0<\/strong><\/li><\/ul><p><strong>Centro de Servicio a la Ciudadan\u00eda Villa del Socorro, ubicado en la Casa de Justicia <\/strong><\/p><ul><li>Direcci\u00f3n:Calle 104 B N\u00b0 48 \u2013 60.<\/li><li>Horario de atenci\u00f3n: Lunes a jueves: 8:00 a. m. a 12:30 m. y de 1:00 p. m. a 5:00 p. m. y Viernes: 8:00 a. m. a 12:30 m. y de 1:00 p. m. a 4:00 p. m.<strong>\u00a0<\/strong><\/li><\/ul><p><strong>Centro de Servicio a la Ciudadan\u00eda El Bosque, ubicado en la Casa de Justicia <\/strong><\/p><ul><li>Direcci\u00f3n:Carrera 52 N\u00b0 71 \u2013 84.<\/li><li>Horario de atenci\u00f3n: Lunes a jueves 7:30 a.m. a 12:30 m. y de 1:30 p. m. a 5:00 p. m. y Viernes de 7:30 a. m. a 12:30 m. y de 1:30 p. m. a 4:30 p. m.<\/li><\/ul><p><strong>Centro de Servicio a la Ciudadan\u00eda Veinte de Julio, ubicado en la Casa de Justicia <\/strong><\/p><ul><li>Direcci\u00f3n:Calle 39 C N\u00b0 109 \u2013 24.<\/li><li>Horario de atenci\u00f3n: Lunes a jueves 7:30 a.m. a 12:30 m. y de 1:30 p. m. a 5:00 p. m. y Viernes de 7:30 a. m. a 12:30 m. y de 1:30 p. m. a 4:00 p. m.<strong>\u00a0<\/strong><\/li><\/ul><p><strong>Centro de Servicio a la Ciudadan\u00eda Manrique, ubicado en el Centro de Emprendimiento y Empleo de Manrique\u00a0 <\/strong><\/p><ul><li>Direcci\u00f3n:Carrera 43 N\u00b0 66 E &#8211; 41, Local 1.<\/li><li>Horario de atenci\u00f3n: Lunes a jueves de 7:30 a. m. a 12.30 m. y de 1:00 p. m. a 5:00 p. m. y\u00a0 Viernes de 7:30 a. m. a 12:30 p. m. y de 1:00 p. m. a 4:00 p. m.<strong>\u00a0<\/strong><\/li><\/ul><p><strong>Centro de Servicio a la Ciudadan\u00eda Altavista, ubicado en la Casa de Gobierno <\/strong><\/p><ul><li>Direcci\u00f3n:Calle 18 N\u00b0 105 \u2013 69.<\/li><li>Horario de atenci\u00f3n:\u00a0Primeros y \u00faltimos martes de cada mes de 7:00 a. m. a 12:30 m. y de 1:00 p. m. a 4:30 p. m.<\/li><\/ul><p><strong>Centro de Servicios a la Ciudadan\u00eda Santa Elena, ubicado en la Casa de Gobierno <\/strong><\/p><ul><li>Direcci\u00f3n:Calle 10 N\u00b040 este 44 Kil\u00f3metro 15 -700, parque principal.<\/li><li>Horario de atenci\u00f3n:\u00a0Mi\u00e9rcoles: 7:30 a. m. a 12:30 p. m. y de 1:30 p. m. a 5:00 p. m.<\/li><\/ul><p><strong>Centro de Servicios a la Ciudadan\u00eda San Sebasti\u00e1n de Palmitas, ubicado en la Casa de Gobierno<\/strong><\/p><ul><li>Direcci\u00f3n:Carrera 197 N\u00b0137 -140, Kil\u00f3metro 2 N\u00b0 330 v\u00eda Palmitas.<\/li><li>Horario de atenci\u00f3n: Jueves: 7:30 a. m. a 12:00 p. m. y de 1:00 p. m. a 4:00 p. m.<strong>\u00a0<\/strong><\/li><\/ul><p><strong>Centro de Servicio a La Ciudadan\u00eda San Antonio de Prado, ubicado en la Casa de Gobierno <\/strong><\/p><ul><li>Direcci\u00f3n:Carrera 79 N\u00b0 41 sur 36.<\/li><li>Horario de atenci\u00f3n: Lunes a jueves de 7:30 a. m. a 12:30 m. y de 1:30 p. m. a 5:30 p. m. y Viernes de 7:30 a. m. a 12:30 m. y de 1:30 p. m. a 4:30 p. m.<strong>\u00a0<\/strong><\/li><\/ul><p><strong>Centro de Servicio a la Ciudadan\u00eda San Crist\u00f3bal, ubicado en la Casa de Gobierno<br \/><br \/><\/strong><\/p><ul><li>Direcci\u00f3n:Carrera 131 N\u00b0 60 D 67.<\/li><li>Horario de atenci\u00f3n:\u00a0Lunes a jueves de 7:30 a. m. a 12.30 p. m. y de 1:30 p. m. a 5:30 p. m. y\u00a0Viernes de 7:30 a. m. a 12:30 p. m. y de 1:30 p. m. a 4:30 p. m.<\/li><\/ul>\t\t\t\t\t<\/div>\n\t\t\t\t\t\t<\/div>\n\t\t\t\t<\/div>\n\t\t<\/div><\/div><div class=\"elementor-element elementor-element-5c69590 e-container--row e-container\" data-id=\"5c69590\" data-element_type=\"container\">\t\t\t\t<div class=\"elementor-element elementor-element-7262590 elementor-widget elementor-widget-text-editor\" data-id=\"7262590\" data-element_type=\"widget\" data-widget_type=\"text-editor.default\">\n\t\t\t\t<div class=\"elementor-widget-container\">\n\t\t\t\t\t\t\t\t<div class=\"elementor-text-editor elementor-clearfix\">\n\t\t\t\t<p>O tambi\u00e9n puede realizar las inscripciones por medio de atenci\u00f3n virtual mediante el siguiente link <a href=\"https:\/\/distritodemedellinvirtual.sistemasentry.com.co\/VisionWeb\" target=\"_blank\" rel=\"noopener\">https:\/\/distritodemedellinvirtual.sistemasentry.com.co\/VisionWeb<\/a>\u00a0 o mediante el siguiente c\u00f3digo QR:<\/p>\t\t\t\t\t<\/div>\n\t\t\t\t\t\t<\/div>\n\t\t\t\t<\/div>\n\t\t<\/div><div class=\"elementor-element elementor-element-f8e1aaf e-container--column e-container\" data-id=\"f8e1aaf\" data-element_type=\"container\">\t\t\t\t<div class=\"elementor-element elementor-element-e5bdac8 elementor-widget elementor-widget-image\" data-id=\"e5bdac8\" data-element_type=\"widget\" data-widget_type=\"image.default\">\n\t\t\t\t<div class=\"elementor-widget-container\">\n\t\t\t\t\t\t\t\t<div class=\"elementor-image\">\n\t\t\t\t\t\t\t\t\t\t\t\t<img width=\"119\" height=\"121\" src=\"https:\/\/www.medellin.gov.co\/es\/wp-content\/uploads\/2025\/09\/QR.png\" class=\"attachment-medium size-medium\" alt=\"\" loading=\"lazy\" \/>\t\t\t\t\t\t\t\t\t\t\t\t\t\t<\/div>\n\t\t\t\t\t\t<\/div>\n\t\t\t\t<\/div>\n\t\t\t\t<div class=\"elementor-element elementor-element-edfe668 elementor-widget elementor-widget-spacer\" data-id=\"edfe668\" data-element_type=\"widget\" data-widget_type=\"spacer.default\">\n\t\t\t\t<div class=\"elementor-widget-container\">\n\t\t\t\t\t<div class=\"elementor-spacer\">\n\t\t\t<div class=\"elementor-spacer-inner\"><\/div>\n\t\t<\/div>\n\t\t\t\t<\/div>\n\t\t\t\t<\/div>\n\t\t<\/div>\t\t\t\t\t\t\t<\/div>\n\t\t\t<\/div>\n\t\t\t\t\t<\/div>\n\t\t","protected":false},"excerpt":{"rendered":"<p>ABC del Programa M\u00ednimo Vital de Agua Potable Secretar\u00eda de Gesti\u00f3n y Control Territorial &#8211; Subsecretar\u00eda de Servicios P\u00fablicos \u00bfQu\u00e9 es el M\u00ednimo Vital de Agua Potable? Es un programa del Distrito de Medell\u00edn que &#8230;<\/p>\n","protected":false},"author":21,"featured_media":451020,"parent":21472,"menu_order":0,"comment_status":"closed","ping_status":"closed","template":"sec-gestion-y-control\/elementor.php","meta":[],"acf":[],"_links":{"self":[{"href":"https:\/\/www.medellin.gov.co\/es\/wp-json\/wp\/v2\/pages\/453850"}],"collection":[{"href":"https:\/\/www.medellin.gov.co\/es\/wp-json\/wp\/v2\/pages"}],"about":[{"href":"https:\/\/www.medellin.gov.co\/es\/wp-json\/wp\/v2\/types\/page"}],"author":[{"embeddable":true,"href":"https:\/\/www.medellin.gov.co\/es\/wp-json\/wp\/v2\/users\/21"}],"replies":[{"embeddable":true,"href":"https:\/\/www.medellin.gov.co\/es\/wp-json\/wp\/v2\/comments?post=453850"}],"version-history":[{"count":10,"href":"https:\/\/www.medellin.gov.co\/es\/wp-json\/wp\/v2\/pages\/453850\/revisions"}],"predecessor-version":[{"id":454763,"href":"https:\/\/www.medellin.gov.co\/es\/wp-json\/wp\/v2\/pages\/453850\/revisions\/454763"}],"up":[{"embeddable":true,"href":"https:\/\/www.medellin.gov.co\/es\/wp-json\/wp\/v2\/pages\/21472"}],"wp:featuredmedia":[{"embeddable":true,"href":"https:\/\/www.medellin.gov.co\/es\/wp-json\/wp\/v2\/media\/451020"}],"wp:attachment":[{"href":"https:\/\/www.medellin.gov.co\/es\/wp-json\/wp\/v2\/media?parent=453850"}],"curies":[{"name":"wp","href":"https:\/\/api.w.org\/{rel}","templated":true}]}}