{"id":456783,"date":"2025-09-19T14:38:21","date_gmt":"2025-09-19T19:38:21","guid":{"rendered":"https:\/\/www.medellin.gov.co\/es\/?page_id=456783"},"modified":"2025-09-19T14:38:21","modified_gmt":"2025-09-19T19:38:21","slug":"semana-de-la-comunicacion-2024","status":"publish","type":"page","link":"https:\/\/www.medellin.gov.co\/es\/secretaria-de-comunicaciones\/comunicacion-para-la-movilizacion\/semana-de-la-comunicacion-2024\/","title":{"rendered":"Semana de la comunicaci\u00f3n 2024"},"content":{"rendered":"\t\t<div data-elementor-type=\"wp-page\" data-elementor-id=\"456783\" class=\"elementor elementor-456783\">\n\t\t\t\t\t\t<div class=\"elementor-inner\">\n\t\t\t\t<div class=\"elementor-section-wrap\">\n\t\t\t\t\t\t\t<div class=\"elementor-element elementor-element-3e031e7 e-container--column e-container\" data-id=\"3e031e7\" data-element_type=\"container\">\t\t\t\t<div class=\"elementor-element elementor-element-5a15d62 elementor-widget elementor-widget-heading\" data-id=\"5a15d62\" data-element_type=\"widget\" data-widget_type=\"heading.default\">\n\t\t\t\t<div class=\"elementor-widget-container\">\n\t\t\t<h1 class=\"elementor-heading-title elementor-size-default\">Semana de la Comunicaci\u00f3n: Territorios que Inspiran<\/h1>\t\t<\/div>\n\t\t\t\t<\/div>\n\t\t<\/div><div class=\"elementor-element elementor-element-e322899 e-container--row e-container\" data-id=\"e322899\" data-element_type=\"container\">\t\t<div class=\"elementor-element elementor-element-81f82fe e-container--column e-container\" data-id=\"81f82fe\" data-element_type=\"container\">\t\t\t\t<div class=\"elementor-element elementor-element-f8ae806 elementor-widget elementor-widget-text-editor\" data-id=\"f8ae806\" data-element_type=\"widget\" data-widget_type=\"text-editor.default\">\n\t\t\t\t<div class=\"elementor-widget-container\">\n\t\t\t\t\t\t\t\t<div class=\"elementor-text-editor elementor-clearfix\">\n\t\t\t\t<p>La <strong>Semana de la Comunicaci\u00f3n: Territorios que Inspiran<\/strong>, enmarcada en el plan estrat\u00e9gico de la Pol\u00edtica P\u00fablica de procesos y medios alternativos, independientes, comunitarios y ciudadanos de Medell\u00edn, busca fortalecer la comunicaci\u00f3n en los territorios mediante una agenda acad\u00e9mica y la exposici\u00f3n de productos informativos. Este evento destaca el papel crucial de los medios y procesos de comunicaci\u00f3n en la transformaci\u00f3n de las comunidades.<\/p><p>Adem\u00e1s, la Semana de la Comunicaci\u00f3n se plantea como un espacio de di\u00e1logo, donde medios de comunicaci\u00f3n, redes ciudadanas y comunidades podr\u00e1n intercambiar experiencias y reflexiones sobre el poder de la comunicaci\u00f3n como motor de cambio social.<\/p><p>La <strong>Alcald\u00eda de Medell\u00edn<\/strong>\u00a0extiende una invitaci\u00f3n a todos los interesados a participar en los talleres, actividades y exhibiciones, que exploran la comunicaci\u00f3n como herramienta de innovaci\u00f3n social, facilitando encuentros y di\u00e1logos en los territorios.<\/p>\t\t\t\t\t<\/div>\n\t\t\t\t\t\t<\/div>\n\t\t\t\t<\/div>\n\t\t<\/div><div class=\"elementor-element elementor-element-7dec549 e-container--column e-container\" data-id=\"7dec549\" data-element_type=\"container\">\t\t\t\t<div class=\"elementor-element elementor-element-17a02ed elementor-widget elementor-widget-image\" data-id=\"17a02ed\" data-element_type=\"widget\" data-widget_type=\"image.default\">\n\t\t\t\t<div class=\"elementor-widget-container\">\n\t\t\t\t\t\t\t\t<div class=\"elementor-image\">\n\t\t\t\t\t\t\t\t\t\t\t\t<img width=\"1024\" height=\"678\" src=\"https:\/\/www.medellin.gov.co\/es\/wp-content\/uploads\/2024\/10\/MAICC-1-1024x678.jpg\" class=\"attachment-large size-large\" alt=\"\" loading=\"lazy\" srcset=\"https:\/\/www.medellin.gov.co\/es\/wp-content\/uploads\/2024\/10\/MAICC-1-1024x678.jpg 1024w, https:\/\/www.medellin.gov.co\/es\/wp-content\/uploads\/2024\/10\/MAICC-1-300x199.jpg 300w, https:\/\/www.medellin.gov.co\/es\/wp-content\/uploads\/2024\/10\/MAICC-1-150x99.jpg 150w, https:\/\/www.medellin.gov.co\/es\/wp-content\/uploads\/2024\/10\/MAICC-1-768x509.jpg 768w, https:\/\/www.medellin.gov.co\/es\/wp-content\/uploads\/2024\/10\/MAICC-1.jpg 1280w\" sizes=\"(max-width: 1024px) 100vw, 1024px\" \/>\t\t\t\t\t\t\t\t\t\t\t\t\t\t<\/div>\n\t\t\t\t\t\t<\/div>\n\t\t\t\t<\/div>\n\t\t<\/div><\/div><div class=\"elementor-element elementor-element-2bd82bd e-container--column e-container\" data-id=\"2bd82bd\" data-element_type=\"container\">\t\t\t\t<div class=\"elementor-element elementor-element-27bfae2 elementor-widget elementor-widget-heading\" data-id=\"27bfae2\" data-element_type=\"widget\" data-widget_type=\"heading.default\">\n\t\t\t\t<div class=\"elementor-widget-container\">\n\t\t\t<h2 class=\"elementor-heading-title elementor-size-default\"><b>Inscripci\u00f3n y programaci\u00f3n <\/b> de la Semana de la Comunicaci\u00f3n Territorios que Inspiran<\/h2>\t\t<\/div>\n\t\t\t\t<\/div>\n\t\t<\/div><div class=\"elementor-element elementor-element-6882b60 e-container--row e-container\" data-id=\"6882b60\" data-element_type=\"container\">\t\t<div class=\"elementor-element elementor-element-bde5806 e-container--column e-container\" data-id=\"bde5806\" data-element_type=\"container\">\t\t\t\t<div class=\"elementor-element elementor-element-0c564fb elementor-widget elementor-widget-text-editor\" data-id=\"0c564fb\" data-element_type=\"widget\" data-widget_type=\"text-editor.default\">\n\t\t\t\t<div class=\"elementor-widget-container\">\n\t\t\t\t\t\t\t\t<div class=\"elementor-text-editor elementor-clearfix\">\n\t\t\t\t<p>Del 18 al 23 de noviembre de 2024, la Secretar\u00eda de Comunicaciones realiza la cuarta versi\u00f3n de la Semana de la Comunicaci\u00f3n, estrategia de visibilizaci\u00f3n y fortalecimiento de la comunicaci\u00f3n alternativa, comunitaria y ciudadana, que se desarrolla en el marco del plan de acci\u00f3n de la Pol\u00edtica P\u00fablica de Procesos y MAICC. La programaci\u00f3n incluye espacios formativos para medios y redes ciudadanas, pasant\u00edas e intercambios de experiencias de movilizaci\u00f3n en los territorios, muestras y exposiciones de productos comunicacionales, la C\u00e1tedra Itinerante de MAICC y la Ceremonia del 15\u00b0 Premio de Periodismo Alcald\u00eda de Medell\u00edn \u00abHistorias del Territorio\u00bb.<\/p><p>Conoce la programaci\u00f3n detallada y encuentra en cada actividad el enlace para inscribirte.<\/p>\t\t\t\t\t<\/div>\n\t\t\t\t\t\t<\/div>\n\t\t\t\t<\/div>\n\t\t\t\t<div class=\"elementor-element elementor-element-3c80cc5 elementor-tablet-align-left elementor-mobile-align-center elementor-widget elementor-widget-button\" data-id=\"3c80cc5\" data-element_type=\"widget\" data-widget_type=\"button.default\">\n\t\t\t\t<div class=\"elementor-widget-container\">\n\t\t\t\t\t<div class=\"elementor-button-wrapper\">\n\t\t\t<a href=\"https:\/\/www.medellin.gov.co\/es\/wp-content\/uploads\/2024\/11\/Programacion-Semana-de-la-Comunicacion-2024.pdf\" target=\"_blank\" class=\"elementor-button-link elementor-button elementor-size-sm\" role=\"button\">\n\t\t\t\t\t\t<span class=\"elementor-button-content-wrapper\">\n\t\t\t\t\t\t<span class=\"elementor-button-text\">descarga la programaci\u00f3n<\/span>\n\t\t<\/span>\n\t\t\t\t\t<\/a>\n\t\t<\/div>\n\t\t\t\t<\/div>\n\t\t\t\t<\/div>\n\t\t<\/div>\t\t<div class=\"elementor-element elementor-element-30d9f5e elementor-widget elementor-widget-image\" data-id=\"30d9f5e\" data-element_type=\"widget\" data-widget_type=\"image.default\">\n\t\t\t\t<div class=\"elementor-widget-container\">\n\t\t\t\t\t\t\t\t<div class=\"elementor-image\">\n\t\t\t\t\t\t\t\t\t\t\t\t<img width=\"1024\" height=\"1024\" src=\"https:\/\/www.medellin.gov.co\/es\/wp-content\/uploads\/2024\/11\/Semana-de-la-Comunicacion-2-1-1024x1024.jpg\" class=\"attachment-large size-large\" alt=\"\" loading=\"lazy\" srcset=\"https:\/\/www.medellin.gov.co\/es\/wp-content\/uploads\/2024\/11\/Semana-de-la-Comunicacion-2-1-1024x1024.jpg 1024w, https:\/\/www.medellin.gov.co\/es\/wp-content\/uploads\/2024\/11\/Semana-de-la-Comunicacion-2-1-300x300.jpg 300w, https:\/\/www.medellin.gov.co\/es\/wp-content\/uploads\/2024\/11\/Semana-de-la-Comunicacion-2-1-150x150.jpg 150w, https:\/\/www.medellin.gov.co\/es\/wp-content\/uploads\/2024\/11\/Semana-de-la-Comunicacion-2-1-768x768.jpg 768w, https:\/\/www.medellin.gov.co\/es\/wp-content\/uploads\/2024\/11\/Semana-de-la-Comunicacion-2-1.jpg 1080w\" sizes=\"(max-width: 1024px) 100vw, 1024px\" \/>\t\t\t\t\t\t\t\t\t\t\t\t\t\t<\/div>\n\t\t\t\t\t\t<\/div>\n\t\t\t\t<\/div>\n\t\t<\/div><div class=\"elementor-element elementor-element-768e911 e-container--column e-container\" data-id=\"768e911\" data-element_type=\"container\">\t\t\t\t<div class=\"elementor-element elementor-element-545dd03 elementor-widget elementor-widget-heading\" data-id=\"545dd03\" data-element_type=\"widget\" data-widget_type=\"heading.default\">\n\t\t\t\t<div class=\"elementor-widget-container\">\n\t\t\t<h2 class=\"elementor-heading-title elementor-size-default\"><b>Bases de la convocatoria <\/b>para la presentaci\u00f3n de charlas te\u00f3rico - pr\u00e1cticas de procesos y MAICC <\/h2>\t\t<\/div>\n\t\t\t\t<\/div>\n\t\t<\/div><div class=\"elementor-element elementor-element-09870de e-container--row e-container\" data-id=\"09870de\" data-element_type=\"container\">\t\t<div class=\"elementor-element elementor-element-a80a5bb e-container--column e-container\" data-id=\"a80a5bb\" data-element_type=\"container\">\t\t\t\t<div class=\"elementor-element elementor-element-9bf794b elementor-widget elementor-widget-text-editor\" data-id=\"9bf794b\" data-element_type=\"widget\" data-widget_type=\"text-editor.default\">\n\t\t\t\t<div class=\"elementor-widget-container\">\n\t\t\t\t\t\t\t\t<div class=\"elementor-text-editor elementor-clearfix\">\n\t\t\t\t<p>La Secretar\u00eda de Comunicaciones del Distrito de Medell\u00edn invita a los procesos y medios alternativos, independientes, comunitarios y ciudadanos (MAICC) a participar en la Semana de la Comunicaci\u00f3n 2024 mediante la postulaci\u00f3n de propuestas para charlas te\u00f3rico-pr\u00e1cticas en torno a los ejes tem\u00e1ticos del evento.<\/p><p>Esta convocatoria reconoce a estos actores territoriales como agentes de cambio social y portadores de saberes pr\u00e1cticos sobre la comunicaci\u00f3n en los territorios. A trav\u00e9s de su interacci\u00f3n con las comunidades y la visibilizaci\u00f3n de sus problem\u00e1ticas, estos actores han desarrollado valiosas estrategias de transformaci\u00f3n social. Compartir estas experiencias durante la Semana de la Comunicaci\u00f3n permitir\u00e1 a los asistentes adquirir herramientas y referentes para aplicar en sus propios contextos.<\/p><p>Los procesos y MAICC interesados en participar deber\u00e1n acogerse a los lineamientos establecidos y, por cada charla ganadora, recibir\u00e1n un honorario de $1.200.000 COP (un mill\u00f3n doscientos mil pesos colombianos).<\/p>\t\t\t\t\t<\/div>\n\t\t\t\t\t\t<\/div>\n\t\t\t\t<\/div>\n\t\t<\/div>\t\t<div class=\"elementor-element elementor-element-6a191af elementor-widget elementor-widget-image\" data-id=\"6a191af\" data-element_type=\"widget\" data-widget_type=\"image.default\">\n\t\t\t\t<div class=\"elementor-widget-container\">\n\t\t\t\t\t\t\t\t<div class=\"elementor-image\">\n\t\t\t\t\t\t\t\t\t\t\t\t<img width=\"1024\" height=\"768\" src=\"https:\/\/www.medellin.gov.co\/es\/wp-content\/uploads\/2024\/10\/MAICC-2-1024x768.jpg\" class=\"attachment-large size-large\" alt=\"\" loading=\"lazy\" srcset=\"https:\/\/www.medellin.gov.co\/es\/wp-content\/uploads\/2024\/10\/MAICC-2-1024x768.jpg 1024w, https:\/\/www.medellin.gov.co\/es\/wp-content\/uploads\/2024\/10\/MAICC-2-300x225.jpg 300w, https:\/\/www.medellin.gov.co\/es\/wp-content\/uploads\/2024\/10\/MAICC-2-150x113.jpg 150w, https:\/\/www.medellin.gov.co\/es\/wp-content\/uploads\/2024\/10\/MAICC-2-768x576.jpg 768w, https:\/\/www.medellin.gov.co\/es\/wp-content\/uploads\/2024\/10\/MAICC-2.jpg 1137w\" sizes=\"(max-width: 1024px) 100vw, 1024px\" \/>\t\t\t\t\t\t\t\t\t\t\t\t\t\t<\/div>\n\t\t\t\t\t\t<\/div>\n\t\t\t\t<\/div>\n\t\t<\/div><div class=\"elementor-element elementor-element-82a9def e-container--column e-container\" data-id=\"82a9def\" data-element_type=\"container\">\t\t\t\t<div class=\"elementor-element elementor-element-d7c548c elementor-widget elementor-widget-heading\" data-id=\"d7c548c\" data-element_type=\"widget\" data-widget_type=\"heading.default\">\n\t\t\t\t<div class=\"elementor-widget-container\">\n\t\t\t<h2 class=\"elementor-heading-title elementor-size-default\"><b>Ejes<\/b> tem\u00e1ticos<\/h2>\t\t<\/div>\n\t\t\t\t<\/div>\n\t\t<\/div><div class=\"elementor-element elementor-element-3e10365 e-container--row e-container\" data-id=\"3e10365\" data-element_type=\"container\">\t\t<div class=\"elementor-element elementor-element-5b76564 e-container--column e-container\" data-id=\"5b76564\" data-element_type=\"container\">\t\t\t\t<div class=\"elementor-element elementor-element-b45c16b elementor-widget elementor-widget-text-editor\" data-id=\"b45c16b\" data-element_type=\"widget\" data-widget_type=\"text-editor.default\">\n\t\t\t\t<div class=\"elementor-widget-container\">\n\t\t\t\t\t\t\t\t<div class=\"elementor-text-editor elementor-clearfix\">\n\t\t\t\t<ul><li>Comunicaci\u00f3n para la movilizaci\u00f3n social y periodismo de soluciones.<\/li><li>Tecnolog\u00edas, plataformas digitales y alfabetizaci\u00f3n en herramientas para la comunicaci\u00f3n ciudadana.<\/li><li>Sostenibilidad de los MAICC, modelos de negocio y estrategias de financiaci\u00f3n.<\/li><li>Veracidad y \u00e9tica en los medios MAICC.<\/li><li>Acceso, diversidad e inclusi\u00f3n de grupos poblacionales desde el enfoque informativo.\u00a0<\/li><\/ul>\t\t\t\t\t<\/div>\n\t\t\t\t\t\t<\/div>\n\t\t\t\t<\/div>\n\t\t<\/div><div class=\"elementor-element elementor-element-5cfe736 e-container--column e-container\" data-id=\"5cfe736\" data-element_type=\"container\">\t\t\t\t<div class=\"elementor-element elementor-element-90a0caf elementor-widget elementor-widget-image\" data-id=\"90a0caf\" data-element_type=\"widget\" data-widget_type=\"image.default\">\n\t\t\t\t<div class=\"elementor-widget-container\">\n\t\t\t\t\t\t\t\t<div class=\"elementor-image\">\n\t\t\t\t\t\t\t\t\t\t\t\t<img width=\"1024\" height=\"681\" src=\"https:\/\/www.medellin.gov.co\/es\/wp-content\/uploads\/2024\/10\/LA-QUINTANA-1-1024x681.jpg\" class=\"attachment-large size-large\" alt=\"\" loading=\"lazy\" srcset=\"https:\/\/www.medellin.gov.co\/es\/wp-content\/uploads\/2024\/10\/LA-QUINTANA-1-1024x681.jpg 1024w, https:\/\/www.medellin.gov.co\/es\/wp-content\/uploads\/2024\/10\/LA-QUINTANA-1-300x199.jpg 300w, https:\/\/www.medellin.gov.co\/es\/wp-content\/uploads\/2024\/10\/LA-QUINTANA-1-150x100.jpg 150w, https:\/\/www.medellin.gov.co\/es\/wp-content\/uploads\/2024\/10\/LA-QUINTANA-1-768x511.jpg 768w, https:\/\/www.medellin.gov.co\/es\/wp-content\/uploads\/2024\/10\/LA-QUINTANA-1.jpg 1280w\" sizes=\"(max-width: 1024px) 100vw, 1024px\" \/>\t\t\t\t\t\t\t\t\t\t\t\t\t\t<\/div>\n\t\t\t\t\t\t<\/div>\n\t\t\t\t<\/div>\n\t\t<\/div><\/div><div class=\"elementor-element elementor-element-9b542e8 e-container--column e-container\" data-id=\"9b542e8\" data-element_type=\"container\">\t\t\t\t<div class=\"elementor-element elementor-element-c65e03b elementor-widget elementor-widget-heading\" data-id=\"c65e03b\" data-element_type=\"widget\" data-widget_type=\"heading.default\">\n\t\t\t\t<div class=\"elementor-widget-container\">\n\t\t\t<h2 class=\"elementor-heading-title elementor-size-default\"><b>Cronograma<\/b><\/h2>\t\t<\/div>\n\t\t\t\t<\/div>\n\t\t<\/div><div class=\"elementor-element elementor-element-7450058 e-container--column e-container\" data-id=\"7450058\" data-element_type=\"container\">\t\t\t\t<div class=\"elementor-element elementor-element-f5cf296 elementor-widget elementor-widget-text-editor\" data-id=\"f5cf296\" data-element_type=\"widget\" data-widget_type=\"text-editor.default\">\n\t\t\t\t<div class=\"elementor-widget-container\">\n\t\t\t\t\t\t\t\t<div class=\"elementor-text-editor elementor-clearfix\">\n\t\t\t\t<table style=\"border-collapse: collapse; width: 100%; border-color: #000000; height: 250px;\" border=\"1\" width=\"100%\"><tbody><tr style=\"background-color: #3598db; height: 50px;\"><td style=\"text-align: center; height: 50px;\" width=\"260\"><p><span style=\"color: #ecf0f1;\"><strong>Actividad<\/strong>\u00a0<\/span><\/p><\/td><td style=\"text-align: center; height: 50px;\" width=\"267\"><p><span style=\"color: #ecf0f1;\"><strong>Fecha<\/strong>\u00a0<\/span><\/p><\/td><\/tr><tr style=\"height: 50px;\"><td style=\"height: 50px;\" width=\"260\"><p>\u00a0Publicaci\u00f3n de lineamientos de la convocatoria\u00a0<\/p><\/td><td style=\"height: 50px;\" width=\"267\"><p>\u00a025 de octubre de 2024\u00a0<\/p><\/td><\/tr><tr style=\"height: 50px; background-color: #ecf0f1;\"><td style=\"height: 50px;\" width=\"260\"><p>\u00a0Plazo para enviar las postulaciones\u00a0<\/p><\/td><td style=\"height: 50px;\" width=\"267\"><p>\u00a0Del 25 de octubre al 06 de noviembre de 2024\u00a0<\/p><\/td><\/tr><tr style=\"height: 50px;\"><td style=\"height: 50px;\" width=\"260\"><p>\u00a0Evaluaci\u00f3n de propuestas\u00a0<\/p><\/td><td style=\"height: 50px;\" width=\"267\"><p>\u00a0Del 07 de noviembre al 13 de noviembre de 2024\u00a0<\/p><\/td><\/tr><tr style=\"height: 50px; background-color: #ecf0f1;\"><td style=\"height: 50px;\" width=\"260\"><p>\u00a0Publicaci\u00f3n de resultados de las postulaciones recibidas\u00a0<\/p><\/td><td style=\"height: 50px;\" width=\"267\"><p>\u00a014 de noviembre de 2024\u00a0<\/p><\/td><\/tr><\/tbody><\/table>\t\t\t\t\t<\/div>\n\t\t\t\t\t\t<\/div>\n\t\t\t\t<\/div>\n\t\t\t\t<div class=\"elementor-element elementor-element-92987e2 elementor-widget elementor-widget-heading\" data-id=\"92987e2\" data-element_type=\"widget\" data-widget_type=\"heading.default\">\n\t\t\t\t<div class=\"elementor-widget-container\">\n\t\t\t<h2 class=\"elementor-heading-title elementor-size-default\"><b>Descarga y diligencia los documentos<\/b>  para presentar tu propuesta<\/h2>\t\t<\/div>\n\t\t\t\t<\/div>\n\t\t\t\t<div class=\"elementor-element elementor-element-a95bd10 elementor-widget elementor-widget-text-editor\" data-id=\"a95bd10\" data-element_type=\"widget\" data-widget_type=\"text-editor.default\">\n\t\t\t\t<div class=\"elementor-widget-container\">\n\t\t\t\t\t\t\t\t<div class=\"elementor-text-editor elementor-clearfix\">\n\t\t\t\t<ul><li><a href=\"https:\/\/www.medellin.gov.co\/es\/wp-content\/uploads\/2024\/11\/Comunicado-2-Aclaratorio-resultados-de-evaluacion-.pdf\" target=\"_blank\" rel=\"noopener\">Comunicado 2 \u2013 Aclaratorio Resultados de evaluaci\u00f3n de la convocatoria para la presentaci\u00f3n de charlas te\u00f3rico \u2013 pr\u00e1cticas de procesos y MAICC \u2013 en la semana de la comunicaci\u00f3n Territorios que inspiran, Alcald\u00eda de Medell\u00edn 2024<\/a> | pdf<\/li><li><a href=\"https:\/\/www.medellin.gov.co\/es\/wp-content\/uploads\/2024\/11\/Comunicado-01-resultados-de-evaluacio\u0301n-final-Semana-de-la-comunicacion-.pdf\" target=\"_blank\" rel=\"noopener\">Comunicado 1 \u2013 Resultados de evaluaci\u00f3n de la convocatoria para la presentaci\u00f3n de charlas te\u00f3rico \u2013 pr\u00e1cticas de procesos y MAICC \u2013 en la semana de la comunicaci\u00f3n Territorios que inspiran, Alcald\u00eda de Medell\u00edn 2024<\/a> | pdf<\/li><li><a href=\"https:\/\/www.medellin.gov.co\/es\/wp-content\/uploads\/2024\/10\/Bases_convocatoria_semana_comunicacion.pdf\" target=\"_blank\" rel=\"noopener\">Lineamientos<\/a> | pdf<\/li><li><a href=\"https:\/\/www.medellin.gov.co\/es\/wp-content\/uploads\/2024\/10\/Formato-de-postulacion-semana-de-la-comunicacion.docx\" target=\"_blank\" rel=\"noopener\">Formato postulaci\u00f3n Semana de la Comunicaci\u00f3n<\/a> | Word<\/li><li><a href=\"https:\/\/www.medellin.gov.co\/es\/wp-content\/uploads\/2024\/10\/Formato-propuesta-inedita-semana-de-la-comunicacion.docx\" target=\"_blank\" rel=\"noopener\">Formato propuesta in\u00e9dita<\/a> | Word<\/li><\/ul>\t\t\t\t\t<\/div>\n\t\t\t\t\t\t<\/div>\n\t\t\t\t<\/div>\n\t\t<\/div><div class=\"elementor-element elementor-element-e8b8529 e-container--column e-container\" data-id=\"e8b8529\" data-element_type=\"container\">\t\t\t\t<div class=\"elementor-element elementor-element-17024f6 elementor-widget elementor-widget-heading\" data-id=\"17024f6\" data-element_type=\"widget\" data-widget_type=\"heading.default\">\n\t\t\t\t<div class=\"elementor-widget-container\">\n\t\t\t<h2 class=\"elementor-heading-title elementor-size-default\"><b>Hist\u00f3rico <\/b>de convocatorias<\/h2>\t\t<\/div>\n\t\t\t\t<\/div>\n\t\t\t\t<div class=\"elementor-element elementor-element-ffd8b4d elementor-widget elementor-widget-pp-faq\" data-id=\"ffd8b4d\" data-element_type=\"widget\" data-settings=\"{&quot;faq_layout&quot;:&quot;accordion&quot;,&quot;accordion_type&quot;:&quot;accordion&quot;,&quot;toggle_speed&quot;:300}\" data-widget_type=\"pp-faq.default\">\n\t\t\t\t<div class=\"elementor-widget-container\">\n\t\t\t\t\t<div class=\"pp-faqs pp-advanced-accordion pp-toggle-icon-align-left\" id=\"pp-advanced-accordion-ffd8b4d\" data-accordion-id=\"ffd8b4d\">\n\t\t\t\t\t\t<div class=\"pp-faq-item-wrap elementor-grid-item\">\n\t\t\t\t<div class=\"pp-faq-item pp-accordion-item\">\n\t\t\t\t\t<div id=\"pp-accordion-tab-title-2681\" class=\"pp-faq-question pp-accordion-tab-title\" tabindex=\"2681\" data-tab=\"1\">\n\t\t\t\t\t\t<div class=\"pp-accordion-title-icon\">\n\t\t\t\t\t\t\t\t\t\t\t\t\t\t\t\t\t\t\t\t\t<div class=\"pp-accordion-title-text\">\n\t\t\t\t\t\t\t\tConvocatoria para la presentaci\u00f3n de ponencias en la Semana de la Comunicaci\u00f3n \u201cConexi\u00f3n P\u00fablica con los MAICC\u201d, Alcald\u00eda de Medell\u00edn 2023\t\t\t\t\t\t\t<\/div>\n\t\t\t\t\t\t<\/div>\n\t\t\t\t\t\t\t\t\t\t\t\t\t<div class=\"pp-accordion-toggle-icon\">\n\t\t\t\t\t\t\t\t\t\t\t\t\t\t\t\t\t<span class='pp-accordion-toggle-icon-close pp-icon'>\n\t\t\t\t\t\t\t\t\t\t<i aria-hidden=\"true\" class=\"fas fa-plus\"><\/i>\t\t\t\t\t\t\t\t\t<\/span>\n\t\t\t\t\t\t\t\t\t\t\t\t\t\t\t\t\t\t\t\t\t\t\t\t\t<span class='pp-accordion-toggle-icon-open pp-icon'>\n\t\t\t\t\t\t\t\t\t\t<i aria-hidden=\"true\" class=\"fas fa-minus\"><\/i>\t\t\t\t\t\t\t\t\t<\/span>\n\t\t\t\t\t\t\t\t\t\t\t\t\t\t\t<\/div>\n\t\t\t\t\t\t\t\t\t\t\t<\/div>\n\n\t\t\t\t\t<div id=\"pp-accordion-tab-content-2681\" class=\"pp-faq-answer pp-accordion-tab-content\" data-tab=\"1\">\n\t\t\t\t\t\t<p>La Secretar\u00eda de Comunicaciones del Distrito de Medell\u00edn, abre la convocatoria dirigida a Procesos y Medio Alternativos, Independientes, Comunitarios y Ciudadanos \u2013 MAICC- de Medell\u00edn, para que participen en la agenda acad\u00e9mica de la Semana de la Comunicaci\u00f3n, postulando sus propuestas de ponencias relacionadas con el tema: la comunicaci\u00f3n para el cambio social en la era digital.<\/p>\n<p><a href=\"https:\/\/www.medellin.gov.co\/es\/secretaria-de-comunicaciones\/comunicacion-para-la-movilizacion\/convocatoria-para-la-presentacion-alcaldia-de-medellin-2023\/\">Ingresa aqu\u00ed<\/a><\/p>\n\t\t\t\t\t<\/div>\n\t\t\t\t<\/div>\n\t\t\t<\/div>\n\t\t\t\t\t<\/div>\n\t\t\t\t<\/div>\n\t\t\t\t<\/div>\n\t\t<\/div>\t\t\t\t\t\t\t<\/div>\n\t\t\t<\/div>\n\t\t\t\t\t<\/div>\n\t\t","protected":false},"excerpt":{"rendered":"<p>Semana de la Comunicaci\u00f3n: Territorios que Inspiran La Semana de la Comunicaci\u00f3n: Territorios que Inspiran, enmarcada en el plan estrat\u00e9gico de la Pol\u00edtica P\u00fablica de procesos y medios alternativos, independientes, comunitarios y ciudadanos de Medell\u00edn, &#8230;<\/p>\n","protected":false},"author":97,"featured_media":356623,"parent":20180,"menu_order":0,"comment_status":"closed","ping_status":"closed","template":"sec-comunicaciones\/elementor.php","meta":[],"acf":[],"_links":{"self":[{"href":"https:\/\/www.medellin.gov.co\/es\/wp-json\/wp\/v2\/pages\/456783"}],"collection":[{"href":"https:\/\/www.medellin.gov.co\/es\/wp-json\/wp\/v2\/pages"}],"about":[{"href":"https:\/\/www.medellin.gov.co\/es\/wp-json\/wp\/v2\/types\/page"}],"author":[{"embeddable":true,"href":"https:\/\/www.medellin.gov.co\/es\/wp-json\/wp\/v2\/users\/97"}],"replies":[{"embeddable":true,"href":"https:\/\/www.medellin.gov.co\/es\/wp-json\/wp\/v2\/comments?post=456783"}],"version-history":[{"count":1,"href":"https:\/\/www.medellin.gov.co\/es\/wp-json\/wp\/v2\/pages\/456783\/revisions"}],"predecessor-version":[{"id":456784,"href":"https:\/\/www.medellin.gov.co\/es\/wp-json\/wp\/v2\/pages\/456783\/revisions\/456784"}],"up":[{"embeddable":true,"href":"https:\/\/www.medellin.gov.co\/es\/wp-json\/wp\/v2\/pages\/20180"}],"wp:featuredmedia":[{"embeddable":true,"href":"https:\/\/www.medellin.gov.co\/es\/wp-json\/wp\/v2\/media\/356623"}],"wp:attachment":[{"href":"https:\/\/www.medellin.gov.co\/es\/wp-json\/wp\/v2\/media?parent=456783"}],"curies":[{"name":"wp","href":"https:\/\/api.w.org\/{rel}","templated":true}]}}