{"id":461871,"date":"2025-10-07T12:07:14","date_gmt":"2025-10-07T17:07:14","guid":{"rendered":"https:\/\/www.medellin.gov.co\/es\/?page_id=461871"},"modified":"2025-10-27T15:49:50","modified_gmt":"2025-10-27T20:49:50","slug":"la-paz-rinde-cuentas","status":"publish","type":"page","link":"https:\/\/www.medellin.gov.co\/es\/secretaria-de-paz-y-derechos-humanos\/la-paz-rinde-cuentas\/","title":{"rendered":"La Paz Rinde Cuentas"},"content":{"rendered":"\t\t<div data-elementor-type=\"wp-page\" data-elementor-id=\"461871\" class=\"elementor elementor-461871\">\n\t\t\t\t\t\t<div class=\"elementor-inner\">\n\t\t\t\t<div class=\"elementor-section-wrap\">\n\t\t\t\t\t\t\t\t\t<section class=\"elementor-section elementor-top-section elementor-element elementor-element-4d9316b elementor-section-boxed elementor-section-height-default elementor-section-height-default\" data-id=\"4d9316b\" data-element_type=\"section\">\n\t\t\t\t\t\t<div class=\"elementor-container elementor-column-gap-default\">\n\t\t\t\t\t\t\t<div class=\"elementor-row\">\n\t\t\t\t\t<div class=\"elementor-column elementor-col-100 elementor-top-column elementor-element elementor-element-865ccaf\" data-id=\"865ccaf\" data-element_type=\"column\">\n\t\t\t<div class=\"elementor-column-wrap elementor-element-populated\">\n\t\t\t\t\t\t\t<div class=\"elementor-widget-wrap\">\n\t\t\t\t\t\t<div class=\"elementor-element elementor-element-d6990de elementor-widget elementor-widget-heading\" data-id=\"d6990de\" data-element_type=\"widget\" data-widget_type=\"heading.default\">\n\t\t\t\t<div class=\"elementor-widget-container\">\n\t\t\t<h1 class=\"elementor-heading-title elementor-size-default\">La Paz Rinde Cuentas<\/h1>\t\t<\/div>\n\t\t\t\t<\/div>\n\t\t\t\t\t\t<\/div>\n\t\t\t\t\t<\/div>\n\t\t<\/div>\n\t\t\t\t\t\t\t\t<\/div>\n\t\t\t\t\t<\/div>\n\t\t<\/section>\n\t\t\t\t<section class=\"elementor-section elementor-top-section elementor-element elementor-element-32af234 elementor-section-boxed elementor-section-height-default elementor-section-height-default\" data-id=\"32af234\" data-element_type=\"section\">\n\t\t\t\t\t\t<div class=\"elementor-container elementor-column-gap-default\">\n\t\t\t\t\t\t\t<div class=\"elementor-row\">\n\t\t\t\t\t<div class=\"elementor-column elementor-col-100 elementor-top-column elementor-element elementor-element-77b4c82\" data-id=\"77b4c82\" data-element_type=\"column\">\n\t\t\t<div class=\"elementor-column-wrap elementor-element-populated\">\n\t\t\t\t\t\t\t<div class=\"elementor-widget-wrap\">\n\t\t\t\t<div class=\"elementor-element elementor-element-e2b5354 e-container--row e-container\" data-id=\"e2b5354\" data-element_type=\"container\">\t\t<div class=\"elementor-element elementor-element-88ebb43 e-container--column e-container\" data-id=\"88ebb43\" data-element_type=\"container\">\t\t<div class=\"elementor-element elementor-element-86f163d e-container--column e-container\" data-id=\"86f163d\" data-element_type=\"container\">\t\t\t\t<div class=\"elementor-element elementor-element-bb359b6 elementor-widget elementor-widget-text-editor\" data-id=\"bb359b6\" data-element_type=\"widget\" data-widget_type=\"text-editor.default\">\n\t\t\t\t<div class=\"elementor-widget-container\">\n\t\t\t\t\t\t\t\t<div class=\"elementor-text-editor elementor-clearfix\">\n\t\t\t\t<p><strong>Medell\u00edn Te Cuenta:\u00a0<\/strong>Di\u00e1logo participativo sobre la implementaci\u00f3n del Acuerdo de Paz en el Distrito de Medell\u00edn 2025.<\/p><p>En Medell\u00edn seguimos comprometidos con la implementaci\u00f3n del Acuerdo de Paz y con el fortalecimiento de la confianza ciudadana.<\/p><p>Haz parte de este ejercicio de transparencia y selecciona el tema que consideres prioritario para abordar en la Rendici\u00f3n de Cuentas 2025.<\/p><p>Tu participaci\u00f3n es esencial para visibilizar la construcci\u00f3n de paz en la ciudad.<\/p><p>Esto es fundamental para llevar a cabo\u00a0la rendici\u00f3n de cuenta del distrito agradecemos mucho su apoyo y gesti\u00f3n para que este contenido pueda estar disponible a la brevedad.<\/p>\t\t\t\t\t<\/div>\n\t\t\t\t\t\t<\/div>\n\t\t\t\t<\/div>\n\t\t<\/div><div class=\"elementor-element elementor-element-f1a5c61 e-container--column e-container\" data-id=\"f1a5c61\" data-element_type=\"container\">\t\t\t\t<div class=\"elementor-element elementor-element-017ed76 elementor-widget elementor-widget-image\" data-id=\"017ed76\" data-element_type=\"widget\" data-widget_type=\"image.default\">\n\t\t\t\t<div class=\"elementor-widget-container\">\n\t\t\t\t\t\t\t\t<div class=\"elementor-image\">\n\t\t\t\t\t\t\t\t\t\t\t\t<img src=\"https:\/\/www.medellin.gov.co\/es\/wp-content\/uploads\/2024\/08\/Familias-de-Medellin-aprenderan-sobre-paz-3.jpg\" title=\"\" alt=\"\" \/>\t\t\t\t\t\t\t\t\t\t\t\t\t\t<\/div>\n\t\t\t\t\t\t<\/div>\n\t\t\t\t<\/div>\n\t\t\t\t<div class=\"elementor-element elementor-element-abee8e7 elementor-widget elementor-widget-button\" data-id=\"abee8e7\" data-element_type=\"widget\" data-widget_type=\"button.default\">\n\t\t\t\t<div class=\"elementor-widget-container\">\n\t\t\t\t\t<div class=\"elementor-button-wrapper\">\n\t\t\t<a href=\"https:\/\/www.medellin.gov.co\/data2\/DiligenciarEncuesta.do?token=TS2409202556201423DF57\" target=\"_blank\" class=\"elementor-button-link elementor-button elementor-size-sm\" role=\"button\">\n\t\t\t\t\t\t<span class=\"elementor-button-content-wrapper\">\n\t\t\t\t\t\t<span class=\"elementor-button-text\">Vota por los temas de tu inter\u00e9s\u00a0<\/span>\n\t\t<\/span>\n\t\t\t\t\t<\/a>\n\t\t<\/div>\n\t\t\t\t<\/div>\n\t\t\t\t<\/div>\n\t\t<\/div><\/div><\/div>\t\t\t\t<\/div>\n\t\t\t\t\t<\/div>\n\t\t<\/div>\n\t\t\t\t\t\t\t\t<\/div>\n\t\t\t\t\t<\/div>\n\t\t<\/section>\n\t\t<div class=\"elementor-element elementor-element-e986b5e e-container--column e-container\" data-id=\"e986b5e\" data-element_type=\"container\">\t\t\t\t<div class=\"elementor-element elementor-element-cb725c3 elementor-widget elementor-widget-heading\" data-id=\"cb725c3\" data-element_type=\"widget\" data-widget_type=\"heading.default\">\n\t\t\t\t<div class=\"elementor-widget-container\">\n\t\t\t<h2 class=\"elementor-heading-title elementor-size-default\"><b>Informe de Gesti\u00f3n y Rendici\u00f3n de Cuentas <\/b><\/h2>\t\t<\/div>\n\t\t\t\t<\/div>\n\t\t<\/div><div class=\"elementor-element elementor-element-48956fc e-container--column e-container\" data-id=\"48956fc\" data-element_type=\"container\">\t\t\t\t<div class=\"elementor-element elementor-element-02a3520 elementor-widget elementor-widget-spacer\" data-id=\"02a3520\" data-element_type=\"widget\" data-widget_type=\"spacer.default\">\n\t\t\t\t<div class=\"elementor-widget-container\">\n\t\t\t\t\t<div class=\"elementor-spacer\">\n\t\t\t<div class=\"elementor-spacer-inner\"><\/div>\n\t\t<\/div>\n\t\t\t\t<\/div>\n\t\t\t\t<\/div>\n\t\t<\/div><div class=\"elementor-element elementor-element-ef778a2 e-container--column e-container\" data-id=\"ef778a2\" data-element_type=\"container\">\t\t\t\t<div class=\"elementor-element elementor-element-f3a4ec1 elementor-widget elementor-widget-text-editor\" data-id=\"f3a4ec1\" data-element_type=\"widget\" data-widget_type=\"text-editor.default\">\n\t\t\t\t<div class=\"elementor-widget-container\">\n\t\t\t\t\t\t\t\t<div class=\"elementor-text-editor elementor-clearfix\">\n\t\t\t\t<p>A continuaci\u00f3n, se presenta el informe sobre los resultados y avances de la gesti\u00f3n p\u00fablica donde se incluye el seguimiento a la implementaci\u00f3n del Acuerdo de paz, y los dem\u00e1s que apliquen conforme con la normativa\u00a0vigente.<\/p>\t\t\t\t\t<\/div>\n\t\t\t\t\t\t<\/div>\n\t\t\t\t<\/div>\n\t\t<\/div><div class=\"elementor-element elementor-element-a8177e3 e-container--column e-container\" data-id=\"a8177e3\" data-element_type=\"container\">\t\t\t\t<div class=\"elementor-element elementor-element-3654ab5 elementor-widget elementor-widget-spacer\" data-id=\"3654ab5\" data-element_type=\"widget\" data-widget_type=\"spacer.default\">\n\t\t\t\t<div class=\"elementor-widget-container\">\n\t\t\t\t\t<div class=\"elementor-spacer\">\n\t\t\t<div class=\"elementor-spacer-inner\"><\/div>\n\t\t<\/div>\n\t\t\t\t<\/div>\n\t\t\t\t<\/div>\n\t\t<\/div><div class=\"elementor-element elementor-element-2d8c961 e-container--column e-container\" data-id=\"2d8c961\" data-element_type=\"container\">\t\t\t\t<div class=\"elementor-element elementor-element-7623d8d elementor-widget elementor-widget-button\" data-id=\"7623d8d\" data-element_type=\"widget\" data-widget_type=\"button.default\">\n\t\t\t\t<div class=\"elementor-widget-container\">\n\t\t\t\t\t<div class=\"elementor-button-wrapper\">\n\t\t\t<a href=\"https:\/\/www.medellin.gov.co\/es\/wp-content\/uploads\/2025\/10\/InformeRendicionCuentas-SecPazyDDHH-2025p-1.pdf\" target=\"_blank\" class=\"elementor-button-link elementor-button elementor-size-sm\" role=\"button\">\n\t\t\t\t\t\t<span class=\"elementor-button-content-wrapper\">\n\t\t\t\t\t\t<span class=\"elementor-button-text\">Informe rendici\u00f3n de cuentas Secretar\u00eda de PAz y DDHH<\/span>\n\t\t<\/span>\n\t\t\t\t\t<\/a>\n\t\t<\/div>\n\t\t\t\t<\/div>\n\t\t\t\t<\/div>\n\t\t<\/div><div class=\"elementor-element elementor-element-5daef30 e-container--column e-container\" data-id=\"5daef30\" data-element_type=\"container\">\t\t\t\t<div class=\"elementor-element elementor-element-14d1b19 elementor-widget elementor-widget-spacer\" data-id=\"14d1b19\" data-element_type=\"widget\" data-widget_type=\"spacer.default\">\n\t\t\t\t<div class=\"elementor-widget-container\">\n\t\t\t\t\t<div class=\"elementor-spacer\">\n\t\t\t<div class=\"elementor-spacer-inner\"><\/div>\n\t\t<\/div>\n\t\t\t\t<\/div>\n\t\t\t\t<\/div>\n\t\t<\/div><div class=\"elementor-element elementor-element-469068a e-container--column e-container\" data-id=\"469068a\" data-element_type=\"container\">\t\t\t\t<div class=\"elementor-element elementor-element-25267a6 elementor-widget elementor-widget-text-editor\" data-id=\"25267a6\" data-element_type=\"widget\" data-widget_type=\"text-editor.default\">\n\t\t\t\t<div class=\"elementor-widget-container\">\n\t\t\t\t\t\t\t\t<div class=\"elementor-text-editor elementor-clearfix\">\n\t\t\t\t<p>Te invitamos a conocer el Informe de Gesti\u00f3n \u2013 Rendici\u00f3n de Cuentas: Implementaci\u00f3n del Acuerdo de Paz.\u00a0 Puedes enviarnos tus inquietudes y cometarios, escribiendo al correo institucional: carlos.arcila@medellin.gov.co registrando en el asunto: Informe Rendici\u00f3n seguido del nombre del informe\u00a0de\u00a0tu\u00a0inter\u00e9s.<\/p>\t\t\t\t\t<\/div>\n\t\t\t\t\t\t<\/div>\n\t\t\t\t<\/div>\n\t\t<\/div><div class=\"elementor-element elementor-element-c52acee e-container--column e-container\" data-id=\"c52acee\" data-element_type=\"container\">\t\t\t\t<div class=\"elementor-element elementor-element-2380a1b elementor-widget elementor-widget-spacer\" data-id=\"2380a1b\" data-element_type=\"widget\" data-widget_type=\"spacer.default\">\n\t\t\t\t<div class=\"elementor-widget-container\">\n\t\t\t\t\t<div class=\"elementor-spacer\">\n\t\t\t<div class=\"elementor-spacer-inner\"><\/div>\n\t\t<\/div>\n\t\t\t\t<\/div>\n\t\t\t\t<\/div>\n\t\t<\/div><div class=\"elementor-element elementor-element-3985554 e-container--column e-container\" data-id=\"3985554\" data-element_type=\"container\">\t\t\t\t<div class=\"elementor-element elementor-element-ea59b03 elementor-widget elementor-widget-heading\" data-id=\"ea59b03\" data-element_type=\"widget\" data-widget_type=\"heading.default\">\n\t\t\t\t<div class=\"elementor-widget-container\">\n\t\t\t<h2 class=\"elementor-heading-title elementor-size-default\"><b>Convocatoria a eventos de di\u00e1logo rendici\u00f3n de cuentas <\/b><\/h2>\t\t<\/div>\n\t\t\t\t<\/div>\n\t\t<\/div><div class=\"elementor-element elementor-element-60dae1e e-container--column e-container\" data-id=\"60dae1e\" data-element_type=\"container\">\t\t\t\t<div class=\"elementor-element elementor-element-dc95b41 elementor-widget elementor-widget-spacer\" data-id=\"dc95b41\" data-element_type=\"widget\" data-widget_type=\"spacer.default\">\n\t\t\t\t<div class=\"elementor-widget-container\">\n\t\t\t\t\t<div class=\"elementor-spacer\">\n\t\t\t<div class=\"elementor-spacer-inner\"><\/div>\n\t\t<\/div>\n\t\t\t\t<\/div>\n\t\t\t\t<\/div>\n\t\t<\/div><div class=\"elementor-element elementor-element-3e99be7 e-container--column e-container\" data-id=\"3e99be7\" data-element_type=\"container\">\t\t\t\t<div class=\"elementor-element elementor-element-d861746 elementor-widget elementor-widget-image\" data-id=\"d861746\" data-element_type=\"widget\" data-widget_type=\"image.default\">\n\t\t\t\t<div class=\"elementor-widget-container\">\n\t\t\t\t\t\t\t\t<div class=\"elementor-image\">\n\t\t\t\t\t\t\t\t\t\t\t\t<img width=\"819\" height=\"1024\" src=\"https:\/\/www.medellin.gov.co\/es\/wp-content\/uploads\/2025\/10\/E-card-819x1024.jpg\" class=\"attachment-large size-large\" alt=\"Rendici\u00f3n de cuentas\" loading=\"lazy\" srcset=\"https:\/\/www.medellin.gov.co\/es\/wp-content\/uploads\/2025\/10\/E-card-819x1024.jpg 819w, https:\/\/www.medellin.gov.co\/es\/wp-content\/uploads\/2025\/10\/E-card-240x300.jpg 240w, https:\/\/www.medellin.gov.co\/es\/wp-content\/uploads\/2025\/10\/E-card-120x150.jpg 120w, https:\/\/www.medellin.gov.co\/es\/wp-content\/uploads\/2025\/10\/E-card-768x960.jpg 768w, https:\/\/www.medellin.gov.co\/es\/wp-content\/uploads\/2025\/10\/E-card.jpg 1080w\" sizes=\"(max-width: 819px) 100vw, 819px\" \/>\t\t\t\t\t\t\t\t\t\t\t\t\t\t<\/div>\n\t\t\t\t\t\t<\/div>\n\t\t\t\t<\/div>\n\t\t<\/div>\t\t\t\t\t\t\t<\/div>\n\t\t\t<\/div>\n\t\t\t\t\t<\/div>\n\t\t","protected":false},"excerpt":{"rendered":"<p>La Paz Rinde Cuentas Medell\u00edn Te Cuenta:\u00a0Di\u00e1logo participativo sobre la implementaci\u00f3n del Acuerdo de Paz en el Distrito de Medell\u00edn 2025. En Medell\u00edn seguimos comprometidos con la implementaci\u00f3n del Acuerdo de Paz y con el &#8230;<\/p>\n","protected":false},"author":17,"featured_media":0,"parent":339029,"menu_order":0,"comment_status":"closed","ping_status":"closed","template":"sec-noviolencia\/elementor09102024.php","meta":[],"acf":[],"_links":{"self":[{"href":"https:\/\/www.medellin.gov.co\/es\/wp-json\/wp\/v2\/pages\/461871"}],"collection":[{"href":"https:\/\/www.medellin.gov.co\/es\/wp-json\/wp\/v2\/pages"}],"about":[{"href":"https:\/\/www.medellin.gov.co\/es\/wp-json\/wp\/v2\/types\/page"}],"author":[{"embeddable":true,"href":"https:\/\/www.medellin.gov.co\/es\/wp-json\/wp\/v2\/users\/17"}],"replies":[{"embeddable":true,"href":"https:\/\/www.medellin.gov.co\/es\/wp-json\/wp\/v2\/comments?post=461871"}],"version-history":[{"count":11,"href":"https:\/\/www.medellin.gov.co\/es\/wp-json\/wp\/v2\/pages\/461871\/revisions"}],"predecessor-version":[{"id":468386,"href":"https:\/\/www.medellin.gov.co\/es\/wp-json\/wp\/v2\/pages\/461871\/revisions\/468386"}],"up":[{"embeddable":true,"href":"https:\/\/www.medellin.gov.co\/es\/wp-json\/wp\/v2\/pages\/339029"}],"wp:attachment":[{"href":"https:\/\/www.medellin.gov.co\/es\/wp-json\/wp\/v2\/media?parent=461871"}],"curies":[{"name":"wp","href":"https:\/\/api.w.org\/{rel}","templated":true}]}}