{"id":466808,"date":"2025-10-23T10:27:21","date_gmt":"2025-10-23T15:27:21","guid":{"rendered":"https:\/\/www.medellin.gov.co\/es\/?page_id=466808"},"modified":"2025-10-23T10:36:30","modified_gmt":"2025-10-23T15:36:30","slug":"conmemoracion-40-anos-del-holocausto-del-palacio-de-justicia","status":"publish","type":"page","link":"https:\/\/www.medellin.gov.co\/es\/conmemoracion-40-anos-del-holocausto-del-palacio-de-justicia\/","title":{"rendered":"Conmemoraci\u00f3n 40 a\u00f1os del holocausto del palacio de justicia"},"content":{"rendered":"\t\t<div data-elementor-type=\"wp-page\" data-elementor-id=\"466808\" class=\"elementor elementor-466808\">\n\t\t\t\t\t\t<div class=\"elementor-inner\">\n\t\t\t\t<div class=\"elementor-section-wrap\">\n\t\t\t\t\t\t\t<div class=\"elementor-element elementor-element-3592f76 e-container--column e-container\" data-id=\"3592f76\" data-element_type=\"container\">\t\t\t\t<div class=\"elementor-element elementor-element-d5bb96c elementor-widget elementor-widget-heading\" data-id=\"d5bb96c\" data-element_type=\"widget\" data-widget_type=\"heading.default\">\n\t\t\t\t<div class=\"elementor-widget-container\">\n\t\t\t<h2 class=\"elementor-heading-title elementor-size-default\">Conmemoraci\u00f3n 40 a\u00f1os del holocausto del palacio de justicia<\/h2>\t\t<\/div>\n\t\t\t\t<\/div>\n\t\t<\/div><div class=\"elementor-element elementor-element-94ca77e e-container--column e-container\" data-id=\"94ca77e\" data-element_type=\"container\">\t\t\t\t<div class=\"elementor-element elementor-element-5a9960e elementor-widget elementor-widget-spacer\" data-id=\"5a9960e\" data-element_type=\"widget\" data-widget_type=\"spacer.default\">\n\t\t\t\t<div class=\"elementor-widget-container\">\n\t\t\t\t\t<div class=\"elementor-spacer\">\n\t\t\t<div class=\"elementor-spacer-inner\"><\/div>\n\t\t<\/div>\n\t\t\t\t<\/div>\n\t\t\t\t<\/div>\n\t\t<\/div><div class=\"elementor-element elementor-element-1af376f e-container--row e-container\" data-id=\"1af376f\" data-element_type=\"container\">\t\t<div class=\"elementor-element elementor-element-56ccf19 e-container--column e-container\" data-id=\"56ccf19\" data-element_type=\"container\">\t\t\t\t<div class=\"elementor-element elementor-element-1b2b83d elementor-widget elementor-widget-image\" data-id=\"1b2b83d\" data-element_type=\"widget\" data-widget_type=\"image.default\">\n\t\t\t\t<div class=\"elementor-widget-container\">\n\t\t\t\t\t\t\t\t<div class=\"elementor-image\">\n\t\t\t\t\t\t\t\t\t\t\t\t<img width=\"1280\" height=\"720\" src=\"https:\/\/www.medellin.gov.co\/es\/wp-content\/uploads\/2025\/10\/banner.jpg\" class=\"attachment-full size-full\" alt=\"banner 40 a\u00f1os del holocausto del palacio de justicia\" loading=\"lazy\" srcset=\"https:\/\/www.medellin.gov.co\/es\/wp-content\/uploads\/2025\/10\/banner.jpg 1280w, https:\/\/www.medellin.gov.co\/es\/wp-content\/uploads\/2025\/10\/banner-300x169.jpg 300w, https:\/\/www.medellin.gov.co\/es\/wp-content\/uploads\/2025\/10\/banner-1024x576.jpg 1024w, https:\/\/www.medellin.gov.co\/es\/wp-content\/uploads\/2025\/10\/banner-150x84.jpg 150w, https:\/\/www.medellin.gov.co\/es\/wp-content\/uploads\/2025\/10\/banner-768x432.jpg 768w\" sizes=\"(max-width: 1280px) 100vw, 1280px\" \/>\t\t\t\t\t\t\t\t\t\t\t\t\t\t<\/div>\n\t\t\t\t\t\t<\/div>\n\t\t\t\t<\/div>\n\t\t<\/div><div class=\"elementor-element elementor-element-d4fbd4b e-container--column e-container\" data-id=\"d4fbd4b\" data-element_type=\"container\">\t\t\t\t<div class=\"elementor-element elementor-element-b381729 elementor-widget elementor-widget-text-editor\" data-id=\"b381729\" data-element_type=\"widget\" data-widget_type=\"text-editor.default\">\n\t\t\t\t<div class=\"elementor-widget-container\">\n\t\t\t\t\t\t\t\t<div class=\"elementor-text-editor elementor-clearfix\">\n\t\t\t\t<p><span style=\"font-family: Arial,sans-serif;\" data-olk-copy-source=\"MessageBody\">Hace 40 a\u00f1os Colombia vivi\u00f3 uno de los cap\u00edtulos m\u00e1s dolorosos de su historia: el Holocausto del Palacio de Justicia. Un hecho que marc\u00f3 al pa\u00eds para siempre y que todav\u00eda nos deja preguntas sin respuesta.<\/span><\/p><p><span style=\"font-family: Arial,sans-serif;\">Recordarlo es un deber. Es un compromiso con la verdad y con las v\u00edctimas. Pero tambi\u00e9n es un llamado a que nunca m\u00e1s la violencia se imponga sobre la vida, la justicia y la dignidad humana.<\/span><\/p><p><span style=\"font-family: Arial,sans-serif;\">La memoria no es un simple recuerdo: es la base para sanar, para aprender de los errores y para construir un pa\u00eds distinto.<\/span><\/p><p><span style=\"font-family: Arial,sans-serif;\">Por eso, esta conmemoraci\u00f3n no es solo un homenaje a quienes ya no est\u00e1n.<\/span><\/p>\t\t\t\t\t<\/div>\n\t\t\t\t\t\t<\/div>\n\t\t\t\t<\/div>\n\t\t<\/div><\/div><div class=\"elementor-element elementor-element-23ca6cd e-container--column e-container\" data-id=\"23ca6cd\" data-element_type=\"container\">\t\t\t\t<div class=\"elementor-element elementor-element-c06480c elementor-widget elementor-widget-text-editor\" data-id=\"c06480c\" data-element_type=\"widget\" data-widget_type=\"text-editor.default\">\n\t\t\t\t<div class=\"elementor-widget-container\">\n\t\t\t\t\t\t\t\t<div class=\"elementor-text-editor elementor-clearfix\">\n\t\t\t\t<p>Es un acto de resistencia contra el olvido. Es decirle al pa\u00eds que la democracia es fr\u00e1gil, que debemos cuidarla todos los d\u00edas y que nunca m\u00e1s podemos permitir que la violencia calle la palabra.<\/p><p><span style=\"font-family: Arial,sans-serif;\">En Medell\u00edn, como aporte a la memoria y a la justicia, tendremos la escultura\u00a0<i>Vac\u00edo Presente<\/i>, del artista Danilo Cuadros.<\/span><\/p><p><span style=\"font-family: Arial,sans-serif;\">Una obra que muestra las dos caras de la historia: la mujer que yace en el suelo, fragmentada, como memoria del dolor y de la ausencia. Y la misma mujer que se levanta, con sus cicatrices, pero con dignidad, llevando en sus brazos un libro que simboliza la Constituci\u00f3n como pacto vivo y como gu\u00eda \u00e9tica.<\/span><\/p><p><span style=\"font-family: Arial,sans-serif;\">Desde Medell\u00edn reafirmamos ese compromiso.\u00a0<\/span>Aqu\u00ed creemos que el pasado no se olvida, se abraza.\u00a0Y que solo reconociendo nuestra historia podremos garantizar que nunca m\u00e1s se repitan hechos tan dolorosos.<\/p>\t\t\t\t\t<\/div>\n\t\t\t\t\t\t<\/div>\n\t\t\t\t<\/div>\n\t\t<\/div>\t\t<section class=\"elementor-section elementor-top-section elementor-element elementor-element-819b65d elementor-section-boxed elementor-section-height-default elementor-section-height-default\" data-id=\"819b65d\" data-element_type=\"section\">\n\t\t\t\t\t\t<div class=\"elementor-container elementor-column-gap-default\">\n\t\t\t\t\t\t\t<div class=\"elementor-row\">\n\t\t\t\t\t<div class=\"elementor-column elementor-col-100 elementor-top-column elementor-element elementor-element-98cedde\" data-id=\"98cedde\" data-element_type=\"column\">\n\t\t\t<div class=\"elementor-column-wrap elementor-element-populated\">\n\t\t\t\t\t\t\t<div class=\"elementor-widget-wrap\">\n\t\t\t\t\t\t<div class=\"elementor-element elementor-element-795f499 elementor-widget elementor-widget-heading\" data-id=\"795f499\" data-element_type=\"widget\" data-widget_type=\"heading.default\">\n\t\t\t\t<div class=\"elementor-widget-container\">\n\t\t\t<h2 class=\"elementor-heading-title elementor-size-default\"><b>Conoce m\u00e1s sobre la obra Vac\u00edo\u00a0Presente: <\/b> \n\n<\/h2>\t\t<\/div>\n\t\t\t\t<\/div>\n\t\t\t\t\t\t<\/div>\n\t\t\t\t\t<\/div>\n\t\t<\/div>\n\t\t\t\t\t\t\t\t<\/div>\n\t\t\t\t\t<\/div>\n\t\t<\/section>\n\t\t<div class=\"elementor-element elementor-element-5926895 e-container--column e-container\" data-id=\"5926895\" data-element_type=\"container\">\t\t\t\t<div class=\"elementor-element elementor-element-bf863cf elementor-widget elementor-widget-spacer\" data-id=\"bf863cf\" data-element_type=\"widget\" data-widget_type=\"spacer.default\">\n\t\t\t\t<div class=\"elementor-widget-container\">\n\t\t\t\t\t<div class=\"elementor-spacer\">\n\t\t\t<div class=\"elementor-spacer-inner\"><\/div>\n\t\t<\/div>\n\t\t\t\t<\/div>\n\t\t\t\t<\/div>\n\t\t<\/div><div class=\"elementor-element elementor-element-0357b68 e-container--column e-container\" data-id=\"0357b68\" data-element_type=\"container\">\t\t\t\t<div class=\"elementor-element elementor-element-ffe019d elementor-widget elementor-widget-embed-documents\" data-id=\"ffe019d\" data-element_type=\"widget\" data-widget_type=\"embed-documents.default\">\n\t\t\t\t<div class=\"elementor-widget-container\">\n\t\t\t        \n        <div class=\"iframe-container\"><iframe src=\"https:\/\/www.medellin.gov.co\/es\/wp-content\/uploads\/2025\/10\/Vacio-Presente_Conceptualizacion.pdf\" style=\"width:100%; height:900px;\" frameborder=\"0\"><\/iframe><\/div>\n        \n        \t\t<\/div>\n\t\t\t\t<\/div>\n\t\t<\/div><div class=\"elementor-element elementor-element-948697c e-container--column e-container\" data-id=\"948697c\" data-element_type=\"container\">\t\t\t\t<div class=\"elementor-element elementor-element-009d67e elementor-widget elementor-widget-heading\" data-id=\"009d67e\" data-element_type=\"widget\" data-widget_type=\"heading.default\">\n\t\t\t\t<div class=\"elementor-widget-container\">\n\t\t\t<h2 class=\"elementor-heading-title elementor-size-default\"><b>Video mensaje presidente Octavio Tejeiro<\/b> \n\n<\/h2>\t\t<\/div>\n\t\t\t\t<\/div>\n\t\t<\/div><div class=\"elementor-element elementor-element-3a4e122 e-container--column e-container\" data-id=\"3a4e122\" data-element_type=\"container\">\t\t\t\t<div class=\"elementor-element elementor-element-9f65121 elementor-widget elementor-widget-spacer\" data-id=\"9f65121\" data-element_type=\"widget\" data-widget_type=\"spacer.default\">\n\t\t\t\t<div class=\"elementor-widget-container\">\n\t\t\t\t\t<div class=\"elementor-spacer\">\n\t\t\t<div class=\"elementor-spacer-inner\"><\/div>\n\t\t<\/div>\n\t\t\t\t<\/div>\n\t\t\t\t<\/div>\n\t\t<\/div><div class=\"elementor-element elementor-element-e176606 e-container--column e-container\" data-id=\"e176606\" data-element_type=\"container\">\t\t\t\t<div class=\"elementor-element elementor-element-c874c15 elementor-aspect-ratio-169 elementor-widget elementor-widget-video\" data-id=\"c874c15\" data-element_type=\"widget\" data-settings=\"{&quot;youtube_url&quot;:&quot;https:\\\/\\\/youtu.be\\\/Endn5RLLREQ&quot;,&quot;video_type&quot;:&quot;youtube&quot;,&quot;controls&quot;:&quot;yes&quot;,&quot;aspect_ratio&quot;:&quot;169&quot;}\" data-widget_type=\"video.default\">\n\t\t\t\t<div class=\"elementor-widget-container\">\n\t\t\t\t\t<div class=\"elementor-wrapper elementor-fit-aspect-ratio elementor-open-inline\">\n\t\t\t<div class=\"elementor-video\"><\/div>\t\t<\/div>\n\t\t\t\t<\/div>\n\t\t\t\t<\/div>\n\t\t<\/div>\t\t\t\t\t\t\t<\/div>\n\t\t\t<\/div>\n\t\t\t\t\t<\/div>\n\t\t","protected":false},"excerpt":{"rendered":"<p>Conmemoraci\u00f3n 40 a\u00f1os del holocausto del palacio de justicia Hace 40 a\u00f1os Colombia vivi\u00f3 uno de los cap\u00edtulos m\u00e1s dolorosos de su historia: el Holocausto del Palacio de Justicia. Un hecho que marc\u00f3 al pa\u00eds &#8230;<\/p>\n","protected":false},"author":97,"featured_media":0,"parent":0,"menu_order":0,"comment_status":"closed","ping_status":"closed","template":"sec-cultura\/elementor.php","meta":[],"acf":[],"_links":{"self":[{"href":"https:\/\/www.medellin.gov.co\/es\/wp-json\/wp\/v2\/pages\/466808"}],"collection":[{"href":"https:\/\/www.medellin.gov.co\/es\/wp-json\/wp\/v2\/pages"}],"about":[{"href":"https:\/\/www.medellin.gov.co\/es\/wp-json\/wp\/v2\/types\/page"}],"author":[{"embeddable":true,"href":"https:\/\/www.medellin.gov.co\/es\/wp-json\/wp\/v2\/users\/97"}],"replies":[{"embeddable":true,"href":"https:\/\/www.medellin.gov.co\/es\/wp-json\/wp\/v2\/comments?post=466808"}],"version-history":[{"count":11,"href":"https:\/\/www.medellin.gov.co\/es\/wp-json\/wp\/v2\/pages\/466808\/revisions"}],"predecessor-version":[{"id":477572,"href":"https:\/\/www.medellin.gov.co\/es\/wp-json\/wp\/v2\/pages\/466808\/revisions\/477572"}],"wp:attachment":[{"href":"https:\/\/www.medellin.gov.co\/es\/wp-json\/wp\/v2\/media?parent=466808"}],"curies":[{"name":"wp","href":"https:\/\/api.w.org\/{rel}","templated":true}]}}