{"id":47482,"date":"2022-02-23T16:08:29","date_gmt":"2022-02-23T21:08:29","guid":{"rendered":"https:\/\/www.medellin.gov.co\/es\/?page_id=47482"},"modified":"2022-06-14T14:09:06","modified_gmt":"2022-06-14T19:09:06","slug":"yo-decido-cuando","status":"publish","type":"page","link":"https:\/\/www.medellin.gov.co\/es\/yo-decido-cuando\/","title":{"rendered":"Estrategia Yo decido cuando"},"content":{"rendered":"\t\t<div data-elementor-type=\"wp-page\" data-elementor-id=\"47482\" class=\"elementor elementor-47482\">\n\t\t\t\t\t\t<div class=\"elementor-inner\">\n\t\t\t\t<div class=\"elementor-section-wrap\">\n\t\t\t\t\t\t\t\t\t<section class=\"elementor-section elementor-top-section elementor-element elementor-element-ac09213 elementor-section-boxed elementor-section-height-default elementor-section-height-default\" data-id=\"ac09213\" data-element_type=\"section\">\n\t\t\t\t\t\t<div class=\"elementor-container elementor-column-gap-default\">\n\t\t\t\t\t\t\t<div class=\"elementor-row\">\n\t\t\t\t\t<div class=\"elementor-column elementor-col-100 elementor-top-column elementor-element elementor-element-189e2f3\" data-id=\"189e2f3\" data-element_type=\"column\">\n\t\t\t<div class=\"elementor-column-wrap elementor-element-populated\">\n\t\t\t\t\t\t\t<div class=\"elementor-widget-wrap\">\n\t\t\t\t\t\t<div class=\"elementor-element elementor-element-7fb81d9 elementor-widget elementor-widget-heading\" data-id=\"7fb81d9\" data-element_type=\"widget\" data-widget_type=\"heading.default\">\n\t\t\t\t<div class=\"elementor-widget-container\">\n\t\t\t<h1 class=\"elementor-heading-title elementor-size-default\">Estrategia Yo decido cuando<\/h1>\t\t<\/div>\n\t\t\t\t<\/div>\n\t\t\t\t<section class=\"elementor-section elementor-inner-section elementor-element elementor-element-dd0d094 elementor-section-boxed elementor-section-height-default elementor-section-height-default\" data-id=\"dd0d094\" data-element_type=\"section\">\n\t\t\t\t\t\t<div class=\"elementor-container elementor-column-gap-default\">\n\t\t\t\t\t\t\t<div class=\"elementor-row\">\n\t\t\t\t\t<div class=\"elementor-column elementor-col-50 elementor-inner-column elementor-element elementor-element-019e73b\" data-id=\"019e73b\" data-element_type=\"column\">\n\t\t\t<div class=\"elementor-column-wrap elementor-element-populated\">\n\t\t\t\t\t\t\t<div class=\"elementor-widget-wrap\">\n\t\t\t\t\t\t<div class=\"elementor-element elementor-element-a953c8e elementor-widget elementor-widget-image\" data-id=\"a953c8e\" data-element_type=\"widget\" data-widget_type=\"image.default\">\n\t\t\t\t<div class=\"elementor-widget-container\">\n\t\t\t\t\t\t\t\t<div class=\"elementor-image\">\n\t\t\t\t\t\t\t\t\t\t\t\t<img width=\"1024\" height=\"682\" src=\"https:\/\/www.medellin.gov.co\/es\/wp-content\/uploads\/2022\/02\/yo-decido-cuando-1.jpg\" class=\"attachment-large size-large\" alt=\"Yo decido cu\u00e1ndo\" loading=\"lazy\" srcset=\"https:\/\/www.medellin.gov.co\/es\/wp-content\/uploads\/2022\/02\/yo-decido-cuando-1.jpg 1024w, https:\/\/www.medellin.gov.co\/es\/wp-content\/uploads\/2022\/02\/yo-decido-cuando-1-300x200.jpg 300w, https:\/\/www.medellin.gov.co\/es\/wp-content\/uploads\/2022\/02\/yo-decido-cuando-1-150x100.jpg 150w, https:\/\/www.medellin.gov.co\/es\/wp-content\/uploads\/2022\/02\/yo-decido-cuando-1-768x512.jpg 768w\" sizes=\"(max-width: 1024px) 100vw, 1024px\" \/>\t\t\t\t\t\t\t\t\t\t\t\t\t\t<\/div>\n\t\t\t\t\t\t<\/div>\n\t\t\t\t<\/div>\n\t\t\t\t\t\t<\/div>\n\t\t\t\t\t<\/div>\n\t\t<\/div>\n\t\t\t\t<div class=\"elementor-column elementor-col-50 elementor-inner-column elementor-element elementor-element-0702775\" data-id=\"0702775\" data-element_type=\"column\">\n\t\t\t<div class=\"elementor-column-wrap elementor-element-populated\">\n\t\t\t\t\t\t\t<div class=\"elementor-widget-wrap\">\n\t\t\t\t\t\t<div class=\"elementor-element elementor-element-3e52452 elementor-widget elementor-widget-text-editor\" data-id=\"3e52452\" data-element_type=\"widget\" data-widget_type=\"text-editor.default\">\n\t\t\t\t<div class=\"elementor-widget-container\">\n\t\t\t\t\t\t\t\t<div class=\"elementor-text-editor elementor-clearfix\">\n\t\t\t\t<p>Yo decido cu\u00e1ndo es una estrategia liderada por el Despacho de la Gestora Social con la que busca acercarse a los adolescentes y j\u00f3venes de la ciudad para darles a conocer sus derechos sexuales y reproductivos e invitarlos a usar m\u00e9todos anticonceptivos de larga duraci\u00f3n que les permitan hacer una planeaci\u00f3n m\u00e1s consciente de su proyecto de vida.<\/p><p>Esta estrategia ofrece jornadas de salud para la vida sexual y reproductiva con oferta gratuita en asesor\u00eda y m\u00e9todos de planificaci\u00f3n a los que pueden acceder los j\u00f3venes de la ciudad y poblaci\u00f3n migrante.<\/p>\t\t\t\t\t<\/div>\n\t\t\t\t\t\t<\/div>\n\t\t\t\t<\/div>\n\t\t\t\t\t\t<\/div>\n\t\t\t\t\t<\/div>\n\t\t<\/div>\n\t\t\t\t\t\t\t\t<\/div>\n\t\t\t\t\t<\/div>\n\t\t<\/section>\n\t\t\t\t<div class=\"elementor-element elementor-element-3ec3c42 elementor-widget elementor-widget-text-editor\" data-id=\"3ec3c42\" data-element_type=\"widget\" data-widget_type=\"text-editor.default\">\n\t\t\t\t<div class=\"elementor-widget-container\">\n\t\t\t\t\t\t\t\t<div class=\"elementor-text-editor elementor-clearfix\">\n\t\t\t\t<p>\u201cJ\u00f3venes de Medell\u00edn, proyecten su destino, un hijo es una responsabilidad muy grande para toda la vida. Debe ser planeado, amado, buscado, con el fin de que podamos ser los mejores padres y madres para este ser humano, que tengamos nuestra parte amorosa consciente, nuestra parte psicol\u00f3gica resuelta y nuestra parte econ\u00f3mica estable. Sean decisores en su destino y el de los ni\u00f1os\u201d, Diana Osorio.<\/p>\t\t\t\t\t<\/div>\n\t\t\t\t\t\t<\/div>\n\t\t\t\t<\/div>\n\t\t\t\t<div class=\"elementor-element elementor-element-3291985 elementor-tablet-align-left elementor-mobile-align-center elementor-widget elementor-widget-button\" data-id=\"3291985\" data-element_type=\"widget\" data-widget_type=\"button.default\">\n\t\t\t\t<div class=\"elementor-widget-container\">\n\t\t\t\t\t<div class=\"elementor-button-wrapper\">\n\t\t\t<a href=\"https:\/\/www.medellin.gov.co\/es\/secretaria-de-salud\/prevencion-de-embarazo-adolescente\/\" class=\"elementor-button-link elementor-button elementor-size-sm\" role=\"button\">\n\t\t\t\t\t\t<span class=\"elementor-button-content-wrapper\">\n\t\t\t\t\t\t<span class=\"elementor-button-text\">Conoce m\u00e1s de la iniciativa<\/span>\n\t\t<\/span>\n\t\t\t\t\t<\/a>\n\t\t<\/div>\n\t\t\t\t<\/div>\n\t\t\t\t<\/div>\n\t\t\t\t<div class=\"elementor-element elementor-element-681fe83 elementor-widget elementor-widget-heading\" data-id=\"681fe83\" data-element_type=\"widget\" data-widget_type=\"heading.default\">\n\t\t\t\t<div class=\"elementor-widget-container\">\n\t\t\t<h2 class=\"elementor-heading-title elementor-size-default\"><b>Galer\u00eda de im\u00e1genes<\/b> Yo decido cuando<\/h2>\t\t<\/div>\n\t\t\t\t<\/div>\n\t\t\t\t<div class=\"elementor-element elementor-element-3b36e3e elementor-widget elementor-widget-gallery\" data-id=\"3b36e3e\" data-element_type=\"widget\" data-settings=\"{&quot;gallery_layout&quot;:&quot;justified&quot;,&quot;ideal_row_height&quot;:{&quot;unit&quot;:&quot;px&quot;,&quot;size&quot;:174,&quot;sizes&quot;:[]},&quot;gap&quot;:{&quot;unit&quot;:&quot;px&quot;,&quot;size&quot;:20,&quot;sizes&quot;:[]},&quot;lazyload&quot;:&quot;yes&quot;,&quot;ideal_row_height_tablet&quot;:{&quot;unit&quot;:&quot;px&quot;,&quot;size&quot;:150,&quot;sizes&quot;:[]},&quot;ideal_row_height_mobile&quot;:{&quot;unit&quot;:&quot;px&quot;,&quot;size&quot;:150,&quot;sizes&quot;:[]},&quot;gap_tablet&quot;:{&quot;unit&quot;:&quot;px&quot;,&quot;size&quot;:10,&quot;sizes&quot;:[]},&quot;gap_mobile&quot;:{&quot;unit&quot;:&quot;px&quot;,&quot;size&quot;:10,&quot;sizes&quot;:[]},&quot;link_to&quot;:&quot;file&quot;,&quot;overlay_background&quot;:&quot;yes&quot;,&quot;content_hover_animation&quot;:&quot;fade-in&quot;}\" data-widget_type=\"gallery.default\">\n\t\t\t\t<div class=\"elementor-widget-container\">\n\t\t\t\t\t<div class=\"elementor-gallery__container\">\n\t\t\t\t\t\t\t<a class=\"e-gallery-item elementor-gallery-item elementor-animated-content\" href=\"https:\/\/www.medellin.gov.co\/es\/wp-content\/uploads\/2022\/02\/yo-decido-cuando.jpg\" data-elementor-open-lightbox=\"yes\" data-elementor-lightbox-slideshow=\"all-3b36e3e\" data-elementor-lightbox-title=\"Yo decido cu\u00e1ndo\" e-action-hash=\"#elementor-action%3Aaction%3Dlightbox%26settings%3DeyJpZCI6NDUwMDUsInVybCI6Imh0dHBzOlwvXC93d3cubWVkZWxsaW4uZ292LmNvXC9lc1wvd3AtY29udGVudFwvdXBsb2Fkc1wvMjAyMlwvMDJcL3lvLWRlY2lkby1jdWFuZG8uanBnIiwic2xpZGVzaG93IjoiYWxsLTNiMzZlM2UifQ%3D%3D\">\n\t\t\t\t\t<div class=\"e-gallery-image elementor-gallery-item__image\" data-thumbnail=\"https:\/\/www.medellin.gov.co\/es\/wp-content\/uploads\/2022\/02\/yo-decido-cuando.jpg\" data-width=\"1024\" data-height=\"683\" alt=\"Yo decido cu\u00e1ndo\" ><\/div>\n\t\t\t\t\t\t\t\t\t\t\t<div class=\"elementor-gallery-item__overlay\"><\/div>\n\t\t\t\t\t\t\t\t\t\t\t\t\t\t<\/a>\n\t\t\t\t\t\t\t<a class=\"e-gallery-item elementor-gallery-item elementor-animated-content\" href=\"https:\/\/www.medellin.gov.co\/es\/wp-content\/uploads\/2022\/02\/medellin-futura-jovenes.jpg\" data-elementor-open-lightbox=\"yes\" data-elementor-lightbox-slideshow=\"all-3b36e3e\" data-elementor-lightbox-title=\"J\u00f3venes Medell\u00edn Futura\" e-action-hash=\"#elementor-action%3Aaction%3Dlightbox%26settings%3DeyJpZCI6NDUwMDcsInVybCI6Imh0dHBzOlwvXC93d3cubWVkZWxsaW4uZ292LmNvXC9lc1wvd3AtY29udGVudFwvdXBsb2Fkc1wvMjAyMlwvMDJcL21lZGVsbGluLWZ1dHVyYS1qb3ZlbmVzLmpwZyIsInNsaWRlc2hvdyI6ImFsbC0zYjM2ZTNlIn0%3D\">\n\t\t\t\t\t<div class=\"e-gallery-image elementor-gallery-item__image\" data-thumbnail=\"https:\/\/www.medellin.gov.co\/es\/wp-content\/uploads\/2022\/02\/medellin-futura-jovenes.jpg\" data-width=\"1024\" data-height=\"683\" alt=\"J\u00f3venes Medell\u00edn Futura\" ><\/div>\n\t\t\t\t\t\t\t\t\t\t\t<div class=\"elementor-gallery-item__overlay\"><\/div>\n\t\t\t\t\t\t\t\t\t\t\t\t\t\t<\/a>\n\t\t\t\t\t\t\t<a class=\"e-gallery-item elementor-gallery-item elementor-animated-content\" href=\"https:\/\/www.medellin.gov.co\/es\/wp-content\/uploads\/2022\/02\/grupo-jovenes.jpg\" data-elementor-open-lightbox=\"yes\" data-elementor-lightbox-slideshow=\"all-3b36e3e\" data-elementor-lightbox-title=\"Grupo de j\u00f3venes\" e-action-hash=\"#elementor-action%3Aaction%3Dlightbox%26settings%3DeyJpZCI6NDUwMDgsInVybCI6Imh0dHBzOlwvXC93d3cubWVkZWxsaW4uZ292LmNvXC9lc1wvd3AtY29udGVudFwvdXBsb2Fkc1wvMjAyMlwvMDJcL2dydXBvLWpvdmVuZXMuanBnIiwic2xpZGVzaG93IjoiYWxsLTNiMzZlM2UifQ%3D%3D\">\n\t\t\t\t\t<div class=\"e-gallery-image elementor-gallery-item__image\" data-thumbnail=\"https:\/\/www.medellin.gov.co\/es\/wp-content\/uploads\/2022\/02\/grupo-jovenes.jpg\" data-width=\"1024\" data-height=\"683\" alt=\"Grupo de j\u00f3venes\" ><\/div>\n\t\t\t\t\t\t\t\t\t\t\t<div class=\"elementor-gallery-item__overlay\"><\/div>\n\t\t\t\t\t\t\t\t\t\t\t\t\t\t<\/a>\n\t\t\t\t\t\t\t<a class=\"e-gallery-item elementor-gallery-item elementor-animated-content\" href=\"https:\/\/www.medellin.gov.co\/es\/wp-content\/uploads\/2022\/02\/evento-alcaldia.jpg\" data-elementor-open-lightbox=\"yes\" data-elementor-lightbox-slideshow=\"all-3b36e3e\" data-elementor-lightbox-title=\"Evento Alcald\u00eda de Medell\u00edn\" e-action-hash=\"#elementor-action%3Aaction%3Dlightbox%26settings%3DeyJpZCI6NDUwMDksInVybCI6Imh0dHBzOlwvXC93d3cubWVkZWxsaW4uZ292LmNvXC9lc1wvd3AtY29udGVudFwvdXBsb2Fkc1wvMjAyMlwvMDJcL2V2ZW50by1hbGNhbGRpYS5qcGciLCJzbGlkZXNob3ciOiJhbGwtM2IzNmUzZSJ9\">\n\t\t\t\t\t<div class=\"e-gallery-image elementor-gallery-item__image\" data-thumbnail=\"https:\/\/www.medellin.gov.co\/es\/wp-content\/uploads\/2022\/02\/evento-alcaldia.jpg\" data-width=\"1024\" data-height=\"683\" alt=\"Evento Alcald\u00eda de Medell\u00edn\" ><\/div>\n\t\t\t\t\t\t\t\t\t\t\t<div class=\"elementor-gallery-item__overlay\"><\/div>\n\t\t\t\t\t\t\t\t\t\t\t\t\t\t<\/a>\n\t\t\t\t\t\t\t<a class=\"e-gallery-item elementor-gallery-item elementor-animated-content\" href=\"https:\/\/www.medellin.gov.co\/es\/wp-content\/uploads\/2022\/02\/jovenes-yo-decido-cuando.jpg\" data-elementor-open-lightbox=\"yes\" data-elementor-lightbox-slideshow=\"all-3b36e3e\" data-elementor-lightbox-title=\"J\u00f3venes - Yo decido cu\u00e1ndo\" e-action-hash=\"#elementor-action%3Aaction%3Dlightbox%26settings%3DeyJpZCI6NDUwMTAsInVybCI6Imh0dHBzOlwvXC93d3cubWVkZWxsaW4uZ292LmNvXC9lc1wvd3AtY29udGVudFwvdXBsb2Fkc1wvMjAyMlwvMDJcL2pvdmVuZXMteW8tZGVjaWRvLWN1YW5kby5qcGciLCJzbGlkZXNob3ciOiJhbGwtM2IzNmUzZSJ9\">\n\t\t\t\t\t<div class=\"e-gallery-image elementor-gallery-item__image\" data-thumbnail=\"https:\/\/www.medellin.gov.co\/es\/wp-content\/uploads\/2022\/02\/jovenes-yo-decido-cuando.jpg\" data-width=\"1024\" data-height=\"683\" alt=\"J\u00f3venes - Yo decido cu\u00e1ndo\" ><\/div>\n\t\t\t\t\t\t\t\t\t\t\t<div class=\"elementor-gallery-item__overlay\"><\/div>\n\t\t\t\t\t\t\t\t\t\t\t\t\t\t<\/a>\n\t\t\t\t\t\t\t<a class=\"e-gallery-item elementor-gallery-item elementor-animated-content\" href=\"https:\/\/www.medellin.gov.co\/es\/wp-content\/uploads\/2022\/02\/joven-yo-decido-cuando.jpg\" data-elementor-open-lightbox=\"yes\" data-elementor-lightbox-slideshow=\"all-3b36e3e\" data-elementor-lightbox-title=\"Joven - Yo decido cu\u00e1ndo\" e-action-hash=\"#elementor-action%3Aaction%3Dlightbox%26settings%3DeyJpZCI6NDUwMTEsInVybCI6Imh0dHBzOlwvXC93d3cubWVkZWxsaW4uZ292LmNvXC9lc1wvd3AtY29udGVudFwvdXBsb2Fkc1wvMjAyMlwvMDJcL2pvdmVuLXlvLWRlY2lkby1jdWFuZG8uanBnIiwic2xpZGVzaG93IjoiYWxsLTNiMzZlM2UifQ%3D%3D\">\n\t\t\t\t\t<div class=\"e-gallery-image elementor-gallery-item__image\" data-thumbnail=\"https:\/\/www.medellin.gov.co\/es\/wp-content\/uploads\/2022\/02\/joven-yo-decido-cuando.jpg\" data-width=\"1024\" data-height=\"683\" alt=\"Joven - Yo decido cu\u00e1ndo\" ><\/div>\n\t\t\t\t\t\t\t\t\t\t\t<div class=\"elementor-gallery-item__overlay\"><\/div>\n\t\t\t\t\t\t\t\t\t\t\t\t\t\t<\/a>\n\t\t\t\t\t\t\t<a class=\"e-gallery-item elementor-gallery-item elementor-animated-content\" href=\"https:\/\/www.medellin.gov.co\/es\/wp-content\/uploads\/2022\/02\/gestora-yo-decido-cuando.jpg\" data-elementor-open-lightbox=\"yes\" data-elementor-lightbox-slideshow=\"all-3b36e3e\" data-elementor-lightbox-title=\"Gestora Social - Yo decido cu\u00e1ndo\" e-action-hash=\"#elementor-action%3Aaction%3Dlightbox%26settings%3DeyJpZCI6NDUwMTIsInVybCI6Imh0dHBzOlwvXC93d3cubWVkZWxsaW4uZ292LmNvXC9lc1wvd3AtY29udGVudFwvdXBsb2Fkc1wvMjAyMlwvMDJcL2dlc3RvcmEteW8tZGVjaWRvLWN1YW5kby5qcGciLCJzbGlkZXNob3ciOiJhbGwtM2IzNmUzZSJ9\">\n\t\t\t\t\t<div class=\"e-gallery-image elementor-gallery-item__image\" data-thumbnail=\"https:\/\/www.medellin.gov.co\/es\/wp-content\/uploads\/2022\/02\/gestora-yo-decido-cuando.jpg\" data-width=\"1024\" data-height=\"683\" alt=\"Gestora Social - Yo decido cu\u00e1ndo\" ><\/div>\n\t\t\t\t\t\t\t\t\t\t\t<div class=\"elementor-gallery-item__overlay\"><\/div>\n\t\t\t\t\t\t\t\t\t\t\t\t\t\t<\/a>\n\t\t\t\t\t\t\t<a class=\"e-gallery-item elementor-gallery-item elementor-animated-content\" href=\"https:\/\/www.medellin.gov.co\/es\/wp-content\/uploads\/2022\/02\/evento-blessd.jpeg\" data-elementor-open-lightbox=\"yes\" data-elementor-lightbox-slideshow=\"all-3b36e3e\" data-elementor-lightbox-title=\"Evento Blessd\" e-action-hash=\"#elementor-action%3Aaction%3Dlightbox%26settings%3DeyJpZCI6NDUwMTMsInVybCI6Imh0dHBzOlwvXC93d3cubWVkZWxsaW4uZ292LmNvXC9lc1wvd3AtY29udGVudFwvdXBsb2Fkc1wvMjAyMlwvMDJcL2V2ZW50by1ibGVzc2QuanBlZyIsInNsaWRlc2hvdyI6ImFsbC0zYjM2ZTNlIn0%3D\">\n\t\t\t\t\t<div class=\"e-gallery-image elementor-gallery-item__image\" data-thumbnail=\"https:\/\/www.medellin.gov.co\/es\/wp-content\/uploads\/2022\/02\/evento-blessd-1024x683.jpeg\" data-width=\"1024\" data-height=\"683\" alt=\"Evento Blessd\" ><\/div>\n\t\t\t\t\t\t\t\t\t\t\t<div class=\"elementor-gallery-item__overlay\"><\/div>\n\t\t\t\t\t\t\t\t\t\t\t\t\t\t<\/a>\n\t\t\t\t\t\t\t<a class=\"e-gallery-item elementor-gallery-item elementor-animated-content\" href=\"https:\/\/www.medellin.gov.co\/es\/wp-content\/uploads\/2022\/02\/evento-blessd-1.jpg\" data-elementor-open-lightbox=\"yes\" data-elementor-lightbox-slideshow=\"all-3b36e3e\" data-elementor-lightbox-title=\"Evento Blessd\" e-action-hash=\"#elementor-action%3Aaction%3Dlightbox%26settings%3DeyJpZCI6NDUwMTQsInVybCI6Imh0dHBzOlwvXC93d3cubWVkZWxsaW4uZ292LmNvXC9lc1wvd3AtY29udGVudFwvdXBsb2Fkc1wvMjAyMlwvMDJcL2V2ZW50by1ibGVzc2QtMS5qcGciLCJzbGlkZXNob3ciOiJhbGwtM2IzNmUzZSJ9\">\n\t\t\t\t\t<div class=\"e-gallery-image elementor-gallery-item__image\" data-thumbnail=\"https:\/\/www.medellin.gov.co\/es\/wp-content\/uploads\/2022\/02\/evento-blessd-1.jpg\" data-width=\"1024\" data-height=\"683\" alt=\"Evento Blessd\" ><\/div>\n\t\t\t\t\t\t\t\t\t\t\t<div class=\"elementor-gallery-item__overlay\"><\/div>\n\t\t\t\t\t\t\t\t\t\t\t\t\t\t<\/a>\n\t\t\t\t\t\t\t<a class=\"e-gallery-item elementor-gallery-item elementor-animated-content\" href=\"https:\/\/www.medellin.gov.co\/es\/wp-content\/uploads\/2022\/02\/mujer-cantando.jpeg\" data-elementor-open-lightbox=\"yes\" data-elementor-lightbox-slideshow=\"all-3b36e3e\" data-elementor-lightbox-title=\"Mujer cantando\" e-action-hash=\"#elementor-action%3Aaction%3Dlightbox%26settings%3DeyJpZCI6NDUwMTUsInVybCI6Imh0dHBzOlwvXC93d3cubWVkZWxsaW4uZ292LmNvXC9lc1wvd3AtY29udGVudFwvdXBsb2Fkc1wvMjAyMlwvMDJcL211amVyLWNhbnRhbmRvLmpwZWciLCJzbGlkZXNob3ciOiJhbGwtM2IzNmUzZSJ9\">\n\t\t\t\t\t<div class=\"e-gallery-image elementor-gallery-item__image\" data-thumbnail=\"https:\/\/www.medellin.gov.co\/es\/wp-content\/uploads\/2022\/02\/mujer-cantando-683x1024.jpeg\" data-width=\"683\" data-height=\"1024\" alt=\"Mujer cantando\" ><\/div>\n\t\t\t\t\t\t\t\t\t\t\t<div class=\"elementor-gallery-item__overlay\"><\/div>\n\t\t\t\t\t\t\t\t\t\t\t\t\t\t<\/a>\n\t\t\t\t\t\t\t<a class=\"e-gallery-item elementor-gallery-item elementor-animated-content\" href=\"https:\/\/www.medellin.gov.co\/es\/wp-content\/uploads\/2022\/02\/yo-decido-cuando-alcalde-gestora.jpeg\" data-elementor-open-lightbox=\"yes\" data-elementor-lightbox-slideshow=\"all-3b36e3e\" data-elementor-lightbox-title=\"Yo decido cu\u00e1ndo\" e-action-hash=\"#elementor-action%3Aaction%3Dlightbox%26settings%3DeyJpZCI6NDUwMTYsInVybCI6Imh0dHBzOlwvXC93d3cubWVkZWxsaW4uZ292LmNvXC9lc1wvd3AtY29udGVudFwvdXBsb2Fkc1wvMjAyMlwvMDJcL3lvLWRlY2lkby1jdWFuZG8tYWxjYWxkZS1nZXN0b3JhLmpwZWciLCJzbGlkZXNob3ciOiJhbGwtM2IzNmUzZSJ9\">\n\t\t\t\t\t<div class=\"e-gallery-image elementor-gallery-item__image\" data-thumbnail=\"https:\/\/www.medellin.gov.co\/es\/wp-content\/uploads\/2022\/02\/yo-decido-cuando-alcalde-gestora-1024x683.jpeg\" data-width=\"1024\" data-height=\"683\" alt=\"Yo decido cu\u00e1ndo\" ><\/div>\n\t\t\t\t\t\t\t\t\t\t\t<div class=\"elementor-gallery-item__overlay\"><\/div>\n\t\t\t\t\t\t\t\t\t\t\t\t\t\t<\/a>\n\t\t\t\t\t\t\t<a class=\"e-gallery-item elementor-gallery-item elementor-animated-content\" href=\"https:\/\/www.medellin.gov.co\/es\/wp-content\/uploads\/2022\/02\/yo-decido-cuando-alcalde-gestora-1.jpeg\" data-elementor-open-lightbox=\"yes\" data-elementor-lightbox-slideshow=\"all-3b36e3e\" data-elementor-lightbox-title=\"Yo decido cu\u00e1ndo\" e-action-hash=\"#elementor-action%3Aaction%3Dlightbox%26settings%3DeyJpZCI6NDUwMTcsInVybCI6Imh0dHBzOlwvXC93d3cubWVkZWxsaW4uZ292LmNvXC9lc1wvd3AtY29udGVudFwvdXBsb2Fkc1wvMjAyMlwvMDJcL3lvLWRlY2lkby1jdWFuZG8tYWxjYWxkZS1nZXN0b3JhLTEuanBlZyIsInNsaWRlc2hvdyI6ImFsbC0zYjM2ZTNlIn0%3D\">\n\t\t\t\t\t<div class=\"e-gallery-image elementor-gallery-item__image\" data-thumbnail=\"https:\/\/www.medellin.gov.co\/es\/wp-content\/uploads\/2022\/02\/yo-decido-cuando-alcalde-gestora-1-1024x683.jpeg\" data-width=\"1024\" data-height=\"683\" alt=\"Yo decido cu\u00e1ndo\" ><\/div>\n\t\t\t\t\t\t\t\t\t\t\t<div class=\"elementor-gallery-item__overlay\"><\/div>\n\t\t\t\t\t\t\t\t\t\t\t\t\t\t<\/a>\n\t\t\t\t\t\t\t<a class=\"e-gallery-item elementor-gallery-item elementor-animated-content\" href=\"https:\/\/www.medellin.gov.co\/es\/wp-content\/uploads\/2022\/02\/yo-decido-cuando-alcalde-gestora-2.jpeg\" data-elementor-open-lightbox=\"yes\" data-elementor-lightbox-slideshow=\"all-3b36e3e\" data-elementor-lightbox-title=\"Yo decido cu\u00e1ndo\" e-action-hash=\"#elementor-action%3Aaction%3Dlightbox%26settings%3DeyJpZCI6NDUwMTgsInVybCI6Imh0dHBzOlwvXC93d3cubWVkZWxsaW4uZ292LmNvXC9lc1wvd3AtY29udGVudFwvdXBsb2Fkc1wvMjAyMlwvMDJcL3lvLWRlY2lkby1jdWFuZG8tYWxjYWxkZS1nZXN0b3JhLTIuanBlZyIsInNsaWRlc2hvdyI6ImFsbC0zYjM2ZTNlIn0%3D\">\n\t\t\t\t\t<div class=\"e-gallery-image elementor-gallery-item__image\" data-thumbnail=\"https:\/\/www.medellin.gov.co\/es\/wp-content\/uploads\/2022\/02\/yo-decido-cuando-alcalde-gestora-2-1024x683.jpeg\" data-width=\"1024\" data-height=\"683\" alt=\"Yo decido cu\u00e1ndo\" ><\/div>\n\t\t\t\t\t\t\t\t\t\t\t<div class=\"elementor-gallery-item__overlay\"><\/div>\n\t\t\t\t\t\t\t\t\t\t\t\t\t\t<\/a>\n\t\t\t\t\t\t\t<a class=\"e-gallery-item elementor-gallery-item elementor-animated-content\" href=\"https:\/\/www.medellin.gov.co\/es\/wp-content\/uploads\/2022\/02\/gestora-y-alcalde.jpeg\" data-elementor-open-lightbox=\"yes\" data-elementor-lightbox-slideshow=\"all-3b36e3e\" data-elementor-lightbox-title=\"Gestora Social - Alcalde de Medell\u00edn\" e-action-hash=\"#elementor-action%3Aaction%3Dlightbox%26settings%3DeyJpZCI6NDUwMTksInVybCI6Imh0dHBzOlwvXC93d3cubWVkZWxsaW4uZ292LmNvXC9lc1wvd3AtY29udGVudFwvdXBsb2Fkc1wvMjAyMlwvMDJcL2dlc3RvcmEteS1hbGNhbGRlLmpwZWciLCJzbGlkZXNob3ciOiJhbGwtM2IzNmUzZSJ9\">\n\t\t\t\t\t<div class=\"e-gallery-image elementor-gallery-item__image\" data-thumbnail=\"https:\/\/www.medellin.gov.co\/es\/wp-content\/uploads\/2022\/02\/gestora-y-alcalde-683x1024.jpeg\" data-width=\"683\" data-height=\"1024\" alt=\"Gestora Social - Alcalde de Medell\u00edn\" ><\/div>\n\t\t\t\t\t\t\t\t\t\t\t<div class=\"elementor-gallery-item__overlay\"><\/div>\n\t\t\t\t\t\t\t\t\t\t\t\t\t\t<\/a>\n\t\t\t\t\t\t\t<a class=\"e-gallery-item elementor-gallery-item elementor-animated-content\" href=\"https:\/\/www.medellin.gov.co\/es\/wp-content\/uploads\/2022\/02\/mujer-yo-decido-cuando.jpeg\" data-elementor-open-lightbox=\"yes\" data-elementor-lightbox-slideshow=\"all-3b36e3e\" data-elementor-lightbox-title=\"Mujer - Yo decido cu\u00e1ndo\" e-action-hash=\"#elementor-action%3Aaction%3Dlightbox%26settings%3DeyJpZCI6NDUwMjAsInVybCI6Imh0dHBzOlwvXC93d3cubWVkZWxsaW4uZ292LmNvXC9lc1wvd3AtY29udGVudFwvdXBsb2Fkc1wvMjAyMlwvMDJcL211amVyLXlvLWRlY2lkby1jdWFuZG8uanBlZyIsInNsaWRlc2hvdyI6ImFsbC0zYjM2ZTNlIn0%3D\">\n\t\t\t\t\t<div class=\"e-gallery-image elementor-gallery-item__image\" data-thumbnail=\"https:\/\/www.medellin.gov.co\/es\/wp-content\/uploads\/2022\/02\/mujer-yo-decido-cuando-1024x683.jpeg\" data-width=\"1024\" data-height=\"683\" alt=\"Mujer - Yo decido cu\u00e1ndo\" ><\/div>\n\t\t\t\t\t\t\t\t\t\t\t<div class=\"elementor-gallery-item__overlay\"><\/div>\n\t\t\t\t\t\t\t\t\t\t\t\t\t\t<\/a>\n\t\t\t\t\t\t\t<a class=\"e-gallery-item elementor-gallery-item elementor-animated-content\" href=\"https:\/\/www.medellin.gov.co\/es\/wp-content\/uploads\/2022\/02\/alcalde-y-gestora.jpg\" data-elementor-open-lightbox=\"yes\" data-elementor-lightbox-slideshow=\"all-3b36e3e\" data-elementor-lightbox-title=\"Alcalde de Medell\u00edn - Gestora Social\" e-action-hash=\"#elementor-action%3Aaction%3Dlightbox%26settings%3DeyJpZCI6NDUwMjIsInVybCI6Imh0dHBzOlwvXC93d3cubWVkZWxsaW4uZ292LmNvXC9lc1wvd3AtY29udGVudFwvdXBsb2Fkc1wvMjAyMlwvMDJcL2FsY2FsZGUteS1nZXN0b3JhLmpwZyIsInNsaWRlc2hvdyI6ImFsbC0zYjM2ZTNlIn0%3D\">\n\t\t\t\t\t<div class=\"e-gallery-image elementor-gallery-item__image\" data-thumbnail=\"https:\/\/www.medellin.gov.co\/es\/wp-content\/uploads\/2022\/02\/alcalde-y-gestora.jpg\" data-width=\"1024\" data-height=\"682\" alt=\"Alcalde de Medell\u00edn - Gestora Social\" ><\/div>\n\t\t\t\t\t\t\t\t\t\t\t<div class=\"elementor-gallery-item__overlay\"><\/div>\n\t\t\t\t\t\t\t\t\t\t\t\t\t\t<\/a>\n\t\t\t\t\t\t\t<a class=\"e-gallery-item elementor-gallery-item elementor-animated-content\" href=\"https:\/\/www.medellin.gov.co\/es\/wp-content\/uploads\/2021\/09\/campana-yo-decido-cuando-de-la-secretaria-de-salud.jpeg\" data-elementor-open-lightbox=\"yes\" data-elementor-lightbox-slideshow=\"all-3b36e3e\" data-elementor-lightbox-title=\"Campa\u00f1a \u00abYo decido cu\u00e1ndo\u00bb de la Secretar\u00eda de Salud\" e-action-hash=\"#elementor-action%3Aaction%3Dlightbox%26settings%3DeyJpZCI6MTk0NTAsInVybCI6Imh0dHBzOlwvXC93d3cubWVkZWxsaW4uZ292LmNvXC9lc1wvd3AtY29udGVudFwvdXBsb2Fkc1wvMjAyMVwvMDlcL2NhbXBhbmEteW8tZGVjaWRvLWN1YW5kby1kZS1sYS1zZWNyZXRhcmlhLWRlLXNhbHVkLmpwZWciLCJzbGlkZXNob3ciOiJhbGwtM2IzNmUzZSJ9\">\n\t\t\t\t\t<div class=\"e-gallery-image elementor-gallery-item__image\" data-thumbnail=\"https:\/\/www.medellin.gov.co\/es\/wp-content\/uploads\/2021\/09\/campana-yo-decido-cuando-de-la-secretaria-de-salud-1024x682.jpeg\" data-width=\"1024\" data-height=\"682\" alt=\"Campa\u00f1a \u00abYo decido cu\u00e1ndo\u00bb de la Secretar\u00eda de Salud\" ><\/div>\n\t\t\t\t\t\t\t\t\t\t\t<div class=\"elementor-gallery-item__overlay\"><\/div>\n\t\t\t\t\t\t\t\t\t\t\t\t\t\t<\/a>\n\t\t\t\t\t<\/div>\n\t\t\t<\/div>\n\t\t\t\t<\/div>\n\t\t\t\t\t\t<\/div>\n\t\t\t\t\t<\/div>\n\t\t<\/div>\n\t\t\t\t\t\t\t\t<\/div>\n\t\t\t\t\t<\/div>\n\t\t<\/section>\n\t\t\t\t\t\t\t\t\t<\/div>\n\t\t\t<\/div>\n\t\t\t\t\t<\/div>\n\t\t","protected":false},"excerpt":{"rendered":"<p>Estrategia Yo decido cuando Yo decido cu\u00e1ndo es una estrategia liderada por el Despacho de la Gestora Social con la que busca acercarse a los adolescentes y j\u00f3venes de la ciudad para darles a conocer &#8230;<\/p>\n","protected":false},"author":31,"featured_media":44987,"parent":0,"menu_order":10,"comment_status":"closed","ping_status":"closed","template":"gestora-social\/elementor.php","meta":[],"acf":[],"_links":{"self":[{"href":"https:\/\/www.medellin.gov.co\/es\/wp-json\/wp\/v2\/pages\/47482"}],"collection":[{"href":"https:\/\/www.medellin.gov.co\/es\/wp-json\/wp\/v2\/pages"}],"about":[{"href":"https:\/\/www.medellin.gov.co\/es\/wp-json\/wp\/v2\/types\/page"}],"author":[{"embeddable":true,"href":"https:\/\/www.medellin.gov.co\/es\/wp-json\/wp\/v2\/users\/31"}],"replies":[{"embeddable":true,"href":"https:\/\/www.medellin.gov.co\/es\/wp-json\/wp\/v2\/comments?post=47482"}],"version-history":[{"count":34,"href":"https:\/\/www.medellin.gov.co\/es\/wp-json\/wp\/v2\/pages\/47482\/revisions"}],"predecessor-version":[{"id":198246,"href":"https:\/\/www.medellin.gov.co\/es\/wp-json\/wp\/v2\/pages\/47482\/revisions\/198246"}],"wp:featuredmedia":[{"embeddable":true,"href":"https:\/\/www.medellin.gov.co\/es\/wp-json\/wp\/v2\/media\/44987"}],"wp:attachment":[{"href":"https:\/\/www.medellin.gov.co\/es\/wp-json\/wp\/v2\/media?parent=47482"}],"curies":[{"name":"wp","href":"https:\/\/api.w.org\/{rel}","templated":true}]}}