{"id":483022,"date":"2025-12-01T10:14:16","date_gmt":"2025-12-01T15:14:16","guid":{"rendered":"https:\/\/www.medellin.gov.co\/es\/?page_id=483022"},"modified":"2025-12-01T10:20:33","modified_gmt":"2025-12-01T15:20:33","slug":"sello-etnico","status":"publish","type":"page","link":"https:\/\/www.medellin.gov.co\/es\/gerencia-etnica\/sello-etnico\/","title":{"rendered":"Sello \u00c9tnico"},"content":{"rendered":"\t\t<div data-elementor-type=\"wp-page\" data-elementor-id=\"483022\" class=\"elementor elementor-483022\">\n\t\t\t\t\t\t<div class=\"elementor-inner\">\n\t\t\t\t<div class=\"elementor-section-wrap\">\n\t\t\t\t\t\t\t<div class=\"elementor-element elementor-element-5bf6389 e-container--column e-container\" data-id=\"5bf6389\" data-element_type=\"container\">\t\t\t\t<div class=\"elementor-element elementor-element-bc93b3d elementor-widget elementor-widget-heading\" data-id=\"bc93b3d\" data-element_type=\"widget\" data-widget_type=\"heading.default\">\n\t\t\t\t<div class=\"elementor-widget-container\">\n\t\t\t<h2 class=\"elementor-heading-title elementor-size-default\">Sello \u00c9tnico<\/h2>\t\t<\/div>\n\t\t\t\t<\/div>\n\t\t<\/div><div class=\"elementor-element elementor-element-45960ae e-container--column e-container\" data-id=\"45960ae\" data-element_type=\"container\">\t\t\t\t<div class=\"elementor-element elementor-element-656cf57 elementor-widget elementor-widget-spacer\" data-id=\"656cf57\" data-element_type=\"widget\" data-widget_type=\"spacer.default\">\n\t\t\t\t<div class=\"elementor-widget-container\">\n\t\t\t\t\t<div class=\"elementor-spacer\">\n\t\t\t<div class=\"elementor-spacer-inner\"><\/div>\n\t\t<\/div>\n\t\t\t\t<\/div>\n\t\t\t\t<\/div>\n\t\t<\/div><div class=\"elementor-element elementor-element-d9cfe83 e-container--row e-container\" data-id=\"d9cfe83\" data-element_type=\"container\">\t\t<div class=\"elementor-element elementor-element-135115d e-container--column e-container\" data-id=\"135115d\" data-element_type=\"container\">\t\t\t\t<div class=\"elementor-element elementor-element-1f94d58 elementor-widget elementor-widget-text-editor\" data-id=\"1f94d58\" data-element_type=\"widget\" data-widget_type=\"text-editor.default\">\n\t\t\t\t<div class=\"elementor-widget-container\">\n\t\t\t\t\t\t\t\t<div class=\"elementor-text-editor elementor-clearfix\">\n\t\t\t\t<p>El Sello \u00c9tnico nace como una estrategia de transversalizaci\u00f3n del Plan de Desarrollo Distrital para el periodo 2024 &#8211; 2027, \u201cMedell\u00edn te quiere\u201d para la implementaci\u00f3n de acciones que son de car\u00e1cter prioritario y que tienen enfoque diferencial desde la misionalidad de las diferentes dependencias con el objetivo de agrupar prop\u00f3sitos e intenciones del plan.<\/p><p>Esta estrategia se concibe como una marca \u201cSello \u00c9tnico\u201d, que permite identificar los programas e indicadores susceptibles de incorporar el enfoque y que desarrollan estrategias, orientadas a la protecci\u00f3n y garant\u00eda de derechos individuales y colectivos de las poblaciones y comunidades Negras, Afrodescendientes, Raizales, Palenqueras y pueblos Ind\u00edgenas que habitan en el Distrito de Medell\u00edn.<\/p>\t\t\t\t\t<\/div>\n\t\t\t\t\t\t<\/div>\n\t\t\t\t<\/div>\n\t\t<\/div><div class=\"elementor-element elementor-element-5728038 e-container--column e-container\" data-id=\"5728038\" data-element_type=\"container\">\t\t\t\t<div class=\"elementor-element elementor-element-afa4aff elementor-widget elementor-widget-image\" data-id=\"afa4aff\" data-element_type=\"widget\" data-widget_type=\"image.default\">\n\t\t\t\t<div class=\"elementor-widget-container\">\n\t\t\t\t\t\t\t\t<div class=\"elementor-image\">\n\t\t\t\t\t\t\t\t\t\t\t\t<img width=\"1024\" height=\"576\" src=\"https:\/\/www.medellin.gov.co\/es\/wp-content\/uploads\/2025\/12\/Sello-Etnico-Transversalizacion-1-1024x576.jpg\" class=\"attachment-large size-large\" alt=\"Sello Etnico Transversalizacion 1\" loading=\"lazy\" srcset=\"https:\/\/www.medellin.gov.co\/es\/wp-content\/uploads\/2025\/12\/Sello-Etnico-Transversalizacion-1-1024x576.jpg 1024w, https:\/\/www.medellin.gov.co\/es\/wp-content\/uploads\/2025\/12\/Sello-Etnico-Transversalizacion-1-300x169.jpg 300w, https:\/\/www.medellin.gov.co\/es\/wp-content\/uploads\/2025\/12\/Sello-Etnico-Transversalizacion-1-150x84.jpg 150w, https:\/\/www.medellin.gov.co\/es\/wp-content\/uploads\/2025\/12\/Sello-Etnico-Transversalizacion-1-768x432.jpg 768w, https:\/\/www.medellin.gov.co\/es\/wp-content\/uploads\/2025\/12\/Sello-Etnico-Transversalizacion-1.jpg 1280w\" sizes=\"(max-width: 1024px) 100vw, 1024px\" \/>\t\t\t\t\t\t\t\t\t\t\t\t\t\t<\/div>\n\t\t\t\t\t\t<\/div>\n\t\t\t\t<\/div>\n\t\t<\/div><\/div><div class=\"elementor-element elementor-element-3289f24 e-container--column e-container\" data-id=\"3289f24\" data-element_type=\"container\">\t\t\t\t<div class=\"elementor-element elementor-element-ba8b1c4 elementor-widget elementor-widget-heading\" data-id=\"ba8b1c4\" data-element_type=\"widget\" data-widget_type=\"heading.default\">\n\t\t\t\t<div class=\"elementor-widget-container\">\n\t\t\t<h2 class=\"elementor-heading-title elementor-size-default\"><b>Esta estrategia se divide en 3 l\u00edneas puntuales:<\/b> <\/h2>\t\t<\/div>\n\t\t\t\t<\/div>\n\t\t<\/div><div class=\"elementor-element elementor-element-ec6aa36 e-container--column e-container\" data-id=\"ec6aa36\" data-element_type=\"container\">\t\t\t\t<div class=\"elementor-element elementor-element-07e4593 elementor-widget elementor-widget-spacer\" data-id=\"07e4593\" data-element_type=\"widget\" data-widget_type=\"spacer.default\">\n\t\t\t\t<div class=\"elementor-widget-container\">\n\t\t\t\t\t<div class=\"elementor-spacer\">\n\t\t\t<div class=\"elementor-spacer-inner\"><\/div>\n\t\t<\/div>\n\t\t\t\t<\/div>\n\t\t\t\t<\/div>\n\t\t<\/div><div class=\"elementor-element elementor-element-6604ba2 e-container--row e-container\" data-id=\"6604ba2\" data-element_type=\"container\">\t\t<div class=\"elementor-element elementor-element-8e2e9f9 e-container--column e-container\" data-id=\"8e2e9f9\" data-element_type=\"container\">\t\t\t\t<div class=\"elementor-element elementor-element-041c8fc elementor-widget elementor-widget-image\" data-id=\"041c8fc\" data-element_type=\"widget\" data-widget_type=\"image.default\">\n\t\t\t\t<div class=\"elementor-widget-container\">\n\t\t\t\t\t\t\t\t<div class=\"elementor-image\">\n\t\t\t\t\t\t\t\t\t\t\t\t<img width=\"960\" height=\"720\" src=\"https:\/\/www.medellin.gov.co\/es\/wp-content\/uploads\/2025\/12\/Sello-Etnico-Transversalizacion-2.jpg\" class=\"attachment-large size-large\" alt=\"\" loading=\"lazy\" srcset=\"https:\/\/www.medellin.gov.co\/es\/wp-content\/uploads\/2025\/12\/Sello-Etnico-Transversalizacion-2.jpg 960w, https:\/\/www.medellin.gov.co\/es\/wp-content\/uploads\/2025\/12\/Sello-Etnico-Transversalizacion-2-300x225.jpg 300w, https:\/\/www.medellin.gov.co\/es\/wp-content\/uploads\/2025\/12\/Sello-Etnico-Transversalizacion-2-150x113.jpg 150w, https:\/\/www.medellin.gov.co\/es\/wp-content\/uploads\/2025\/12\/Sello-Etnico-Transversalizacion-2-768x576.jpg 768w\" sizes=\"(max-width: 960px) 100vw, 960px\" \/>\t\t\t\t\t\t\t\t\t\t\t\t\t\t<\/div>\n\t\t\t\t\t\t<\/div>\n\t\t\t\t<\/div>\n\t\t<\/div><div class=\"elementor-element elementor-element-6f55eb9 e-container--column e-container\" data-id=\"6f55eb9\" data-element_type=\"container\">\t\t\t\t<div class=\"elementor-element elementor-element-e2b72bb elementor-widget elementor-widget-heading\" data-id=\"e2b72bb\" data-element_type=\"widget\" data-widget_type=\"heading.default\">\n\t\t\t\t<div class=\"elementor-widget-container\">\n\t\t\t<h2 class=\"elementor-heading-title elementor-size-default\">L\u00ednea de transversalizaci\u00f3n<\/h2>\t\t<\/div>\n\t\t\t\t<\/div>\n\t\t\t\t<div class=\"elementor-element elementor-element-0e80944 elementor-widget elementor-widget-text-editor\" data-id=\"0e80944\" data-element_type=\"widget\" data-widget_type=\"text-editor.default\">\n\t\t\t\t<div class=\"elementor-widget-container\">\n\t\t\t\t\t\t\t\t<div class=\"elementor-text-editor elementor-clearfix\">\n\t\t\t\t<p>Articulaci\u00f3n de acciones y planes de trabajo con enfoque \u00e9tnico desde las dependencias del Distrito que tienen foco en el sello \u00e9tnico y que han identificado programas con enfoque diferencial \u00e9tnico. Esta estrategia est\u00e1 orientada hacia la protecci\u00f3n y garant\u00eda de los derechos individuales y colectivos de los pueblos ind\u00edgenas y comunidades negras, afrodescendientes, raizales, palenqueras que habitan en el Distrito de Medell\u00edn.<\/p>\t\t\t\t\t<\/div>\n\t\t\t\t\t\t<\/div>\n\t\t\t\t<\/div>\n\t\t\t\t<div class=\"elementor-element elementor-element-fe0cd92 elementor-widget elementor-widget-spacer\" data-id=\"fe0cd92\" data-element_type=\"widget\" data-widget_type=\"spacer.default\">\n\t\t\t\t<div class=\"elementor-widget-container\">\n\t\t\t\t\t<div class=\"elementor-spacer\">\n\t\t\t<div class=\"elementor-spacer-inner\"><\/div>\n\t\t<\/div>\n\t\t\t\t<\/div>\n\t\t\t\t<\/div>\n\t\t\t\t<div class=\"elementor-element elementor-element-79c530d elementor-widget elementor-widget-heading\" data-id=\"79c530d\" data-element_type=\"widget\" data-widget_type=\"heading.default\">\n\t\t\t\t<div class=\"elementor-widget-container\">\n\t\t\t<h2 class=\"elementor-heading-title elementor-size-default\">L\u00ednea de educaci\u00f3n<\/h2>\t\t<\/div>\n\t\t\t\t<\/div>\n\t\t\t\t<div class=\"elementor-element elementor-element-9363c8c elementor-widget elementor-widget-text-editor\" data-id=\"9363c8c\" data-element_type=\"widget\" data-widget_type=\"text-editor.default\">\n\t\t\t\t<div class=\"elementor-widget-container\">\n\t\t\t\t\t\t\t\t<div class=\"elementor-text-editor elementor-clearfix\">\n\t\t\t\t<p>Acciones afirmativas para el acceso, permanencia y graduaci\u00f3n de la poblaci\u00f3n \u00e9tnica en la educaci\u00f3n postsecundaria y superior por parte de las instituciones educativa p\u00fablicas y privadas.<\/p>\t\t\t\t\t<\/div>\n\t\t\t\t\t\t<\/div>\n\t\t\t\t<\/div>\n\t\t<\/div><\/div><div class=\"elementor-element elementor-element-d8604d9 e-container--row e-container\" data-id=\"d8604d9\" data-element_type=\"container\">\t\t<div class=\"elementor-element elementor-element-50f0884 e-container--column e-container\" data-id=\"50f0884\" data-element_type=\"container\">\t\t\t\t<div class=\"elementor-element elementor-element-93005f8 elementor-widget elementor-widget-heading\" data-id=\"93005f8\" data-element_type=\"widget\" data-widget_type=\"heading.default\">\n\t\t\t\t<div class=\"elementor-widget-container\">\n\t\t\t<h2 class=\"elementor-heading-title elementor-size-default\">L\u00ednea emprendi\u00e9tnico<\/h2>\t\t<\/div>\n\t\t\t\t<\/div>\n\t\t\t\t<div class=\"elementor-element elementor-element-0872051 elementor-widget elementor-widget-text-editor\" data-id=\"0872051\" data-element_type=\"widget\" data-widget_type=\"text-editor.default\">\n\t\t\t\t<div class=\"elementor-widget-container\">\n\t\t\t\t\t\t\t\t<div class=\"elementor-text-editor elementor-clearfix\">\n\t\t\t\t<p>Desde este enfoque se busca el fortalecimiento productivo, empresarial, de empleabilidad y de econom\u00edas propias de los grupos \u00e9tnicos del distrito de Medell\u00edn.<\/p>\t\t\t\t\t<\/div>\n\t\t\t\t\t\t<\/div>\n\t\t\t\t<\/div>\n\t\t\t\t<div class=\"elementor-element elementor-element-352c295 elementor-widget elementor-widget-heading\" data-id=\"352c295\" data-element_type=\"widget\" data-widget_type=\"heading.default\">\n\t\t\t\t<div class=\"elementor-widget-container\">\n\t\t\t<h2 class=\"elementor-heading-title elementor-size-default\">Sinergias entre el sector privado y el distrito:<\/h2>\t\t<\/div>\n\t\t\t\t<\/div>\n\t\t\t\t<div class=\"elementor-element elementor-element-e715499 elementor-widget elementor-widget-text-editor\" data-id=\"e715499\" data-element_type=\"widget\" data-widget_type=\"text-editor.default\">\n\t\t\t\t<div class=\"elementor-widget-container\">\n\t\t\t\t\t\t\t\t<div class=\"elementor-text-editor elementor-clearfix\">\n\t\t\t\t<p>a) Sector Productivo (empresas privadas):<\/p><p>Se suscriben a la estrategia Medell\u00edn Emprendi\u00e9tnico, realizando acciones de fortalecimiento:<\/p><ul><li>Productivo<\/li><li>Empleo<\/li><li>Diversidad<\/li><li>Imagen Positiva<\/li><\/ul><p>\u00a0<\/p>\t\t\t\t\t<\/div>\n\t\t\t\t\t\t<\/div>\n\t\t\t\t<\/div>\n\t\t<\/div><div class=\"elementor-element elementor-element-bed18c6 e-container--column e-container\" data-id=\"bed18c6\" data-element_type=\"container\">\t\t\t\t<div class=\"elementor-element elementor-element-3a8876a elementor-widget elementor-widget-image\" data-id=\"3a8876a\" data-element_type=\"widget\" data-widget_type=\"image.default\">\n\t\t\t\t<div class=\"elementor-widget-container\">\n\t\t\t\t\t\t\t\t<div class=\"elementor-image\">\n\t\t\t\t\t\t\t\t\t\t\t\t<img width=\"1024\" height=\"576\" src=\"https:\/\/www.medellin.gov.co\/es\/wp-content\/uploads\/2025\/12\/Sello-Emprendietnico-1-1024x576.jpg\" class=\"attachment-large size-large\" alt=\"\" loading=\"lazy\" srcset=\"https:\/\/www.medellin.gov.co\/es\/wp-content\/uploads\/2025\/12\/Sello-Emprendietnico-1-1024x576.jpg 1024w, https:\/\/www.medellin.gov.co\/es\/wp-content\/uploads\/2025\/12\/Sello-Emprendietnico-1-300x169.jpg 300w, https:\/\/www.medellin.gov.co\/es\/wp-content\/uploads\/2025\/12\/Sello-Emprendietnico-1-150x84.jpg 150w, https:\/\/www.medellin.gov.co\/es\/wp-content\/uploads\/2025\/12\/Sello-Emprendietnico-1-768x432.jpg 768w, https:\/\/www.medellin.gov.co\/es\/wp-content\/uploads\/2025\/12\/Sello-Emprendietnico-1.jpg 1280w\" sizes=\"(max-width: 1024px) 100vw, 1024px\" \/>\t\t\t\t\t\t\t\t\t\t\t\t\t\t<\/div>\n\t\t\t\t\t\t<\/div>\n\t\t\t\t<\/div>\n\t\t<\/div><\/div><div class=\"elementor-element elementor-element-5d7a021 e-container--row e-container\" data-id=\"5d7a021\" data-element_type=\"container\">\t\t<div class=\"elementor-element elementor-element-e9a5ab0 e-container--column e-container\" data-id=\"e9a5ab0\" data-element_type=\"container\">\t\t\t\t<div class=\"elementor-element elementor-element-b946ebf elementor-widget elementor-widget-image\" data-id=\"b946ebf\" data-element_type=\"widget\" data-widget_type=\"image.default\">\n\t\t\t\t<div class=\"elementor-widget-container\">\n\t\t\t\t\t\t\t\t<div class=\"elementor-image\">\n\t\t\t\t\t\t\t\t\t\t\t\t<img width=\"1024\" height=\"576\" src=\"https:\/\/www.medellin.gov.co\/es\/wp-content\/uploads\/2025\/12\/Sello-Emprendietnico-2-1024x576.jpg\" class=\"attachment-large size-large\" alt=\"\" loading=\"lazy\" srcset=\"https:\/\/www.medellin.gov.co\/es\/wp-content\/uploads\/2025\/12\/Sello-Emprendietnico-2-1024x576.jpg 1024w, https:\/\/www.medellin.gov.co\/es\/wp-content\/uploads\/2025\/12\/Sello-Emprendietnico-2-300x169.jpg 300w, https:\/\/www.medellin.gov.co\/es\/wp-content\/uploads\/2025\/12\/Sello-Emprendietnico-2-150x84.jpg 150w, https:\/\/www.medellin.gov.co\/es\/wp-content\/uploads\/2025\/12\/Sello-Emprendietnico-2-768x432.jpg 768w, https:\/\/www.medellin.gov.co\/es\/wp-content\/uploads\/2025\/12\/Sello-Emprendietnico-2.jpg 1280w\" sizes=\"(max-width: 1024px) 100vw, 1024px\" \/>\t\t\t\t\t\t\t\t\t\t\t\t\t\t<\/div>\n\t\t\t\t\t\t<\/div>\n\t\t\t\t<\/div>\n\t\t<\/div><div class=\"elementor-element elementor-element-2cb6d8b e-container--column e-container\" data-id=\"2cb6d8b\" data-element_type=\"container\">\t\t\t\t<div class=\"elementor-element elementor-element-74fba20 elementor-widget elementor-widget-text-editor\" data-id=\"74fba20\" data-element_type=\"widget\" data-widget_type=\"text-editor.default\">\n\t\t\t\t<div class=\"elementor-widget-container\">\n\t\t\t\t\t\t\t\t<div class=\"elementor-text-editor elementor-clearfix\">\n\t\t\t\t<p>b) Distrito a trav\u00e9s de la Gerencia \u00c9tnica<\/p><ul><li>Otorga los siguientes beneficios al sector productivo que suscriba el Sello:<\/li><li>Otorga Sello Empendi\u00e9tnico<\/li><li>Beneficios de Valor Agregado<\/li><\/ul><p>\u00a0<\/p><p>c) Fortalecimiento de Unidades Productivas y Aumento de Empleabilidad de la poblaci\u00f3n \u00e9tnica del Distrito<\/p>\t\t\t\t\t<\/div>\n\t\t\t\t\t\t<\/div>\n\t\t\t\t<\/div>\n\t\t<\/div><\/div><div class=\"elementor-element elementor-element-134a332 e-container--column e-container\" data-id=\"134a332\" data-element_type=\"container\">\t\t\t\t<div class=\"elementor-element elementor-element-220efed elementor-widget elementor-widget-heading\" data-id=\"220efed\" data-element_type=\"widget\" data-widget_type=\"heading.default\">\n\t\t\t\t<div class=\"elementor-widget-container\">\n\t\t\t<h2 class=\"elementor-heading-title elementor-size-default\"><b>Nuestros Aliados<\/b> <\/h2>\t\t<\/div>\n\t\t\t\t<\/div>\n\t\t<\/div><div class=\"elementor-element elementor-element-17e1045 e-container--column e-container\" data-id=\"17e1045\" data-element_type=\"container\">\t\t\t\t<div class=\"elementor-element elementor-element-051fb11 elementor-widget elementor-widget-spacer\" data-id=\"051fb11\" data-element_type=\"widget\" data-widget_type=\"spacer.default\">\n\t\t\t\t<div class=\"elementor-widget-container\">\n\t\t\t\t\t<div class=\"elementor-spacer\">\n\t\t\t<div class=\"elementor-spacer-inner\"><\/div>\n\t\t<\/div>\n\t\t\t\t<\/div>\n\t\t\t\t<\/div>\n\t\t<\/div><div class=\"elementor-element elementor-element-9491cfe e-container--column e-container\" data-id=\"9491cfe\" data-element_type=\"container\">\t\t\t\t<div class=\"elementor-element elementor-element-62cad3f elementor-widget elementor-widget-heading\" data-id=\"62cad3f\" data-element_type=\"widget\" data-widget_type=\"heading.default\">\n\t\t\t\t<div class=\"elementor-widget-container\">\n\t\t\t<h2 class=\"elementor-heading-title elementor-size-default\">Sello \u00c9tnico Educativo<\/h2>\t\t<\/div>\n\t\t\t\t<\/div>\n\t\t<\/div><div class=\"elementor-element elementor-element-5b625af e-container--column e-container\" data-id=\"5b625af\" data-element_type=\"container\">\t\t\t\t<div class=\"elementor-element elementor-element-37a9c50 elementor-widget elementor-widget-spacer\" data-id=\"37a9c50\" data-element_type=\"widget\" data-widget_type=\"spacer.default\">\n\t\t\t\t<div class=\"elementor-widget-container\">\n\t\t\t\t\t<div class=\"elementor-spacer\">\n\t\t\t<div class=\"elementor-spacer-inner\"><\/div>\n\t\t<\/div>\n\t\t\t\t<\/div>\n\t\t\t\t<\/div>\n\t\t<\/div><div class=\"elementor-element elementor-element-ada380e e-container--column e-container\" data-id=\"ada380e\" data-element_type=\"container\">\t\t\t\t<div class=\"elementor-element elementor-element-f3137b5 elementor-widget elementor-widget-image\" data-id=\"f3137b5\" data-element_type=\"widget\" data-widget_type=\"image.default\">\n\t\t\t\t<div class=\"elementor-widget-container\">\n\t\t\t\t\t\t\t\t<div class=\"elementor-image\">\n\t\t\t\t\t\t\t\t\t\t\t\t<img width=\"1024\" height=\"576\" src=\"https:\/\/www.medellin.gov.co\/es\/wp-content\/uploads\/2025\/12\/Educativo-1024x576.jpg\" class=\"attachment-large size-large\" alt=\"\" loading=\"lazy\" srcset=\"https:\/\/www.medellin.gov.co\/es\/wp-content\/uploads\/2025\/12\/Educativo-1024x576.jpg 1024w, https:\/\/www.medellin.gov.co\/es\/wp-content\/uploads\/2025\/12\/Educativo-300x169.jpg 300w, https:\/\/www.medellin.gov.co\/es\/wp-content\/uploads\/2025\/12\/Educativo-150x84.jpg 150w, https:\/\/www.medellin.gov.co\/es\/wp-content\/uploads\/2025\/12\/Educativo-768x432.jpg 768w, https:\/\/www.medellin.gov.co\/es\/wp-content\/uploads\/2025\/12\/Educativo.jpg 1280w\" sizes=\"(max-width: 1024px) 100vw, 1024px\" \/>\t\t\t\t\t\t\t\t\t\t\t\t\t\t<\/div>\n\t\t\t\t\t\t<\/div>\n\t\t\t\t<\/div>\n\t\t<\/div><div class=\"elementor-element elementor-element-0811d8f e-container--column e-container\" data-id=\"0811d8f\" data-element_type=\"container\">\t\t\t\t<div class=\"elementor-element elementor-element-80c956d elementor-widget elementor-widget-spacer\" data-id=\"80c956d\" data-element_type=\"widget\" data-widget_type=\"spacer.default\">\n\t\t\t\t<div class=\"elementor-widget-container\">\n\t\t\t\t\t<div class=\"elementor-spacer\">\n\t\t\t<div class=\"elementor-spacer-inner\"><\/div>\n\t\t<\/div>\n\t\t\t\t<\/div>\n\t\t\t\t<\/div>\n\t\t<\/div><div class=\"elementor-element elementor-element-d5e9cd0 e-container--column e-container\" data-id=\"d5e9cd0\" data-element_type=\"container\">\t\t\t\t<div class=\"elementor-element elementor-element-d7a9d3e elementor-widget elementor-widget-heading\" data-id=\"d7a9d3e\" data-element_type=\"widget\" data-widget_type=\"heading.default\">\n\t\t\t\t<div class=\"elementor-widget-container\">\n\t\t\t<h2 class=\"elementor-heading-title elementor-size-default\">Sello Emprendi\u00e9tnico<\/h2>\t\t<\/div>\n\t\t\t\t<\/div>\n\t\t<\/div><div class=\"elementor-element elementor-element-532a794 e-container--column e-container\" data-id=\"532a794\" data-element_type=\"container\">\t\t\t\t<div class=\"elementor-element elementor-element-a68abda elementor-widget elementor-widget-spacer\" data-id=\"a68abda\" data-element_type=\"widget\" data-widget_type=\"spacer.default\">\n\t\t\t\t<div class=\"elementor-widget-container\">\n\t\t\t\t\t<div class=\"elementor-spacer\">\n\t\t\t<div class=\"elementor-spacer-inner\"><\/div>\n\t\t<\/div>\n\t\t\t\t<\/div>\n\t\t\t\t<\/div>\n\t\t<\/div><div class=\"elementor-element elementor-element-2583e35 e-container--column e-container\" data-id=\"2583e35\" data-element_type=\"container\">\t\t\t\t<div class=\"elementor-element elementor-element-5a82118 elementor-widget elementor-widget-image\" data-id=\"5a82118\" data-element_type=\"widget\" data-widget_type=\"image.default\">\n\t\t\t\t<div class=\"elementor-widget-container\">\n\t\t\t\t\t\t\t\t<div class=\"elementor-image\">\n\t\t\t\t\t\t\t\t\t\t\t\t<img width=\"1024\" height=\"576\" src=\"https:\/\/www.medellin.gov.co\/es\/wp-content\/uploads\/2025\/12\/Emprendietnico-1024x576.jpg\" class=\"attachment-large size-large\" alt=\"\" loading=\"lazy\" srcset=\"https:\/\/www.medellin.gov.co\/es\/wp-content\/uploads\/2025\/12\/Emprendietnico-1024x576.jpg 1024w, https:\/\/www.medellin.gov.co\/es\/wp-content\/uploads\/2025\/12\/Emprendietnico-300x169.jpg 300w, https:\/\/www.medellin.gov.co\/es\/wp-content\/uploads\/2025\/12\/Emprendietnico-150x84.jpg 150w, https:\/\/www.medellin.gov.co\/es\/wp-content\/uploads\/2025\/12\/Emprendietnico-768x432.jpg 768w, https:\/\/www.medellin.gov.co\/es\/wp-content\/uploads\/2025\/12\/Emprendietnico.jpg 1279w\" sizes=\"(max-width: 1024px) 100vw, 1024px\" \/>\t\t\t\t\t\t\t\t\t\t\t\t\t\t<\/div>\n\t\t\t\t\t\t<\/div>\n\t\t\t\t<\/div>\n\t\t<\/div><div class=\"elementor-element elementor-element-47689cb e-container--column e-container\" data-id=\"47689cb\" data-element_type=\"container\">\t\t\t\t<div class=\"elementor-element elementor-element-5064e38 elementor-widget elementor-widget-spacer\" data-id=\"5064e38\" data-element_type=\"widget\" data-widget_type=\"spacer.default\">\n\t\t\t\t<div class=\"elementor-widget-container\">\n\t\t\t\t\t<div class=\"elementor-spacer\">\n\t\t\t<div class=\"elementor-spacer-inner\"><\/div>\n\t\t<\/div>\n\t\t\t\t<\/div>\n\t\t\t\t<\/div>\n\t\t<\/div><div class=\"elementor-element elementor-element-cbfb077 e-container--column e-container\" data-id=\"cbfb077\" data-element_type=\"container\">\t\t\t\t<div class=\"elementor-element elementor-element-2c08ac4 elementor-widget elementor-widget-heading\" data-id=\"2c08ac4\" data-element_type=\"widget\" data-widget_type=\"heading.default\">\n\t\t\t\t<div class=\"elementor-widget-container\">\n\t\t\t<h2 class=\"elementor-heading-title elementor-size-default\">Sello de Transversalizaci\u00f3n<\/h2>\t\t<\/div>\n\t\t\t\t<\/div>\n\t\t<\/div><div class=\"elementor-element elementor-element-d79af82 e-container--column e-container\" data-id=\"d79af82\" data-element_type=\"container\">\t\t\t\t<div class=\"elementor-element elementor-element-a4b9327 elementor-widget elementor-widget-spacer\" data-id=\"a4b9327\" data-element_type=\"widget\" data-widget_type=\"spacer.default\">\n\t\t\t\t<div class=\"elementor-widget-container\">\n\t\t\t\t\t<div class=\"elementor-spacer\">\n\t\t\t<div class=\"elementor-spacer-inner\"><\/div>\n\t\t<\/div>\n\t\t\t\t<\/div>\n\t\t\t\t<\/div>\n\t\t<\/div><div class=\"elementor-element elementor-element-076825b e-container--column e-container\" data-id=\"076825b\" data-element_type=\"container\">\t\t\t\t<div class=\"elementor-element elementor-element-e72511f elementor-widget elementor-widget-text-editor\" data-id=\"e72511f\" data-element_type=\"widget\" data-widget_type=\"text-editor.default\">\n\t\t\t\t<div class=\"elementor-widget-container\">\n\t\t\t\t\t\t\t\t<div class=\"elementor-text-editor elementor-clearfix\">\n\t\t\t\t<ul><li style=\"list-style-type: none;\"><ul><li>Secretar\u00eda de Paz y Derechos Humanos.<\/li><li>Unidad Administrativa de Buen Comienzo.<\/li><li>Secretar\u00eda de Salud.<\/li><li>Instituto de Deportes y Recreaci\u00f3n de Medell\u00edn \u2013 INDER.<\/li><li>Secretar\u00eda de Inclusi\u00f3n Social.<\/li><li>Secretar\u00eda de Participaci\u00f3n Ciudadana.<\/li><li>Secretar\u00eda de las Mujeres.<\/li><li>Secretar\u00eda de Desarrollo Econ\u00f3mico.<\/li><\/ul><\/li><\/ul>\t\t\t\t\t<\/div>\n\t\t\t\t\t\t<\/div>\n\t\t\t\t<\/div>\n\t\t<\/div>\t\t\t\t\t\t\t<\/div>\n\t\t\t<\/div>\n\t\t\t\t\t<\/div>\n\t\t","protected":false},"excerpt":{"rendered":"<p>Sello \u00c9tnico El Sello \u00c9tnico nace como una estrategia de transversalizaci\u00f3n del Plan de Desarrollo Distrital para el periodo 2024 &#8211; 2027, \u201cMedell\u00edn te quiere\u201d para la implementaci\u00f3n de acciones que son de car\u00e1cter prioritario &#8230;<\/p>\n","protected":false},"author":97,"featured_media":0,"parent":21616,"menu_order":0,"comment_status":"closed","ping_status":"closed","template":"sec-etnica\/elementor.php","meta":[],"acf":[],"_links":{"self":[{"href":"https:\/\/www.medellin.gov.co\/es\/wp-json\/wp\/v2\/pages\/483022"}],"collection":[{"href":"https:\/\/www.medellin.gov.co\/es\/wp-json\/wp\/v2\/pages"}],"about":[{"href":"https:\/\/www.medellin.gov.co\/es\/wp-json\/wp\/v2\/types\/page"}],"author":[{"embeddable":true,"href":"https:\/\/www.medellin.gov.co\/es\/wp-json\/wp\/v2\/users\/97"}],"replies":[{"embeddable":true,"href":"https:\/\/www.medellin.gov.co\/es\/wp-json\/wp\/v2\/comments?post=483022"}],"version-history":[{"count":5,"href":"https:\/\/www.medellin.gov.co\/es\/wp-json\/wp\/v2\/pages\/483022\/revisions"}],"predecessor-version":[{"id":483098,"href":"https:\/\/www.medellin.gov.co\/es\/wp-json\/wp\/v2\/pages\/483022\/revisions\/483098"}],"up":[{"embeddable":true,"href":"https:\/\/www.medellin.gov.co\/es\/wp-json\/wp\/v2\/pages\/21616"}],"wp:attachment":[{"href":"https:\/\/www.medellin.gov.co\/es\/wp-json\/wp\/v2\/media?parent=483022"}],"curies":[{"name":"wp","href":"https:\/\/api.w.org\/{rel}","templated":true}]}}