{"id":501747,"date":"2026-02-25T11:23:03","date_gmt":"2026-02-25T16:23:03","guid":{"rendered":"https:\/\/www.medellin.gov.co\/es\/?page_id=501747"},"modified":"2026-03-10T15:17:47","modified_gmt":"2026-03-10T20:17:47","slug":"permisos","status":"publish","type":"page","link":"https:\/\/www.medellin.gov.co\/es\/secretaria-desarrollo-economico\/direccion-de-negocios\/comision-filmica\/permisos\/","title":{"rendered":"Permisos Comisi\u00f3n F\u00edlmica"},"content":{"rendered":"\t\t<div data-elementor-type=\"wp-page\" data-elementor-id=\"501747\" class=\"elementor elementor-501747\">\n\t\t\t\t\t\t<div class=\"elementor-inner\">\n\t\t\t\t<div class=\"elementor-section-wrap\">\n\t\t\t\t\t\t\t<div class=\"elementor-element elementor-element-e6c6677 e-container--column e-container\" data-id=\"e6c6677\" data-element_type=\"container\">\t\t<\/div><div class=\"elementor-element elementor-element-f4bcefe e-container--column e-container\" data-id=\"f4bcefe\" data-element_type=\"container\">\t\t\t\t<div class=\"elementor-element elementor-element-81b55bd elementor-widget elementor-widget-html\" data-id=\"81b55bd\" data-element_type=\"widget\" data-widget_type=\"html.default\">\n\t\t\t\t<div class=\"elementor-widget-container\">\n\t\t\t<style>\n.fm-nav{display:flex;justify-content:center;gap:10px;flex-wrap:wrap;padding:20px 0;width:100%}\n.fm-nav a{text-decoration:none;text-align:center;padding:15px 20px;flex:1;min-width:140px;background:#fff;box-shadow:0 2px 8px rgba(0,0,0,0.1);border-bottom:4px solid#0077FF;color:#0077FF;font-weight:bold;font-size:16px;border-radius:2px;transition:all 0.3s}\n.fm-nav a:hover{color:#e07b00;border-bottom-color:#e07b00}\n.fm-nav a.activo{color:#1a1a2e;border-bottom-color:#0077FF}\n.fm-nav a.activo:hover{color:#e07b00;border-bottom-color:#e07b00}\n.fm-dropdown{position:relative;flex:1;min-width:140px}\n.fm-dropdown>span{display:block;text-align:center;padding:15px 20px;background:#fff;box-shadow:0 2px 8px rgba(0,0,0,0.1);border-bottom:4px solid #0077FF;color:#0077FF;font-weight:bold;font-size:16px;border-radius:2px;cursor:pointer;transition:all 0.3s}\n.fm-dropdown>span:hover{color:#e07b00;border-bottom-color:#e07b00}\n.fm-dropdown>span::after{content:\" \u25be\"}\n.fm-dropdown-menu{display:none;position:absolute;top:100%;left:0;width:280px;background:#fff;box-shadow:0 4px 16px rgba(0,0,0,0.15);border-radius:4px;z-index:999;padding:8px 0}\n.fm-dropdown-menu a{display:block;padding:12px 20px;color:#333;text-decoration:none;font-size:14px;font-weight:600;text-align:left;border-bottom:none;box-shadow:none;min-width:auto;flex:none;background:none}\n.fm-dropdown-menu a:hover{background:#f5f5f5;color:#e07b00}\n.fm-dropdown:hover .fm-dropdown-menu{display:block}\n<\/style>\n\n<div class=\"fm-nav\">\n  <a href=\"https:\/\/www.medellin.gov.co\/es\/secretaria-desarrollo-economico\/direccion-de-negocios\/comision-filmica\/nosotros-comision-filmica\/\">Nosotros<\/a>\n  <a href=\"https:\/\/www.medellin.gov.co\/es\/secretaria-desarrollo-economico\/direccion-de-negocios\/comision-filmica\/permisos-comision-filmica\/\">Permisos<\/a>\n  <a href=\"https:\/\/www.medellin.gov.co\/es\/secretaria-desarrollo-economico\/direccion-de-negocios\/comision-filmica\/noticias-comision-filmica\/\">Noticias<\/a>\n  <a href=\"https:\/\/www.medellin.gov.co\/es\/secretaria-desarrollo-economico\/direccion-de-negocios\/comision-filmica\/locaciones-comision-filmica\/\">Locaciones<\/a>\n\n  <div class=\"fm-dropdown\">\n    <span>Incentivos<\/span>\n    <div class=\"fm-dropdown-menu\">\n\n      <!-- NUEVO PRIMERO -->\n      <a href=\"https:\/\/www.medellin.gov.co\/es\/secretaria-desarrollo-economico\/direccion-de-negocios\/comision-filmica\/incentivo-filmedellin-2026-i\/\">\n      Incentivo FilMedell\u00edn 2026-I\n      <\/a>\n\n      <a href=\"https:\/\/www.medellin.gov.co\/es\/secretaria-desarrollo-economico\/direccion-de-negocios\/comision-filmica\/incentivo-filmedellin-2025-ii\/\">Incentivo FilMedell\u00edn 2025-II<\/a>\n      <a href=\"https:\/\/www.medellin.gov.co\/es\/secretaria-desarrollo-economico\/direccion-de-negocios\/comision-filmica\/incentivo-filmedellin-2025-i\/\">Incentivo FilMedell\u00edn 2025-I<\/a>\n      <a href=\"https:\/\/www.medellin.gov.co\/es\/secretaria-desarrollo-economico\/direccion-de-negocios\/comision-filmica\/incentivo-filmedellin-2024\/\">Incentivo FilMedell\u00edn 2024<\/a>\n      <a href=\"https:\/\/www.medellin.gov.co\/es\/secretaria-desarrollo-economico\/direccion-de-negocios\/comision-filmica\/incentivo-filmedellin-2023\/\">Incentivo FilMedell\u00edn 2023<\/a>\n      <a href=\"https:\/\/www.medellin.gov.co\/es\/secretaria-desarrollo-economico\/direccion-de-negocios\/comision-filmica\/incentivo-filmedellin-2022\/\">Incentivo FilMedell\u00edn 2022<\/a>\n      <a href=\"https:\/\/www.medellin.gov.co\/es\/secretaria-desarrollo-economico\/direccion-de-negocios\/comision-filmica\/incentivo-filmedellin-2021\/\">Incentivo FilMedell\u00edn 2021<\/a>\n      <a href=\"https:\/\/www.medellin.gov.co\/es\/secretaria-desarrollo-economico\/direccion-de-negocios\/comision-filmica\/incentivo-filmedellin-2020\/\">Incentivo FilMedell\u00edn 2020<\/a>\n      <a href=\"https:\/\/www.medellin.gov.co\/es\/secretaria-desarrollo-economico\/direccion-de-negocios\/comision-filmica\/incentivo-especial-2020\/\">Incentivo Especial Medell\u00edn de Pel\u00edcula 2020<\/a>\n      <a href=\"https:\/\/www.medellin.gov.co\/es\/secretaria-desarrollo-economico\/direccion-de-negocios\/comision-filmica\/icm-2019\/\">ICM 2019<\/a>\n\n    <\/div>\n  <\/div>\n\n  <a href=\"https:\/\/www.medellin.gov.co\/es\/secretaria-desarrollo-economico\/direccion-de-negocios\/comision-filmica\/normatividad-comision-filmica\/\">Normatividad<\/a>\n<\/div>\t\t<\/div>\n\t\t\t\t<\/div>\n\t\t<\/div>\t\t\t\t\t\t\t<\/div>\n\t\t\t<\/div>\n\t\t\t\t\t<\/div>\n\t\t","protected":false},"excerpt":{"rendered":"<p>Nosotros Permisos Noticias Locaciones Incentivos Incentivo FilMedell\u00edn 2026-I Incentivo FilMedell\u00edn 2025-II Incentivo FilMedell\u00edn 2025-I Incentivo FilMedell\u00edn 2024 Incentivo FilMedell\u00edn 2023 Incentivo FilMedell\u00edn 2022 Incentivo FilMedell\u00edn 2021 Incentivo FilMedell\u00edn 2020 Incentivo Especial Medell\u00edn de Pel\u00edcula 2020 &#8230;<\/p>\n","protected":false},"author":82,"featured_media":0,"parent":500056,"menu_order":0,"comment_status":"closed","ping_status":"closed","template":"sec-desarrolloeconomico\/elementor26092024backup.php","meta":[],"acf":[],"_links":{"self":[{"href":"https:\/\/www.medellin.gov.co\/es\/wp-json\/wp\/v2\/pages\/501747"}],"collection":[{"href":"https:\/\/www.medellin.gov.co\/es\/wp-json\/wp\/v2\/pages"}],"about":[{"href":"https:\/\/www.medellin.gov.co\/es\/wp-json\/wp\/v2\/types\/page"}],"author":[{"embeddable":true,"href":"https:\/\/www.medellin.gov.co\/es\/wp-json\/wp\/v2\/users\/82"}],"replies":[{"embeddable":true,"href":"https:\/\/www.medellin.gov.co\/es\/wp-json\/wp\/v2\/comments?post=501747"}],"version-history":[{"count":6,"href":"https:\/\/www.medellin.gov.co\/es\/wp-json\/wp\/v2\/pages\/501747\/revisions"}],"predecessor-version":[{"id":507610,"href":"https:\/\/www.medellin.gov.co\/es\/wp-json\/wp\/v2\/pages\/501747\/revisions\/507610"}],"up":[{"embeddable":true,"href":"https:\/\/www.medellin.gov.co\/es\/wp-json\/wp\/v2\/pages\/500056"}],"wp:attachment":[{"href":"https:\/\/www.medellin.gov.co\/es\/wp-json\/wp\/v2\/media?parent=501747"}],"curies":[{"name":"wp","href":"https:\/\/api.w.org\/{rel}","templated":true}]}}