{"id":501910,"date":"2026-02-25T14:58:58","date_gmt":"2026-02-25T19:58:58","guid":{"rendered":"https:\/\/www.medellin.gov.co\/es\/?page_id=501910"},"modified":"2026-03-10T15:08:31","modified_gmt":"2026-03-10T20:08:31","slug":"incentivo-filmedellin-2025-i","status":"publish","type":"page","link":"https:\/\/www.medellin.gov.co\/es\/secretaria-desarrollo-economico\/direccion-de-negocios\/comision-filmica\/incentivo-filmedellin-2025-i\/","title":{"rendered":"Incentivo FilMedell\u00edn 2025 I"},"content":{"rendered":"\t\t<div data-elementor-type=\"wp-page\" data-elementor-id=\"501910\" class=\"elementor elementor-501910\">\n\t\t\t\t\t\t<div class=\"elementor-inner\">\n\t\t\t\t<div class=\"elementor-section-wrap\">\n\t\t\t\t\t\t\t<div class=\"elementor-element elementor-element-fd07b38 e-container--column e-container\" data-id=\"fd07b38\" data-element_type=\"container\">\t\t<\/div><div class=\"elementor-element elementor-element-e80cf3b e-container--column e-container\" data-id=\"e80cf3b\" data-element_type=\"container\">\t\t<div class=\"elementor-element elementor-element-8285476 e-container--column e-container\" data-id=\"8285476\" data-element_type=\"container\">\t\t\t\t<div class=\"elementor-element elementor-element-99afdcd elementor-widget elementor-widget-html\" data-id=\"99afdcd\" data-element_type=\"widget\" data-widget_type=\"html.default\">\n\t\t\t\t<div class=\"elementor-widget-container\">\n\t\t\t<style>\n.fm-nav{display:flex;justify-content:center;gap:10px;flex-wrap:wrap;padding:20px 0;width:100%}\n.fm-nav a{text-decoration:none;text-align:center;padding:15px 20px;flex:1;min-width:140px;background:#fff;box-shadow:0 2px 8px rgba(0,0,0,0.1);border-bottom:4px solid#0077FF;color:#0077FF;font-weight:bold;font-size:16px;border-radius:2px;transition:all 0.3s}\n.fm-nav a:hover{color:#e07b00;border-bottom-color:#e07b00}\n.fm-nav a.activo{color:#1a1a2e;border-bottom-color:#0077FF}\n.fm-nav a.activo:hover{color:#e07b00;border-bottom-color:#e07b00}\n.fm-dropdown{position:relative;flex:1;min-width:140px}\n.fm-dropdown>span{display:block;text-align:center;padding:15px 20px;background:#fff;box-shadow:0 2px 8px rgba(0,0,0,0.1);border-bottom:4px solid #0077FF;color:#0077FF;font-weight:bold;font-size:16px;border-radius:2px;cursor:pointer;transition:all 0.3s}\n.fm-dropdown>span:hover{color:#e07b00;border-bottom-color:#e07b00}\n.fm-dropdown>span::after{content:\" \u25be\"}\n.fm-dropdown-menu{display:none;position:absolute;top:100%;left:0;width:280px;background:#fff;box-shadow:0 4px 16px rgba(0,0,0,0.15);border-radius:4px;z-index:999;padding:8px 0}\n.fm-dropdown-menu a{display:block;padding:12px 20px;color:#333;text-decoration:none;font-size:14px;font-weight:600;text-align:left;border-bottom:none;box-shadow:none;min-width:auto;flex:none;background:none}\n.fm-dropdown-menu a:hover{background:#f5f5f5;color:#e07b00}\n.fm-dropdown:hover .fm-dropdown-menu{display:block}\n<\/style>\n\n<div class=\"fm-nav\">\n  <a href=\"https:\/\/www.medellin.gov.co\/es\/secretaria-desarrollo-economico\/direccion-de-negocios\/comision-filmica\/nosotros-comision-filmica\/\">Nosotros<\/a>\n  <a href=\"https:\/\/www.medellin.gov.co\/es\/secretaria-desarrollo-economico\/direccion-de-negocios\/comision-filmica\/permisos-comision-filmica\/\">Permisos<\/a>\n  <a href=\"https:\/\/www.medellin.gov.co\/es\/secretaria-desarrollo-economico\/direccion-de-negocios\/comision-filmica\/noticias-comision-filmica\/\">Noticias<\/a>\n  <a href=\"https:\/\/www.medellin.gov.co\/es\/secretaria-desarrollo-economico\/direccion-de-negocios\/comision-filmica\/locaciones-comision-filmica\/\">Locaciones<\/a>\n\n  <div class=\"fm-dropdown\">\n    <span>Incentivos<\/span>\n    <div class=\"fm-dropdown-menu\">\n\n      <!-- NUEVO PRIMERO -->\n      <a href=\"https:\/\/www.medellin.gov.co\/es\/secretaria-desarrollo-economico\/direccion-de-negocios\/comision-filmica\/incentivo-filmedellin-2026-i\/\">\n      Incentivo FilMedell\u00edn 2026-I\n      <\/a>\n\n      <a href=\"https:\/\/www.medellin.gov.co\/es\/secretaria-desarrollo-economico\/direccion-de-negocios\/comision-filmica\/incentivo-filmedellin-2025-ii\/\">Incentivo FilMedell\u00edn 2025-II<\/a>\n      <a href=\"https:\/\/www.medellin.gov.co\/es\/secretaria-desarrollo-economico\/direccion-de-negocios\/comision-filmica\/incentivo-filmedellin-2025-i\/\">Incentivo FilMedell\u00edn 2025-I<\/a>\n      <a href=\"https:\/\/www.medellin.gov.co\/es\/secretaria-desarrollo-economico\/direccion-de-negocios\/comision-filmica\/incentivo-filmedellin-2024\/\">Incentivo FilMedell\u00edn 2024<\/a>\n      <a href=\"https:\/\/www.medellin.gov.co\/es\/secretaria-desarrollo-economico\/direccion-de-negocios\/comision-filmica\/incentivo-filmedellin-2023\/\">Incentivo FilMedell\u00edn 2023<\/a>\n      <a href=\"https:\/\/www.medellin.gov.co\/es\/secretaria-desarrollo-economico\/direccion-de-negocios\/comision-filmica\/incentivo-filmedellin-2022\/\">Incentivo FilMedell\u00edn 2022<\/a>\n      <a href=\"https:\/\/www.medellin.gov.co\/es\/secretaria-desarrollo-economico\/direccion-de-negocios\/comision-filmica\/incentivo-filmedellin-2021\/\">Incentivo FilMedell\u00edn 2021<\/a>\n      <a href=\"https:\/\/www.medellin.gov.co\/es\/secretaria-desarrollo-economico\/direccion-de-negocios\/comision-filmica\/incentivo-filmedellin-2020\/\">Incentivo FilMedell\u00edn 2020<\/a>\n      <a href=\"https:\/\/www.medellin.gov.co\/es\/secretaria-desarrollo-economico\/direccion-de-negocios\/comision-filmica\/incentivo-especial-2020\/\">Incentivo Especial Medell\u00edn de Pel\u00edcula 2020<\/a>\n      <a href=\"https:\/\/www.medellin.gov.co\/es\/secretaria-desarrollo-economico\/direccion-de-negocios\/comision-filmica\/icm-2019\/\">ICM 2019<\/a>\n\n    <\/div>\n  <\/div>\n\n  <a href=\"https:\/\/www.medellin.gov.co\/es\/secretaria-desarrollo-economico\/direccion-de-negocios\/comision-filmica\/normatividad-comision-filmica\/\">Normatividad<\/a>\n<\/div>\t\t<\/div>\n\t\t\t\t<\/div>\n\t\t<\/div><\/div><div class=\"elementor-element elementor-element-28aacfa e-container--column e-container\" data-id=\"28aacfa\" data-element_type=\"container\">\t\t\t\t<div class=\"elementor-element elementor-element-0329886 elementor-widget elementor-widget-spacer\" data-id=\"0329886\" data-element_type=\"widget\" data-widget_type=\"spacer.default\">\n\t\t\t\t<div class=\"elementor-widget-container\">\n\t\t\t\t\t<div class=\"elementor-spacer\">\n\t\t\t<div class=\"elementor-spacer-inner\"><\/div>\n\t\t<\/div>\n\t\t\t\t<\/div>\n\t\t\t\t<\/div>\n\t\t<\/div><div class=\"elementor-element elementor-element-b00b18a e-container--column e-container\" data-id=\"b00b18a\" data-element_type=\"container\">\t\t\t\t<div class=\"elementor-element elementor-element-3e9098b elementor-widget elementor-widget-text-editor\" data-id=\"3e9098b\" data-element_type=\"widget\" data-widget_type=\"text-editor.default\">\n\t\t\t\t<div class=\"elementor-widget-container\">\n\t\t\t\t\t\t\t\t<div class=\"elementor-text-editor elementor-clearfix\">\n\t\t\t\t<p><strong>Convocatoria\u00a0Incentivo Cinematogr\u00e1fico y Audiovisual de Medell\u00edn, ICAM 2025-I<\/strong><\/p><p>La Alcald\u00eda de Medell\u00edn, a\u00a0trav\u00e9s de la\u00a0<strong>Comisi\u00f3n F\u00edlmica de Medell\u00edn,<\/strong>\u00a0invita a las productoras locales y nacionales a postularse a la\u00a0<strong>convocatoria Incentivo Cinematogr\u00e1fico y Audiovisual de Medell\u00edn, ICAM 2025-I<\/strong>.\u00a0<\/p><p>Este proyecto tiene como objetivo fortalecer la industria audiovisual y cinematogr\u00e1fica de la ciudad, promoviendo la atracci\u00f3n de producciones, fortaleciendo la industria local y generando un impacto econ\u00f3mico positivo.<\/p><p>En la convocatoria, que estar\u00e1\u00a0<strong>abierta\u00a0hasta el 1 de mayo\u00a0del 2025<\/strong>, pueden participar empresas locales que hayan adelantado actividades de desarrollo, producci\u00f3n o posproducci\u00f3n de largometrajes, cortometrajes, videoclips, videojuegos y otros medios interactivos o series de ficci\u00f3n y no ficci\u00f3n en Medell\u00edn y, que en cualquiera de los casos, cuentan con soportes de registro contable de gastos efectivos en la ciudad ejecutados entre el 1 de enero y el 1 de diciembre de 2025.<\/p><p>\u00a0<strong>Categor\u00edas:<\/strong><\/p><ol><li>Proyectos locales en etapas de desarrollo, producci\u00f3n y posproducci\u00f3n.<\/li><li>Proyectos nacionales e internacionales en etapas de desarrollo, producci\u00f3n y posproducci\u00f3n.<\/li><li>Autom\u00e1tico para proyectos, obras y empresas locales que participen en eventos formativos, festivales, premiaciones y mercados internacionales.<\/li><\/ol><p>\u00a0<strong>Requisitos<\/strong><\/p><ul><li><strong>Inversi\u00f3n m\u00ednima<\/strong>: gastos en servicios audiovisuales en el Distrito.<\/li><li><strong>Documentaci\u00f3n:<\/strong>certificados legales de la productora, formularios del proyecto y otros a elecci\u00f3n.<\/li><\/ul><p><strong>Proyectos:<\/strong><br \/><em>Largometrajes, cortometrajes, series de ficci\u00f3n y no ficci\u00f3n,\u00a0videojuegos y otros medios interactivos,\u00a0y videoclips en etapa de desarrollo, producci\u00f3n y posproducci\u00f3n. Adem\u00e1s de empresas con portafolio de servicios audiovisuales o proyectos en circulaci\u00f3n.<\/em><\/p><p>Registro de la convocatoria <strong style=\"font-size: 16px;\"><a href=\"https:\/\/forms.gle\/b9e1XXi5nP7hyj7Y6\" target=\"_blank\" rel=\"noopener\">aqu\u00ed<\/a><\/strong><\/p>\t\t\t\t\t<\/div>\n\t\t\t\t\t\t<\/div>\n\t\t\t\t<\/div>\n\t\t<\/div><div class=\"elementor-element elementor-element-6e5d33b e-container--column e-container\" data-id=\"6e5d33b\" data-element_type=\"container\">\t\t\t\t<div class=\"elementor-element elementor-element-3ab4b75 elementor-widget elementor-widget-spacer\" data-id=\"3ab4b75\" data-element_type=\"widget\" data-widget_type=\"spacer.default\">\n\t\t\t\t<div class=\"elementor-widget-container\">\n\t\t\t\t\t<div class=\"elementor-spacer\">\n\t\t\t<div class=\"elementor-spacer-inner\"><\/div>\n\t\t<\/div>\n\t\t\t\t<\/div>\n\t\t\t\t<\/div>\n\t\t<\/div><div class=\"elementor-element elementor-element-226acfb e-container--column e-container\" data-id=\"226acfb\" data-element_type=\"container\">\t\t\t\t<div class=\"elementor-element elementor-element-0f3ce4b elementor-widget elementor-widget-button\" data-id=\"0f3ce4b\" data-element_type=\"widget\" data-widget_type=\"button.default\">\n\t\t\t\t<div class=\"elementor-widget-container\">\n\t\t\t\t\t<div class=\"elementor-button-wrapper\">\n\t\t\t<a href=\"https:\/\/drive.google.com\/file\/d\/1mj5wjiLiPVm_KpRcRolI2VM5n_dFrJTB\/view\" target=\"_blank\" class=\"elementor-button-link elementor-button elementor-size-sm\" role=\"button\">\n\t\t\t\t\t\t<span class=\"elementor-button-content-wrapper\">\n\t\t\t\t\t\t<span class=\"elementor-button-text\">Manual de incentivos <\/span>\n\t\t<\/span>\n\t\t\t\t\t<\/a>\n\t\t<\/div>\n\t\t\t\t<\/div>\n\t\t\t\t<\/div>\n\t\t<\/div><div class=\"elementor-element elementor-element-dc55f46 e-container--column e-container\" data-id=\"dc55f46\" data-element_type=\"container\">\t\t\t\t<div class=\"elementor-element elementor-element-958b061 elementor-widget elementor-widget-spacer\" data-id=\"958b061\" data-element_type=\"widget\" data-widget_type=\"spacer.default\">\n\t\t\t\t<div class=\"elementor-widget-container\">\n\t\t\t\t\t<div class=\"elementor-spacer\">\n\t\t\t<div class=\"elementor-spacer-inner\"><\/div>\n\t\t<\/div>\n\t\t\t\t<\/div>\n\t\t\t\t<\/div>\n\t\t<\/div><div class=\"elementor-element elementor-element-be688a5 e-container--column e-container\" data-id=\"be688a5\" data-element_type=\"container\">\t\t\t\t<div class=\"elementor-element elementor-element-c079376 elementor-widget elementor-widget-text-editor\" data-id=\"c079376\" data-element_type=\"widget\" data-widget_type=\"text-editor.default\">\n\t\t\t\t<div class=\"elementor-widget-container\">\n\t\t\t\t\t\t\t\t<div class=\"elementor-text-editor elementor-clearfix\">\n\t\t\t\t<p>Si una vez le\u00eddo por completo el Manual de Incentivos, presenta alguna duda al respecto, por favor escr\u00edbanos a incentivos.filmed@medellindigital.gov.co y con gusto le ayudaremos a resolverla.<\/p>\t\t\t\t\t<\/div>\n\t\t\t\t\t\t<\/div>\n\t\t\t\t<\/div>\n\t\t<\/div><div class=\"elementor-element elementor-element-dd5e4c4 e-container--column e-container\" data-id=\"dd5e4c4\" data-element_type=\"container\">\t\t\t\t<div class=\"elementor-element elementor-element-98de0f4 elementor-widget elementor-widget-spacer\" data-id=\"98de0f4\" data-element_type=\"widget\" data-widget_type=\"spacer.default\">\n\t\t\t\t<div class=\"elementor-widget-container\">\n\t\t\t\t\t<div class=\"elementor-spacer\">\n\t\t\t<div class=\"elementor-spacer-inner\"><\/div>\n\t\t<\/div>\n\t\t\t\t<\/div>\n\t\t\t\t<\/div>\n\t\t<\/div><div class=\"elementor-element elementor-element-74ddd8d e-container--column e-container\" data-id=\"74ddd8d\" data-element_type=\"container\">\t\t\t\t<div class=\"elementor-element elementor-element-fe385ac elementor-widget elementor-widget-button\" data-id=\"fe385ac\" data-element_type=\"widget\" data-widget_type=\"button.default\">\n\t\t\t\t<div class=\"elementor-widget-container\">\n\t\t\t\t\t<div class=\"elementor-button-wrapper\">\n\t\t\t<a href=\"https:\/\/docs.google.com\/document\/d\/1n7WQpiGH6B51udyoP6FRO9CAC3EYRmng\/edit\" target=\"_blank\" class=\"elementor-button-link elementor-button elementor-size-sm\" role=\"button\">\n\t\t\t\t\t\t<span class=\"elementor-button-content-wrapper\">\n\t\t\t\t\t\t<span class=\"elementor-button-text\">Formato 1<\/span>\n\t\t<\/span>\n\t\t\t\t\t<\/a>\n\t\t<\/div>\n\t\t\t\t<\/div>\n\t\t\t\t<\/div>\n\t\t<\/div><div class=\"elementor-element elementor-element-705fcf6 e-container--column e-container\" data-id=\"705fcf6\" data-element_type=\"container\">\t\t\t\t<div class=\"elementor-element elementor-element-c079858 elementor-widget elementor-widget-spacer\" data-id=\"c079858\" data-element_type=\"widget\" data-widget_type=\"spacer.default\">\n\t\t\t\t<div class=\"elementor-widget-container\">\n\t\t\t\t\t<div class=\"elementor-spacer\">\n\t\t\t<div class=\"elementor-spacer-inner\"><\/div>\n\t\t<\/div>\n\t\t\t\t<\/div>\n\t\t\t\t<\/div>\n\t\t<\/div><div class=\"elementor-element elementor-element-bd975e6 e-container--column e-container\" data-id=\"bd975e6\" data-element_type=\"container\">\t\t\t\t<div class=\"elementor-element elementor-element-95720cd elementor-widget elementor-widget-button\" data-id=\"95720cd\" data-element_type=\"widget\" data-widget_type=\"button.default\">\n\t\t\t\t<div class=\"elementor-widget-container\">\n\t\t\t\t\t<div class=\"elementor-button-wrapper\">\n\t\t\t<a href=\"https:\/\/docs.google.com\/spreadsheets\/d\/14Sgt2ZKnaZm2ULWtqE9lFMkiX9whs2CW\/edit?gid=1131552473#gid=1131552473\" target=\"_blank\" class=\"elementor-button-link elementor-button elementor-size-sm\" role=\"button\">\n\t\t\t\t\t\t<span class=\"elementor-button-content-wrapper\">\n\t\t\t\t\t\t<span class=\"elementor-button-text\">Formato 2<\/span>\n\t\t<\/span>\n\t\t\t\t\t<\/a>\n\t\t<\/div>\n\t\t\t\t<\/div>\n\t\t\t\t<\/div>\n\t\t<\/div><div class=\"elementor-element elementor-element-1929430 e-container--column e-container\" data-id=\"1929430\" data-element_type=\"container\">\t\t\t\t<div class=\"elementor-element elementor-element-5980ba8 elementor-widget elementor-widget-spacer\" data-id=\"5980ba8\" data-element_type=\"widget\" data-widget_type=\"spacer.default\">\n\t\t\t\t<div class=\"elementor-widget-container\">\n\t\t\t\t\t<div class=\"elementor-spacer\">\n\t\t\t<div class=\"elementor-spacer-inner\"><\/div>\n\t\t<\/div>\n\t\t\t\t<\/div>\n\t\t\t\t<\/div>\n\t\t<\/div><div class=\"elementor-element elementor-element-69b1a07 e-container--column e-container\" data-id=\"69b1a07\" data-element_type=\"container\">\t\t\t\t<div class=\"elementor-element elementor-element-0425e12 elementor-widget elementor-widget-button\" data-id=\"0425e12\" data-element_type=\"widget\" data-widget_type=\"button.default\">\n\t\t\t\t<div class=\"elementor-widget-container\">\n\t\t\t\t\t<div class=\"elementor-button-wrapper\">\n\t\t\t<a href=\"https:\/\/drive.google.com\/file\/d\/1QfxF8rNMZ0HXyC8H5s9bn0FE8fV1T0m9\/view\" target=\"_blank\" class=\"elementor-button-link elementor-button elementor-size-sm\" role=\"button\">\n\t\t\t\t\t\t<span class=\"elementor-button-content-wrapper\">\n\t\t\t\t\t\t<span class=\"elementor-button-text\">lista de eventos admitidos<\/span>\n\t\t<\/span>\n\t\t\t\t\t<\/a>\n\t\t<\/div>\n\t\t\t\t<\/div>\n\t\t\t\t<\/div>\n\t\t<\/div><div class=\"elementor-element elementor-element-fe8b0ad e-container--column e-container\" data-id=\"fe8b0ad\" data-element_type=\"container\">\t\t\t\t<div class=\"elementor-element elementor-element-0cd6b14 elementor-widget elementor-widget-spacer\" data-id=\"0cd6b14\" data-element_type=\"widget\" data-widget_type=\"spacer.default\">\n\t\t\t\t<div class=\"elementor-widget-container\">\n\t\t\t\t\t<div class=\"elementor-spacer\">\n\t\t\t<div class=\"elementor-spacer-inner\"><\/div>\n\t\t<\/div>\n\t\t\t\t<\/div>\n\t\t\t\t<\/div>\n\t\t<\/div><div class=\"elementor-element elementor-element-e9472ea e-container--column e-container\" data-id=\"e9472ea\" data-element_type=\"container\">\t\t\t\t<div class=\"elementor-element elementor-element-f268841 elementor-widget elementor-widget-text-editor\" data-id=\"f268841\" data-element_type=\"widget\" data-widget_type=\"text-editor.default\">\n\t\t\t\t<div class=\"elementor-widget-container\">\n\t\t\t\t\t\t\t\t<div class=\"elementor-text-editor elementor-clearfix\">\n\t\t\t\t<h2 class=\"elementor-heading-title elementor-size-default\">Resultados Incentivo Cinematogr\u00e1fico y Audiovisual de Medell\u00edn, ICAM 2025-I<\/h2><p><b>\u00a0<\/b><\/p><p><b><\/b>Medell\u00edn contin\u00faa consolid\u00e1ndose como un referente en la industria audiovisual gracias al Plan de Desarrollo Medell\u00edn Te Quiere 2024-2027, que contempla estrategias innovadoras para fortalecer el ecosistema creativo de la ciudad. Estas iniciativas han posicionado a Medell\u00edn como un destino cinematogr\u00e1fico de clase mundial, atrayendo producciones nacionales e internacionales que enriquecen su cultura y dinamizan su econom\u00eda.<\/p><p>En el marco del programa Medell\u00edn Capital Creativa, la Comisi\u00f3n F\u00edlmica de Medell\u00edn ofrece incentivos y beneficios exclusivos para productoras audiovisuales nacionales e internacionales, con el prop\u00f3sito de seguir fortaleciendo la industria creativa y generar oportunidades de desarrollo econ\u00f3mico y cultural en la ciudad.<\/p><p>La resoluci\u00f3n oficial de adjudicaci\u00f3n que detalla los proyectos beneficiarios del ICAM 2025-I ya est\u00e1 disponible para consulta en el siguiente bot\u00f3n:<\/p>\t\t\t\t\t<\/div>\n\t\t\t\t\t\t<\/div>\n\t\t\t\t<\/div>\n\t\t<\/div><div class=\"elementor-element elementor-element-6e61de6 e-container--column e-container\" data-id=\"6e61de6\" data-element_type=\"container\">\t\t\t\t<div class=\"elementor-element elementor-element-1176d8e elementor-widget elementor-widget-spacer\" data-id=\"1176d8e\" data-element_type=\"widget\" data-widget_type=\"spacer.default\">\n\t\t\t\t<div class=\"elementor-widget-container\">\n\t\t\t\t\t<div class=\"elementor-spacer\">\n\t\t\t<div class=\"elementor-spacer-inner\"><\/div>\n\t\t<\/div>\n\t\t\t\t<\/div>\n\t\t\t\t<\/div>\n\t\t<\/div><div class=\"elementor-element elementor-element-efa33b4 e-container--column e-container\" data-id=\"efa33b4\" data-element_type=\"container\">\t\t\t\t<div class=\"elementor-element elementor-element-e6eab60 elementor-widget elementor-widget-button\" data-id=\"e6eab60\" data-element_type=\"widget\" data-widget_type=\"button.default\">\n\t\t\t\t<div class=\"elementor-widget-container\">\n\t\t\t\t\t<div class=\"elementor-button-wrapper\">\n\t\t\t<a href=\"https:\/\/drive.google.com\/file\/d\/1E7EPnBX4iCHH_MpAjYWFxzpJtcEURJOa\/view\" target=\"_blank\" class=\"elementor-button-link elementor-button elementor-size-sm\" role=\"button\">\n\t\t\t\t\t\t<span class=\"elementor-button-content-wrapper\">\n\t\t\t\t\t\t<span class=\"elementor-button-text\">ver resoluci\u00f3n 2025-I<\/span>\n\t\t<\/span>\n\t\t\t\t\t<\/a>\n\t\t<\/div>\n\t\t\t\t<\/div>\n\t\t\t\t<\/div>\n\t\t<\/div>\t\t\t\t\t\t\t<\/div>\n\t\t\t<\/div>\n\t\t\t\t\t<\/div>\n\t\t","protected":false},"excerpt":{"rendered":"<p>Nosotros Permisos Noticias Locaciones Incentivos Incentivo FilMedell\u00edn 2026-I Incentivo FilMedell\u00edn 2025-II Incentivo FilMedell\u00edn 2025-I Incentivo FilMedell\u00edn 2024 Incentivo FilMedell\u00edn 2023 Incentivo FilMedell\u00edn 2022 Incentivo FilMedell\u00edn 2021 Incentivo FilMedell\u00edn 2020 Incentivo Especial Medell\u00edn de Pel\u00edcula 2020 &#8230;<\/p>\n","protected":false},"author":82,"featured_media":0,"parent":500056,"menu_order":0,"comment_status":"closed","ping_status":"closed","template":"sec-desarrolloeconomico\/elementor26092024backup.php","meta":[],"acf":[],"_links":{"self":[{"href":"https:\/\/www.medellin.gov.co\/es\/wp-json\/wp\/v2\/pages\/501910"}],"collection":[{"href":"https:\/\/www.medellin.gov.co\/es\/wp-json\/wp\/v2\/pages"}],"about":[{"href":"https:\/\/www.medellin.gov.co\/es\/wp-json\/wp\/v2\/types\/page"}],"author":[{"embeddable":true,"href":"https:\/\/www.medellin.gov.co\/es\/wp-json\/wp\/v2\/users\/82"}],"replies":[{"embeddable":true,"href":"https:\/\/www.medellin.gov.co\/es\/wp-json\/wp\/v2\/comments?post=501910"}],"version-history":[{"count":10,"href":"https:\/\/www.medellin.gov.co\/es\/wp-json\/wp\/v2\/pages\/501910\/revisions"}],"predecessor-version":[{"id":507573,"href":"https:\/\/www.medellin.gov.co\/es\/wp-json\/wp\/v2\/pages\/501910\/revisions\/507573"}],"up":[{"embeddable":true,"href":"https:\/\/www.medellin.gov.co\/es\/wp-json\/wp\/v2\/pages\/500056"}],"wp:attachment":[{"href":"https:\/\/www.medellin.gov.co\/es\/wp-json\/wp\/v2\/media?parent=501910"}],"curies":[{"name":"wp","href":"https:\/\/api.w.org\/{rel}","templated":true}]}}