{"id":501916,"date":"2026-02-25T15:02:58","date_gmt":"2026-02-25T20:02:58","guid":{"rendered":"https:\/\/www.medellin.gov.co\/es\/?page_id=501916"},"modified":"2026-03-10T15:07:52","modified_gmt":"2026-03-10T20:07:52","slug":"incentivo-filmedellin-2024","status":"publish","type":"page","link":"https:\/\/www.medellin.gov.co\/es\/secretaria-desarrollo-economico\/direccion-de-negocios\/comision-filmica\/incentivo-filmedellin-2024\/","title":{"rendered":"Incentivo FilMedell\u00edn 2024"},"content":{"rendered":"\t\t<div data-elementor-type=\"wp-page\" data-elementor-id=\"501916\" class=\"elementor elementor-501916\">\n\t\t\t\t\t\t<div class=\"elementor-inner\">\n\t\t\t\t<div class=\"elementor-section-wrap\">\n\t\t\t\t\t\t\t<div class=\"elementor-element elementor-element-8c2d80c e-container--column e-container\" data-id=\"8c2d80c\" data-element_type=\"container\">\t\t<\/div><div class=\"elementor-element elementor-element-d12a097 e-container--column e-container\" data-id=\"d12a097\" data-element_type=\"container\">\t\t<div class=\"elementor-element elementor-element-4c24b1a e-container--column e-container\" data-id=\"4c24b1a\" data-element_type=\"container\">\t\t<div class=\"elementor-element elementor-element-0be514d e-container--column e-container\" data-id=\"0be514d\" data-element_type=\"container\">\t\t\t\t<div class=\"elementor-element elementor-element-7fbece8 elementor-widget elementor-widget-html\" data-id=\"7fbece8\" data-element_type=\"widget\" data-widget_type=\"html.default\">\n\t\t\t\t<div class=\"elementor-widget-container\">\n\t\t\t<style>\n.fm-nav{display:flex;justify-content:center;gap:10px;flex-wrap:wrap;padding:20px 0;width:100%}\n.fm-nav a{text-decoration:none;text-align:center;padding:15px 20px;flex:1;min-width:140px;background:#fff;box-shadow:0 2px 8px rgba(0,0,0,0.1);border-bottom:4px solid#0077FF;color:#0077FF;font-weight:bold;font-size:16px;border-radius:2px;transition:all 0.3s}\n.fm-nav a:hover{color:#e07b00;border-bottom-color:#e07b00}\n.fm-nav a.activo{color:#1a1a2e;border-bottom-color:#0077FF}\n.fm-nav a.activo:hover{color:#e07b00;border-bottom-color:#e07b00}\n.fm-dropdown{position:relative;flex:1;min-width:140px}\n.fm-dropdown>span{display:block;text-align:center;padding:15px 20px;background:#fff;box-shadow:0 2px 8px rgba(0,0,0,0.1);border-bottom:4px solid #0077FF;color:#0077FF;font-weight:bold;font-size:16px;border-radius:2px;cursor:pointer;transition:all 0.3s}\n.fm-dropdown>span:hover{color:#e07b00;border-bottom-color:#e07b00}\n.fm-dropdown>span::after{content:\" \u25be\"}\n.fm-dropdown-menu{display:none;position:absolute;top:100%;left:0;width:280px;background:#fff;box-shadow:0 4px 16px rgba(0,0,0,0.15);border-radius:4px;z-index:999;padding:8px 0}\n.fm-dropdown-menu a{display:block;padding:12px 20px;color:#333;text-decoration:none;font-size:14px;font-weight:600;text-align:left;border-bottom:none;box-shadow:none;min-width:auto;flex:none;background:none}\n.fm-dropdown-menu a:hover{background:#f5f5f5;color:#e07b00}\n.fm-dropdown:hover .fm-dropdown-menu{display:block}\n<\/style>\n\n<div class=\"fm-nav\">\n  <a href=\"https:\/\/www.medellin.gov.co\/es\/secretaria-desarrollo-economico\/direccion-de-negocios\/comision-filmica\/nosotros-comision-filmica\/\">Nosotros<\/a>\n  <a href=\"https:\/\/www.medellin.gov.co\/es\/secretaria-desarrollo-economico\/direccion-de-negocios\/comision-filmica\/permisos-comision-filmica\/\">Permisos<\/a>\n  <a href=\"https:\/\/www.medellin.gov.co\/es\/secretaria-desarrollo-economico\/direccion-de-negocios\/comision-filmica\/noticias-comision-filmica\/\">Noticias<\/a>\n  <a href=\"https:\/\/www.medellin.gov.co\/es\/secretaria-desarrollo-economico\/direccion-de-negocios\/comision-filmica\/locaciones-comision-filmica\/\">Locaciones<\/a>\n\n  <div class=\"fm-dropdown\">\n    <span>Incentivos<\/span>\n    <div class=\"fm-dropdown-menu\">\n\n      <!-- NUEVO PRIMERO -->\n      <a href=\"https:\/\/www.medellin.gov.co\/es\/secretaria-desarrollo-economico\/direccion-de-negocios\/comision-filmica\/incentivo-filmedellin-2026-i\/\">\n      Incentivo FilMedell\u00edn 2026-I\n      <\/a>\n\n      <a href=\"https:\/\/www.medellin.gov.co\/es\/secretaria-desarrollo-economico\/direccion-de-negocios\/comision-filmica\/incentivo-filmedellin-2025-ii\/\">Incentivo FilMedell\u00edn 2025-II<\/a>\n      <a href=\"https:\/\/www.medellin.gov.co\/es\/secretaria-desarrollo-economico\/direccion-de-negocios\/comision-filmica\/incentivo-filmedellin-2025-i\/\">Incentivo FilMedell\u00edn 2025-I<\/a>\n      <a href=\"https:\/\/www.medellin.gov.co\/es\/secretaria-desarrollo-economico\/direccion-de-negocios\/comision-filmica\/incentivo-filmedellin-2024\/\">Incentivo FilMedell\u00edn 2024<\/a>\n      <a href=\"https:\/\/www.medellin.gov.co\/es\/secretaria-desarrollo-economico\/direccion-de-negocios\/comision-filmica\/incentivo-filmedellin-2023\/\">Incentivo FilMedell\u00edn 2023<\/a>\n      <a href=\"https:\/\/www.medellin.gov.co\/es\/secretaria-desarrollo-economico\/direccion-de-negocios\/comision-filmica\/incentivo-filmedellin-2022\/\">Incentivo FilMedell\u00edn 2022<\/a>\n      <a href=\"https:\/\/www.medellin.gov.co\/es\/secretaria-desarrollo-economico\/direccion-de-negocios\/comision-filmica\/incentivo-filmedellin-2021\/\">Incentivo FilMedell\u00edn 2021<\/a>\n      <a href=\"https:\/\/www.medellin.gov.co\/es\/secretaria-desarrollo-economico\/direccion-de-negocios\/comision-filmica\/incentivo-filmedellin-2020\/\">Incentivo FilMedell\u00edn 2020<\/a>\n      <a href=\"https:\/\/www.medellin.gov.co\/es\/secretaria-desarrollo-economico\/direccion-de-negocios\/comision-filmica\/incentivo-especial-2020\/\">Incentivo Especial Medell\u00edn de Pel\u00edcula 2020<\/a>\n      <a href=\"https:\/\/www.medellin.gov.co\/es\/secretaria-desarrollo-economico\/direccion-de-negocios\/comision-filmica\/icm-2019\/\">ICM 2019<\/a>\n\n    <\/div>\n  <\/div>\n\n  <a href=\"https:\/\/www.medellin.gov.co\/es\/secretaria-desarrollo-economico\/direccion-de-negocios\/comision-filmica\/normatividad-comision-filmica\/\">Normatividad<\/a>\n<\/div>\t\t<\/div>\n\t\t\t\t<\/div>\n\t\t<\/div><\/div><\/div><div class=\"elementor-element elementor-element-54d3a2c e-container--column e-container\" data-id=\"54d3a2c\" data-element_type=\"container\">\t\t\t\t<div class=\"elementor-element elementor-element-3551a49 elementor-widget elementor-widget-spacer\" data-id=\"3551a49\" data-element_type=\"widget\" data-widget_type=\"spacer.default\">\n\t\t\t\t<div class=\"elementor-widget-container\">\n\t\t\t\t\t<div class=\"elementor-spacer\">\n\t\t\t<div class=\"elementor-spacer-inner\"><\/div>\n\t\t<\/div>\n\t\t\t\t<\/div>\n\t\t\t\t<\/div>\n\t\t<\/div><div class=\"elementor-element elementor-element-9511a37 e-container--column e-container\" data-id=\"9511a37\" data-element_type=\"container\">\t\t\t\t<div class=\"elementor-element elementor-element-526f051 elementor-widget elementor-widget-text-editor\" data-id=\"526f051\" data-element_type=\"widget\" data-widget_type=\"text-editor.default\">\n\t\t\t\t<div class=\"elementor-widget-container\">\n\t\t\t\t\t\t\t\t<div class=\"elementor-text-editor elementor-clearfix\">\n\t\t\t\t<h1>Convocatoria\u00a0Incentivo Cinematogr\u00e1fico y Audiovisual de Medell\u00edn 2024, ICAM<\/h1><p>\u00a0<\/p><p><span lang=\"ES\">El Distrito de Ciencia, Tecnolog\u00eda e Innovaci\u00f3n de Medell\u00edn, a trav\u00e9s de la\u00a0<b>Comisi\u00f3n F\u00edlmica,<\/b>\u00a0FilMedell\u00edn, invita a las productoras locales, nacionales e internacionales a postularse a la\u00a0<b>convocatoria\u00a0<\/b><b>Incentivo Cinematogr\u00e1fico y Audiovisual de Medell\u00edn 2024, ICAM<\/b>. Este proyecto tiene como objetivo fortalecer la industria audiovisual y cinematogr\u00e1fica de la ciudad, promoviendo la atracci\u00f3n de producciones, fortaleciendo la industria local y generando un impacto econ\u00f3mico positivo en la ciudad.<\/span><\/p><p><span lang=\"ES\">En la convocatoria, que estar\u00e1\u00a0<b>abierta del 20 de noviembre al 19 de diciembre del 2024<\/b>, pueden participar empresas locales que hayan adelantado actividades de producci\u00f3n o posproducci\u00f3n de proyectos como largometrajes, cortometrajes, videoclips o series de ficci\u00f3n y no ficci\u00f3n en Medell\u00edn y, que en cualquiera de los casos, cuenten con soportes de registro contable de gastos efectivos en la ciudad ejecutados entre el 1 de enero y el 1 de diciembre de 2024.<\/span><\/p><p><span lang=\"ES\">\u00a0<\/span><b><span lang=\"ES\">Categor\u00edas:<\/span><\/b><\/p><p><span lang=\"ES\">\u00a0 1. <\/span><span lang=\"ES\">Proyectos locales en etapas de producci\u00f3n y posproducci\u00f3n.<\/span><\/p><p><span lang=\"ES\">\u00a0 2. <\/span><span lang=\"ES\">Proyectos nacionales e internacionales en etapas de producci\u00f3n y posproducci\u00f3n.<\/span><\/p><p><span lang=\"ES\">\u00a0 3. Autom\u00e1tico para proyectos, obras y empresas locales que participen en festivales y mercados internacionales<\/span><\/p><p><span lang=\"ES\">\u00a0<\/span><b><span lang=\"ES\">Requisitos<\/span><\/b><\/p><ul><li><span lang=\"ES\"><b>Contrataciones:<\/b>\u00a0m\u00ednimo 10 % del personal t\u00e9cnico debe ser de Medell\u00edn.<\/span><\/li><li><span lang=\"ES\"><b>Inversi\u00f3n<\/b>: gastos en servicios log\u00edsticos y audiovisuales en el distrito.<\/span><\/li><li><span lang=\"ES\"><b>Documentaci\u00f3n:<\/b>\u00a0certificados legales de la productora, formularios del proyecto y otros a elecci\u00f3n<\/span><\/li><\/ul><p><span lang=\"ES\"><b>Proyectos:<\/b><br \/><i>Largometrajes, cortometrajes, series de ficci\u00f3n y no ficci\u00f3n, y videoclips en etapa de producci\u00f3n y posproducci\u00f3n.<\/i><\/span><\/p><p><span lang=\"ES\">\u00a0<\/span><span lang=\"ES\">Registro de la convocatoria\u00a0<\/span><a href=\"https:\/\/docs.google.com\/forms\/d\/e\/1FAIpQLSdFtNkh5ZkqbVcvHqt8_JkYE7gq6AfdNnExbusjx10h2T2KWQ\/closedform\" target=\"_blank\" rel=\"noopener\"><span lang=\"ES\"><b><u>aqu\u00ed<\/u><\/b><\/span><\/a><\/p>\t\t\t\t\t<\/div>\n\t\t\t\t\t\t<\/div>\n\t\t\t\t<\/div>\n\t\t<\/div><div class=\"elementor-element elementor-element-d4c9a9c e-container--column e-container\" data-id=\"d4c9a9c\" data-element_type=\"container\">\t\t\t\t<div class=\"elementor-element elementor-element-ec7727a elementor-widget elementor-widget-spacer\" data-id=\"ec7727a\" data-element_type=\"widget\" data-widget_type=\"spacer.default\">\n\t\t\t\t<div class=\"elementor-widget-container\">\n\t\t\t\t\t<div class=\"elementor-spacer\">\n\t\t\t<div class=\"elementor-spacer-inner\"><\/div>\n\t\t<\/div>\n\t\t\t\t<\/div>\n\t\t\t\t<\/div>\n\t\t<\/div><div class=\"elementor-element elementor-element-963f179 e-container--column e-container\" data-id=\"963f179\" data-element_type=\"container\">\t\t\t\t<div class=\"elementor-element elementor-element-f4883cb elementor-widget elementor-widget-button\" data-id=\"f4883cb\" data-element_type=\"widget\" data-widget_type=\"button.default\">\n\t\t\t\t<div class=\"elementor-widget-container\">\n\t\t\t\t\t<div class=\"elementor-button-wrapper\">\n\t\t\t<a href=\"https:\/\/drive.google.com\/file\/d\/1QfxF8rNMZ0HXyC8H5s9bn0FE8fV1T0m9\/view\" target=\"_blank\" class=\"elementor-button-link elementor-button elementor-size-sm\" role=\"button\">\n\t\t\t\t\t\t<span class=\"elementor-button-content-wrapper\">\n\t\t\t\t\t\t<span class=\"elementor-button-text\">resolucion<\/span>\n\t\t<\/span>\n\t\t\t\t\t<\/a>\n\t\t<\/div>\n\t\t\t\t<\/div>\n\t\t\t\t<\/div>\n\t\t<\/div><div class=\"elementor-element elementor-element-bcb9485 e-container--column e-container\" data-id=\"bcb9485\" data-element_type=\"container\">\t\t\t\t<div class=\"elementor-element elementor-element-a2bb693 elementor-widget elementor-widget-spacer\" data-id=\"a2bb693\" data-element_type=\"widget\" data-widget_type=\"spacer.default\">\n\t\t\t\t<div class=\"elementor-widget-container\">\n\t\t\t\t\t<div class=\"elementor-spacer\">\n\t\t\t<div class=\"elementor-spacer-inner\"><\/div>\n\t\t<\/div>\n\t\t\t\t<\/div>\n\t\t\t\t<\/div>\n\t\t<\/div><div class=\"elementor-element elementor-element-4f15fe0 e-container--column e-container\" data-id=\"4f15fe0\" data-element_type=\"container\">\t\t\t\t<div class=\"elementor-element elementor-element-2a42683 elementor-widget elementor-widget-button\" data-id=\"2a42683\" data-element_type=\"widget\" data-widget_type=\"button.default\">\n\t\t\t\t<div class=\"elementor-widget-container\">\n\t\t\t\t\t<div class=\"elementor-button-wrapper\">\n\t\t\t<a href=\"https:\/\/drive.google.com\/file\/d\/1V-uapKqnif-1RRyVf4rD5sN03E2NgAiu\/view\" target=\"_blank\" class=\"elementor-button-link elementor-button elementor-size-sm\" role=\"button\">\n\t\t\t\t\t\t<span class=\"elementor-button-content-wrapper\">\n\t\t\t\t\t\t<span class=\"elementor-button-text\">adenda<\/span>\n\t\t<\/span>\n\t\t\t\t\t<\/a>\n\t\t<\/div>\n\t\t\t\t<\/div>\n\t\t\t\t<\/div>\n\t\t<\/div><div class=\"elementor-element elementor-element-e2858d9 e-container--column e-container\" data-id=\"e2858d9\" data-element_type=\"container\">\t\t\t\t<div class=\"elementor-element elementor-element-2ce9cf3 elementor-widget elementor-widget-spacer\" data-id=\"2ce9cf3\" data-element_type=\"widget\" data-widget_type=\"spacer.default\">\n\t\t\t\t<div class=\"elementor-widget-container\">\n\t\t\t\t\t<div class=\"elementor-spacer\">\n\t\t\t<div class=\"elementor-spacer-inner\"><\/div>\n\t\t<\/div>\n\t\t\t\t<\/div>\n\t\t\t\t<\/div>\n\t\t<\/div><div class=\"elementor-element elementor-element-967ecf8 e-container--column e-container\" data-id=\"967ecf8\" data-element_type=\"container\">\t\t\t\t<div class=\"elementor-element elementor-element-4bf3fe6 elementor-widget elementor-widget-button\" data-id=\"4bf3fe6\" data-element_type=\"widget\" data-widget_type=\"button.default\">\n\t\t\t\t<div class=\"elementor-widget-container\">\n\t\t\t\t\t<div class=\"elementor-button-wrapper\">\n\t\t\t<a href=\"https:\/\/drive.google.com\/file\/d\/1vDH-FtVqWNmBsWztu9u6LfKl5NtynZXh\/view\" target=\"_blank\" class=\"elementor-button-link elementor-button elementor-size-sm\" role=\"button\">\n\t\t\t\t\t\t<span class=\"elementor-button-content-wrapper\">\n\t\t\t\t\t\t<span class=\"elementor-button-text\">anexo 1<\/span>\n\t\t<\/span>\n\t\t\t\t\t<\/a>\n\t\t<\/div>\n\t\t\t\t<\/div>\n\t\t\t\t<\/div>\n\t\t<\/div><div class=\"elementor-element elementor-element-895215f e-container--column e-container\" data-id=\"895215f\" data-element_type=\"container\">\t\t\t\t<div class=\"elementor-element elementor-element-6ba392f elementor-widget elementor-widget-spacer\" data-id=\"6ba392f\" data-element_type=\"widget\" data-widget_type=\"spacer.default\">\n\t\t\t\t<div class=\"elementor-widget-container\">\n\t\t\t\t\t<div class=\"elementor-spacer\">\n\t\t\t<div class=\"elementor-spacer-inner\"><\/div>\n\t\t<\/div>\n\t\t\t\t<\/div>\n\t\t\t\t<\/div>\n\t\t<\/div><div class=\"elementor-element elementor-element-71d19c7 e-container--column e-container\" data-id=\"71d19c7\" data-element_type=\"container\">\t\t\t\t<div class=\"elementor-element elementor-element-2150b3f elementor-widget elementor-widget-button\" data-id=\"2150b3f\" data-element_type=\"widget\" data-widget_type=\"button.default\">\n\t\t\t\t<div class=\"elementor-widget-container\">\n\t\t\t\t\t<div class=\"elementor-button-wrapper\">\n\t\t\t<a href=\"https:\/\/drive.google.com\/file\/d\/1-xl8b1KLge49hmLCofFdOS0q7tc97Mft\/view\" target=\"_blank\" class=\"elementor-button-link elementor-button elementor-size-sm\" role=\"button\">\n\t\t\t\t\t\t<span class=\"elementor-button-content-wrapper\">\n\t\t\t\t\t\t<span class=\"elementor-button-text\">anexo 2<\/span>\n\t\t<\/span>\n\t\t\t\t\t<\/a>\n\t\t<\/div>\n\t\t\t\t<\/div>\n\t\t\t\t<\/div>\n\t\t<\/div><div class=\"elementor-element elementor-element-168a572 e-container--column e-container\" data-id=\"168a572\" data-element_type=\"container\">\t\t\t\t<div class=\"elementor-element elementor-element-a9731fd elementor-widget elementor-widget-spacer\" data-id=\"a9731fd\" data-element_type=\"widget\" data-widget_type=\"spacer.default\">\n\t\t\t\t<div class=\"elementor-widget-container\">\n\t\t\t\t\t<div class=\"elementor-spacer\">\n\t\t\t<div class=\"elementor-spacer-inner\"><\/div>\n\t\t<\/div>\n\t\t\t\t<\/div>\n\t\t\t\t<\/div>\n\t\t<\/div><div class=\"elementor-element elementor-element-7a7df5e e-container--column e-container\" data-id=\"7a7df5e\" data-element_type=\"container\">\t\t\t\t<div class=\"elementor-element elementor-element-54c8c77 elementor-widget elementor-widget-button\" data-id=\"54c8c77\" data-element_type=\"widget\" data-widget_type=\"button.default\">\n\t\t\t\t<div class=\"elementor-widget-container\">\n\t\t\t\t\t<div class=\"elementor-button-wrapper\">\n\t\t\t<a href=\"https:\/\/docs.google.com\/document\/d\/1qs_sPw8TewYhfC0fg47K9sPqi_9W9mET\/edit?usp=sharing&#038;ouid=109804666211899642044&#038;rtpof=true&#038;sd=true\" target=\"_blank\" class=\"elementor-button-link elementor-button elementor-size-sm\" role=\"button\">\n\t\t\t\t\t\t<span class=\"elementor-button-content-wrapper\">\n\t\t\t\t\t\t<span class=\"elementor-button-text\">anexo 3<\/span>\n\t\t<\/span>\n\t\t\t\t\t<\/a>\n\t\t<\/div>\n\t\t\t\t<\/div>\n\t\t\t\t<\/div>\n\t\t<\/div><div class=\"elementor-element elementor-element-d5dc5be e-container--column e-container\" data-id=\"d5dc5be\" data-element_type=\"container\">\t\t\t\t<div class=\"elementor-element elementor-element-1eb817c elementor-widget elementor-widget-spacer\" data-id=\"1eb817c\" data-element_type=\"widget\" data-widget_type=\"spacer.default\">\n\t\t\t\t<div class=\"elementor-widget-container\">\n\t\t\t\t\t<div class=\"elementor-spacer\">\n\t\t\t<div class=\"elementor-spacer-inner\"><\/div>\n\t\t<\/div>\n\t\t\t\t<\/div>\n\t\t\t\t<\/div>\n\t\t<\/div><div class=\"elementor-element elementor-element-db6ef66 e-container--column e-container\" data-id=\"db6ef66\" data-element_type=\"container\">\t\t\t\t<div class=\"elementor-element elementor-element-8e2c614 elementor-widget elementor-widget-text-editor\" data-id=\"8e2c614\" data-element_type=\"widget\" data-widget_type=\"text-editor.default\">\n\t\t\t\t<div class=\"elementor-widget-container\">\n\t\t\t\t\t\t\t\t<div class=\"elementor-text-editor elementor-clearfix\">\n\t\t\t\t<h2>Resultados Incentivo Cinematogr\u00e1fico y Audiovisual de Medell\u00edn, ICAM 2024<\/h2><p>\u00a0<\/p><p>Medell\u00edn contin\u00faa consolid\u00e1ndose como un referente en la industria audiovisual gracias al Plan de Desarrollo Medell\u00edn Te Quiere 2024-2027, que incluye estrategias innovadoras dise\u00f1adas para fortalecer el ecosistema creativo de la ciudad. Estas iniciativas posicionan a Medell\u00edn como un destino cinematogr\u00e1fico de clase mundial, atrayendo producciones nacionales e internacionales que enriquecen su cultura y dinamizan su econom\u00eda.<\/p><p>En el programa Medell\u00edn Capital Creativa, la Comisi\u00f3n F\u00edlmica de Medell\u00edn ofrece incentivos y beneficios exclusivos para productoras audiovisuales nacionales e internacionales. La meta es apoyar a 40 empresas del sector, siempre y cuando cumplan con los requisitos estipulados en el Manual de Incentivos. Este esfuerzo busca no solo fortalecer la industria creativa, sino tambi\u00e9n generar oportunidades de desarrollo econ\u00f3mico y cultural que beneficien a todos los habitantes de Medell\u00edn.<\/p><p><strong>La resoluci\u00f3n oficial de adjudicaci\u00f3n que detalla los proyectos beneficiarios del ICAM 2024 ya est\u00e1 disponible para consulta en el siguiente bot\u00f3n:<\/strong><\/p>\t\t\t\t\t<\/div>\n\t\t\t\t\t\t<\/div>\n\t\t\t\t<\/div>\n\t\t<\/div><div class=\"elementor-element elementor-element-bea7249 e-container--column e-container\" data-id=\"bea7249\" data-element_type=\"container\">\t\t\t\t<div class=\"elementor-element elementor-element-a0a5ea5 elementor-widget elementor-widget-button\" data-id=\"a0a5ea5\" data-element_type=\"widget\" data-widget_type=\"button.default\">\n\t\t\t\t<div class=\"elementor-widget-container\">\n\t\t\t\t\t<div class=\"elementor-button-wrapper\">\n\t\t\t<a href=\"https:\/\/drive.google.com\/file\/d\/1mlgWLv6SD3mp0VBroG31-_Rm_393lky0\/view\" target=\"_blank\" class=\"elementor-button-link elementor-button elementor-size-sm\" role=\"button\">\n\t\t\t\t\t\t<span class=\"elementor-button-content-wrapper\">\n\t\t\t\t\t\t<span class=\"elementor-button-text\">ver resoluci\u00f3n 2024<\/span>\n\t\t<\/span>\n\t\t\t\t\t<\/a>\n\t\t<\/div>\n\t\t\t\t<\/div>\n\t\t\t\t<\/div>\n\t\t<\/div>\t\t\t\t\t\t\t<\/div>\n\t\t\t<\/div>\n\t\t\t\t\t<\/div>\n\t\t","protected":false},"excerpt":{"rendered":"<p>Nosotros Permisos Noticias Locaciones Incentivos Incentivo FilMedell\u00edn 2026-I Incentivo FilMedell\u00edn 2025-II Incentivo FilMedell\u00edn 2025-I Incentivo FilMedell\u00edn 2024 Incentivo FilMedell\u00edn 2023 Incentivo FilMedell\u00edn 2022 Incentivo FilMedell\u00edn 2021 Incentivo FilMedell\u00edn 2020 Incentivo Especial Medell\u00edn de Pel\u00edcula 2020 &#8230;<\/p>\n","protected":false},"author":82,"featured_media":0,"parent":500056,"menu_order":0,"comment_status":"closed","ping_status":"closed","template":"sec-desarrolloeconomico\/elementor26092024backup.php","meta":[],"acf":[],"_links":{"self":[{"href":"https:\/\/www.medellin.gov.co\/es\/wp-json\/wp\/v2\/pages\/501916"}],"collection":[{"href":"https:\/\/www.medellin.gov.co\/es\/wp-json\/wp\/v2\/pages"}],"about":[{"href":"https:\/\/www.medellin.gov.co\/es\/wp-json\/wp\/v2\/types\/page"}],"author":[{"embeddable":true,"href":"https:\/\/www.medellin.gov.co\/es\/wp-json\/wp\/v2\/users\/82"}],"replies":[{"embeddable":true,"href":"https:\/\/www.medellin.gov.co\/es\/wp-json\/wp\/v2\/comments?post=501916"}],"version-history":[{"count":10,"href":"https:\/\/www.medellin.gov.co\/es\/wp-json\/wp\/v2\/pages\/501916\/revisions"}],"predecessor-version":[{"id":507564,"href":"https:\/\/www.medellin.gov.co\/es\/wp-json\/wp\/v2\/pages\/501916\/revisions\/507564"}],"up":[{"embeddable":true,"href":"https:\/\/www.medellin.gov.co\/es\/wp-json\/wp\/v2\/pages\/500056"}],"wp:attachment":[{"href":"https:\/\/www.medellin.gov.co\/es\/wp-json\/wp\/v2\/media?parent=501916"}],"curies":[{"name":"wp","href":"https:\/\/api.w.org\/{rel}","templated":true}]}}