{"id":501954,"date":"2026-02-25T15:13:13","date_gmt":"2026-02-25T20:13:13","guid":{"rendered":"https:\/\/www.medellin.gov.co\/es\/?page_id=501954"},"modified":"2026-03-10T15:03:57","modified_gmt":"2026-03-10T20:03:57","slug":"incentivo-filmedellin-2020","status":"publish","type":"page","link":"https:\/\/www.medellin.gov.co\/es\/secretaria-desarrollo-economico\/direccion-de-negocios\/comision-filmica\/incentivo-filmedellin-2020\/","title":{"rendered":"Incentivo FilMedell\u00edn 2020"},"content":{"rendered":"\t\t<div data-elementor-type=\"wp-page\" data-elementor-id=\"501954\" class=\"elementor elementor-501954\">\n\t\t\t\t\t\t<div class=\"elementor-inner\">\n\t\t\t\t<div class=\"elementor-section-wrap\">\n\t\t\t\t\t\t\t<div class=\"elementor-element elementor-element-aff72ed e-container--column e-container\" data-id=\"aff72ed\" data-element_type=\"container\">\t\t<\/div><div class=\"elementor-element elementor-element-f5bf8c1 e-container--column e-container\" data-id=\"f5bf8c1\" data-element_type=\"container\">\t\t\t\t<div class=\"elementor-element elementor-element-cc19d45 elementor-widget elementor-widget-html\" data-id=\"cc19d45\" data-element_type=\"widget\" data-widget_type=\"html.default\">\n\t\t\t\t<div class=\"elementor-widget-container\">\n\t\t\t<style>\n.fm-nav{display:flex;justify-content:center;gap:10px;flex-wrap:wrap;padding:20px 0;width:100%}\n.fm-nav a{text-decoration:none;text-align:center;padding:15px 20px;flex:1;min-width:140px;background:#fff;box-shadow:0 2px 8px rgba(0,0,0,0.1);border-bottom:4px solid#0077FF;color:#0077FF;font-weight:bold;font-size:16px;border-radius:2px;transition:all 0.3s}\n.fm-nav a:hover{color:#e07b00;border-bottom-color:#e07b00}\n.fm-nav a.activo{color:#1a1a2e;border-bottom-color:#0077FF}\n.fm-nav a.activo:hover{color:#e07b00;border-bottom-color:#e07b00}\n.fm-dropdown{position:relative;flex:1;min-width:140px}\n.fm-dropdown>span{display:block;text-align:center;padding:15px 20px;background:#fff;box-shadow:0 2px 8px rgba(0,0,0,0.1);border-bottom:4px solid #0077FF;color:#0077FF;font-weight:bold;font-size:16px;border-radius:2px;cursor:pointer;transition:all 0.3s}\n.fm-dropdown>span:hover{color:#e07b00;border-bottom-color:#e07b00}\n.fm-dropdown>span::after{content:\" \u25be\"}\n.fm-dropdown-menu{display:none;position:absolute;top:100%;left:0;width:280px;background:#fff;box-shadow:0 4px 16px rgba(0,0,0,0.15);border-radius:4px;z-index:999;padding:8px 0}\n.fm-dropdown-menu a{display:block;padding:12px 20px;color:#333;text-decoration:none;font-size:14px;font-weight:600;text-align:left;border-bottom:none;box-shadow:none;min-width:auto;flex:none;background:none}\n.fm-dropdown-menu a:hover{background:#f5f5f5;color:#e07b00}\n.fm-dropdown:hover .fm-dropdown-menu{display:block}\n<\/style>\n\n<div class=\"fm-nav\">\n  <a href=\"https:\/\/www.medellin.gov.co\/es\/secretaria-desarrollo-economico\/direccion-de-negocios\/comision-filmica\/nosotros-comision-filmica\/\">Nosotros<\/a>\n  <a href=\"https:\/\/www.medellin.gov.co\/es\/secretaria-desarrollo-economico\/direccion-de-negocios\/comision-filmica\/permisos-comision-filmica\/\">Permisos<\/a>\n  <a href=\"https:\/\/www.medellin.gov.co\/es\/secretaria-desarrollo-economico\/direccion-de-negocios\/comision-filmica\/noticias-comision-filmica\/\">Noticias<\/a>\n  <a href=\"https:\/\/www.medellin.gov.co\/es\/secretaria-desarrollo-economico\/direccion-de-negocios\/comision-filmica\/locaciones-comision-filmica\/\">Locaciones<\/a>\n\n  <div class=\"fm-dropdown\">\n    <span>Incentivos<\/span>\n    <div class=\"fm-dropdown-menu\">\n\n      <!-- NUEVO PRIMERO -->\n      <a href=\"https:\/\/www.medellin.gov.co\/es\/secretaria-desarrollo-economico\/direccion-de-negocios\/comision-filmica\/incentivo-filmedellin-2026-i\/\">\n      Incentivo FilMedell\u00edn 2026-I\n      <\/a>\n\n      <a href=\"https:\/\/www.medellin.gov.co\/es\/secretaria-desarrollo-economico\/direccion-de-negocios\/comision-filmica\/incentivo-filmedellin-2025-ii\/\">Incentivo FilMedell\u00edn 2025-II<\/a>\n      <a href=\"https:\/\/www.medellin.gov.co\/es\/secretaria-desarrollo-economico\/direccion-de-negocios\/comision-filmica\/incentivo-filmedellin-2025-i\/\">Incentivo FilMedell\u00edn 2025-I<\/a>\n      <a href=\"https:\/\/www.medellin.gov.co\/es\/secretaria-desarrollo-economico\/direccion-de-negocios\/comision-filmica\/incentivo-filmedellin-2024\/\">Incentivo FilMedell\u00edn 2024<\/a>\n      <a href=\"https:\/\/www.medellin.gov.co\/es\/secretaria-desarrollo-economico\/direccion-de-negocios\/comision-filmica\/incentivo-filmedellin-2023\/\">Incentivo FilMedell\u00edn 2023<\/a>\n      <a href=\"https:\/\/www.medellin.gov.co\/es\/secretaria-desarrollo-economico\/direccion-de-negocios\/comision-filmica\/incentivo-filmedellin-2022\/\">Incentivo FilMedell\u00edn 2022<\/a>\n      <a href=\"https:\/\/www.medellin.gov.co\/es\/secretaria-desarrollo-economico\/direccion-de-negocios\/comision-filmica\/incentivo-filmedellin-2021\/\">Incentivo FilMedell\u00edn 2021<\/a>\n      <a href=\"https:\/\/www.medellin.gov.co\/es\/secretaria-desarrollo-economico\/direccion-de-negocios\/comision-filmica\/incentivo-filmedellin-2020\/\">Incentivo FilMedell\u00edn 2020<\/a>\n      <a href=\"https:\/\/www.medellin.gov.co\/es\/secretaria-desarrollo-economico\/direccion-de-negocios\/comision-filmica\/incentivo-especial-2020\/\">Incentivo Especial Medell\u00edn de Pel\u00edcula 2020<\/a>\n      <a href=\"https:\/\/www.medellin.gov.co\/es\/secretaria-desarrollo-economico\/direccion-de-negocios\/comision-filmica\/icm-2019\/\">ICM 2019<\/a>\n\n    <\/div>\n  <\/div>\n\n  <a href=\"https:\/\/www.medellin.gov.co\/es\/secretaria-desarrollo-economico\/direccion-de-negocios\/comision-filmica\/normatividad-comision-filmica\/\">Normatividad<\/a>\n<\/div>\t\t<\/div>\n\t\t\t\t<\/div>\n\t\t<\/div><div class=\"elementor-element elementor-element-6d253f0 e-container--column e-container\" data-id=\"6d253f0\" data-element_type=\"container\">\t\t\t\t<div class=\"elementor-element elementor-element-99c9ec6 elementor-widget elementor-widget-spacer\" data-id=\"99c9ec6\" data-element_type=\"widget\" data-widget_type=\"spacer.default\">\n\t\t\t\t<div class=\"elementor-widget-container\">\n\t\t\t\t\t<div class=\"elementor-spacer\">\n\t\t\t<div class=\"elementor-spacer-inner\"><\/div>\n\t\t<\/div>\n\t\t\t\t<\/div>\n\t\t\t\t<\/div>\n\t\t<\/div><div class=\"elementor-element elementor-element-c66fe17 e-container--column e-container\" data-id=\"c66fe17\" data-element_type=\"container\">\t\t\t\t<div class=\"elementor-element elementor-element-b4f1bf1 elementor-widget elementor-widget-text-editor\" data-id=\"b4f1bf1\" data-element_type=\"widget\" data-widget_type=\"text-editor.default\">\n\t\t\t\t<div class=\"elementor-widget-container\">\n\t\t\t\t\t\t\t\t<div class=\"elementor-text-editor elementor-clearfix\">\n\t\t\t\t<div style=\"font-family: 'Work Sans',sans-serif; padding: 20px 0; line-height: 1.8;\">\n<h2 style=\"font-family: 'Work Sans',sans-serif; font-weight: bold;\">Beneficiarios Incentivo FilMedell\u00edn 2020<\/h2>\n<p style=\"text-align: right; color: #666;\">Diciembre 30 de 2020<\/p>\nSeis empresas nacionales resultaron beneficiarias del <em>Incentivo al Fortalecimiento Audiovisual de Medell\u00edn \u2013 Incentivo FilMedell\u00edn 2020<\/em>, otorgado por la Alcald\u00eda de Medell\u00edn por intermedio de la Comisi\u00f3n F\u00edlmica, estrategia de apoyo al sector audiovisual de la Secretar\u00eda de Desarrollo Econ\u00f3mico. Se tuvo una invitaci\u00f3n abierta para postular hasta el 16 de diciembre del presente a\u00f1o.\nEl Incentivo FilMedell\u00edn 2020 devuelve hasta el 10% del gasto efectuado en la ciudad en procesos de producci\u00f3n audiovisual, lo que fortalece la generaci\u00f3n de contenidos y favorece la reactivaci\u00f3n econ\u00f3mica del sector.\nDespu\u00e9s de revisadas las propuestas y establecidos los puntajes en t\u00e9rminos de uso de locaciones, financiaci\u00f3n, gasto en la ciudad, propuesta de retorno y estrategia de difusi\u00f3n, el Comit\u00e9 Directivo de Adjudicaciones estableci\u00f3 los montos asignados para cada empresa postulante. De esta manera, fueron adjudicados casi $206 de los $215 millones destinados para este fin, para seis de los siete proyectos postulados. El remanente de $9 millones de la bolsa de recursos, se sumar\u00e1 a la destinaci\u00f3n del pr\u00f3ximo a\u00f1o. Las empresas audiovisuales colombianas beneficiarias son:\n<div style=\"overflow-x: auto;\">\n<table style=\"width: 100%; border-collapse: collapse; font-size: 14px; font-family: 'Montserrat',sans-serif;\">\n<thead>\n<tr style=\"background: #00AEEF; color: #fff;\">\n<th style=\"padding: 12px 15px; text-align: left;\">Nombre del proyecto<\/th>\n<th style=\"padding: 12px 15px; text-align: left;\">Empresa postulante<\/th>\n<th style=\"padding: 12px 15px; text-align: right;\">Monto asignado<\/th>\n<\/tr>\n<\/thead>\n<tbody>\n<tr style=\"background: #f9f9f9;\">\n<td style=\"padding: 10px 15px;\">La historia que no contar\u00e9<\/td>\n<td style=\"padding: 10px 15px;\">X Medell\u00edn S.A.S.<\/td>\n<td style=\"padding: 10px 15px; text-align: right;\">$17.839.950<\/td>\n<\/tr>\n<tr>\n<td style=\"padding: 10px 15px;\">Arenas<\/td>\n<td style=\"padding: 10px 15px;\">Opci\u00f3n Video Digital<\/td>\n<td style=\"padding: 10px 15px; text-align: right;\">$25.650.500<\/td>\n<\/tr>\n<tr style=\"background: #f9f9f9;\">\n<td style=\"padding: 10px 15px;\">Las buenas costumbres<\/td>\n<td style=\"padding: 10px 15px;\">Mudra Films S.A.S<\/td>\n<td style=\"padding: 10px 15px; text-align: right;\">$15.523.537<\/td>\n<\/tr>\n<tr>\n<td style=\"padding: 10px 15px;\">Cartograf\u00edas de la utop\u00eda<\/td>\n<td style=\"padding: 10px 15px;\">Cris\u00e1lida Films S.A.S<\/td>\n<td style=\"padding: 10px 15px; text-align: right;\">$9.012.535<\/td>\n<\/tr>\n<tr style=\"background: #f9f9f9;\">\n<td style=\"padding: 10px 15px;\">Latin Flow<\/td>\n<td style=\"padding: 10px 15px;\">Foxtelecolombia S.A.<\/td>\n<td style=\"padding: 10px 15px; text-align: right;\">$123.191.986<\/td>\n<\/tr>\n<tr>\n<td style=\"padding: 10px 15px;\">Dapinty, una aventura musicolor<\/td>\n<td style=\"padding: 10px 15px;\">Min Company S.A.S<\/td>\n<td style=\"padding: 10px 15px; text-align: right;\">$14.726.613<\/td>\n<\/tr>\n<\/tbody>\n<\/table>\n<\/div>\nLa informaci\u00f3n que recibimos gracias a las postulaciones al Incentivo FilMedell\u00edn 2020 y a la solicitud de tr\u00e1mites de permisos a trav\u00e9s de la Ventanilla \u00danica nos permite cuantificar una circulaci\u00f3n de recursos de casi 5 mil millones de pesos durante el segundo semestre, lo que demuestra el dinamismo del sector audiovisual de Medell\u00edn en el marco de la reactivaci\u00f3n econ\u00f3mica.\nEn nuestra Medell\u00edn de Pel\u00edcula es muy importante recibir producciones nacionales y extranjeras para rodar y producir, pero tambi\u00e9n es fundamental que las empresas locales se fortalezcan y generen contenidos propios. El prop\u00f3sito para el pr\u00f3ximo a\u00f1o es crear un fondo audiovisual que integre conecte con los fondos nacionales.\nA continuaci\u00f3n, se puede descargar la resoluci\u00f3n de los beneficiarios del Incentivo al Fortalecimiento Audiovisual de Medell\u00edn 2020.\n<\/div>\t\t\t\t\t<\/div>\n\t\t\t\t\t\t<\/div>\n\t\t\t\t<\/div>\n\t\t<\/div><div class=\"elementor-element elementor-element-6d12a67 e-container--column e-container\" data-id=\"6d12a67\" data-element_type=\"container\">\t\t\t\t<div class=\"elementor-element elementor-element-790a02a elementor-widget elementor-widget-spacer\" data-id=\"790a02a\" data-element_type=\"widget\" data-widget_type=\"spacer.default\">\n\t\t\t\t<div class=\"elementor-widget-container\">\n\t\t\t\t\t<div class=\"elementor-spacer\">\n\t\t\t<div class=\"elementor-spacer-inner\"><\/div>\n\t\t<\/div>\n\t\t\t\t<\/div>\n\t\t\t\t<\/div>\n\t\t<\/div><div class=\"elementor-element elementor-element-0165555 e-container--column e-container\" data-id=\"0165555\" data-element_type=\"container\">\t\t\t\t<div class=\"elementor-element elementor-element-2c7b6a5 elementor-widget elementor-widget-button\" data-id=\"2c7b6a5\" data-element_type=\"widget\" data-widget_type=\"button.default\">\n\t\t\t\t<div class=\"elementor-widget-container\">\n\t\t\t\t\t<div class=\"elementor-button-wrapper\">\n\t\t\t<a href=\"https:\/\/www.medellin.gov.co\/es\/wp-content\/uploads\/2026\/02\/Resolucio\u0301n-202050082165-Adjudicacio\u0301n-Incentivo-FilMedelli\u0301n-2020.pdf\" target=\"_blank\" class=\"elementor-button-link elementor-button elementor-size-sm\" role=\"button\">\n\t\t\t\t\t\t<span class=\"elementor-button-content-wrapper\">\n\t\t\t\t\t\t<span class=\"elementor-button-text\">Resolucio\u0301n 202050082165 Adjudicaci\u00f3n Incentivo FilMedelli\u0301n 2020<\/span>\n\t\t<\/span>\n\t\t\t\t\t<\/a>\n\t\t<\/div>\n\t\t\t\t<\/div>\n\t\t\t\t<\/div>\n\t\t<\/div><div class=\"elementor-element elementor-element-a169c98 e-container--column e-container\" data-id=\"a169c98\" data-element_type=\"container\">\t\t\t\t<div class=\"elementor-element elementor-element-02e5fda elementor-widget elementor-widget-spacer\" data-id=\"02e5fda\" data-element_type=\"widget\" data-widget_type=\"spacer.default\">\n\t\t\t\t<div class=\"elementor-widget-container\">\n\t\t\t\t\t<div class=\"elementor-spacer\">\n\t\t\t<div class=\"elementor-spacer-inner\"><\/div>\n\t\t<\/div>\n\t\t\t\t<\/div>\n\t\t\t\t<\/div>\n\t\t<\/div><div class=\"elementor-element elementor-element-7de1108 e-container--column e-container\" data-id=\"7de1108\" data-element_type=\"container\">\t\t\t\t<div class=\"elementor-element elementor-element-6ce6712 elementor-widget elementor-widget-text-editor\" data-id=\"6ce6712\" data-element_type=\"widget\" data-widget_type=\"text-editor.default\">\n\t\t\t\t<div class=\"elementor-widget-container\">\n\t\t\t\t\t\t\t\t<div class=\"elementor-text-editor elementor-clearfix\">\n\t\t\t\t<div style=\"font-family: 'Work Sans',sans-serif; padding: 20px 0; line-height: 1.8;\">\n<p style=\"background: #00AEEF; color: #fff; text-align: center; padding: 15px; font-weight: bold; font-size: 18px; border-radius: 4px;\">POSTULADOS AL INCENTIVO FILMEDELL\u00cdN 2020<\/p>\n<p style=\"text-align: right; color: #666;\">Diciembre 17 de 2020<\/p>\nLa Comisi\u00f3n F\u00edlmica de Medell\u00edn, estrategia de apoyo al sector audiovisual de la Alcald\u00eda de Medell\u00edn, tuvo abierta, hasta el 16 de diciembre, la invitaci\u00f3n a postular proyectos para aplicar al <em>Incentivo al Fortalecimiento Audiovisual de Medell\u00edn \u2013 Incentivo FilMedell\u00edn 2020<\/em>.\n<h3 style=\"font-family: 'Work Sans',sans-serif; font-weight: bold; color: #3366cc;\">\u00bfQu\u00e9 es?<\/h3>\nUn mecanismo que fortalece los procesos de producci\u00f3n de contenidos en la ciudad en concordancia con la Pol\u00edtica P\u00fablica para el fortalecimiento del sector audiovisual y cinematogr\u00e1fico de Medell\u00edn y el Plan de Desarrollo Municipal 2020-2023, que entrega hasta el 10% de devoluci\u00f3n del dinero de los gastos efectivos hechos en Medell\u00edn por parte de las empresas productoras nacionales.\n<h3 style=\"font-family: 'Work Sans',sans-serif; font-weight: bold; color: #3366cc;\">\u00bfQui\u00e9nes aplicaron?<\/h3>\nSiete empresas audiovisuales colombianas se postularon bajo las siguientes caracter\u00edsticas: tener proyectos cinematogr\u00e1ficos, seriados, de animaci\u00f3n, videos musicales y transmedia, en etapa de producci\u00f3n en Medell\u00edn realizados entre el 1 de septiembre y el 15 de diciembre de este a\u00f1o, con financiaci\u00f3n asegurada y comprobable en la ciudad, que hayan contratado personal, servicios audiovisuales o log\u00edsticos audiovisuales en Medell\u00edn y que hayan gestionado permisos de rodaje mediante la Ventanilla \u00danica de FilMedell\u00edn.\n\nEste mecanismo es complementario a los fondos nacionales y es tambi\u00e9n una herramienta que permite convertir a Medell\u00edn en un atractivo tur\u00edstico y audiovisual importante para recibir producciones de otras partes del pa\u00eds y fuera de \u00e9l, gracias a las locaciones y el talento creativo y t\u00e9cnico con el que contamos.\n\nLos beneficiarios de esta l\u00ednea de incentivos deber\u00e1n realizar actividades de retorno a la ciudad en formaci\u00f3n y promoci\u00f3n, para garantizar procesos de transferencia de conocimientos enfocados al fortalecimiento del sector audiovisual.\n\nLa bolsa de incentivos cuenta con un presupuesto de <strong>$215 millones de pesos<\/strong>.\n\nLas siete empresas postulantes son:\n<div style=\"overflow-x: auto;\">\n<table style=\"width: 100%; border-collapse: collapse; font-size: 14px; font-family: 'Montserrat',sans-serif;\">\n<thead>\n<tr style=\"background: #00AEEF; color: #fff;\">\n<th style=\"padding: 12px 15px; text-align: left;\">Nombre del proyecto<\/th>\n<th style=\"padding: 12px 15px; text-align: left;\">Empresa postulante<\/th>\n<th style=\"padding: 12px 15px; text-align: center;\">NIT<\/th>\n<\/tr>\n<\/thead>\n<tbody>\n<tr style=\"background: #f9f9f9;\">\n<td style=\"padding: 10px 15px;\">La historia que no contar\u00e9<\/td>\n<td style=\"padding: 10px 15px;\">X Medell\u00edn S.A.S<\/td>\n<td style=\"padding: 10px 15px; text-align: center;\">901303452-5<\/td>\n<\/tr>\n<tr>\n<td style=\"padding: 10px 15px;\">Arenas<\/td>\n<td style=\"padding: 10px 15px;\">Opci\u00f3n Video Digital<\/td>\n<td style=\"padding: 10px 15px; text-align: center;\">900163363<\/td>\n<\/tr>\n<tr style=\"background: #f9f9f9;\">\n<td style=\"padding: 10px 15px;\">Las buenas costumbres<\/td>\n<td style=\"padding: 10px 15px;\">Mudra Films S.A.S<\/td>\n<td style=\"padding: 10px 15px; text-align: center;\">900977130-7<\/td>\n<\/tr>\n<tr>\n<td style=\"padding: 10px 15px;\">Cartograf\u00edas de la utop\u00eda<\/td>\n<td style=\"padding: 10px 15px;\">Cris\u00e1lida Films S.A.S<\/td>\n<td style=\"padding: 10px 15px; text-align: center;\">900598599-0<\/td>\n<\/tr>\n<tr style=\"background: #f9f9f9;\">\n<td style=\"padding: 10px 15px;\">Latin Flow<\/td>\n<td style=\"padding: 10px 15px;\">Foxtelecolombia S.A<\/td>\n<td style=\"padding: 10px 15px; text-align: center;\">900598599-0<\/td>\n<\/tr>\n<tr>\n<td style=\"padding: 10px 15px;\">Dapinty, una aventura musicolor<\/td>\n<td style=\"padding: 10px 15px;\">Min Company S.A.S<\/td>\n<td style=\"padding: 10px 15px; text-align: center;\">901212146-5<\/td>\n<\/tr>\n<tr style=\"background: #f9f9f9;\">\n<td style=\"padding: 10px 15px;\">Amando a Martha<\/td>\n<td style=\"padding: 10px 15px;\">Ruido Audiovisual S.A.S<\/td>\n<td style=\"padding: 10px 15px; text-align: center;\">901278693-6<\/td>\n<\/tr>\n<\/tbody>\n<\/table>\n<\/div>\nLa semana entrante se llevar\u00e1 a cabo el Comit\u00e9 Directivo de Adjudicaciones del Incentivo FilMedell\u00edn 2020, y pr\u00f3ximamente se generar\u00e1 el resultado de los beneficiarios y los montos asignados para cada proyecto. Aclaramos que el estar en esta lista no garantiza ser beneficiario del Incentivo. Les invitamos a estar atentos a nuestros medios de comunicaci\u00f3n donde estaremos entregando noticias relacionadas al Incentivo.\n\nPara resolver inquietudes les invitamos a escribir al correo <a style=\"color: #ff8803; font-weight: 600;\" href=\"mailto:fomento@filmedellin.com\">fomento@filmedellin.com<\/a>\n\n<\/div>\t\t\t\t\t<\/div>\n\t\t\t\t\t\t<\/div>\n\t\t\t\t<\/div>\n\t\t<\/div><div class=\"elementor-element elementor-element-8fc5e7a e-container--column e-container\" data-id=\"8fc5e7a\" data-element_type=\"container\">\t\t\t\t<div class=\"elementor-element elementor-element-103bb1b elementor-widget elementor-widget-button\" data-id=\"103bb1b\" data-element_type=\"widget\" data-widget_type=\"button.default\">\n\t\t\t\t<div class=\"elementor-widget-container\">\n\t\t\t\t\t<div class=\"elementor-button-wrapper\">\n\t\t\t<a href=\"https:\/\/www.medellin.gov.co\/es\/wp-content\/uploads\/2026\/02\/Resolucio\u0301n-202050071184_IncentivoFilMedelli\u0301n2020.pdf\" target=\"_blank\" class=\"elementor-button-link elementor-button elementor-size-sm\" role=\"button\">\n\t\t\t\t\t\t<span class=\"elementor-button-content-wrapper\">\n\t\t\t\t\t\t<span class=\"elementor-button-text\">Resolucio\u0301n 202050071184 Incentivo FilMedelli\u0301n 2020<\/span>\n\t\t<\/span>\n\t\t\t\t\t<\/a>\n\t\t<\/div>\n\t\t\t\t<\/div>\n\t\t\t\t<\/div>\n\t\t\t\t<div class=\"elementor-element elementor-element-95cabe0 elementor-widget elementor-widget-button\" data-id=\"95cabe0\" data-element_type=\"widget\" data-widget_type=\"button.default\">\n\t\t\t\t<div class=\"elementor-widget-container\">\n\t\t\t\t\t<div class=\"elementor-button-wrapper\">\n\t\t\t<a href=\"https:\/\/www.medellin.gov.co\/es\/wp-content\/uploads\/2026\/02\/Manual-de-Asignacio\u0301n-Incentivo-FilMedelli\u0301n-2020.pdf\" target=\"_blank\" class=\"elementor-button-link elementor-button elementor-size-sm\" role=\"button\">\n\t\t\t\t\t\t<span class=\"elementor-button-content-wrapper\">\n\t\t\t\t\t\t<span class=\"elementor-button-text\">Manual de Asignacio\u0301n Incentivo FilMedell\u00edn 2020<\/span>\n\t\t<\/span>\n\t\t\t\t\t<\/a>\n\t\t<\/div>\n\t\t\t\t<\/div>\n\t\t\t\t<\/div>\n\t\t<\/div>\t\t\t\t\t\t\t<\/div>\n\t\t\t<\/div>\n\t\t\t\t\t<\/div>\n\t\t","protected":false},"excerpt":{"rendered":"<p>Nosotros Permisos Noticias Locaciones Incentivos Incentivo FilMedell\u00edn 2026-I Incentivo FilMedell\u00edn 2025-II Incentivo FilMedell\u00edn 2025-I Incentivo FilMedell\u00edn 2024 Incentivo FilMedell\u00edn 2023 Incentivo FilMedell\u00edn 2022 Incentivo FilMedell\u00edn 2021 Incentivo FilMedell\u00edn 2020 Incentivo Especial Medell\u00edn de Pel\u00edcula 2020 &#8230;<\/p>\n","protected":false},"author":82,"featured_media":0,"parent":500056,"menu_order":0,"comment_status":"closed","ping_status":"closed","template":"sec-desarrolloeconomico\/elementor26092024backup.php","meta":[],"acf":[],"_links":{"self":[{"href":"https:\/\/www.medellin.gov.co\/es\/wp-json\/wp\/v2\/pages\/501954"}],"collection":[{"href":"https:\/\/www.medellin.gov.co\/es\/wp-json\/wp\/v2\/pages"}],"about":[{"href":"https:\/\/www.medellin.gov.co\/es\/wp-json\/wp\/v2\/types\/page"}],"author":[{"embeddable":true,"href":"https:\/\/www.medellin.gov.co\/es\/wp-json\/wp\/v2\/users\/82"}],"replies":[{"embeddable":true,"href":"https:\/\/www.medellin.gov.co\/es\/wp-json\/wp\/v2\/comments?post=501954"}],"version-history":[{"count":10,"href":"https:\/\/www.medellin.gov.co\/es\/wp-json\/wp\/v2\/pages\/501954\/revisions"}],"predecessor-version":[{"id":507534,"href":"https:\/\/www.medellin.gov.co\/es\/wp-json\/wp\/v2\/pages\/501954\/revisions\/507534"}],"up":[{"embeddable":true,"href":"https:\/\/www.medellin.gov.co\/es\/wp-json\/wp\/v2\/pages\/500056"}],"wp:attachment":[{"href":"https:\/\/www.medellin.gov.co\/es\/wp-json\/wp\/v2\/media?parent=501954"}],"curies":[{"name":"wp","href":"https:\/\/api.w.org\/{rel}","templated":true}]}}