{"id":502706,"date":"2026-02-26T15:00:22","date_gmt":"2026-02-26T20:00:22","guid":{"rendered":"https:\/\/www.medellin.gov.co\/es\/?page_id=502706"},"modified":"2026-03-19T02:20:48","modified_gmt":"2026-03-19T07:20:48","slug":"direccion-de-negocios","status":"publish","type":"page","link":"https:\/\/www.medellin.gov.co\/es\/secretaria-desarrollo-economico\/direccion-de-negocios\/","title":{"rendered":"Direcci\u00f3n de Negocios"},"content":{"rendered":"\t\t<div data-elementor-type=\"wp-page\" data-elementor-id=\"502706\" class=\"elementor elementor-502706\">\n\t\t\t\t\t\t<div class=\"elementor-inner\">\n\t\t\t\t<div class=\"elementor-section-wrap\">\n\t\t\t\t\t\t\t<div class=\"elementor-element elementor-element-92e15b0 e-container--column e-container\" data-id=\"92e15b0\" data-element_type=\"container\">\t\t\t\t<div class=\"elementor-element elementor-element-1d3cf42 elementor-widget elementor-widget-image\" data-id=\"1d3cf42\" data-element_type=\"widget\" data-widget_type=\"image.default\">\n\t\t\t\t<div class=\"elementor-widget-container\">\n\t\t\t\t\t\t\t\t<div class=\"elementor-image\">\n\t\t\t\t\t\t\t\t\t\t\t\t<img src=\"https:\/\/www.medellin.gov.co\/es\/wp-content\/uploads\/elementor\/thumbs\/bannersHM-r65gfi8hkucx3vvpkag4v9rnqyjbj9ki84slfc5rrk.png\" title=\"bannersHM\" alt=\"bannersHM\" \/>\t\t\t\t\t\t\t\t\t\t\t\t\t\t<\/div>\n\t\t\t\t\t\t<\/div>\n\t\t\t\t<\/div>\n\t\t\t\t<div class=\"elementor-element elementor-element-fb3e8e4 elementor-widget elementor-widget-spacer\" data-id=\"fb3e8e4\" data-element_type=\"widget\" data-widget_type=\"spacer.default\">\n\t\t\t\t<div class=\"elementor-widget-container\">\n\t\t\t\t\t<div class=\"elementor-spacer\">\n\t\t\t<div class=\"elementor-spacer-inner\"><\/div>\n\t\t<\/div>\n\t\t\t\t<\/div>\n\t\t\t\t<\/div>\n\t\t<\/div>\t\t<section class=\"elementor-section elementor-top-section elementor-element elementor-element-58e3b6c elementor-section-boxed elementor-section-height-default elementor-section-height-default\" data-id=\"58e3b6c\" data-element_type=\"section\">\n\t\t\t\t\t\t<div class=\"elementor-container elementor-column-gap-default\">\n\t\t\t\t\t\t\t<div class=\"elementor-row\">\n\t\t\t\t\t<div class=\"elementor-column elementor-col-100 elementor-top-column elementor-element elementor-element-5cb2096a\" data-id=\"5cb2096a\" data-element_type=\"column\">\n\t\t\t<div class=\"elementor-column-wrap elementor-element-populated\">\n\t\t\t\t\t\t\t<div class=\"elementor-widget-wrap\">\n\t\t\t\t\t\t<div class=\"elementor-element elementor-element-c58fce6 elementor-widget elementor-widget-heading\" data-id=\"c58fce6\" data-element_type=\"widget\" data-widget_type=\"heading.default\">\n\t\t\t\t<div class=\"elementor-widget-container\">\n\t\t\t<h2 class=\"elementor-heading-title elementor-size-default\">Direcci\u00f3n de Negocios <\/h2>\t\t<\/div>\n\t\t\t\t<\/div>\n\t\t\t\t<div class=\"elementor-element elementor-element-cd8b564 elementor-widget elementor-widget-spacer\" data-id=\"cd8b564\" data-element_type=\"widget\" data-widget_type=\"spacer.default\">\n\t\t\t\t<div class=\"elementor-widget-container\">\n\t\t\t\t\t<div class=\"elementor-spacer\">\n\t\t\t<div class=\"elementor-spacer-inner\"><\/div>\n\t\t<\/div>\n\t\t\t\t<\/div>\n\t\t\t\t<\/div>\n\t\t\t\t<div class=\"elementor-element elementor-element-4c82ec1 elementor-widget elementor-widget-text-editor\" data-id=\"4c82ec1\" data-element_type=\"widget\" data-widget_type=\"text-editor.default\">\n\t\t\t\t<div class=\"elementor-widget-container\">\n\t\t\t\t\t\t\t\t<div class=\"elementor-text-editor elementor-clearfix\">\n\t\t\t\t<p>La Direcci\u00f3n de Negocios lidera la estrategia Medell\u00edn, ciudad de negocios, consolidando a Medell\u00edn como un centro de negocios de proyecci\u00f3n global donde los empresarios locales pueden fortalecer sus capacidades, generar nuevos contactos estrat\u00e9gicos e integrarse a redes internacionales de innovaci\u00f3n, cooperaci\u00f3n y comercializaci\u00f3n.<br \/>Esta apuesta se logra mediante la articulaci\u00f3n entre el sector p\u00fablico y privado, la consolidaci\u00f3n de alianzas estrat\u00e9gicas y la participaci\u00f3n en iniciativas de acceso a mercados, eventos de ciudad y la Comisi\u00f3n F\u00edlmica de Medell\u00edn, que impulsan el posicionamiento de la ciudad, el desarrollo de relaciones empresariales y el acompa\u00f1amiento a sectores productivos. Estas acciones se traducen en estrategias con impacto en el turismo, la sostenibilidad y la derrama econ\u00f3mica, fortaleciendo el crecimiento empresarial y\u00a0el desarrollo econ\u00f3mico y social de Medell\u00edn desde la Alcald\u00eda de Medell\u00edn.<\/p>\t\t\t\t\t<\/div>\n\t\t\t\t\t\t<\/div>\n\t\t\t\t<\/div>\n\t\t<div class=\"elementor-element elementor-element-817ec19 e-container--column e-container\" data-id=\"817ec19\" data-element_type=\"container\">\t\t\t\t<div class=\"elementor-element elementor-element-d7c18bb elementor-widget elementor-widget-image\" data-id=\"d7c18bb\" data-element_type=\"widget\" data-widget_type=\"image.default\">\n\t\t\t\t<div class=\"elementor-widget-container\">\n\t\t\t\t\t\t\t\t<div class=\"elementor-image\">\n\t\t\t\t\t\t\t\t\t\t\t\t<img width=\"1024\" height=\"683\" src=\"https:\/\/www.medellin.gov.co\/es\/wp-content\/uploads\/2026\/02\/Negocios-1-1-1024x683.jpg\" class=\"attachment-large size-large\" alt=\"\" loading=\"lazy\" srcset=\"https:\/\/www.medellin.gov.co\/es\/wp-content\/uploads\/2026\/02\/Negocios-1-1-1024x683.jpg 1024w, https:\/\/www.medellin.gov.co\/es\/wp-content\/uploads\/2026\/02\/Negocios-1-1-300x200.jpg 300w, https:\/\/www.medellin.gov.co\/es\/wp-content\/uploads\/2026\/02\/Negocios-1-1-150x100.jpg 150w, https:\/\/www.medellin.gov.co\/es\/wp-content\/uploads\/2026\/02\/Negocios-1-1-768x512.jpg 768w, https:\/\/www.medellin.gov.co\/es\/wp-content\/uploads\/2026\/02\/Negocios-1-1-1536x1024.jpg 1536w, https:\/\/www.medellin.gov.co\/es\/wp-content\/uploads\/2026\/02\/Negocios-1-1-2048x1366.jpg 2048w\" sizes=\"(max-width: 1024px) 100vw, 1024px\" \/>\t\t\t\t\t\t\t\t\t\t\t\t\t\t<\/div>\n\t\t\t\t\t\t<\/div>\n\t\t\t\t<\/div>\n\t\t<\/div>\t\t<div class=\"elementor-element elementor-element-9785eeb elementor-widget elementor-widget-spacer\" data-id=\"9785eeb\" data-element_type=\"widget\" data-widget_type=\"spacer.default\">\n\t\t\t\t<div class=\"elementor-widget-container\">\n\t\t\t\t\t<div class=\"elementor-spacer\">\n\t\t\t<div class=\"elementor-spacer-inner\"><\/div>\n\t\t<\/div>\n\t\t\t\t<\/div>\n\t\t\t\t<\/div>\n\t\t\t\t\t\t<\/div>\n\t\t\t\t\t<\/div>\n\t\t<\/div>\n\t\t\t\t\t\t\t\t<\/div>\n\t\t\t\t\t<\/div>\n\t\t<\/section>\n\t\t\t\t<section class=\"elementor-section elementor-top-section elementor-element elementor-element-1ff7000 elementor-section-boxed elementor-section-height-default elementor-section-height-default\" data-id=\"1ff7000\" data-element_type=\"section\">\n\t\t\t\t\t\t<div class=\"elementor-container elementor-column-gap-default\">\n\t\t\t\t\t\t\t<div class=\"elementor-row\">\n\t\t\t\t\t<div class=\"elementor-column elementor-col-100 elementor-top-column elementor-element elementor-element-7efbcf1\" data-id=\"7efbcf1\" data-element_type=\"column\">\n\t\t\t<div class=\"elementor-column-wrap elementor-element-populated\">\n\t\t\t\t\t\t\t<div class=\"elementor-widget-wrap\">\n\t\t\t\t\t\t<section class=\"elementor-section elementor-inner-section elementor-element elementor-element-ca7d231 elementor-section-boxed elementor-section-height-default elementor-section-height-default\" data-id=\"ca7d231\" data-element_type=\"section\">\n\t\t\t\t\t\t<div class=\"elementor-container elementor-column-gap-extended\">\n\t\t\t\t\t\t\t<div class=\"elementor-row\">\n\t\t\t\t\t<div data-pp-wrapper-link=\"{&quot;url&quot;:&quot;\\\/secretaria-desarrollo-economico\\\/subsecretaria-de-creacion-y-fortalecimiento-empresarial\\\/cedezo\\\/&quot;,&quot;is_external&quot;:&quot;&quot;,&quot;nofollow&quot;:&quot;&quot;}\" class=\"pp-wrapper-link elementor-column elementor-col-50 elementor-inner-column elementor-element elementor-element-d83321d\" data-id=\"d83321d\" data-element_type=\"column\">\n\t\t\t<div class=\"elementor-column-wrap elementor-element-populated\">\n\t\t\t\t\t\t\t<div class=\"elementor-widget-wrap\">\n\t\t\t\t\t\t<div class=\"elementor-element elementor-element-52bee07 elementor-widget elementor-widget-heading\" data-id=\"52bee07\" data-element_type=\"widget\" data-widget_type=\"heading.default\">\n\t\t\t\t<div class=\"elementor-widget-container\">\n\t\t\t<h3 class=\"elementor-heading-title elementor-size-default\"><a href=\"https:\/\/www.medellin.gov.co\/es\/secretaria-desarrollo-economico\/subsecretaria-de-creacion-y-fortalecimiento-empresarial\/centro-de-emprendimiento-y-empleo\/\">Eventos de ciudad<\/a><\/h3>\t\t<\/div>\n\t\t\t\t<\/div>\n\t\t\t\t<div class=\"elementor-element elementor-element-d17b5c4 elementor-widget elementor-widget-image\" data-id=\"d17b5c4\" data-element_type=\"widget\" data-widget_type=\"image.default\">\n\t\t\t\t<div class=\"elementor-widget-container\">\n\t\t\t\t\t\t\t\t<div class=\"elementor-image\">\n\t\t\t\t\t\t\t\t\t\t\t\t\t<a href=\"https:\/\/www.medellin.gov.co\/es\/secretaria-desarrollo-economico\/subsecretaria-de-creacion-y-fortalecimiento-empresarial\/centro-de-emprendimiento-y-empleo\/\">\n\t\t\t\t\t\t\t<img width=\"1024\" height=\"644\" src=\"https:\/\/www.medellin.gov.co\/es\/wp-content\/uploads\/2026\/02\/Captura-de-pantalla-2026-02-26-a-las-3.40.00\u202fp.m.-1024x644.png\" class=\"attachment-large size-large\" alt=\"\" loading=\"lazy\" srcset=\"https:\/\/www.medellin.gov.co\/es\/wp-content\/uploads\/2026\/02\/Captura-de-pantalla-2026-02-26-a-las-3.40.00\u202fp.m.-1024x644.png 1024w, https:\/\/www.medellin.gov.co\/es\/wp-content\/uploads\/2026\/02\/Captura-de-pantalla-2026-02-26-a-las-3.40.00\u202fp.m.-300x189.png 300w, https:\/\/www.medellin.gov.co\/es\/wp-content\/uploads\/2026\/02\/Captura-de-pantalla-2026-02-26-a-las-3.40.00\u202fp.m.-150x94.png 150w, https:\/\/www.medellin.gov.co\/es\/wp-content\/uploads\/2026\/02\/Captura-de-pantalla-2026-02-26-a-las-3.40.00\u202fp.m.-768x483.png 768w, https:\/\/www.medellin.gov.co\/es\/wp-content\/uploads\/2026\/02\/Captura-de-pantalla-2026-02-26-a-las-3.40.00\u202fp.m.-1536x966.png 1536w, https:\/\/www.medellin.gov.co\/es\/wp-content\/uploads\/2026\/02\/Captura-de-pantalla-2026-02-26-a-las-3.40.00\u202fp.m..png 1708w\" sizes=\"(max-width: 1024px) 100vw, 1024px\" \/>\t\t\t\t\t\t\t\t<\/a>\n\t\t\t\t\t\t\t\t\t\t\t\t\t\t<\/div>\n\t\t\t\t\t\t<\/div>\n\t\t\t\t<\/div>\n\t\t\t\t\t\t<\/div>\n\t\t\t\t\t<\/div>\n\t\t<\/div>\n\t\t\t\t<div data-pp-wrapper-link=\"{&quot;url&quot;:&quot;\\\/secretaria-desarrollo-economico\\\/subsecretaria-de-creacion-y-fortalecimiento-empresarial\\\/centros-del-valle-del-software\\\/&quot;,&quot;is_external&quot;:&quot;&quot;,&quot;nofollow&quot;:&quot;&quot;}\" class=\"pp-wrapper-link elementor-column elementor-col-50 elementor-inner-column elementor-element elementor-element-6eeb24c\" data-id=\"6eeb24c\" data-element_type=\"column\">\n\t\t\t<div class=\"elementor-column-wrap elementor-element-populated\">\n\t\t\t\t\t\t\t<div class=\"elementor-widget-wrap\">\n\t\t\t\t\t\t<div class=\"elementor-element elementor-element-643909b elementor-widget elementor-widget-heading\" data-id=\"643909b\" data-element_type=\"widget\" data-widget_type=\"heading.default\">\n\t\t\t\t<div class=\"elementor-widget-container\">\n\t\t\t<h3 class=\"elementor-heading-title elementor-size-default\"><a href=\"https:\/\/www.medellin.gov.co\/es\/secretaria-desarrollo-economico\/subsecretaria-de-creacion-y-fortalecimiento-empresarial\/internacionalizacion\/\">Programa Acceso a Mercados<\/a><\/h3>\t\t<\/div>\n\t\t\t\t<\/div>\n\t\t\t\t<div class=\"elementor-element elementor-element-0e66ee3 elementor-widget elementor-widget-image\" data-id=\"0e66ee3\" data-element_type=\"widget\" data-widget_type=\"image.default\">\n\t\t\t\t<div class=\"elementor-widget-container\">\n\t\t\t\t\t\t\t\t<div class=\"elementor-image\">\n\t\t\t\t\t\t\t\t\t\t\t\t<img width=\"1814\" height=\"991\" src=\"https:\/\/www.medellin.gov.co\/es\/wp-content\/uploads\/2026\/02\/Acceso-M.jpg\" class=\"attachment-full size-full\" alt=\"\" loading=\"lazy\" srcset=\"https:\/\/www.medellin.gov.co\/es\/wp-content\/uploads\/2026\/02\/Acceso-M.jpg 1814w, https:\/\/www.medellin.gov.co\/es\/wp-content\/uploads\/2026\/02\/Acceso-M-300x164.jpg 300w, https:\/\/www.medellin.gov.co\/es\/wp-content\/uploads\/2026\/02\/Acceso-M-1024x559.jpg 1024w, https:\/\/www.medellin.gov.co\/es\/wp-content\/uploads\/2026\/02\/Acceso-M-150x82.jpg 150w, https:\/\/www.medellin.gov.co\/es\/wp-content\/uploads\/2026\/02\/Acceso-M-768x420.jpg 768w, https:\/\/www.medellin.gov.co\/es\/wp-content\/uploads\/2026\/02\/Acceso-M-1536x839.jpg 1536w\" sizes=\"(max-width: 1814px) 100vw, 1814px\" \/>\t\t\t\t\t\t\t\t\t\t\t\t\t\t<\/div>\n\t\t\t\t\t\t<\/div>\n\t\t\t\t<\/div>\n\t\t\t\t\t\t<\/div>\n\t\t\t\t\t<\/div>\n\t\t<\/div>\n\t\t\t\t\t\t\t\t<\/div>\n\t\t\t\t\t<\/div>\n\t\t<\/section>\n\t\t\t\t<div class=\"elementor-element elementor-element-e662a7a elementor-widget-divider--view-line elementor-widget elementor-widget-divider\" data-id=\"e662a7a\" data-element_type=\"widget\" data-widget_type=\"divider.default\">\n\t\t\t\t<div class=\"elementor-widget-container\">\n\t\t\t\t\t<div class=\"elementor-divider\">\n\t\t\t<span class=\"elementor-divider-separator\">\n\t\t\t\t\t\t<\/span>\n\t\t<\/div>\n\t\t\t\t<\/div>\n\t\t\t\t<\/div>\n\t\t\t\t<section class=\"elementor-section elementor-inner-section elementor-element elementor-element-3b9115b elementor-section-boxed elementor-section-height-default elementor-section-height-default\" data-id=\"3b9115b\" data-element_type=\"section\">\n\t\t\t\t\t\t<div class=\"elementor-container elementor-column-gap-extended\">\n\t\t\t\t\t\t\t<div class=\"elementor-row\">\n\t\t\t\t\t<div data-pp-wrapper-link=\"{&quot;url&quot;:&quot;\\\/secretaria-desarrollo-economico\\\/subsecretaria-de-creacion-y-fortalecimiento-empresarial\\\/cedezo\\\/&quot;,&quot;is_external&quot;:&quot;&quot;,&quot;nofollow&quot;:&quot;&quot;}\" class=\"pp-wrapper-link elementor-column elementor-col-50 elementor-inner-column elementor-element elementor-element-f71fae2\" data-id=\"f71fae2\" data-element_type=\"column\">\n\t\t\t<div class=\"elementor-column-wrap elementor-element-populated\">\n\t\t\t\t\t\t\t<div class=\"elementor-widget-wrap\">\n\t\t\t\t\t\t<div class=\"elementor-element elementor-element-ca968be elementor-widget elementor-widget-heading\" data-id=\"ca968be\" data-element_type=\"widget\" data-widget_type=\"heading.default\">\n\t\t\t\t<div class=\"elementor-widget-container\">\n\t\t\t<h3 class=\"elementor-heading-title elementor-size-default\"><a href=\"https:\/\/www.medellin.gov.co\/es\/secretaria-desarrollo-economico\/subsecretaria-de-creacion-y-fortalecimiento-empresarial\/centro-de-emprendimiento-y-empleo\/\" rel=\"nofollow\">Directorio Comercial<\/a><\/h3>\t\t<\/div>\n\t\t\t\t<\/div>\n\t\t\t\t<div class=\"elementor-element elementor-element-f981fa4 elementor-widget elementor-widget-image\" data-id=\"f981fa4\" data-element_type=\"widget\" data-widget_type=\"image.default\">\n\t\t\t\t<div class=\"elementor-widget-container\">\n\t\t\t\t\t\t\t\t<div class=\"elementor-image\">\n\t\t\t\t\t\t\t\t\t\t\t\t\t<a href=\"https:\/\/www.medellin.gov.co\/es\/secretaria-desarrollo-economico\/subsecretaria-de-creacion-y-fortalecimiento-empresarial\/centro-de-emprendimiento-y-empleo\/\" rel=\"nofollow\">\n\t\t\t\t\t\t\t<img width=\"1666\" height=\"1122\" src=\"https:\/\/www.medellin.gov.co\/es\/wp-content\/uploads\/2026\/02\/Captura-de-pantalla-2026-02-27-a-las-11.36.09\u202fa.m..png\" class=\"attachment-full size-full\" alt=\"\" loading=\"lazy\" srcset=\"https:\/\/www.medellin.gov.co\/es\/wp-content\/uploads\/2026\/02\/Captura-de-pantalla-2026-02-27-a-las-11.36.09\u202fa.m..png 1666w, https:\/\/www.medellin.gov.co\/es\/wp-content\/uploads\/2026\/02\/Captura-de-pantalla-2026-02-27-a-las-11.36.09\u202fa.m.-300x202.png 300w, https:\/\/www.medellin.gov.co\/es\/wp-content\/uploads\/2026\/02\/Captura-de-pantalla-2026-02-27-a-las-11.36.09\u202fa.m.-1024x690.png 1024w, https:\/\/www.medellin.gov.co\/es\/wp-content\/uploads\/2026\/02\/Captura-de-pantalla-2026-02-27-a-las-11.36.09\u202fa.m.-150x101.png 150w, https:\/\/www.medellin.gov.co\/es\/wp-content\/uploads\/2026\/02\/Captura-de-pantalla-2026-02-27-a-las-11.36.09\u202fa.m.-768x517.png 768w, https:\/\/www.medellin.gov.co\/es\/wp-content\/uploads\/2026\/02\/Captura-de-pantalla-2026-02-27-a-las-11.36.09\u202fa.m.-1536x1034.png 1536w\" sizes=\"(max-width: 1666px) 100vw, 1666px\" \/>\t\t\t\t\t\t\t\t<\/a>\n\t\t\t\t\t\t\t\t\t\t\t\t\t\t<\/div>\n\t\t\t\t\t\t<\/div>\n\t\t\t\t<\/div>\n\t\t\t\t\t\t<\/div>\n\t\t\t\t\t<\/div>\n\t\t<\/div>\n\t\t\t\t<div data-pp-wrapper-link=\"{&quot;url&quot;:&quot;\\\/secretaria-desarrollo-economico\\\/subsecretaria-de-creacion-y-fortalecimiento-empresarial\\\/centros-del-valle-del-software\\\/&quot;,&quot;is_external&quot;:&quot;&quot;,&quot;nofollow&quot;:&quot;&quot;}\" class=\"pp-wrapper-link elementor-column elementor-col-50 elementor-inner-column elementor-element elementor-element-2ee27d7\" data-id=\"2ee27d7\" data-element_type=\"column\">\n\t\t\t<div class=\"elementor-column-wrap elementor-element-populated\">\n\t\t\t\t\t\t\t<div class=\"elementor-widget-wrap\">\n\t\t\t\t\t\t<div class=\"elementor-element elementor-element-8a91059 elementor-widget elementor-widget-heading\" data-id=\"8a91059\" data-element_type=\"widget\" data-widget_type=\"heading.default\">\n\t\t\t\t<div class=\"elementor-widget-container\">\n\t\t\t<h3 class=\"elementor-heading-title elementor-size-default\"><a href=\"https:\/\/www.medellin.gov.co\/es\/secretaria-desarrollo-economico\/subsecretaria-de-creacion-y-fortalecimiento-empresarial\/internacionalizacion\/\">Comisi\u00f3n F\u00edlmica de Medell\u00edn<\/a><\/h3>\t\t<\/div>\n\t\t\t\t<\/div>\n\t\t\t\t<div class=\"elementor-element elementor-element-96f94e5 elementor-widget elementor-widget-image\" data-id=\"96f94e5\" data-element_type=\"widget\" data-widget_type=\"image.default\">\n\t\t\t\t<div class=\"elementor-widget-container\">\n\t\t\t\t\t\t\t\t<div class=\"elementor-image\">\n\t\t\t\t\t\t\t\t\t\t\t\t\t<a href=\"https:\/\/www.medellin.gov.co\/es\/secretaria-desarrollo-economico\/direccion-de-negocios\/comision-filmica-2026\/\" rel=\"nofollow\">\n\t\t\t\t\t\t\t<img width=\"1024\" height=\"380\" src=\"https:\/\/www.medellin.gov.co\/es\/wp-content\/uploads\/2026\/02\/Captura-de-pantalla-2026-02-26-a-las-3.41.16\u202fp.m.-1024x380.png\" class=\"attachment-large size-large\" alt=\"\" loading=\"lazy\" srcset=\"https:\/\/www.medellin.gov.co\/es\/wp-content\/uploads\/2026\/02\/Captura-de-pantalla-2026-02-26-a-las-3.41.16\u202fp.m.-1024x380.png 1024w, https:\/\/www.medellin.gov.co\/es\/wp-content\/uploads\/2026\/02\/Captura-de-pantalla-2026-02-26-a-las-3.41.16\u202fp.m.-300x111.png 300w, https:\/\/www.medellin.gov.co\/es\/wp-content\/uploads\/2026\/02\/Captura-de-pantalla-2026-02-26-a-las-3.41.16\u202fp.m.-150x56.png 150w, https:\/\/www.medellin.gov.co\/es\/wp-content\/uploads\/2026\/02\/Captura-de-pantalla-2026-02-26-a-las-3.41.16\u202fp.m.-768x285.png 768w, https:\/\/www.medellin.gov.co\/es\/wp-content\/uploads\/2026\/02\/Captura-de-pantalla-2026-02-26-a-las-3.41.16\u202fp.m.-1536x570.png 1536w, https:\/\/www.medellin.gov.co\/es\/wp-content\/uploads\/2026\/02\/Captura-de-pantalla-2026-02-26-a-las-3.41.16\u202fp.m..png 2032w\" sizes=\"(max-width: 1024px) 100vw, 1024px\" \/>\t\t\t\t\t\t\t\t<\/a>\n\t\t\t\t\t\t\t\t\t\t\t\t\t\t<\/div>\n\t\t\t\t\t\t<\/div>\n\t\t\t\t<\/div>\n\t\t\t\t\t\t<\/div>\n\t\t\t\t\t<\/div>\n\t\t<\/div>\n\t\t\t\t\t\t\t\t<\/div>\n\t\t\t\t\t<\/div>\n\t\t<\/section>\n\t\t\t\t\t\t<\/div>\n\t\t\t\t\t<\/div>\n\t\t<\/div>\n\t\t\t\t\t\t\t\t<\/div>\n\t\t\t\t\t<\/div>\n\t\t<\/section>\n\t\t\t\t\t\t\t\t\t<\/div>\n\t\t\t<\/div>\n\t\t\t\t\t<\/div>\n\t\t","protected":false},"excerpt":{"rendered":"<p>Direcci\u00f3n de Negocios La Direcci\u00f3n de Negocios lidera la estrategia Medell\u00edn, ciudad de negocios, consolidando a Medell\u00edn como un centro de negocios de proyecci\u00f3n global donde los empresarios locales pueden fortalecer sus capacidades, generar nuevos &#8230;<\/p>\n","protected":false},"author":82,"featured_media":333506,"parent":10885,"menu_order":0,"comment_status":"closed","ping_status":"closed","template":"sec-desarrolloeconomico\/elementor26092024backup.php","meta":[],"acf":[],"_links":{"self":[{"href":"https:\/\/www.medellin.gov.co\/es\/wp-json\/wp\/v2\/pages\/502706"}],"collection":[{"href":"https:\/\/www.medellin.gov.co\/es\/wp-json\/wp\/v2\/pages"}],"about":[{"href":"https:\/\/www.medellin.gov.co\/es\/wp-json\/wp\/v2\/types\/page"}],"author":[{"embeddable":true,"href":"https:\/\/www.medellin.gov.co\/es\/wp-json\/wp\/v2\/users\/82"}],"replies":[{"embeddable":true,"href":"https:\/\/www.medellin.gov.co\/es\/wp-json\/wp\/v2\/comments?post=502706"}],"version-history":[{"count":10,"href":"https:\/\/www.medellin.gov.co\/es\/wp-json\/wp\/v2\/pages\/502706\/revisions"}],"predecessor-version":[{"id":510467,"href":"https:\/\/www.medellin.gov.co\/es\/wp-json\/wp\/v2\/pages\/502706\/revisions\/510467"}],"up":[{"embeddable":true,"href":"https:\/\/www.medellin.gov.co\/es\/wp-json\/wp\/v2\/pages\/10885"}],"wp:featuredmedia":[{"embeddable":true,"href":"https:\/\/www.medellin.gov.co\/es\/wp-json\/wp\/v2\/media\/333506"}],"wp:attachment":[{"href":"https:\/\/www.medellin.gov.co\/es\/wp-json\/wp\/v2\/media?parent=502706"}],"curies":[{"name":"wp","href":"https:\/\/api.w.org\/{rel}","templated":true}]}}