{"id":503601,"date":"2026-02-27T12:01:21","date_gmt":"2026-02-27T17:01:21","guid":{"rendered":"https:\/\/www.medellin.gov.co\/es\/?page_id=503601"},"modified":"2026-03-02T09:17:36","modified_gmt":"2026-03-02T14:17:36","slug":"concurso-de-cuento-infantil-de-movilidad-sostenible","status":"publish","type":"page","link":"https:\/\/www.medellin.gov.co\/es\/secretaria-cultura-ciudadana\/concurso-de-cuento-infantil-de-movilidad-sostenible\/","title":{"rendered":"Concurso de Cuento Infantil de Movilidad Sostenible"},"content":{"rendered":"\t\t<div data-elementor-type=\"wp-page\" data-elementor-id=\"503601\" class=\"elementor elementor-503601\">\n\t\t\t\t\t\t<div class=\"elementor-inner\">\n\t\t\t\t<div class=\"elementor-section-wrap\">\n\t\t\t\t\t\t\t\t\t<section class=\"elementor-section elementor-top-section elementor-element elementor-element-1c1a541 elementor-section-boxed elementor-section-height-default elementor-section-height-default\" data-id=\"1c1a541\" data-element_type=\"section\">\n\t\t\t\t\t\t<div class=\"elementor-container elementor-column-gap-default\">\n\t\t\t\t\t\t\t<div class=\"elementor-row\">\n\t\t\t\t\t<div class=\"elementor-column elementor-col-100 elementor-top-column elementor-element elementor-element-be3abdb\" data-id=\"be3abdb\" data-element_type=\"column\">\n\t\t\t<div class=\"elementor-column-wrap elementor-element-populated\">\n\t\t\t\t\t\t\t<div class=\"elementor-widget-wrap\">\n\t\t\t\t<div class=\"elementor-element elementor-element-203fc71 e-container--column e-container\" data-id=\"203fc71\" data-element_type=\"container\">\t\t\t\t<div class=\"elementor-element elementor-element-e785afe elementor-widget elementor-widget-heading\" data-id=\"e785afe\" data-element_type=\"widget\" data-widget_type=\"heading.default\">\n\t\t\t\t<div class=\"elementor-widget-container\">\n\t\t\t<h1 class=\"elementor-heading-title elementor-size-default\">Concurso de Cuento Infantil de Movilidad Sostenible<\/h1>\t\t<\/div>\n\t\t\t\t<\/div>\n\t\t<\/div>\t\t\t\t<\/div>\n\t\t\t\t\t<\/div>\n\t\t<\/div>\n\t\t\t\t\t\t\t\t<\/div>\n\t\t\t\t\t<\/div>\n\t\t<\/section>\n\t\t<div class=\"elementor-element elementor-element-63f15ac e-container--column e-container\" data-id=\"63f15ac\" data-element_type=\"container\">\t\t\t\t<div class=\"elementor-element elementor-element-e8420f8 elementor-widget elementor-widget-image\" data-id=\"e8420f8\" data-element_type=\"widget\" data-widget_type=\"image.default\">\n\t\t\t\t<div class=\"elementor-widget-container\">\n\t\t\t\t\t\t\t\t<div class=\"elementor-image\">\n\t\t\t\t\t\t\t\t\t\t\t\t<img width=\"1280\" height=\"478\" src=\"https:\/\/www.medellin.gov.co\/es\/wp-content\/uploads\/2026\/02\/Banner-Cuento-Ilustrado-Infantil-de-Movilidad-Sostenible.jpg\" class=\"attachment-full size-full\" alt=\"Banner Cuento Ilustrado Infantil de Movilidad Sostenible\" loading=\"lazy\" srcset=\"https:\/\/www.medellin.gov.co\/es\/wp-content\/uploads\/2026\/02\/Banner-Cuento-Ilustrado-Infantil-de-Movilidad-Sostenible.jpg 1280w, https:\/\/www.medellin.gov.co\/es\/wp-content\/uploads\/2026\/02\/Banner-Cuento-Ilustrado-Infantil-de-Movilidad-Sostenible-300x112.jpg 300w, https:\/\/www.medellin.gov.co\/es\/wp-content\/uploads\/2026\/02\/Banner-Cuento-Ilustrado-Infantil-de-Movilidad-Sostenible-1024x382.jpg 1024w, https:\/\/www.medellin.gov.co\/es\/wp-content\/uploads\/2026\/02\/Banner-Cuento-Ilustrado-Infantil-de-Movilidad-Sostenible-150x56.jpg 150w, https:\/\/www.medellin.gov.co\/es\/wp-content\/uploads\/2026\/02\/Banner-Cuento-Ilustrado-Infantil-de-Movilidad-Sostenible-768x287.jpg 768w\" sizes=\"(max-width: 1280px) 100vw, 1280px\" \/>\t\t\t\t\t\t\t\t\t\t\t\t\t\t<\/div>\n\t\t\t\t\t\t<\/div>\n\t\t\t\t<\/div>\n\t\t\t\t<div class=\"elementor-element elementor-element-093cded elementor-widget elementor-widget-heading\" data-id=\"093cded\" data-element_type=\"widget\" data-widget_type=\"heading.default\">\n\t\t\t\t<div class=\"elementor-widget-container\">\n\t\t\t<h2 class=\"elementor-heading-title elementor-size-default\"><b>\u201cLas traves\u00edas <\/b> que mueven la ciudad\u201d<\/h2>\t\t<\/div>\n\t\t\t\t<\/div>\n\t\t\t\t<div class=\"elementor-element elementor-element-73f7f5e elementor-widget elementor-widget-text-editor\" data-id=\"73f7f5e\" data-element_type=\"widget\" data-widget_type=\"text-editor.default\">\n\t\t\t\t<div class=\"elementor-widget-container\">\n\t\t\t\t\t\t\t\t<div class=\"elementor-text-editor elementor-clearfix\">\n\t\t\t\t<p>El cuento es una ventana hacia la creatividad, un espacio donde la imaginaci\u00f3n cobra vida y donde las ni\u00f1as y los ni\u00f1os pueden so\u00f1ar con la ciudad en la que desean vivir. En esta d\u00e9cima edici\u00f3n del concurso, los invitamos a embarcarse en las traves\u00edas que mueven la ciudad, explorando c\u00f3mo se imaginan la movilidad y c\u00f3mo sus ideas pueden transformar a Medell\u00edn en un lugar cada vez m\u00e1s responsable con el entorno.<\/p><p>\u00bfC\u00f3mo se mover\u00e1n las personas dentro de la ciudad en los pr\u00f3ximos a\u00f1os? \u00bfQu\u00e9 nuevas formas de transporte ayudar\u00e1n a cuidar el planeta? \u00bfSer\u00e1n las calles m\u00e1s verdes, m\u00e1s seguras y pensadas para las personas? A trav\u00e9s de sus historias e ilustraciones, los participantes podr\u00e1n mostrarnos esas traves\u00edas que har\u00e1n posible una movilidad m\u00e1s accesible, eficiente e incluyente.<\/p><p style=\"line-height: 16.5pt; background: white; margin: 0cm 0cm 15.0pt 0cm;\">Con este concurso, queremos darle voz a sus ideas y permitirles plasmar en palabras e im\u00e1genes c\u00f3mo creen que ser\u00e1 la ciudad en los pr\u00f3ximos a\u00f1os. \u00a1Los invitamos a participar y a sumarse en las traves\u00edas que mueven la ciudad!<\/p><p>Fecha lanzamiento: 1 de marzo de 2026, en el marco del Festival del Libro Infantil.<br \/>Fecha premiaci\u00f3n: 30 de mayo de 2026.<\/p><p>Para m\u00e1s informaci\u00f3n conoce las bases del concurso aqu\u00ed<br \/><br \/><\/p><ul><li><a href=\"https:\/\/www.medellin.gov.co\/es\/wp-content\/uploads\/2026\/02\/Bases-del-10-Concurso-de-Cuento-Infantil-de-Movilidad-Sostenible-2026.pdf\" target=\"_blank\" rel=\"noopener\">Bases del concurso<\/a><\/li><li><a href=\"https:\/\/www.medellin.gov.co\/data2\/DiligenciarEncuesta.do?token=TS240220265620177989C4\" target=\"_blank\" rel=\"noopener\">Formulario de inscripci\u00f3n<\/a><\/li><\/ul>\t\t\t\t\t<\/div>\n\t\t\t\t\t\t<\/div>\n\t\t\t\t<\/div>\n\t\t\t\t<div class=\"elementor-element elementor-element-a0b9cbf elementor-aspect-ratio-169 elementor-widget elementor-widget-video\" data-id=\"a0b9cbf\" data-element_type=\"widget\" data-settings=\"{&quot;youtube_url&quot;:&quot;https:\\\/\\\/www.youtube.com\\\/watch?v=YGRSaxztQGY&quot;,&quot;video_type&quot;:&quot;youtube&quot;,&quot;controls&quot;:&quot;yes&quot;,&quot;aspect_ratio&quot;:&quot;169&quot;}\" data-widget_type=\"video.default\">\n\t\t\t\t<div class=\"elementor-widget-container\">\n\t\t\t\t\t<div class=\"elementor-wrapper elementor-fit-aspect-ratio elementor-open-inline\">\n\t\t\t<div class=\"elementor-video\"><\/div>\t\t<\/div>\n\t\t\t\t<\/div>\n\t\t\t\t<\/div>\n\t\t\t\t<div class=\"elementor-element elementor-element-f843239 elementor-widget elementor-widget-heading\" data-id=\"f843239\" data-element_type=\"widget\" data-widget_type=\"heading.default\">\n\t\t\t\t<div class=\"elementor-widget-container\">\n\t\t\t<h2 class=\"elementor-heading-title elementor-size-default\"><b>Hist\u00f3rico del Concurso<\/b> de Cuento Infantil <\/h2>\t\t<\/div>\n\t\t\t\t<\/div>\n\t\t\t\t<div class=\"elementor-element elementor-element-6bafa10 elementor-widget elementor-widget-text-editor\" data-id=\"6bafa10\" data-element_type=\"widget\" data-widget_type=\"text-editor.default\">\n\t\t\t\t<div class=\"elementor-widget-container\">\n\t\t\t\t\t\t\t\t<div class=\"elementor-text-editor elementor-clearfix\">\n\t\t\t\t<ul><li><a href=\"https:\/\/www.medellin.gov.co\/es\/secretaria-cultura-ciudadana\/9-concurso-de-cuento-ilustrado-infantil-de-movilidad-sostenible\/\" target=\"_blank\" rel=\"noopener\">Concurso de Cuento Infantil de Movilidad Sostenible 2025<\/a><\/li><\/ul>\t\t\t\t\t<\/div>\n\t\t\t\t\t\t<\/div>\n\t\t\t\t<\/div>\n\t\t<\/div><div class=\"elementor-element elementor-element-25bb448 e-container--column e-container\" data-id=\"25bb448\" data-element_type=\"container\">\t\t<\/div>\t\t\t\t\t\t\t<\/div>\n\t\t\t<\/div>\n\t\t\t\t\t<\/div>\n\t\t","protected":false},"excerpt":{"rendered":"<p>Concurso de Cuento Infantil de Movilidad Sostenible \u201cLas traves\u00edas que mueven la ciudad\u201d El cuento es una ventana hacia la creatividad, un espacio donde la imaginaci\u00f3n cobra vida y donde las ni\u00f1as y los ni\u00f1os &#8230;<\/p>\n","protected":false},"author":21,"featured_media":503062,"parent":293705,"menu_order":0,"comment_status":"closed","ping_status":"closed","template":"sec-cultura\/elementor.php","meta":[],"acf":[],"_links":{"self":[{"href":"https:\/\/www.medellin.gov.co\/es\/wp-json\/wp\/v2\/pages\/503601"}],"collection":[{"href":"https:\/\/www.medellin.gov.co\/es\/wp-json\/wp\/v2\/pages"}],"about":[{"href":"https:\/\/www.medellin.gov.co\/es\/wp-json\/wp\/v2\/types\/page"}],"author":[{"embeddable":true,"href":"https:\/\/www.medellin.gov.co\/es\/wp-json\/wp\/v2\/users\/21"}],"replies":[{"embeddable":true,"href":"https:\/\/www.medellin.gov.co\/es\/wp-json\/wp\/v2\/comments?post=503601"}],"version-history":[{"count":10,"href":"https:\/\/www.medellin.gov.co\/es\/wp-json\/wp\/v2\/pages\/503601\/revisions"}],"predecessor-version":[{"id":504754,"href":"https:\/\/www.medellin.gov.co\/es\/wp-json\/wp\/v2\/pages\/503601\/revisions\/504754"}],"up":[{"embeddable":true,"href":"https:\/\/www.medellin.gov.co\/es\/wp-json\/wp\/v2\/pages\/293705"}],"wp:featuredmedia":[{"embeddable":true,"href":"https:\/\/www.medellin.gov.co\/es\/wp-json\/wp\/v2\/media\/503062"}],"wp:attachment":[{"href":"https:\/\/www.medellin.gov.co\/es\/wp-json\/wp\/v2\/media?parent=503601"}],"curies":[{"name":"wp","href":"https:\/\/api.w.org\/{rel}","templated":true}]}}