{"id":508244,"date":"2026-03-12T09:55:08","date_gmt":"2026-03-12T14:55:08","guid":{"rendered":"https:\/\/www.medellin.gov.co\/es\/?page_id=508244"},"modified":"2026-03-12T10:29:46","modified_gmt":"2026-03-12T15:29:46","slug":"rendicion-de-cuentas-gerencia-etnica","status":"publish","type":"page","link":"https:\/\/www.medellin.gov.co\/es\/gerencia-etnica\/rendicion-de-cuentas-gerencia-etnica\/","title":{"rendered":"Rendici\u00f3n de cuentas Gerencia \u00c9tnica"},"content":{"rendered":"\t\t<div data-elementor-type=\"wp-page\" data-elementor-id=\"508244\" class=\"elementor elementor-508244\">\n\t\t\t\t\t\t<div class=\"elementor-inner\">\n\t\t\t\t<div class=\"elementor-section-wrap\">\n\t\t\t\t\t\t\t<div class=\"elementor-element elementor-element-6bb1a76 e-container--column e-container\" data-id=\"6bb1a76\" data-element_type=\"container\">\t\t\t\t<div class=\"elementor-element elementor-element-a8aba08 elementor-widget elementor-widget-heading\" data-id=\"a8aba08\" data-element_type=\"widget\" data-widget_type=\"heading.default\">\n\t\t\t\t<div class=\"elementor-widget-container\">\n\t\t\t<h1 class=\"elementor-heading-title elementor-size-default\">Rendici\u00f3n de cuentas Gerencia \u00c9tnica<\/h1>\t\t<\/div>\n\t\t\t\t<\/div>\n\t\t<\/div><div class=\"elementor-element elementor-element-e54933e e-container--column e-container\" data-id=\"e54933e\" data-element_type=\"container\">\t\t\t\t<div class=\"elementor-element elementor-element-3809c76 elementor-widget elementor-widget-spacer\" data-id=\"3809c76\" data-element_type=\"widget\" data-widget_type=\"spacer.default\">\n\t\t\t\t<div class=\"elementor-widget-container\">\n\t\t\t\t\t<div class=\"elementor-spacer\">\n\t\t\t<div class=\"elementor-spacer-inner\"><\/div>\n\t\t<\/div>\n\t\t\t\t<\/div>\n\t\t\t\t<\/div>\n\t\t<\/div><div class=\"elementor-element elementor-element-759ec40 e-container--row e-container\" data-id=\"759ec40\" data-element_type=\"container\">\t\t<div class=\"elementor-element elementor-element-16136ba e-container--column e-container\" data-id=\"16136ba\" data-element_type=\"container\">\t\t\t\t<div class=\"elementor-element elementor-element-228ba31 elementor-widget elementor-widget-text-editor\" data-id=\"228ba31\" data-element_type=\"widget\" data-widget_type=\"text-editor.default\">\n\t\t\t\t<div class=\"elementor-widget-container\">\n\t\t\t\t\t\t\t\t<div class=\"elementor-text-editor elementor-clearfix\">\n\t\t\t\t<p>La Rendici\u00f3n de Cuentas de la Gerencia \u00c9tnica es un ejercicio permanente de transparencia, di\u00e1logo y responsabilidad p\u00fablica con los pueblos \u00e9tnicos de Medell\u00edn. Este espacio nos permite compartir de manera clara los avances, resultados y desaf\u00edos de nuestra gesti\u00f3n, reafirmando el compromiso institucional con el reconocimiento, la protecci\u00f3n y el fortalecimiento de la diversidad cultural en el Distrito.<\/p><p>Creemos en una gesti\u00f3n construida de manera participativa, donde las ideas, propuestas y opiniones de la comunidad son fundamentales para orientar nuestras acciones. Por ello, este proceso no solo informa, sino que tambi\u00e9n escucha y recoge aportes que enriquecen la toma de decisiones y consolidan pol\u00edticas p\u00fablicas m\u00e1s incluyentes, equitativas y coherentes con las realidades de nuestros grupos \u00e9tnicos.<\/p>\t\t\t\t\t<\/div>\n\t\t\t\t\t\t<\/div>\n\t\t\t\t<\/div>\n\t\t<\/div><div class=\"elementor-element elementor-element-e7a1633 e-container--column e-container\" data-id=\"e7a1633\" data-element_type=\"container\">\t\t\t\t<div class=\"elementor-element elementor-element-7d472f1 elementor-widget elementor-widget-image\" data-id=\"7d472f1\" data-element_type=\"widget\" data-widget_type=\"image.default\">\n\t\t\t\t<div class=\"elementor-widget-container\">\n\t\t\t\t\t\t\t\t<div class=\"elementor-image\">\n\t\t\t\t\t\t\t\t\t\t\t\t<img width=\"1024\" height=\"613\" src=\"https:\/\/www.medellin.gov.co\/es\/wp-content\/uploads\/2026\/03\/Imagen-Rendicion-de-cuentas-Gerencia-Etnica-1-1024x613.jpg\" class=\"attachment-large size-large\" alt=\"Imagen Rendici\u00f3n de cuentas Gerencia \u00c9tnica (1)\" loading=\"lazy\" srcset=\"https:\/\/www.medellin.gov.co\/es\/wp-content\/uploads\/2026\/03\/Imagen-Rendicion-de-cuentas-Gerencia-Etnica-1-1024x613.jpg 1024w, https:\/\/www.medellin.gov.co\/es\/wp-content\/uploads\/2026\/03\/Imagen-Rendicion-de-cuentas-Gerencia-Etnica-1-300x180.jpg 300w, https:\/\/www.medellin.gov.co\/es\/wp-content\/uploads\/2026\/03\/Imagen-Rendicion-de-cuentas-Gerencia-Etnica-1-150x90.jpg 150w, https:\/\/www.medellin.gov.co\/es\/wp-content\/uploads\/2026\/03\/Imagen-Rendicion-de-cuentas-Gerencia-Etnica-1-768x460.jpg 768w, https:\/\/www.medellin.gov.co\/es\/wp-content\/uploads\/2026\/03\/Imagen-Rendicion-de-cuentas-Gerencia-Etnica-1.jpg 1202w\" sizes=\"(max-width: 1024px) 100vw, 1024px\" \/>\t\t\t\t\t\t\t\t\t\t\t\t\t\t<\/div>\n\t\t\t\t\t\t<\/div>\n\t\t\t\t<\/div>\n\t\t<\/div><\/div>\t\t<section class=\"elementor-section elementor-top-section elementor-element elementor-element-58949e7 elementor-section-full_width elementor-section-height-default elementor-section-height-default\" data-id=\"58949e7\" data-element_type=\"section\" data-settings=\"{&quot;background_background&quot;:&quot;classic&quot;}\">\n\t\t\t\t\t\t<div class=\"elementor-container elementor-column-gap-default\">\n\t\t\t\t\t\t\t<div class=\"elementor-row\">\n\t\t\t\t\t<div class=\"elementor-column elementor-col-100 elementor-top-column elementor-element elementor-element-a087f41\" data-id=\"a087f41\" data-element_type=\"column\">\n\t\t\t<div class=\"elementor-column-wrap elementor-element-populated\">\n\t\t\t\t\t\t\t<div class=\"elementor-widget-wrap\">\n\t\t\t\t\t\t<section class=\"elementor-section elementor-inner-section elementor-element elementor-element-be47b91 elementor-section-boxed elementor-section-height-default elementor-section-height-default\" data-id=\"be47b91\" data-element_type=\"section\">\n\t\t\t\t\t\t<div class=\"elementor-container elementor-column-gap-custom\">\n\t\t\t\t\t\t\t<div class=\"elementor-row\">\n\t\t\t\t\t<div class=\"elementor-column elementor-col-50 elementor-inner-column elementor-element elementor-element-c8619db\" data-id=\"c8619db\" data-element_type=\"column\">\n\t\t\t<div class=\"elementor-column-wrap elementor-element-populated\">\n\t\t\t\t\t\t\t<div class=\"elementor-widget-wrap\">\n\t\t\t\t\t\t<div class=\"elementor-element elementor-element-e408daa elementor-widget elementor-widget-html\" data-id=\"e408daa\" data-element_type=\"widget\" data-widget_type=\"html.default\">\n\t\t\t\t<div class=\"elementor-widget-container\">\n\t\t\t<div class=\"content-cinta-title-lin-etni\">\n <h1 class=\"h1-cinta-nara-etni\">Priorizaci\u00f3n de temas<\/h1>\n <h3 class=\"h3-cinta-azul-etni\"><\/h3>\n<\/div>\n<style>\n.content-cinta-title-lin-etni {\n    margin: auto;\n    display: grid;\n    justify-items: end;\n}\n.h1-cinta-nara-etni {\n  color: #FB8405;\n  font-family: \"Work Sans\", Sans-serif;\n  font-size: 36px !important;\n  line-height: 35px !important;\n  text-align: right;\n}\n.h3-cinta-azul-etni {\n color: #004884;\n font-family: \"Work Sans\", Sans-serif;\n font-size: 27px !important;\n line-height: 1 !important;\n text-align: right;\n}\n\n@media screen and (min-width:768px) {\n    .h1-cinta-nara-etni {\n        font-size: 30px !important;\n        line-height: 32px !important;\n    }\n    \n    .h3-cinta-azul-etni {\n        font-size: 34px !important;\n    }\n}\n@media screen and (min-width:1024px) {\n    .h1-cinta-nara-etni {\n        font-size: 55px !important;\n        line-height: 50px !important;\n    }\n    \n    .h3-cinta-azul-etni {\n        font-size: 39px !important;\n    }\n}\n<\/style>\t\t<\/div>\n\t\t\t\t<\/div>\n\t\t\t\t\t\t<\/div>\n\t\t\t\t\t<\/div>\n\t\t<\/div>\n\t\t\t\t<div class=\"elementor-column elementor-col-50 elementor-inner-column elementor-element elementor-element-f2aee7c\" data-id=\"f2aee7c\" data-element_type=\"column\">\n\t\t\t<div class=\"elementor-column-wrap elementor-element-populated\">\n\t\t\t\t\t\t\t<div class=\"elementor-widget-wrap\">\n\t\t\t\t\t\t<div class=\"elementor-element elementor-element-cd95c07 elementor-widget elementor-widget-text-editor\" data-id=\"cd95c07\" data-element_type=\"widget\" data-widget_type=\"text-editor.default\">\n\t\t\t\t<div class=\"elementor-widget-container\">\n\t\t\t\t\t\t\t\t<div class=\"elementor-text-editor elementor-clearfix\">\n\t\t\t\t<p>Te invitamos a diligenciar el formulario de\u00a0<strong>priorizaci\u00f3n de temas para la Rendici\u00f3n de Cuentas<\/strong>, donde podr\u00e1s indicar cu\u00e1les son los asuntos que consideras m\u00e1s importantes para abordar en este espacio de di\u00e1logo con las comunidades \u00e9tnicas de Medell\u00edn.<\/p>\t\t\t\t\t<\/div>\n\t\t\t\t\t\t<\/div>\n\t\t\t\t<\/div>\n\t\t\t\t<div class=\"elementor-element elementor-element-49c4973 elementor-tablet-align-left elementor-mobile-align-center elementor-widget elementor-widget-button\" data-id=\"49c4973\" data-element_type=\"widget\" data-widget_type=\"button.default\">\n\t\t\t\t<div class=\"elementor-widget-container\">\n\t\t\t\t\t<div class=\"elementor-button-wrapper\">\n\t\t\t<a href=\"https:\/\/forms.office.com\/pages\/responsepage.aspx?id=iOBInEReDUuToO6yxhJ8PbE0j4iKFyBBiICeOQfGhf1URTZFOUQ1VUlPNTk4R0VERDVSMFQ2UklGRC4u\" target=\"_blank\" class=\"elementor-button-link elementor-button elementor-size-sm\" role=\"button\">\n\t\t\t\t\t\t<span class=\"elementor-button-content-wrapper\">\n\t\t\t\t\t\t<span class=\"elementor-button-text\">Formulario<\/span>\n\t\t<\/span>\n\t\t\t\t\t<\/a>\n\t\t<\/div>\n\t\t\t\t<\/div>\n\t\t\t\t<\/div>\n\t\t\t\t\t\t<\/div>\n\t\t\t\t\t<\/div>\n\t\t<\/div>\n\t\t\t\t\t\t\t\t<\/div>\n\t\t\t\t\t<\/div>\n\t\t<\/section>\n\t\t\t\t\t\t<\/div>\n\t\t\t\t\t<\/div>\n\t\t<\/div>\n\t\t\t\t\t\t\t\t<\/div>\n\t\t\t\t\t<\/div>\n\t\t<\/section>\n\t\t<div class=\"elementor-element elementor-element-07b3b2c e-container--row e-container\" data-id=\"07b3b2c\" data-element_type=\"container\">\t\t<div class=\"elementor-element elementor-element-ff3dc29 e-container--column e-container\" data-id=\"ff3dc29\" data-element_type=\"container\">\t\t\t\t<div class=\"elementor-element elementor-element-3e398d7 elementor-widget elementor-widget-image\" data-id=\"3e398d7\" data-element_type=\"widget\" data-widget_type=\"image.default\">\n\t\t\t\t<div class=\"elementor-widget-container\">\n\t\t\t\t\t\t\t\t<div class=\"elementor-image\">\n\t\t\t\t\t\t\t\t\t\t\t\t<img width=\"1024\" height=\"683\" src=\"https:\/\/www.medellin.gov.co\/es\/wp-content\/uploads\/2026\/03\/Imagen-Rendicion-de-cuentas-Gerencia-Etnica-2-1024x683.jpg\" class=\"attachment-large size-large\" alt=\"\" loading=\"lazy\" srcset=\"https:\/\/www.medellin.gov.co\/es\/wp-content\/uploads\/2026\/03\/Imagen-Rendicion-de-cuentas-Gerencia-Etnica-2-1024x683.jpg 1024w, https:\/\/www.medellin.gov.co\/es\/wp-content\/uploads\/2026\/03\/Imagen-Rendicion-de-cuentas-Gerencia-Etnica-2-300x200.jpg 300w, https:\/\/www.medellin.gov.co\/es\/wp-content\/uploads\/2026\/03\/Imagen-Rendicion-de-cuentas-Gerencia-Etnica-2-150x100.jpg 150w, https:\/\/www.medellin.gov.co\/es\/wp-content\/uploads\/2026\/03\/Imagen-Rendicion-de-cuentas-Gerencia-Etnica-2-768x512.jpg 768w, https:\/\/www.medellin.gov.co\/es\/wp-content\/uploads\/2026\/03\/Imagen-Rendicion-de-cuentas-Gerencia-Etnica-2.jpg 1080w\" sizes=\"(max-width: 1024px) 100vw, 1024px\" \/>\t\t\t\t\t\t\t\t\t\t\t\t\t\t<\/div>\n\t\t\t\t\t\t<\/div>\n\t\t\t\t<\/div>\n\t\t<\/div><div class=\"elementor-element elementor-element-f6b21ee e-container--column e-container\" data-id=\"f6b21ee\" data-element_type=\"container\">\t\t\t\t<div class=\"elementor-element elementor-element-faae7c8 elementor-widget elementor-widget-text-editor\" data-id=\"faae7c8\" data-element_type=\"widget\" data-widget_type=\"text-editor.default\">\n\t\t\t\t<div class=\"elementor-widget-container\">\n\t\t\t\t\t\t\t\t<div class=\"elementor-text-editor elementor-clearfix\">\n\t\t\t\t<p>Desde la Gerencia \u00c9tnica orientamos nuestra gesti\u00f3n a trav\u00e9s de acciones estrat\u00e9gicas que fortalecen la identidad, el desarrollo y la participaci\u00f3n de los pueblos \u00e9tnicos en Medell\u00edn.<\/p><p>Nuestros principales temas son:<\/p><ul><li>Fortalecimiento de la identidad cultural y las lenguas nativas, promoviendo espacios de memoria, reconocimiento y salvaguarda del patrimonio cultural.<\/li><li>Impulso al desarrollo econ\u00f3mico, a trav\u00e9s de ferias, mercados sostenibles y acompa\u00f1amiento a Unidades Productivas \u00e9tnicas.<\/li><li>Empleabilidad y oportunidades laborales, generando conexiones con empresas y promoviendo el acceso digno al trabajo.<\/li><\/ul>\t\t\t\t\t<\/div>\n\t\t\t\t\t\t<\/div>\n\t\t\t\t<\/div>\n\t\t<\/div><\/div><div class=\"elementor-element elementor-element-3a9d345 e-container--row e-container\" data-id=\"3a9d345\" data-element_type=\"container\">\t\t<div class=\"elementor-element elementor-element-522469f e-container--column e-container\" data-id=\"522469f\" data-element_type=\"container\">\t\t\t\t<div class=\"elementor-element elementor-element-233c126 elementor-widget elementor-widget-text-editor\" data-id=\"233c126\" data-element_type=\"widget\" data-widget_type=\"text-editor.default\">\n\t\t\t\t<div class=\"elementor-widget-container\">\n\t\t\t\t\t\t\t\t<div class=\"elementor-text-editor elementor-clearfix\">\n\t\t\t\t<ul><li>Formaci\u00f3n y liderazgo \u00e9tnico, mediante procesos como escuelas de liderazgo y convocatorias para juventudes afrodescendientes e ind\u00edgenas.<\/li><li>Sello \u00c9tnico, como estrategia para promover buenas pr\u00e1cticas institucionales y empresariales que reconozcan y valoren la diversidad \u00e9tnica.<\/li><li>Participaci\u00f3n e incidencia, garantizando espacios de di\u00e1logo donde las comunidades aporten a la construcci\u00f3n de pol\u00edticas p\u00fablicas.<\/li><\/ul>\t\t\t\t\t<\/div>\n\t\t\t\t\t\t<\/div>\n\t\t\t\t<\/div>\n\t\t<\/div><div class=\"elementor-element elementor-element-ee322dc e-container--column e-container\" data-id=\"ee322dc\" data-element_type=\"container\">\t\t\t\t<div class=\"elementor-element elementor-element-0b5d56d elementor-widget elementor-widget-image\" data-id=\"0b5d56d\" data-element_type=\"widget\" data-widget_type=\"image.default\">\n\t\t\t\t<div class=\"elementor-widget-container\">\n\t\t\t\t\t\t\t\t<div class=\"elementor-image\">\n\t\t\t\t\t\t\t\t\t\t\t\t<img width=\"1024\" height=\"683\" src=\"https:\/\/www.medellin.gov.co\/es\/wp-content\/uploads\/2026\/03\/Imagen-Rendicion-de-cuentas-Gerencia-Etnica-2_1-1024x683.jpg\" class=\"attachment-large size-large\" alt=\"Imagen Rendici\u00f3n de cuentas Gerencia \u00c9tnica (2)_1\" loading=\"lazy\" srcset=\"https:\/\/www.medellin.gov.co\/es\/wp-content\/uploads\/2026\/03\/Imagen-Rendicion-de-cuentas-Gerencia-Etnica-2_1-1024x683.jpg 1024w, https:\/\/www.medellin.gov.co\/es\/wp-content\/uploads\/2026\/03\/Imagen-Rendicion-de-cuentas-Gerencia-Etnica-2_1-300x200.jpg 300w, https:\/\/www.medellin.gov.co\/es\/wp-content\/uploads\/2026\/03\/Imagen-Rendicion-de-cuentas-Gerencia-Etnica-2_1-150x100.jpg 150w, https:\/\/www.medellin.gov.co\/es\/wp-content\/uploads\/2026\/03\/Imagen-Rendicion-de-cuentas-Gerencia-Etnica-2_1-768x512.jpg 768w, https:\/\/www.medellin.gov.co\/es\/wp-content\/uploads\/2026\/03\/Imagen-Rendicion-de-cuentas-Gerencia-Etnica-2_1.jpg 1080w\" sizes=\"(max-width: 1024px) 100vw, 1024px\" \/>\t\t\t\t\t\t\t\t\t\t\t\t\t\t<\/div>\n\t\t\t\t\t\t<\/div>\n\t\t\t\t<\/div>\n\t\t<\/div><\/div><div class=\"elementor-element elementor-element-7ae71cc e-container--column e-container\" data-id=\"7ae71cc\" data-element_type=\"container\">\t\t\t\t<div class=\"elementor-element elementor-element-9a3dedd elementor-widget elementor-widget-heading\" data-id=\"9a3dedd\" data-element_type=\"widget\" data-widget_type=\"heading.default\">\n\t\t\t\t<div class=\"elementor-widget-container\">\n\t\t\t<h2 class=\"elementor-heading-title elementor-size-default\"><b>Galer\u00eda Rendici\u00f3n de cuentas Gerencia \u00c9tnica<\/b><\/h2>\t\t<\/div>\n\t\t\t\t<\/div>\n\t\t<\/div><div class=\"elementor-element elementor-element-3c2ae2c e-container--column e-container\" data-id=\"3c2ae2c\" data-element_type=\"container\">\t\t\t\t<div class=\"elementor-element elementor-element-916f294 elementor-widget elementor-widget-spacer\" data-id=\"916f294\" data-element_type=\"widget\" data-widget_type=\"spacer.default\">\n\t\t\t\t<div class=\"elementor-widget-container\">\n\t\t\t\t\t<div class=\"elementor-spacer\">\n\t\t\t<div class=\"elementor-spacer-inner\"><\/div>\n\t\t<\/div>\n\t\t\t\t<\/div>\n\t\t\t\t<\/div>\n\t\t<\/div><div class=\"elementor-element elementor-element-496992c e-container--column e-container\" data-id=\"496992c\" data-element_type=\"container\">\t\t\t\t<div class=\"elementor-element elementor-element-742ed7c elementor-arrows-position-inside elementor-pagination-position-outside elementor-widget elementor-widget-image-carousel\" data-id=\"742ed7c\" data-element_type=\"widget\" data-settings=\"{&quot;navigation&quot;:&quot;both&quot;,&quot;autoplay&quot;:&quot;yes&quot;,&quot;pause_on_hover&quot;:&quot;yes&quot;,&quot;pause_on_interaction&quot;:&quot;yes&quot;,&quot;autoplay_speed&quot;:5000,&quot;infinite&quot;:&quot;yes&quot;,&quot;speed&quot;:500,&quot;image_spacing_custom&quot;:{&quot;unit&quot;:&quot;px&quot;,&quot;size&quot;:20,&quot;sizes&quot;:[]}}\" data-widget_type=\"image-carousel.default\">\n\t\t\t\t<div class=\"elementor-widget-container\">\n\t\t\t\t\t<div class=\"elementor-image-carousel-wrapper swiper-container\" dir=\"ltr\">\n\t\t\t<div class=\"elementor-image-carousel swiper-wrapper\">\n\t\t\t\t\t\t\t\t<div class=\"swiper-slide\"><figure class=\"swiper-slide-inner\"><img class=\"swiper-slide-image\" src=\"https:\/\/www.medellin.gov.co\/es\/wp-content\/uploads\/2026\/03\/Imagen-Rendicion-de-cuentas-Gerencia-Etnica-1_1.jpg\" alt=\"Imagen Rendici\u00f3n de cuentas Gerencia \u00c9tnica (2)_1\" \/><\/figure><\/div><div class=\"swiper-slide\"><figure class=\"swiper-slide-inner\"><img class=\"swiper-slide-image\" src=\"https:\/\/www.medellin.gov.co\/es\/wp-content\/uploads\/2026\/03\/Imagen-Rendicion-de-cuentas-Gerencia-Etnica-3.jpg\" alt=\"Imagen Rendici\u00f3n de cuentas Gerencia \u00c9tnica (2)_1\" \/><\/figure><\/div><div class=\"swiper-slide\"><figure class=\"swiper-slide-inner\"><img class=\"swiper-slide-image\" src=\"https:\/\/www.medellin.gov.co\/es\/wp-content\/uploads\/2026\/03\/Imagen-Rendicion-de-cuentas-Gerencia-Etnica-4.jpg\" alt=\"Imagen Rendici\u00f3n de cuentas Gerencia \u00c9tnica (2)_1\" \/><\/figure><\/div><div class=\"swiper-slide\"><figure class=\"swiper-slide-inner\"><img class=\"swiper-slide-image\" src=\"https:\/\/www.medellin.gov.co\/es\/wp-content\/uploads\/2026\/03\/Imagen-Rendicion-de-cuentas-Gerencia-Etnica-5.jpg\" alt=\"Imagen Rendici\u00f3n de cuentas Gerencia \u00c9tnica (2)_1\" \/><\/figure><\/div><div class=\"swiper-slide\"><figure class=\"swiper-slide-inner\"><img class=\"swiper-slide-image\" src=\"https:\/\/www.medellin.gov.co\/es\/wp-content\/uploads\/2026\/03\/Imagen-Rendicion-de-cuentas-Gerencia-Etnica-2_1.jpg\" alt=\"Imagen Rendici\u00f3n de cuentas Gerencia \u00c9tnica (2)_1\" \/><\/figure><\/div><div class=\"swiper-slide\"><figure class=\"swiper-slide-inner\"><img class=\"swiper-slide-image\" src=\"https:\/\/www.medellin.gov.co\/es\/wp-content\/uploads\/2026\/03\/Imagen-Rendicion-de-cuentas-Gerencia-Etnica-2.jpg\" alt=\"Imagen Rendici\u00f3n de cuentas Gerencia \u00c9tnica (2)\" \/><\/figure><\/div>\t\t\t<\/div>\n\t\t\t\t\t\t\t\t\t\t\t\t<div class=\"swiper-pagination\"><\/div>\n\t\t\t\t\t\t\t\t\t\t\t\t\t<div class=\"elementor-swiper-button elementor-swiper-button-prev\">\n\t\t\t\t\t\t<i aria-hidden=\"true\" class=\"eicon-chevron-left\"><\/i>\t\t\t\t\t\t<span class=\"elementor-screen-only\">Anterior<\/span>\n\t\t\t\t\t<\/div>\n\t\t\t\t\t<div class=\"elementor-swiper-button elementor-swiper-button-next\">\n\t\t\t\t\t\t<i aria-hidden=\"true\" class=\"eicon-chevron-right\"><\/i>\t\t\t\t\t\t<span class=\"elementor-screen-only\">Siguiente<\/span>\n\t\t\t\t\t<\/div>\n\t\t\t\t\t\t\t\t\t<\/div>\n\t\t\t\t<\/div>\n\t\t\t\t<\/div>\n\t\t<\/div>\t\t\t\t\t\t\t<\/div>\n\t\t\t<\/div>\n\t\t\t\t\t<\/div>\n\t\t","protected":false},"excerpt":{"rendered":"<p>Rendici\u00f3n de cuentas Gerencia \u00c9tnica La Rendici\u00f3n de Cuentas de la Gerencia \u00c9tnica es un ejercicio permanente de transparencia, di\u00e1logo y responsabilidad p\u00fablica con los pueblos \u00e9tnicos de Medell\u00edn. Este espacio nos permite compartir de &#8230;<\/p>\n","protected":false},"author":97,"featured_media":0,"parent":21616,"menu_order":0,"comment_status":"closed","ping_status":"closed","template":"sec-etnica\/elementor.php","meta":[],"acf":[],"_links":{"self":[{"href":"https:\/\/www.medellin.gov.co\/es\/wp-json\/wp\/v2\/pages\/508244"}],"collection":[{"href":"https:\/\/www.medellin.gov.co\/es\/wp-json\/wp\/v2\/pages"}],"about":[{"href":"https:\/\/www.medellin.gov.co\/es\/wp-json\/wp\/v2\/types\/page"}],"author":[{"embeddable":true,"href":"https:\/\/www.medellin.gov.co\/es\/wp-json\/wp\/v2\/users\/97"}],"replies":[{"embeddable":true,"href":"https:\/\/www.medellin.gov.co\/es\/wp-json\/wp\/v2\/comments?post=508244"}],"version-history":[{"count":9,"href":"https:\/\/www.medellin.gov.co\/es\/wp-json\/wp\/v2\/pages\/508244\/revisions"}],"predecessor-version":[{"id":508344,"href":"https:\/\/www.medellin.gov.co\/es\/wp-json\/wp\/v2\/pages\/508244\/revisions\/508344"}],"up":[{"embeddable":true,"href":"https:\/\/www.medellin.gov.co\/es\/wp-json\/wp\/v2\/pages\/21616"}],"wp:attachment":[{"href":"https:\/\/www.medellin.gov.co\/es\/wp-json\/wp\/v2\/media?parent=508244"}],"curies":[{"name":"wp","href":"https:\/\/api.w.org\/{rel}","templated":true}]}}