{"id":509584,"date":"2026-03-17T12:19:08","date_gmt":"2026-03-17T17:19:08","guid":{"rendered":"https:\/\/www.medellin.gov.co\/es\/?page_id=509584"},"modified":"2026-03-24T09:30:20","modified_gmt":"2026-03-24T14:30:20","slug":"medellin-digital","status":"publish","type":"page","link":"https:\/\/www.medellin.gov.co\/es\/secretaria-de-innovacion-digital\/medellin-digital\/","title":{"rendered":"Medell\u00edn Digital"},"content":{"rendered":"\t\t<div data-elementor-type=\"wp-page\" data-elementor-id=\"509584\" class=\"elementor elementor-509584\">\n\t\t\t\t\t\t<div class=\"elementor-inner\">\n\t\t\t\t<div class=\"elementor-section-wrap\">\n\t\t\t\t\t\t\t<div class=\"elementor-element elementor-element-764b9df e-container--column e-container\" data-id=\"764b9df\" data-element_type=\"container\">\t\t\t\t<div class=\"elementor-element elementor-element-711065c elementor-widget elementor-widget-heading\" data-id=\"711065c\" data-element_type=\"widget\" data-widget_type=\"heading.default\">\n\t\t\t\t<div class=\"elementor-widget-container\">\n\t\t\t<h1 class=\"elementor-heading-title elementor-size-default\">Medell\u00edn Digital<\/h1>\t\t<\/div>\n\t\t\t\t<\/div>\n\t\t<\/div><div class=\"elementor-element elementor-element-0f3e9c8 e-container--column e-container\" data-id=\"0f3e9c8\" data-element_type=\"container\">\t\t\t\t<div class=\"elementor-element elementor-element-0fe864a elementor-widget elementor-widget-spacer\" data-id=\"0fe864a\" data-element_type=\"widget\" data-widget_type=\"spacer.default\">\n\t\t\t\t<div class=\"elementor-widget-container\">\n\t\t\t\t\t<div class=\"elementor-spacer\">\n\t\t\t<div class=\"elementor-spacer-inner\"><\/div>\n\t\t<\/div>\n\t\t\t\t<\/div>\n\t\t\t\t<\/div>\n\t\t<\/div><div class=\"elementor-element elementor-element-0f7a893 e-container--column e-container\" data-id=\"0f7a893\" data-element_type=\"container\">\t\t\t\t<div class=\"elementor-element elementor-element-6fb4328 elementor-widget elementor-widget-image\" data-id=\"6fb4328\" data-element_type=\"widget\" data-widget_type=\"image.default\">\n\t\t\t\t<div class=\"elementor-widget-container\">\n\t\t\t\t\t\t\t\t<div class=\"elementor-image\">\n\t\t\t\t\t\t\t\t\t\t\t\t<img width=\"2560\" height=\"583\" src=\"https:\/\/www.medellin.gov.co\/es\/wp-content\/uploads\/2026\/03\/BANNER-WEB-SID-04-scaled.jpg\" class=\"attachment-full size-full\" alt=\"BANNER WEB SID-04\" loading=\"lazy\" srcset=\"https:\/\/www.medellin.gov.co\/es\/wp-content\/uploads\/2026\/03\/BANNER-WEB-SID-04-scaled.jpg 2560w, https:\/\/www.medellin.gov.co\/es\/wp-content\/uploads\/2026\/03\/BANNER-WEB-SID-04-300x68.jpg 300w, https:\/\/www.medellin.gov.co\/es\/wp-content\/uploads\/2026\/03\/BANNER-WEB-SID-04-1024x233.jpg 1024w, https:\/\/www.medellin.gov.co\/es\/wp-content\/uploads\/2026\/03\/BANNER-WEB-SID-04-150x34.jpg 150w, https:\/\/www.medellin.gov.co\/es\/wp-content\/uploads\/2026\/03\/BANNER-WEB-SID-04-768x175.jpg 768w, https:\/\/www.medellin.gov.co\/es\/wp-content\/uploads\/2026\/03\/BANNER-WEB-SID-04-1536x350.jpg 1536w, https:\/\/www.medellin.gov.co\/es\/wp-content\/uploads\/2026\/03\/BANNER-WEB-SID-04-2048x466.jpg 2048w\" sizes=\"(max-width: 2560px) 100vw, 2560px\" \/>\t\t\t\t\t\t\t\t\t\t\t\t\t\t<\/div>\n\t\t\t\t\t\t<\/div>\n\t\t\t\t<\/div>\n\t\t<\/div><div class=\"elementor-element elementor-element-b86e899 e-container--column e-container\" data-id=\"b86e899\" data-element_type=\"container\">\t\t\t\t<div class=\"elementor-element elementor-element-da42760 elementor-widget elementor-widget-spacer\" data-id=\"da42760\" data-element_type=\"widget\" data-widget_type=\"spacer.default\">\n\t\t\t\t<div class=\"elementor-widget-container\">\n\t\t\t\t\t<div class=\"elementor-spacer\">\n\t\t\t<div class=\"elementor-spacer-inner\"><\/div>\n\t\t<\/div>\n\t\t\t\t<\/div>\n\t\t\t\t<\/div>\n\t\t<\/div><div class=\"elementor-element elementor-element-5841b5e e-container--column e-container\" data-id=\"5841b5e\" data-element_type=\"container\">\t\t\t\t<div class=\"elementor-element elementor-element-b895f1b elementor-widget elementor-widget-image\" data-id=\"b895f1b\" data-element_type=\"widget\" data-widget_type=\"image.default\">\n\t\t\t\t<div class=\"elementor-widget-container\">\n\t\t\t\t\t\t\t\t<div class=\"elementor-image\">\n\t\t\t\t\t\t\t\t\t\t\t\t<img width=\"1024\" height=\"302\" src=\"https:\/\/www.medellin.gov.co\/es\/wp-content\/uploads\/2026\/03\/Banner-secundario-Medellin-Digital-05-1024x302.jpg\" class=\"attachment-large size-large\" alt=\"\" loading=\"lazy\" srcset=\"https:\/\/www.medellin.gov.co\/es\/wp-content\/uploads\/2026\/03\/Banner-secundario-Medellin-Digital-05-1024x302.jpg 1024w, https:\/\/www.medellin.gov.co\/es\/wp-content\/uploads\/2026\/03\/Banner-secundario-Medellin-Digital-05-300x88.jpg 300w, https:\/\/www.medellin.gov.co\/es\/wp-content\/uploads\/2026\/03\/Banner-secundario-Medellin-Digital-05-150x44.jpg 150w, https:\/\/www.medellin.gov.co\/es\/wp-content\/uploads\/2026\/03\/Banner-secundario-Medellin-Digital-05-768x226.jpg 768w, https:\/\/www.medellin.gov.co\/es\/wp-content\/uploads\/2026\/03\/Banner-secundario-Medellin-Digital-05-1536x452.jpg 1536w, https:\/\/www.medellin.gov.co\/es\/wp-content\/uploads\/2026\/03\/Banner-secundario-Medellin-Digital-05-2048x603.jpg 2048w\" sizes=\"(max-width: 1024px) 100vw, 1024px\" \/>\t\t\t\t\t\t\t\t\t\t\t\t\t\t<\/div>\n\t\t\t\t\t\t<\/div>\n\t\t\t\t<\/div>\n\t\t<\/div><div class=\"elementor-element elementor-element-fe23c12 e-container--column e-container\" data-id=\"fe23c12\" data-element_type=\"container\">\t\t\t\t<div class=\"elementor-element elementor-element-a4a5812 elementor-widget elementor-widget-spacer\" data-id=\"a4a5812\" data-element_type=\"widget\" data-widget_type=\"spacer.default\">\n\t\t\t\t<div class=\"elementor-widget-container\">\n\t\t\t\t\t<div class=\"elementor-spacer\">\n\t\t\t<div class=\"elementor-spacer-inner\"><\/div>\n\t\t<\/div>\n\t\t\t\t<\/div>\n\t\t\t\t<\/div>\n\t\t<\/div><div class=\"elementor-element elementor-element-a7f2e85 e-container--column e-container\" data-id=\"a7f2e85\" data-element_type=\"container\">\t\t\t\t<div class=\"elementor-element elementor-element-d8408f2 elementor-widget elementor-widget-text-editor\" data-id=\"d8408f2\" data-element_type=\"widget\" data-widget_type=\"text-editor.default\">\n\t\t\t\t<div class=\"elementor-widget-container\">\n\t\t\t\t\t\t\t\t<div class=\"elementor-text-editor elementor-clearfix\">\n\t\t\t\t<p style=\"text-align: center;\">Medell\u00edn Digital es la iniciativa del Distrito que promueve y facilita el acceso libre a internet para reducir las brechas digitales y garantizar que m\u00e1s personas puedan conectarse a oportunidades de educaci\u00f3n, trabajo y participaci\u00f3n<\/p>\t\t\t\t\t<\/div>\n\t\t\t\t\t\t<\/div>\n\t\t\t\t<\/div>\n\t\t<\/div><div class=\"elementor-element elementor-element-9f065df e-container--column e-container\" data-id=\"9f065df\" data-element_type=\"container\">\t\t\t\t<div class=\"elementor-element elementor-element-343a80f elementor-widget elementor-widget-spacer\" data-id=\"343a80f\" data-element_type=\"widget\" data-widget_type=\"spacer.default\">\n\t\t\t\t<div class=\"elementor-widget-container\">\n\t\t\t\t\t<div class=\"elementor-spacer\">\n\t\t\t<div class=\"elementor-spacer-inner\"><\/div>\n\t\t<\/div>\n\t\t\t\t<\/div>\n\t\t\t\t<\/div>\n\t\t<\/div><div class=\"elementor-element elementor-element-6b03d7f e-container--row e-container\" data-id=\"6b03d7f\" data-element_type=\"container\">\t\t<div class=\"elementor-element elementor-element-2cbf4e2 e-container--column e-container\" data-id=\"2cbf4e2\" data-element_type=\"container\">\t\t\t\t<div class=\"elementor-element elementor-element-9521f7c elementor-widget elementor-widget-image\" data-id=\"9521f7c\" data-element_type=\"widget\" data-widget_type=\"image.default\">\n\t\t\t\t<div class=\"elementor-widget-container\">\n\t\t\t\t\t\t\t\t<div class=\"elementor-image\">\n\t\t\t\t\t\t\t\t\t\t\t\t<img width=\"1024\" height=\"762\" src=\"https:\/\/www.medellin.gov.co\/es\/wp-content\/uploads\/2026\/03\/Foto-1-Medellin-Digital-05-1024x762.jpg\" class=\"attachment-large size-large\" alt=\"\" loading=\"lazy\" srcset=\"https:\/\/www.medellin.gov.co\/es\/wp-content\/uploads\/2026\/03\/Foto-1-Medellin-Digital-05-1024x762.jpg 1024w, https:\/\/www.medellin.gov.co\/es\/wp-content\/uploads\/2026\/03\/Foto-1-Medellin-Digital-05-300x223.jpg 300w, https:\/\/www.medellin.gov.co\/es\/wp-content\/uploads\/2026\/03\/Foto-1-Medellin-Digital-05-150x112.jpg 150w, https:\/\/www.medellin.gov.co\/es\/wp-content\/uploads\/2026\/03\/Foto-1-Medellin-Digital-05-768x571.jpg 768w, https:\/\/www.medellin.gov.co\/es\/wp-content\/uploads\/2026\/03\/Foto-1-Medellin-Digital-05.jpg 1280w\" sizes=\"(max-width: 1024px) 100vw, 1024px\" \/>\t\t\t\t\t\t\t\t\t\t\t\t\t\t<\/div>\n\t\t\t\t\t\t<\/div>\n\t\t\t\t<\/div>\n\t\t<\/div><div class=\"elementor-element elementor-element-1bb0876 e-container--column e-container\" data-id=\"1bb0876\" data-element_type=\"container\">\t\t\t\t<div class=\"elementor-element elementor-element-16084e4 elementor-widget elementor-widget-text-editor\" data-id=\"16084e4\" data-element_type=\"widget\" data-widget_type=\"text-editor.default\">\n\t\t\t\t<div class=\"elementor-widget-container\">\n\t\t\t\t\t\t\t\t<div class=\"elementor-text-editor elementor-clearfix\">\n\t\t\t\t<p>410 puntos de wifi p\u00fablicos<\/p>\t\t\t\t\t<\/div>\n\t\t\t\t\t\t<\/div>\n\t\t\t\t<\/div>\n\t\t\t\t<div class=\"elementor-element elementor-element-872a675 elementor-widget elementor-widget-text-editor\" data-id=\"872a675\" data-element_type=\"widget\" data-widget_type=\"text-editor.default\">\n\t\t\t\t<div class=\"elementor-widget-container\">\n\t\t\t\t\t\t\t\t<div class=\"elementor-text-editor elementor-clearfix\">\n\t\t\t\t<p>en parques, plazoletas, espacios deportivos y unidades hospitalarias.<\/p>\t\t\t\t\t<\/div>\n\t\t\t\t\t\t<\/div>\n\t\t\t\t<\/div>\n\t\t<\/div><\/div><div class=\"elementor-element elementor-element-867f612 e-container--column e-container\" data-id=\"867f612\" data-element_type=\"container\">\t\t\t\t<div class=\"elementor-element elementor-element-e6d7426 elementor-widget elementor-widget-spacer\" data-id=\"e6d7426\" data-element_type=\"widget\" data-widget_type=\"spacer.default\">\n\t\t\t\t<div class=\"elementor-widget-container\">\n\t\t\t\t\t<div class=\"elementor-spacer\">\n\t\t\t<div class=\"elementor-spacer-inner\"><\/div>\n\t\t<\/div>\n\t\t\t\t<\/div>\n\t\t\t\t<\/div>\n\t\t<\/div>\t\t<section class=\"elementor-section elementor-top-section elementor-element elementor-element-3d99012 elementor-section-full_width elementor-section-height-default elementor-section-height-default\" data-id=\"3d99012\" data-element_type=\"section\" data-settings=\"{&quot;background_background&quot;:&quot;classic&quot;}\">\n\t\t\t\t\t\t<div class=\"elementor-container elementor-column-gap-default\">\n\t\t\t\t\t\t\t<div class=\"elementor-row\">\n\t\t\t\t\t<div class=\"elementor-column elementor-col-100 elementor-top-column elementor-element elementor-element-7e94742\" data-id=\"7e94742\" data-element_type=\"column\">\n\t\t\t<div class=\"elementor-column-wrap elementor-element-populated\">\n\t\t\t\t\t\t\t<div class=\"elementor-widget-wrap\">\n\t\t\t\t\t\t<section class=\"elementor-section elementor-inner-section elementor-element elementor-element-d55f80d elementor-section-boxed elementor-section-height-default elementor-section-height-default\" data-id=\"d55f80d\" data-element_type=\"section\">\n\t\t\t\t\t\t<div class=\"elementor-container elementor-column-gap-custom\">\n\t\t\t\t\t\t\t<div class=\"elementor-row\">\n\t\t\t\t\t<div class=\"elementor-column elementor-col-50 elementor-inner-column elementor-element elementor-element-5daeee1\" data-id=\"5daeee1\" data-element_type=\"column\">\n\t\t\t<div class=\"elementor-column-wrap elementor-element-populated\">\n\t\t\t\t\t\t\t<div class=\"elementor-widget-wrap\">\n\t\t\t\t\t\t<div class=\"elementor-element elementor-element-3465b1a elementor-widget elementor-widget-text-editor\" data-id=\"3465b1a\" data-element_type=\"widget\" data-widget_type=\"text-editor.default\">\n\t\t\t\t<div class=\"elementor-widget-container\">\n\t\t\t\t\t\t\t\t<div class=\"elementor-text-editor elementor-clearfix\">\n\t\t\t\t<h2><span class=\"titulo-banner-linea1\" style=\"text-align: right;\">Red de conectividad <\/span><span class=\"titulo-banner-linea2\" style=\"text-align: right;\">P\u00fablica del Distrito<\/span><\/h2>\t\t\t\t\t<\/div>\n\t\t\t\t\t\t<\/div>\n\t\t\t\t<\/div>\n\t\t\t\t\t\t<\/div>\n\t\t\t\t\t<\/div>\n\t\t<\/div>\n\t\t\t\t<div class=\"elementor-column elementor-col-50 elementor-inner-column elementor-element elementor-element-9bd185b\" data-id=\"9bd185b\" data-element_type=\"column\">\n\t\t\t<div class=\"elementor-column-wrap elementor-element-populated\">\n\t\t\t\t\t\t\t<div class=\"elementor-widget-wrap\">\n\t\t\t\t\t\t<div class=\"elementor-element elementor-element-d5186d2 elementor-widget elementor-widget-text-editor\" data-id=\"d5186d2\" data-element_type=\"widget\" data-widget_type=\"text-editor.default\">\n\t\t\t\t<div class=\"elementor-widget-container\">\n\t\t\t\t\t\t\t\t<div class=\"elementor-text-editor elementor-clearfix\">\n\t\t\t\t<div class=\"elementor-element elementor-element-ccc8a6c elementor-widget elementor-widget-text-editor\" data-id=\"ccc8a6c\" data-element_type=\"widget\" data-widget_type=\"text-editor.default\"><div class=\"elementor-widget-container\"><div class=\"elementor-text-editor elementor-clearfix\"><p>Los puntos est\u00e1n distribuidos en las 16 comunas y cinco corregimientos de Medell\u00edn<\/p><\/div><\/div><\/div>\t\t\t\t\t<\/div>\n\t\t\t\t\t\t<\/div>\n\t\t\t\t<\/div>\n\t\t\t\t<div class=\"elementor-element elementor-element-ecca08a elementor-tablet-align-left elementor-mobile-align-center elementor-widget elementor-widget-button\" data-id=\"ecca08a\" data-element_type=\"widget\" data-widget_type=\"button.default\">\n\t\t\t\t<div class=\"elementor-widget-container\">\n\t\t\t\t\t<div class=\"elementor-button-wrapper\">\n\t\t\t<a class=\"elementor-button elementor-size-sm\" role=\"button\">\n\t\t\t\t\t\t<span class=\"elementor-button-content-wrapper\">\n\t\t\t\t\t\t<span class=\"elementor-button-text\">Consulta el punto m\u00e1s cerca<\/span>\n\t\t<\/span>\n\t\t\t\t\t<\/a>\n\t\t<\/div>\n\t\t\t\t<\/div>\n\t\t\t\t<\/div>\n\t\t\t\t\t\t<\/div>\n\t\t\t\t\t<\/div>\n\t\t<\/div>\n\t\t\t\t\t\t\t\t<\/div>\n\t\t\t\t\t<\/div>\n\t\t<\/section>\n\t\t\t\t\t\t<\/div>\n\t\t\t\t\t<\/div>\n\t\t<\/div>\n\t\t\t\t\t\t\t\t<\/div>\n\t\t\t\t\t<\/div>\n\t\t<\/section>\n\t\t\t\t<section class=\"elementor-section elementor-top-section elementor-element elementor-element-d9eaac4 elementor-section-boxed elementor-section-height-default elementor-section-height-default\" data-id=\"d9eaac4\" data-element_type=\"section\">\n\t\t\t\t\t\t<div class=\"elementor-container elementor-column-gap-default\">\n\t\t\t\t\t\t\t<div class=\"elementor-row\">\n\t\t\t\t\t<div class=\"elementor-column elementor-col-100 elementor-top-column elementor-element elementor-element-c9b627d\" data-id=\"c9b627d\" data-element_type=\"column\">\n\t\t\t<div class=\"elementor-column-wrap elementor-element-populated\">\n\t\t\t\t\t\t\t<div class=\"elementor-widget-wrap\">\n\t\t\t\t\t\t<div class=\"elementor-element elementor-element-0820dfe elementor-widget elementor-widget-heading\" data-id=\"0820dfe\" data-element_type=\"widget\" data-widget_type=\"heading.default\">\n\t\t\t\t<div class=\"elementor-widget-container\">\n\t\t\t<h2 class=\"elementor-heading-title elementor-size-default\"><b>Conectividad <\/b>que transforma vidas<\/h2>\t\t<\/div>\n\t\t\t\t<\/div>\n\t\t\t\t\t\t<\/div>\n\t\t\t\t\t<\/div>\n\t\t<\/div>\n\t\t\t\t\t\t\t\t<\/div>\n\t\t\t\t\t<\/div>\n\t\t<\/section>\n\t\t<div class=\"elementor-element elementor-element-f527ef7 e-container--column e-container\" data-id=\"f527ef7\" data-element_type=\"container\">\t\t\t\t<div class=\"elementor-element elementor-element-2cf9999 elementor-aspect-ratio-169 elementor-widget elementor-widget-video\" data-id=\"2cf9999\" data-element_type=\"widget\" data-settings=\"{&quot;youtube_url&quot;:&quot;https:\\\/\\\/www.youtube.com\\\/watch?v=DRTwBVjbqr4&quot;,&quot;video_type&quot;:&quot;youtube&quot;,&quot;controls&quot;:&quot;yes&quot;,&quot;aspect_ratio&quot;:&quot;169&quot;}\" data-widget_type=\"video.default\">\n\t\t\t\t<div class=\"elementor-widget-container\">\n\t\t\t\t\t<div class=\"elementor-wrapper elementor-fit-aspect-ratio elementor-open-inline\">\n\t\t\t<div class=\"elementor-video\"><\/div>\t\t<\/div>\n\t\t\t\t<\/div>\n\t\t\t\t<\/div>\n\t\t<\/div>\t\t<section class=\"elementor-section elementor-top-section elementor-element elementor-element-ad2e47b elementor-section-boxed elementor-section-height-default elementor-section-height-default\" data-id=\"ad2e47b\" data-element_type=\"section\">\n\t\t\t\t\t\t<div class=\"elementor-container elementor-column-gap-default\">\n\t\t\t\t\t\t\t<div class=\"elementor-row\">\n\t\t\t\t\t<div class=\"elementor-column elementor-col-100 elementor-top-column elementor-element elementor-element-6beb96a\" data-id=\"6beb96a\" data-element_type=\"column\">\n\t\t\t<div class=\"elementor-column-wrap elementor-element-populated\">\n\t\t\t\t\t\t\t<div class=\"elementor-widget-wrap\">\n\t\t\t\t\t\t<div class=\"elementor-element elementor-element-0224696 elementor-widget elementor-widget-heading\" data-id=\"0224696\" data-element_type=\"widget\" data-widget_type=\"heading.default\">\n\t\t\t\t<div class=\"elementor-widget-container\">\n\t\t\t<h2 class=\"elementor-heading-title elementor-size-default\"><b>Accede f\u00e1cil: <\/b>pasos para conectarte \n<\/h2>\t\t<\/div>\n\t\t\t\t<\/div>\n\t\t\t\t\t\t<\/div>\n\t\t\t\t\t<\/div>\n\t\t<\/div>\n\t\t\t\t\t\t\t\t<\/div>\n\t\t\t\t\t<\/div>\n\t\t<\/section>\n\t\t<div class=\"elementor-element elementor-element-e585a55 e-container--column e-container\" data-id=\"e585a55\" data-element_type=\"container\">\t\t\t\t<div class=\"elementor-element elementor-element-3e38fc9 elementor-aspect-ratio-169 elementor-widget elementor-widget-video\" data-id=\"3e38fc9\" data-element_type=\"widget\" data-settings=\"{&quot;youtube_url&quot;:&quot;https:\\\/\\\/www.youtube.com\\\/watch?v=qQqJhBOa0vc&quot;,&quot;video_type&quot;:&quot;youtube&quot;,&quot;controls&quot;:&quot;yes&quot;,&quot;aspect_ratio&quot;:&quot;169&quot;}\" data-widget_type=\"video.default\">\n\t\t\t\t<div class=\"elementor-widget-container\">\n\t\t\t\t\t<div class=\"elementor-wrapper elementor-fit-aspect-ratio elementor-open-inline\">\n\t\t\t<div class=\"elementor-video\"><\/div>\t\t<\/div>\n\t\t\t\t<\/div>\n\t\t\t\t<\/div>\n\t\t<\/div>\t\t<section class=\"elementor-section elementor-top-section elementor-element elementor-element-1a6d15c elementor-section-boxed elementor-section-height-default elementor-section-height-default\" data-id=\"1a6d15c\" data-element_type=\"section\">\n\t\t\t\t\t\t<div class=\"elementor-container elementor-column-gap-default\">\n\t\t\t\t\t\t\t<div class=\"elementor-row\">\n\t\t\t\t\t<div class=\"elementor-column elementor-col-100 elementor-top-column elementor-element elementor-element-223a5d3\" data-id=\"223a5d3\" data-element_type=\"column\">\n\t\t\t<div class=\"elementor-column-wrap elementor-element-populated\">\n\t\t\t\t\t\t\t<div class=\"elementor-widget-wrap\">\n\t\t\t\t\t\t<div class=\"elementor-element elementor-element-73f1d12 elementor-widget elementor-widget-heading\" data-id=\"73f1d12\" data-element_type=\"widget\" data-widget_type=\"heading.default\">\n\t\t\t\t<div class=\"elementor-widget-container\">\n\t\t\t<h2 class=\"elementor-heading-title elementor-size-default\"><b>Tips : <\/b>para navegar de manera segura\n<\/h2>\t\t<\/div>\n\t\t\t\t<\/div>\n\t\t\t\t\t\t<\/div>\n\t\t\t\t\t<\/div>\n\t\t<\/div>\n\t\t\t\t\t\t\t\t<\/div>\n\t\t\t\t\t<\/div>\n\t\t<\/section>\n\t\t<div class=\"elementor-element elementor-element-69cb51d e-container--column e-container\" data-id=\"69cb51d\" data-element_type=\"container\">\t\t\t\t<div class=\"elementor-element elementor-element-6fece66 elementor-aspect-ratio-169 elementor-widget elementor-widget-video\" data-id=\"6fece66\" data-element_type=\"widget\" data-settings=\"{&quot;youtube_url&quot;:&quot;https:\\\/\\\/www.youtube.com\\\/watch?v=-myCqavYXzo&quot;,&quot;video_type&quot;:&quot;youtube&quot;,&quot;controls&quot;:&quot;yes&quot;,&quot;aspect_ratio&quot;:&quot;169&quot;}\" data-widget_type=\"video.default\">\n\t\t\t\t<div class=\"elementor-widget-container\">\n\t\t\t\t\t<div class=\"elementor-wrapper elementor-fit-aspect-ratio elementor-open-inline\">\n\t\t\t<div class=\"elementor-video\"><\/div>\t\t<\/div>\n\t\t\t\t<\/div>\n\t\t\t\t<\/div>\n\t\t<\/div>\t\t\t\t\t\t\t<\/div>\n\t\t\t<\/div>\n\t\t\t\t\t<\/div>\n\t\t","protected":false},"excerpt":{"rendered":"<p>Medell\u00edn Digital Medell\u00edn Digital es la iniciativa del Distrito que promueve y facilita el acceso libre a internet para reducir las brechas digitales y garantizar que m\u00e1s personas puedan conectarse a oportunidades de educaci\u00f3n, trabajo &#8230;<\/p>\n","protected":false},"author":97,"featured_media":0,"parent":20462,"menu_order":0,"comment_status":"closed","ping_status":"closed","template":"sec-innovacion\/elementor.php","meta":[],"acf":[],"_links":{"self":[{"href":"https:\/\/www.medellin.gov.co\/es\/wp-json\/wp\/v2\/pages\/509584"}],"collection":[{"href":"https:\/\/www.medellin.gov.co\/es\/wp-json\/wp\/v2\/pages"}],"about":[{"href":"https:\/\/www.medellin.gov.co\/es\/wp-json\/wp\/v2\/types\/page"}],"author":[{"embeddable":true,"href":"https:\/\/www.medellin.gov.co\/es\/wp-json\/wp\/v2\/users\/97"}],"replies":[{"embeddable":true,"href":"https:\/\/www.medellin.gov.co\/es\/wp-json\/wp\/v2\/comments?post=509584"}],"version-history":[{"count":10,"href":"https:\/\/www.medellin.gov.co\/es\/wp-json\/wp\/v2\/pages\/509584\/revisions"}],"predecessor-version":[{"id":511307,"href":"https:\/\/www.medellin.gov.co\/es\/wp-json\/wp\/v2\/pages\/509584\/revisions\/511307"}],"up":[{"embeddable":true,"href":"https:\/\/www.medellin.gov.co\/es\/wp-json\/wp\/v2\/pages\/20462"}],"wp:attachment":[{"href":"https:\/\/www.medellin.gov.co\/es\/wp-json\/wp\/v2\/media?parent=509584"}],"curies":[{"name":"wp","href":"https:\/\/api.w.org\/{rel}","templated":true}]}}