{"id":514811,"date":"2026-04-07T09:19:56","date_gmt":"2026-04-07T14:19:56","guid":{"rendered":"https:\/\/www.medellin.gov.co\/es\/?page_id=514811"},"modified":"2026-04-08T11:04:47","modified_gmt":"2026-04-08T16:04:47","slug":"linea-amiga","status":"publish","type":"page","link":"https:\/\/www.medellin.gov.co\/es\/secretaria-de-salud\/linea-amiga\/","title":{"rendered":"L\u00ednea Amiga"},"content":{"rendered":"\t\t<div data-elementor-type=\"wp-page\" data-elementor-id=\"514811\" class=\"elementor elementor-514811\">\n\t\t\t\t\t\t<div class=\"elementor-inner\">\n\t\t\t\t<div class=\"elementor-section-wrap\">\n\t\t\t\t\t\t\t<div class=\"elementor-element elementor-element-90dabbe e-container--column e-container\" data-id=\"90dabbe\" data-element_type=\"container\">\t\t\t\t<div class=\"elementor-element elementor-element-446fc92 elementor-widget elementor-widget-heading\" data-id=\"446fc92\" data-element_type=\"widget\" data-widget_type=\"heading.default\">\n\t\t\t\t<div class=\"elementor-widget-container\">\n\t\t\t<h1 class=\"elementor-heading-title elementor-size-default\">L\u00ednea Amiga<\/h1>\t\t<\/div>\n\t\t\t\t<\/div>\n\t\t<\/div><div class=\"elementor-element elementor-element-ab9b670 e-container--column e-container\" data-id=\"ab9b670\" data-element_type=\"container\">\t\t\t\t<div class=\"elementor-element elementor-element-cf7f4e8 elementor-widget elementor-widget-spacer\" data-id=\"cf7f4e8\" data-element_type=\"widget\" data-widget_type=\"spacer.default\">\n\t\t\t\t<div class=\"elementor-widget-container\">\n\t\t\t\t\t<div class=\"elementor-spacer\">\n\t\t\t<div class=\"elementor-spacer-inner\"><\/div>\n\t\t<\/div>\n\t\t\t\t<\/div>\n\t\t\t\t<\/div>\n\t\t<\/div><div class=\"elementor-element elementor-element-9290bf4 e-container--column e-container\" data-id=\"9290bf4\" data-element_type=\"container\">\t\t\t\t<div class=\"elementor-element elementor-element-ddc98b6 elementor-widget elementor-widget-image\" data-id=\"ddc98b6\" data-element_type=\"widget\" data-widget_type=\"image.default\">\n\t\t\t\t<div class=\"elementor-widget-container\">\n\t\t\t\t\t\t\t\t<div class=\"elementor-image\">\n\t\t\t\t\t\t\t\t\t\t\t\t<img width=\"1280\" height=\"295\" src=\"https:\/\/www.medellin.gov.co\/es\/wp-content\/uploads\/2026\/04\/LineaAmiga.jpg\" class=\"attachment-full size-full\" alt=\"\" loading=\"lazy\" srcset=\"https:\/\/www.medellin.gov.co\/es\/wp-content\/uploads\/2026\/04\/LineaAmiga.jpg 1280w, https:\/\/www.medellin.gov.co\/es\/wp-content\/uploads\/2026\/04\/LineaAmiga-300x69.jpg 300w, https:\/\/www.medellin.gov.co\/es\/wp-content\/uploads\/2026\/04\/LineaAmiga-1024x236.jpg 1024w, https:\/\/www.medellin.gov.co\/es\/wp-content\/uploads\/2026\/04\/LineaAmiga-150x35.jpg 150w, https:\/\/www.medellin.gov.co\/es\/wp-content\/uploads\/2026\/04\/LineaAmiga-768x177.jpg 768w\" sizes=\"(max-width: 1280px) 100vw, 1280px\" \/>\t\t\t\t\t\t\t\t\t\t\t\t\t\t<\/div>\n\t\t\t\t\t\t<\/div>\n\t\t\t\t<\/div>\n\t\t<\/div><div class=\"elementor-element elementor-element-66da904 e-container--column e-container\" data-id=\"66da904\" data-element_type=\"container\">\t\t\t\t<div class=\"elementor-element elementor-element-fe2714d elementor-widget elementor-widget-spacer\" data-id=\"fe2714d\" data-element_type=\"widget\" data-widget_type=\"spacer.default\">\n\t\t\t\t<div class=\"elementor-widget-container\">\n\t\t\t\t\t<div class=\"elementor-spacer\">\n\t\t\t<div class=\"elementor-spacer-inner\"><\/div>\n\t\t<\/div>\n\t\t\t\t<\/div>\n\t\t\t\t<\/div>\n\t\t<\/div><div class=\"elementor-element elementor-element-9aac3eb e-container--row e-container\" data-id=\"9aac3eb\" data-element_type=\"container\">\t\t<div class=\"elementor-element elementor-element-2a11678 e-container--column e-container\" data-id=\"2a11678\" data-element_type=\"container\">\t\t\t\t<div class=\"elementor-element elementor-element-f94560a elementor-widget elementor-widget-text-editor\" data-id=\"f94560a\" data-element_type=\"widget\" data-widget_type=\"text-editor.default\">\n\t\t\t\t<div class=\"elementor-widget-container\">\n\t\t\t\t\t\t\t\t<div class=\"elementor-text-editor elementor-clearfix\">\n\t\t\t\t<p align=\"center\"><span style=\"font-size: large; color: #333399;\"><b>\u00bfQuienes somos?<\/b><\/span><\/p><p align=\"center\">\u00a0<\/p><p>La L\u00ednea Amiga surgi\u00f3 como una estrategia integral dise\u00f1ada por la Alcald\u00eda de Medell\u00edn, a trav\u00e9s de la Secretar\u00eda de Salud, mediante la cual se ofrece orientaci\u00f3n psicol\u00f3gica gratuita las 24 horas, los 7 d\u00edas de la semana, para todos los habitantes del Distrito. Los ciudadanos pueden acceder a este servicio llamando al 604 444 44 48 o escribiendo al WhatsApp de FLOR 3016044444, seleccionando la opci\u00f3n \u00abSalud\u00bb.<\/p>\t\t\t\t\t<\/div>\n\t\t\t\t\t\t<\/div>\n\t\t\t\t<\/div>\n\t\t<\/div><div class=\"elementor-element elementor-element-0fcd9ce e-container--column e-container\" data-id=\"0fcd9ce\" data-element_type=\"container\">\t\t\t\t<div class=\"elementor-element elementor-element-9751ce4 elementor-widget elementor-widget-image\" data-id=\"9751ce4\" data-element_type=\"widget\" data-widget_type=\"image.default\">\n\t\t\t\t<div class=\"elementor-widget-container\">\n\t\t\t\t\t\t\t\t<div class=\"elementor-image\">\n\t\t\t\t\t\t\t\t\t\t\t\t<img width=\"1024\" height=\"768\" src=\"https:\/\/www.medellin.gov.co\/es\/wp-content\/uploads\/2026\/03\/lineaamiga_3-1024x768.jpg\" class=\"attachment-large size-large\" alt=\"Imagen L\u00ednea Amiga\" loading=\"lazy\" srcset=\"https:\/\/www.medellin.gov.co\/es\/wp-content\/uploads\/2026\/03\/lineaamiga_3-1024x768.jpg 1024w, https:\/\/www.medellin.gov.co\/es\/wp-content\/uploads\/2026\/03\/lineaamiga_3-300x225.jpg 300w, https:\/\/www.medellin.gov.co\/es\/wp-content\/uploads\/2026\/03\/lineaamiga_3-150x113.jpg 150w, https:\/\/www.medellin.gov.co\/es\/wp-content\/uploads\/2026\/03\/lineaamiga_3-768x576.jpg 768w, https:\/\/www.medellin.gov.co\/es\/wp-content\/uploads\/2026\/03\/lineaamiga_3.jpg 1280w\" sizes=\"(max-width: 1024px) 100vw, 1024px\" \/>\t\t\t\t\t\t\t\t\t\t\t\t\t\t<\/div>\n\t\t\t\t\t\t<\/div>\n\t\t\t\t<\/div>\n\t\t<\/div><\/div><div class=\"elementor-element elementor-element-ffad9ec e-container--row e-container\" data-id=\"ffad9ec\" data-element_type=\"container\">\t\t<div class=\"elementor-element elementor-element-c8994ff e-container--column e-container\" data-id=\"c8994ff\" data-element_type=\"container\">\t\t\t\t<div class=\"elementor-element elementor-element-adfe2a9 elementor-widget elementor-widget-image\" data-id=\"adfe2a9\" data-element_type=\"widget\" data-widget_type=\"image.default\">\n\t\t\t\t<div class=\"elementor-widget-container\">\n\t\t\t\t\t\t\t\t<div class=\"elementor-image\">\n\t\t\t\t\t\t\t\t\t\t\t\t<img width=\"1024\" height=\"682\" src=\"https:\/\/www.medellin.gov.co\/es\/wp-content\/uploads\/2026\/03\/lineaamiga_2-1024x682.jpg\" class=\"attachment-large size-large\" alt=\"Imagen Linea amiga saludable\" loading=\"lazy\" srcset=\"https:\/\/www.medellin.gov.co\/es\/wp-content\/uploads\/2026\/03\/lineaamiga_2-1024x682.jpg 1024w, https:\/\/www.medellin.gov.co\/es\/wp-content\/uploads\/2026\/03\/lineaamiga_2-300x200.jpg 300w, https:\/\/www.medellin.gov.co\/es\/wp-content\/uploads\/2026\/03\/lineaamiga_2-150x100.jpg 150w, https:\/\/www.medellin.gov.co\/es\/wp-content\/uploads\/2026\/03\/lineaamiga_2-768x512.jpg 768w, https:\/\/www.medellin.gov.co\/es\/wp-content\/uploads\/2026\/03\/lineaamiga_2.jpg 1280w\" sizes=\"(max-width: 1024px) 100vw, 1024px\" \/>\t\t\t\t\t\t\t\t\t\t\t\t\t\t<\/div>\n\t\t\t\t\t\t<\/div>\n\t\t\t\t<\/div>\n\t\t<\/div><div class=\"elementor-element elementor-element-a0d2d16 e-container--column e-container\" data-id=\"a0d2d16\" data-element_type=\"container\">\t\t\t\t<div class=\"elementor-element elementor-element-4ea75f5 elementor-widget elementor-widget-text-editor\" data-id=\"4ea75f5\" data-element_type=\"widget\" data-widget_type=\"text-editor.default\">\n\t\t\t\t<div class=\"elementor-widget-container\">\n\t\t\t\t\t\t\t\t<div class=\"elementor-text-editor elementor-clearfix\">\n\t\t\t\t<p><strong>L\u00ednea Amiga Saludable<\/strong><\/p><p>La L\u00ednea Amiga surgi\u00f3 como una estrategia integral dise\u00f1ada por la Alcald\u00eda de Medell\u00edn, a trav\u00e9s de la Secretar\u00eda de Salud, mediante la cual se ofrece orientaci\u00f3n psicol\u00f3gica gratuita las 24 horas, los 7 d\u00edas de la semana, para todos los habitantes del Distrito. Los ciudadanos pueden acceder a este servicio llamando al 604 444 44 48 o escribiendo al WhatsApp de FLOR 3016044444, seleccionando la opci\u00f3n \u00abSalud\u00bb.<\/p><p>Inaugurada en 1998, la L\u00ednea Amiga ha mantenido su operaci\u00f3n ininterrumpida en Medell\u00edn. Aunque en sus inicios se enfoc\u00f3 exclusivamente en la prevenci\u00f3n del consumo de alcohol y sustancias psicoactivas, la necesidad de un mayor impacto social llev\u00f3 a su expansi\u00f3n en 2008. Desde ese a\u00f1o, la Secretar\u00eda de Salud ampli\u00f3 su alcance integrando componentes fundamentales de salud mental, familiar, sexual y reproductiva, consolid\u00e1ndose como un servicio de orientaci\u00f3n integral 24\/7.<\/p>\t\t\t\t\t<\/div>\n\t\t\t\t\t\t<\/div>\n\t\t\t\t<\/div>\n\t\t<\/div><\/div><div class=\"elementor-element elementor-element-e97ed7f e-container--row e-container\" data-id=\"e97ed7f\" data-element_type=\"container\">\t\t<div class=\"elementor-element elementor-element-acc723a e-container--column e-container\" data-id=\"acc723a\" data-element_type=\"container\">\t\t\t\t<div class=\"elementor-element elementor-element-36f1f50 elementor-widget elementor-widget-text-editor\" data-id=\"36f1f50\" data-element_type=\"widget\" data-widget_type=\"text-editor.default\">\n\t\t\t\t<div class=\"elementor-widget-container\">\n\t\t\t\t\t\t\t\t<div class=\"elementor-text-editor elementor-clearfix\">\n\t\t\t\t<p>M\u00e1s tarde, y a ra\u00edz de la llegada del COVID-19 en marzo de 2020, Medell\u00edn experiment\u00f3 un incremento significativo en las afectaciones de salud mental. Ante este panorama, durante el primer cuatrimestre de 2021 la L\u00ednea Amiga prioriz\u00f3 sus recursos en brindar orientaci\u00f3n y acompa\u00f1amiento psicol\u00f3gico exclusivo. Por tal motivo, las consultas relacionadas con salud sexual, familiar y farmacodependencia fueron derivadas temporalmente a rutas de apoyo especializadas, garantizando as\u00ed una respuesta \u00e1gil a la creciente demanda emocional de la ciudad.<\/p><p>Entre el 18 de abril de 2020 y el 5 de abril de 2021, la l\u00ednea recibi\u00f3 7.517 llamadas que fueron efectivamente atendidas y derivadas, en los casos que as\u00ed lo requirieron, a otras rutas de apoyo presentes en la ciudad, como el C\u00f3digo Dorado y los Escuchaderos, nuevas estrategias en salud mental de la Alcald\u00eda de Medell\u00edn que funcionan de manera articulada con la L\u00ednea Amiga Saludable.<\/p>\t\t\t\t\t<\/div>\n\t\t\t\t\t\t<\/div>\n\t\t\t\t<\/div>\n\t\t<\/div><div class=\"elementor-element elementor-element-9a4dda9 e-container--column e-container\" data-id=\"9a4dda9\" data-element_type=\"container\">\t\t\t\t<div class=\"elementor-element elementor-element-4bdbafa elementor-widget elementor-widget-image\" data-id=\"4bdbafa\" data-element_type=\"widget\" data-widget_type=\"image.default\">\n\t\t\t\t<div class=\"elementor-widget-container\">\n\t\t\t\t\t\t\t\t<div class=\"elementor-image\">\n\t\t\t\t\t\t\t\t\t\t\t\t<img width=\"1024\" height=\"683\" src=\"https:\/\/www.medellin.gov.co\/es\/wp-content\/uploads\/2023\/11\/linea-amiga-1-e1775571503890-1024x683.jpg\" class=\"attachment-large size-large\" alt=\"L\u00ednea Amiga 106\" loading=\"lazy\" srcset=\"https:\/\/www.medellin.gov.co\/es\/wp-content\/uploads\/2023\/11\/linea-amiga-1-e1775571503890-1024x683.jpg 1024w, https:\/\/www.medellin.gov.co\/es\/wp-content\/uploads\/2023\/11\/linea-amiga-1-e1775571503890-300x200.jpg 300w, https:\/\/www.medellin.gov.co\/es\/wp-content\/uploads\/2023\/11\/linea-amiga-1-e1775571503890-150x100.jpg 150w, https:\/\/www.medellin.gov.co\/es\/wp-content\/uploads\/2023\/11\/linea-amiga-1-e1775571503890-768x512.jpg 768w, https:\/\/www.medellin.gov.co\/es\/wp-content\/uploads\/2023\/11\/linea-amiga-1-e1775571503890.jpg 1200w\" sizes=\"(max-width: 1024px) 100vw, 1024px\" \/>\t\t\t\t\t\t\t\t\t\t\t\t\t\t<\/div>\n\t\t\t\t\t\t<\/div>\n\t\t\t\t<\/div>\n\t\t<\/div><\/div><div class=\"elementor-element elementor-element-4c3e9c4 e-container--column e-container\" data-id=\"4c3e9c4\" data-element_type=\"container\">\t\t\t\t<div class=\"elementor-element elementor-element-fc9ff68 elementor-widget elementor-widget-text-editor\" data-id=\"fc9ff68\" data-element_type=\"widget\" data-widget_type=\"text-editor.default\">\n\t\t\t\t<div class=\"elementor-widget-container\">\n\t\t\t\t\t\t\t\t<div class=\"elementor-text-editor elementor-clearfix\">\n\t\t\t\t<p>Para el a\u00f1o 2025, la L\u00ednea Amiga ha consolidado su especializaci\u00f3n en la atenci\u00f3n prioritaria de la salud mental. Para ello, y buscando facilitar el acceso para los usuarios, se han habilitado nuevos canales de comunicaci\u00f3n como el WhatsApp de FLOR, una herramienta integral donde la ciudadan\u00eda puede consultar sobre todas las dependencias municipales. Dentro de este chat, la opci\u00f3n \u00abSalud\u00bb act\u00faa como un puente directo, derivando los casos que requieren intervenci\u00f3n especializada hacia la l\u00ednea telef\u00f3nica. Con un promedio superior a las 1.100 llamadas mensuales, el servicio se fundamenta en la escucha activa bajo el lema: \u00abUna conversaci\u00f3n puede salvar una vida\u00bb, reafirmando su compromiso de estar disponible para todos en cualquier momento.<\/p><p>Al contactar la l\u00ednea, un T\u00e9cnico en Atenci\u00f3n Prehospitalaria (TAPH) atender\u00e1 su llamada o mensaje para realizar la recepci\u00f3n inicial. De inmediato ser\u00e1 derivado a un profesional en psicolog\u00eda, quien le brindar\u00e1 la escucha activa y la orientaci\u00f3n necesaria seg\u00fan su situaci\u00f3n particular.<strong>\u00a0<\/strong><\/p>\t\t\t\t\t<\/div>\n\t\t\t\t\t\t<\/div>\n\t\t\t\t<\/div>\n\t\t<\/div>\t\t<section class=\"elementor-section elementor-top-section elementor-element elementor-element-6ba215c elementor-section-boxed elementor-section-height-default elementor-section-height-default\" data-id=\"6ba215c\" data-element_type=\"section\">\n\t\t\t\t\t\t<div class=\"elementor-container elementor-column-gap-default\">\n\t\t\t\t\t\t\t<div class=\"elementor-row\">\n\t\t\t\t\t<div class=\"elementor-column elementor-col-100 elementor-top-column elementor-element elementor-element-e377246\" data-id=\"e377246\" data-element_type=\"column\">\n\t\t\t<div class=\"elementor-column-wrap elementor-element-populated\">\n\t\t\t\t\t\t\t<div class=\"elementor-widget-wrap\">\n\t\t\t\t\t\t<div class=\"elementor-element elementor-element-c506aae elementor-widget elementor-widget-heading\" data-id=\"c506aae\" data-element_type=\"widget\" data-widget_type=\"heading.default\">\n\t\t\t\t<div class=\"elementor-widget-container\">\n\t\t\t<h2 class=\"elementor-heading-title elementor-size-default\"><b>Escuchaderos<\/b><\/h2>\t\t<\/div>\n\t\t\t\t<\/div>\n\t\t\t\t\t\t<\/div>\n\t\t\t\t\t<\/div>\n\t\t<\/div>\n\t\t\t\t\t\t\t\t<\/div>\n\t\t\t\t\t<\/div>\n\t\t<\/section>\n\t\t<div class=\"elementor-element elementor-element-2be4f20 e-container--row e-container\" data-id=\"2be4f20\" data-element_type=\"container\">\t\t<div class=\"elementor-element elementor-element-0822ece e-container--column e-container\" data-id=\"0822ece\" data-element_type=\"container\">\t\t\t\t<div class=\"elementor-element elementor-element-31f9dc4 elementor-widget elementor-widget-image\" data-id=\"31f9dc4\" data-element_type=\"widget\" data-widget_type=\"image.default\">\n\t\t\t\t<div class=\"elementor-widget-container\">\n\t\t\t\t\t\t\t\t<div class=\"elementor-image\">\n\t\t\t\t\t\t\t\t\t\t\t\t<img width=\"1024\" height=\"768\" src=\"https:\/\/www.medellin.gov.co\/es\/wp-content\/uploads\/2025\/12\/Imagen-Los-Escuchaderos-bienestar-emocional-y-salud-mental-2-1024x768.jpg\" class=\"attachment-large size-large\" alt=\"Imagen Los Escuchaderos bienestar emocional y salud mental (2)\" loading=\"lazy\" srcset=\"https:\/\/www.medellin.gov.co\/es\/wp-content\/uploads\/2025\/12\/Imagen-Los-Escuchaderos-bienestar-emocional-y-salud-mental-2-1024x768.jpg 1024w, https:\/\/www.medellin.gov.co\/es\/wp-content\/uploads\/2025\/12\/Imagen-Los-Escuchaderos-bienestar-emocional-y-salud-mental-2-300x225.jpg 300w, https:\/\/www.medellin.gov.co\/es\/wp-content\/uploads\/2025\/12\/Imagen-Los-Escuchaderos-bienestar-emocional-y-salud-mental-2-150x113.jpg 150w, https:\/\/www.medellin.gov.co\/es\/wp-content\/uploads\/2025\/12\/Imagen-Los-Escuchaderos-bienestar-emocional-y-salud-mental-2-768x576.jpg 768w, https:\/\/www.medellin.gov.co\/es\/wp-content\/uploads\/2025\/12\/Imagen-Los-Escuchaderos-bienestar-emocional-y-salud-mental-2.jpg 1280w\" sizes=\"(max-width: 1024px) 100vw, 1024px\" \/>\t\t\t\t\t\t\t\t\t\t\t\t\t\t<\/div>\n\t\t\t\t\t\t<\/div>\n\t\t\t\t<\/div>\n\t\t<\/div><div class=\"elementor-element elementor-element-8037b8a e-container--column e-container\" data-id=\"8037b8a\" data-element_type=\"container\">\t\t\t\t<div class=\"elementor-element elementor-element-380e6ac elementor-widget elementor-widget-text-editor\" data-id=\"380e6ac\" data-element_type=\"widget\" data-widget_type=\"text-editor.default\">\n\t\t\t\t<div class=\"elementor-widget-container\">\n\t\t\t\t\t\t\t\t<div class=\"elementor-text-editor elementor-clearfix\">\n\t\t\t\t<p>Los Escuchaderos del Distrito son espacios abiertos a la comunidad donde profesionales en psicolog\u00eda brindan escucha activa, orientaci\u00f3n y acompa\u00f1amiento en temas de salud mental.<\/p><p>Cualquier persona puede acercarse sin cita previa y sin costo, para conversar sobre situaciones que afectan su bienestar emocional y recibir orientaci\u00f3n o informaci\u00f3n sobre las rutas de apoyo disponibles en la ciudad.<\/p><p>Esta estrategia del Distrito de Medell\u00edn busca promover el cuidado de la salud mental, fortalecer el bienestar de la comunidad y ofrecer espacios seguros de escucha y acompa\u00f1amiento en diferentes sectores del territorio.<\/p><p>Los Escuchaderos se encuentran ubicados en distintas comunas y corregimientos de Medell\u00edn, facilitando el acceso de la ciudadan\u00eda a estos espacios de orientaci\u00f3n y apoyo.<\/p>\t\t\t\t\t<\/div>\n\t\t\t\t\t\t<\/div>\n\t\t\t\t<\/div>\n\t\t<\/div><\/div><div class=\"elementor-element elementor-element-246eae4 e-container--column e-container\" data-id=\"246eae4\" data-element_type=\"container\">\t\t\t\t<div class=\"elementor-element elementor-element-95e7c47 elementor-widget elementor-widget-spacer\" data-id=\"95e7c47\" data-element_type=\"widget\" data-widget_type=\"spacer.default\">\n\t\t\t\t<div class=\"elementor-widget-container\">\n\t\t\t\t\t<div class=\"elementor-spacer\">\n\t\t\t<div class=\"elementor-spacer-inner\"><\/div>\n\t\t<\/div>\n\t\t\t\t<\/div>\n\t\t\t\t<\/div>\n\t\t<\/div><div class=\"elementor-element elementor-element-691f5cb e-container--column e-container\" data-id=\"691f5cb\" data-element_type=\"container\">\t\t\t\t<div class=\"elementor-element elementor-element-4db3dbe elementor-widget elementor-widget-text-editor\" data-id=\"4db3dbe\" data-element_type=\"widget\" data-widget_type=\"text-editor.default\">\n\t\t\t\t<div class=\"elementor-widget-container\">\n\t\t\t\t\t\t\t\t<div class=\"elementor-text-editor elementor-clearfix\">\n\t\t\t\t<p><strong>Conoce la ubicaci\u00f3n y horarios actualizados de los Escuchaderos del Distrito<\/strong><\/p>\t\t\t\t\t<\/div>\n\t\t\t\t\t\t<\/div>\n\t\t\t\t<\/div>\n\t\t<\/div><div class=\"elementor-element elementor-element-816c8c4 e-container--column e-container\" data-id=\"816c8c4\" data-element_type=\"container\">\t\t\t\t<div class=\"elementor-element elementor-element-16411af elementor-widget elementor-widget-spacer\" data-id=\"16411af\" data-element_type=\"widget\" data-widget_type=\"spacer.default\">\n\t\t\t\t<div class=\"elementor-widget-container\">\n\t\t\t\t\t<div class=\"elementor-spacer\">\n\t\t\t<div class=\"elementor-spacer-inner\"><\/div>\n\t\t<\/div>\n\t\t\t\t<\/div>\n\t\t\t\t<\/div>\n\t\t<\/div><div class=\"elementor-element elementor-element-653a2b6 e-container--column e-container\" data-id=\"653a2b6\" data-element_type=\"container\">\t\t\t\t<div class=\"elementor-element elementor-element-bf53b7e elementor-widget elementor-widget-html\" data-id=\"bf53b7e\" data-element_type=\"widget\" data-widget_type=\"html.default\">\n\t\t\t\t<div class=\"elementor-widget-container\">\n\t\t\t<div class=\"container-wrapper-genially\" style=\"position: relative; min-height: 400px; max-width: 100%;\"><video class=\"loader-genially\" autoplay=\"autoplay\" loop=\"loop\" playsinline=\"playsInline\" muted=\"muted\" style=\"position: absolute;top: 45%;left: 50%;transform: translate(-50%, -50%);width: 80px;height: 80px;margin-bottom: 10%\"><source src=\"https:\/\/static.genially.com\/resources\/loader-default-rebranding.mp4\" type=\"video\/mp4\" \/>Your browser does not support the video tag.<\/video><div id=\"67c5cbd87cd9332ea94e57ce\" class=\"genially-embed\" style=\"margin: 0px auto; position: relative; height: auto; width: 100%;\"><\/div><\/div><script>(function (d) { var js, id = \"genially-embed-js\", ref = d.getElementsByTagName(\"script\")[0]; if (d.getElementById(id)) { return; } js = d.createElement(\"script\"); js.id = id; js.async = true; js.src = \"https:\/\/view.genially.com\/static\/embed\/embed.js\"; ref.parentNode.insertBefore(js, ref); }(document));<\/script>\t\t<\/div>\n\t\t\t\t<\/div>\n\t\t<\/div><div class=\"elementor-element elementor-element-a6c79df e-container--column e-container\" data-id=\"a6c79df\" data-element_type=\"container\">\t\t\t\t<div class=\"elementor-element elementor-element-facd0ee elementor-widget elementor-widget-spacer\" data-id=\"facd0ee\" data-element_type=\"widget\" data-widget_type=\"spacer.default\">\n\t\t\t\t<div class=\"elementor-widget-container\">\n\t\t\t\t\t<div class=\"elementor-spacer\">\n\t\t\t<div class=\"elementor-spacer-inner\"><\/div>\n\t\t<\/div>\n\t\t\t\t<\/div>\n\t\t\t\t<\/div>\n\t\t<\/div><div class=\"elementor-element elementor-element-9cb4ee1 e-container--column e-container\" data-id=\"9cb4ee1\" data-element_type=\"container\">\t\t\t\t<div class=\"elementor-element elementor-element-01799a4 elementor-widget elementor-widget-text-editor\" data-id=\"01799a4\" data-element_type=\"widget\" data-widget_type=\"text-editor.default\">\n\t\t\t\t<div class=\"elementor-widget-container\">\n\t\t\t\t\t\t\t\t<div class=\"elementor-text-editor elementor-clearfix\">\n\t\t\t\t<p>Tambi\u00e9n puedes recibir orientaci\u00f3n en salud mental las 24 horas del d\u00eda, los 7 d\u00edas de la semana, a trav\u00e9s de la L\u00ednea Amiga 106, el WhatsApp 301 604 4444 (opci\u00f3n Salud) o la l\u00ednea fija (604) 444 44 48.<\/p>\t\t\t\t\t<\/div>\n\t\t\t\t\t\t<\/div>\n\t\t\t\t<\/div>\n\t\t<\/div>\t\t\t\t\t\t\t<\/div>\n\t\t\t<\/div>\n\t\t\t\t\t<\/div>\n\t\t","protected":false},"excerpt":{"rendered":"<p>L\u00ednea Amiga \u00bfQuienes somos? La L\u00ednea Amiga surgi\u00f3 como una estrategia integral dise\u00f1ada por la Alcald\u00eda de Medell\u00edn, a trav\u00e9s de la Secretar\u00eda de Salud, mediante la cual se ofrece orientaci\u00f3n psicol\u00f3gica gratuita las 24 &#8230;<\/p>\n","protected":false},"author":97,"featured_media":0,"parent":17118,"menu_order":0,"comment_status":"closed","ping_status":"closed","template":"sec-salud\/elementor.php","meta":[],"acf":[],"_links":{"self":[{"href":"https:\/\/www.medellin.gov.co\/es\/wp-json\/wp\/v2\/pages\/514811"}],"collection":[{"href":"https:\/\/www.medellin.gov.co\/es\/wp-json\/wp\/v2\/pages"}],"about":[{"href":"https:\/\/www.medellin.gov.co\/es\/wp-json\/wp\/v2\/types\/page"}],"author":[{"embeddable":true,"href":"https:\/\/www.medellin.gov.co\/es\/wp-json\/wp\/v2\/users\/97"}],"replies":[{"embeddable":true,"href":"https:\/\/www.medellin.gov.co\/es\/wp-json\/wp\/v2\/comments?post=514811"}],"version-history":[{"count":10,"href":"https:\/\/www.medellin.gov.co\/es\/wp-json\/wp\/v2\/pages\/514811\/revisions"}],"predecessor-version":[{"id":515370,"href":"https:\/\/www.medellin.gov.co\/es\/wp-json\/wp\/v2\/pages\/514811\/revisions\/515370"}],"up":[{"embeddable":true,"href":"https:\/\/www.medellin.gov.co\/es\/wp-json\/wp\/v2\/pages\/17118"}],"wp:attachment":[{"href":"https:\/\/www.medellin.gov.co\/es\/wp-json\/wp\/v2\/media?parent=514811"}],"curies":[{"name":"wp","href":"https:\/\/api.w.org\/{rel}","templated":true}]}}